{"id":275470,"date":"2025-04-30T00:55:54","date_gmt":"2025-04-29T22:55:54","guid":{"rendered":"https:\/\/shopatoa.com\/ro\/armaf-club-de-nuit-blue-iconic-deoodorant-solid-75-g\/"},"modified":"2025-12-15T06:43:01","modified_gmt":"2025-12-15T05:43:01","slug":"armaf-club-de-nuit-blue-iconic-deoodorant-solid-75-g","status":"publish","type":"product","link":"https:\/\/shopatoa.com\/ro\/armaf-club-de-nuit-blue-iconic-deoodorant-solid-75-g\/","title":{"rendered":"Armaf Club De Nuit Blue Iconic &#8211; deoodorant solid 75 g"},"content":{"rendered":"<p>Deodorantul solid Club de Nuit Blue Iconic de la marca Armaf este inspirat de parfumul foug\u00e8re omonim cu miros de chihlimbar-lemn pentru b\u0103rba\u021bi. Compozi\u021bia se deschide cu un amestec spumant \u0219i picant de grapefruit, l\u0103m\u00e2ie, ment\u0103, piper roz \u0219i coriandru. Inima ofer\u0103 o not\u0103 suculent\u0103 \u0219i fructoas\u0103 de pepene galben combinat\u0103 cu ghimbir, iasomie \u0219i nuc\u0219oar\u0103, toate a\u0219ezate pe un pat lemnos \u0219i r\u0103\u0219inos de cedru, lemn de santal, paciuli, note lemnoase, labdan, chihlimbar \u0219i t\u0103m\u00e2ie. Deodorantul Solid nu numai c\u0103 v\u0103 va oferi un miros atractiv, ci \u0219i o protec\u021bie de lung\u0103 durat\u0103 \u00eempotriva transpira\u021biei.<\/p>\n","protected":false},"excerpt":{"rendered":"<p>Deodorantul solid Club de Nuit Blue Iconic de la marca Armaf este inspirat de parfumul foug\u00e8re omonim cu miros de chihlimbar-lemn pentru b\u0103rba\u021bi. Compozi\u021bia se deschide cu un amestec spumant \u0219i picant de grapefruit, l\u0103m\u00e2ie, ment\u0103, piper roz \u0219i coriandru. Inima ofer\u0103 o not\u0103 suculent\u0103 \u0219i fructoas\u0103 de pepene galben combinat\u0103 cu ghimbir, iasomie \u0219i&#8230;<\/p>\n","protected":false},"featured_media":275471,"comment_status":"closed","ping_status":"open","template":"","meta":{"_acf_changed":false,"_kadence_starter_templates_imported_post":false,"_kad_post_transparent":"","_kad_post_title":"","_kad_post_layout":"","_kad_post_sidebar_id":"","_kad_post_content_style":"","_kad_post_vertical_padding":"","_kad_post_feature":"","_kad_post_feature_position":"","_kad_post_header":false,"_kad_post_footer":false,"_kad_post_classname":""},"product_brand":[327],"product_cat":[646,246,611],"product_tag":[],"class_list":{"0":"post-275470","1":"product","2":"type-product","3":"status-publish","4":"has-post-thumbnail","6":"product_brand-armaf","7":"product_cat-antiperspirante-si-deodorante","8":"product_cat-cosmetice","9":"product_cat-produse-cosmetice-pentru-corp","11":"first","12":"instock","13":"product-type-external","14":"entry","15":"content-bg","16":"loop-entry"},"acf":[],"yoast_head":"<!-- This site is optimized with the Yoast SEO plugin v27.3 - https:\/\/yoast.com\/product\/yoast-seo-wordpress\/ -->\n<title>Armaf Club De Nuit Blue Iconic - deoodorant solid 75 g - SHOPATOA.COM<\/title>\n<meta name=\"robots\" content=\"index, follow, max-snippet:-1, max-image-preview:large, max-video-preview:-1\" \/>\n<link rel=\"canonical\" href=\"https:\/\/shopatoa.com\/ro\/armaf-club-de-nuit-blue-iconic-deoodorant-solid-75-g\/\" \/>\n<meta property=\"og:locale\" content=\"ro_RO\" \/>\n<meta property=\"og:type\" content=\"article\" \/>\n<meta property=\"og:title\" content=\"Armaf Club De Nuit Blue Iconic - deoodorant solid 75 g - SHOPATOA.COM\" \/>\n<meta property=\"og:description\" content=\"Deodorantul solid Club de Nuit Blue Iconic de la marca Armaf este inspirat de parfumul foug\u00e8re omonim cu miros de chihlimbar-lemn pentru b\u0103rba\u021bi. Compozi\u021bia se deschide cu un amestec spumant \u0219i picant de grapefruit, l\u0103m\u00e2ie, ment\u0103, piper roz \u0219i coriandru. Inima ofer\u0103 o not\u0103 suculent\u0103 \u0219i fructoas\u0103 de pepene galben combinat\u0103 cu ghimbir, iasomie \u0219i...\" \/>\n<meta property=\"og:url\" content=\"https:\/\/shopatoa.com\/ro\/armaf-club-de-nuit-blue-iconic-deoodorant-solid-75-g\/\" \/>\n<meta property=\"og:site_name\" content=\"SHOPATOA\" \/>\n<meta property=\"article:modified_time\" content=\"2025-12-15T05:43:01+00:00\" \/>\n<meta property=\"og:image\" content=\"https:\/\/storage.googleapis.com\/cz-shopatoa-img\/ro\/c6b14395-unnamed-file.webp\" \/>\n\t<meta property=\"og:image:width\" content=\"800\" \/>\n\t<meta property=\"og:image:height\" content=\"800\" \/>\n\t<meta property=\"og:image:type\" content=\"image\/webp\" \/>\n<meta name=\"twitter:card\" content=\"summary_large_image\" \/>\n<meta name=\"twitter:label1\" content=\"Timp estimat pentru citire\" \/>\n\t<meta name=\"twitter:data1\" content=\"1 minut\" \/>\n<script type=\"application\/ld+json\" class=\"yoast-schema-graph\">{\"@context\":\"https:\\\/\\\/schema.org\",\"@graph\":[{\"@type\":\"WebPage\",\"@id\":\"https:\\\/\\\/shopatoa.com\\\/ro\\\/armaf-club-de-nuit-blue-iconic-deoodorant-solid-75-g\\\/\",\"url\":\"https:\\\/\\\/shopatoa.com\\\/ro\\\/armaf-club-de-nuit-blue-iconic-deoodorant-solid-75-g\\\/\",\"name\":\"Armaf Club De Nuit Blue Iconic - deoodorant solid 75 g - SHOPATOA.COM\",\"isPartOf\":{\"@id\":\"https:\\\/\\\/shopatoa.com\\\/ro\\\/#website\"},\"primaryImageOfPage\":{\"@id\":\"https:\\\/\\\/shopatoa.com\\\/ro\\\/armaf-club-de-nuit-blue-iconic-deoodorant-solid-75-g\\\/#primaryimage\"},\"image\":{\"@id\":\"https:\\\/\\\/shopatoa.com\\\/ro\\\/armaf-club-de-nuit-blue-iconic-deoodorant-solid-75-g\\\/#primaryimage\"},\"thumbnailUrl\":\"https:\\\/\\\/storage.googleapis.com\\\/cz-shopatoa-img\\\/ro\\\/c6b14395-unnamed-file.webp\",\"datePublished\":\"2025-04-29T22:55:54+00:00\",\"dateModified\":\"2025-12-15T05:43:01+00:00\",\"breadcrumb\":{\"@id\":\"https:\\\/\\\/shopatoa.com\\\/ro\\\/armaf-club-de-nuit-blue-iconic-deoodorant-solid-75-g\\\/#breadcrumb\"},\"inLanguage\":\"ro-RO\",\"potentialAction\":[{\"@type\":\"ReadAction\",\"target\":[\"https:\\\/\\\/shopatoa.com\\\/ro\\\/armaf-club-de-nuit-blue-iconic-deoodorant-solid-75-g\\\/\"]}]},{\"@type\":\"ImageObject\",\"inLanguage\":\"ro-RO\",\"@id\":\"https:\\\/\\\/shopatoa.com\\\/ro\\\/armaf-club-de-nuit-blue-iconic-deoodorant-solid-75-g\\\/#primaryimage\",\"url\":\"https:\\\/\\\/storage.googleapis.com\\\/cz-shopatoa-img\\\/ro\\\/c6b14395-unnamed-file.webp\",\"contentUrl\":\"https:\\\/\\\/storage.googleapis.com\\\/cz-shopatoa-img\\\/ro\\\/c6b14395-unnamed-file.webp\",\"width\":800,\"height\":800},{\"@type\":\"BreadcrumbList\",\"@id\":\"https:\\\/\\\/shopatoa.com\\\/ro\\\/armaf-club-de-nuit-blue-iconic-deoodorant-solid-75-g\\\/#breadcrumb\",\"itemListElement\":[{\"@type\":\"ListItem\",\"position\":1,\"name\":\"Dom\u016f\",\"item\":\"https:\\\/\\\/shopatoa.com\\\/ro\\\/\"},{\"@type\":\"ListItem\",\"position\":2,\"name\":\"Shop\",\"item\":\"https:\\\/\\\/shopatoa.com\\\/ro\\\/shop\\\/\"},{\"@type\":\"ListItem\",\"position\":3,\"name\":\"Cosmetice\",\"item\":\"https:\\\/\\\/shopatoa.com\\\/ro\\\/cosmetice\\\/\"},{\"@type\":\"ListItem\",\"position\":4,\"name\":\"Produse cosmetice pentru corp\",\"item\":\"https:\\\/\\\/shopatoa.com\\\/ro\\\/produse-cosmetice-pentru-corp\\\/\"},{\"@type\":\"ListItem\",\"position\":5,\"name\":\"Antiperspirante si deodorante\",\"item\":\"https:\\\/\\\/shopatoa.com\\\/ro\\\/antiperspirante-si-deodorante\\\/\"},{\"@type\":\"ListItem\",\"position\":6,\"name\":\"Armaf Club De Nuit Blue Iconic &#8211; deoodorant solid 75 g\"}]},{\"@type\":\"WebSite\",\"@id\":\"https:\\\/\\\/shopatoa.com\\\/ro\\\/#website\",\"url\":\"https:\\\/\\\/shopatoa.com\\\/ro\\\/\",\"name\":\"SHOPATOA\",\"description\":\"\",\"publisher\":{\"@id\":\"https:\\\/\\\/shopatoa.com\\\/ro\\\/#organization\"},\"potentialAction\":[{\"@type\":\"SearchAction\",\"target\":{\"@type\":\"EntryPoint\",\"urlTemplate\":\"https:\\\/\\\/shopatoa.com\\\/ro\\\/?s={search_term_string}\"},\"query-input\":{\"@type\":\"PropertyValueSpecification\",\"valueRequired\":true,\"valueName\":\"search_term_string\"}}],\"inLanguage\":\"ro-RO\"},{\"@type\":\"Organization\",\"@id\":\"https:\\\/\\\/shopatoa.com\\\/ro\\\/#organization\",\"name\":\"SHOPATOA\",\"url\":\"https:\\\/\\\/shopatoa.com\\\/ro\\\/\",\"logo\":{\"@type\":\"ImageObject\",\"inLanguage\":\"ro-RO\",\"@id\":\"https:\\\/\\\/shopatoa.com\\\/ro\\\/#\\\/schema\\\/logo\\\/image\\\/\",\"url\":\"https:\\\/\\\/storage.googleapis.com\\\/cz-shopatoa-img\\\/ro\\\/b4dac915-shopatoa_logo.png\",\"contentUrl\":\"https:\\\/\\\/storage.googleapis.com\\\/cz-shopatoa-img\\\/ro\\\/b4dac915-shopatoa_logo.png\",\"width\":416,\"height\":63,\"caption\":\"SHOPATOA\"},\"image\":{\"@id\":\"https:\\\/\\\/shopatoa.com\\\/ro\\\/#\\\/schema\\\/logo\\\/image\\\/\"}}]}<\/script>\n<!-- \/ Yoast SEO plugin. -->","yoast_head_json":{"title":"Armaf Club De Nuit Blue Iconic - deoodorant solid 75 g - SHOPATOA.COM","robots":{"index":"index","follow":"follow","max-snippet":"max-snippet:-1","max-image-preview":"max-image-preview:large","max-video-preview":"max-video-preview:-1"},"canonical":"https:\/\/shopatoa.com\/ro\/armaf-club-de-nuit-blue-iconic-deoodorant-solid-75-g\/","og_locale":"ro_RO","og_type":"article","og_title":"Armaf Club De Nuit Blue Iconic - deoodorant solid 75 g - SHOPATOA.COM","og_description":"Deodorantul solid Club de Nuit Blue Iconic de la marca Armaf este inspirat de parfumul foug\u00e8re omonim cu miros de chihlimbar-lemn pentru b\u0103rba\u021bi. Compozi\u021bia se deschide cu un amestec spumant \u0219i picant de grapefruit, l\u0103m\u00e2ie, ment\u0103, piper roz \u0219i coriandru. Inima ofer\u0103 o not\u0103 suculent\u0103 \u0219i fructoas\u0103 de pepene galben combinat\u0103 cu ghimbir, iasomie \u0219i...","og_url":"https:\/\/shopatoa.com\/ro\/armaf-club-de-nuit-blue-iconic-deoodorant-solid-75-g\/","og_site_name":"SHOPATOA","article_modified_time":"2025-12-15T05:43:01+00:00","og_image":[{"width":800,"height":800,"url":"https:\/\/storage.googleapis.com\/cz-shopatoa-img\/ro\/c6b14395-unnamed-file.webp","type":"image\/webp"}],"twitter_card":"summary_large_image","twitter_misc":{"Timp estimat pentru citire":"1 minut"},"schema":{"@context":"https:\/\/schema.org","@graph":[{"@type":"WebPage","@id":"https:\/\/shopatoa.com\/ro\/armaf-club-de-nuit-blue-iconic-deoodorant-solid-75-g\/","url":"https:\/\/shopatoa.com\/ro\/armaf-club-de-nuit-blue-iconic-deoodorant-solid-75-g\/","name":"Armaf Club De Nuit Blue Iconic - deoodorant solid 75 g - SHOPATOA.COM","isPartOf":{"@id":"https:\/\/shopatoa.com\/ro\/#website"},"primaryImageOfPage":{"@id":"https:\/\/shopatoa.com\/ro\/armaf-club-de-nuit-blue-iconic-deoodorant-solid-75-g\/#primaryimage"},"image":{"@id":"https:\/\/shopatoa.com\/ro\/armaf-club-de-nuit-blue-iconic-deoodorant-solid-75-g\/#primaryimage"},"thumbnailUrl":"https:\/\/storage.googleapis.com\/cz-shopatoa-img\/ro\/c6b14395-unnamed-file.webp","datePublished":"2025-04-29T22:55:54+00:00","dateModified":"2025-12-15T05:43:01+00:00","breadcrumb":{"@id":"https:\/\/shopatoa.com\/ro\/armaf-club-de-nuit-blue-iconic-deoodorant-solid-75-g\/#breadcrumb"},"inLanguage":"ro-RO","potentialAction":[{"@type":"ReadAction","target":["https:\/\/shopatoa.com\/ro\/armaf-club-de-nuit-blue-iconic-deoodorant-solid-75-g\/"]}]},{"@type":"ImageObject","inLanguage":"ro-RO","@id":"https:\/\/shopatoa.com\/ro\/armaf-club-de-nuit-blue-iconic-deoodorant-solid-75-g\/#primaryimage","url":"https:\/\/storage.googleapis.com\/cz-shopatoa-img\/ro\/c6b14395-unnamed-file.webp","contentUrl":"https:\/\/storage.googleapis.com\/cz-shopatoa-img\/ro\/c6b14395-unnamed-file.webp","width":800,"height":800},{"@type":"BreadcrumbList","@id":"https:\/\/shopatoa.com\/ro\/armaf-club-de-nuit-blue-iconic-deoodorant-solid-75-g\/#breadcrumb","itemListElement":[{"@type":"ListItem","position":1,"name":"Dom\u016f","item":"https:\/\/shopatoa.com\/ro\/"},{"@type":"ListItem","position":2,"name":"Shop","item":"https:\/\/shopatoa.com\/ro\/shop\/"},{"@type":"ListItem","position":3,"name":"Cosmetice","item":"https:\/\/shopatoa.com\/ro\/cosmetice\/"},{"@type":"ListItem","position":4,"name":"Produse cosmetice pentru corp","item":"https:\/\/shopatoa.com\/ro\/produse-cosmetice-pentru-corp\/"},{"@type":"ListItem","position":5,"name":"Antiperspirante si deodorante","item":"https:\/\/shopatoa.com\/ro\/antiperspirante-si-deodorante\/"},{"@type":"ListItem","position":6,"name":"Armaf Club De Nuit Blue Iconic &#8211; deoodorant solid 75 g"}]},{"@type":"WebSite","@id":"https:\/\/shopatoa.com\/ro\/#website","url":"https:\/\/shopatoa.com\/ro\/","name":"SHOPATOA","description":"","publisher":{"@id":"https:\/\/shopatoa.com\/ro\/#organization"},"potentialAction":[{"@type":"SearchAction","target":{"@type":"EntryPoint","urlTemplate":"https:\/\/shopatoa.com\/ro\/?s={search_term_string}"},"query-input":{"@type":"PropertyValueSpecification","valueRequired":true,"valueName":"search_term_string"}}],"inLanguage":"ro-RO"},{"@type":"Organization","@id":"https:\/\/shopatoa.com\/ro\/#organization","name":"SHOPATOA","url":"https:\/\/shopatoa.com\/ro\/","logo":{"@type":"ImageObject","inLanguage":"ro-RO","@id":"https:\/\/shopatoa.com\/ro\/#\/schema\/logo\/image\/","url":"https:\/\/storage.googleapis.com\/cz-shopatoa-img\/ro\/b4dac915-shopatoa_logo.png","contentUrl":"https:\/\/storage.googleapis.com\/cz-shopatoa-img\/ro\/b4dac915-shopatoa_logo.png","width":416,"height":63,"caption":"SHOPATOA"},"image":{"@id":"https:\/\/shopatoa.com\/ro\/#\/schema\/logo\/image\/"}}]}},"_links":{"self":[{"href":"https:\/\/shopatoa.com\/ro\/wp-json\/wp\/v2\/product\/275470","targetHints":{"allow":["GET"]}}],"collection":[{"href":"https:\/\/shopatoa.com\/ro\/wp-json\/wp\/v2\/product"}],"about":[{"href":"https:\/\/shopatoa.com\/ro\/wp-json\/wp\/v2\/types\/product"}],"replies":[{"embeddable":true,"href":"https:\/\/shopatoa.com\/ro\/wp-json\/wp\/v2\/comments?post=275470"}],"wp:featuredmedia":[{"embeddable":true,"href":"https:\/\/shopatoa.com\/ro\/wp-json\/wp\/v2\/media\/275471"}],"wp:attachment":[{"href":"https:\/\/shopatoa.com\/ro\/wp-json\/wp\/v2\/media?parent=275470"}],"wp:term":[{"taxonomy":"product_brand","embeddable":true,"href":"https:\/\/shopatoa.com\/ro\/wp-json\/wp\/v2\/product_brand?post=275470"},{"taxonomy":"product_cat","embeddable":true,"href":"https:\/\/shopatoa.com\/ro\/wp-json\/wp\/v2\/product_cat?post=275470"},{"taxonomy":"product_tag","embeddable":true,"href":"https:\/\/shopatoa.com\/ro\/wp-json\/wp\/v2\/product_tag?post=275470"}],"curies":[{"name":"wp","href":"https:\/\/api.w.org\/{rel}","templated":true}]}}