{"id":275555,"date":"2025-04-30T01:15:28","date_gmt":"2025-04-29T23:15:28","guid":{"rendered":"https:\/\/shopatoa.com\/ro\/jaguar-for-men-edt-100-ml-gel-de-dus-200-ml\/"},"modified":"2025-12-15T06:24:09","modified_gmt":"2025-12-15T05:24:09","slug":"jaguar-for-men-edt-100-ml-gel-de-dus-200-ml","status":"publish","type":"product","link":"https:\/\/shopatoa.com\/ro\/jaguar-for-men-edt-100-ml-gel-de-dus-200-ml\/","title":{"rendered":"Jaguar For Men &#8211; EDT 100 ml + gel de du\u0219 200 ml"},"content":{"rendered":"<p>Jaguar For Men este un parfum pentru b\u0103rba\u021bi citrice-lemnos de la Jaguar. Acesta descrie cu exactitate nevoile \u0219i dorin\u021bele unui b\u0103rbat elegant, carismatic \u0219i \u00eencrez\u0103tor. Capul parfumului este citric datorit\u0103 grapefruitului, completat de frunze de busuioc. Inima apar\u021bine gardeniei \u0219i mirodeniilor. Parfumul se \u00eencheie cu lemn de cedru \u0219i chihlimbar. A fost lansat pe pia\u021b\u0103 \u00een anul 1988.<\/p>\n","protected":false},"excerpt":{"rendered":"<p>Jaguar For Men este un parfum pentru b\u0103rba\u021bi citrice-lemnos de la Jaguar. Acesta descrie cu exactitate nevoile \u0219i dorin\u021bele unui b\u0103rbat elegant, carismatic \u0219i \u00eencrez\u0103tor. Capul parfumului este citric datorit\u0103 grapefruitului, completat de frunze de busuioc. Inima apar\u021bine gardeniei \u0219i mirodeniilor. Parfumul se \u00eencheie cu lemn de cedru \u0219i chihlimbar. A fost lansat pe pia\u021b\u0103&#8230;<\/p>\n","protected":false},"featured_media":275556,"comment_status":"closed","ping_status":"open","template":"","meta":{"_acf_changed":false,"_kadence_starter_templates_imported_post":false,"_kad_post_transparent":"","_kad_post_title":"","_kad_post_layout":"","_kad_post_sidebar_id":"","_kad_post_content_style":"","_kad_post_vertical_padding":"","_kad_post_feature":"","_kad_post_feature_position":"","_kad_post_header":false,"_kad_post_footer":false,"_kad_post_classname":""},"product_brand":[571],"product_cat":[614,651],"product_tag":[],"class_list":{"0":"post-275555","1":"product","2":"type-product","3":"status-publish","4":"has-post-thumbnail","6":"product_brand-jaguar","7":"product_cat-parfumuri","8":"product_cat-seturi-cadou-de-parfumuri","10":"first","11":"instock","12":"sale","13":"product-type-external","14":"entry","15":"content-bg","16":"loop-entry"},"acf":[],"yoast_head":"<!-- This site is optimized with the Yoast SEO plugin v27.4 - https:\/\/yoast.com\/product\/yoast-seo-wordpress\/ -->\n<title>Jaguar For Men - EDT 100 ml + gel de du\u0219 200 ml - SHOPATOA.COM<\/title>\n<meta name=\"robots\" content=\"index, follow, max-snippet:-1, max-image-preview:large, max-video-preview:-1\" \/>\n<link rel=\"canonical\" href=\"https:\/\/shopatoa.com\/ro\/jaguar-for-men-edt-100-ml-gel-de-dus-200-ml\/\" \/>\n<meta property=\"og:locale\" content=\"ro_RO\" \/>\n<meta property=\"og:type\" content=\"article\" \/>\n<meta property=\"og:title\" content=\"Jaguar For Men - EDT 100 ml + gel de du\u0219 200 ml - SHOPATOA.COM\" \/>\n<meta property=\"og:description\" content=\"Jaguar For Men este un parfum pentru b\u0103rba\u021bi citrice-lemnos de la Jaguar. Acesta descrie cu exactitate nevoile \u0219i dorin\u021bele unui b\u0103rbat elegant, carismatic \u0219i \u00eencrez\u0103tor. Capul parfumului este citric datorit\u0103 grapefruitului, completat de frunze de busuioc. Inima apar\u021bine gardeniei \u0219i mirodeniilor. Parfumul se \u00eencheie cu lemn de cedru \u0219i chihlimbar. A fost lansat pe pia\u021b\u0103...\" \/>\n<meta property=\"og:url\" content=\"https:\/\/shopatoa.com\/ro\/jaguar-for-men-edt-100-ml-gel-de-dus-200-ml\/\" \/>\n<meta property=\"og:site_name\" content=\"SHOPATOA\" \/>\n<meta property=\"article:modified_time\" content=\"2025-12-15T05:24:09+00:00\" \/>\n<meta property=\"og:image\" content=\"https:\/\/storage.googleapis.com\/cz-shopatoa-img\/ro\/3cdbd960-unnamed-file.webp\" \/>\n\t<meta property=\"og:image:width\" content=\"800\" \/>\n\t<meta property=\"og:image:height\" content=\"800\" \/>\n\t<meta property=\"og:image:type\" content=\"image\/webp\" \/>\n<meta name=\"twitter:card\" content=\"summary_large_image\" \/>\n<script type=\"application\/ld+json\" class=\"yoast-schema-graph\">{\"@context\":\"https:\\\/\\\/schema.org\",\"@graph\":[{\"@type\":\"WebPage\",\"@id\":\"https:\\\/\\\/shopatoa.com\\\/ro\\\/jaguar-for-men-edt-100-ml-gel-de-dus-200-ml\\\/\",\"url\":\"https:\\\/\\\/shopatoa.com\\\/ro\\\/jaguar-for-men-edt-100-ml-gel-de-dus-200-ml\\\/\",\"name\":\"Jaguar For Men - EDT 100 ml + gel de du\u0219 200 ml - SHOPATOA.COM\",\"isPartOf\":{\"@id\":\"https:\\\/\\\/shopatoa.com\\\/ro\\\/#website\"},\"primaryImageOfPage\":{\"@id\":\"https:\\\/\\\/shopatoa.com\\\/ro\\\/jaguar-for-men-edt-100-ml-gel-de-dus-200-ml\\\/#primaryimage\"},\"image\":{\"@id\":\"https:\\\/\\\/shopatoa.com\\\/ro\\\/jaguar-for-men-edt-100-ml-gel-de-dus-200-ml\\\/#primaryimage\"},\"thumbnailUrl\":\"https:\\\/\\\/storage.googleapis.com\\\/cz-shopatoa-img\\\/ro\\\/3cdbd960-unnamed-file.webp\",\"datePublished\":\"2025-04-29T23:15:28+00:00\",\"dateModified\":\"2025-12-15T05:24:09+00:00\",\"breadcrumb\":{\"@id\":\"https:\\\/\\\/shopatoa.com\\\/ro\\\/jaguar-for-men-edt-100-ml-gel-de-dus-200-ml\\\/#breadcrumb\"},\"inLanguage\":\"ro-RO\",\"potentialAction\":[{\"@type\":\"ReadAction\",\"target\":[\"https:\\\/\\\/shopatoa.com\\\/ro\\\/jaguar-for-men-edt-100-ml-gel-de-dus-200-ml\\\/\"]}]},{\"@type\":\"ImageObject\",\"inLanguage\":\"ro-RO\",\"@id\":\"https:\\\/\\\/shopatoa.com\\\/ro\\\/jaguar-for-men-edt-100-ml-gel-de-dus-200-ml\\\/#primaryimage\",\"url\":\"https:\\\/\\\/storage.googleapis.com\\\/cz-shopatoa-img\\\/ro\\\/3cdbd960-unnamed-file.webp\",\"contentUrl\":\"https:\\\/\\\/storage.googleapis.com\\\/cz-shopatoa-img\\\/ro\\\/3cdbd960-unnamed-file.webp\",\"width\":800,\"height\":800},{\"@type\":\"BreadcrumbList\",\"@id\":\"https:\\\/\\\/shopatoa.com\\\/ro\\\/jaguar-for-men-edt-100-ml-gel-de-dus-200-ml\\\/#breadcrumb\",\"itemListElement\":[{\"@type\":\"ListItem\",\"position\":1,\"name\":\"Dom\u016f\",\"item\":\"https:\\\/\\\/shopatoa.com\\\/ro\\\/\"},{\"@type\":\"ListItem\",\"position\":2,\"name\":\"Shop\",\"item\":\"https:\\\/\\\/shopatoa.com\\\/ro\\\/shop\\\/\"},{\"@type\":\"ListItem\",\"position\":3,\"name\":\"Parfumuri\",\"item\":\"https:\\\/\\\/shopatoa.com\\\/ro\\\/parfumuri\\\/\"},{\"@type\":\"ListItem\",\"position\":4,\"name\":\"Seturi cadou de parfumuri\",\"item\":\"https:\\\/\\\/shopatoa.com\\\/ro\\\/seturi-cadou-de-parfumuri\\\/\"},{\"@type\":\"ListItem\",\"position\":5,\"name\":\"Jaguar For Men &#8211; EDT 100 ml + gel de du\u0219 200 ml\"}]},{\"@type\":\"WebSite\",\"@id\":\"https:\\\/\\\/shopatoa.com\\\/ro\\\/#website\",\"url\":\"https:\\\/\\\/shopatoa.com\\\/ro\\\/\",\"name\":\"SHOPATOA\",\"description\":\"\",\"publisher\":{\"@id\":\"https:\\\/\\\/shopatoa.com\\\/ro\\\/#organization\"},\"potentialAction\":[{\"@type\":\"SearchAction\",\"target\":{\"@type\":\"EntryPoint\",\"urlTemplate\":\"https:\\\/\\\/shopatoa.com\\\/ro\\\/?s={search_term_string}\"},\"query-input\":{\"@type\":\"PropertyValueSpecification\",\"valueRequired\":true,\"valueName\":\"search_term_string\"}}],\"inLanguage\":\"ro-RO\"},{\"@type\":\"Organization\",\"@id\":\"https:\\\/\\\/shopatoa.com\\\/ro\\\/#organization\",\"name\":\"SHOPATOA\",\"url\":\"https:\\\/\\\/shopatoa.com\\\/ro\\\/\",\"logo\":{\"@type\":\"ImageObject\",\"inLanguage\":\"ro-RO\",\"@id\":\"https:\\\/\\\/shopatoa.com\\\/ro\\\/#\\\/schema\\\/logo\\\/image\\\/\",\"url\":\"https:\\\/\\\/storage.googleapis.com\\\/cz-shopatoa-img\\\/ro\\\/b4dac915-shopatoa_logo.png\",\"contentUrl\":\"https:\\\/\\\/storage.googleapis.com\\\/cz-shopatoa-img\\\/ro\\\/b4dac915-shopatoa_logo.png\",\"width\":416,\"height\":63,\"caption\":\"SHOPATOA\"},\"image\":{\"@id\":\"https:\\\/\\\/shopatoa.com\\\/ro\\\/#\\\/schema\\\/logo\\\/image\\\/\"}}]}<\/script>\n<!-- \/ Yoast SEO plugin. -->","yoast_head_json":{"title":"Jaguar For Men - EDT 100 ml + gel de du\u0219 200 ml - SHOPATOA.COM","robots":{"index":"index","follow":"follow","max-snippet":"max-snippet:-1","max-image-preview":"max-image-preview:large","max-video-preview":"max-video-preview:-1"},"canonical":"https:\/\/shopatoa.com\/ro\/jaguar-for-men-edt-100-ml-gel-de-dus-200-ml\/","og_locale":"ro_RO","og_type":"article","og_title":"Jaguar For Men - EDT 100 ml + gel de du\u0219 200 ml - SHOPATOA.COM","og_description":"Jaguar For Men este un parfum pentru b\u0103rba\u021bi citrice-lemnos de la Jaguar. Acesta descrie cu exactitate nevoile \u0219i dorin\u021bele unui b\u0103rbat elegant, carismatic \u0219i \u00eencrez\u0103tor. Capul parfumului este citric datorit\u0103 grapefruitului, completat de frunze de busuioc. Inima apar\u021bine gardeniei \u0219i mirodeniilor. Parfumul se \u00eencheie cu lemn de cedru \u0219i chihlimbar. A fost lansat pe pia\u021b\u0103...","og_url":"https:\/\/shopatoa.com\/ro\/jaguar-for-men-edt-100-ml-gel-de-dus-200-ml\/","og_site_name":"SHOPATOA","article_modified_time":"2025-12-15T05:24:09+00:00","og_image":[{"width":800,"height":800,"url":"https:\/\/storage.googleapis.com\/cz-shopatoa-img\/ro\/3cdbd960-unnamed-file.webp","type":"image\/webp"}],"twitter_card":"summary_large_image","schema":{"@context":"https:\/\/schema.org","@graph":[{"@type":"WebPage","@id":"https:\/\/shopatoa.com\/ro\/jaguar-for-men-edt-100-ml-gel-de-dus-200-ml\/","url":"https:\/\/shopatoa.com\/ro\/jaguar-for-men-edt-100-ml-gel-de-dus-200-ml\/","name":"Jaguar For Men - EDT 100 ml + gel de du\u0219 200 ml - SHOPATOA.COM","isPartOf":{"@id":"https:\/\/shopatoa.com\/ro\/#website"},"primaryImageOfPage":{"@id":"https:\/\/shopatoa.com\/ro\/jaguar-for-men-edt-100-ml-gel-de-dus-200-ml\/#primaryimage"},"image":{"@id":"https:\/\/shopatoa.com\/ro\/jaguar-for-men-edt-100-ml-gel-de-dus-200-ml\/#primaryimage"},"thumbnailUrl":"https:\/\/storage.googleapis.com\/cz-shopatoa-img\/ro\/3cdbd960-unnamed-file.webp","datePublished":"2025-04-29T23:15:28+00:00","dateModified":"2025-12-15T05:24:09+00:00","breadcrumb":{"@id":"https:\/\/shopatoa.com\/ro\/jaguar-for-men-edt-100-ml-gel-de-dus-200-ml\/#breadcrumb"},"inLanguage":"ro-RO","potentialAction":[{"@type":"ReadAction","target":["https:\/\/shopatoa.com\/ro\/jaguar-for-men-edt-100-ml-gel-de-dus-200-ml\/"]}]},{"@type":"ImageObject","inLanguage":"ro-RO","@id":"https:\/\/shopatoa.com\/ro\/jaguar-for-men-edt-100-ml-gel-de-dus-200-ml\/#primaryimage","url":"https:\/\/storage.googleapis.com\/cz-shopatoa-img\/ro\/3cdbd960-unnamed-file.webp","contentUrl":"https:\/\/storage.googleapis.com\/cz-shopatoa-img\/ro\/3cdbd960-unnamed-file.webp","width":800,"height":800},{"@type":"BreadcrumbList","@id":"https:\/\/shopatoa.com\/ro\/jaguar-for-men-edt-100-ml-gel-de-dus-200-ml\/#breadcrumb","itemListElement":[{"@type":"ListItem","position":1,"name":"Dom\u016f","item":"https:\/\/shopatoa.com\/ro\/"},{"@type":"ListItem","position":2,"name":"Shop","item":"https:\/\/shopatoa.com\/ro\/shop\/"},{"@type":"ListItem","position":3,"name":"Parfumuri","item":"https:\/\/shopatoa.com\/ro\/parfumuri\/"},{"@type":"ListItem","position":4,"name":"Seturi cadou de parfumuri","item":"https:\/\/shopatoa.com\/ro\/seturi-cadou-de-parfumuri\/"},{"@type":"ListItem","position":5,"name":"Jaguar For Men &#8211; EDT 100 ml + gel de du\u0219 200 ml"}]},{"@type":"WebSite","@id":"https:\/\/shopatoa.com\/ro\/#website","url":"https:\/\/shopatoa.com\/ro\/","name":"SHOPATOA","description":"","publisher":{"@id":"https:\/\/shopatoa.com\/ro\/#organization"},"potentialAction":[{"@type":"SearchAction","target":{"@type":"EntryPoint","urlTemplate":"https:\/\/shopatoa.com\/ro\/?s={search_term_string}"},"query-input":{"@type":"PropertyValueSpecification","valueRequired":true,"valueName":"search_term_string"}}],"inLanguage":"ro-RO"},{"@type":"Organization","@id":"https:\/\/shopatoa.com\/ro\/#organization","name":"SHOPATOA","url":"https:\/\/shopatoa.com\/ro\/","logo":{"@type":"ImageObject","inLanguage":"ro-RO","@id":"https:\/\/shopatoa.com\/ro\/#\/schema\/logo\/image\/","url":"https:\/\/storage.googleapis.com\/cz-shopatoa-img\/ro\/b4dac915-shopatoa_logo.png","contentUrl":"https:\/\/storage.googleapis.com\/cz-shopatoa-img\/ro\/b4dac915-shopatoa_logo.png","width":416,"height":63,"caption":"SHOPATOA"},"image":{"@id":"https:\/\/shopatoa.com\/ro\/#\/schema\/logo\/image\/"}}]}},"_links":{"self":[{"href":"https:\/\/shopatoa.com\/ro\/wp-json\/wp\/v2\/product\/275555","targetHints":{"allow":["GET"]}}],"collection":[{"href":"https:\/\/shopatoa.com\/ro\/wp-json\/wp\/v2\/product"}],"about":[{"href":"https:\/\/shopatoa.com\/ro\/wp-json\/wp\/v2\/types\/product"}],"replies":[{"embeddable":true,"href":"https:\/\/shopatoa.com\/ro\/wp-json\/wp\/v2\/comments?post=275555"}],"wp:featuredmedia":[{"embeddable":true,"href":"https:\/\/shopatoa.com\/ro\/wp-json\/wp\/v2\/media\/275556"}],"wp:attachment":[{"href":"https:\/\/shopatoa.com\/ro\/wp-json\/wp\/v2\/media?parent=275555"}],"wp:term":[{"taxonomy":"product_brand","embeddable":true,"href":"https:\/\/shopatoa.com\/ro\/wp-json\/wp\/v2\/product_brand?post=275555"},{"taxonomy":"product_cat","embeddable":true,"href":"https:\/\/shopatoa.com\/ro\/wp-json\/wp\/v2\/product_cat?post=275555"},{"taxonomy":"product_tag","embeddable":true,"href":"https:\/\/shopatoa.com\/ro\/wp-json\/wp\/v2\/product_tag?post=275555"}],"curies":[{"name":"wp","href":"https:\/\/api.w.org\/{rel}","templated":true}]}}