{"id":275774,"date":"2025-04-30T02:01:21","date_gmt":"2025-04-30T00:01:21","guid":{"rendered":"https:\/\/shopatoa.com\/ro\/moroccanoil-set-cadou-pentru-parul-fin-volume-spring-kit\/"},"modified":"2025-10-28T05:22:25","modified_gmt":"2025-10-28T04:22:25","slug":"moroccanoil-set-cadou-pentru-parul-fin-volume-spring-kit","status":"publish","type":"product","link":"https:\/\/shopatoa.com\/ro\/moroccanoil-set-cadou-pentru-parul-fin-volume-spring-kit\/","title":{"rendered":"Moroccanoil Set cadou pentru p\u0103rul fin Volume Spring Kit"},"content":{"rendered":"<p>Setul con\u021bine: \u0218ampon pentru p\u0103r fin pentru un plus de volum (Extra Volume Shampoo) 250 ml Balsam cu ulei de argan pentru p\u0103r fin pentru volum de coafur\u0103 (Extra Volume Conditioner) 250 ml Tratament pentru p\u0103r fin sau deschis la culoare (Treatment For Fine Or Light-Coloured Hair) 25 ml<\/p>\n","protected":false},"excerpt":{"rendered":"<p>Setul con\u021bine: \u0218ampon pentru p\u0103r fin pentru un plus de volum (Extra Volume Shampoo) 250 ml Balsam cu ulei de argan pentru p\u0103r fin pentru volum de coafur\u0103 (Extra Volume Conditioner) 250 ml Tratament pentru p\u0103r fin sau deschis la culoare (Treatment For Fine Or Light-Coloured Hair) 25 ml<\/p>\n","protected":false},"featured_media":275775,"comment_status":"closed","ping_status":"open","template":"","meta":{"_acf_changed":false,"_kadence_starter_templates_imported_post":false,"_kad_post_transparent":"","_kad_post_title":"","_kad_post_layout":"","_kad_post_sidebar_id":"","_kad_post_content_style":"","_kad_post_vertical_padding":"","_kad_post_feature":"","_kad_post_feature_position":"","_kad_post_header":false,"_kad_post_footer":false,"_kad_post_classname":""},"product_brand":[551],"product_cat":[246,644,623,645],"product_tag":[],"class_list":{"0":"post-275774","1":"product","2":"type-product","3":"status-publish","4":"has-post-thumbnail","6":"product_brand-moroccanoil","7":"product_cat-cosmetice","8":"product_cat-cosmetice-pentru-spalarea-parului","9":"product_cat-produse-cosmetice-pentru-par","10":"product_cat-sampoanele","12":"first","13":"instock","14":"product-type-external","15":"entry","16":"content-bg","17":"loop-entry"},"acf":[],"yoast_head":"<!-- This site is optimized with the Yoast SEO plugin v27.3 - https:\/\/yoast.com\/product\/yoast-seo-wordpress\/ -->\n<title>Moroccanoil Set cadou pentru p\u0103rul fin Volume Spring Kit - SHOPATOA.COM<\/title>\n<meta name=\"robots\" content=\"index, follow, max-snippet:-1, max-image-preview:large, max-video-preview:-1\" \/>\n<link rel=\"canonical\" href=\"https:\/\/shopatoa.com\/ro\/moroccanoil-set-cadou-pentru-parul-fin-volume-spring-kit\/\" \/>\n<meta property=\"og:locale\" content=\"ro_RO\" \/>\n<meta property=\"og:type\" content=\"article\" \/>\n<meta property=\"og:title\" content=\"Moroccanoil Set cadou pentru p\u0103rul fin Volume Spring Kit - SHOPATOA.COM\" \/>\n<meta property=\"og:description\" content=\"Setul con\u021bine: \u0218ampon pentru p\u0103r fin pentru un plus de volum (Extra Volume Shampoo) 250 ml Balsam cu ulei de argan pentru p\u0103r fin pentru volum de coafur\u0103 (Extra Volume Conditioner) 250 ml Tratament pentru p\u0103r fin sau deschis la culoare (Treatment For Fine Or Light-Coloured Hair) 25 ml\" \/>\n<meta property=\"og:url\" content=\"https:\/\/shopatoa.com\/ro\/moroccanoil-set-cadou-pentru-parul-fin-volume-spring-kit\/\" \/>\n<meta property=\"og:site_name\" content=\"SHOPATOA\" \/>\n<meta property=\"article:modified_time\" content=\"2025-10-28T04:22:25+00:00\" \/>\n<meta property=\"og:image\" content=\"https:\/\/storage.googleapis.com\/cz-shopatoa-img\/ro\/87225af0-unnamed-file.webp\" \/>\n\t<meta property=\"og:image:width\" content=\"800\" \/>\n\t<meta property=\"og:image:height\" content=\"800\" \/>\n\t<meta property=\"og:image:type\" content=\"image\/webp\" \/>\n<meta name=\"twitter:card\" content=\"summary_large_image\" \/>\n<script type=\"application\/ld+json\" class=\"yoast-schema-graph\">{\"@context\":\"https:\\\/\\\/schema.org\",\"@graph\":[{\"@type\":\"WebPage\",\"@id\":\"https:\\\/\\\/shopatoa.com\\\/ro\\\/moroccanoil-set-cadou-pentru-parul-fin-volume-spring-kit\\\/\",\"url\":\"https:\\\/\\\/shopatoa.com\\\/ro\\\/moroccanoil-set-cadou-pentru-parul-fin-volume-spring-kit\\\/\",\"name\":\"Moroccanoil Set cadou pentru p\u0103rul fin Volume Spring Kit - SHOPATOA.COM\",\"isPartOf\":{\"@id\":\"https:\\\/\\\/shopatoa.com\\\/ro\\\/#website\"},\"primaryImageOfPage\":{\"@id\":\"https:\\\/\\\/shopatoa.com\\\/ro\\\/moroccanoil-set-cadou-pentru-parul-fin-volume-spring-kit\\\/#primaryimage\"},\"image\":{\"@id\":\"https:\\\/\\\/shopatoa.com\\\/ro\\\/moroccanoil-set-cadou-pentru-parul-fin-volume-spring-kit\\\/#primaryimage\"},\"thumbnailUrl\":\"https:\\\/\\\/storage.googleapis.com\\\/cz-shopatoa-img\\\/ro\\\/87225af0-unnamed-file.webp\",\"datePublished\":\"2025-04-30T00:01:21+00:00\",\"dateModified\":\"2025-10-28T04:22:25+00:00\",\"breadcrumb\":{\"@id\":\"https:\\\/\\\/shopatoa.com\\\/ro\\\/moroccanoil-set-cadou-pentru-parul-fin-volume-spring-kit\\\/#breadcrumb\"},\"inLanguage\":\"ro-RO\",\"potentialAction\":[{\"@type\":\"ReadAction\",\"target\":[\"https:\\\/\\\/shopatoa.com\\\/ro\\\/moroccanoil-set-cadou-pentru-parul-fin-volume-spring-kit\\\/\"]}]},{\"@type\":\"ImageObject\",\"inLanguage\":\"ro-RO\",\"@id\":\"https:\\\/\\\/shopatoa.com\\\/ro\\\/moroccanoil-set-cadou-pentru-parul-fin-volume-spring-kit\\\/#primaryimage\",\"url\":\"https:\\\/\\\/storage.googleapis.com\\\/cz-shopatoa-img\\\/ro\\\/87225af0-unnamed-file.webp\",\"contentUrl\":\"https:\\\/\\\/storage.googleapis.com\\\/cz-shopatoa-img\\\/ro\\\/87225af0-unnamed-file.webp\",\"width\":800,\"height\":800},{\"@type\":\"BreadcrumbList\",\"@id\":\"https:\\\/\\\/shopatoa.com\\\/ro\\\/moroccanoil-set-cadou-pentru-parul-fin-volume-spring-kit\\\/#breadcrumb\",\"itemListElement\":[{\"@type\":\"ListItem\",\"position\":1,\"name\":\"Dom\u016f\",\"item\":\"https:\\\/\\\/shopatoa.com\\\/ro\\\/\"},{\"@type\":\"ListItem\",\"position\":2,\"name\":\"Shop\",\"item\":\"https:\\\/\\\/shopatoa.com\\\/ro\\\/shop\\\/\"},{\"@type\":\"ListItem\",\"position\":3,\"name\":\"Cosmetice\",\"item\":\"https:\\\/\\\/shopatoa.com\\\/ro\\\/cosmetice\\\/\"},{\"@type\":\"ListItem\",\"position\":4,\"name\":\"Produse cosmetice pentru p\u0103r\",\"item\":\"https:\\\/\\\/shopatoa.com\\\/ro\\\/produse-cosmetice-pentru-par\\\/\"},{\"@type\":\"ListItem\",\"position\":5,\"name\":\"Cosmetice pentru sp\u0103larea p\u0103rului\",\"item\":\"https:\\\/\\\/shopatoa.com\\\/ro\\\/cosmetice-pentru-spalarea-parului\\\/\"},{\"@type\":\"ListItem\",\"position\":6,\"name\":\"Sampoanele\",\"item\":\"https:\\\/\\\/shopatoa.com\\\/ro\\\/sampoanele\\\/\"},{\"@type\":\"ListItem\",\"position\":7,\"name\":\"Moroccanoil Set cadou pentru p\u0103rul fin Volume Spring Kit\"}]},{\"@type\":\"WebSite\",\"@id\":\"https:\\\/\\\/shopatoa.com\\\/ro\\\/#website\",\"url\":\"https:\\\/\\\/shopatoa.com\\\/ro\\\/\",\"name\":\"SHOPATOA\",\"description\":\"\",\"publisher\":{\"@id\":\"https:\\\/\\\/shopatoa.com\\\/ro\\\/#organization\"},\"potentialAction\":[{\"@type\":\"SearchAction\",\"target\":{\"@type\":\"EntryPoint\",\"urlTemplate\":\"https:\\\/\\\/shopatoa.com\\\/ro\\\/?s={search_term_string}\"},\"query-input\":{\"@type\":\"PropertyValueSpecification\",\"valueRequired\":true,\"valueName\":\"search_term_string\"}}],\"inLanguage\":\"ro-RO\"},{\"@type\":\"Organization\",\"@id\":\"https:\\\/\\\/shopatoa.com\\\/ro\\\/#organization\",\"name\":\"SHOPATOA\",\"url\":\"https:\\\/\\\/shopatoa.com\\\/ro\\\/\",\"logo\":{\"@type\":\"ImageObject\",\"inLanguage\":\"ro-RO\",\"@id\":\"https:\\\/\\\/shopatoa.com\\\/ro\\\/#\\\/schema\\\/logo\\\/image\\\/\",\"url\":\"https:\\\/\\\/storage.googleapis.com\\\/cz-shopatoa-img\\\/ro\\\/b4dac915-shopatoa_logo.png\",\"contentUrl\":\"https:\\\/\\\/storage.googleapis.com\\\/cz-shopatoa-img\\\/ro\\\/b4dac915-shopatoa_logo.png\",\"width\":416,\"height\":63,\"caption\":\"SHOPATOA\"},\"image\":{\"@id\":\"https:\\\/\\\/shopatoa.com\\\/ro\\\/#\\\/schema\\\/logo\\\/image\\\/\"}}]}<\/script>\n<!-- \/ Yoast SEO plugin. -->","yoast_head_json":{"title":"Moroccanoil Set cadou pentru p\u0103rul fin Volume Spring Kit - SHOPATOA.COM","robots":{"index":"index","follow":"follow","max-snippet":"max-snippet:-1","max-image-preview":"max-image-preview:large","max-video-preview":"max-video-preview:-1"},"canonical":"https:\/\/shopatoa.com\/ro\/moroccanoil-set-cadou-pentru-parul-fin-volume-spring-kit\/","og_locale":"ro_RO","og_type":"article","og_title":"Moroccanoil Set cadou pentru p\u0103rul fin Volume Spring Kit - SHOPATOA.COM","og_description":"Setul con\u021bine: \u0218ampon pentru p\u0103r fin pentru un plus de volum (Extra Volume Shampoo) 250 ml Balsam cu ulei de argan pentru p\u0103r fin pentru volum de coafur\u0103 (Extra Volume Conditioner) 250 ml Tratament pentru p\u0103r fin sau deschis la culoare (Treatment For Fine Or Light-Coloured Hair) 25 ml","og_url":"https:\/\/shopatoa.com\/ro\/moroccanoil-set-cadou-pentru-parul-fin-volume-spring-kit\/","og_site_name":"SHOPATOA","article_modified_time":"2025-10-28T04:22:25+00:00","og_image":[{"width":800,"height":800,"url":"https:\/\/storage.googleapis.com\/cz-shopatoa-img\/ro\/87225af0-unnamed-file.webp","type":"image\/webp"}],"twitter_card":"summary_large_image","schema":{"@context":"https:\/\/schema.org","@graph":[{"@type":"WebPage","@id":"https:\/\/shopatoa.com\/ro\/moroccanoil-set-cadou-pentru-parul-fin-volume-spring-kit\/","url":"https:\/\/shopatoa.com\/ro\/moroccanoil-set-cadou-pentru-parul-fin-volume-spring-kit\/","name":"Moroccanoil Set cadou pentru p\u0103rul fin Volume Spring Kit - SHOPATOA.COM","isPartOf":{"@id":"https:\/\/shopatoa.com\/ro\/#website"},"primaryImageOfPage":{"@id":"https:\/\/shopatoa.com\/ro\/moroccanoil-set-cadou-pentru-parul-fin-volume-spring-kit\/#primaryimage"},"image":{"@id":"https:\/\/shopatoa.com\/ro\/moroccanoil-set-cadou-pentru-parul-fin-volume-spring-kit\/#primaryimage"},"thumbnailUrl":"https:\/\/storage.googleapis.com\/cz-shopatoa-img\/ro\/87225af0-unnamed-file.webp","datePublished":"2025-04-30T00:01:21+00:00","dateModified":"2025-10-28T04:22:25+00:00","breadcrumb":{"@id":"https:\/\/shopatoa.com\/ro\/moroccanoil-set-cadou-pentru-parul-fin-volume-spring-kit\/#breadcrumb"},"inLanguage":"ro-RO","potentialAction":[{"@type":"ReadAction","target":["https:\/\/shopatoa.com\/ro\/moroccanoil-set-cadou-pentru-parul-fin-volume-spring-kit\/"]}]},{"@type":"ImageObject","inLanguage":"ro-RO","@id":"https:\/\/shopatoa.com\/ro\/moroccanoil-set-cadou-pentru-parul-fin-volume-spring-kit\/#primaryimage","url":"https:\/\/storage.googleapis.com\/cz-shopatoa-img\/ro\/87225af0-unnamed-file.webp","contentUrl":"https:\/\/storage.googleapis.com\/cz-shopatoa-img\/ro\/87225af0-unnamed-file.webp","width":800,"height":800},{"@type":"BreadcrumbList","@id":"https:\/\/shopatoa.com\/ro\/moroccanoil-set-cadou-pentru-parul-fin-volume-spring-kit\/#breadcrumb","itemListElement":[{"@type":"ListItem","position":1,"name":"Dom\u016f","item":"https:\/\/shopatoa.com\/ro\/"},{"@type":"ListItem","position":2,"name":"Shop","item":"https:\/\/shopatoa.com\/ro\/shop\/"},{"@type":"ListItem","position":3,"name":"Cosmetice","item":"https:\/\/shopatoa.com\/ro\/cosmetice\/"},{"@type":"ListItem","position":4,"name":"Produse cosmetice pentru p\u0103r","item":"https:\/\/shopatoa.com\/ro\/produse-cosmetice-pentru-par\/"},{"@type":"ListItem","position":5,"name":"Cosmetice pentru sp\u0103larea p\u0103rului","item":"https:\/\/shopatoa.com\/ro\/cosmetice-pentru-spalarea-parului\/"},{"@type":"ListItem","position":6,"name":"Sampoanele","item":"https:\/\/shopatoa.com\/ro\/sampoanele\/"},{"@type":"ListItem","position":7,"name":"Moroccanoil Set cadou pentru p\u0103rul fin Volume Spring Kit"}]},{"@type":"WebSite","@id":"https:\/\/shopatoa.com\/ro\/#website","url":"https:\/\/shopatoa.com\/ro\/","name":"SHOPATOA","description":"","publisher":{"@id":"https:\/\/shopatoa.com\/ro\/#organization"},"potentialAction":[{"@type":"SearchAction","target":{"@type":"EntryPoint","urlTemplate":"https:\/\/shopatoa.com\/ro\/?s={search_term_string}"},"query-input":{"@type":"PropertyValueSpecification","valueRequired":true,"valueName":"search_term_string"}}],"inLanguage":"ro-RO"},{"@type":"Organization","@id":"https:\/\/shopatoa.com\/ro\/#organization","name":"SHOPATOA","url":"https:\/\/shopatoa.com\/ro\/","logo":{"@type":"ImageObject","inLanguage":"ro-RO","@id":"https:\/\/shopatoa.com\/ro\/#\/schema\/logo\/image\/","url":"https:\/\/storage.googleapis.com\/cz-shopatoa-img\/ro\/b4dac915-shopatoa_logo.png","contentUrl":"https:\/\/storage.googleapis.com\/cz-shopatoa-img\/ro\/b4dac915-shopatoa_logo.png","width":416,"height":63,"caption":"SHOPATOA"},"image":{"@id":"https:\/\/shopatoa.com\/ro\/#\/schema\/logo\/image\/"}}]}},"_links":{"self":[{"href":"https:\/\/shopatoa.com\/ro\/wp-json\/wp\/v2\/product\/275774","targetHints":{"allow":["GET"]}}],"collection":[{"href":"https:\/\/shopatoa.com\/ro\/wp-json\/wp\/v2\/product"}],"about":[{"href":"https:\/\/shopatoa.com\/ro\/wp-json\/wp\/v2\/types\/product"}],"replies":[{"embeddable":true,"href":"https:\/\/shopatoa.com\/ro\/wp-json\/wp\/v2\/comments?post=275774"}],"wp:featuredmedia":[{"embeddable":true,"href":"https:\/\/shopatoa.com\/ro\/wp-json\/wp\/v2\/media\/275775"}],"wp:attachment":[{"href":"https:\/\/shopatoa.com\/ro\/wp-json\/wp\/v2\/media?parent=275774"}],"wp:term":[{"taxonomy":"product_brand","embeddable":true,"href":"https:\/\/shopatoa.com\/ro\/wp-json\/wp\/v2\/product_brand?post=275774"},{"taxonomy":"product_cat","embeddable":true,"href":"https:\/\/shopatoa.com\/ro\/wp-json\/wp\/v2\/product_cat?post=275774"},{"taxonomy":"product_tag","embeddable":true,"href":"https:\/\/shopatoa.com\/ro\/wp-json\/wp\/v2\/product_tag?post=275774"}],"curies":[{"name":"wp","href":"https:\/\/api.w.org\/{rel}","templated":true}]}}