{"id":275794,"date":"2025-04-30T02:06:00","date_gmt":"2025-04-30T00:06:00","guid":{"rendered":"https:\/\/shopatoa.com\/ro\/yankee-candle-rezerva-de-schimb-pentru-difuzorul-de-aroma-signature-midnight-jasmine-reed-200-ml\/"},"modified":"2025-12-15T05:44:00","modified_gmt":"2025-12-15T04:44:00","slug":"yankee-candle-rezerva-de-schimb-pentru-difuzorul-de-aroma-signature-midnight-jasmine-reed-200-ml","status":"publish","type":"product","link":"https:\/\/shopatoa.com\/ro\/yankee-candle-rezerva-de-schimb-pentru-difuzorul-de-aroma-signature-midnight-jasmine-reed-200-ml\/","title":{"rendered":"Yankee Candle Rezerv\u0103 de schimb pentru difuzorul de arom\u0103 Signature Midnight Jasmine Reed 200 ml"},"content":{"rendered":"<p>Rezerva de schimb pentru difuzorul de arom\u0103 Signature Midsummer&#8217;s Night Reed v\u0103 va oferi o cas\u0103 frumos parfumat\u0103 timp de p\u00e2n\u0103 la 20 de s\u0103pt\u0103m\u00e2ni. Amestec atr\u0103g\u0103tor \u0219i masculin de mosc, paciuli, salvie \u0219i ap\u0103 de colonie de mahon. Compozi\u021bie frumoas\u0103 \u0219i foarte senzual\u0103, dar pur\u0103, pentru b\u0103rba\u021bi.<\/p>\n","protected":false},"excerpt":{"rendered":"<p>Rezerva de schimb pentru difuzorul de arom\u0103 Signature Midsummer&#8217;s Night Reed v\u0103 va oferi o cas\u0103 frumos parfumat\u0103 timp de p\u00e2n\u0103 la 20 de s\u0103pt\u0103m\u00e2ni. Amestec atr\u0103g\u0103tor \u0219i masculin de mosc, paciuli, salvie \u0219i ap\u0103 de colonie de mahon. Compozi\u021bie frumoas\u0103 \u0219i foarte senzual\u0103, dar pur\u0103, pentru b\u0103rba\u021bi.<\/p>\n","protected":false},"featured_media":275795,"comment_status":"closed","ping_status":"open","template":"","meta":{"_acf_changed":false,"_kadence_starter_templates_imported_post":false,"_kad_post_transparent":"","_kad_post_title":"","_kad_post_layout":"","_kad_post_sidebar_id":"","_kad_post_content_style":"","_kad_post_vertical_padding":"","_kad_post_feature":"","_kad_post_feature_position":"","_kad_post_header":false,"_kad_post_footer":false,"_kad_post_classname":""},"product_brand":[149],"product_cat":[246,692,693,654],"product_tag":[],"class_list":{"0":"post-275794","1":"product","2":"type-product","3":"status-publish","4":"has-post-thumbnail","6":"product_brand-yankee-candle","7":"product_cat-cosmetice","8":"product_cat-difuzoare-de-parfum","9":"product_cat-difuzor-de-aroma-tije","10":"product_cat-lumanari-parfumate-si-arome","12":"first","13":"instock","14":"sale","15":"product-type-external","16":"entry","17":"content-bg","18":"loop-entry"},"acf":[],"yoast_head":"<!-- This site is optimized with the Yoast SEO plugin v27.4 - https:\/\/yoast.com\/product\/yoast-seo-wordpress\/ -->\n<title>Yankee Candle Rezerv\u0103 de schimb pentru difuzorul de arom\u0103 Signature Midnight Jasmine Reed 200 ml - SHOPATOA.COM<\/title>\n<meta name=\"robots\" content=\"index, follow, max-snippet:-1, max-image-preview:large, max-video-preview:-1\" \/>\n<link rel=\"canonical\" href=\"https:\/\/shopatoa.com\/ro\/yankee-candle-rezerva-de-schimb-pentru-difuzorul-de-aroma-signature-midnight-jasmine-reed-200-ml\/\" \/>\n<meta property=\"og:locale\" content=\"ro_RO\" \/>\n<meta property=\"og:type\" content=\"article\" \/>\n<meta property=\"og:title\" content=\"Yankee Candle Rezerv\u0103 de schimb pentru difuzorul de arom\u0103 Signature Midnight Jasmine Reed 200 ml - SHOPATOA.COM\" \/>\n<meta property=\"og:description\" content=\"Rezerva de schimb pentru difuzorul de arom\u0103 Signature Midsummer&#8217;s Night Reed v\u0103 va oferi o cas\u0103 frumos parfumat\u0103 timp de p\u00e2n\u0103 la 20 de s\u0103pt\u0103m\u00e2ni. Amestec atr\u0103g\u0103tor \u0219i masculin de mosc, paciuli, salvie \u0219i ap\u0103 de colonie de mahon. Compozi\u021bie frumoas\u0103 \u0219i foarte senzual\u0103, dar pur\u0103, pentru b\u0103rba\u021bi.\" \/>\n<meta property=\"og:url\" content=\"https:\/\/shopatoa.com\/ro\/yankee-candle-rezerva-de-schimb-pentru-difuzorul-de-aroma-signature-midnight-jasmine-reed-200-ml\/\" \/>\n<meta property=\"og:site_name\" content=\"SHOPATOA\" \/>\n<meta property=\"article:modified_time\" content=\"2025-12-15T04:44:00+00:00\" \/>\n<meta property=\"og:image\" content=\"https:\/\/storage.googleapis.com\/cz-shopatoa-img\/ro\/6e7da489-unnamed-file.webp\" \/>\n\t<meta property=\"og:image:width\" content=\"800\" \/>\n\t<meta property=\"og:image:height\" content=\"800\" \/>\n\t<meta property=\"og:image:type\" content=\"image\/webp\" \/>\n<meta name=\"twitter:card\" content=\"summary_large_image\" \/>\n<script type=\"application\/ld+json\" class=\"yoast-schema-graph\">{\"@context\":\"https:\\\/\\\/schema.org\",\"@graph\":[{\"@type\":\"WebPage\",\"@id\":\"https:\\\/\\\/shopatoa.com\\\/ro\\\/yankee-candle-rezerva-de-schimb-pentru-difuzorul-de-aroma-signature-midnight-jasmine-reed-200-ml\\\/\",\"url\":\"https:\\\/\\\/shopatoa.com\\\/ro\\\/yankee-candle-rezerva-de-schimb-pentru-difuzorul-de-aroma-signature-midnight-jasmine-reed-200-ml\\\/\",\"name\":\"Yankee Candle Rezerv\u0103 de schimb pentru difuzorul de arom\u0103 Signature Midnight Jasmine Reed 200 ml - SHOPATOA.COM\",\"isPartOf\":{\"@id\":\"https:\\\/\\\/shopatoa.com\\\/ro\\\/#website\"},\"primaryImageOfPage\":{\"@id\":\"https:\\\/\\\/shopatoa.com\\\/ro\\\/yankee-candle-rezerva-de-schimb-pentru-difuzorul-de-aroma-signature-midnight-jasmine-reed-200-ml\\\/#primaryimage\"},\"image\":{\"@id\":\"https:\\\/\\\/shopatoa.com\\\/ro\\\/yankee-candle-rezerva-de-schimb-pentru-difuzorul-de-aroma-signature-midnight-jasmine-reed-200-ml\\\/#primaryimage\"},\"thumbnailUrl\":\"https:\\\/\\\/storage.googleapis.com\\\/cz-shopatoa-img\\\/ro\\\/6e7da489-unnamed-file.webp\",\"datePublished\":\"2025-04-30T00:06:00+00:00\",\"dateModified\":\"2025-12-15T04:44:00+00:00\",\"breadcrumb\":{\"@id\":\"https:\\\/\\\/shopatoa.com\\\/ro\\\/yankee-candle-rezerva-de-schimb-pentru-difuzorul-de-aroma-signature-midnight-jasmine-reed-200-ml\\\/#breadcrumb\"},\"inLanguage\":\"ro-RO\",\"potentialAction\":[{\"@type\":\"ReadAction\",\"target\":[\"https:\\\/\\\/shopatoa.com\\\/ro\\\/yankee-candle-rezerva-de-schimb-pentru-difuzorul-de-aroma-signature-midnight-jasmine-reed-200-ml\\\/\"]}]},{\"@type\":\"ImageObject\",\"inLanguage\":\"ro-RO\",\"@id\":\"https:\\\/\\\/shopatoa.com\\\/ro\\\/yankee-candle-rezerva-de-schimb-pentru-difuzorul-de-aroma-signature-midnight-jasmine-reed-200-ml\\\/#primaryimage\",\"url\":\"https:\\\/\\\/storage.googleapis.com\\\/cz-shopatoa-img\\\/ro\\\/6e7da489-unnamed-file.webp\",\"contentUrl\":\"https:\\\/\\\/storage.googleapis.com\\\/cz-shopatoa-img\\\/ro\\\/6e7da489-unnamed-file.webp\",\"width\":800,\"height\":800},{\"@type\":\"BreadcrumbList\",\"@id\":\"https:\\\/\\\/shopatoa.com\\\/ro\\\/yankee-candle-rezerva-de-schimb-pentru-difuzorul-de-aroma-signature-midnight-jasmine-reed-200-ml\\\/#breadcrumb\",\"itemListElement\":[{\"@type\":\"ListItem\",\"position\":1,\"name\":\"Dom\u016f\",\"item\":\"https:\\\/\\\/shopatoa.com\\\/ro\\\/\"},{\"@type\":\"ListItem\",\"position\":2,\"name\":\"Shop\",\"item\":\"https:\\\/\\\/shopatoa.com\\\/ro\\\/shop\\\/\"},{\"@type\":\"ListItem\",\"position\":3,\"name\":\"Cosmetice\",\"item\":\"https:\\\/\\\/shopatoa.com\\\/ro\\\/cosmetice\\\/\"},{\"@type\":\"ListItem\",\"position\":4,\"name\":\"Lum\u00e2n\u0103ri parfumate \u0219i arome\",\"item\":\"https:\\\/\\\/shopatoa.com\\\/ro\\\/lumanari-parfumate-si-arome\\\/\"},{\"@type\":\"ListItem\",\"position\":5,\"name\":\"Difuzoare de parfum\",\"item\":\"https:\\\/\\\/shopatoa.com\\\/ro\\\/difuzoare-de-parfum\\\/\"},{\"@type\":\"ListItem\",\"position\":6,\"name\":\"Difuzor de aroma Tije\",\"item\":\"https:\\\/\\\/shopatoa.com\\\/ro\\\/difuzor-de-aroma-tije\\\/\"},{\"@type\":\"ListItem\",\"position\":7,\"name\":\"Yankee Candle Rezerv\u0103 de schimb pentru difuzorul de arom\u0103 Signature Midnight Jasmine Reed 200 ml\"}]},{\"@type\":\"WebSite\",\"@id\":\"https:\\\/\\\/shopatoa.com\\\/ro\\\/#website\",\"url\":\"https:\\\/\\\/shopatoa.com\\\/ro\\\/\",\"name\":\"SHOPATOA\",\"description\":\"\",\"publisher\":{\"@id\":\"https:\\\/\\\/shopatoa.com\\\/ro\\\/#organization\"},\"potentialAction\":[{\"@type\":\"SearchAction\",\"target\":{\"@type\":\"EntryPoint\",\"urlTemplate\":\"https:\\\/\\\/shopatoa.com\\\/ro\\\/?s={search_term_string}\"},\"query-input\":{\"@type\":\"PropertyValueSpecification\",\"valueRequired\":true,\"valueName\":\"search_term_string\"}}],\"inLanguage\":\"ro-RO\"},{\"@type\":\"Organization\",\"@id\":\"https:\\\/\\\/shopatoa.com\\\/ro\\\/#organization\",\"name\":\"SHOPATOA\",\"url\":\"https:\\\/\\\/shopatoa.com\\\/ro\\\/\",\"logo\":{\"@type\":\"ImageObject\",\"inLanguage\":\"ro-RO\",\"@id\":\"https:\\\/\\\/shopatoa.com\\\/ro\\\/#\\\/schema\\\/logo\\\/image\\\/\",\"url\":\"https:\\\/\\\/storage.googleapis.com\\\/cz-shopatoa-img\\\/ro\\\/b4dac915-shopatoa_logo.png\",\"contentUrl\":\"https:\\\/\\\/storage.googleapis.com\\\/cz-shopatoa-img\\\/ro\\\/b4dac915-shopatoa_logo.png\",\"width\":416,\"height\":63,\"caption\":\"SHOPATOA\"},\"image\":{\"@id\":\"https:\\\/\\\/shopatoa.com\\\/ro\\\/#\\\/schema\\\/logo\\\/image\\\/\"}}]}<\/script>\n<!-- \/ Yoast SEO plugin. -->","yoast_head_json":{"title":"Yankee Candle Rezerv\u0103 de schimb pentru difuzorul de arom\u0103 Signature Midnight Jasmine Reed 200 ml - SHOPATOA.COM","robots":{"index":"index","follow":"follow","max-snippet":"max-snippet:-1","max-image-preview":"max-image-preview:large","max-video-preview":"max-video-preview:-1"},"canonical":"https:\/\/shopatoa.com\/ro\/yankee-candle-rezerva-de-schimb-pentru-difuzorul-de-aroma-signature-midnight-jasmine-reed-200-ml\/","og_locale":"ro_RO","og_type":"article","og_title":"Yankee Candle Rezerv\u0103 de schimb pentru difuzorul de arom\u0103 Signature Midnight Jasmine Reed 200 ml - SHOPATOA.COM","og_description":"Rezerva de schimb pentru difuzorul de arom\u0103 Signature Midsummer&#8217;s Night Reed v\u0103 va oferi o cas\u0103 frumos parfumat\u0103 timp de p\u00e2n\u0103 la 20 de s\u0103pt\u0103m\u00e2ni. Amestec atr\u0103g\u0103tor \u0219i masculin de mosc, paciuli, salvie \u0219i ap\u0103 de colonie de mahon. Compozi\u021bie frumoas\u0103 \u0219i foarte senzual\u0103, dar pur\u0103, pentru b\u0103rba\u021bi.","og_url":"https:\/\/shopatoa.com\/ro\/yankee-candle-rezerva-de-schimb-pentru-difuzorul-de-aroma-signature-midnight-jasmine-reed-200-ml\/","og_site_name":"SHOPATOA","article_modified_time":"2025-12-15T04:44:00+00:00","og_image":[{"width":800,"height":800,"url":"https:\/\/storage.googleapis.com\/cz-shopatoa-img\/ro\/6e7da489-unnamed-file.webp","type":"image\/webp"}],"twitter_card":"summary_large_image","schema":{"@context":"https:\/\/schema.org","@graph":[{"@type":"WebPage","@id":"https:\/\/shopatoa.com\/ro\/yankee-candle-rezerva-de-schimb-pentru-difuzorul-de-aroma-signature-midnight-jasmine-reed-200-ml\/","url":"https:\/\/shopatoa.com\/ro\/yankee-candle-rezerva-de-schimb-pentru-difuzorul-de-aroma-signature-midnight-jasmine-reed-200-ml\/","name":"Yankee Candle Rezerv\u0103 de schimb pentru difuzorul de arom\u0103 Signature Midnight Jasmine Reed 200 ml - SHOPATOA.COM","isPartOf":{"@id":"https:\/\/shopatoa.com\/ro\/#website"},"primaryImageOfPage":{"@id":"https:\/\/shopatoa.com\/ro\/yankee-candle-rezerva-de-schimb-pentru-difuzorul-de-aroma-signature-midnight-jasmine-reed-200-ml\/#primaryimage"},"image":{"@id":"https:\/\/shopatoa.com\/ro\/yankee-candle-rezerva-de-schimb-pentru-difuzorul-de-aroma-signature-midnight-jasmine-reed-200-ml\/#primaryimage"},"thumbnailUrl":"https:\/\/storage.googleapis.com\/cz-shopatoa-img\/ro\/6e7da489-unnamed-file.webp","datePublished":"2025-04-30T00:06:00+00:00","dateModified":"2025-12-15T04:44:00+00:00","breadcrumb":{"@id":"https:\/\/shopatoa.com\/ro\/yankee-candle-rezerva-de-schimb-pentru-difuzorul-de-aroma-signature-midnight-jasmine-reed-200-ml\/#breadcrumb"},"inLanguage":"ro-RO","potentialAction":[{"@type":"ReadAction","target":["https:\/\/shopatoa.com\/ro\/yankee-candle-rezerva-de-schimb-pentru-difuzorul-de-aroma-signature-midnight-jasmine-reed-200-ml\/"]}]},{"@type":"ImageObject","inLanguage":"ro-RO","@id":"https:\/\/shopatoa.com\/ro\/yankee-candle-rezerva-de-schimb-pentru-difuzorul-de-aroma-signature-midnight-jasmine-reed-200-ml\/#primaryimage","url":"https:\/\/storage.googleapis.com\/cz-shopatoa-img\/ro\/6e7da489-unnamed-file.webp","contentUrl":"https:\/\/storage.googleapis.com\/cz-shopatoa-img\/ro\/6e7da489-unnamed-file.webp","width":800,"height":800},{"@type":"BreadcrumbList","@id":"https:\/\/shopatoa.com\/ro\/yankee-candle-rezerva-de-schimb-pentru-difuzorul-de-aroma-signature-midnight-jasmine-reed-200-ml\/#breadcrumb","itemListElement":[{"@type":"ListItem","position":1,"name":"Dom\u016f","item":"https:\/\/shopatoa.com\/ro\/"},{"@type":"ListItem","position":2,"name":"Shop","item":"https:\/\/shopatoa.com\/ro\/shop\/"},{"@type":"ListItem","position":3,"name":"Cosmetice","item":"https:\/\/shopatoa.com\/ro\/cosmetice\/"},{"@type":"ListItem","position":4,"name":"Lum\u00e2n\u0103ri parfumate \u0219i arome","item":"https:\/\/shopatoa.com\/ro\/lumanari-parfumate-si-arome\/"},{"@type":"ListItem","position":5,"name":"Difuzoare de parfum","item":"https:\/\/shopatoa.com\/ro\/difuzoare-de-parfum\/"},{"@type":"ListItem","position":6,"name":"Difuzor de aroma Tije","item":"https:\/\/shopatoa.com\/ro\/difuzor-de-aroma-tije\/"},{"@type":"ListItem","position":7,"name":"Yankee Candle Rezerv\u0103 de schimb pentru difuzorul de arom\u0103 Signature Midnight Jasmine Reed 200 ml"}]},{"@type":"WebSite","@id":"https:\/\/shopatoa.com\/ro\/#website","url":"https:\/\/shopatoa.com\/ro\/","name":"SHOPATOA","description":"","publisher":{"@id":"https:\/\/shopatoa.com\/ro\/#organization"},"potentialAction":[{"@type":"SearchAction","target":{"@type":"EntryPoint","urlTemplate":"https:\/\/shopatoa.com\/ro\/?s={search_term_string}"},"query-input":{"@type":"PropertyValueSpecification","valueRequired":true,"valueName":"search_term_string"}}],"inLanguage":"ro-RO"},{"@type":"Organization","@id":"https:\/\/shopatoa.com\/ro\/#organization","name":"SHOPATOA","url":"https:\/\/shopatoa.com\/ro\/","logo":{"@type":"ImageObject","inLanguage":"ro-RO","@id":"https:\/\/shopatoa.com\/ro\/#\/schema\/logo\/image\/","url":"https:\/\/storage.googleapis.com\/cz-shopatoa-img\/ro\/b4dac915-shopatoa_logo.png","contentUrl":"https:\/\/storage.googleapis.com\/cz-shopatoa-img\/ro\/b4dac915-shopatoa_logo.png","width":416,"height":63,"caption":"SHOPATOA"},"image":{"@id":"https:\/\/shopatoa.com\/ro\/#\/schema\/logo\/image\/"}}]}},"_links":{"self":[{"href":"https:\/\/shopatoa.com\/ro\/wp-json\/wp\/v2\/product\/275794","targetHints":{"allow":["GET"]}}],"collection":[{"href":"https:\/\/shopatoa.com\/ro\/wp-json\/wp\/v2\/product"}],"about":[{"href":"https:\/\/shopatoa.com\/ro\/wp-json\/wp\/v2\/types\/product"}],"replies":[{"embeddable":true,"href":"https:\/\/shopatoa.com\/ro\/wp-json\/wp\/v2\/comments?post=275794"}],"wp:featuredmedia":[{"embeddable":true,"href":"https:\/\/shopatoa.com\/ro\/wp-json\/wp\/v2\/media\/275795"}],"wp:attachment":[{"href":"https:\/\/shopatoa.com\/ro\/wp-json\/wp\/v2\/media?parent=275794"}],"wp:term":[{"taxonomy":"product_brand","embeddable":true,"href":"https:\/\/shopatoa.com\/ro\/wp-json\/wp\/v2\/product_brand?post=275794"},{"taxonomy":"product_cat","embeddable":true,"href":"https:\/\/shopatoa.com\/ro\/wp-json\/wp\/v2\/product_cat?post=275794"},{"taxonomy":"product_tag","embeddable":true,"href":"https:\/\/shopatoa.com\/ro\/wp-json\/wp\/v2\/product_tag?post=275794"}],"curies":[{"name":"wp","href":"https:\/\/api.w.org\/{rel}","templated":true}]}}