{"id":275810,"date":"2025-04-30T02:10:30","date_gmt":"2025-04-30T00:10:30","guid":{"rendered":"https:\/\/shopatoa.com\/ro\/loreal-paris-balsam-natural-de-lunga-durata-in-ruj-glow-paradise-balm-in-lipstick-48-g-112-pastel-exaltation\/"},"modified":"2025-12-15T05:43:34","modified_gmt":"2025-12-15T04:43:34","slug":"loreal-paris-balsam-natural-de-lunga-durata-in-ruj-glow-paradise-balm-in-lipstick-48-g-112-pastel-exaltation","status":"publish","type":"product","link":"https:\/\/shopatoa.com\/ro\/loreal-paris-balsam-natural-de-lunga-durata-in-ruj-glow-paradise-balm-in-lipstick-48-g-112-pastel-exaltation\/","title":{"rendered":"L&#8217;Or\u00e9al Paris Balsam natural de lung\u0103 durat\u0103 \u00een ruj Glow Paradise Balm in Lipstick 4,8 g 112 Pastel Exaltation"},"content":{"rendered":"<p>Duce\u021bi-v\u0103 buzele in rai cu noul ruj Glow Paradise Balm de la L&#8217;Or\u00e9al Paris, \u00eembog\u0103\u021bit cu balsam natural 92%, care \u00eengrije\u0219te buzele dvs. chiar \u0219i dup\u0103 demachiere. Textura delicat\u0103 cremoas\u0103, \u00eembog\u0103\u021bit\u0103 cu ulei de rodie, hidrateaz\u0103 buzele pentru o lung\u0103 perioad\u0103 de timp \u0219i, datorit\u0103 uleiurilor \u0219i cerurilor pe baz\u0103 de plante, ofer\u0103 buzelor dvs. o str\u0103lucire natural\u0103 din paradis. Balsamul din rujul Glow Paradise este chiar conceput pentru a fi potrivit chiar \u0219i pentru cele mai sensibile buze \u0219i, \u00een acela\u0219i timp, s\u0103 sublinieze fiecare ton. Buze str\u0103lucitoare pline de s\u0103n\u0103tate cu balsamul Glow Paradise \u00een ruj de la L&#8217;Or\u00e9al Paris.<\/p>\n","protected":false},"excerpt":{"rendered":"<p>Duce\u021bi-v\u0103 buzele in rai cu noul ruj Glow Paradise Balm de la L&#8217;Or\u00e9al Paris, \u00eembog\u0103\u021bit cu balsam natural 92%, care \u00eengrije\u0219te buzele dvs. chiar \u0219i dup\u0103 demachiere. Textura delicat\u0103 cremoas\u0103, \u00eembog\u0103\u021bit\u0103 cu ulei de rodie, hidrateaz\u0103 buzele pentru o lung\u0103 perioad\u0103 de timp \u0219i, datorit\u0103 uleiurilor \u0219i cerurilor pe baz\u0103 de plante, ofer\u0103 buzelor dvs&#8230;.<\/p>\n","protected":false},"featured_media":275811,"comment_status":"closed","ping_status":"open","template":"","meta":{"_acf_changed":false,"_kadence_starter_templates_imported_post":false,"_kad_post_transparent":"","_kad_post_title":"","_kad_post_layout":"","_kad_post_sidebar_id":"","_kad_post_content_style":"","_kad_post_vertical_padding":"","_kad_post_feature":"","_kad_post_feature_position":"","_kad_post_header":false,"_kad_post_footer":false,"_kad_post_classname":""},"product_brand":[384],"product_cat":[639,246,609,638],"product_tag":[],"class_list":{"0":"post-275810","1":"product","2":"type-product","3":"status-publish","4":"has-post-thumbnail","6":"product_brand-loreal-paris","7":"product_cat-balsamuri-de-buze","8":"product_cat-cosmetice","9":"product_cat-cosmetice-decorative","10":"product_cat-machiaj-pentru-buze","12":"first","13":"instock","14":"product-type-external","15":"entry","16":"content-bg","17":"loop-entry"},"acf":[],"yoast_head":"<!-- This site is optimized with the Yoast SEO plugin v27.3 - https:\/\/yoast.com\/product\/yoast-seo-wordpress\/ -->\n<title>L&#039;Or\u00e9al Paris Balsam natural de lung\u0103 durat\u0103 \u00een ruj Glow Paradise Balm in Lipstick 4,8 g 112 Pastel Exaltation - SHOPATOA.COM<\/title>\n<meta name=\"robots\" content=\"index, follow, max-snippet:-1, max-image-preview:large, max-video-preview:-1\" \/>\n<link rel=\"canonical\" href=\"https:\/\/shopatoa.com\/ro\/loreal-paris-balsam-natural-de-lunga-durata-in-ruj-glow-paradise-balm-in-lipstick-48-g-112-pastel-exaltation\/\" \/>\n<meta property=\"og:locale\" content=\"ro_RO\" \/>\n<meta property=\"og:type\" content=\"article\" \/>\n<meta property=\"og:title\" content=\"L&#039;Or\u00e9al Paris Balsam natural de lung\u0103 durat\u0103 \u00een ruj Glow Paradise Balm in Lipstick 4,8 g 112 Pastel Exaltation - SHOPATOA.COM\" \/>\n<meta property=\"og:description\" content=\"Duce\u021bi-v\u0103 buzele in rai cu noul ruj Glow Paradise Balm de la L&#8217;Or\u00e9al Paris, \u00eembog\u0103\u021bit cu balsam natural 92%, care \u00eengrije\u0219te buzele dvs. chiar \u0219i dup\u0103 demachiere. Textura delicat\u0103 cremoas\u0103, \u00eembog\u0103\u021bit\u0103 cu ulei de rodie, hidrateaz\u0103 buzele pentru o lung\u0103 perioad\u0103 de timp \u0219i, datorit\u0103 uleiurilor \u0219i cerurilor pe baz\u0103 de plante, ofer\u0103 buzelor dvs....\" \/>\n<meta property=\"og:url\" content=\"https:\/\/shopatoa.com\/ro\/loreal-paris-balsam-natural-de-lunga-durata-in-ruj-glow-paradise-balm-in-lipstick-48-g-112-pastel-exaltation\/\" \/>\n<meta property=\"og:site_name\" content=\"SHOPATOA\" \/>\n<meta property=\"article:modified_time\" content=\"2025-12-15T04:43:34+00:00\" \/>\n<meta property=\"og:image\" content=\"https:\/\/storage.googleapis.com\/cz-shopatoa-img\/ro\/9c97ae90-unnamed-file.webp\" \/>\n\t<meta property=\"og:image:width\" content=\"800\" \/>\n\t<meta property=\"og:image:height\" content=\"800\" \/>\n\t<meta property=\"og:image:type\" content=\"image\/webp\" \/>\n<meta name=\"twitter:card\" content=\"summary_large_image\" \/>\n<meta name=\"twitter:label1\" content=\"Timp estimat pentru citire\" \/>\n\t<meta name=\"twitter:data1\" content=\"1 minut\" \/>\n<script type=\"application\/ld+json\" class=\"yoast-schema-graph\">{\"@context\":\"https:\\\/\\\/schema.org\",\"@graph\":[{\"@type\":\"WebPage\",\"@id\":\"https:\\\/\\\/shopatoa.com\\\/ro\\\/loreal-paris-balsam-natural-de-lunga-durata-in-ruj-glow-paradise-balm-in-lipstick-48-g-112-pastel-exaltation\\\/\",\"url\":\"https:\\\/\\\/shopatoa.com\\\/ro\\\/loreal-paris-balsam-natural-de-lunga-durata-in-ruj-glow-paradise-balm-in-lipstick-48-g-112-pastel-exaltation\\\/\",\"name\":\"L'Or\u00e9al Paris Balsam natural de lung\u0103 durat\u0103 \u00een ruj Glow Paradise Balm in Lipstick 4,8 g 112 Pastel Exaltation - SHOPATOA.COM\",\"isPartOf\":{\"@id\":\"https:\\\/\\\/shopatoa.com\\\/ro\\\/#website\"},\"primaryImageOfPage\":{\"@id\":\"https:\\\/\\\/shopatoa.com\\\/ro\\\/loreal-paris-balsam-natural-de-lunga-durata-in-ruj-glow-paradise-balm-in-lipstick-48-g-112-pastel-exaltation\\\/#primaryimage\"},\"image\":{\"@id\":\"https:\\\/\\\/shopatoa.com\\\/ro\\\/loreal-paris-balsam-natural-de-lunga-durata-in-ruj-glow-paradise-balm-in-lipstick-48-g-112-pastel-exaltation\\\/#primaryimage\"},\"thumbnailUrl\":\"https:\\\/\\\/storage.googleapis.com\\\/cz-shopatoa-img\\\/ro\\\/9c97ae90-unnamed-file.webp\",\"datePublished\":\"2025-04-30T00:10:30+00:00\",\"dateModified\":\"2025-12-15T04:43:34+00:00\",\"breadcrumb\":{\"@id\":\"https:\\\/\\\/shopatoa.com\\\/ro\\\/loreal-paris-balsam-natural-de-lunga-durata-in-ruj-glow-paradise-balm-in-lipstick-48-g-112-pastel-exaltation\\\/#breadcrumb\"},\"inLanguage\":\"ro-RO\",\"potentialAction\":[{\"@type\":\"ReadAction\",\"target\":[\"https:\\\/\\\/shopatoa.com\\\/ro\\\/loreal-paris-balsam-natural-de-lunga-durata-in-ruj-glow-paradise-balm-in-lipstick-48-g-112-pastel-exaltation\\\/\"]}]},{\"@type\":\"ImageObject\",\"inLanguage\":\"ro-RO\",\"@id\":\"https:\\\/\\\/shopatoa.com\\\/ro\\\/loreal-paris-balsam-natural-de-lunga-durata-in-ruj-glow-paradise-balm-in-lipstick-48-g-112-pastel-exaltation\\\/#primaryimage\",\"url\":\"https:\\\/\\\/storage.googleapis.com\\\/cz-shopatoa-img\\\/ro\\\/9c97ae90-unnamed-file.webp\",\"contentUrl\":\"https:\\\/\\\/storage.googleapis.com\\\/cz-shopatoa-img\\\/ro\\\/9c97ae90-unnamed-file.webp\",\"width\":800,\"height\":800},{\"@type\":\"BreadcrumbList\",\"@id\":\"https:\\\/\\\/shopatoa.com\\\/ro\\\/loreal-paris-balsam-natural-de-lunga-durata-in-ruj-glow-paradise-balm-in-lipstick-48-g-112-pastel-exaltation\\\/#breadcrumb\",\"itemListElement\":[{\"@type\":\"ListItem\",\"position\":1,\"name\":\"Dom\u016f\",\"item\":\"https:\\\/\\\/shopatoa.com\\\/ro\\\/\"},{\"@type\":\"ListItem\",\"position\":2,\"name\":\"Shop\",\"item\":\"https:\\\/\\\/shopatoa.com\\\/ro\\\/shop\\\/\"},{\"@type\":\"ListItem\",\"position\":3,\"name\":\"Cosmetice\",\"item\":\"https:\\\/\\\/shopatoa.com\\\/ro\\\/cosmetice\\\/\"},{\"@type\":\"ListItem\",\"position\":4,\"name\":\"Cosmetice decorative\",\"item\":\"https:\\\/\\\/shopatoa.com\\\/ro\\\/cosmetice-decorative\\\/\"},{\"@type\":\"ListItem\",\"position\":5,\"name\":\"Machiaj pentru buze\",\"item\":\"https:\\\/\\\/shopatoa.com\\\/ro\\\/machiaj-pentru-buze\\\/\"},{\"@type\":\"ListItem\",\"position\":6,\"name\":\"Balsamuri de buze\",\"item\":\"https:\\\/\\\/shopatoa.com\\\/ro\\\/balsamuri-de-buze\\\/\"},{\"@type\":\"ListItem\",\"position\":7,\"name\":\"L&#8217;Or\u00e9al Paris Balsam natural de lung\u0103 durat\u0103 \u00een ruj Glow Paradise Balm in Lipstick 4,8 g 112 Pastel Exaltation\"}]},{\"@type\":\"WebSite\",\"@id\":\"https:\\\/\\\/shopatoa.com\\\/ro\\\/#website\",\"url\":\"https:\\\/\\\/shopatoa.com\\\/ro\\\/\",\"name\":\"SHOPATOA\",\"description\":\"\",\"publisher\":{\"@id\":\"https:\\\/\\\/shopatoa.com\\\/ro\\\/#organization\"},\"potentialAction\":[{\"@type\":\"SearchAction\",\"target\":{\"@type\":\"EntryPoint\",\"urlTemplate\":\"https:\\\/\\\/shopatoa.com\\\/ro\\\/?s={search_term_string}\"},\"query-input\":{\"@type\":\"PropertyValueSpecification\",\"valueRequired\":true,\"valueName\":\"search_term_string\"}}],\"inLanguage\":\"ro-RO\"},{\"@type\":\"Organization\",\"@id\":\"https:\\\/\\\/shopatoa.com\\\/ro\\\/#organization\",\"name\":\"SHOPATOA\",\"url\":\"https:\\\/\\\/shopatoa.com\\\/ro\\\/\",\"logo\":{\"@type\":\"ImageObject\",\"inLanguage\":\"ro-RO\",\"@id\":\"https:\\\/\\\/shopatoa.com\\\/ro\\\/#\\\/schema\\\/logo\\\/image\\\/\",\"url\":\"https:\\\/\\\/storage.googleapis.com\\\/cz-shopatoa-img\\\/ro\\\/b4dac915-shopatoa_logo.png\",\"contentUrl\":\"https:\\\/\\\/storage.googleapis.com\\\/cz-shopatoa-img\\\/ro\\\/b4dac915-shopatoa_logo.png\",\"width\":416,\"height\":63,\"caption\":\"SHOPATOA\"},\"image\":{\"@id\":\"https:\\\/\\\/shopatoa.com\\\/ro\\\/#\\\/schema\\\/logo\\\/image\\\/\"}}]}<\/script>\n<!-- \/ Yoast SEO plugin. -->","yoast_head_json":{"title":"L'Or\u00e9al Paris Balsam natural de lung\u0103 durat\u0103 \u00een ruj Glow Paradise Balm in Lipstick 4,8 g 112 Pastel Exaltation - SHOPATOA.COM","robots":{"index":"index","follow":"follow","max-snippet":"max-snippet:-1","max-image-preview":"max-image-preview:large","max-video-preview":"max-video-preview:-1"},"canonical":"https:\/\/shopatoa.com\/ro\/loreal-paris-balsam-natural-de-lunga-durata-in-ruj-glow-paradise-balm-in-lipstick-48-g-112-pastel-exaltation\/","og_locale":"ro_RO","og_type":"article","og_title":"L'Or\u00e9al Paris Balsam natural de lung\u0103 durat\u0103 \u00een ruj Glow Paradise Balm in Lipstick 4,8 g 112 Pastel Exaltation - SHOPATOA.COM","og_description":"Duce\u021bi-v\u0103 buzele in rai cu noul ruj Glow Paradise Balm de la L&#8217;Or\u00e9al Paris, \u00eembog\u0103\u021bit cu balsam natural 92%, care \u00eengrije\u0219te buzele dvs. chiar \u0219i dup\u0103 demachiere. Textura delicat\u0103 cremoas\u0103, \u00eembog\u0103\u021bit\u0103 cu ulei de rodie, hidrateaz\u0103 buzele pentru o lung\u0103 perioad\u0103 de timp \u0219i, datorit\u0103 uleiurilor \u0219i cerurilor pe baz\u0103 de plante, ofer\u0103 buzelor dvs....","og_url":"https:\/\/shopatoa.com\/ro\/loreal-paris-balsam-natural-de-lunga-durata-in-ruj-glow-paradise-balm-in-lipstick-48-g-112-pastel-exaltation\/","og_site_name":"SHOPATOA","article_modified_time":"2025-12-15T04:43:34+00:00","og_image":[{"width":800,"height":800,"url":"https:\/\/storage.googleapis.com\/cz-shopatoa-img\/ro\/9c97ae90-unnamed-file.webp","type":"image\/webp"}],"twitter_card":"summary_large_image","twitter_misc":{"Timp estimat pentru citire":"1 minut"},"schema":{"@context":"https:\/\/schema.org","@graph":[{"@type":"WebPage","@id":"https:\/\/shopatoa.com\/ro\/loreal-paris-balsam-natural-de-lunga-durata-in-ruj-glow-paradise-balm-in-lipstick-48-g-112-pastel-exaltation\/","url":"https:\/\/shopatoa.com\/ro\/loreal-paris-balsam-natural-de-lunga-durata-in-ruj-glow-paradise-balm-in-lipstick-48-g-112-pastel-exaltation\/","name":"L'Or\u00e9al Paris Balsam natural de lung\u0103 durat\u0103 \u00een ruj Glow Paradise Balm in Lipstick 4,8 g 112 Pastel Exaltation - SHOPATOA.COM","isPartOf":{"@id":"https:\/\/shopatoa.com\/ro\/#website"},"primaryImageOfPage":{"@id":"https:\/\/shopatoa.com\/ro\/loreal-paris-balsam-natural-de-lunga-durata-in-ruj-glow-paradise-balm-in-lipstick-48-g-112-pastel-exaltation\/#primaryimage"},"image":{"@id":"https:\/\/shopatoa.com\/ro\/loreal-paris-balsam-natural-de-lunga-durata-in-ruj-glow-paradise-balm-in-lipstick-48-g-112-pastel-exaltation\/#primaryimage"},"thumbnailUrl":"https:\/\/storage.googleapis.com\/cz-shopatoa-img\/ro\/9c97ae90-unnamed-file.webp","datePublished":"2025-04-30T00:10:30+00:00","dateModified":"2025-12-15T04:43:34+00:00","breadcrumb":{"@id":"https:\/\/shopatoa.com\/ro\/loreal-paris-balsam-natural-de-lunga-durata-in-ruj-glow-paradise-balm-in-lipstick-48-g-112-pastel-exaltation\/#breadcrumb"},"inLanguage":"ro-RO","potentialAction":[{"@type":"ReadAction","target":["https:\/\/shopatoa.com\/ro\/loreal-paris-balsam-natural-de-lunga-durata-in-ruj-glow-paradise-balm-in-lipstick-48-g-112-pastel-exaltation\/"]}]},{"@type":"ImageObject","inLanguage":"ro-RO","@id":"https:\/\/shopatoa.com\/ro\/loreal-paris-balsam-natural-de-lunga-durata-in-ruj-glow-paradise-balm-in-lipstick-48-g-112-pastel-exaltation\/#primaryimage","url":"https:\/\/storage.googleapis.com\/cz-shopatoa-img\/ro\/9c97ae90-unnamed-file.webp","contentUrl":"https:\/\/storage.googleapis.com\/cz-shopatoa-img\/ro\/9c97ae90-unnamed-file.webp","width":800,"height":800},{"@type":"BreadcrumbList","@id":"https:\/\/shopatoa.com\/ro\/loreal-paris-balsam-natural-de-lunga-durata-in-ruj-glow-paradise-balm-in-lipstick-48-g-112-pastel-exaltation\/#breadcrumb","itemListElement":[{"@type":"ListItem","position":1,"name":"Dom\u016f","item":"https:\/\/shopatoa.com\/ro\/"},{"@type":"ListItem","position":2,"name":"Shop","item":"https:\/\/shopatoa.com\/ro\/shop\/"},{"@type":"ListItem","position":3,"name":"Cosmetice","item":"https:\/\/shopatoa.com\/ro\/cosmetice\/"},{"@type":"ListItem","position":4,"name":"Cosmetice decorative","item":"https:\/\/shopatoa.com\/ro\/cosmetice-decorative\/"},{"@type":"ListItem","position":5,"name":"Machiaj pentru buze","item":"https:\/\/shopatoa.com\/ro\/machiaj-pentru-buze\/"},{"@type":"ListItem","position":6,"name":"Balsamuri de buze","item":"https:\/\/shopatoa.com\/ro\/balsamuri-de-buze\/"},{"@type":"ListItem","position":7,"name":"L&#8217;Or\u00e9al Paris Balsam natural de lung\u0103 durat\u0103 \u00een ruj Glow Paradise Balm in Lipstick 4,8 g 112 Pastel Exaltation"}]},{"@type":"WebSite","@id":"https:\/\/shopatoa.com\/ro\/#website","url":"https:\/\/shopatoa.com\/ro\/","name":"SHOPATOA","description":"","publisher":{"@id":"https:\/\/shopatoa.com\/ro\/#organization"},"potentialAction":[{"@type":"SearchAction","target":{"@type":"EntryPoint","urlTemplate":"https:\/\/shopatoa.com\/ro\/?s={search_term_string}"},"query-input":{"@type":"PropertyValueSpecification","valueRequired":true,"valueName":"search_term_string"}}],"inLanguage":"ro-RO"},{"@type":"Organization","@id":"https:\/\/shopatoa.com\/ro\/#organization","name":"SHOPATOA","url":"https:\/\/shopatoa.com\/ro\/","logo":{"@type":"ImageObject","inLanguage":"ro-RO","@id":"https:\/\/shopatoa.com\/ro\/#\/schema\/logo\/image\/","url":"https:\/\/storage.googleapis.com\/cz-shopatoa-img\/ro\/b4dac915-shopatoa_logo.png","contentUrl":"https:\/\/storage.googleapis.com\/cz-shopatoa-img\/ro\/b4dac915-shopatoa_logo.png","width":416,"height":63,"caption":"SHOPATOA"},"image":{"@id":"https:\/\/shopatoa.com\/ro\/#\/schema\/logo\/image\/"}}]}},"_links":{"self":[{"href":"https:\/\/shopatoa.com\/ro\/wp-json\/wp\/v2\/product\/275810","targetHints":{"allow":["GET"]}}],"collection":[{"href":"https:\/\/shopatoa.com\/ro\/wp-json\/wp\/v2\/product"}],"about":[{"href":"https:\/\/shopatoa.com\/ro\/wp-json\/wp\/v2\/types\/product"}],"replies":[{"embeddable":true,"href":"https:\/\/shopatoa.com\/ro\/wp-json\/wp\/v2\/comments?post=275810"}],"wp:featuredmedia":[{"embeddable":true,"href":"https:\/\/shopatoa.com\/ro\/wp-json\/wp\/v2\/media\/275811"}],"wp:attachment":[{"href":"https:\/\/shopatoa.com\/ro\/wp-json\/wp\/v2\/media?parent=275810"}],"wp:term":[{"taxonomy":"product_brand","embeddable":true,"href":"https:\/\/shopatoa.com\/ro\/wp-json\/wp\/v2\/product_brand?post=275810"},{"taxonomy":"product_cat","embeddable":true,"href":"https:\/\/shopatoa.com\/ro\/wp-json\/wp\/v2\/product_cat?post=275810"},{"taxonomy":"product_tag","embeddable":true,"href":"https:\/\/shopatoa.com\/ro\/wp-json\/wp\/v2\/product_tag?post=275810"}],"curies":[{"name":"wp","href":"https:\/\/api.w.org\/{rel}","templated":true}]}}