{"id":275907,"date":"2025-04-30T02:31:18","date_gmt":"2025-04-30T00:31:18","guid":{"rendered":"https:\/\/shopatoa.com\/ro\/omron-compresor-inhalator-c102-total\/"},"modified":"2025-12-15T05:32:15","modified_gmt":"2025-12-15T04:32:15","slug":"omron-compresor-inhalator-c102-total","status":"publish","type":"product","link":"https:\/\/shopatoa.com\/ro\/omron-compresor-inhalator-c102-total\/","title":{"rendered":"Omron Compresor inhalator C102 Total"},"content":{"rendered":"<p>Inhalatorul cu compresor OMRON C102 Total 2 in 1 combin\u0103 tratamentul prin inhalare cu irigarea nazala. Suferi\u021bi de r\u0103ceal\u0103, tuse? Pute\u021bi folosi C102 Total nu numai pentru boli respiratorii, ci \u0219i pentru r\u0103celi obi\u0219nuite \u0219i pute\u021bi ameliora un nas blocat cu ajutorul unui du\u0219 nazal. Este destinat at\u00e2t copiilor, c\u00e2t \u0219i adul\u021bilor. Asigur\u0103 o eficien\u021b\u0103 ridicat\u0103 a inhal\u0103rii \u0219i o pierdere mai mic\u0103 a solu\u021biei medicinale. U\u0219urin\u021ba \u00een utilizare \u0219i \u00eentre\u021binerea simpl\u0103 garanteaz\u0103 confort maxim pentru utilizator. Inhalarea este posibil\u0103 at\u00e2t cu ajutorul unui mu\u0219tiuc, c\u00e2t \u0219i prin utilizarea unei m\u0103\u0219ti pentru adul\u021bi sau a unei m\u0103\u0219ti pentru copii, care sunt incluse \u00een pachet.<\/p>\n","protected":false},"excerpt":{"rendered":"<p>Inhalatorul cu compresor OMRON C102 Total 2 in 1 combin\u0103 tratamentul prin inhalare cu irigarea nazala. Suferi\u021bi de r\u0103ceal\u0103, tuse? Pute\u021bi folosi C102 Total nu numai pentru boli respiratorii, ci \u0219i pentru r\u0103celi obi\u0219nuite \u0219i pute\u021bi ameliora un nas blocat cu ajutorul unui du\u0219 nazal. Este destinat at\u00e2t copiilor, c\u00e2t \u0219i adul\u021bilor. Asigur\u0103 o eficien\u021b\u0103&#8230;<\/p>\n","protected":false},"featured_media":275908,"comment_status":"closed","ping_status":"open","template":"","meta":{"_acf_changed":false,"_kadence_starter_templates_imported_post":false,"_kad_post_transparent":"","_kad_post_title":"","_kad_post_layout":"","_kad_post_sidebar_id":"","_kad_post_content_style":"","_kad_post_vertical_padding":"","_kad_post_feature":"","_kad_post_feature_position":"","_kad_post_header":false,"_kad_post_footer":false,"_kad_post_classname":""},"product_brand":[392],"product_cat":[733,1100,353],"product_tag":[],"class_list":{"0":"post-275907","1":"product","2":"type-product","3":"status-publish","4":"has-post-thumbnail","6":"product_brand-omron","7":"product_cat-aparate-si-ajutoare-de-sanatate","8":"product_cat-respiratie-sanatoasa","9":"product_cat-sanatate","11":"first","12":"instock","13":"product-type-external","14":"entry","15":"content-bg","16":"loop-entry"},"acf":[],"yoast_head":"<!-- This site is optimized with the Yoast SEO plugin v27.4 - https:\/\/yoast.com\/product\/yoast-seo-wordpress\/ -->\n<title>Omron Compresor inhalator C102 Total - SHOPATOA.COM<\/title>\n<meta name=\"robots\" content=\"index, follow, max-snippet:-1, max-image-preview:large, max-video-preview:-1\" \/>\n<link rel=\"canonical\" href=\"https:\/\/shopatoa.com\/ro\/omron-compresor-inhalator-c102-total\/\" \/>\n<meta property=\"og:locale\" content=\"ro_RO\" \/>\n<meta property=\"og:type\" content=\"article\" \/>\n<meta property=\"og:title\" content=\"Omron Compresor inhalator C102 Total - SHOPATOA.COM\" \/>\n<meta property=\"og:description\" content=\"Inhalatorul cu compresor OMRON C102 Total 2 in 1 combin\u0103 tratamentul prin inhalare cu irigarea nazala. Suferi\u021bi de r\u0103ceal\u0103, tuse? Pute\u021bi folosi C102 Total nu numai pentru boli respiratorii, ci \u0219i pentru r\u0103celi obi\u0219nuite \u0219i pute\u021bi ameliora un nas blocat cu ajutorul unui du\u0219 nazal. Este destinat at\u00e2t copiilor, c\u00e2t \u0219i adul\u021bilor. Asigur\u0103 o eficien\u021b\u0103...\" \/>\n<meta property=\"og:url\" content=\"https:\/\/shopatoa.com\/ro\/omron-compresor-inhalator-c102-total\/\" \/>\n<meta property=\"og:site_name\" content=\"SHOPATOA\" \/>\n<meta property=\"article:modified_time\" content=\"2025-12-15T04:32:15+00:00\" \/>\n<meta property=\"og:image\" content=\"https:\/\/storage.googleapis.com\/cz-shopatoa-img\/ro\/d6d98734-unnamed-file.webp\" \/>\n\t<meta property=\"og:image:width\" content=\"800\" \/>\n\t<meta property=\"og:image:height\" content=\"800\" \/>\n\t<meta property=\"og:image:type\" content=\"image\/webp\" \/>\n<meta name=\"twitter:card\" content=\"summary_large_image\" \/>\n<meta name=\"twitter:label1\" content=\"Timp estimat pentru citire\" \/>\n\t<meta name=\"twitter:data1\" content=\"1 minut\" \/>\n<script type=\"application\/ld+json\" class=\"yoast-schema-graph\">{\"@context\":\"https:\\\/\\\/schema.org\",\"@graph\":[{\"@type\":\"WebPage\",\"@id\":\"https:\\\/\\\/shopatoa.com\\\/ro\\\/omron-compresor-inhalator-c102-total\\\/\",\"url\":\"https:\\\/\\\/shopatoa.com\\\/ro\\\/omron-compresor-inhalator-c102-total\\\/\",\"name\":\"Omron Compresor inhalator C102 Total - SHOPATOA.COM\",\"isPartOf\":{\"@id\":\"https:\\\/\\\/shopatoa.com\\\/ro\\\/#website\"},\"primaryImageOfPage\":{\"@id\":\"https:\\\/\\\/shopatoa.com\\\/ro\\\/omron-compresor-inhalator-c102-total\\\/#primaryimage\"},\"image\":{\"@id\":\"https:\\\/\\\/shopatoa.com\\\/ro\\\/omron-compresor-inhalator-c102-total\\\/#primaryimage\"},\"thumbnailUrl\":\"https:\\\/\\\/storage.googleapis.com\\\/cz-shopatoa-img\\\/ro\\\/d6d98734-unnamed-file.webp\",\"datePublished\":\"2025-04-30T00:31:18+00:00\",\"dateModified\":\"2025-12-15T04:32:15+00:00\",\"breadcrumb\":{\"@id\":\"https:\\\/\\\/shopatoa.com\\\/ro\\\/omron-compresor-inhalator-c102-total\\\/#breadcrumb\"},\"inLanguage\":\"ro-RO\",\"potentialAction\":[{\"@type\":\"ReadAction\",\"target\":[\"https:\\\/\\\/shopatoa.com\\\/ro\\\/omron-compresor-inhalator-c102-total\\\/\"]}]},{\"@type\":\"ImageObject\",\"inLanguage\":\"ro-RO\",\"@id\":\"https:\\\/\\\/shopatoa.com\\\/ro\\\/omron-compresor-inhalator-c102-total\\\/#primaryimage\",\"url\":\"https:\\\/\\\/storage.googleapis.com\\\/cz-shopatoa-img\\\/ro\\\/d6d98734-unnamed-file.webp\",\"contentUrl\":\"https:\\\/\\\/storage.googleapis.com\\\/cz-shopatoa-img\\\/ro\\\/d6d98734-unnamed-file.webp\",\"width\":800,\"height\":800},{\"@type\":\"BreadcrumbList\",\"@id\":\"https:\\\/\\\/shopatoa.com\\\/ro\\\/omron-compresor-inhalator-c102-total\\\/#breadcrumb\",\"itemListElement\":[{\"@type\":\"ListItem\",\"position\":1,\"name\":\"Dom\u016f\",\"item\":\"https:\\\/\\\/shopatoa.com\\\/ro\\\/\"},{\"@type\":\"ListItem\",\"position\":2,\"name\":\"Shop\",\"item\":\"https:\\\/\\\/shopatoa.com\\\/ro\\\/shop\\\/\"},{\"@type\":\"ListItem\",\"position\":3,\"name\":\"S\u0103n\u0103tate\",\"item\":\"https:\\\/\\\/shopatoa.com\\\/ro\\\/sanatate\\\/\"},{\"@type\":\"ListItem\",\"position\":4,\"name\":\"Aparate \u0219i ajutoare de s\u0103n\u0103tate\",\"item\":\"https:\\\/\\\/shopatoa.com\\\/ro\\\/aparate-si-ajutoare-de-sanatate\\\/\"},{\"@type\":\"ListItem\",\"position\":5,\"name\":\"Respira\u021bie s\u0103n\u0103toas\u0103\",\"item\":\"https:\\\/\\\/shopatoa.com\\\/ro\\\/respiratie-sanatoasa\\\/\"},{\"@type\":\"ListItem\",\"position\":6,\"name\":\"Omron Compresor inhalator C102 Total\"}]},{\"@type\":\"WebSite\",\"@id\":\"https:\\\/\\\/shopatoa.com\\\/ro\\\/#website\",\"url\":\"https:\\\/\\\/shopatoa.com\\\/ro\\\/\",\"name\":\"SHOPATOA\",\"description\":\"\",\"publisher\":{\"@id\":\"https:\\\/\\\/shopatoa.com\\\/ro\\\/#organization\"},\"potentialAction\":[{\"@type\":\"SearchAction\",\"target\":{\"@type\":\"EntryPoint\",\"urlTemplate\":\"https:\\\/\\\/shopatoa.com\\\/ro\\\/?s={search_term_string}\"},\"query-input\":{\"@type\":\"PropertyValueSpecification\",\"valueRequired\":true,\"valueName\":\"search_term_string\"}}],\"inLanguage\":\"ro-RO\"},{\"@type\":\"Organization\",\"@id\":\"https:\\\/\\\/shopatoa.com\\\/ro\\\/#organization\",\"name\":\"SHOPATOA\",\"url\":\"https:\\\/\\\/shopatoa.com\\\/ro\\\/\",\"logo\":{\"@type\":\"ImageObject\",\"inLanguage\":\"ro-RO\",\"@id\":\"https:\\\/\\\/shopatoa.com\\\/ro\\\/#\\\/schema\\\/logo\\\/image\\\/\",\"url\":\"https:\\\/\\\/storage.googleapis.com\\\/cz-shopatoa-img\\\/ro\\\/b4dac915-shopatoa_logo.png\",\"contentUrl\":\"https:\\\/\\\/storage.googleapis.com\\\/cz-shopatoa-img\\\/ro\\\/b4dac915-shopatoa_logo.png\",\"width\":416,\"height\":63,\"caption\":\"SHOPATOA\"},\"image\":{\"@id\":\"https:\\\/\\\/shopatoa.com\\\/ro\\\/#\\\/schema\\\/logo\\\/image\\\/\"}}]}<\/script>\n<!-- \/ Yoast SEO plugin. -->","yoast_head_json":{"title":"Omron Compresor inhalator C102 Total - SHOPATOA.COM","robots":{"index":"index","follow":"follow","max-snippet":"max-snippet:-1","max-image-preview":"max-image-preview:large","max-video-preview":"max-video-preview:-1"},"canonical":"https:\/\/shopatoa.com\/ro\/omron-compresor-inhalator-c102-total\/","og_locale":"ro_RO","og_type":"article","og_title":"Omron Compresor inhalator C102 Total - SHOPATOA.COM","og_description":"Inhalatorul cu compresor OMRON C102 Total 2 in 1 combin\u0103 tratamentul prin inhalare cu irigarea nazala. Suferi\u021bi de r\u0103ceal\u0103, tuse? Pute\u021bi folosi C102 Total nu numai pentru boli respiratorii, ci \u0219i pentru r\u0103celi obi\u0219nuite \u0219i pute\u021bi ameliora un nas blocat cu ajutorul unui du\u0219 nazal. Este destinat at\u00e2t copiilor, c\u00e2t \u0219i adul\u021bilor. Asigur\u0103 o eficien\u021b\u0103...","og_url":"https:\/\/shopatoa.com\/ro\/omron-compresor-inhalator-c102-total\/","og_site_name":"SHOPATOA","article_modified_time":"2025-12-15T04:32:15+00:00","og_image":[{"width":800,"height":800,"url":"https:\/\/storage.googleapis.com\/cz-shopatoa-img\/ro\/d6d98734-unnamed-file.webp","type":"image\/webp"}],"twitter_card":"summary_large_image","twitter_misc":{"Timp estimat pentru citire":"1 minut"},"schema":{"@context":"https:\/\/schema.org","@graph":[{"@type":"WebPage","@id":"https:\/\/shopatoa.com\/ro\/omron-compresor-inhalator-c102-total\/","url":"https:\/\/shopatoa.com\/ro\/omron-compresor-inhalator-c102-total\/","name":"Omron Compresor inhalator C102 Total - SHOPATOA.COM","isPartOf":{"@id":"https:\/\/shopatoa.com\/ro\/#website"},"primaryImageOfPage":{"@id":"https:\/\/shopatoa.com\/ro\/omron-compresor-inhalator-c102-total\/#primaryimage"},"image":{"@id":"https:\/\/shopatoa.com\/ro\/omron-compresor-inhalator-c102-total\/#primaryimage"},"thumbnailUrl":"https:\/\/storage.googleapis.com\/cz-shopatoa-img\/ro\/d6d98734-unnamed-file.webp","datePublished":"2025-04-30T00:31:18+00:00","dateModified":"2025-12-15T04:32:15+00:00","breadcrumb":{"@id":"https:\/\/shopatoa.com\/ro\/omron-compresor-inhalator-c102-total\/#breadcrumb"},"inLanguage":"ro-RO","potentialAction":[{"@type":"ReadAction","target":["https:\/\/shopatoa.com\/ro\/omron-compresor-inhalator-c102-total\/"]}]},{"@type":"ImageObject","inLanguage":"ro-RO","@id":"https:\/\/shopatoa.com\/ro\/omron-compresor-inhalator-c102-total\/#primaryimage","url":"https:\/\/storage.googleapis.com\/cz-shopatoa-img\/ro\/d6d98734-unnamed-file.webp","contentUrl":"https:\/\/storage.googleapis.com\/cz-shopatoa-img\/ro\/d6d98734-unnamed-file.webp","width":800,"height":800},{"@type":"BreadcrumbList","@id":"https:\/\/shopatoa.com\/ro\/omron-compresor-inhalator-c102-total\/#breadcrumb","itemListElement":[{"@type":"ListItem","position":1,"name":"Dom\u016f","item":"https:\/\/shopatoa.com\/ro\/"},{"@type":"ListItem","position":2,"name":"Shop","item":"https:\/\/shopatoa.com\/ro\/shop\/"},{"@type":"ListItem","position":3,"name":"S\u0103n\u0103tate","item":"https:\/\/shopatoa.com\/ro\/sanatate\/"},{"@type":"ListItem","position":4,"name":"Aparate \u0219i ajutoare de s\u0103n\u0103tate","item":"https:\/\/shopatoa.com\/ro\/aparate-si-ajutoare-de-sanatate\/"},{"@type":"ListItem","position":5,"name":"Respira\u021bie s\u0103n\u0103toas\u0103","item":"https:\/\/shopatoa.com\/ro\/respiratie-sanatoasa\/"},{"@type":"ListItem","position":6,"name":"Omron Compresor inhalator C102 Total"}]},{"@type":"WebSite","@id":"https:\/\/shopatoa.com\/ro\/#website","url":"https:\/\/shopatoa.com\/ro\/","name":"SHOPATOA","description":"","publisher":{"@id":"https:\/\/shopatoa.com\/ro\/#organization"},"potentialAction":[{"@type":"SearchAction","target":{"@type":"EntryPoint","urlTemplate":"https:\/\/shopatoa.com\/ro\/?s={search_term_string}"},"query-input":{"@type":"PropertyValueSpecification","valueRequired":true,"valueName":"search_term_string"}}],"inLanguage":"ro-RO"},{"@type":"Organization","@id":"https:\/\/shopatoa.com\/ro\/#organization","name":"SHOPATOA","url":"https:\/\/shopatoa.com\/ro\/","logo":{"@type":"ImageObject","inLanguage":"ro-RO","@id":"https:\/\/shopatoa.com\/ro\/#\/schema\/logo\/image\/","url":"https:\/\/storage.googleapis.com\/cz-shopatoa-img\/ro\/b4dac915-shopatoa_logo.png","contentUrl":"https:\/\/storage.googleapis.com\/cz-shopatoa-img\/ro\/b4dac915-shopatoa_logo.png","width":416,"height":63,"caption":"SHOPATOA"},"image":{"@id":"https:\/\/shopatoa.com\/ro\/#\/schema\/logo\/image\/"}}]}},"_links":{"self":[{"href":"https:\/\/shopatoa.com\/ro\/wp-json\/wp\/v2\/product\/275907","targetHints":{"allow":["GET"]}}],"collection":[{"href":"https:\/\/shopatoa.com\/ro\/wp-json\/wp\/v2\/product"}],"about":[{"href":"https:\/\/shopatoa.com\/ro\/wp-json\/wp\/v2\/types\/product"}],"replies":[{"embeddable":true,"href":"https:\/\/shopatoa.com\/ro\/wp-json\/wp\/v2\/comments?post=275907"}],"wp:featuredmedia":[{"embeddable":true,"href":"https:\/\/shopatoa.com\/ro\/wp-json\/wp\/v2\/media\/275908"}],"wp:attachment":[{"href":"https:\/\/shopatoa.com\/ro\/wp-json\/wp\/v2\/media?parent=275907"}],"wp:term":[{"taxonomy":"product_brand","embeddable":true,"href":"https:\/\/shopatoa.com\/ro\/wp-json\/wp\/v2\/product_brand?post=275907"},{"taxonomy":"product_cat","embeddable":true,"href":"https:\/\/shopatoa.com\/ro\/wp-json\/wp\/v2\/product_cat?post=275907"},{"taxonomy":"product_tag","embeddable":true,"href":"https:\/\/shopatoa.com\/ro\/wp-json\/wp\/v2\/product_tag?post=275907"}],"curies":[{"name":"wp","href":"https:\/\/api.w.org\/{rel}","templated":true}]}}