{"id":276128,"date":"2025-04-30T03:21:39","date_gmt":"2025-04-30T01:21:39","guid":{"rendered":"https:\/\/shopatoa.com\/ro\/loccitane-en-provence-ser-anti-imbatranire-immortelle-divine-30-ml\/"},"modified":"2025-12-15T04:46:00","modified_gmt":"2025-12-15T03:46:00","slug":"loccitane-en-provence-ser-anti-imbatranire-immortelle-divine-30-ml","status":"publish","type":"product","link":"https:\/\/shopatoa.com\/ro\/loccitane-en-provence-ser-anti-imbatranire-immortelle-divine-30-ml\/","title":{"rendered":"L&#8217;Occitane en Provence Ser anti-imbatranire Immortelle Divine 30 ml"},"content":{"rendered":"<p>Serul facial con\u021bine extract de ov\u0103z, o alternativ\u0103 natural\u0103 la retinol, care este delicat\u0103 cu tenul t\u0103u. Extractul de ov\u0103z ac\u021bioneaz\u0103 eficient asupra celor 5 semne principale ale \u00eemb\u0103tr\u00e2nirii vizibile &#8211; riduri, fermitate, uniformitate, volum \u0219i vitalitate. Textura sa crem\u0103-gel u\u0219oar\u0103 se absoarbe u\u0219or \u00een piele. Reduce vizibil aspectul ridurilor \u0219i ofer\u0103 fermitate \u0219i elasticitate pielii.<\/p>\n","protected":false},"excerpt":{"rendered":"<p>Serul facial con\u021bine extract de ov\u0103z, o alternativ\u0103 natural\u0103 la retinol, care este delicat\u0103 cu tenul t\u0103u. Extractul de ov\u0103z ac\u021bioneaz\u0103 eficient asupra celor 5 semne principale ale \u00eemb\u0103tr\u00e2nirii vizibile &#8211; riduri, fermitate, uniformitate, volum \u0219i vitalitate. Textura sa crem\u0103-gel u\u0219oar\u0103 se absoarbe u\u0219or \u00een piele. Reduce vizibil aspectul ridurilor \u0219i ofer\u0103 fermitate \u0219i elasticitate&#8230;<\/p>\n","protected":false},"featured_media":276129,"comment_status":"closed","ping_status":"open","template":"","meta":{"_acf_changed":false,"_kadence_starter_templates_imported_post":false,"_kad_post_transparent":"","_kad_post_title":"","_kad_post_layout":"","_kad_post_sidebar_id":"","_kad_post_content_style":"","_kad_post_vertical_padding":"","_kad_post_feature":"","_kad_post_feature_position":"","_kad_post_header":false,"_kad_post_footer":false,"_kad_post_classname":""},"product_brand":[310],"product_cat":[246,634,633,665],"product_tag":[],"class_list":{"0":"post-276128","1":"product","2":"type-product","3":"status-publish","4":"has-post-thumbnail","6":"product_brand-loccitane-en-provence","7":"product_cat-cosmetice","8":"product_cat-produse-cosmetice-de-ingrijire-a-pielii","9":"product_cat-produse-cosmetice-pentru-piele","10":"product_cat-produse-cosmetice-pentru-riduri-si-anti-imbatranire","12":"first","13":"instock","14":"product-type-external","15":"entry","16":"content-bg","17":"loop-entry"},"acf":[],"yoast_head":"<!-- This site is optimized with the Yoast SEO plugin v27.3 - https:\/\/yoast.com\/product\/yoast-seo-wordpress\/ -->\n<title>L&#039;Occitane en Provence Ser anti-imbatranire Immortelle Divine 30 ml - SHOPATOA.COM<\/title>\n<meta name=\"robots\" content=\"index, follow, max-snippet:-1, max-image-preview:large, max-video-preview:-1\" \/>\n<link rel=\"canonical\" href=\"https:\/\/shopatoa.com\/ro\/loccitane-en-provence-ser-anti-imbatranire-immortelle-divine-30-ml\/\" \/>\n<meta property=\"og:locale\" content=\"ro_RO\" \/>\n<meta property=\"og:type\" content=\"article\" \/>\n<meta property=\"og:title\" content=\"L&#039;Occitane en Provence Ser anti-imbatranire Immortelle Divine 30 ml - SHOPATOA.COM\" \/>\n<meta property=\"og:description\" content=\"Serul facial con\u021bine extract de ov\u0103z, o alternativ\u0103 natural\u0103 la retinol, care este delicat\u0103 cu tenul t\u0103u. Extractul de ov\u0103z ac\u021bioneaz\u0103 eficient asupra celor 5 semne principale ale \u00eemb\u0103tr\u00e2nirii vizibile &#8211; riduri, fermitate, uniformitate, volum \u0219i vitalitate. Textura sa crem\u0103-gel u\u0219oar\u0103 se absoarbe u\u0219or \u00een piele. Reduce vizibil aspectul ridurilor \u0219i ofer\u0103 fermitate \u0219i elasticitate...\" \/>\n<meta property=\"og:url\" content=\"https:\/\/shopatoa.com\/ro\/loccitane-en-provence-ser-anti-imbatranire-immortelle-divine-30-ml\/\" \/>\n<meta property=\"og:site_name\" content=\"SHOPATOA\" \/>\n<meta property=\"article:modified_time\" content=\"2025-12-15T03:46:00+00:00\" \/>\n<meta property=\"og:image\" content=\"https:\/\/storage.googleapis.com\/cz-shopatoa-img\/ro\/d65e0fc1-unnamed-file.webp\" \/>\n\t<meta property=\"og:image:width\" content=\"800\" \/>\n\t<meta property=\"og:image:height\" content=\"800\" \/>\n\t<meta property=\"og:image:type\" content=\"image\/webp\" \/>\n<meta name=\"twitter:card\" content=\"summary_large_image\" \/>\n<script type=\"application\/ld+json\" class=\"yoast-schema-graph\">{\"@context\":\"https:\\\/\\\/schema.org\",\"@graph\":[{\"@type\":\"WebPage\",\"@id\":\"https:\\\/\\\/shopatoa.com\\\/ro\\\/loccitane-en-provence-ser-anti-imbatranire-immortelle-divine-30-ml\\\/\",\"url\":\"https:\\\/\\\/shopatoa.com\\\/ro\\\/loccitane-en-provence-ser-anti-imbatranire-immortelle-divine-30-ml\\\/\",\"name\":\"L'Occitane en Provence Ser anti-imbatranire Immortelle Divine 30 ml - SHOPATOA.COM\",\"isPartOf\":{\"@id\":\"https:\\\/\\\/shopatoa.com\\\/ro\\\/#website\"},\"primaryImageOfPage\":{\"@id\":\"https:\\\/\\\/shopatoa.com\\\/ro\\\/loccitane-en-provence-ser-anti-imbatranire-immortelle-divine-30-ml\\\/#primaryimage\"},\"image\":{\"@id\":\"https:\\\/\\\/shopatoa.com\\\/ro\\\/loccitane-en-provence-ser-anti-imbatranire-immortelle-divine-30-ml\\\/#primaryimage\"},\"thumbnailUrl\":\"https:\\\/\\\/storage.googleapis.com\\\/cz-shopatoa-img\\\/ro\\\/d65e0fc1-unnamed-file.webp\",\"datePublished\":\"2025-04-30T01:21:39+00:00\",\"dateModified\":\"2025-12-15T03:46:00+00:00\",\"breadcrumb\":{\"@id\":\"https:\\\/\\\/shopatoa.com\\\/ro\\\/loccitane-en-provence-ser-anti-imbatranire-immortelle-divine-30-ml\\\/#breadcrumb\"},\"inLanguage\":\"ro-RO\",\"potentialAction\":[{\"@type\":\"ReadAction\",\"target\":[\"https:\\\/\\\/shopatoa.com\\\/ro\\\/loccitane-en-provence-ser-anti-imbatranire-immortelle-divine-30-ml\\\/\"]}]},{\"@type\":\"ImageObject\",\"inLanguage\":\"ro-RO\",\"@id\":\"https:\\\/\\\/shopatoa.com\\\/ro\\\/loccitane-en-provence-ser-anti-imbatranire-immortelle-divine-30-ml\\\/#primaryimage\",\"url\":\"https:\\\/\\\/storage.googleapis.com\\\/cz-shopatoa-img\\\/ro\\\/d65e0fc1-unnamed-file.webp\",\"contentUrl\":\"https:\\\/\\\/storage.googleapis.com\\\/cz-shopatoa-img\\\/ro\\\/d65e0fc1-unnamed-file.webp\",\"width\":800,\"height\":800},{\"@type\":\"BreadcrumbList\",\"@id\":\"https:\\\/\\\/shopatoa.com\\\/ro\\\/loccitane-en-provence-ser-anti-imbatranire-immortelle-divine-30-ml\\\/#breadcrumb\",\"itemListElement\":[{\"@type\":\"ListItem\",\"position\":1,\"name\":\"Dom\u016f\",\"item\":\"https:\\\/\\\/shopatoa.com\\\/ro\\\/\"},{\"@type\":\"ListItem\",\"position\":2,\"name\":\"Shop\",\"item\":\"https:\\\/\\\/shopatoa.com\\\/ro\\\/shop\\\/\"},{\"@type\":\"ListItem\",\"position\":3,\"name\":\"Cosmetice\",\"item\":\"https:\\\/\\\/shopatoa.com\\\/ro\\\/cosmetice\\\/\"},{\"@type\":\"ListItem\",\"position\":4,\"name\":\"Produse cosmetice pentru piele\",\"item\":\"https:\\\/\\\/shopatoa.com\\\/ro\\\/produse-cosmetice-pentru-piele\\\/\"},{\"@type\":\"ListItem\",\"position\":5,\"name\":\"Produse cosmetice de \u00eengrijire a pielii\",\"item\":\"https:\\\/\\\/shopatoa.com\\\/ro\\\/produse-cosmetice-de-ingrijire-a-pielii\\\/\"},{\"@type\":\"ListItem\",\"position\":6,\"name\":\"Produse cosmetice pentru riduri \u0219i anti-\u00eemb\u0103tr\u00e2nire\",\"item\":\"https:\\\/\\\/shopatoa.com\\\/ro\\\/produse-cosmetice-pentru-riduri-si-anti-imbatranire\\\/\"},{\"@type\":\"ListItem\",\"position\":7,\"name\":\"L&#8217;Occitane en Provence Ser anti-imbatranire Immortelle Divine 30 ml\"}]},{\"@type\":\"WebSite\",\"@id\":\"https:\\\/\\\/shopatoa.com\\\/ro\\\/#website\",\"url\":\"https:\\\/\\\/shopatoa.com\\\/ro\\\/\",\"name\":\"SHOPATOA\",\"description\":\"\",\"publisher\":{\"@id\":\"https:\\\/\\\/shopatoa.com\\\/ro\\\/#organization\"},\"potentialAction\":[{\"@type\":\"SearchAction\",\"target\":{\"@type\":\"EntryPoint\",\"urlTemplate\":\"https:\\\/\\\/shopatoa.com\\\/ro\\\/?s={search_term_string}\"},\"query-input\":{\"@type\":\"PropertyValueSpecification\",\"valueRequired\":true,\"valueName\":\"search_term_string\"}}],\"inLanguage\":\"ro-RO\"},{\"@type\":\"Organization\",\"@id\":\"https:\\\/\\\/shopatoa.com\\\/ro\\\/#organization\",\"name\":\"SHOPATOA\",\"url\":\"https:\\\/\\\/shopatoa.com\\\/ro\\\/\",\"logo\":{\"@type\":\"ImageObject\",\"inLanguage\":\"ro-RO\",\"@id\":\"https:\\\/\\\/shopatoa.com\\\/ro\\\/#\\\/schema\\\/logo\\\/image\\\/\",\"url\":\"https:\\\/\\\/storage.googleapis.com\\\/cz-shopatoa-img\\\/ro\\\/b4dac915-shopatoa_logo.png\",\"contentUrl\":\"https:\\\/\\\/storage.googleapis.com\\\/cz-shopatoa-img\\\/ro\\\/b4dac915-shopatoa_logo.png\",\"width\":416,\"height\":63,\"caption\":\"SHOPATOA\"},\"image\":{\"@id\":\"https:\\\/\\\/shopatoa.com\\\/ro\\\/#\\\/schema\\\/logo\\\/image\\\/\"}}]}<\/script>\n<!-- \/ Yoast SEO plugin. -->","yoast_head_json":{"title":"L'Occitane en Provence Ser anti-imbatranire Immortelle Divine 30 ml - SHOPATOA.COM","robots":{"index":"index","follow":"follow","max-snippet":"max-snippet:-1","max-image-preview":"max-image-preview:large","max-video-preview":"max-video-preview:-1"},"canonical":"https:\/\/shopatoa.com\/ro\/loccitane-en-provence-ser-anti-imbatranire-immortelle-divine-30-ml\/","og_locale":"ro_RO","og_type":"article","og_title":"L'Occitane en Provence Ser anti-imbatranire Immortelle Divine 30 ml - SHOPATOA.COM","og_description":"Serul facial con\u021bine extract de ov\u0103z, o alternativ\u0103 natural\u0103 la retinol, care este delicat\u0103 cu tenul t\u0103u. Extractul de ov\u0103z ac\u021bioneaz\u0103 eficient asupra celor 5 semne principale ale \u00eemb\u0103tr\u00e2nirii vizibile &#8211; riduri, fermitate, uniformitate, volum \u0219i vitalitate. Textura sa crem\u0103-gel u\u0219oar\u0103 se absoarbe u\u0219or \u00een piele. Reduce vizibil aspectul ridurilor \u0219i ofer\u0103 fermitate \u0219i elasticitate...","og_url":"https:\/\/shopatoa.com\/ro\/loccitane-en-provence-ser-anti-imbatranire-immortelle-divine-30-ml\/","og_site_name":"SHOPATOA","article_modified_time":"2025-12-15T03:46:00+00:00","og_image":[{"width":800,"height":800,"url":"https:\/\/storage.googleapis.com\/cz-shopatoa-img\/ro\/d65e0fc1-unnamed-file.webp","type":"image\/webp"}],"twitter_card":"summary_large_image","schema":{"@context":"https:\/\/schema.org","@graph":[{"@type":"WebPage","@id":"https:\/\/shopatoa.com\/ro\/loccitane-en-provence-ser-anti-imbatranire-immortelle-divine-30-ml\/","url":"https:\/\/shopatoa.com\/ro\/loccitane-en-provence-ser-anti-imbatranire-immortelle-divine-30-ml\/","name":"L'Occitane en Provence Ser anti-imbatranire Immortelle Divine 30 ml - SHOPATOA.COM","isPartOf":{"@id":"https:\/\/shopatoa.com\/ro\/#website"},"primaryImageOfPage":{"@id":"https:\/\/shopatoa.com\/ro\/loccitane-en-provence-ser-anti-imbatranire-immortelle-divine-30-ml\/#primaryimage"},"image":{"@id":"https:\/\/shopatoa.com\/ro\/loccitane-en-provence-ser-anti-imbatranire-immortelle-divine-30-ml\/#primaryimage"},"thumbnailUrl":"https:\/\/storage.googleapis.com\/cz-shopatoa-img\/ro\/d65e0fc1-unnamed-file.webp","datePublished":"2025-04-30T01:21:39+00:00","dateModified":"2025-12-15T03:46:00+00:00","breadcrumb":{"@id":"https:\/\/shopatoa.com\/ro\/loccitane-en-provence-ser-anti-imbatranire-immortelle-divine-30-ml\/#breadcrumb"},"inLanguage":"ro-RO","potentialAction":[{"@type":"ReadAction","target":["https:\/\/shopatoa.com\/ro\/loccitane-en-provence-ser-anti-imbatranire-immortelle-divine-30-ml\/"]}]},{"@type":"ImageObject","inLanguage":"ro-RO","@id":"https:\/\/shopatoa.com\/ro\/loccitane-en-provence-ser-anti-imbatranire-immortelle-divine-30-ml\/#primaryimage","url":"https:\/\/storage.googleapis.com\/cz-shopatoa-img\/ro\/d65e0fc1-unnamed-file.webp","contentUrl":"https:\/\/storage.googleapis.com\/cz-shopatoa-img\/ro\/d65e0fc1-unnamed-file.webp","width":800,"height":800},{"@type":"BreadcrumbList","@id":"https:\/\/shopatoa.com\/ro\/loccitane-en-provence-ser-anti-imbatranire-immortelle-divine-30-ml\/#breadcrumb","itemListElement":[{"@type":"ListItem","position":1,"name":"Dom\u016f","item":"https:\/\/shopatoa.com\/ro\/"},{"@type":"ListItem","position":2,"name":"Shop","item":"https:\/\/shopatoa.com\/ro\/shop\/"},{"@type":"ListItem","position":3,"name":"Cosmetice","item":"https:\/\/shopatoa.com\/ro\/cosmetice\/"},{"@type":"ListItem","position":4,"name":"Produse cosmetice pentru piele","item":"https:\/\/shopatoa.com\/ro\/produse-cosmetice-pentru-piele\/"},{"@type":"ListItem","position":5,"name":"Produse cosmetice de \u00eengrijire a pielii","item":"https:\/\/shopatoa.com\/ro\/produse-cosmetice-de-ingrijire-a-pielii\/"},{"@type":"ListItem","position":6,"name":"Produse cosmetice pentru riduri \u0219i anti-\u00eemb\u0103tr\u00e2nire","item":"https:\/\/shopatoa.com\/ro\/produse-cosmetice-pentru-riduri-si-anti-imbatranire\/"},{"@type":"ListItem","position":7,"name":"L&#8217;Occitane en Provence Ser anti-imbatranire Immortelle Divine 30 ml"}]},{"@type":"WebSite","@id":"https:\/\/shopatoa.com\/ro\/#website","url":"https:\/\/shopatoa.com\/ro\/","name":"SHOPATOA","description":"","publisher":{"@id":"https:\/\/shopatoa.com\/ro\/#organization"},"potentialAction":[{"@type":"SearchAction","target":{"@type":"EntryPoint","urlTemplate":"https:\/\/shopatoa.com\/ro\/?s={search_term_string}"},"query-input":{"@type":"PropertyValueSpecification","valueRequired":true,"valueName":"search_term_string"}}],"inLanguage":"ro-RO"},{"@type":"Organization","@id":"https:\/\/shopatoa.com\/ro\/#organization","name":"SHOPATOA","url":"https:\/\/shopatoa.com\/ro\/","logo":{"@type":"ImageObject","inLanguage":"ro-RO","@id":"https:\/\/shopatoa.com\/ro\/#\/schema\/logo\/image\/","url":"https:\/\/storage.googleapis.com\/cz-shopatoa-img\/ro\/b4dac915-shopatoa_logo.png","contentUrl":"https:\/\/storage.googleapis.com\/cz-shopatoa-img\/ro\/b4dac915-shopatoa_logo.png","width":416,"height":63,"caption":"SHOPATOA"},"image":{"@id":"https:\/\/shopatoa.com\/ro\/#\/schema\/logo\/image\/"}}]}},"_links":{"self":[{"href":"https:\/\/shopatoa.com\/ro\/wp-json\/wp\/v2\/product\/276128","targetHints":{"allow":["GET"]}}],"collection":[{"href":"https:\/\/shopatoa.com\/ro\/wp-json\/wp\/v2\/product"}],"about":[{"href":"https:\/\/shopatoa.com\/ro\/wp-json\/wp\/v2\/types\/product"}],"replies":[{"embeddable":true,"href":"https:\/\/shopatoa.com\/ro\/wp-json\/wp\/v2\/comments?post=276128"}],"wp:featuredmedia":[{"embeddable":true,"href":"https:\/\/shopatoa.com\/ro\/wp-json\/wp\/v2\/media\/276129"}],"wp:attachment":[{"href":"https:\/\/shopatoa.com\/ro\/wp-json\/wp\/v2\/media?parent=276128"}],"wp:term":[{"taxonomy":"product_brand","embeddable":true,"href":"https:\/\/shopatoa.com\/ro\/wp-json\/wp\/v2\/product_brand?post=276128"},{"taxonomy":"product_cat","embeddable":true,"href":"https:\/\/shopatoa.com\/ro\/wp-json\/wp\/v2\/product_cat?post=276128"},{"taxonomy":"product_tag","embeddable":true,"href":"https:\/\/shopatoa.com\/ro\/wp-json\/wp\/v2\/product_tag?post=276128"}],"curies":[{"name":"wp","href":"https:\/\/api.w.org\/{rel}","templated":true}]}}