{"id":276138,"date":"2025-04-30T03:25:24","date_gmt":"2025-04-30T01:25:24","guid":{"rendered":"https:\/\/shopatoa.com\/ro\/david-beckham-aromatic-greens-edp-100-ml\/"},"modified":"2025-12-15T04:45:48","modified_gmt":"2025-12-15T03:45:48","slug":"david-beckham-aromatic-greens-edp-100-ml","status":"publish","type":"product","link":"https:\/\/shopatoa.com\/ro\/david-beckham-aromatic-greens-edp-100-ml\/","title":{"rendered":"David Beckham Aromatic Greens &#8211; EDP 100 ml"},"content":{"rendered":"<p>Aromatics Green de la marca David Beckham este un parfum proasp\u0103t cu nuan\u021be aromatice de verzi \u0219i lemnoase. Parfumurile brandului David Beckham sunt inspirate din experien\u021bele \u0219i c\u0103l\u0103toriile sale personale. Aromatics Green evoc\u0103 o c\u0103l\u0103torie lini\u0219tit\u0103 prin natur\u0103 care v\u0103 captiveaz\u0103 \u0219i v\u0103 ofer\u0103 perspectiv\u0103. Introducerea revigorant\u0103 de l\u0103m\u00e2ie \u0219i ment\u0103 este amestecat\u0103 cu absint, a c\u0103rui prospe\u021bime cald\u0103 este sporit\u0103 de notele dulci \u0219i acri\u0219oare de m\u0103r verde, care este completat\u0103 \u00een miezul parfumului de r\u0103d\u0103cina de iris \u0219i frunza de violet\u0103. Uleiul de cedru, patchouli \u0219i mu\u0219chiul de stejar formeaz\u0103 baza lemnoas\u0103 \u0219i p\u0103m\u00e2ntie a acestei ape de parfum care v\u0103 va \u00eenc\u00e2nta mai ales \u00een zilele mai calde. Parfumul a fost lansat pe pia\u021b\u0103 \u00een anul 2021.<\/p>\n","protected":false},"excerpt":{"rendered":"<p>Aromatics Green de la marca David Beckham este un parfum proasp\u0103t cu nuan\u021be aromatice de verzi \u0219i lemnoase. Parfumurile brandului David Beckham sunt inspirate din experien\u021bele \u0219i c\u0103l\u0103toriile sale personale. Aromatics Green evoc\u0103 o c\u0103l\u0103torie lini\u0219tit\u0103 prin natur\u0103 care v\u0103 captiveaz\u0103 \u0219i v\u0103 ofer\u0103 perspectiv\u0103. Introducerea revigorant\u0103 de l\u0103m\u00e2ie \u0219i ment\u0103 este amestecat\u0103 cu absint,&#8230;<\/p>\n","protected":false},"featured_media":276139,"comment_status":"closed","ping_status":"open","template":"","meta":{"_acf_changed":false,"_kadence_starter_templates_imported_post":false,"_kad_post_transparent":"","_kad_post_title":"","_kad_post_layout":"","_kad_post_sidebar_id":"","_kad_post_content_style":"","_kad_post_vertical_padding":"","_kad_post_feature":"","_kad_post_feature_position":"","_kad_post_header":false,"_kad_post_footer":false,"_kad_post_classname":""},"product_brand":[99],"product_cat":[619,614],"product_tag":[],"class_list":{"0":"post-276138","1":"product","2":"type-product","3":"status-publish","4":"has-post-thumbnail","6":"product_brand-david-beckham","7":"product_cat-ape-de-parfum-edp","8":"product_cat-parfumuri","10":"first","11":"instock","12":"sale","13":"product-type-external","14":"entry","15":"content-bg","16":"loop-entry"},"acf":[],"yoast_head":"<!-- This site is optimized with the Yoast SEO plugin v27.3 - https:\/\/yoast.com\/product\/yoast-seo-wordpress\/ -->\n<title>David Beckham Aromatic Greens - EDP 100 ml - SHOPATOA.COM<\/title>\n<meta name=\"robots\" content=\"index, follow, max-snippet:-1, max-image-preview:large, max-video-preview:-1\" \/>\n<link rel=\"canonical\" href=\"https:\/\/shopatoa.com\/ro\/david-beckham-aromatic-greens-edp-100-ml\/\" \/>\n<meta property=\"og:locale\" content=\"ro_RO\" \/>\n<meta property=\"og:type\" content=\"article\" \/>\n<meta property=\"og:title\" content=\"David Beckham Aromatic Greens - EDP 100 ml - SHOPATOA.COM\" \/>\n<meta property=\"og:description\" content=\"Aromatics Green de la marca David Beckham este un parfum proasp\u0103t cu nuan\u021be aromatice de verzi \u0219i lemnoase. Parfumurile brandului David Beckham sunt inspirate din experien\u021bele \u0219i c\u0103l\u0103toriile sale personale. Aromatics Green evoc\u0103 o c\u0103l\u0103torie lini\u0219tit\u0103 prin natur\u0103 care v\u0103 captiveaz\u0103 \u0219i v\u0103 ofer\u0103 perspectiv\u0103. Introducerea revigorant\u0103 de l\u0103m\u00e2ie \u0219i ment\u0103 este amestecat\u0103 cu absint,...\" \/>\n<meta property=\"og:url\" content=\"https:\/\/shopatoa.com\/ro\/david-beckham-aromatic-greens-edp-100-ml\/\" \/>\n<meta property=\"og:site_name\" content=\"SHOPATOA\" \/>\n<meta property=\"article:modified_time\" content=\"2025-12-15T03:45:48+00:00\" \/>\n<meta property=\"og:image\" content=\"https:\/\/storage.googleapis.com\/cz-shopatoa-img\/ro\/3fc437d5-unnamed-file.webp\" \/>\n\t<meta property=\"og:image:width\" content=\"800\" \/>\n\t<meta property=\"og:image:height\" content=\"800\" \/>\n\t<meta property=\"og:image:type\" content=\"image\/webp\" \/>\n<meta name=\"twitter:card\" content=\"summary_large_image\" \/>\n<meta name=\"twitter:label1\" content=\"Timp estimat pentru citire\" \/>\n\t<meta name=\"twitter:data1\" content=\"1 minut\" \/>\n<script type=\"application\/ld+json\" class=\"yoast-schema-graph\">{\"@context\":\"https:\\\/\\\/schema.org\",\"@graph\":[{\"@type\":\"WebPage\",\"@id\":\"https:\\\/\\\/shopatoa.com\\\/ro\\\/david-beckham-aromatic-greens-edp-100-ml\\\/\",\"url\":\"https:\\\/\\\/shopatoa.com\\\/ro\\\/david-beckham-aromatic-greens-edp-100-ml\\\/\",\"name\":\"David Beckham Aromatic Greens - EDP 100 ml - SHOPATOA.COM\",\"isPartOf\":{\"@id\":\"https:\\\/\\\/shopatoa.com\\\/ro\\\/#website\"},\"primaryImageOfPage\":{\"@id\":\"https:\\\/\\\/shopatoa.com\\\/ro\\\/david-beckham-aromatic-greens-edp-100-ml\\\/#primaryimage\"},\"image\":{\"@id\":\"https:\\\/\\\/shopatoa.com\\\/ro\\\/david-beckham-aromatic-greens-edp-100-ml\\\/#primaryimage\"},\"thumbnailUrl\":\"https:\\\/\\\/storage.googleapis.com\\\/cz-shopatoa-img\\\/ro\\\/3fc437d5-unnamed-file.webp\",\"datePublished\":\"2025-04-30T01:25:24+00:00\",\"dateModified\":\"2025-12-15T03:45:48+00:00\",\"breadcrumb\":{\"@id\":\"https:\\\/\\\/shopatoa.com\\\/ro\\\/david-beckham-aromatic-greens-edp-100-ml\\\/#breadcrumb\"},\"inLanguage\":\"ro-RO\",\"potentialAction\":[{\"@type\":\"ReadAction\",\"target\":[\"https:\\\/\\\/shopatoa.com\\\/ro\\\/david-beckham-aromatic-greens-edp-100-ml\\\/\"]}]},{\"@type\":\"ImageObject\",\"inLanguage\":\"ro-RO\",\"@id\":\"https:\\\/\\\/shopatoa.com\\\/ro\\\/david-beckham-aromatic-greens-edp-100-ml\\\/#primaryimage\",\"url\":\"https:\\\/\\\/storage.googleapis.com\\\/cz-shopatoa-img\\\/ro\\\/3fc437d5-unnamed-file.webp\",\"contentUrl\":\"https:\\\/\\\/storage.googleapis.com\\\/cz-shopatoa-img\\\/ro\\\/3fc437d5-unnamed-file.webp\",\"width\":800,\"height\":800},{\"@type\":\"BreadcrumbList\",\"@id\":\"https:\\\/\\\/shopatoa.com\\\/ro\\\/david-beckham-aromatic-greens-edp-100-ml\\\/#breadcrumb\",\"itemListElement\":[{\"@type\":\"ListItem\",\"position\":1,\"name\":\"Dom\u016f\",\"item\":\"https:\\\/\\\/shopatoa.com\\\/ro\\\/\"},{\"@type\":\"ListItem\",\"position\":2,\"name\":\"Shop\",\"item\":\"https:\\\/\\\/shopatoa.com\\\/ro\\\/shop\\\/\"},{\"@type\":\"ListItem\",\"position\":3,\"name\":\"Parfumuri\",\"item\":\"https:\\\/\\\/shopatoa.com\\\/ro\\\/parfumuri\\\/\"},{\"@type\":\"ListItem\",\"position\":4,\"name\":\"Ape de parfum (EDP)\",\"item\":\"https:\\\/\\\/shopatoa.com\\\/ro\\\/ape-de-parfum-edp\\\/\"},{\"@type\":\"ListItem\",\"position\":5,\"name\":\"David Beckham Aromatic Greens &#8211; EDP 100 ml\"}]},{\"@type\":\"WebSite\",\"@id\":\"https:\\\/\\\/shopatoa.com\\\/ro\\\/#website\",\"url\":\"https:\\\/\\\/shopatoa.com\\\/ro\\\/\",\"name\":\"SHOPATOA\",\"description\":\"\",\"publisher\":{\"@id\":\"https:\\\/\\\/shopatoa.com\\\/ro\\\/#organization\"},\"potentialAction\":[{\"@type\":\"SearchAction\",\"target\":{\"@type\":\"EntryPoint\",\"urlTemplate\":\"https:\\\/\\\/shopatoa.com\\\/ro\\\/?s={search_term_string}\"},\"query-input\":{\"@type\":\"PropertyValueSpecification\",\"valueRequired\":true,\"valueName\":\"search_term_string\"}}],\"inLanguage\":\"ro-RO\"},{\"@type\":\"Organization\",\"@id\":\"https:\\\/\\\/shopatoa.com\\\/ro\\\/#organization\",\"name\":\"SHOPATOA\",\"url\":\"https:\\\/\\\/shopatoa.com\\\/ro\\\/\",\"logo\":{\"@type\":\"ImageObject\",\"inLanguage\":\"ro-RO\",\"@id\":\"https:\\\/\\\/shopatoa.com\\\/ro\\\/#\\\/schema\\\/logo\\\/image\\\/\",\"url\":\"https:\\\/\\\/storage.googleapis.com\\\/cz-shopatoa-img\\\/ro\\\/b4dac915-shopatoa_logo.png\",\"contentUrl\":\"https:\\\/\\\/storage.googleapis.com\\\/cz-shopatoa-img\\\/ro\\\/b4dac915-shopatoa_logo.png\",\"width\":416,\"height\":63,\"caption\":\"SHOPATOA\"},\"image\":{\"@id\":\"https:\\\/\\\/shopatoa.com\\\/ro\\\/#\\\/schema\\\/logo\\\/image\\\/\"}}]}<\/script>\n<!-- \/ Yoast SEO plugin. -->","yoast_head_json":{"title":"David Beckham Aromatic Greens - EDP 100 ml - SHOPATOA.COM","robots":{"index":"index","follow":"follow","max-snippet":"max-snippet:-1","max-image-preview":"max-image-preview:large","max-video-preview":"max-video-preview:-1"},"canonical":"https:\/\/shopatoa.com\/ro\/david-beckham-aromatic-greens-edp-100-ml\/","og_locale":"ro_RO","og_type":"article","og_title":"David Beckham Aromatic Greens - EDP 100 ml - SHOPATOA.COM","og_description":"Aromatics Green de la marca David Beckham este un parfum proasp\u0103t cu nuan\u021be aromatice de verzi \u0219i lemnoase. Parfumurile brandului David Beckham sunt inspirate din experien\u021bele \u0219i c\u0103l\u0103toriile sale personale. Aromatics Green evoc\u0103 o c\u0103l\u0103torie lini\u0219tit\u0103 prin natur\u0103 care v\u0103 captiveaz\u0103 \u0219i v\u0103 ofer\u0103 perspectiv\u0103. Introducerea revigorant\u0103 de l\u0103m\u00e2ie \u0219i ment\u0103 este amestecat\u0103 cu absint,...","og_url":"https:\/\/shopatoa.com\/ro\/david-beckham-aromatic-greens-edp-100-ml\/","og_site_name":"SHOPATOA","article_modified_time":"2025-12-15T03:45:48+00:00","og_image":[{"width":800,"height":800,"url":"https:\/\/storage.googleapis.com\/cz-shopatoa-img\/ro\/3fc437d5-unnamed-file.webp","type":"image\/webp"}],"twitter_card":"summary_large_image","twitter_misc":{"Timp estimat pentru citire":"1 minut"},"schema":{"@context":"https:\/\/schema.org","@graph":[{"@type":"WebPage","@id":"https:\/\/shopatoa.com\/ro\/david-beckham-aromatic-greens-edp-100-ml\/","url":"https:\/\/shopatoa.com\/ro\/david-beckham-aromatic-greens-edp-100-ml\/","name":"David Beckham Aromatic Greens - EDP 100 ml - SHOPATOA.COM","isPartOf":{"@id":"https:\/\/shopatoa.com\/ro\/#website"},"primaryImageOfPage":{"@id":"https:\/\/shopatoa.com\/ro\/david-beckham-aromatic-greens-edp-100-ml\/#primaryimage"},"image":{"@id":"https:\/\/shopatoa.com\/ro\/david-beckham-aromatic-greens-edp-100-ml\/#primaryimage"},"thumbnailUrl":"https:\/\/storage.googleapis.com\/cz-shopatoa-img\/ro\/3fc437d5-unnamed-file.webp","datePublished":"2025-04-30T01:25:24+00:00","dateModified":"2025-12-15T03:45:48+00:00","breadcrumb":{"@id":"https:\/\/shopatoa.com\/ro\/david-beckham-aromatic-greens-edp-100-ml\/#breadcrumb"},"inLanguage":"ro-RO","potentialAction":[{"@type":"ReadAction","target":["https:\/\/shopatoa.com\/ro\/david-beckham-aromatic-greens-edp-100-ml\/"]}]},{"@type":"ImageObject","inLanguage":"ro-RO","@id":"https:\/\/shopatoa.com\/ro\/david-beckham-aromatic-greens-edp-100-ml\/#primaryimage","url":"https:\/\/storage.googleapis.com\/cz-shopatoa-img\/ro\/3fc437d5-unnamed-file.webp","contentUrl":"https:\/\/storage.googleapis.com\/cz-shopatoa-img\/ro\/3fc437d5-unnamed-file.webp","width":800,"height":800},{"@type":"BreadcrumbList","@id":"https:\/\/shopatoa.com\/ro\/david-beckham-aromatic-greens-edp-100-ml\/#breadcrumb","itemListElement":[{"@type":"ListItem","position":1,"name":"Dom\u016f","item":"https:\/\/shopatoa.com\/ro\/"},{"@type":"ListItem","position":2,"name":"Shop","item":"https:\/\/shopatoa.com\/ro\/shop\/"},{"@type":"ListItem","position":3,"name":"Parfumuri","item":"https:\/\/shopatoa.com\/ro\/parfumuri\/"},{"@type":"ListItem","position":4,"name":"Ape de parfum (EDP)","item":"https:\/\/shopatoa.com\/ro\/ape-de-parfum-edp\/"},{"@type":"ListItem","position":5,"name":"David Beckham Aromatic Greens &#8211; EDP 100 ml"}]},{"@type":"WebSite","@id":"https:\/\/shopatoa.com\/ro\/#website","url":"https:\/\/shopatoa.com\/ro\/","name":"SHOPATOA","description":"","publisher":{"@id":"https:\/\/shopatoa.com\/ro\/#organization"},"potentialAction":[{"@type":"SearchAction","target":{"@type":"EntryPoint","urlTemplate":"https:\/\/shopatoa.com\/ro\/?s={search_term_string}"},"query-input":{"@type":"PropertyValueSpecification","valueRequired":true,"valueName":"search_term_string"}}],"inLanguage":"ro-RO"},{"@type":"Organization","@id":"https:\/\/shopatoa.com\/ro\/#organization","name":"SHOPATOA","url":"https:\/\/shopatoa.com\/ro\/","logo":{"@type":"ImageObject","inLanguage":"ro-RO","@id":"https:\/\/shopatoa.com\/ro\/#\/schema\/logo\/image\/","url":"https:\/\/storage.googleapis.com\/cz-shopatoa-img\/ro\/b4dac915-shopatoa_logo.png","contentUrl":"https:\/\/storage.googleapis.com\/cz-shopatoa-img\/ro\/b4dac915-shopatoa_logo.png","width":416,"height":63,"caption":"SHOPATOA"},"image":{"@id":"https:\/\/shopatoa.com\/ro\/#\/schema\/logo\/image\/"}}]}},"_links":{"self":[{"href":"https:\/\/shopatoa.com\/ro\/wp-json\/wp\/v2\/product\/276138","targetHints":{"allow":["GET"]}}],"collection":[{"href":"https:\/\/shopatoa.com\/ro\/wp-json\/wp\/v2\/product"}],"about":[{"href":"https:\/\/shopatoa.com\/ro\/wp-json\/wp\/v2\/types\/product"}],"replies":[{"embeddable":true,"href":"https:\/\/shopatoa.com\/ro\/wp-json\/wp\/v2\/comments?post=276138"}],"wp:featuredmedia":[{"embeddable":true,"href":"https:\/\/shopatoa.com\/ro\/wp-json\/wp\/v2\/media\/276139"}],"wp:attachment":[{"href":"https:\/\/shopatoa.com\/ro\/wp-json\/wp\/v2\/media?parent=276138"}],"wp:term":[{"taxonomy":"product_brand","embeddable":true,"href":"https:\/\/shopatoa.com\/ro\/wp-json\/wp\/v2\/product_brand?post=276138"},{"taxonomy":"product_cat","embeddable":true,"href":"https:\/\/shopatoa.com\/ro\/wp-json\/wp\/v2\/product_cat?post=276138"},{"taxonomy":"product_tag","embeddable":true,"href":"https:\/\/shopatoa.com\/ro\/wp-json\/wp\/v2\/product_tag?post=276138"}],"curies":[{"name":"wp","href":"https:\/\/api.w.org\/{rel}","templated":true}]}}