{"id":276168,"date":"2025-04-30T03:30:55","date_gmt":"2025-04-30T01:30:55","guid":{"rendered":"https:\/\/shopatoa.com\/ro\/tesori-doriente-white-musk-balsam-de-rufe-760-ml\/"},"modified":"2025-12-15T04:42:54","modified_gmt":"2025-12-15T03:42:54","slug":"tesori-doriente-white-musk-balsam-de-rufe-760-ml","status":"publish","type":"product","link":"https:\/\/shopatoa.com\/ro\/tesori-doriente-white-musk-balsam-de-rufe-760-ml\/","title":{"rendered":"Tesori d&#8217;Oriente White Musk &#8211; balsam de rufe 760 ml"},"content":{"rendered":"<p>Balsamul concentrat de \u021bes\u0103turi Tesori d&#8217;Oriente White Musk cu parfum nobil de mosc alb v\u0103 va l\u0103sa rufele \u0219i hainele moi \u0219i cu un parfum de lung\u0103 durat\u0103. Balsamul de rufe este \u00eembog\u0103\u021bit cu microcapsule parfumate care elibereaz\u0103 treptat un parfum delicat \u0219i senzual. Compozi\u021bia de crem\u0103 f\u0103r\u0103 coloran\u021bi \u00eenmoaie fibrele \u0219i faciliteaz\u0103 c\u0103lcarea.<\/p>\n","protected":false},"excerpt":{"rendered":"<p>Balsamul concentrat de \u021bes\u0103turi Tesori d&#8217;Oriente White Musk cu parfum nobil de mosc alb v\u0103 va l\u0103sa rufele \u0219i hainele moi \u0219i cu un parfum de lung\u0103 durat\u0103. Balsamul de rufe este \u00eembog\u0103\u021bit cu microcapsule parfumate care elibereaz\u0103 treptat un parfum delicat \u0219i senzual. Compozi\u021bia de crem\u0103 f\u0103r\u0103 coloran\u021bi \u00eenmoaie fibrele \u0219i faciliteaz\u0103 c\u0103lcarea.<\/p>\n","protected":false},"featured_media":276169,"comment_status":"closed","ping_status":"open","template":"","meta":{"_acf_changed":false,"_kadence_starter_templates_imported_post":false,"_kad_post_transparent":"","_kad_post_title":"","_kad_post_layout":"","_kad_post_sidebar_id":"","_kad_post_content_style":"","_kad_post_vertical_padding":"","_kad_post_feature":"","_kad_post_feature_position":"","_kad_post_header":false,"_kad_post_footer":false,"_kad_post_classname":""},"product_brand":[244],"product_cat":[1103,614],"product_tag":[],"class_list":{"0":"post-276168","1":"product","2":"type-product","3":"status-publish","4":"has-post-thumbnail","6":"product_brand-tesori-doriente","7":"product_cat-alte-parfumuri","8":"product_cat-parfumuri","10":"first","11":"instock","12":"product-type-external","13":"entry","14":"content-bg","15":"loop-entry"},"acf":[],"yoast_head":"<!-- This site is optimized with the Yoast SEO plugin v27.4 - https:\/\/yoast.com\/product\/yoast-seo-wordpress\/ -->\n<title>Tesori d&#039;Oriente White Musk - balsam de rufe 760 ml - SHOPATOA.COM<\/title>\n<meta name=\"robots\" content=\"index, follow, max-snippet:-1, max-image-preview:large, max-video-preview:-1\" \/>\n<link rel=\"canonical\" href=\"https:\/\/shopatoa.com\/ro\/tesori-doriente-white-musk-balsam-de-rufe-760-ml\/\" \/>\n<meta property=\"og:locale\" content=\"ro_RO\" \/>\n<meta property=\"og:type\" content=\"article\" \/>\n<meta property=\"og:title\" content=\"Tesori d&#039;Oriente White Musk - balsam de rufe 760 ml - SHOPATOA.COM\" \/>\n<meta property=\"og:description\" content=\"Balsamul concentrat de \u021bes\u0103turi Tesori d&#8217;Oriente White Musk cu parfum nobil de mosc alb v\u0103 va l\u0103sa rufele \u0219i hainele moi \u0219i cu un parfum de lung\u0103 durat\u0103. Balsamul de rufe este \u00eembog\u0103\u021bit cu microcapsule parfumate care elibereaz\u0103 treptat un parfum delicat \u0219i senzual. Compozi\u021bia de crem\u0103 f\u0103r\u0103 coloran\u021bi \u00eenmoaie fibrele \u0219i faciliteaz\u0103 c\u0103lcarea.\" \/>\n<meta property=\"og:url\" content=\"https:\/\/shopatoa.com\/ro\/tesori-doriente-white-musk-balsam-de-rufe-760-ml\/\" \/>\n<meta property=\"og:site_name\" content=\"SHOPATOA\" \/>\n<meta property=\"article:modified_time\" content=\"2025-12-15T03:42:54+00:00\" \/>\n<meta property=\"og:image\" content=\"https:\/\/storage.googleapis.com\/cz-shopatoa-img\/ro\/4fa359b9-unnamed-file.webp\" \/>\n\t<meta property=\"og:image:width\" content=\"800\" \/>\n\t<meta property=\"og:image:height\" content=\"800\" \/>\n\t<meta property=\"og:image:type\" content=\"image\/webp\" \/>\n<meta name=\"twitter:card\" content=\"summary_large_image\" \/>\n<script type=\"application\/ld+json\" class=\"yoast-schema-graph\">{\"@context\":\"https:\\\/\\\/schema.org\",\"@graph\":[{\"@type\":\"WebPage\",\"@id\":\"https:\\\/\\\/shopatoa.com\\\/ro\\\/tesori-doriente-white-musk-balsam-de-rufe-760-ml\\\/\",\"url\":\"https:\\\/\\\/shopatoa.com\\\/ro\\\/tesori-doriente-white-musk-balsam-de-rufe-760-ml\\\/\",\"name\":\"Tesori d'Oriente White Musk - balsam de rufe 760 ml - SHOPATOA.COM\",\"isPartOf\":{\"@id\":\"https:\\\/\\\/shopatoa.com\\\/ro\\\/#website\"},\"primaryImageOfPage\":{\"@id\":\"https:\\\/\\\/shopatoa.com\\\/ro\\\/tesori-doriente-white-musk-balsam-de-rufe-760-ml\\\/#primaryimage\"},\"image\":{\"@id\":\"https:\\\/\\\/shopatoa.com\\\/ro\\\/tesori-doriente-white-musk-balsam-de-rufe-760-ml\\\/#primaryimage\"},\"thumbnailUrl\":\"https:\\\/\\\/storage.googleapis.com\\\/cz-shopatoa-img\\\/ro\\\/4fa359b9-unnamed-file.webp\",\"datePublished\":\"2025-04-30T01:30:55+00:00\",\"dateModified\":\"2025-12-15T03:42:54+00:00\",\"breadcrumb\":{\"@id\":\"https:\\\/\\\/shopatoa.com\\\/ro\\\/tesori-doriente-white-musk-balsam-de-rufe-760-ml\\\/#breadcrumb\"},\"inLanguage\":\"ro-RO\",\"potentialAction\":[{\"@type\":\"ReadAction\",\"target\":[\"https:\\\/\\\/shopatoa.com\\\/ro\\\/tesori-doriente-white-musk-balsam-de-rufe-760-ml\\\/\"]}]},{\"@type\":\"ImageObject\",\"inLanguage\":\"ro-RO\",\"@id\":\"https:\\\/\\\/shopatoa.com\\\/ro\\\/tesori-doriente-white-musk-balsam-de-rufe-760-ml\\\/#primaryimage\",\"url\":\"https:\\\/\\\/storage.googleapis.com\\\/cz-shopatoa-img\\\/ro\\\/4fa359b9-unnamed-file.webp\",\"contentUrl\":\"https:\\\/\\\/storage.googleapis.com\\\/cz-shopatoa-img\\\/ro\\\/4fa359b9-unnamed-file.webp\",\"width\":800,\"height\":800},{\"@type\":\"BreadcrumbList\",\"@id\":\"https:\\\/\\\/shopatoa.com\\\/ro\\\/tesori-doriente-white-musk-balsam-de-rufe-760-ml\\\/#breadcrumb\",\"itemListElement\":[{\"@type\":\"ListItem\",\"position\":1,\"name\":\"Dom\u016f\",\"item\":\"https:\\\/\\\/shopatoa.com\\\/ro\\\/\"},{\"@type\":\"ListItem\",\"position\":2,\"name\":\"Shop\",\"item\":\"https:\\\/\\\/shopatoa.com\\\/ro\\\/shop\\\/\"},{\"@type\":\"ListItem\",\"position\":3,\"name\":\"Parfumuri\",\"item\":\"https:\\\/\\\/shopatoa.com\\\/ro\\\/parfumuri\\\/\"},{\"@type\":\"ListItem\",\"position\":4,\"name\":\"Alte parfumuri\",\"item\":\"https:\\\/\\\/shopatoa.com\\\/ro\\\/alte-parfumuri\\\/\"},{\"@type\":\"ListItem\",\"position\":5,\"name\":\"Tesori d&#8217;Oriente White Musk &#8211; balsam de rufe 760 ml\"}]},{\"@type\":\"WebSite\",\"@id\":\"https:\\\/\\\/shopatoa.com\\\/ro\\\/#website\",\"url\":\"https:\\\/\\\/shopatoa.com\\\/ro\\\/\",\"name\":\"SHOPATOA\",\"description\":\"\",\"publisher\":{\"@id\":\"https:\\\/\\\/shopatoa.com\\\/ro\\\/#organization\"},\"potentialAction\":[{\"@type\":\"SearchAction\",\"target\":{\"@type\":\"EntryPoint\",\"urlTemplate\":\"https:\\\/\\\/shopatoa.com\\\/ro\\\/?s={search_term_string}\"},\"query-input\":{\"@type\":\"PropertyValueSpecification\",\"valueRequired\":true,\"valueName\":\"search_term_string\"}}],\"inLanguage\":\"ro-RO\"},{\"@type\":\"Organization\",\"@id\":\"https:\\\/\\\/shopatoa.com\\\/ro\\\/#organization\",\"name\":\"SHOPATOA\",\"url\":\"https:\\\/\\\/shopatoa.com\\\/ro\\\/\",\"logo\":{\"@type\":\"ImageObject\",\"inLanguage\":\"ro-RO\",\"@id\":\"https:\\\/\\\/shopatoa.com\\\/ro\\\/#\\\/schema\\\/logo\\\/image\\\/\",\"url\":\"https:\\\/\\\/storage.googleapis.com\\\/cz-shopatoa-img\\\/ro\\\/b4dac915-shopatoa_logo.png\",\"contentUrl\":\"https:\\\/\\\/storage.googleapis.com\\\/cz-shopatoa-img\\\/ro\\\/b4dac915-shopatoa_logo.png\",\"width\":416,\"height\":63,\"caption\":\"SHOPATOA\"},\"image\":{\"@id\":\"https:\\\/\\\/shopatoa.com\\\/ro\\\/#\\\/schema\\\/logo\\\/image\\\/\"}}]}<\/script>\n<!-- \/ Yoast SEO plugin. -->","yoast_head_json":{"title":"Tesori d'Oriente White Musk - balsam de rufe 760 ml - SHOPATOA.COM","robots":{"index":"index","follow":"follow","max-snippet":"max-snippet:-1","max-image-preview":"max-image-preview:large","max-video-preview":"max-video-preview:-1"},"canonical":"https:\/\/shopatoa.com\/ro\/tesori-doriente-white-musk-balsam-de-rufe-760-ml\/","og_locale":"ro_RO","og_type":"article","og_title":"Tesori d'Oriente White Musk - balsam de rufe 760 ml - SHOPATOA.COM","og_description":"Balsamul concentrat de \u021bes\u0103turi Tesori d&#8217;Oriente White Musk cu parfum nobil de mosc alb v\u0103 va l\u0103sa rufele \u0219i hainele moi \u0219i cu un parfum de lung\u0103 durat\u0103. Balsamul de rufe este \u00eembog\u0103\u021bit cu microcapsule parfumate care elibereaz\u0103 treptat un parfum delicat \u0219i senzual. Compozi\u021bia de crem\u0103 f\u0103r\u0103 coloran\u021bi \u00eenmoaie fibrele \u0219i faciliteaz\u0103 c\u0103lcarea.","og_url":"https:\/\/shopatoa.com\/ro\/tesori-doriente-white-musk-balsam-de-rufe-760-ml\/","og_site_name":"SHOPATOA","article_modified_time":"2025-12-15T03:42:54+00:00","og_image":[{"width":800,"height":800,"url":"https:\/\/storage.googleapis.com\/cz-shopatoa-img\/ro\/4fa359b9-unnamed-file.webp","type":"image\/webp"}],"twitter_card":"summary_large_image","schema":{"@context":"https:\/\/schema.org","@graph":[{"@type":"WebPage","@id":"https:\/\/shopatoa.com\/ro\/tesori-doriente-white-musk-balsam-de-rufe-760-ml\/","url":"https:\/\/shopatoa.com\/ro\/tesori-doriente-white-musk-balsam-de-rufe-760-ml\/","name":"Tesori d'Oriente White Musk - balsam de rufe 760 ml - SHOPATOA.COM","isPartOf":{"@id":"https:\/\/shopatoa.com\/ro\/#website"},"primaryImageOfPage":{"@id":"https:\/\/shopatoa.com\/ro\/tesori-doriente-white-musk-balsam-de-rufe-760-ml\/#primaryimage"},"image":{"@id":"https:\/\/shopatoa.com\/ro\/tesori-doriente-white-musk-balsam-de-rufe-760-ml\/#primaryimage"},"thumbnailUrl":"https:\/\/storage.googleapis.com\/cz-shopatoa-img\/ro\/4fa359b9-unnamed-file.webp","datePublished":"2025-04-30T01:30:55+00:00","dateModified":"2025-12-15T03:42:54+00:00","breadcrumb":{"@id":"https:\/\/shopatoa.com\/ro\/tesori-doriente-white-musk-balsam-de-rufe-760-ml\/#breadcrumb"},"inLanguage":"ro-RO","potentialAction":[{"@type":"ReadAction","target":["https:\/\/shopatoa.com\/ro\/tesori-doriente-white-musk-balsam-de-rufe-760-ml\/"]}]},{"@type":"ImageObject","inLanguage":"ro-RO","@id":"https:\/\/shopatoa.com\/ro\/tesori-doriente-white-musk-balsam-de-rufe-760-ml\/#primaryimage","url":"https:\/\/storage.googleapis.com\/cz-shopatoa-img\/ro\/4fa359b9-unnamed-file.webp","contentUrl":"https:\/\/storage.googleapis.com\/cz-shopatoa-img\/ro\/4fa359b9-unnamed-file.webp","width":800,"height":800},{"@type":"BreadcrumbList","@id":"https:\/\/shopatoa.com\/ro\/tesori-doriente-white-musk-balsam-de-rufe-760-ml\/#breadcrumb","itemListElement":[{"@type":"ListItem","position":1,"name":"Dom\u016f","item":"https:\/\/shopatoa.com\/ro\/"},{"@type":"ListItem","position":2,"name":"Shop","item":"https:\/\/shopatoa.com\/ro\/shop\/"},{"@type":"ListItem","position":3,"name":"Parfumuri","item":"https:\/\/shopatoa.com\/ro\/parfumuri\/"},{"@type":"ListItem","position":4,"name":"Alte parfumuri","item":"https:\/\/shopatoa.com\/ro\/alte-parfumuri\/"},{"@type":"ListItem","position":5,"name":"Tesori d&#8217;Oriente White Musk &#8211; balsam de rufe 760 ml"}]},{"@type":"WebSite","@id":"https:\/\/shopatoa.com\/ro\/#website","url":"https:\/\/shopatoa.com\/ro\/","name":"SHOPATOA","description":"","publisher":{"@id":"https:\/\/shopatoa.com\/ro\/#organization"},"potentialAction":[{"@type":"SearchAction","target":{"@type":"EntryPoint","urlTemplate":"https:\/\/shopatoa.com\/ro\/?s={search_term_string}"},"query-input":{"@type":"PropertyValueSpecification","valueRequired":true,"valueName":"search_term_string"}}],"inLanguage":"ro-RO"},{"@type":"Organization","@id":"https:\/\/shopatoa.com\/ro\/#organization","name":"SHOPATOA","url":"https:\/\/shopatoa.com\/ro\/","logo":{"@type":"ImageObject","inLanguage":"ro-RO","@id":"https:\/\/shopatoa.com\/ro\/#\/schema\/logo\/image\/","url":"https:\/\/storage.googleapis.com\/cz-shopatoa-img\/ro\/b4dac915-shopatoa_logo.png","contentUrl":"https:\/\/storage.googleapis.com\/cz-shopatoa-img\/ro\/b4dac915-shopatoa_logo.png","width":416,"height":63,"caption":"SHOPATOA"},"image":{"@id":"https:\/\/shopatoa.com\/ro\/#\/schema\/logo\/image\/"}}]}},"_links":{"self":[{"href":"https:\/\/shopatoa.com\/ro\/wp-json\/wp\/v2\/product\/276168","targetHints":{"allow":["GET"]}}],"collection":[{"href":"https:\/\/shopatoa.com\/ro\/wp-json\/wp\/v2\/product"}],"about":[{"href":"https:\/\/shopatoa.com\/ro\/wp-json\/wp\/v2\/types\/product"}],"replies":[{"embeddable":true,"href":"https:\/\/shopatoa.com\/ro\/wp-json\/wp\/v2\/comments?post=276168"}],"wp:featuredmedia":[{"embeddable":true,"href":"https:\/\/shopatoa.com\/ro\/wp-json\/wp\/v2\/media\/276169"}],"wp:attachment":[{"href":"https:\/\/shopatoa.com\/ro\/wp-json\/wp\/v2\/media?parent=276168"}],"wp:term":[{"taxonomy":"product_brand","embeddable":true,"href":"https:\/\/shopatoa.com\/ro\/wp-json\/wp\/v2\/product_brand?post=276168"},{"taxonomy":"product_cat","embeddable":true,"href":"https:\/\/shopatoa.com\/ro\/wp-json\/wp\/v2\/product_cat?post=276168"},{"taxonomy":"product_tag","embeddable":true,"href":"https:\/\/shopatoa.com\/ro\/wp-json\/wp\/v2\/product_tag?post=276168"}],"curies":[{"name":"wp","href":"https:\/\/api.w.org\/{rel}","templated":true}]}}