{"id":276213,"date":"2025-04-30T03:41:08","date_gmt":"2025-04-30T01:41:08","guid":{"rendered":"https:\/\/shopatoa.com\/ro\/adidas-pre-sleep-calm-gel-de-dus-400-ml\/"},"modified":"2025-12-15T04:35:18","modified_gmt":"2025-12-15T03:35:18","slug":"adidas-pre-sleep-calm-gel-de-dus-400-ml","status":"publish","type":"product","link":"https:\/\/shopatoa.com\/ro\/adidas-pre-sleep-calm-gel-de-dus-400-ml\/","title":{"rendered":"Adidas Pre-sleep Calm &#8211; gel de du\u0219 400 ml"},"content":{"rendered":"<p>Transforma\u021bi-v\u0103 du\u0219ul sau baia de zi cu zi \u00eentr-o experien\u021b\u0103 extraordinar\u0103 pe care o vei a\u0219tepta cu ner\u0103bdare toat\u0103 ziua. Tratamentul de du\u0219 pentru femei Adidas Pre-Sleep Calm v\u0103 va parfuma pielea frumos \u0219i v\u0103 va \u00eenc\u00e2nta sim\u021burile. Gelul de du\u0219 \u00eendep\u0103rteaz\u0103 perfect, dar delicat, impurit\u0103\u021bile \u0219i las\u0103 pielea proasp\u0103t\u0103, hidratat\u0103 \u0219i protejat\u0103 \u00eempotriva mirosurilor nepl\u0103cute. Datorit\u0103 unei formule inovatoare dezvoltate \u00een colaborare cu sportivii, gelul de du\u0219 a fost creat pentru a revolu\u021biona \u00eengrijirea zilnic\u0103. Uleiurile esen\u021biale \u00eengrijesc pielea \u0219i mintea ta, iar un complex concentrat de glicerol \u0219i acid hialuronic hidrateaz\u0103 pielea dup\u0103 o zi grea. Oferi\u021bi tenului dvs. cea mai bun\u0103 \u00eengrijire. \u00cen produc\u021bia produsului s-a pus accent pe durabilitate, produsul este vegan, iar ambalajul este reciclabil \u0219i re\u00eenc\u0103rcabil.<\/p>\n","protected":false},"excerpt":{"rendered":"<p>Transforma\u021bi-v\u0103 du\u0219ul sau baia de zi cu zi \u00eentr-o experien\u021b\u0103 extraordinar\u0103 pe care o vei a\u0219tepta cu ner\u0103bdare toat\u0103 ziua. Tratamentul de du\u0219 pentru femei Adidas Pre-Sleep Calm v\u0103 va parfuma pielea frumos \u0219i v\u0103 va \u00eenc\u00e2nta sim\u021burile. Gelul de du\u0219 \u00eendep\u0103rteaz\u0103 perfect, dar delicat, impurit\u0103\u021bile \u0219i las\u0103 pielea proasp\u0103t\u0103, hidratat\u0103 \u0219i protejat\u0103 \u00eempotriva mirosurilor&#8230;<\/p>\n","protected":false},"featured_media":276214,"comment_status":"closed","ping_status":"open","template":"","meta":{"_acf_changed":false,"_kadence_starter_templates_imported_post":false,"_kad_post_transparent":"","_kad_post_title":"","_kad_post_layout":"","_kad_post_sidebar_id":"","_kad_post_content_style":"","_kad_post_vertical_padding":"","_kad_post_feature":"","_kad_post_feature_position":"","_kad_post_header":false,"_kad_post_footer":false,"_kad_post_classname":""},"product_brand":[294],"product_cat":[246,641,611],"product_tag":[],"class_list":{"0":"post-276213","1":"product","2":"type-product","3":"status-publish","4":"has-post-thumbnail","6":"product_brand-adidas","7":"product_cat-cosmetice","8":"product_cat-cosmetice-pentru-dus-si-baie","9":"product_cat-produse-cosmetice-pentru-corp","11":"first","12":"instock","13":"product-type-external","14":"entry","15":"content-bg","16":"loop-entry"},"acf":[],"yoast_head":"<!-- This site is optimized with the Yoast SEO plugin v27.3 - https:\/\/yoast.com\/product\/yoast-seo-wordpress\/ -->\n<title>Adidas Pre-sleep Calm - gel de du\u0219 400 ml - SHOPATOA.COM<\/title>\n<meta name=\"robots\" content=\"index, follow, max-snippet:-1, max-image-preview:large, max-video-preview:-1\" \/>\n<link rel=\"canonical\" href=\"https:\/\/shopatoa.com\/ro\/adidas-pre-sleep-calm-gel-de-dus-400-ml\/\" \/>\n<meta property=\"og:locale\" content=\"ro_RO\" \/>\n<meta property=\"og:type\" content=\"article\" \/>\n<meta property=\"og:title\" content=\"Adidas Pre-sleep Calm - gel de du\u0219 400 ml - SHOPATOA.COM\" \/>\n<meta property=\"og:description\" content=\"Transforma\u021bi-v\u0103 du\u0219ul sau baia de zi cu zi \u00eentr-o experien\u021b\u0103 extraordinar\u0103 pe care o vei a\u0219tepta cu ner\u0103bdare toat\u0103 ziua. Tratamentul de du\u0219 pentru femei Adidas Pre-Sleep Calm v\u0103 va parfuma pielea frumos \u0219i v\u0103 va \u00eenc\u00e2nta sim\u021burile. Gelul de du\u0219 \u00eendep\u0103rteaz\u0103 perfect, dar delicat, impurit\u0103\u021bile \u0219i las\u0103 pielea proasp\u0103t\u0103, hidratat\u0103 \u0219i protejat\u0103 \u00eempotriva mirosurilor...\" \/>\n<meta property=\"og:url\" content=\"https:\/\/shopatoa.com\/ro\/adidas-pre-sleep-calm-gel-de-dus-400-ml\/\" \/>\n<meta property=\"og:site_name\" content=\"SHOPATOA\" \/>\n<meta property=\"article:modified_time\" content=\"2025-12-15T03:35:18+00:00\" \/>\n<meta property=\"og:image\" content=\"https:\/\/storage.googleapis.com\/cz-shopatoa-img\/ro\/cc506b35-unnamed-file.webp\" \/>\n\t<meta property=\"og:image:width\" content=\"800\" \/>\n\t<meta property=\"og:image:height\" content=\"800\" \/>\n\t<meta property=\"og:image:type\" content=\"image\/webp\" \/>\n<meta name=\"twitter:card\" content=\"summary_large_image\" \/>\n<meta name=\"twitter:label1\" content=\"Timp estimat pentru citire\" \/>\n\t<meta name=\"twitter:data1\" content=\"1 minut\" \/>\n<script type=\"application\/ld+json\" class=\"yoast-schema-graph\">{\"@context\":\"https:\\\/\\\/schema.org\",\"@graph\":[{\"@type\":\"WebPage\",\"@id\":\"https:\\\/\\\/shopatoa.com\\\/ro\\\/adidas-pre-sleep-calm-gel-de-dus-400-ml\\\/\",\"url\":\"https:\\\/\\\/shopatoa.com\\\/ro\\\/adidas-pre-sleep-calm-gel-de-dus-400-ml\\\/\",\"name\":\"Adidas Pre-sleep Calm - gel de du\u0219 400 ml - SHOPATOA.COM\",\"isPartOf\":{\"@id\":\"https:\\\/\\\/shopatoa.com\\\/ro\\\/#website\"},\"primaryImageOfPage\":{\"@id\":\"https:\\\/\\\/shopatoa.com\\\/ro\\\/adidas-pre-sleep-calm-gel-de-dus-400-ml\\\/#primaryimage\"},\"image\":{\"@id\":\"https:\\\/\\\/shopatoa.com\\\/ro\\\/adidas-pre-sleep-calm-gel-de-dus-400-ml\\\/#primaryimage\"},\"thumbnailUrl\":\"https:\\\/\\\/storage.googleapis.com\\\/cz-shopatoa-img\\\/ro\\\/cc506b35-unnamed-file.webp\",\"datePublished\":\"2025-04-30T01:41:08+00:00\",\"dateModified\":\"2025-12-15T03:35:18+00:00\",\"breadcrumb\":{\"@id\":\"https:\\\/\\\/shopatoa.com\\\/ro\\\/adidas-pre-sleep-calm-gel-de-dus-400-ml\\\/#breadcrumb\"},\"inLanguage\":\"ro-RO\",\"potentialAction\":[{\"@type\":\"ReadAction\",\"target\":[\"https:\\\/\\\/shopatoa.com\\\/ro\\\/adidas-pre-sleep-calm-gel-de-dus-400-ml\\\/\"]}]},{\"@type\":\"ImageObject\",\"inLanguage\":\"ro-RO\",\"@id\":\"https:\\\/\\\/shopatoa.com\\\/ro\\\/adidas-pre-sleep-calm-gel-de-dus-400-ml\\\/#primaryimage\",\"url\":\"https:\\\/\\\/storage.googleapis.com\\\/cz-shopatoa-img\\\/ro\\\/cc506b35-unnamed-file.webp\",\"contentUrl\":\"https:\\\/\\\/storage.googleapis.com\\\/cz-shopatoa-img\\\/ro\\\/cc506b35-unnamed-file.webp\",\"width\":800,\"height\":800},{\"@type\":\"BreadcrumbList\",\"@id\":\"https:\\\/\\\/shopatoa.com\\\/ro\\\/adidas-pre-sleep-calm-gel-de-dus-400-ml\\\/#breadcrumb\",\"itemListElement\":[{\"@type\":\"ListItem\",\"position\":1,\"name\":\"Dom\u016f\",\"item\":\"https:\\\/\\\/shopatoa.com\\\/ro\\\/\"},{\"@type\":\"ListItem\",\"position\":2,\"name\":\"Shop\",\"item\":\"https:\\\/\\\/shopatoa.com\\\/ro\\\/shop\\\/\"},{\"@type\":\"ListItem\",\"position\":3,\"name\":\"Cosmetice\",\"item\":\"https:\\\/\\\/shopatoa.com\\\/ro\\\/cosmetice\\\/\"},{\"@type\":\"ListItem\",\"position\":4,\"name\":\"Produse cosmetice pentru corp\",\"item\":\"https:\\\/\\\/shopatoa.com\\\/ro\\\/produse-cosmetice-pentru-corp\\\/\"},{\"@type\":\"ListItem\",\"position\":5,\"name\":\"Cosmetice pentru du\u0219 \u0219i baie\",\"item\":\"https:\\\/\\\/shopatoa.com\\\/ro\\\/cosmetice-pentru-dus-si-baie\\\/\"},{\"@type\":\"ListItem\",\"position\":6,\"name\":\"Adidas Pre-sleep Calm &#8211; gel de du\u0219 400 ml\"}]},{\"@type\":\"WebSite\",\"@id\":\"https:\\\/\\\/shopatoa.com\\\/ro\\\/#website\",\"url\":\"https:\\\/\\\/shopatoa.com\\\/ro\\\/\",\"name\":\"SHOPATOA\",\"description\":\"\",\"publisher\":{\"@id\":\"https:\\\/\\\/shopatoa.com\\\/ro\\\/#organization\"},\"potentialAction\":[{\"@type\":\"SearchAction\",\"target\":{\"@type\":\"EntryPoint\",\"urlTemplate\":\"https:\\\/\\\/shopatoa.com\\\/ro\\\/?s={search_term_string}\"},\"query-input\":{\"@type\":\"PropertyValueSpecification\",\"valueRequired\":true,\"valueName\":\"search_term_string\"}}],\"inLanguage\":\"ro-RO\"},{\"@type\":\"Organization\",\"@id\":\"https:\\\/\\\/shopatoa.com\\\/ro\\\/#organization\",\"name\":\"SHOPATOA\",\"url\":\"https:\\\/\\\/shopatoa.com\\\/ro\\\/\",\"logo\":{\"@type\":\"ImageObject\",\"inLanguage\":\"ro-RO\",\"@id\":\"https:\\\/\\\/shopatoa.com\\\/ro\\\/#\\\/schema\\\/logo\\\/image\\\/\",\"url\":\"https:\\\/\\\/storage.googleapis.com\\\/cz-shopatoa-img\\\/ro\\\/b4dac915-shopatoa_logo.png\",\"contentUrl\":\"https:\\\/\\\/storage.googleapis.com\\\/cz-shopatoa-img\\\/ro\\\/b4dac915-shopatoa_logo.png\",\"width\":416,\"height\":63,\"caption\":\"SHOPATOA\"},\"image\":{\"@id\":\"https:\\\/\\\/shopatoa.com\\\/ro\\\/#\\\/schema\\\/logo\\\/image\\\/\"}}]}<\/script>\n<!-- \/ Yoast SEO plugin. -->","yoast_head_json":{"title":"Adidas Pre-sleep Calm - gel de du\u0219 400 ml - SHOPATOA.COM","robots":{"index":"index","follow":"follow","max-snippet":"max-snippet:-1","max-image-preview":"max-image-preview:large","max-video-preview":"max-video-preview:-1"},"canonical":"https:\/\/shopatoa.com\/ro\/adidas-pre-sleep-calm-gel-de-dus-400-ml\/","og_locale":"ro_RO","og_type":"article","og_title":"Adidas Pre-sleep Calm - gel de du\u0219 400 ml - SHOPATOA.COM","og_description":"Transforma\u021bi-v\u0103 du\u0219ul sau baia de zi cu zi \u00eentr-o experien\u021b\u0103 extraordinar\u0103 pe care o vei a\u0219tepta cu ner\u0103bdare toat\u0103 ziua. Tratamentul de du\u0219 pentru femei Adidas Pre-Sleep Calm v\u0103 va parfuma pielea frumos \u0219i v\u0103 va \u00eenc\u00e2nta sim\u021burile. Gelul de du\u0219 \u00eendep\u0103rteaz\u0103 perfect, dar delicat, impurit\u0103\u021bile \u0219i las\u0103 pielea proasp\u0103t\u0103, hidratat\u0103 \u0219i protejat\u0103 \u00eempotriva mirosurilor...","og_url":"https:\/\/shopatoa.com\/ro\/adidas-pre-sleep-calm-gel-de-dus-400-ml\/","og_site_name":"SHOPATOA","article_modified_time":"2025-12-15T03:35:18+00:00","og_image":[{"width":800,"height":800,"url":"https:\/\/storage.googleapis.com\/cz-shopatoa-img\/ro\/cc506b35-unnamed-file.webp","type":"image\/webp"}],"twitter_card":"summary_large_image","twitter_misc":{"Timp estimat pentru citire":"1 minut"},"schema":{"@context":"https:\/\/schema.org","@graph":[{"@type":"WebPage","@id":"https:\/\/shopatoa.com\/ro\/adidas-pre-sleep-calm-gel-de-dus-400-ml\/","url":"https:\/\/shopatoa.com\/ro\/adidas-pre-sleep-calm-gel-de-dus-400-ml\/","name":"Adidas Pre-sleep Calm - gel de du\u0219 400 ml - SHOPATOA.COM","isPartOf":{"@id":"https:\/\/shopatoa.com\/ro\/#website"},"primaryImageOfPage":{"@id":"https:\/\/shopatoa.com\/ro\/adidas-pre-sleep-calm-gel-de-dus-400-ml\/#primaryimage"},"image":{"@id":"https:\/\/shopatoa.com\/ro\/adidas-pre-sleep-calm-gel-de-dus-400-ml\/#primaryimage"},"thumbnailUrl":"https:\/\/storage.googleapis.com\/cz-shopatoa-img\/ro\/cc506b35-unnamed-file.webp","datePublished":"2025-04-30T01:41:08+00:00","dateModified":"2025-12-15T03:35:18+00:00","breadcrumb":{"@id":"https:\/\/shopatoa.com\/ro\/adidas-pre-sleep-calm-gel-de-dus-400-ml\/#breadcrumb"},"inLanguage":"ro-RO","potentialAction":[{"@type":"ReadAction","target":["https:\/\/shopatoa.com\/ro\/adidas-pre-sleep-calm-gel-de-dus-400-ml\/"]}]},{"@type":"ImageObject","inLanguage":"ro-RO","@id":"https:\/\/shopatoa.com\/ro\/adidas-pre-sleep-calm-gel-de-dus-400-ml\/#primaryimage","url":"https:\/\/storage.googleapis.com\/cz-shopatoa-img\/ro\/cc506b35-unnamed-file.webp","contentUrl":"https:\/\/storage.googleapis.com\/cz-shopatoa-img\/ro\/cc506b35-unnamed-file.webp","width":800,"height":800},{"@type":"BreadcrumbList","@id":"https:\/\/shopatoa.com\/ro\/adidas-pre-sleep-calm-gel-de-dus-400-ml\/#breadcrumb","itemListElement":[{"@type":"ListItem","position":1,"name":"Dom\u016f","item":"https:\/\/shopatoa.com\/ro\/"},{"@type":"ListItem","position":2,"name":"Shop","item":"https:\/\/shopatoa.com\/ro\/shop\/"},{"@type":"ListItem","position":3,"name":"Cosmetice","item":"https:\/\/shopatoa.com\/ro\/cosmetice\/"},{"@type":"ListItem","position":4,"name":"Produse cosmetice pentru corp","item":"https:\/\/shopatoa.com\/ro\/produse-cosmetice-pentru-corp\/"},{"@type":"ListItem","position":5,"name":"Cosmetice pentru du\u0219 \u0219i baie","item":"https:\/\/shopatoa.com\/ro\/cosmetice-pentru-dus-si-baie\/"},{"@type":"ListItem","position":6,"name":"Adidas Pre-sleep Calm &#8211; gel de du\u0219 400 ml"}]},{"@type":"WebSite","@id":"https:\/\/shopatoa.com\/ro\/#website","url":"https:\/\/shopatoa.com\/ro\/","name":"SHOPATOA","description":"","publisher":{"@id":"https:\/\/shopatoa.com\/ro\/#organization"},"potentialAction":[{"@type":"SearchAction","target":{"@type":"EntryPoint","urlTemplate":"https:\/\/shopatoa.com\/ro\/?s={search_term_string}"},"query-input":{"@type":"PropertyValueSpecification","valueRequired":true,"valueName":"search_term_string"}}],"inLanguage":"ro-RO"},{"@type":"Organization","@id":"https:\/\/shopatoa.com\/ro\/#organization","name":"SHOPATOA","url":"https:\/\/shopatoa.com\/ro\/","logo":{"@type":"ImageObject","inLanguage":"ro-RO","@id":"https:\/\/shopatoa.com\/ro\/#\/schema\/logo\/image\/","url":"https:\/\/storage.googleapis.com\/cz-shopatoa-img\/ro\/b4dac915-shopatoa_logo.png","contentUrl":"https:\/\/storage.googleapis.com\/cz-shopatoa-img\/ro\/b4dac915-shopatoa_logo.png","width":416,"height":63,"caption":"SHOPATOA"},"image":{"@id":"https:\/\/shopatoa.com\/ro\/#\/schema\/logo\/image\/"}}]}},"_links":{"self":[{"href":"https:\/\/shopatoa.com\/ro\/wp-json\/wp\/v2\/product\/276213","targetHints":{"allow":["GET"]}}],"collection":[{"href":"https:\/\/shopatoa.com\/ro\/wp-json\/wp\/v2\/product"}],"about":[{"href":"https:\/\/shopatoa.com\/ro\/wp-json\/wp\/v2\/types\/product"}],"replies":[{"embeddable":true,"href":"https:\/\/shopatoa.com\/ro\/wp-json\/wp\/v2\/comments?post=276213"}],"wp:featuredmedia":[{"embeddable":true,"href":"https:\/\/shopatoa.com\/ro\/wp-json\/wp\/v2\/media\/276214"}],"wp:attachment":[{"href":"https:\/\/shopatoa.com\/ro\/wp-json\/wp\/v2\/media?parent=276213"}],"wp:term":[{"taxonomy":"product_brand","embeddable":true,"href":"https:\/\/shopatoa.com\/ro\/wp-json\/wp\/v2\/product_brand?post=276213"},{"taxonomy":"product_cat","embeddable":true,"href":"https:\/\/shopatoa.com\/ro\/wp-json\/wp\/v2\/product_cat?post=276213"},{"taxonomy":"product_tag","embeddable":true,"href":"https:\/\/shopatoa.com\/ro\/wp-json\/wp\/v2\/product_tag?post=276213"}],"curies":[{"name":"wp","href":"https:\/\/api.w.org\/{rel}","templated":true}]}}