{"id":276303,"date":"2025-04-30T04:01:06","date_gmt":"2025-04-30T02:01:06","guid":{"rendered":"https:\/\/shopatoa.com\/ro\/dr-hauschka-lapte-dupa-bronzare-150-ml\/"},"modified":"2025-12-15T04:23:16","modified_gmt":"2025-12-15T03:23:16","slug":"dr-hauschka-lapte-dupa-bronzare-150-ml","status":"publish","type":"product","link":"https:\/\/shopatoa.com\/ro\/dr-hauschka-lapte-dupa-bronzare-150-ml\/","title":{"rendered":"Dr. Hauschka Lapte dup\u0103 bronzare 150 ml"},"content":{"rendered":"<p>Laptele u\u0219or hidratant \u0219i r\u0103coritor dup\u0103 plaj\u0103 este potrivit pentru copii \u0219i adul\u021bi. Compozi\u021bia echilibrat\u0103 a ingredientelor puternic hidratante \u0219i regenerante amelioreaz\u0103 tensiunea pielii, o \u00eengrije\u0219te cu generozitate \u0219i previne \u00eemb\u0103tr\u00e2nirea prematur\u0103. Laptele dup\u0103 bronzare con\u021bine uleiuri \u0219i cear\u0103 vegetal\u0103 valoroase, precum \u0219i extracte din semin\u021be de gutui \u0219i anthyllis. Se r\u0103sp\u00e2nde\u0219te u\u0219or \u0219i se absoarbe rapid \u00een piele. Pielea va r\u0103m\u00e2ne moale \u0219i supl\u0103 \u0219i \u00ee\u0219i va p\u0103stra aspectul bronzat mult timp atunci c\u00e2nd este folosit in mod regulat. Laptele Dr. Hauschka dup\u0103 bronzare las\u0103 o senza\u021bie pl\u0103cut\u0103 pe piele \u0219i un parfum delicat de uleiuri esen\u021biale adev\u0103rate. Pute\u021bi folosi laptele nu numai dup\u0103 bronzare, ci \u00een orice moment ca tratament intensiv hidratant pentru \u00eentregul corp sau \u0219i pentru a calma pielea dup\u0103 epilare. Adaug\u0103 o senza\u021bie de prospe\u021bime \u0219i un miros delicat.<\/p>\n","protected":false},"excerpt":{"rendered":"<p>Laptele u\u0219or hidratant \u0219i r\u0103coritor dup\u0103 plaj\u0103 este potrivit pentru copii \u0219i adul\u021bi. Compozi\u021bia echilibrat\u0103 a ingredientelor puternic hidratante \u0219i regenerante amelioreaz\u0103 tensiunea pielii, o \u00eengrije\u0219te cu generozitate \u0219i previne \u00eemb\u0103tr\u00e2nirea prematur\u0103. Laptele dup\u0103 bronzare con\u021bine uleiuri \u0219i cear\u0103 vegetal\u0103 valoroase, precum \u0219i extracte din semin\u021be de gutui \u0219i anthyllis. Se r\u0103sp\u00e2nde\u0219te u\u0219or \u0219i se&#8230;<\/p>\n","protected":false},"featured_media":276304,"comment_status":"closed","ping_status":"open","template":"","meta":{"_acf_changed":false,"_kadence_starter_templates_imported_post":false,"_kad_post_transparent":"","_kad_post_title":"","_kad_post_layout":"","_kad_post_sidebar_id":"","_kad_post_content_style":"","_kad_post_vertical_padding":"","_kad_post_feature":"","_kad_post_feature_position":"","_kad_post_header":false,"_kad_post_footer":false,"_kad_post_classname":""},"product_brand":[421],"product_cat":[246,642,653],"product_tag":[],"class_list":{"0":"post-276303","1":"product","2":"type-product","3":"status-publish","4":"has-post-thumbnail","6":"product_brand-dr-hauschka","7":"product_cat-cosmetice","8":"product_cat-cosmetice-de-protectie-solara","9":"product_cat-produse-dupa-bronzare","11":"first","12":"instock","13":"product-type-external","14":"entry","15":"content-bg","16":"loop-entry"},"acf":[],"yoast_head":"<!-- This site is optimized with the Yoast SEO plugin v27.3 - https:\/\/yoast.com\/product\/yoast-seo-wordpress\/ -->\n<title>Dr. Hauschka Lapte dup\u0103 bronzare 150 ml - SHOPATOA.COM<\/title>\n<meta name=\"robots\" content=\"index, follow, max-snippet:-1, max-image-preview:large, max-video-preview:-1\" \/>\n<link rel=\"canonical\" href=\"https:\/\/shopatoa.com\/ro\/dr-hauschka-lapte-dupa-bronzare-150-ml\/\" \/>\n<meta property=\"og:locale\" content=\"ro_RO\" \/>\n<meta property=\"og:type\" content=\"article\" \/>\n<meta property=\"og:title\" content=\"Dr. Hauschka Lapte dup\u0103 bronzare 150 ml - SHOPATOA.COM\" \/>\n<meta property=\"og:description\" content=\"Laptele u\u0219or hidratant \u0219i r\u0103coritor dup\u0103 plaj\u0103 este potrivit pentru copii \u0219i adul\u021bi. Compozi\u021bia echilibrat\u0103 a ingredientelor puternic hidratante \u0219i regenerante amelioreaz\u0103 tensiunea pielii, o \u00eengrije\u0219te cu generozitate \u0219i previne \u00eemb\u0103tr\u00e2nirea prematur\u0103. Laptele dup\u0103 bronzare con\u021bine uleiuri \u0219i cear\u0103 vegetal\u0103 valoroase, precum \u0219i extracte din semin\u021be de gutui \u0219i anthyllis. Se r\u0103sp\u00e2nde\u0219te u\u0219or \u0219i se...\" \/>\n<meta property=\"og:url\" content=\"https:\/\/shopatoa.com\/ro\/dr-hauschka-lapte-dupa-bronzare-150-ml\/\" \/>\n<meta property=\"og:site_name\" content=\"SHOPATOA\" \/>\n<meta property=\"article:modified_time\" content=\"2025-12-15T03:23:16+00:00\" \/>\n<meta property=\"og:image\" content=\"https:\/\/storage.googleapis.com\/cz-shopatoa-img\/ro\/cc36d586-.webp\" \/>\n\t<meta property=\"og:image:width\" content=\"800\" \/>\n\t<meta property=\"og:image:height\" content=\"800\" \/>\n\t<meta property=\"og:image:type\" content=\"image\/webp\" \/>\n<meta name=\"twitter:card\" content=\"summary_large_image\" \/>\n<meta name=\"twitter:label1\" content=\"Timp estimat pentru citire\" \/>\n\t<meta name=\"twitter:data1\" content=\"1 minut\" \/>\n<script type=\"application\/ld+json\" class=\"yoast-schema-graph\">{\"@context\":\"https:\\\/\\\/schema.org\",\"@graph\":[{\"@type\":\"WebPage\",\"@id\":\"https:\\\/\\\/shopatoa.com\\\/ro\\\/dr-hauschka-lapte-dupa-bronzare-150-ml\\\/\",\"url\":\"https:\\\/\\\/shopatoa.com\\\/ro\\\/dr-hauschka-lapte-dupa-bronzare-150-ml\\\/\",\"name\":\"Dr. Hauschka Lapte dup\u0103 bronzare 150 ml - SHOPATOA.COM\",\"isPartOf\":{\"@id\":\"https:\\\/\\\/shopatoa.com\\\/ro\\\/#website\"},\"primaryImageOfPage\":{\"@id\":\"https:\\\/\\\/shopatoa.com\\\/ro\\\/dr-hauschka-lapte-dupa-bronzare-150-ml\\\/#primaryimage\"},\"image\":{\"@id\":\"https:\\\/\\\/shopatoa.com\\\/ro\\\/dr-hauschka-lapte-dupa-bronzare-150-ml\\\/#primaryimage\"},\"thumbnailUrl\":\"https:\\\/\\\/storage.googleapis.com\\\/cz-shopatoa-img\\\/ro\\\/cc36d586-.webp\",\"datePublished\":\"2025-04-30T02:01:06+00:00\",\"dateModified\":\"2025-12-15T03:23:16+00:00\",\"breadcrumb\":{\"@id\":\"https:\\\/\\\/shopatoa.com\\\/ro\\\/dr-hauschka-lapte-dupa-bronzare-150-ml\\\/#breadcrumb\"},\"inLanguage\":\"ro-RO\",\"potentialAction\":[{\"@type\":\"ReadAction\",\"target\":[\"https:\\\/\\\/shopatoa.com\\\/ro\\\/dr-hauschka-lapte-dupa-bronzare-150-ml\\\/\"]}]},{\"@type\":\"ImageObject\",\"inLanguage\":\"ro-RO\",\"@id\":\"https:\\\/\\\/shopatoa.com\\\/ro\\\/dr-hauschka-lapte-dupa-bronzare-150-ml\\\/#primaryimage\",\"url\":\"https:\\\/\\\/storage.googleapis.com\\\/cz-shopatoa-img\\\/ro\\\/cc36d586-.webp\",\"contentUrl\":\"https:\\\/\\\/storage.googleapis.com\\\/cz-shopatoa-img\\\/ro\\\/cc36d586-.webp\",\"width\":800,\"height\":800},{\"@type\":\"BreadcrumbList\",\"@id\":\"https:\\\/\\\/shopatoa.com\\\/ro\\\/dr-hauschka-lapte-dupa-bronzare-150-ml\\\/#breadcrumb\",\"itemListElement\":[{\"@type\":\"ListItem\",\"position\":1,\"name\":\"Dom\u016f\",\"item\":\"https:\\\/\\\/shopatoa.com\\\/ro\\\/\"},{\"@type\":\"ListItem\",\"position\":2,\"name\":\"Shop\",\"item\":\"https:\\\/\\\/shopatoa.com\\\/ro\\\/shop\\\/\"},{\"@type\":\"ListItem\",\"position\":3,\"name\":\"Cosmetice\",\"item\":\"https:\\\/\\\/shopatoa.com\\\/ro\\\/cosmetice\\\/\"},{\"@type\":\"ListItem\",\"position\":4,\"name\":\"Cosmetice de protec\u021bie solar\u0103\",\"item\":\"https:\\\/\\\/shopatoa.com\\\/ro\\\/cosmetice-de-protectie-solara\\\/\"},{\"@type\":\"ListItem\",\"position\":5,\"name\":\"Produse dup\u0103 bronzare\",\"item\":\"https:\\\/\\\/shopatoa.com\\\/ro\\\/produse-dupa-bronzare\\\/\"},{\"@type\":\"ListItem\",\"position\":6,\"name\":\"Dr. Hauschka Lapte dup\u0103 bronzare 150 ml\"}]},{\"@type\":\"WebSite\",\"@id\":\"https:\\\/\\\/shopatoa.com\\\/ro\\\/#website\",\"url\":\"https:\\\/\\\/shopatoa.com\\\/ro\\\/\",\"name\":\"SHOPATOA\",\"description\":\"\",\"publisher\":{\"@id\":\"https:\\\/\\\/shopatoa.com\\\/ro\\\/#organization\"},\"potentialAction\":[{\"@type\":\"SearchAction\",\"target\":{\"@type\":\"EntryPoint\",\"urlTemplate\":\"https:\\\/\\\/shopatoa.com\\\/ro\\\/?s={search_term_string}\"},\"query-input\":{\"@type\":\"PropertyValueSpecification\",\"valueRequired\":true,\"valueName\":\"search_term_string\"}}],\"inLanguage\":\"ro-RO\"},{\"@type\":\"Organization\",\"@id\":\"https:\\\/\\\/shopatoa.com\\\/ro\\\/#organization\",\"name\":\"SHOPATOA\",\"url\":\"https:\\\/\\\/shopatoa.com\\\/ro\\\/\",\"logo\":{\"@type\":\"ImageObject\",\"inLanguage\":\"ro-RO\",\"@id\":\"https:\\\/\\\/shopatoa.com\\\/ro\\\/#\\\/schema\\\/logo\\\/image\\\/\",\"url\":\"https:\\\/\\\/storage.googleapis.com\\\/cz-shopatoa-img\\\/ro\\\/b4dac915-shopatoa_logo.png\",\"contentUrl\":\"https:\\\/\\\/storage.googleapis.com\\\/cz-shopatoa-img\\\/ro\\\/b4dac915-shopatoa_logo.png\",\"width\":416,\"height\":63,\"caption\":\"SHOPATOA\"},\"image\":{\"@id\":\"https:\\\/\\\/shopatoa.com\\\/ro\\\/#\\\/schema\\\/logo\\\/image\\\/\"}}]}<\/script>\n<!-- \/ Yoast SEO plugin. -->","yoast_head_json":{"title":"Dr. Hauschka Lapte dup\u0103 bronzare 150 ml - SHOPATOA.COM","robots":{"index":"index","follow":"follow","max-snippet":"max-snippet:-1","max-image-preview":"max-image-preview:large","max-video-preview":"max-video-preview:-1"},"canonical":"https:\/\/shopatoa.com\/ro\/dr-hauschka-lapte-dupa-bronzare-150-ml\/","og_locale":"ro_RO","og_type":"article","og_title":"Dr. Hauschka Lapte dup\u0103 bronzare 150 ml - SHOPATOA.COM","og_description":"Laptele u\u0219or hidratant \u0219i r\u0103coritor dup\u0103 plaj\u0103 este potrivit pentru copii \u0219i adul\u021bi. Compozi\u021bia echilibrat\u0103 a ingredientelor puternic hidratante \u0219i regenerante amelioreaz\u0103 tensiunea pielii, o \u00eengrije\u0219te cu generozitate \u0219i previne \u00eemb\u0103tr\u00e2nirea prematur\u0103. Laptele dup\u0103 bronzare con\u021bine uleiuri \u0219i cear\u0103 vegetal\u0103 valoroase, precum \u0219i extracte din semin\u021be de gutui \u0219i anthyllis. Se r\u0103sp\u00e2nde\u0219te u\u0219or \u0219i se...","og_url":"https:\/\/shopatoa.com\/ro\/dr-hauschka-lapte-dupa-bronzare-150-ml\/","og_site_name":"SHOPATOA","article_modified_time":"2025-12-15T03:23:16+00:00","og_image":[{"width":800,"height":800,"url":"https:\/\/storage.googleapis.com\/cz-shopatoa-img\/ro\/cc36d586-.webp","type":"image\/webp"}],"twitter_card":"summary_large_image","twitter_misc":{"Timp estimat pentru citire":"1 minut"},"schema":{"@context":"https:\/\/schema.org","@graph":[{"@type":"WebPage","@id":"https:\/\/shopatoa.com\/ro\/dr-hauschka-lapte-dupa-bronzare-150-ml\/","url":"https:\/\/shopatoa.com\/ro\/dr-hauschka-lapte-dupa-bronzare-150-ml\/","name":"Dr. Hauschka Lapte dup\u0103 bronzare 150 ml - SHOPATOA.COM","isPartOf":{"@id":"https:\/\/shopatoa.com\/ro\/#website"},"primaryImageOfPage":{"@id":"https:\/\/shopatoa.com\/ro\/dr-hauschka-lapte-dupa-bronzare-150-ml\/#primaryimage"},"image":{"@id":"https:\/\/shopatoa.com\/ro\/dr-hauschka-lapte-dupa-bronzare-150-ml\/#primaryimage"},"thumbnailUrl":"https:\/\/storage.googleapis.com\/cz-shopatoa-img\/ro\/cc36d586-.webp","datePublished":"2025-04-30T02:01:06+00:00","dateModified":"2025-12-15T03:23:16+00:00","breadcrumb":{"@id":"https:\/\/shopatoa.com\/ro\/dr-hauschka-lapte-dupa-bronzare-150-ml\/#breadcrumb"},"inLanguage":"ro-RO","potentialAction":[{"@type":"ReadAction","target":["https:\/\/shopatoa.com\/ro\/dr-hauschka-lapte-dupa-bronzare-150-ml\/"]}]},{"@type":"ImageObject","inLanguage":"ro-RO","@id":"https:\/\/shopatoa.com\/ro\/dr-hauschka-lapte-dupa-bronzare-150-ml\/#primaryimage","url":"https:\/\/storage.googleapis.com\/cz-shopatoa-img\/ro\/cc36d586-.webp","contentUrl":"https:\/\/storage.googleapis.com\/cz-shopatoa-img\/ro\/cc36d586-.webp","width":800,"height":800},{"@type":"BreadcrumbList","@id":"https:\/\/shopatoa.com\/ro\/dr-hauschka-lapte-dupa-bronzare-150-ml\/#breadcrumb","itemListElement":[{"@type":"ListItem","position":1,"name":"Dom\u016f","item":"https:\/\/shopatoa.com\/ro\/"},{"@type":"ListItem","position":2,"name":"Shop","item":"https:\/\/shopatoa.com\/ro\/shop\/"},{"@type":"ListItem","position":3,"name":"Cosmetice","item":"https:\/\/shopatoa.com\/ro\/cosmetice\/"},{"@type":"ListItem","position":4,"name":"Cosmetice de protec\u021bie solar\u0103","item":"https:\/\/shopatoa.com\/ro\/cosmetice-de-protectie-solara\/"},{"@type":"ListItem","position":5,"name":"Produse dup\u0103 bronzare","item":"https:\/\/shopatoa.com\/ro\/produse-dupa-bronzare\/"},{"@type":"ListItem","position":6,"name":"Dr. Hauschka Lapte dup\u0103 bronzare 150 ml"}]},{"@type":"WebSite","@id":"https:\/\/shopatoa.com\/ro\/#website","url":"https:\/\/shopatoa.com\/ro\/","name":"SHOPATOA","description":"","publisher":{"@id":"https:\/\/shopatoa.com\/ro\/#organization"},"potentialAction":[{"@type":"SearchAction","target":{"@type":"EntryPoint","urlTemplate":"https:\/\/shopatoa.com\/ro\/?s={search_term_string}"},"query-input":{"@type":"PropertyValueSpecification","valueRequired":true,"valueName":"search_term_string"}}],"inLanguage":"ro-RO"},{"@type":"Organization","@id":"https:\/\/shopatoa.com\/ro\/#organization","name":"SHOPATOA","url":"https:\/\/shopatoa.com\/ro\/","logo":{"@type":"ImageObject","inLanguage":"ro-RO","@id":"https:\/\/shopatoa.com\/ro\/#\/schema\/logo\/image\/","url":"https:\/\/storage.googleapis.com\/cz-shopatoa-img\/ro\/b4dac915-shopatoa_logo.png","contentUrl":"https:\/\/storage.googleapis.com\/cz-shopatoa-img\/ro\/b4dac915-shopatoa_logo.png","width":416,"height":63,"caption":"SHOPATOA"},"image":{"@id":"https:\/\/shopatoa.com\/ro\/#\/schema\/logo\/image\/"}}]}},"_links":{"self":[{"href":"https:\/\/shopatoa.com\/ro\/wp-json\/wp\/v2\/product\/276303","targetHints":{"allow":["GET"]}}],"collection":[{"href":"https:\/\/shopatoa.com\/ro\/wp-json\/wp\/v2\/product"}],"about":[{"href":"https:\/\/shopatoa.com\/ro\/wp-json\/wp\/v2\/types\/product"}],"replies":[{"embeddable":true,"href":"https:\/\/shopatoa.com\/ro\/wp-json\/wp\/v2\/comments?post=276303"}],"wp:featuredmedia":[{"embeddable":true,"href":"https:\/\/shopatoa.com\/ro\/wp-json\/wp\/v2\/media\/276304"}],"wp:attachment":[{"href":"https:\/\/shopatoa.com\/ro\/wp-json\/wp\/v2\/media?parent=276303"}],"wp:term":[{"taxonomy":"product_brand","embeddable":true,"href":"https:\/\/shopatoa.com\/ro\/wp-json\/wp\/v2\/product_brand?post=276303"},{"taxonomy":"product_cat","embeddable":true,"href":"https:\/\/shopatoa.com\/ro\/wp-json\/wp\/v2\/product_cat?post=276303"},{"taxonomy":"product_tag","embeddable":true,"href":"https:\/\/shopatoa.com\/ro\/wp-json\/wp\/v2\/product_tag?post=276303"}],"curies":[{"name":"wp","href":"https:\/\/api.w.org\/{rel}","templated":true}]}}