{"id":276728,"date":"2025-04-30T05:46:28","date_gmt":"2025-04-30T03:46:28","guid":{"rendered":"https:\/\/shopatoa.com\/ro\/naipo-guler-de-masaj-shiatsu-mgs-150dc\/"},"modified":"2025-12-15T01:53:29","modified_gmt":"2025-12-15T00:53:29","slug":"naipo-guler-de-masaj-shiatsu-mgs-150dc","status":"publish","type":"product","link":"https:\/\/shopatoa.com\/ro\/naipo-guler-de-masaj-shiatsu-mgs-150dc\/","title":{"rendered":"NAIPO Guler de masaj Shiatsu MGS-150DC"},"content":{"rendered":"<p>Aparatul de masaj Naipo MGS-150DC ofer\u0103 masaj profesional pentru umeri \u0219i g\u00e2t. Cele 8 noduri de masaj profunde aduc uniform c\u0103ldur\u0103 mu\u0219chilor, ligamentelor \u0219i tendoanelor. Un masaj cald \u00eembun\u0103t\u0103\u021be\u0219te circula\u021bia s\u00e2ngelui. Capetele de masaj ating cea mai ridicat\u0103 temperatura de p\u00e2n\u0103 la 45\u00b0C, pentru siguran\u021b\u0103 maxim\u0103 de func\u021bionare au protec\u021bie \u00eempotriva supra\u00eenc\u0103lzirii dup\u0103 20 de minute.<\/p>\n","protected":false},"excerpt":{"rendered":"<p>Aparatul de masaj Naipo MGS-150DC ofer\u0103 masaj profesional pentru umeri \u0219i g\u00e2t. Cele 8 noduri de masaj profunde aduc uniform c\u0103ldur\u0103 mu\u0219chilor, ligamentelor \u0219i tendoanelor. Un masaj cald \u00eembun\u0103t\u0103\u021be\u0219te circula\u021bia s\u00e2ngelui. Capetele de masaj ating cea mai ridicat\u0103 temperatura de p\u00e2n\u0103 la 45\u00b0C, pentru siguran\u021b\u0103 maxim\u0103 de func\u021bionare au protec\u021bie \u00eempotriva supra\u00eenc\u0103lzirii dup\u0103 20 de&#8230;<\/p>\n","protected":false},"featured_media":276729,"comment_status":"closed","ping_status":"open","template":"","meta":{"_acf_changed":false,"_kadence_starter_templates_imported_post":false,"_kad_post_transparent":"","_kad_post_title":"","_kad_post_layout":"","_kad_post_sidebar_id":"","_kad_post_content_style":"","_kad_post_vertical_padding":"","_kad_post_feature":"","_kad_post_feature_position":"","_kad_post_header":false,"_kad_post_footer":false,"_kad_post_classname":""},"product_brand":[1015],"product_cat":[246,676,726,611],"product_tag":[],"class_list":{"0":"post-276728","1":"product","2":"type-product","3":"status-publish","4":"has-post-thumbnail","6":"product_brand-naipo","7":"product_cat-cosmetice","8":"product_cat-dispozitive-si-preparate-pentru-masaj","9":"product_cat-echipament-pentru-masaj","10":"product_cat-produse-cosmetice-pentru-corp","12":"first","13":"instock","14":"product-type-external","15":"entry","16":"content-bg","17":"loop-entry"},"acf":[],"yoast_head":"<!-- This site is optimized with the Yoast SEO plugin v27.4 - https:\/\/yoast.com\/product\/yoast-seo-wordpress\/ -->\n<title>NAIPO Guler de masaj Shiatsu MGS-150DC - SHOPATOA.COM<\/title>\n<meta name=\"robots\" content=\"index, follow, max-snippet:-1, max-image-preview:large, max-video-preview:-1\" \/>\n<link rel=\"canonical\" href=\"https:\/\/shopatoa.com\/ro\/naipo-guler-de-masaj-shiatsu-mgs-150dc\/\" \/>\n<meta property=\"og:locale\" content=\"ro_RO\" \/>\n<meta property=\"og:type\" content=\"article\" \/>\n<meta property=\"og:title\" content=\"NAIPO Guler de masaj Shiatsu MGS-150DC - SHOPATOA.COM\" \/>\n<meta property=\"og:description\" content=\"Aparatul de masaj Naipo MGS-150DC ofer\u0103 masaj profesional pentru umeri \u0219i g\u00e2t. Cele 8 noduri de masaj profunde aduc uniform c\u0103ldur\u0103 mu\u0219chilor, ligamentelor \u0219i tendoanelor. Un masaj cald \u00eembun\u0103t\u0103\u021be\u0219te circula\u021bia s\u00e2ngelui. Capetele de masaj ating cea mai ridicat\u0103 temperatura de p\u00e2n\u0103 la 45\u00b0C, pentru siguran\u021b\u0103 maxim\u0103 de func\u021bionare au protec\u021bie \u00eempotriva supra\u00eenc\u0103lzirii dup\u0103 20 de...\" \/>\n<meta property=\"og:url\" content=\"https:\/\/shopatoa.com\/ro\/naipo-guler-de-masaj-shiatsu-mgs-150dc\/\" \/>\n<meta property=\"og:site_name\" content=\"SHOPATOA\" \/>\n<meta property=\"article:modified_time\" content=\"2025-12-15T00:53:29+00:00\" \/>\n<meta property=\"og:image\" content=\"https:\/\/storage.googleapis.com\/cz-shopatoa-img\/ro\/cfd852e4-unnamed-file.webp\" \/>\n\t<meta property=\"og:image:width\" content=\"800\" \/>\n\t<meta property=\"og:image:height\" content=\"800\" \/>\n\t<meta property=\"og:image:type\" content=\"image\/webp\" \/>\n<meta name=\"twitter:card\" content=\"summary_large_image\" \/>\n<script type=\"application\/ld+json\" class=\"yoast-schema-graph\">{\"@context\":\"https:\\\/\\\/schema.org\",\"@graph\":[{\"@type\":\"WebPage\",\"@id\":\"https:\\\/\\\/shopatoa.com\\\/ro\\\/naipo-guler-de-masaj-shiatsu-mgs-150dc\\\/\",\"url\":\"https:\\\/\\\/shopatoa.com\\\/ro\\\/naipo-guler-de-masaj-shiatsu-mgs-150dc\\\/\",\"name\":\"NAIPO Guler de masaj Shiatsu MGS-150DC - SHOPATOA.COM\",\"isPartOf\":{\"@id\":\"https:\\\/\\\/shopatoa.com\\\/ro\\\/#website\"},\"primaryImageOfPage\":{\"@id\":\"https:\\\/\\\/shopatoa.com\\\/ro\\\/naipo-guler-de-masaj-shiatsu-mgs-150dc\\\/#primaryimage\"},\"image\":{\"@id\":\"https:\\\/\\\/shopatoa.com\\\/ro\\\/naipo-guler-de-masaj-shiatsu-mgs-150dc\\\/#primaryimage\"},\"thumbnailUrl\":\"https:\\\/\\\/storage.googleapis.com\\\/cz-shopatoa-img\\\/ro\\\/cfd852e4-unnamed-file.webp\",\"datePublished\":\"2025-04-30T03:46:28+00:00\",\"dateModified\":\"2025-12-15T00:53:29+00:00\",\"breadcrumb\":{\"@id\":\"https:\\\/\\\/shopatoa.com\\\/ro\\\/naipo-guler-de-masaj-shiatsu-mgs-150dc\\\/#breadcrumb\"},\"inLanguage\":\"ro-RO\",\"potentialAction\":[{\"@type\":\"ReadAction\",\"target\":[\"https:\\\/\\\/shopatoa.com\\\/ro\\\/naipo-guler-de-masaj-shiatsu-mgs-150dc\\\/\"]}]},{\"@type\":\"ImageObject\",\"inLanguage\":\"ro-RO\",\"@id\":\"https:\\\/\\\/shopatoa.com\\\/ro\\\/naipo-guler-de-masaj-shiatsu-mgs-150dc\\\/#primaryimage\",\"url\":\"https:\\\/\\\/storage.googleapis.com\\\/cz-shopatoa-img\\\/ro\\\/cfd852e4-unnamed-file.webp\",\"contentUrl\":\"https:\\\/\\\/storage.googleapis.com\\\/cz-shopatoa-img\\\/ro\\\/cfd852e4-unnamed-file.webp\",\"width\":800,\"height\":800},{\"@type\":\"BreadcrumbList\",\"@id\":\"https:\\\/\\\/shopatoa.com\\\/ro\\\/naipo-guler-de-masaj-shiatsu-mgs-150dc\\\/#breadcrumb\",\"itemListElement\":[{\"@type\":\"ListItem\",\"position\":1,\"name\":\"Dom\u016f\",\"item\":\"https:\\\/\\\/shopatoa.com\\\/ro\\\/\"},{\"@type\":\"ListItem\",\"position\":2,\"name\":\"Shop\",\"item\":\"https:\\\/\\\/shopatoa.com\\\/ro\\\/shop\\\/\"},{\"@type\":\"ListItem\",\"position\":3,\"name\":\"Cosmetice\",\"item\":\"https:\\\/\\\/shopatoa.com\\\/ro\\\/cosmetice\\\/\"},{\"@type\":\"ListItem\",\"position\":4,\"name\":\"Produse cosmetice pentru corp\",\"item\":\"https:\\\/\\\/shopatoa.com\\\/ro\\\/produse-cosmetice-pentru-corp\\\/\"},{\"@type\":\"ListItem\",\"position\":5,\"name\":\"Dispozitive \u0219i preparate pentru masaj\",\"item\":\"https:\\\/\\\/shopatoa.com\\\/ro\\\/dispozitive-si-preparate-pentru-masaj\\\/\"},{\"@type\":\"ListItem\",\"position\":6,\"name\":\"Echipament pentru masaj\",\"item\":\"https:\\\/\\\/shopatoa.com\\\/ro\\\/echipament-pentru-masaj\\\/\"},{\"@type\":\"ListItem\",\"position\":7,\"name\":\"NAIPO Guler de masaj Shiatsu MGS-150DC\"}]},{\"@type\":\"WebSite\",\"@id\":\"https:\\\/\\\/shopatoa.com\\\/ro\\\/#website\",\"url\":\"https:\\\/\\\/shopatoa.com\\\/ro\\\/\",\"name\":\"SHOPATOA\",\"description\":\"\",\"publisher\":{\"@id\":\"https:\\\/\\\/shopatoa.com\\\/ro\\\/#organization\"},\"potentialAction\":[{\"@type\":\"SearchAction\",\"target\":{\"@type\":\"EntryPoint\",\"urlTemplate\":\"https:\\\/\\\/shopatoa.com\\\/ro\\\/?s={search_term_string}\"},\"query-input\":{\"@type\":\"PropertyValueSpecification\",\"valueRequired\":true,\"valueName\":\"search_term_string\"}}],\"inLanguage\":\"ro-RO\"},{\"@type\":\"Organization\",\"@id\":\"https:\\\/\\\/shopatoa.com\\\/ro\\\/#organization\",\"name\":\"SHOPATOA\",\"url\":\"https:\\\/\\\/shopatoa.com\\\/ro\\\/\",\"logo\":{\"@type\":\"ImageObject\",\"inLanguage\":\"ro-RO\",\"@id\":\"https:\\\/\\\/shopatoa.com\\\/ro\\\/#\\\/schema\\\/logo\\\/image\\\/\",\"url\":\"https:\\\/\\\/storage.googleapis.com\\\/cz-shopatoa-img\\\/ro\\\/b4dac915-shopatoa_logo.png\",\"contentUrl\":\"https:\\\/\\\/storage.googleapis.com\\\/cz-shopatoa-img\\\/ro\\\/b4dac915-shopatoa_logo.png\",\"width\":416,\"height\":63,\"caption\":\"SHOPATOA\"},\"image\":{\"@id\":\"https:\\\/\\\/shopatoa.com\\\/ro\\\/#\\\/schema\\\/logo\\\/image\\\/\"}}]}<\/script>\n<!-- \/ Yoast SEO plugin. -->","yoast_head_json":{"title":"NAIPO Guler de masaj Shiatsu MGS-150DC - SHOPATOA.COM","robots":{"index":"index","follow":"follow","max-snippet":"max-snippet:-1","max-image-preview":"max-image-preview:large","max-video-preview":"max-video-preview:-1"},"canonical":"https:\/\/shopatoa.com\/ro\/naipo-guler-de-masaj-shiatsu-mgs-150dc\/","og_locale":"ro_RO","og_type":"article","og_title":"NAIPO Guler de masaj Shiatsu MGS-150DC - SHOPATOA.COM","og_description":"Aparatul de masaj Naipo MGS-150DC ofer\u0103 masaj profesional pentru umeri \u0219i g\u00e2t. Cele 8 noduri de masaj profunde aduc uniform c\u0103ldur\u0103 mu\u0219chilor, ligamentelor \u0219i tendoanelor. Un masaj cald \u00eembun\u0103t\u0103\u021be\u0219te circula\u021bia s\u00e2ngelui. Capetele de masaj ating cea mai ridicat\u0103 temperatura de p\u00e2n\u0103 la 45\u00b0C, pentru siguran\u021b\u0103 maxim\u0103 de func\u021bionare au protec\u021bie \u00eempotriva supra\u00eenc\u0103lzirii dup\u0103 20 de...","og_url":"https:\/\/shopatoa.com\/ro\/naipo-guler-de-masaj-shiatsu-mgs-150dc\/","og_site_name":"SHOPATOA","article_modified_time":"2025-12-15T00:53:29+00:00","og_image":[{"width":800,"height":800,"url":"https:\/\/storage.googleapis.com\/cz-shopatoa-img\/ro\/cfd852e4-unnamed-file.webp","type":"image\/webp"}],"twitter_card":"summary_large_image","schema":{"@context":"https:\/\/schema.org","@graph":[{"@type":"WebPage","@id":"https:\/\/shopatoa.com\/ro\/naipo-guler-de-masaj-shiatsu-mgs-150dc\/","url":"https:\/\/shopatoa.com\/ro\/naipo-guler-de-masaj-shiatsu-mgs-150dc\/","name":"NAIPO Guler de masaj Shiatsu MGS-150DC - SHOPATOA.COM","isPartOf":{"@id":"https:\/\/shopatoa.com\/ro\/#website"},"primaryImageOfPage":{"@id":"https:\/\/shopatoa.com\/ro\/naipo-guler-de-masaj-shiatsu-mgs-150dc\/#primaryimage"},"image":{"@id":"https:\/\/shopatoa.com\/ro\/naipo-guler-de-masaj-shiatsu-mgs-150dc\/#primaryimage"},"thumbnailUrl":"https:\/\/storage.googleapis.com\/cz-shopatoa-img\/ro\/cfd852e4-unnamed-file.webp","datePublished":"2025-04-30T03:46:28+00:00","dateModified":"2025-12-15T00:53:29+00:00","breadcrumb":{"@id":"https:\/\/shopatoa.com\/ro\/naipo-guler-de-masaj-shiatsu-mgs-150dc\/#breadcrumb"},"inLanguage":"ro-RO","potentialAction":[{"@type":"ReadAction","target":["https:\/\/shopatoa.com\/ro\/naipo-guler-de-masaj-shiatsu-mgs-150dc\/"]}]},{"@type":"ImageObject","inLanguage":"ro-RO","@id":"https:\/\/shopatoa.com\/ro\/naipo-guler-de-masaj-shiatsu-mgs-150dc\/#primaryimage","url":"https:\/\/storage.googleapis.com\/cz-shopatoa-img\/ro\/cfd852e4-unnamed-file.webp","contentUrl":"https:\/\/storage.googleapis.com\/cz-shopatoa-img\/ro\/cfd852e4-unnamed-file.webp","width":800,"height":800},{"@type":"BreadcrumbList","@id":"https:\/\/shopatoa.com\/ro\/naipo-guler-de-masaj-shiatsu-mgs-150dc\/#breadcrumb","itemListElement":[{"@type":"ListItem","position":1,"name":"Dom\u016f","item":"https:\/\/shopatoa.com\/ro\/"},{"@type":"ListItem","position":2,"name":"Shop","item":"https:\/\/shopatoa.com\/ro\/shop\/"},{"@type":"ListItem","position":3,"name":"Cosmetice","item":"https:\/\/shopatoa.com\/ro\/cosmetice\/"},{"@type":"ListItem","position":4,"name":"Produse cosmetice pentru corp","item":"https:\/\/shopatoa.com\/ro\/produse-cosmetice-pentru-corp\/"},{"@type":"ListItem","position":5,"name":"Dispozitive \u0219i preparate pentru masaj","item":"https:\/\/shopatoa.com\/ro\/dispozitive-si-preparate-pentru-masaj\/"},{"@type":"ListItem","position":6,"name":"Echipament pentru masaj","item":"https:\/\/shopatoa.com\/ro\/echipament-pentru-masaj\/"},{"@type":"ListItem","position":7,"name":"NAIPO Guler de masaj Shiatsu MGS-150DC"}]},{"@type":"WebSite","@id":"https:\/\/shopatoa.com\/ro\/#website","url":"https:\/\/shopatoa.com\/ro\/","name":"SHOPATOA","description":"","publisher":{"@id":"https:\/\/shopatoa.com\/ro\/#organization"},"potentialAction":[{"@type":"SearchAction","target":{"@type":"EntryPoint","urlTemplate":"https:\/\/shopatoa.com\/ro\/?s={search_term_string}"},"query-input":{"@type":"PropertyValueSpecification","valueRequired":true,"valueName":"search_term_string"}}],"inLanguage":"ro-RO"},{"@type":"Organization","@id":"https:\/\/shopatoa.com\/ro\/#organization","name":"SHOPATOA","url":"https:\/\/shopatoa.com\/ro\/","logo":{"@type":"ImageObject","inLanguage":"ro-RO","@id":"https:\/\/shopatoa.com\/ro\/#\/schema\/logo\/image\/","url":"https:\/\/storage.googleapis.com\/cz-shopatoa-img\/ro\/b4dac915-shopatoa_logo.png","contentUrl":"https:\/\/storage.googleapis.com\/cz-shopatoa-img\/ro\/b4dac915-shopatoa_logo.png","width":416,"height":63,"caption":"SHOPATOA"},"image":{"@id":"https:\/\/shopatoa.com\/ro\/#\/schema\/logo\/image\/"}}]}},"_links":{"self":[{"href":"https:\/\/shopatoa.com\/ro\/wp-json\/wp\/v2\/product\/276728","targetHints":{"allow":["GET"]}}],"collection":[{"href":"https:\/\/shopatoa.com\/ro\/wp-json\/wp\/v2\/product"}],"about":[{"href":"https:\/\/shopatoa.com\/ro\/wp-json\/wp\/v2\/types\/product"}],"replies":[{"embeddable":true,"href":"https:\/\/shopatoa.com\/ro\/wp-json\/wp\/v2\/comments?post=276728"}],"wp:featuredmedia":[{"embeddable":true,"href":"https:\/\/shopatoa.com\/ro\/wp-json\/wp\/v2\/media\/276729"}],"wp:attachment":[{"href":"https:\/\/shopatoa.com\/ro\/wp-json\/wp\/v2\/media?parent=276728"}],"wp:term":[{"taxonomy":"product_brand","embeddable":true,"href":"https:\/\/shopatoa.com\/ro\/wp-json\/wp\/v2\/product_brand?post=276728"},{"taxonomy":"product_cat","embeddable":true,"href":"https:\/\/shopatoa.com\/ro\/wp-json\/wp\/v2\/product_cat?post=276728"},{"taxonomy":"product_tag","embeddable":true,"href":"https:\/\/shopatoa.com\/ro\/wp-json\/wp\/v2\/product_tag?post=276728"}],"curies":[{"name":"wp","href":"https:\/\/api.w.org\/{rel}","templated":true}]}}