{"id":276812,"date":"2025-04-30T06:02:03","date_gmt":"2025-04-30T04:02:03","guid":{"rendered":"https:\/\/shopatoa.com\/ro\/tesori-doriente-persian-dream-crema-de-baie-500-ml\/"},"modified":"2025-12-15T01:13:51","modified_gmt":"2025-12-15T00:13:51","slug":"tesori-doriente-persian-dream-crema-de-baie-500-ml","status":"publish","type":"product","link":"https:\/\/shopatoa.com\/ro\/tesori-doriente-persian-dream-crema-de-baie-500-ml\/","title":{"rendered":"Tesori d&#8217;Oriente Persian Dream &#8211; crem\u0103 de baie 500 ml"},"content":{"rendered":"<p>Amintirea gr\u0103dinii persane, c\u00e2nd primele raze de soare str\u0103lucesc pe apa limpede a miilor de f\u00e2nt\u00e2ni. Parfum arabesc, \u00een care tonurile senzuale de iasomie \u0219i tonurile dulci \u0219i picante ale rodiei sunt combinate cu parfumul de ceai ro\u0219u \u0219i nuan\u021be calde de chihlimbar pentru a l\u0103sa loc esen\u021bei luminoase \u0219i \u00eenc\u00e2nt\u0103toare care celebreaz\u0103 rena\u0219terea naturii.<\/p>\n","protected":false},"excerpt":{"rendered":"<p>Amintirea gr\u0103dinii persane, c\u00e2nd primele raze de soare str\u0103lucesc pe apa limpede a miilor de f\u00e2nt\u00e2ni. Parfum arabesc, \u00een care tonurile senzuale de iasomie \u0219i tonurile dulci \u0219i picante ale rodiei sunt combinate cu parfumul de ceai ro\u0219u \u0219i nuan\u021be calde de chihlimbar pentru a l\u0103sa loc esen\u021bei luminoase \u0219i \u00eenc\u00e2nt\u0103toare care celebreaz\u0103 rena\u0219terea naturii.<\/p>\n","protected":false},"featured_media":276813,"comment_status":"closed","ping_status":"open","template":"","meta":{"_acf_changed":false,"_kadence_starter_templates_imported_post":false,"_kad_post_transparent":"","_kad_post_title":"","_kad_post_layout":"","_kad_post_sidebar_id":"","_kad_post_content_style":"","_kad_post_vertical_padding":"","_kad_post_feature":"","_kad_post_feature_position":"","_kad_post_header":false,"_kad_post_footer":false,"_kad_post_classname":""},"product_brand":[244],"product_cat":[246,641,611],"product_tag":[],"class_list":{"0":"post-276812","1":"product","2":"type-product","3":"status-publish","4":"has-post-thumbnail","6":"product_brand-tesori-doriente","7":"product_cat-cosmetice","8":"product_cat-cosmetice-pentru-dus-si-baie","9":"product_cat-produse-cosmetice-pentru-corp","11":"first","12":"instock","13":"sale","14":"product-type-external","15":"entry","16":"content-bg","17":"loop-entry"},"acf":[],"yoast_head":"<!-- This site is optimized with the Yoast SEO plugin v27.4 - https:\/\/yoast.com\/product\/yoast-seo-wordpress\/ -->\n<title>Tesori d&#039;Oriente Persian Dream - crem\u0103 de baie 500 ml - SHOPATOA.COM<\/title>\n<meta name=\"robots\" content=\"index, follow, max-snippet:-1, max-image-preview:large, max-video-preview:-1\" \/>\n<link rel=\"canonical\" href=\"https:\/\/shopatoa.com\/ro\/tesori-doriente-persian-dream-crema-de-baie-500-ml\/\" \/>\n<meta property=\"og:locale\" content=\"ro_RO\" \/>\n<meta property=\"og:type\" content=\"article\" \/>\n<meta property=\"og:title\" content=\"Tesori d&#039;Oriente Persian Dream - crem\u0103 de baie 500 ml - SHOPATOA.COM\" \/>\n<meta property=\"og:description\" content=\"Amintirea gr\u0103dinii persane, c\u00e2nd primele raze de soare str\u0103lucesc pe apa limpede a miilor de f\u00e2nt\u00e2ni. Parfum arabesc, \u00een care tonurile senzuale de iasomie \u0219i tonurile dulci \u0219i picante ale rodiei sunt combinate cu parfumul de ceai ro\u0219u \u0219i nuan\u021be calde de chihlimbar pentru a l\u0103sa loc esen\u021bei luminoase \u0219i \u00eenc\u00e2nt\u0103toare care celebreaz\u0103 rena\u0219terea naturii.\" \/>\n<meta property=\"og:url\" content=\"https:\/\/shopatoa.com\/ro\/tesori-doriente-persian-dream-crema-de-baie-500-ml\/\" \/>\n<meta property=\"og:site_name\" content=\"SHOPATOA\" \/>\n<meta property=\"article:modified_time\" content=\"2025-12-15T00:13:51+00:00\" \/>\n<meta property=\"og:image\" content=\"https:\/\/storage.googleapis.com\/cz-shopatoa-img\/ro\/82e13e29-unnamed-file.webp\" \/>\n\t<meta property=\"og:image:width\" content=\"800\" \/>\n\t<meta property=\"og:image:height\" content=\"800\" \/>\n\t<meta property=\"og:image:type\" content=\"image\/webp\" \/>\n<meta name=\"twitter:card\" content=\"summary_large_image\" \/>\n<script type=\"application\/ld+json\" class=\"yoast-schema-graph\">{\"@context\":\"https:\\\/\\\/schema.org\",\"@graph\":[{\"@type\":\"WebPage\",\"@id\":\"https:\\\/\\\/shopatoa.com\\\/ro\\\/tesori-doriente-persian-dream-crema-de-baie-500-ml\\\/\",\"url\":\"https:\\\/\\\/shopatoa.com\\\/ro\\\/tesori-doriente-persian-dream-crema-de-baie-500-ml\\\/\",\"name\":\"Tesori d'Oriente Persian Dream - crem\u0103 de baie 500 ml - SHOPATOA.COM\",\"isPartOf\":{\"@id\":\"https:\\\/\\\/shopatoa.com\\\/ro\\\/#website\"},\"primaryImageOfPage\":{\"@id\":\"https:\\\/\\\/shopatoa.com\\\/ro\\\/tesori-doriente-persian-dream-crema-de-baie-500-ml\\\/#primaryimage\"},\"image\":{\"@id\":\"https:\\\/\\\/shopatoa.com\\\/ro\\\/tesori-doriente-persian-dream-crema-de-baie-500-ml\\\/#primaryimage\"},\"thumbnailUrl\":\"https:\\\/\\\/storage.googleapis.com\\\/cz-shopatoa-img\\\/ro\\\/82e13e29-unnamed-file.webp\",\"datePublished\":\"2025-04-30T04:02:03+00:00\",\"dateModified\":\"2025-12-15T00:13:51+00:00\",\"breadcrumb\":{\"@id\":\"https:\\\/\\\/shopatoa.com\\\/ro\\\/tesori-doriente-persian-dream-crema-de-baie-500-ml\\\/#breadcrumb\"},\"inLanguage\":\"ro-RO\",\"potentialAction\":[{\"@type\":\"ReadAction\",\"target\":[\"https:\\\/\\\/shopatoa.com\\\/ro\\\/tesori-doriente-persian-dream-crema-de-baie-500-ml\\\/\"]}]},{\"@type\":\"ImageObject\",\"inLanguage\":\"ro-RO\",\"@id\":\"https:\\\/\\\/shopatoa.com\\\/ro\\\/tesori-doriente-persian-dream-crema-de-baie-500-ml\\\/#primaryimage\",\"url\":\"https:\\\/\\\/storage.googleapis.com\\\/cz-shopatoa-img\\\/ro\\\/82e13e29-unnamed-file.webp\",\"contentUrl\":\"https:\\\/\\\/storage.googleapis.com\\\/cz-shopatoa-img\\\/ro\\\/82e13e29-unnamed-file.webp\",\"width\":800,\"height\":800},{\"@type\":\"BreadcrumbList\",\"@id\":\"https:\\\/\\\/shopatoa.com\\\/ro\\\/tesori-doriente-persian-dream-crema-de-baie-500-ml\\\/#breadcrumb\",\"itemListElement\":[{\"@type\":\"ListItem\",\"position\":1,\"name\":\"Dom\u016f\",\"item\":\"https:\\\/\\\/shopatoa.com\\\/ro\\\/\"},{\"@type\":\"ListItem\",\"position\":2,\"name\":\"Shop\",\"item\":\"https:\\\/\\\/shopatoa.com\\\/ro\\\/shop\\\/\"},{\"@type\":\"ListItem\",\"position\":3,\"name\":\"Cosmetice\",\"item\":\"https:\\\/\\\/shopatoa.com\\\/ro\\\/cosmetice\\\/\"},{\"@type\":\"ListItem\",\"position\":4,\"name\":\"Produse cosmetice pentru corp\",\"item\":\"https:\\\/\\\/shopatoa.com\\\/ro\\\/produse-cosmetice-pentru-corp\\\/\"},{\"@type\":\"ListItem\",\"position\":5,\"name\":\"Cosmetice pentru du\u0219 \u0219i baie\",\"item\":\"https:\\\/\\\/shopatoa.com\\\/ro\\\/cosmetice-pentru-dus-si-baie\\\/\"},{\"@type\":\"ListItem\",\"position\":6,\"name\":\"Tesori d&#8217;Oriente Persian Dream &#8211; crem\u0103 de baie 500 ml\"}]},{\"@type\":\"WebSite\",\"@id\":\"https:\\\/\\\/shopatoa.com\\\/ro\\\/#website\",\"url\":\"https:\\\/\\\/shopatoa.com\\\/ro\\\/\",\"name\":\"SHOPATOA\",\"description\":\"\",\"publisher\":{\"@id\":\"https:\\\/\\\/shopatoa.com\\\/ro\\\/#organization\"},\"potentialAction\":[{\"@type\":\"SearchAction\",\"target\":{\"@type\":\"EntryPoint\",\"urlTemplate\":\"https:\\\/\\\/shopatoa.com\\\/ro\\\/?s={search_term_string}\"},\"query-input\":{\"@type\":\"PropertyValueSpecification\",\"valueRequired\":true,\"valueName\":\"search_term_string\"}}],\"inLanguage\":\"ro-RO\"},{\"@type\":\"Organization\",\"@id\":\"https:\\\/\\\/shopatoa.com\\\/ro\\\/#organization\",\"name\":\"SHOPATOA\",\"url\":\"https:\\\/\\\/shopatoa.com\\\/ro\\\/\",\"logo\":{\"@type\":\"ImageObject\",\"inLanguage\":\"ro-RO\",\"@id\":\"https:\\\/\\\/shopatoa.com\\\/ro\\\/#\\\/schema\\\/logo\\\/image\\\/\",\"url\":\"https:\\\/\\\/storage.googleapis.com\\\/cz-shopatoa-img\\\/ro\\\/b4dac915-shopatoa_logo.png\",\"contentUrl\":\"https:\\\/\\\/storage.googleapis.com\\\/cz-shopatoa-img\\\/ro\\\/b4dac915-shopatoa_logo.png\",\"width\":416,\"height\":63,\"caption\":\"SHOPATOA\"},\"image\":{\"@id\":\"https:\\\/\\\/shopatoa.com\\\/ro\\\/#\\\/schema\\\/logo\\\/image\\\/\"}}]}<\/script>\n<!-- \/ Yoast SEO plugin. -->","yoast_head_json":{"title":"Tesori d'Oriente Persian Dream - crem\u0103 de baie 500 ml - SHOPATOA.COM","robots":{"index":"index","follow":"follow","max-snippet":"max-snippet:-1","max-image-preview":"max-image-preview:large","max-video-preview":"max-video-preview:-1"},"canonical":"https:\/\/shopatoa.com\/ro\/tesori-doriente-persian-dream-crema-de-baie-500-ml\/","og_locale":"ro_RO","og_type":"article","og_title":"Tesori d'Oriente Persian Dream - crem\u0103 de baie 500 ml - SHOPATOA.COM","og_description":"Amintirea gr\u0103dinii persane, c\u00e2nd primele raze de soare str\u0103lucesc pe apa limpede a miilor de f\u00e2nt\u00e2ni. Parfum arabesc, \u00een care tonurile senzuale de iasomie \u0219i tonurile dulci \u0219i picante ale rodiei sunt combinate cu parfumul de ceai ro\u0219u \u0219i nuan\u021be calde de chihlimbar pentru a l\u0103sa loc esen\u021bei luminoase \u0219i \u00eenc\u00e2nt\u0103toare care celebreaz\u0103 rena\u0219terea naturii.","og_url":"https:\/\/shopatoa.com\/ro\/tesori-doriente-persian-dream-crema-de-baie-500-ml\/","og_site_name":"SHOPATOA","article_modified_time":"2025-12-15T00:13:51+00:00","og_image":[{"width":800,"height":800,"url":"https:\/\/storage.googleapis.com\/cz-shopatoa-img\/ro\/82e13e29-unnamed-file.webp","type":"image\/webp"}],"twitter_card":"summary_large_image","schema":{"@context":"https:\/\/schema.org","@graph":[{"@type":"WebPage","@id":"https:\/\/shopatoa.com\/ro\/tesori-doriente-persian-dream-crema-de-baie-500-ml\/","url":"https:\/\/shopatoa.com\/ro\/tesori-doriente-persian-dream-crema-de-baie-500-ml\/","name":"Tesori d'Oriente Persian Dream - crem\u0103 de baie 500 ml - SHOPATOA.COM","isPartOf":{"@id":"https:\/\/shopatoa.com\/ro\/#website"},"primaryImageOfPage":{"@id":"https:\/\/shopatoa.com\/ro\/tesori-doriente-persian-dream-crema-de-baie-500-ml\/#primaryimage"},"image":{"@id":"https:\/\/shopatoa.com\/ro\/tesori-doriente-persian-dream-crema-de-baie-500-ml\/#primaryimage"},"thumbnailUrl":"https:\/\/storage.googleapis.com\/cz-shopatoa-img\/ro\/82e13e29-unnamed-file.webp","datePublished":"2025-04-30T04:02:03+00:00","dateModified":"2025-12-15T00:13:51+00:00","breadcrumb":{"@id":"https:\/\/shopatoa.com\/ro\/tesori-doriente-persian-dream-crema-de-baie-500-ml\/#breadcrumb"},"inLanguage":"ro-RO","potentialAction":[{"@type":"ReadAction","target":["https:\/\/shopatoa.com\/ro\/tesori-doriente-persian-dream-crema-de-baie-500-ml\/"]}]},{"@type":"ImageObject","inLanguage":"ro-RO","@id":"https:\/\/shopatoa.com\/ro\/tesori-doriente-persian-dream-crema-de-baie-500-ml\/#primaryimage","url":"https:\/\/storage.googleapis.com\/cz-shopatoa-img\/ro\/82e13e29-unnamed-file.webp","contentUrl":"https:\/\/storage.googleapis.com\/cz-shopatoa-img\/ro\/82e13e29-unnamed-file.webp","width":800,"height":800},{"@type":"BreadcrumbList","@id":"https:\/\/shopatoa.com\/ro\/tesori-doriente-persian-dream-crema-de-baie-500-ml\/#breadcrumb","itemListElement":[{"@type":"ListItem","position":1,"name":"Dom\u016f","item":"https:\/\/shopatoa.com\/ro\/"},{"@type":"ListItem","position":2,"name":"Shop","item":"https:\/\/shopatoa.com\/ro\/shop\/"},{"@type":"ListItem","position":3,"name":"Cosmetice","item":"https:\/\/shopatoa.com\/ro\/cosmetice\/"},{"@type":"ListItem","position":4,"name":"Produse cosmetice pentru corp","item":"https:\/\/shopatoa.com\/ro\/produse-cosmetice-pentru-corp\/"},{"@type":"ListItem","position":5,"name":"Cosmetice pentru du\u0219 \u0219i baie","item":"https:\/\/shopatoa.com\/ro\/cosmetice-pentru-dus-si-baie\/"},{"@type":"ListItem","position":6,"name":"Tesori d&#8217;Oriente Persian Dream &#8211; crem\u0103 de baie 500 ml"}]},{"@type":"WebSite","@id":"https:\/\/shopatoa.com\/ro\/#website","url":"https:\/\/shopatoa.com\/ro\/","name":"SHOPATOA","description":"","publisher":{"@id":"https:\/\/shopatoa.com\/ro\/#organization"},"potentialAction":[{"@type":"SearchAction","target":{"@type":"EntryPoint","urlTemplate":"https:\/\/shopatoa.com\/ro\/?s={search_term_string}"},"query-input":{"@type":"PropertyValueSpecification","valueRequired":true,"valueName":"search_term_string"}}],"inLanguage":"ro-RO"},{"@type":"Organization","@id":"https:\/\/shopatoa.com\/ro\/#organization","name":"SHOPATOA","url":"https:\/\/shopatoa.com\/ro\/","logo":{"@type":"ImageObject","inLanguage":"ro-RO","@id":"https:\/\/shopatoa.com\/ro\/#\/schema\/logo\/image\/","url":"https:\/\/storage.googleapis.com\/cz-shopatoa-img\/ro\/b4dac915-shopatoa_logo.png","contentUrl":"https:\/\/storage.googleapis.com\/cz-shopatoa-img\/ro\/b4dac915-shopatoa_logo.png","width":416,"height":63,"caption":"SHOPATOA"},"image":{"@id":"https:\/\/shopatoa.com\/ro\/#\/schema\/logo\/image\/"}}]}},"_links":{"self":[{"href":"https:\/\/shopatoa.com\/ro\/wp-json\/wp\/v2\/product\/276812","targetHints":{"allow":["GET"]}}],"collection":[{"href":"https:\/\/shopatoa.com\/ro\/wp-json\/wp\/v2\/product"}],"about":[{"href":"https:\/\/shopatoa.com\/ro\/wp-json\/wp\/v2\/types\/product"}],"replies":[{"embeddable":true,"href":"https:\/\/shopatoa.com\/ro\/wp-json\/wp\/v2\/comments?post=276812"}],"wp:featuredmedia":[{"embeddable":true,"href":"https:\/\/shopatoa.com\/ro\/wp-json\/wp\/v2\/media\/276813"}],"wp:attachment":[{"href":"https:\/\/shopatoa.com\/ro\/wp-json\/wp\/v2\/media?parent=276812"}],"wp:term":[{"taxonomy":"product_brand","embeddable":true,"href":"https:\/\/shopatoa.com\/ro\/wp-json\/wp\/v2\/product_brand?post=276812"},{"taxonomy":"product_cat","embeddable":true,"href":"https:\/\/shopatoa.com\/ro\/wp-json\/wp\/v2\/product_cat?post=276812"},{"taxonomy":"product_tag","embeddable":true,"href":"https:\/\/shopatoa.com\/ro\/wp-json\/wp\/v2\/product_tag?post=276812"}],"curies":[{"name":"wp","href":"https:\/\/api.w.org\/{rel}","templated":true}]}}