{"id":276824,"date":"2025-04-30T06:05:57","date_gmt":"2025-04-30T04:05:57","guid":{"rendered":"https:\/\/shopatoa.com\/ro\/guess-seductive-noir-homme-edt-100-ml\/"},"modified":"2025-12-15T01:02:03","modified_gmt":"2025-12-15T00:02:03","slug":"guess-seductive-noir-homme-edt-100-ml","status":"publish","type":"product","link":"https:\/\/shopatoa.com\/ro\/guess-seductive-noir-homme-edt-100-ml\/","title":{"rendered":"Guess Seductive Noir Homme &#8211; EDT 100 ml"},"content":{"rendered":"<p>Seductive Noir Homme de la marca Guess v\u0103 va face irezistibil. Ori de c\u00e2te ori merge\u021bi undeva, femeile isi vor \u00eentoarce privirile \u00een urma dvs. cu sc\u00e2ntei \u00een ochi. Ardeiul negru, grapefruitul \u0219i nuc\u0219oara sunt responsabile pentru \u00eenceputul energetic. Inima orbitoare ascunde tonuri inconfundabile \u0219i unice de lavand\u0103, tonuri proaspete de floare de portocal \u0219i tonuri de m\u0103r verde proasp\u0103t \u0219i crocant. Iar baza acestui parfum este lemnul de santal \u0219i chihlimbar. Parfumul a fost lansat pe pia\u021b\u0103 \u00een anul 2019.<\/p>\n","protected":false},"excerpt":{"rendered":"<p>Seductive Noir Homme de la marca Guess v\u0103 va face irezistibil. Ori de c\u00e2te ori merge\u021bi undeva, femeile isi vor \u00eentoarce privirile \u00een urma dvs. cu sc\u00e2ntei \u00een ochi. Ardeiul negru, grapefruitul \u0219i nuc\u0219oara sunt responsabile pentru \u00eenceputul energetic. Inima orbitoare ascunde tonuri inconfundabile \u0219i unice de lavand\u0103, tonuri proaspete de floare de portocal \u0219i&#8230;<\/p>\n","protected":false},"featured_media":276825,"comment_status":"closed","ping_status":"open","template":"","meta":{"_acf_changed":false,"_kadence_starter_templates_imported_post":false,"_kad_post_transparent":"","_kad_post_title":"","_kad_post_layout":"","_kad_post_sidebar_id":"","_kad_post_content_style":"","_kad_post_vertical_padding":"","_kad_post_feature":"","_kad_post_feature_position":"","_kad_post_header":false,"_kad_post_footer":false,"_kad_post_classname":""},"product_brand":[277],"product_cat":[615,614],"product_tag":[],"class_list":{"0":"post-276824","1":"product","2":"type-product","3":"status-publish","4":"has-post-thumbnail","6":"product_brand-guess","7":"product_cat-ape-de-toaleta-edt","8":"product_cat-parfumuri","10":"first","11":"instock","12":"product-type-external","13":"entry","14":"content-bg","15":"loop-entry"},"acf":[],"yoast_head":"<!-- This site is optimized with the Yoast SEO plugin v27.4 - https:\/\/yoast.com\/product\/yoast-seo-wordpress\/ -->\n<title>Guess Seductive Noir Homme - EDT 100 ml - SHOPATOA.COM<\/title>\n<meta name=\"robots\" content=\"index, follow, max-snippet:-1, max-image-preview:large, max-video-preview:-1\" \/>\n<link rel=\"canonical\" href=\"https:\/\/shopatoa.com\/ro\/guess-seductive-noir-homme-edt-100-ml\/\" \/>\n<meta property=\"og:locale\" content=\"ro_RO\" \/>\n<meta property=\"og:type\" content=\"article\" \/>\n<meta property=\"og:title\" content=\"Guess Seductive Noir Homme - EDT 100 ml - SHOPATOA.COM\" \/>\n<meta property=\"og:description\" content=\"Seductive Noir Homme de la marca Guess v\u0103 va face irezistibil. Ori de c\u00e2te ori merge\u021bi undeva, femeile isi vor \u00eentoarce privirile \u00een urma dvs. cu sc\u00e2ntei \u00een ochi. Ardeiul negru, grapefruitul \u0219i nuc\u0219oara sunt responsabile pentru \u00eenceputul energetic. Inima orbitoare ascunde tonuri inconfundabile \u0219i unice de lavand\u0103, tonuri proaspete de floare de portocal \u0219i...\" \/>\n<meta property=\"og:url\" content=\"https:\/\/shopatoa.com\/ro\/guess-seductive-noir-homme-edt-100-ml\/\" \/>\n<meta property=\"og:site_name\" content=\"SHOPATOA\" \/>\n<meta property=\"article:modified_time\" content=\"2025-12-15T00:02:03+00:00\" \/>\n<meta property=\"og:image\" content=\"https:\/\/storage.googleapis.com\/cz-shopatoa-img\/ro\/58ae9012-unnamed-file.webp\" \/>\n\t<meta property=\"og:image:width\" content=\"800\" \/>\n\t<meta property=\"og:image:height\" content=\"800\" \/>\n\t<meta property=\"og:image:type\" content=\"image\/webp\" \/>\n<meta name=\"twitter:card\" content=\"summary_large_image\" \/>\n<script type=\"application\/ld+json\" class=\"yoast-schema-graph\">{\"@context\":\"https:\\\/\\\/schema.org\",\"@graph\":[{\"@type\":\"WebPage\",\"@id\":\"https:\\\/\\\/shopatoa.com\\\/ro\\\/guess-seductive-noir-homme-edt-100-ml\\\/\",\"url\":\"https:\\\/\\\/shopatoa.com\\\/ro\\\/guess-seductive-noir-homme-edt-100-ml\\\/\",\"name\":\"Guess Seductive Noir Homme - EDT 100 ml - SHOPATOA.COM\",\"isPartOf\":{\"@id\":\"https:\\\/\\\/shopatoa.com\\\/ro\\\/#website\"},\"primaryImageOfPage\":{\"@id\":\"https:\\\/\\\/shopatoa.com\\\/ro\\\/guess-seductive-noir-homme-edt-100-ml\\\/#primaryimage\"},\"image\":{\"@id\":\"https:\\\/\\\/shopatoa.com\\\/ro\\\/guess-seductive-noir-homme-edt-100-ml\\\/#primaryimage\"},\"thumbnailUrl\":\"https:\\\/\\\/storage.googleapis.com\\\/cz-shopatoa-img\\\/ro\\\/58ae9012-unnamed-file.webp\",\"datePublished\":\"2025-04-30T04:05:57+00:00\",\"dateModified\":\"2025-12-15T00:02:03+00:00\",\"breadcrumb\":{\"@id\":\"https:\\\/\\\/shopatoa.com\\\/ro\\\/guess-seductive-noir-homme-edt-100-ml\\\/#breadcrumb\"},\"inLanguage\":\"ro-RO\",\"potentialAction\":[{\"@type\":\"ReadAction\",\"target\":[\"https:\\\/\\\/shopatoa.com\\\/ro\\\/guess-seductive-noir-homme-edt-100-ml\\\/\"]}]},{\"@type\":\"ImageObject\",\"inLanguage\":\"ro-RO\",\"@id\":\"https:\\\/\\\/shopatoa.com\\\/ro\\\/guess-seductive-noir-homme-edt-100-ml\\\/#primaryimage\",\"url\":\"https:\\\/\\\/storage.googleapis.com\\\/cz-shopatoa-img\\\/ro\\\/58ae9012-unnamed-file.webp\",\"contentUrl\":\"https:\\\/\\\/storage.googleapis.com\\\/cz-shopatoa-img\\\/ro\\\/58ae9012-unnamed-file.webp\",\"width\":800,\"height\":800},{\"@type\":\"BreadcrumbList\",\"@id\":\"https:\\\/\\\/shopatoa.com\\\/ro\\\/guess-seductive-noir-homme-edt-100-ml\\\/#breadcrumb\",\"itemListElement\":[{\"@type\":\"ListItem\",\"position\":1,\"name\":\"Dom\u016f\",\"item\":\"https:\\\/\\\/shopatoa.com\\\/ro\\\/\"},{\"@type\":\"ListItem\",\"position\":2,\"name\":\"Shop\",\"item\":\"https:\\\/\\\/shopatoa.com\\\/ro\\\/shop\\\/\"},{\"@type\":\"ListItem\",\"position\":3,\"name\":\"Parfumuri\",\"item\":\"https:\\\/\\\/shopatoa.com\\\/ro\\\/parfumuri\\\/\"},{\"@type\":\"ListItem\",\"position\":4,\"name\":\"Ape de toalet\u0103 (EDT)\",\"item\":\"https:\\\/\\\/shopatoa.com\\\/ro\\\/ape-de-toaleta-edt\\\/\"},{\"@type\":\"ListItem\",\"position\":5,\"name\":\"Guess Seductive Noir Homme &#8211; EDT 100 ml\"}]},{\"@type\":\"WebSite\",\"@id\":\"https:\\\/\\\/shopatoa.com\\\/ro\\\/#website\",\"url\":\"https:\\\/\\\/shopatoa.com\\\/ro\\\/\",\"name\":\"SHOPATOA\",\"description\":\"\",\"publisher\":{\"@id\":\"https:\\\/\\\/shopatoa.com\\\/ro\\\/#organization\"},\"potentialAction\":[{\"@type\":\"SearchAction\",\"target\":{\"@type\":\"EntryPoint\",\"urlTemplate\":\"https:\\\/\\\/shopatoa.com\\\/ro\\\/?s={search_term_string}\"},\"query-input\":{\"@type\":\"PropertyValueSpecification\",\"valueRequired\":true,\"valueName\":\"search_term_string\"}}],\"inLanguage\":\"ro-RO\"},{\"@type\":\"Organization\",\"@id\":\"https:\\\/\\\/shopatoa.com\\\/ro\\\/#organization\",\"name\":\"SHOPATOA\",\"url\":\"https:\\\/\\\/shopatoa.com\\\/ro\\\/\",\"logo\":{\"@type\":\"ImageObject\",\"inLanguage\":\"ro-RO\",\"@id\":\"https:\\\/\\\/shopatoa.com\\\/ro\\\/#\\\/schema\\\/logo\\\/image\\\/\",\"url\":\"https:\\\/\\\/storage.googleapis.com\\\/cz-shopatoa-img\\\/ro\\\/b4dac915-shopatoa_logo.png\",\"contentUrl\":\"https:\\\/\\\/storage.googleapis.com\\\/cz-shopatoa-img\\\/ro\\\/b4dac915-shopatoa_logo.png\",\"width\":416,\"height\":63,\"caption\":\"SHOPATOA\"},\"image\":{\"@id\":\"https:\\\/\\\/shopatoa.com\\\/ro\\\/#\\\/schema\\\/logo\\\/image\\\/\"}}]}<\/script>\n<!-- \/ Yoast SEO plugin. -->","yoast_head_json":{"title":"Guess Seductive Noir Homme - EDT 100 ml - SHOPATOA.COM","robots":{"index":"index","follow":"follow","max-snippet":"max-snippet:-1","max-image-preview":"max-image-preview:large","max-video-preview":"max-video-preview:-1"},"canonical":"https:\/\/shopatoa.com\/ro\/guess-seductive-noir-homme-edt-100-ml\/","og_locale":"ro_RO","og_type":"article","og_title":"Guess Seductive Noir Homme - EDT 100 ml - SHOPATOA.COM","og_description":"Seductive Noir Homme de la marca Guess v\u0103 va face irezistibil. Ori de c\u00e2te ori merge\u021bi undeva, femeile isi vor \u00eentoarce privirile \u00een urma dvs. cu sc\u00e2ntei \u00een ochi. Ardeiul negru, grapefruitul \u0219i nuc\u0219oara sunt responsabile pentru \u00eenceputul energetic. Inima orbitoare ascunde tonuri inconfundabile \u0219i unice de lavand\u0103, tonuri proaspete de floare de portocal \u0219i...","og_url":"https:\/\/shopatoa.com\/ro\/guess-seductive-noir-homme-edt-100-ml\/","og_site_name":"SHOPATOA","article_modified_time":"2025-12-15T00:02:03+00:00","og_image":[{"width":800,"height":800,"url":"https:\/\/storage.googleapis.com\/cz-shopatoa-img\/ro\/58ae9012-unnamed-file.webp","type":"image\/webp"}],"twitter_card":"summary_large_image","schema":{"@context":"https:\/\/schema.org","@graph":[{"@type":"WebPage","@id":"https:\/\/shopatoa.com\/ro\/guess-seductive-noir-homme-edt-100-ml\/","url":"https:\/\/shopatoa.com\/ro\/guess-seductive-noir-homme-edt-100-ml\/","name":"Guess Seductive Noir Homme - EDT 100 ml - SHOPATOA.COM","isPartOf":{"@id":"https:\/\/shopatoa.com\/ro\/#website"},"primaryImageOfPage":{"@id":"https:\/\/shopatoa.com\/ro\/guess-seductive-noir-homme-edt-100-ml\/#primaryimage"},"image":{"@id":"https:\/\/shopatoa.com\/ro\/guess-seductive-noir-homme-edt-100-ml\/#primaryimage"},"thumbnailUrl":"https:\/\/storage.googleapis.com\/cz-shopatoa-img\/ro\/58ae9012-unnamed-file.webp","datePublished":"2025-04-30T04:05:57+00:00","dateModified":"2025-12-15T00:02:03+00:00","breadcrumb":{"@id":"https:\/\/shopatoa.com\/ro\/guess-seductive-noir-homme-edt-100-ml\/#breadcrumb"},"inLanguage":"ro-RO","potentialAction":[{"@type":"ReadAction","target":["https:\/\/shopatoa.com\/ro\/guess-seductive-noir-homme-edt-100-ml\/"]}]},{"@type":"ImageObject","inLanguage":"ro-RO","@id":"https:\/\/shopatoa.com\/ro\/guess-seductive-noir-homme-edt-100-ml\/#primaryimage","url":"https:\/\/storage.googleapis.com\/cz-shopatoa-img\/ro\/58ae9012-unnamed-file.webp","contentUrl":"https:\/\/storage.googleapis.com\/cz-shopatoa-img\/ro\/58ae9012-unnamed-file.webp","width":800,"height":800},{"@type":"BreadcrumbList","@id":"https:\/\/shopatoa.com\/ro\/guess-seductive-noir-homme-edt-100-ml\/#breadcrumb","itemListElement":[{"@type":"ListItem","position":1,"name":"Dom\u016f","item":"https:\/\/shopatoa.com\/ro\/"},{"@type":"ListItem","position":2,"name":"Shop","item":"https:\/\/shopatoa.com\/ro\/shop\/"},{"@type":"ListItem","position":3,"name":"Parfumuri","item":"https:\/\/shopatoa.com\/ro\/parfumuri\/"},{"@type":"ListItem","position":4,"name":"Ape de toalet\u0103 (EDT)","item":"https:\/\/shopatoa.com\/ro\/ape-de-toaleta-edt\/"},{"@type":"ListItem","position":5,"name":"Guess Seductive Noir Homme &#8211; EDT 100 ml"}]},{"@type":"WebSite","@id":"https:\/\/shopatoa.com\/ro\/#website","url":"https:\/\/shopatoa.com\/ro\/","name":"SHOPATOA","description":"","publisher":{"@id":"https:\/\/shopatoa.com\/ro\/#organization"},"potentialAction":[{"@type":"SearchAction","target":{"@type":"EntryPoint","urlTemplate":"https:\/\/shopatoa.com\/ro\/?s={search_term_string}"},"query-input":{"@type":"PropertyValueSpecification","valueRequired":true,"valueName":"search_term_string"}}],"inLanguage":"ro-RO"},{"@type":"Organization","@id":"https:\/\/shopatoa.com\/ro\/#organization","name":"SHOPATOA","url":"https:\/\/shopatoa.com\/ro\/","logo":{"@type":"ImageObject","inLanguage":"ro-RO","@id":"https:\/\/shopatoa.com\/ro\/#\/schema\/logo\/image\/","url":"https:\/\/storage.googleapis.com\/cz-shopatoa-img\/ro\/b4dac915-shopatoa_logo.png","contentUrl":"https:\/\/storage.googleapis.com\/cz-shopatoa-img\/ro\/b4dac915-shopatoa_logo.png","width":416,"height":63,"caption":"SHOPATOA"},"image":{"@id":"https:\/\/shopatoa.com\/ro\/#\/schema\/logo\/image\/"}}]}},"_links":{"self":[{"href":"https:\/\/shopatoa.com\/ro\/wp-json\/wp\/v2\/product\/276824","targetHints":{"allow":["GET"]}}],"collection":[{"href":"https:\/\/shopatoa.com\/ro\/wp-json\/wp\/v2\/product"}],"about":[{"href":"https:\/\/shopatoa.com\/ro\/wp-json\/wp\/v2\/types\/product"}],"replies":[{"embeddable":true,"href":"https:\/\/shopatoa.com\/ro\/wp-json\/wp\/v2\/comments?post=276824"}],"wp:featuredmedia":[{"embeddable":true,"href":"https:\/\/shopatoa.com\/ro\/wp-json\/wp\/v2\/media\/276825"}],"wp:attachment":[{"href":"https:\/\/shopatoa.com\/ro\/wp-json\/wp\/v2\/media?parent=276824"}],"wp:term":[{"taxonomy":"product_brand","embeddable":true,"href":"https:\/\/shopatoa.com\/ro\/wp-json\/wp\/v2\/product_brand?post=276824"},{"taxonomy":"product_cat","embeddable":true,"href":"https:\/\/shopatoa.com\/ro\/wp-json\/wp\/v2\/product_cat?post=276824"},{"taxonomy":"product_tag","embeddable":true,"href":"https:\/\/shopatoa.com\/ro\/wp-json\/wp\/v2\/product_tag?post=276824"}],"curies":[{"name":"wp","href":"https:\/\/api.w.org\/{rel}","templated":true}]}}