{"id":276826,"date":"2025-04-30T06:06:06","date_gmt":"2025-04-30T04:06:06","guid":{"rendered":"https:\/\/shopatoa.com\/ro\/guess-seductive-noir-woman-edt-75-ml\/"},"modified":"2025-12-15T00:54:53","modified_gmt":"2025-12-14T23:54:53","slug":"guess-seductive-noir-woman-edt-75-ml","status":"publish","type":"product","link":"https:\/\/shopatoa.com\/ro\/guess-seductive-noir-woman-edt-75-ml\/","title":{"rendered":"Guess Seductive Noir Woman &#8211; EDT 75 ml"},"content":{"rendered":"<p>Parfumul floral Seductive Noir Woman este excelent pentru toate femeile. \u00cencerca\u021bi-l \u0219i nu ve\u021bi dori altceva. Aceast\u0103 ap\u0103 de toalet\u0103 deschide u\u0219a c\u0103tre lumea fanteziei. Mai \u00eent\u00e2i ve\u021bi sim\u021bi bergamota, salvie \u0219i bujor, care trece lin \u00een inima parfumului, unde ve\u021bi descoperi irisul, iasomia \u0219i lacramioara Apoi, pute\u021bi sim\u021bi mirosul de piele de c\u0103prioar\u0103 alb\u0103, vanilie \u0219i vetiver la baz\u0103. Parfumul a fost lansat pe pia\u021b\u0103 \u00een anul 2019.<\/p>\n","protected":false},"excerpt":{"rendered":"<p>Parfumul floral Seductive Noir Woman este excelent pentru toate femeile. \u00cencerca\u021bi-l \u0219i nu ve\u021bi dori altceva. Aceast\u0103 ap\u0103 de toalet\u0103 deschide u\u0219a c\u0103tre lumea fanteziei. Mai \u00eent\u00e2i ve\u021bi sim\u021bi bergamota, salvie \u0219i bujor, care trece lin \u00een inima parfumului, unde ve\u021bi descoperi irisul, iasomia \u0219i lacramioara Apoi, pute\u021bi sim\u021bi mirosul de piele de c\u0103prioar\u0103 alb\u0103,&#8230;<\/p>\n","protected":false},"featured_media":276827,"comment_status":"closed","ping_status":"open","template":"","meta":{"_acf_changed":false,"_kadence_starter_templates_imported_post":false,"_kad_post_transparent":"","_kad_post_title":"","_kad_post_layout":"","_kad_post_sidebar_id":"","_kad_post_content_style":"","_kad_post_vertical_padding":"","_kad_post_feature":"","_kad_post_feature_position":"","_kad_post_header":false,"_kad_post_footer":false,"_kad_post_classname":""},"product_brand":[277],"product_cat":[615,614],"product_tag":[],"class_list":{"0":"post-276826","1":"product","2":"type-product","3":"status-publish","4":"has-post-thumbnail","6":"product_brand-guess","7":"product_cat-ape-de-toaleta-edt","8":"product_cat-parfumuri","10":"first","11":"instock","12":"sale","13":"product-type-external","14":"entry","15":"content-bg","16":"loop-entry"},"acf":[],"yoast_head":"<!-- This site is optimized with the Yoast SEO plugin v27.4 - https:\/\/yoast.com\/product\/yoast-seo-wordpress\/ -->\n<title>Guess Seductive Noir Woman - EDT 75 ml - SHOPATOA.COM<\/title>\n<meta name=\"robots\" content=\"index, follow, max-snippet:-1, max-image-preview:large, max-video-preview:-1\" \/>\n<link rel=\"canonical\" href=\"https:\/\/shopatoa.com\/ro\/guess-seductive-noir-woman-edt-75-ml\/\" \/>\n<meta property=\"og:locale\" content=\"ro_RO\" \/>\n<meta property=\"og:type\" content=\"article\" \/>\n<meta property=\"og:title\" content=\"Guess Seductive Noir Woman - EDT 75 ml - SHOPATOA.COM\" \/>\n<meta property=\"og:description\" content=\"Parfumul floral Seductive Noir Woman este excelent pentru toate femeile. \u00cencerca\u021bi-l \u0219i nu ve\u021bi dori altceva. Aceast\u0103 ap\u0103 de toalet\u0103 deschide u\u0219a c\u0103tre lumea fanteziei. Mai \u00eent\u00e2i ve\u021bi sim\u021bi bergamota, salvie \u0219i bujor, care trece lin \u00een inima parfumului, unde ve\u021bi descoperi irisul, iasomia \u0219i lacramioara Apoi, pute\u021bi sim\u021bi mirosul de piele de c\u0103prioar\u0103 alb\u0103,...\" \/>\n<meta property=\"og:url\" content=\"https:\/\/shopatoa.com\/ro\/guess-seductive-noir-woman-edt-75-ml\/\" \/>\n<meta property=\"og:site_name\" content=\"SHOPATOA\" \/>\n<meta property=\"article:modified_time\" content=\"2025-12-14T23:54:53+00:00\" \/>\n<meta property=\"og:image\" content=\"https:\/\/storage.googleapis.com\/cz-shopatoa-img\/ro\/33a52f6c-unnamed-file.webp\" \/>\n\t<meta property=\"og:image:width\" content=\"800\" \/>\n\t<meta property=\"og:image:height\" content=\"800\" \/>\n\t<meta property=\"og:image:type\" content=\"image\/webp\" \/>\n<meta name=\"twitter:card\" content=\"summary_large_image\" \/>\n<script type=\"application\/ld+json\" class=\"yoast-schema-graph\">{\"@context\":\"https:\\\/\\\/schema.org\",\"@graph\":[{\"@type\":\"WebPage\",\"@id\":\"https:\\\/\\\/shopatoa.com\\\/ro\\\/guess-seductive-noir-woman-edt-75-ml\\\/\",\"url\":\"https:\\\/\\\/shopatoa.com\\\/ro\\\/guess-seductive-noir-woman-edt-75-ml\\\/\",\"name\":\"Guess Seductive Noir Woman - EDT 75 ml - SHOPATOA.COM\",\"isPartOf\":{\"@id\":\"https:\\\/\\\/shopatoa.com\\\/ro\\\/#website\"},\"primaryImageOfPage\":{\"@id\":\"https:\\\/\\\/shopatoa.com\\\/ro\\\/guess-seductive-noir-woman-edt-75-ml\\\/#primaryimage\"},\"image\":{\"@id\":\"https:\\\/\\\/shopatoa.com\\\/ro\\\/guess-seductive-noir-woman-edt-75-ml\\\/#primaryimage\"},\"thumbnailUrl\":\"https:\\\/\\\/storage.googleapis.com\\\/cz-shopatoa-img\\\/ro\\\/33a52f6c-unnamed-file.webp\",\"datePublished\":\"2025-04-30T04:06:06+00:00\",\"dateModified\":\"2025-12-14T23:54:53+00:00\",\"breadcrumb\":{\"@id\":\"https:\\\/\\\/shopatoa.com\\\/ro\\\/guess-seductive-noir-woman-edt-75-ml\\\/#breadcrumb\"},\"inLanguage\":\"ro-RO\",\"potentialAction\":[{\"@type\":\"ReadAction\",\"target\":[\"https:\\\/\\\/shopatoa.com\\\/ro\\\/guess-seductive-noir-woman-edt-75-ml\\\/\"]}]},{\"@type\":\"ImageObject\",\"inLanguage\":\"ro-RO\",\"@id\":\"https:\\\/\\\/shopatoa.com\\\/ro\\\/guess-seductive-noir-woman-edt-75-ml\\\/#primaryimage\",\"url\":\"https:\\\/\\\/storage.googleapis.com\\\/cz-shopatoa-img\\\/ro\\\/33a52f6c-unnamed-file.webp\",\"contentUrl\":\"https:\\\/\\\/storage.googleapis.com\\\/cz-shopatoa-img\\\/ro\\\/33a52f6c-unnamed-file.webp\",\"width\":800,\"height\":800},{\"@type\":\"BreadcrumbList\",\"@id\":\"https:\\\/\\\/shopatoa.com\\\/ro\\\/guess-seductive-noir-woman-edt-75-ml\\\/#breadcrumb\",\"itemListElement\":[{\"@type\":\"ListItem\",\"position\":1,\"name\":\"Dom\u016f\",\"item\":\"https:\\\/\\\/shopatoa.com\\\/ro\\\/\"},{\"@type\":\"ListItem\",\"position\":2,\"name\":\"Shop\",\"item\":\"https:\\\/\\\/shopatoa.com\\\/ro\\\/shop\\\/\"},{\"@type\":\"ListItem\",\"position\":3,\"name\":\"Parfumuri\",\"item\":\"https:\\\/\\\/shopatoa.com\\\/ro\\\/parfumuri\\\/\"},{\"@type\":\"ListItem\",\"position\":4,\"name\":\"Ape de toalet\u0103 (EDT)\",\"item\":\"https:\\\/\\\/shopatoa.com\\\/ro\\\/ape-de-toaleta-edt\\\/\"},{\"@type\":\"ListItem\",\"position\":5,\"name\":\"Guess Seductive Noir Woman &#8211; EDT 75 ml\"}]},{\"@type\":\"WebSite\",\"@id\":\"https:\\\/\\\/shopatoa.com\\\/ro\\\/#website\",\"url\":\"https:\\\/\\\/shopatoa.com\\\/ro\\\/\",\"name\":\"SHOPATOA\",\"description\":\"\",\"publisher\":{\"@id\":\"https:\\\/\\\/shopatoa.com\\\/ro\\\/#organization\"},\"potentialAction\":[{\"@type\":\"SearchAction\",\"target\":{\"@type\":\"EntryPoint\",\"urlTemplate\":\"https:\\\/\\\/shopatoa.com\\\/ro\\\/?s={search_term_string}\"},\"query-input\":{\"@type\":\"PropertyValueSpecification\",\"valueRequired\":true,\"valueName\":\"search_term_string\"}}],\"inLanguage\":\"ro-RO\"},{\"@type\":\"Organization\",\"@id\":\"https:\\\/\\\/shopatoa.com\\\/ro\\\/#organization\",\"name\":\"SHOPATOA\",\"url\":\"https:\\\/\\\/shopatoa.com\\\/ro\\\/\",\"logo\":{\"@type\":\"ImageObject\",\"inLanguage\":\"ro-RO\",\"@id\":\"https:\\\/\\\/shopatoa.com\\\/ro\\\/#\\\/schema\\\/logo\\\/image\\\/\",\"url\":\"https:\\\/\\\/storage.googleapis.com\\\/cz-shopatoa-img\\\/ro\\\/b4dac915-shopatoa_logo.png\",\"contentUrl\":\"https:\\\/\\\/storage.googleapis.com\\\/cz-shopatoa-img\\\/ro\\\/b4dac915-shopatoa_logo.png\",\"width\":416,\"height\":63,\"caption\":\"SHOPATOA\"},\"image\":{\"@id\":\"https:\\\/\\\/shopatoa.com\\\/ro\\\/#\\\/schema\\\/logo\\\/image\\\/\"}}]}<\/script>\n<!-- \/ Yoast SEO plugin. -->","yoast_head_json":{"title":"Guess Seductive Noir Woman - EDT 75 ml - SHOPATOA.COM","robots":{"index":"index","follow":"follow","max-snippet":"max-snippet:-1","max-image-preview":"max-image-preview:large","max-video-preview":"max-video-preview:-1"},"canonical":"https:\/\/shopatoa.com\/ro\/guess-seductive-noir-woman-edt-75-ml\/","og_locale":"ro_RO","og_type":"article","og_title":"Guess Seductive Noir Woman - EDT 75 ml - SHOPATOA.COM","og_description":"Parfumul floral Seductive Noir Woman este excelent pentru toate femeile. \u00cencerca\u021bi-l \u0219i nu ve\u021bi dori altceva. Aceast\u0103 ap\u0103 de toalet\u0103 deschide u\u0219a c\u0103tre lumea fanteziei. Mai \u00eent\u00e2i ve\u021bi sim\u021bi bergamota, salvie \u0219i bujor, care trece lin \u00een inima parfumului, unde ve\u021bi descoperi irisul, iasomia \u0219i lacramioara Apoi, pute\u021bi sim\u021bi mirosul de piele de c\u0103prioar\u0103 alb\u0103,...","og_url":"https:\/\/shopatoa.com\/ro\/guess-seductive-noir-woman-edt-75-ml\/","og_site_name":"SHOPATOA","article_modified_time":"2025-12-14T23:54:53+00:00","og_image":[{"width":800,"height":800,"url":"https:\/\/storage.googleapis.com\/cz-shopatoa-img\/ro\/33a52f6c-unnamed-file.webp","type":"image\/webp"}],"twitter_card":"summary_large_image","schema":{"@context":"https:\/\/schema.org","@graph":[{"@type":"WebPage","@id":"https:\/\/shopatoa.com\/ro\/guess-seductive-noir-woman-edt-75-ml\/","url":"https:\/\/shopatoa.com\/ro\/guess-seductive-noir-woman-edt-75-ml\/","name":"Guess Seductive Noir Woman - EDT 75 ml - SHOPATOA.COM","isPartOf":{"@id":"https:\/\/shopatoa.com\/ro\/#website"},"primaryImageOfPage":{"@id":"https:\/\/shopatoa.com\/ro\/guess-seductive-noir-woman-edt-75-ml\/#primaryimage"},"image":{"@id":"https:\/\/shopatoa.com\/ro\/guess-seductive-noir-woman-edt-75-ml\/#primaryimage"},"thumbnailUrl":"https:\/\/storage.googleapis.com\/cz-shopatoa-img\/ro\/33a52f6c-unnamed-file.webp","datePublished":"2025-04-30T04:06:06+00:00","dateModified":"2025-12-14T23:54:53+00:00","breadcrumb":{"@id":"https:\/\/shopatoa.com\/ro\/guess-seductive-noir-woman-edt-75-ml\/#breadcrumb"},"inLanguage":"ro-RO","potentialAction":[{"@type":"ReadAction","target":["https:\/\/shopatoa.com\/ro\/guess-seductive-noir-woman-edt-75-ml\/"]}]},{"@type":"ImageObject","inLanguage":"ro-RO","@id":"https:\/\/shopatoa.com\/ro\/guess-seductive-noir-woman-edt-75-ml\/#primaryimage","url":"https:\/\/storage.googleapis.com\/cz-shopatoa-img\/ro\/33a52f6c-unnamed-file.webp","contentUrl":"https:\/\/storage.googleapis.com\/cz-shopatoa-img\/ro\/33a52f6c-unnamed-file.webp","width":800,"height":800},{"@type":"BreadcrumbList","@id":"https:\/\/shopatoa.com\/ro\/guess-seductive-noir-woman-edt-75-ml\/#breadcrumb","itemListElement":[{"@type":"ListItem","position":1,"name":"Dom\u016f","item":"https:\/\/shopatoa.com\/ro\/"},{"@type":"ListItem","position":2,"name":"Shop","item":"https:\/\/shopatoa.com\/ro\/shop\/"},{"@type":"ListItem","position":3,"name":"Parfumuri","item":"https:\/\/shopatoa.com\/ro\/parfumuri\/"},{"@type":"ListItem","position":4,"name":"Ape de toalet\u0103 (EDT)","item":"https:\/\/shopatoa.com\/ro\/ape-de-toaleta-edt\/"},{"@type":"ListItem","position":5,"name":"Guess Seductive Noir Woman &#8211; EDT 75 ml"}]},{"@type":"WebSite","@id":"https:\/\/shopatoa.com\/ro\/#website","url":"https:\/\/shopatoa.com\/ro\/","name":"SHOPATOA","description":"","publisher":{"@id":"https:\/\/shopatoa.com\/ro\/#organization"},"potentialAction":[{"@type":"SearchAction","target":{"@type":"EntryPoint","urlTemplate":"https:\/\/shopatoa.com\/ro\/?s={search_term_string}"},"query-input":{"@type":"PropertyValueSpecification","valueRequired":true,"valueName":"search_term_string"}}],"inLanguage":"ro-RO"},{"@type":"Organization","@id":"https:\/\/shopatoa.com\/ro\/#organization","name":"SHOPATOA","url":"https:\/\/shopatoa.com\/ro\/","logo":{"@type":"ImageObject","inLanguage":"ro-RO","@id":"https:\/\/shopatoa.com\/ro\/#\/schema\/logo\/image\/","url":"https:\/\/storage.googleapis.com\/cz-shopatoa-img\/ro\/b4dac915-shopatoa_logo.png","contentUrl":"https:\/\/storage.googleapis.com\/cz-shopatoa-img\/ro\/b4dac915-shopatoa_logo.png","width":416,"height":63,"caption":"SHOPATOA"},"image":{"@id":"https:\/\/shopatoa.com\/ro\/#\/schema\/logo\/image\/"}}]}},"_links":{"self":[{"href":"https:\/\/shopatoa.com\/ro\/wp-json\/wp\/v2\/product\/276826","targetHints":{"allow":["GET"]}}],"collection":[{"href":"https:\/\/shopatoa.com\/ro\/wp-json\/wp\/v2\/product"}],"about":[{"href":"https:\/\/shopatoa.com\/ro\/wp-json\/wp\/v2\/types\/product"}],"replies":[{"embeddable":true,"href":"https:\/\/shopatoa.com\/ro\/wp-json\/wp\/v2\/comments?post=276826"}],"wp:featuredmedia":[{"embeddable":true,"href":"https:\/\/shopatoa.com\/ro\/wp-json\/wp\/v2\/media\/276827"}],"wp:attachment":[{"href":"https:\/\/shopatoa.com\/ro\/wp-json\/wp\/v2\/media?parent=276826"}],"wp:term":[{"taxonomy":"product_brand","embeddable":true,"href":"https:\/\/shopatoa.com\/ro\/wp-json\/wp\/v2\/product_brand?post=276826"},{"taxonomy":"product_cat","embeddable":true,"href":"https:\/\/shopatoa.com\/ro\/wp-json\/wp\/v2\/product_cat?post=276826"},{"taxonomy":"product_tag","embeddable":true,"href":"https:\/\/shopatoa.com\/ro\/wp-json\/wp\/v2\/product_tag?post=276826"}],"curies":[{"name":"wp","href":"https:\/\/api.w.org\/{rel}","templated":true}]}}