{"id":276942,"date":"2025-04-30T06:30:44","date_gmt":"2025-04-30T04:30:44","guid":{"rendered":"https:\/\/shopatoa.com\/ro\/eucerin-ser-anti-imbatranire-hialuronic-filler-3x-effect-6-x-5-ml\/"},"modified":"2025-12-15T00:22:53","modified_gmt":"2025-12-14T23:22:53","slug":"eucerin-ser-anti-imbatranire-hialuronic-filler-3x-effect-6-x-5-ml","status":"publish","type":"product","link":"https:\/\/shopatoa.com\/ro\/eucerin-ser-anti-imbatranire-hialuronic-filler-3x-effect-6-x-5-ml\/","title":{"rendered":"Eucerin Ser anti-\u00eemb\u0103tr\u00e2nire Hialuronic-Filler 3x EFFECT 6 x 5 ml"},"content":{"rendered":"<p>Cu utilizarea zilnic\u0103, \u00eembun\u0103t\u0103\u021be\u0219te efectele cremei de zi \u0219i de noapte Eucerin Hyaluron-Filler \u0219i neteze\u0219te ridurile. O fiol\u0103 reprezint\u0103 o doz\u0103 s\u0103pt\u0103m\u00e2nal\u0103 de ser concentrat. Eucerin Hyaluron-Filler Serum este un ser intensiv anti-\u00eemb\u0103tr\u00e2nire care este destinat utiliz\u0103rii zilnice \u00eempreun\u0103 cu cremele de zi \u0219i de noapte din linia Eucerin Hyaluron-Filler. \u00cen compozi\u021bia sa u\u0219oar\u0103, se combin\u0103 acidul hialuronic cu molecularitate ridicat\u0103 \u0219i sc\u0103zut\u0103, saponina glicin\u0103 \u0219i enoxolona. Aceste ingrediente aduc o abordare \u021bintit\u0103 pentru netezirea chiar \u0219i a ridurilor profunde. Acidul hialuronic cu greutate molecular\u0103 mare \u00eembun\u0103t\u0103\u021be\u0219te hidratarea \u0219i neteze\u0219te straturile superioare ale pielii, \u00een timp ce acidul hialuronic cu greutate molecular\u0103 mic\u0103, a c\u0103rui molecul\u0103 este de 40 de ori mai mic\u0103 1 , p\u0103trunde mai ad\u00e2nc \u00een straturile epidermice ale pielii, unde se formeaz\u0103 ridurile mai profunde. Antioxidantul glicin\u0103 saponina sus\u021bine formarea propriului acid hialuronic \u00een stratul dermului, unde se formeaz\u0103 cele mai profunde riduri, \u0219i \u00een acela\u0219i timp protejeaz\u0103 \u00eempotriva radicalilor liberi. Enoxolona protejeaz\u0103 \u00eempotriva degrad\u0103rii propriului acid hialuronic al pielii. 1 \u00cen compara\u021bie cu acidul hialuronic cu greutate molecular\u0103 mare, care este, de asemenea, parte a formul\u0103rii.<\/p>\n","protected":false},"excerpt":{"rendered":"<p>Cu utilizarea zilnic\u0103, \u00eembun\u0103t\u0103\u021be\u0219te efectele cremei de zi \u0219i de noapte Eucerin Hyaluron-Filler \u0219i neteze\u0219te ridurile. O fiol\u0103 reprezint\u0103 o doz\u0103 s\u0103pt\u0103m\u00e2nal\u0103 de ser concentrat. Eucerin Hyaluron-Filler Serum este un ser intensiv anti-\u00eemb\u0103tr\u00e2nire care este destinat utiliz\u0103rii zilnice \u00eempreun\u0103 cu cremele de zi \u0219i de noapte din linia Eucerin Hyaluron-Filler. \u00cen compozi\u021bia sa u\u0219oar\u0103, se&#8230;<\/p>\n","protected":false},"featured_media":276943,"comment_status":"closed","ping_status":"open","template":"","meta":{"_acf_changed":false,"_kadence_starter_templates_imported_post":false,"_kad_post_transparent":"","_kad_post_title":"","_kad_post_layout":"","_kad_post_sidebar_id":"","_kad_post_content_style":"","_kad_post_vertical_padding":"","_kad_post_feature":"","_kad_post_feature_position":"","_kad_post_header":false,"_kad_post_footer":false,"_kad_post_classname":""},"product_brand":[333],"product_cat":[246,634,633,665],"product_tag":[],"class_list":{"0":"post-276942","1":"product","2":"type-product","3":"status-publish","4":"has-post-thumbnail","6":"product_brand-eucerin","7":"product_cat-cosmetice","8":"product_cat-produse-cosmetice-de-ingrijire-a-pielii","9":"product_cat-produse-cosmetice-pentru-piele","10":"product_cat-produse-cosmetice-pentru-riduri-si-anti-imbatranire","12":"first","13":"instock","14":"product-type-external","15":"entry","16":"content-bg","17":"loop-entry"},"acf":[],"yoast_head":"<!-- This site is optimized with the Yoast SEO plugin v27.3 - https:\/\/yoast.com\/product\/yoast-seo-wordpress\/ -->\n<title>Eucerin Ser anti-\u00eemb\u0103tr\u00e2nire Hialuronic-Filler 3x EFFECT 6 x 5 ml - SHOPATOA.COM<\/title>\n<meta name=\"robots\" content=\"index, follow, max-snippet:-1, max-image-preview:large, max-video-preview:-1\" \/>\n<link rel=\"canonical\" href=\"https:\/\/shopatoa.com\/ro\/eucerin-ser-anti-imbatranire-hialuronic-filler-3x-effect-6-x-5-ml\/\" \/>\n<meta property=\"og:locale\" content=\"ro_RO\" \/>\n<meta property=\"og:type\" content=\"article\" \/>\n<meta property=\"og:title\" content=\"Eucerin Ser anti-\u00eemb\u0103tr\u00e2nire Hialuronic-Filler 3x EFFECT 6 x 5 ml - SHOPATOA.COM\" \/>\n<meta property=\"og:description\" content=\"Cu utilizarea zilnic\u0103, \u00eembun\u0103t\u0103\u021be\u0219te efectele cremei de zi \u0219i de noapte Eucerin Hyaluron-Filler \u0219i neteze\u0219te ridurile. O fiol\u0103 reprezint\u0103 o doz\u0103 s\u0103pt\u0103m\u00e2nal\u0103 de ser concentrat. Eucerin Hyaluron-Filler Serum este un ser intensiv anti-\u00eemb\u0103tr\u00e2nire care este destinat utiliz\u0103rii zilnice \u00eempreun\u0103 cu cremele de zi \u0219i de noapte din linia Eucerin Hyaluron-Filler. \u00cen compozi\u021bia sa u\u0219oar\u0103, se...\" \/>\n<meta property=\"og:url\" content=\"https:\/\/shopatoa.com\/ro\/eucerin-ser-anti-imbatranire-hialuronic-filler-3x-effect-6-x-5-ml\/\" \/>\n<meta property=\"og:site_name\" content=\"SHOPATOA\" \/>\n<meta property=\"article:modified_time\" content=\"2025-12-14T23:22:53+00:00\" \/>\n<meta property=\"og:image\" content=\"https:\/\/storage.googleapis.com\/cz-shopatoa-img\/ro\/5a21780a-unnamed-file.webp\" \/>\n\t<meta property=\"og:image:width\" content=\"800\" \/>\n\t<meta property=\"og:image:height\" content=\"800\" \/>\n\t<meta property=\"og:image:type\" content=\"image\/webp\" \/>\n<meta name=\"twitter:card\" content=\"summary_large_image\" \/>\n<meta name=\"twitter:label1\" content=\"Timp estimat pentru citire\" \/>\n\t<meta name=\"twitter:data1\" content=\"1 minut\" \/>\n<script type=\"application\/ld+json\" class=\"yoast-schema-graph\">{\"@context\":\"https:\\\/\\\/schema.org\",\"@graph\":[{\"@type\":\"WebPage\",\"@id\":\"https:\\\/\\\/shopatoa.com\\\/ro\\\/eucerin-ser-anti-imbatranire-hialuronic-filler-3x-effect-6-x-5-ml\\\/\",\"url\":\"https:\\\/\\\/shopatoa.com\\\/ro\\\/eucerin-ser-anti-imbatranire-hialuronic-filler-3x-effect-6-x-5-ml\\\/\",\"name\":\"Eucerin Ser anti-\u00eemb\u0103tr\u00e2nire Hialuronic-Filler 3x EFFECT 6 x 5 ml - SHOPATOA.COM\",\"isPartOf\":{\"@id\":\"https:\\\/\\\/shopatoa.com\\\/ro\\\/#website\"},\"primaryImageOfPage\":{\"@id\":\"https:\\\/\\\/shopatoa.com\\\/ro\\\/eucerin-ser-anti-imbatranire-hialuronic-filler-3x-effect-6-x-5-ml\\\/#primaryimage\"},\"image\":{\"@id\":\"https:\\\/\\\/shopatoa.com\\\/ro\\\/eucerin-ser-anti-imbatranire-hialuronic-filler-3x-effect-6-x-5-ml\\\/#primaryimage\"},\"thumbnailUrl\":\"https:\\\/\\\/storage.googleapis.com\\\/cz-shopatoa-img\\\/ro\\\/5a21780a-unnamed-file.webp\",\"datePublished\":\"2025-04-30T04:30:44+00:00\",\"dateModified\":\"2025-12-14T23:22:53+00:00\",\"breadcrumb\":{\"@id\":\"https:\\\/\\\/shopatoa.com\\\/ro\\\/eucerin-ser-anti-imbatranire-hialuronic-filler-3x-effect-6-x-5-ml\\\/#breadcrumb\"},\"inLanguage\":\"ro-RO\",\"potentialAction\":[{\"@type\":\"ReadAction\",\"target\":[\"https:\\\/\\\/shopatoa.com\\\/ro\\\/eucerin-ser-anti-imbatranire-hialuronic-filler-3x-effect-6-x-5-ml\\\/\"]}]},{\"@type\":\"ImageObject\",\"inLanguage\":\"ro-RO\",\"@id\":\"https:\\\/\\\/shopatoa.com\\\/ro\\\/eucerin-ser-anti-imbatranire-hialuronic-filler-3x-effect-6-x-5-ml\\\/#primaryimage\",\"url\":\"https:\\\/\\\/storage.googleapis.com\\\/cz-shopatoa-img\\\/ro\\\/5a21780a-unnamed-file.webp\",\"contentUrl\":\"https:\\\/\\\/storage.googleapis.com\\\/cz-shopatoa-img\\\/ro\\\/5a21780a-unnamed-file.webp\",\"width\":800,\"height\":800},{\"@type\":\"BreadcrumbList\",\"@id\":\"https:\\\/\\\/shopatoa.com\\\/ro\\\/eucerin-ser-anti-imbatranire-hialuronic-filler-3x-effect-6-x-5-ml\\\/#breadcrumb\",\"itemListElement\":[{\"@type\":\"ListItem\",\"position\":1,\"name\":\"Dom\u016f\",\"item\":\"https:\\\/\\\/shopatoa.com\\\/ro\\\/\"},{\"@type\":\"ListItem\",\"position\":2,\"name\":\"Shop\",\"item\":\"https:\\\/\\\/shopatoa.com\\\/ro\\\/shop\\\/\"},{\"@type\":\"ListItem\",\"position\":3,\"name\":\"Cosmetice\",\"item\":\"https:\\\/\\\/shopatoa.com\\\/ro\\\/cosmetice\\\/\"},{\"@type\":\"ListItem\",\"position\":4,\"name\":\"Produse cosmetice pentru piele\",\"item\":\"https:\\\/\\\/shopatoa.com\\\/ro\\\/produse-cosmetice-pentru-piele\\\/\"},{\"@type\":\"ListItem\",\"position\":5,\"name\":\"Produse cosmetice de \u00eengrijire a pielii\",\"item\":\"https:\\\/\\\/shopatoa.com\\\/ro\\\/produse-cosmetice-de-ingrijire-a-pielii\\\/\"},{\"@type\":\"ListItem\",\"position\":6,\"name\":\"Produse cosmetice pentru riduri \u0219i anti-\u00eemb\u0103tr\u00e2nire\",\"item\":\"https:\\\/\\\/shopatoa.com\\\/ro\\\/produse-cosmetice-pentru-riduri-si-anti-imbatranire\\\/\"},{\"@type\":\"ListItem\",\"position\":7,\"name\":\"Eucerin Ser anti-\u00eemb\u0103tr\u00e2nire Hialuronic-Filler 3x EFFECT 6 x 5 ml\"}]},{\"@type\":\"WebSite\",\"@id\":\"https:\\\/\\\/shopatoa.com\\\/ro\\\/#website\",\"url\":\"https:\\\/\\\/shopatoa.com\\\/ro\\\/\",\"name\":\"SHOPATOA\",\"description\":\"\",\"publisher\":{\"@id\":\"https:\\\/\\\/shopatoa.com\\\/ro\\\/#organization\"},\"potentialAction\":[{\"@type\":\"SearchAction\",\"target\":{\"@type\":\"EntryPoint\",\"urlTemplate\":\"https:\\\/\\\/shopatoa.com\\\/ro\\\/?s={search_term_string}\"},\"query-input\":{\"@type\":\"PropertyValueSpecification\",\"valueRequired\":true,\"valueName\":\"search_term_string\"}}],\"inLanguage\":\"ro-RO\"},{\"@type\":\"Organization\",\"@id\":\"https:\\\/\\\/shopatoa.com\\\/ro\\\/#organization\",\"name\":\"SHOPATOA\",\"url\":\"https:\\\/\\\/shopatoa.com\\\/ro\\\/\",\"logo\":{\"@type\":\"ImageObject\",\"inLanguage\":\"ro-RO\",\"@id\":\"https:\\\/\\\/shopatoa.com\\\/ro\\\/#\\\/schema\\\/logo\\\/image\\\/\",\"url\":\"https:\\\/\\\/storage.googleapis.com\\\/cz-shopatoa-img\\\/ro\\\/b4dac915-shopatoa_logo.png\",\"contentUrl\":\"https:\\\/\\\/storage.googleapis.com\\\/cz-shopatoa-img\\\/ro\\\/b4dac915-shopatoa_logo.png\",\"width\":416,\"height\":63,\"caption\":\"SHOPATOA\"},\"image\":{\"@id\":\"https:\\\/\\\/shopatoa.com\\\/ro\\\/#\\\/schema\\\/logo\\\/image\\\/\"}}]}<\/script>\n<!-- \/ Yoast SEO plugin. -->","yoast_head_json":{"title":"Eucerin Ser anti-\u00eemb\u0103tr\u00e2nire Hialuronic-Filler 3x EFFECT 6 x 5 ml - SHOPATOA.COM","robots":{"index":"index","follow":"follow","max-snippet":"max-snippet:-1","max-image-preview":"max-image-preview:large","max-video-preview":"max-video-preview:-1"},"canonical":"https:\/\/shopatoa.com\/ro\/eucerin-ser-anti-imbatranire-hialuronic-filler-3x-effect-6-x-5-ml\/","og_locale":"ro_RO","og_type":"article","og_title":"Eucerin Ser anti-\u00eemb\u0103tr\u00e2nire Hialuronic-Filler 3x EFFECT 6 x 5 ml - SHOPATOA.COM","og_description":"Cu utilizarea zilnic\u0103, \u00eembun\u0103t\u0103\u021be\u0219te efectele cremei de zi \u0219i de noapte Eucerin Hyaluron-Filler \u0219i neteze\u0219te ridurile. O fiol\u0103 reprezint\u0103 o doz\u0103 s\u0103pt\u0103m\u00e2nal\u0103 de ser concentrat. Eucerin Hyaluron-Filler Serum este un ser intensiv anti-\u00eemb\u0103tr\u00e2nire care este destinat utiliz\u0103rii zilnice \u00eempreun\u0103 cu cremele de zi \u0219i de noapte din linia Eucerin Hyaluron-Filler. \u00cen compozi\u021bia sa u\u0219oar\u0103, se...","og_url":"https:\/\/shopatoa.com\/ro\/eucerin-ser-anti-imbatranire-hialuronic-filler-3x-effect-6-x-5-ml\/","og_site_name":"SHOPATOA","article_modified_time":"2025-12-14T23:22:53+00:00","og_image":[{"width":800,"height":800,"url":"https:\/\/storage.googleapis.com\/cz-shopatoa-img\/ro\/5a21780a-unnamed-file.webp","type":"image\/webp"}],"twitter_card":"summary_large_image","twitter_misc":{"Timp estimat pentru citire":"1 minut"},"schema":{"@context":"https:\/\/schema.org","@graph":[{"@type":"WebPage","@id":"https:\/\/shopatoa.com\/ro\/eucerin-ser-anti-imbatranire-hialuronic-filler-3x-effect-6-x-5-ml\/","url":"https:\/\/shopatoa.com\/ro\/eucerin-ser-anti-imbatranire-hialuronic-filler-3x-effect-6-x-5-ml\/","name":"Eucerin Ser anti-\u00eemb\u0103tr\u00e2nire Hialuronic-Filler 3x EFFECT 6 x 5 ml - SHOPATOA.COM","isPartOf":{"@id":"https:\/\/shopatoa.com\/ro\/#website"},"primaryImageOfPage":{"@id":"https:\/\/shopatoa.com\/ro\/eucerin-ser-anti-imbatranire-hialuronic-filler-3x-effect-6-x-5-ml\/#primaryimage"},"image":{"@id":"https:\/\/shopatoa.com\/ro\/eucerin-ser-anti-imbatranire-hialuronic-filler-3x-effect-6-x-5-ml\/#primaryimage"},"thumbnailUrl":"https:\/\/storage.googleapis.com\/cz-shopatoa-img\/ro\/5a21780a-unnamed-file.webp","datePublished":"2025-04-30T04:30:44+00:00","dateModified":"2025-12-14T23:22:53+00:00","breadcrumb":{"@id":"https:\/\/shopatoa.com\/ro\/eucerin-ser-anti-imbatranire-hialuronic-filler-3x-effect-6-x-5-ml\/#breadcrumb"},"inLanguage":"ro-RO","potentialAction":[{"@type":"ReadAction","target":["https:\/\/shopatoa.com\/ro\/eucerin-ser-anti-imbatranire-hialuronic-filler-3x-effect-6-x-5-ml\/"]}]},{"@type":"ImageObject","inLanguage":"ro-RO","@id":"https:\/\/shopatoa.com\/ro\/eucerin-ser-anti-imbatranire-hialuronic-filler-3x-effect-6-x-5-ml\/#primaryimage","url":"https:\/\/storage.googleapis.com\/cz-shopatoa-img\/ro\/5a21780a-unnamed-file.webp","contentUrl":"https:\/\/storage.googleapis.com\/cz-shopatoa-img\/ro\/5a21780a-unnamed-file.webp","width":800,"height":800},{"@type":"BreadcrumbList","@id":"https:\/\/shopatoa.com\/ro\/eucerin-ser-anti-imbatranire-hialuronic-filler-3x-effect-6-x-5-ml\/#breadcrumb","itemListElement":[{"@type":"ListItem","position":1,"name":"Dom\u016f","item":"https:\/\/shopatoa.com\/ro\/"},{"@type":"ListItem","position":2,"name":"Shop","item":"https:\/\/shopatoa.com\/ro\/shop\/"},{"@type":"ListItem","position":3,"name":"Cosmetice","item":"https:\/\/shopatoa.com\/ro\/cosmetice\/"},{"@type":"ListItem","position":4,"name":"Produse cosmetice pentru piele","item":"https:\/\/shopatoa.com\/ro\/produse-cosmetice-pentru-piele\/"},{"@type":"ListItem","position":5,"name":"Produse cosmetice de \u00eengrijire a pielii","item":"https:\/\/shopatoa.com\/ro\/produse-cosmetice-de-ingrijire-a-pielii\/"},{"@type":"ListItem","position":6,"name":"Produse cosmetice pentru riduri \u0219i anti-\u00eemb\u0103tr\u00e2nire","item":"https:\/\/shopatoa.com\/ro\/produse-cosmetice-pentru-riduri-si-anti-imbatranire\/"},{"@type":"ListItem","position":7,"name":"Eucerin Ser anti-\u00eemb\u0103tr\u00e2nire Hialuronic-Filler 3x EFFECT 6 x 5 ml"}]},{"@type":"WebSite","@id":"https:\/\/shopatoa.com\/ro\/#website","url":"https:\/\/shopatoa.com\/ro\/","name":"SHOPATOA","description":"","publisher":{"@id":"https:\/\/shopatoa.com\/ro\/#organization"},"potentialAction":[{"@type":"SearchAction","target":{"@type":"EntryPoint","urlTemplate":"https:\/\/shopatoa.com\/ro\/?s={search_term_string}"},"query-input":{"@type":"PropertyValueSpecification","valueRequired":true,"valueName":"search_term_string"}}],"inLanguage":"ro-RO"},{"@type":"Organization","@id":"https:\/\/shopatoa.com\/ro\/#organization","name":"SHOPATOA","url":"https:\/\/shopatoa.com\/ro\/","logo":{"@type":"ImageObject","inLanguage":"ro-RO","@id":"https:\/\/shopatoa.com\/ro\/#\/schema\/logo\/image\/","url":"https:\/\/storage.googleapis.com\/cz-shopatoa-img\/ro\/b4dac915-shopatoa_logo.png","contentUrl":"https:\/\/storage.googleapis.com\/cz-shopatoa-img\/ro\/b4dac915-shopatoa_logo.png","width":416,"height":63,"caption":"SHOPATOA"},"image":{"@id":"https:\/\/shopatoa.com\/ro\/#\/schema\/logo\/image\/"}}]}},"_links":{"self":[{"href":"https:\/\/shopatoa.com\/ro\/wp-json\/wp\/v2\/product\/276942","targetHints":{"allow":["GET"]}}],"collection":[{"href":"https:\/\/shopatoa.com\/ro\/wp-json\/wp\/v2\/product"}],"about":[{"href":"https:\/\/shopatoa.com\/ro\/wp-json\/wp\/v2\/types\/product"}],"replies":[{"embeddable":true,"href":"https:\/\/shopatoa.com\/ro\/wp-json\/wp\/v2\/comments?post=276942"}],"wp:featuredmedia":[{"embeddable":true,"href":"https:\/\/shopatoa.com\/ro\/wp-json\/wp\/v2\/media\/276943"}],"wp:attachment":[{"href":"https:\/\/shopatoa.com\/ro\/wp-json\/wp\/v2\/media?parent=276942"}],"wp:term":[{"taxonomy":"product_brand","embeddable":true,"href":"https:\/\/shopatoa.com\/ro\/wp-json\/wp\/v2\/product_brand?post=276942"},{"taxonomy":"product_cat","embeddable":true,"href":"https:\/\/shopatoa.com\/ro\/wp-json\/wp\/v2\/product_cat?post=276942"},{"taxonomy":"product_tag","embeddable":true,"href":"https:\/\/shopatoa.com\/ro\/wp-json\/wp\/v2\/product_tag?post=276942"}],"curies":[{"name":"wp","href":"https:\/\/api.w.org\/{rel}","templated":true}]}}