{"id":277004,"date":"2025-04-30T06:45:03","date_gmt":"2025-04-30T04:45:03","guid":{"rendered":"https:\/\/shopatoa.com\/ro\/calvin-klein-reveal-men-edt-30-ml\/"},"modified":"2025-12-14T23:42:13","modified_gmt":"2025-12-14T22:42:13","slug":"calvin-klein-reveal-men-edt-30-ml","status":"publish","type":"product","link":"https:\/\/shopatoa.com\/ro\/calvin-klein-reveal-men-edt-30-ml\/","title":{"rendered":"Calvin Klein Reveal Men &#8211; EDT 30 ml"},"content":{"rendered":"<p>Calvin Klein Men Reveal reprezint\u0103 puterea, masculinitatea \u0219i curaj. Potrivit pentru barbatii care doresc s\u0103 atrag\u0103 aten\u021bia, s\u0103 se angajeze \u0219i dori\u021bi s\u0103 arate personalitatea lor puternica. Compozi\u021bie interesant se deschide cu arome proaspete de ghimbir, pepene galben \u0219i pere. Toate acestea este \u00eembog\u0103\u021bit cu o pic\u0103tur\u0103 de coniac, care adaug\u0103 un ton compozi\u021bie aromatic\u0103. Inima parfumului p\u0103trunde agave, piele de c\u0103prioar\u0103 \u0219i salvie. Aceast\u0103 compozi\u021bie senzual\u0103 \u00eencheie nota de ambra si vetiver. Parfumul Reveal Barbatii nu pot rezista nici o femeie. Nu-\u021bi fie fric\u0103 pentru a ar\u0103ta personalitatea ta \u0219i bucura\u021bi-v\u0103 la maxim \u00een fiecare zi. Fa\u021ba de campania de publicitate este actorul Charlie Hunnam. A fost lansat \u00een 2015.<\/p>\n","protected":false},"excerpt":{"rendered":"<p>Calvin Klein Men Reveal reprezint\u0103 puterea, masculinitatea \u0219i curaj. Potrivit pentru barbatii care doresc s\u0103 atrag\u0103 aten\u021bia, s\u0103 se angajeze \u0219i dori\u021bi s\u0103 arate personalitatea lor puternica. Compozi\u021bie interesant se deschide cu arome proaspete de ghimbir, pepene galben \u0219i pere. Toate acestea este \u00eembog\u0103\u021bit cu o pic\u0103tur\u0103 de coniac, care adaug\u0103 un ton compozi\u021bie aromatic\u0103&#8230;.<\/p>\n","protected":false},"featured_media":277005,"comment_status":"closed","ping_status":"open","template":"","meta":{"_acf_changed":false,"_kadence_starter_templates_imported_post":false,"_kad_post_transparent":"","_kad_post_title":"","_kad_post_layout":"","_kad_post_sidebar_id":"","_kad_post_content_style":"","_kad_post_vertical_padding":"","_kad_post_feature":"","_kad_post_feature_position":"","_kad_post_header":false,"_kad_post_footer":false,"_kad_post_classname":""},"product_brand":[77],"product_cat":[615,614],"product_tag":[],"class_list":{"0":"post-277004","1":"product","2":"type-product","3":"status-publish","4":"has-post-thumbnail","6":"product_brand-calvin-klein","7":"product_cat-ape-de-toaleta-edt","8":"product_cat-parfumuri","10":"first","11":"instock","12":"sale","13":"product-type-external","14":"entry","15":"content-bg","16":"loop-entry"},"acf":[],"yoast_head":"<!-- This site is optimized with the Yoast SEO plugin v27.3 - https:\/\/yoast.com\/product\/yoast-seo-wordpress\/ -->\n<title>Calvin Klein Reveal Men - EDT 30 ml - SHOPATOA.COM<\/title>\n<meta name=\"robots\" content=\"index, follow, max-snippet:-1, max-image-preview:large, max-video-preview:-1\" \/>\n<link rel=\"canonical\" href=\"https:\/\/shopatoa.com\/ro\/calvin-klein-reveal-men-edt-30-ml\/\" \/>\n<meta property=\"og:locale\" content=\"ro_RO\" \/>\n<meta property=\"og:type\" content=\"article\" \/>\n<meta property=\"og:title\" content=\"Calvin Klein Reveal Men - EDT 30 ml - SHOPATOA.COM\" \/>\n<meta property=\"og:description\" content=\"Calvin Klein Men Reveal reprezint\u0103 puterea, masculinitatea \u0219i curaj. Potrivit pentru barbatii care doresc s\u0103 atrag\u0103 aten\u021bia, s\u0103 se angajeze \u0219i dori\u021bi s\u0103 arate personalitatea lor puternica. Compozi\u021bie interesant se deschide cu arome proaspete de ghimbir, pepene galben \u0219i pere. Toate acestea este \u00eembog\u0103\u021bit cu o pic\u0103tur\u0103 de coniac, care adaug\u0103 un ton compozi\u021bie aromatic\u0103....\" \/>\n<meta property=\"og:url\" content=\"https:\/\/shopatoa.com\/ro\/calvin-klein-reveal-men-edt-30-ml\/\" \/>\n<meta property=\"og:site_name\" content=\"SHOPATOA\" \/>\n<meta property=\"article:modified_time\" content=\"2025-12-14T22:42:13+00:00\" \/>\n<meta property=\"og:image\" content=\"https:\/\/storage.googleapis.com\/cz-shopatoa-img\/ro\/3bae679f-unnamed-file.webp\" \/>\n\t<meta property=\"og:image:width\" content=\"800\" \/>\n\t<meta property=\"og:image:height\" content=\"800\" \/>\n\t<meta property=\"og:image:type\" content=\"image\/webp\" \/>\n<meta name=\"twitter:card\" content=\"summary_large_image\" \/>\n<meta name=\"twitter:label1\" content=\"Timp estimat pentru citire\" \/>\n\t<meta name=\"twitter:data1\" content=\"1 minut\" \/>\n<script type=\"application\/ld+json\" class=\"yoast-schema-graph\">{\"@context\":\"https:\\\/\\\/schema.org\",\"@graph\":[{\"@type\":\"WebPage\",\"@id\":\"https:\\\/\\\/shopatoa.com\\\/ro\\\/calvin-klein-reveal-men-edt-30-ml\\\/\",\"url\":\"https:\\\/\\\/shopatoa.com\\\/ro\\\/calvin-klein-reveal-men-edt-30-ml\\\/\",\"name\":\"Calvin Klein Reveal Men - EDT 30 ml - SHOPATOA.COM\",\"isPartOf\":{\"@id\":\"https:\\\/\\\/shopatoa.com\\\/ro\\\/#website\"},\"primaryImageOfPage\":{\"@id\":\"https:\\\/\\\/shopatoa.com\\\/ro\\\/calvin-klein-reveal-men-edt-30-ml\\\/#primaryimage\"},\"image\":{\"@id\":\"https:\\\/\\\/shopatoa.com\\\/ro\\\/calvin-klein-reveal-men-edt-30-ml\\\/#primaryimage\"},\"thumbnailUrl\":\"https:\\\/\\\/storage.googleapis.com\\\/cz-shopatoa-img\\\/ro\\\/3bae679f-unnamed-file.webp\",\"datePublished\":\"2025-04-30T04:45:03+00:00\",\"dateModified\":\"2025-12-14T22:42:13+00:00\",\"breadcrumb\":{\"@id\":\"https:\\\/\\\/shopatoa.com\\\/ro\\\/calvin-klein-reveal-men-edt-30-ml\\\/#breadcrumb\"},\"inLanguage\":\"ro-RO\",\"potentialAction\":[{\"@type\":\"ReadAction\",\"target\":[\"https:\\\/\\\/shopatoa.com\\\/ro\\\/calvin-klein-reveal-men-edt-30-ml\\\/\"]}]},{\"@type\":\"ImageObject\",\"inLanguage\":\"ro-RO\",\"@id\":\"https:\\\/\\\/shopatoa.com\\\/ro\\\/calvin-klein-reveal-men-edt-30-ml\\\/#primaryimage\",\"url\":\"https:\\\/\\\/storage.googleapis.com\\\/cz-shopatoa-img\\\/ro\\\/3bae679f-unnamed-file.webp\",\"contentUrl\":\"https:\\\/\\\/storage.googleapis.com\\\/cz-shopatoa-img\\\/ro\\\/3bae679f-unnamed-file.webp\",\"width\":800,\"height\":800},{\"@type\":\"BreadcrumbList\",\"@id\":\"https:\\\/\\\/shopatoa.com\\\/ro\\\/calvin-klein-reveal-men-edt-30-ml\\\/#breadcrumb\",\"itemListElement\":[{\"@type\":\"ListItem\",\"position\":1,\"name\":\"Dom\u016f\",\"item\":\"https:\\\/\\\/shopatoa.com\\\/ro\\\/\"},{\"@type\":\"ListItem\",\"position\":2,\"name\":\"Shop\",\"item\":\"https:\\\/\\\/shopatoa.com\\\/ro\\\/shop\\\/\"},{\"@type\":\"ListItem\",\"position\":3,\"name\":\"Parfumuri\",\"item\":\"https:\\\/\\\/shopatoa.com\\\/ro\\\/parfumuri\\\/\"},{\"@type\":\"ListItem\",\"position\":4,\"name\":\"Ape de toalet\u0103 (EDT)\",\"item\":\"https:\\\/\\\/shopatoa.com\\\/ro\\\/ape-de-toaleta-edt\\\/\"},{\"@type\":\"ListItem\",\"position\":5,\"name\":\"Calvin Klein Reveal Men &#8211; EDT 30 ml\"}]},{\"@type\":\"WebSite\",\"@id\":\"https:\\\/\\\/shopatoa.com\\\/ro\\\/#website\",\"url\":\"https:\\\/\\\/shopatoa.com\\\/ro\\\/\",\"name\":\"SHOPATOA\",\"description\":\"\",\"publisher\":{\"@id\":\"https:\\\/\\\/shopatoa.com\\\/ro\\\/#organization\"},\"potentialAction\":[{\"@type\":\"SearchAction\",\"target\":{\"@type\":\"EntryPoint\",\"urlTemplate\":\"https:\\\/\\\/shopatoa.com\\\/ro\\\/?s={search_term_string}\"},\"query-input\":{\"@type\":\"PropertyValueSpecification\",\"valueRequired\":true,\"valueName\":\"search_term_string\"}}],\"inLanguage\":\"ro-RO\"},{\"@type\":\"Organization\",\"@id\":\"https:\\\/\\\/shopatoa.com\\\/ro\\\/#organization\",\"name\":\"SHOPATOA\",\"url\":\"https:\\\/\\\/shopatoa.com\\\/ro\\\/\",\"logo\":{\"@type\":\"ImageObject\",\"inLanguage\":\"ro-RO\",\"@id\":\"https:\\\/\\\/shopatoa.com\\\/ro\\\/#\\\/schema\\\/logo\\\/image\\\/\",\"url\":\"https:\\\/\\\/storage.googleapis.com\\\/cz-shopatoa-img\\\/ro\\\/b4dac915-shopatoa_logo.png\",\"contentUrl\":\"https:\\\/\\\/storage.googleapis.com\\\/cz-shopatoa-img\\\/ro\\\/b4dac915-shopatoa_logo.png\",\"width\":416,\"height\":63,\"caption\":\"SHOPATOA\"},\"image\":{\"@id\":\"https:\\\/\\\/shopatoa.com\\\/ro\\\/#\\\/schema\\\/logo\\\/image\\\/\"}}]}<\/script>\n<!-- \/ Yoast SEO plugin. -->","yoast_head_json":{"title":"Calvin Klein Reveal Men - EDT 30 ml - SHOPATOA.COM","robots":{"index":"index","follow":"follow","max-snippet":"max-snippet:-1","max-image-preview":"max-image-preview:large","max-video-preview":"max-video-preview:-1"},"canonical":"https:\/\/shopatoa.com\/ro\/calvin-klein-reveal-men-edt-30-ml\/","og_locale":"ro_RO","og_type":"article","og_title":"Calvin Klein Reveal Men - EDT 30 ml - SHOPATOA.COM","og_description":"Calvin Klein Men Reveal reprezint\u0103 puterea, masculinitatea \u0219i curaj. Potrivit pentru barbatii care doresc s\u0103 atrag\u0103 aten\u021bia, s\u0103 se angajeze \u0219i dori\u021bi s\u0103 arate personalitatea lor puternica. Compozi\u021bie interesant se deschide cu arome proaspete de ghimbir, pepene galben \u0219i pere. Toate acestea este \u00eembog\u0103\u021bit cu o pic\u0103tur\u0103 de coniac, care adaug\u0103 un ton compozi\u021bie aromatic\u0103....","og_url":"https:\/\/shopatoa.com\/ro\/calvin-klein-reveal-men-edt-30-ml\/","og_site_name":"SHOPATOA","article_modified_time":"2025-12-14T22:42:13+00:00","og_image":[{"width":800,"height":800,"url":"https:\/\/storage.googleapis.com\/cz-shopatoa-img\/ro\/3bae679f-unnamed-file.webp","type":"image\/webp"}],"twitter_card":"summary_large_image","twitter_misc":{"Timp estimat pentru citire":"1 minut"},"schema":{"@context":"https:\/\/schema.org","@graph":[{"@type":"WebPage","@id":"https:\/\/shopatoa.com\/ro\/calvin-klein-reveal-men-edt-30-ml\/","url":"https:\/\/shopatoa.com\/ro\/calvin-klein-reveal-men-edt-30-ml\/","name":"Calvin Klein Reveal Men - EDT 30 ml - SHOPATOA.COM","isPartOf":{"@id":"https:\/\/shopatoa.com\/ro\/#website"},"primaryImageOfPage":{"@id":"https:\/\/shopatoa.com\/ro\/calvin-klein-reveal-men-edt-30-ml\/#primaryimage"},"image":{"@id":"https:\/\/shopatoa.com\/ro\/calvin-klein-reveal-men-edt-30-ml\/#primaryimage"},"thumbnailUrl":"https:\/\/storage.googleapis.com\/cz-shopatoa-img\/ro\/3bae679f-unnamed-file.webp","datePublished":"2025-04-30T04:45:03+00:00","dateModified":"2025-12-14T22:42:13+00:00","breadcrumb":{"@id":"https:\/\/shopatoa.com\/ro\/calvin-klein-reveal-men-edt-30-ml\/#breadcrumb"},"inLanguage":"ro-RO","potentialAction":[{"@type":"ReadAction","target":["https:\/\/shopatoa.com\/ro\/calvin-klein-reveal-men-edt-30-ml\/"]}]},{"@type":"ImageObject","inLanguage":"ro-RO","@id":"https:\/\/shopatoa.com\/ro\/calvin-klein-reveal-men-edt-30-ml\/#primaryimage","url":"https:\/\/storage.googleapis.com\/cz-shopatoa-img\/ro\/3bae679f-unnamed-file.webp","contentUrl":"https:\/\/storage.googleapis.com\/cz-shopatoa-img\/ro\/3bae679f-unnamed-file.webp","width":800,"height":800},{"@type":"BreadcrumbList","@id":"https:\/\/shopatoa.com\/ro\/calvin-klein-reveal-men-edt-30-ml\/#breadcrumb","itemListElement":[{"@type":"ListItem","position":1,"name":"Dom\u016f","item":"https:\/\/shopatoa.com\/ro\/"},{"@type":"ListItem","position":2,"name":"Shop","item":"https:\/\/shopatoa.com\/ro\/shop\/"},{"@type":"ListItem","position":3,"name":"Parfumuri","item":"https:\/\/shopatoa.com\/ro\/parfumuri\/"},{"@type":"ListItem","position":4,"name":"Ape de toalet\u0103 (EDT)","item":"https:\/\/shopatoa.com\/ro\/ape-de-toaleta-edt\/"},{"@type":"ListItem","position":5,"name":"Calvin Klein Reveal Men &#8211; EDT 30 ml"}]},{"@type":"WebSite","@id":"https:\/\/shopatoa.com\/ro\/#website","url":"https:\/\/shopatoa.com\/ro\/","name":"SHOPATOA","description":"","publisher":{"@id":"https:\/\/shopatoa.com\/ro\/#organization"},"potentialAction":[{"@type":"SearchAction","target":{"@type":"EntryPoint","urlTemplate":"https:\/\/shopatoa.com\/ro\/?s={search_term_string}"},"query-input":{"@type":"PropertyValueSpecification","valueRequired":true,"valueName":"search_term_string"}}],"inLanguage":"ro-RO"},{"@type":"Organization","@id":"https:\/\/shopatoa.com\/ro\/#organization","name":"SHOPATOA","url":"https:\/\/shopatoa.com\/ro\/","logo":{"@type":"ImageObject","inLanguage":"ro-RO","@id":"https:\/\/shopatoa.com\/ro\/#\/schema\/logo\/image\/","url":"https:\/\/storage.googleapis.com\/cz-shopatoa-img\/ro\/b4dac915-shopatoa_logo.png","contentUrl":"https:\/\/storage.googleapis.com\/cz-shopatoa-img\/ro\/b4dac915-shopatoa_logo.png","width":416,"height":63,"caption":"SHOPATOA"},"image":{"@id":"https:\/\/shopatoa.com\/ro\/#\/schema\/logo\/image\/"}}]}},"_links":{"self":[{"href":"https:\/\/shopatoa.com\/ro\/wp-json\/wp\/v2\/product\/277004","targetHints":{"allow":["GET"]}}],"collection":[{"href":"https:\/\/shopatoa.com\/ro\/wp-json\/wp\/v2\/product"}],"about":[{"href":"https:\/\/shopatoa.com\/ro\/wp-json\/wp\/v2\/types\/product"}],"replies":[{"embeddable":true,"href":"https:\/\/shopatoa.com\/ro\/wp-json\/wp\/v2\/comments?post=277004"}],"wp:featuredmedia":[{"embeddable":true,"href":"https:\/\/shopatoa.com\/ro\/wp-json\/wp\/v2\/media\/277005"}],"wp:attachment":[{"href":"https:\/\/shopatoa.com\/ro\/wp-json\/wp\/v2\/media?parent=277004"}],"wp:term":[{"taxonomy":"product_brand","embeddable":true,"href":"https:\/\/shopatoa.com\/ro\/wp-json\/wp\/v2\/product_brand?post=277004"},{"taxonomy":"product_cat","embeddable":true,"href":"https:\/\/shopatoa.com\/ro\/wp-json\/wp\/v2\/product_cat?post=277004"},{"taxonomy":"product_tag","embeddable":true,"href":"https:\/\/shopatoa.com\/ro\/wp-json\/wp\/v2\/product_tag?post=277004"}],"curies":[{"name":"wp","href":"https:\/\/api.w.org\/{rel}","templated":true}]}}