{"id":277065,"date":"2025-04-30T06:56:02","date_gmt":"2025-04-30T04:56:02","guid":{"rendered":"https:\/\/shopatoa.com\/ro\/matrix-vopsea-permanenta-pentru-par-socolor-pre-bonded-permanent-extra-coverage-hair-color-90-ml-506nv-dark-blond-nature-violet\/"},"modified":"2025-12-07T22:45:52","modified_gmt":"2025-12-07T21:45:52","slug":"matrix-vopsea-permanenta-pentru-par-socolor-pre-bonded-permanent-extra-coverage-hair-color-90-ml-506nv-dark-blond-nature-violet","status":"publish","type":"product","link":"https:\/\/shopatoa.com\/ro\/matrix-vopsea-permanenta-pentru-par-socolor-pre-bonded-permanent-extra-coverage-hair-color-90-ml-506nv-dark-blond-nature-violet\/","title":{"rendered":"Matrix Vopsea permanent\u0103 pentru p\u0103r SoColor (Pre-Bonded Permanent Extra Coverage Hair Color) 90 ml 506NV &#8211; Dark Blond Nature Violet"},"content":{"rendered":"<p>Culoarea crem\u0103 permanent\u0103 asigur\u0103 \u00eengrijirea continu\u0103 a p\u0103rului datorit\u0103 unui complex special de \u00eengrijire care protejeaz\u0103 \u0219i hr\u0103ne\u0219te fibra capilar\u0103 din interior. Culoarea rezist\u0103 p\u00e2n\u0103 la 20 de \u0219ampon\u0103ri, \u00een timp ce echilibreaz\u0103 porozitatea p\u0103rului \u0219i \u00eei las\u0103 suprafa\u021ba neted\u0103 \u0219i str\u0103lucitoare. Cu fiecare utilizare, vopseaua \u00eent\u0103re\u0219te \u0219i hr\u0103ne\u0219te p\u0103rul, asigur\u00e2nd un aspect s\u0103n\u0103tos \u0219i \u00eengrijit.<\/p>\n","protected":false},"excerpt":{"rendered":"<p>Culoarea crem\u0103 permanent\u0103 asigur\u0103 \u00eengrijirea continu\u0103 a p\u0103rului datorit\u0103 unui complex special de \u00eengrijire care protejeaz\u0103 \u0219i hr\u0103ne\u0219te fibra capilar\u0103 din interior. Culoarea rezist\u0103 p\u00e2n\u0103 la 20 de \u0219ampon\u0103ri, \u00een timp ce echilibreaz\u0103 porozitatea p\u0103rului \u0219i \u00eei las\u0103 suprafa\u021ba neted\u0103 \u0219i str\u0103lucitoare. Cu fiecare utilizare, vopseaua \u00eent\u0103re\u0219te \u0219i hr\u0103ne\u0219te p\u0103rul, asigur\u00e2nd un aspect s\u0103n\u0103tos \u0219i&#8230;<\/p>\n","protected":false},"featured_media":277066,"comment_status":"closed","ping_status":"open","template":"","meta":{"_acf_changed":false,"_kadence_starter_templates_imported_post":false,"_kad_post_transparent":"","_kad_post_title":"","_kad_post_layout":"","_kad_post_sidebar_id":"","_kad_post_content_style":"","_kad_post_vertical_padding":"","_kad_post_feature":"","_kad_post_feature_position":"","_kad_post_header":false,"_kad_post_footer":false,"_kad_post_classname":""},"product_brand":[93],"product_cat":[694,246,623],"product_tag":[],"class_list":{"0":"post-277065","1":"product","2":"type-product","3":"status-publish","4":"has-post-thumbnail","6":"product_brand-matrix","7":"product_cat-cosmetica-pentru-colorarea-parului","8":"product_cat-cosmetice","9":"product_cat-produse-cosmetice-pentru-par","11":"first","12":"instock","13":"sale","14":"product-type-external","15":"entry","16":"content-bg","17":"loop-entry"},"acf":[],"yoast_head":"<!-- This site is optimized with the Yoast SEO plugin v27.4 - https:\/\/yoast.com\/product\/yoast-seo-wordpress\/ -->\n<title>Matrix Vopsea permanent\u0103 pentru p\u0103r SoColor (Pre-Bonded Permanent Extra Coverage Hair Color) 90 ml 506NV - Dark Blond Nature Violet - SHOPATOA.COM<\/title>\n<meta name=\"robots\" content=\"index, follow, max-snippet:-1, max-image-preview:large, max-video-preview:-1\" \/>\n<link rel=\"canonical\" href=\"https:\/\/shopatoa.com\/ro\/matrix-vopsea-permanenta-pentru-par-socolor-pre-bonded-permanent-extra-coverage-hair-color-90-ml-506nv-dark-blond-nature-violet\/\" \/>\n<meta property=\"og:locale\" content=\"ro_RO\" \/>\n<meta property=\"og:type\" content=\"article\" \/>\n<meta property=\"og:title\" content=\"Matrix Vopsea permanent\u0103 pentru p\u0103r SoColor (Pre-Bonded Permanent Extra Coverage Hair Color) 90 ml 506NV - Dark Blond Nature Violet - SHOPATOA.COM\" \/>\n<meta property=\"og:description\" content=\"Culoarea crem\u0103 permanent\u0103 asigur\u0103 \u00eengrijirea continu\u0103 a p\u0103rului datorit\u0103 unui complex special de \u00eengrijire care protejeaz\u0103 \u0219i hr\u0103ne\u0219te fibra capilar\u0103 din interior. Culoarea rezist\u0103 p\u00e2n\u0103 la 20 de \u0219ampon\u0103ri, \u00een timp ce echilibreaz\u0103 porozitatea p\u0103rului \u0219i \u00eei las\u0103 suprafa\u021ba neted\u0103 \u0219i str\u0103lucitoare. Cu fiecare utilizare, vopseaua \u00eent\u0103re\u0219te \u0219i hr\u0103ne\u0219te p\u0103rul, asigur\u00e2nd un aspect s\u0103n\u0103tos \u0219i...\" \/>\n<meta property=\"og:url\" content=\"https:\/\/shopatoa.com\/ro\/matrix-vopsea-permanenta-pentru-par-socolor-pre-bonded-permanent-extra-coverage-hair-color-90-ml-506nv-dark-blond-nature-violet\/\" \/>\n<meta property=\"og:site_name\" content=\"SHOPATOA\" \/>\n<meta property=\"article:modified_time\" content=\"2025-12-07T21:45:52+00:00\" \/>\n<meta property=\"og:image\" content=\"https:\/\/storage.googleapis.com\/cz-shopatoa-img\/ro\/ca94889f-unnamed-file.webp\" \/>\n\t<meta property=\"og:image:width\" content=\"800\" \/>\n\t<meta property=\"og:image:height\" content=\"800\" \/>\n\t<meta property=\"og:image:type\" content=\"image\/webp\" \/>\n<meta name=\"twitter:card\" content=\"summary_large_image\" \/>\n<script type=\"application\/ld+json\" class=\"yoast-schema-graph\">{\"@context\":\"https:\\\/\\\/schema.org\",\"@graph\":[{\"@type\":\"WebPage\",\"@id\":\"https:\\\/\\\/shopatoa.com\\\/ro\\\/matrix-vopsea-permanenta-pentru-par-socolor-pre-bonded-permanent-extra-coverage-hair-color-90-ml-506nv-dark-blond-nature-violet\\\/\",\"url\":\"https:\\\/\\\/shopatoa.com\\\/ro\\\/matrix-vopsea-permanenta-pentru-par-socolor-pre-bonded-permanent-extra-coverage-hair-color-90-ml-506nv-dark-blond-nature-violet\\\/\",\"name\":\"Matrix Vopsea permanent\u0103 pentru p\u0103r SoColor (Pre-Bonded Permanent Extra Coverage Hair Color) 90 ml 506NV - Dark Blond Nature Violet - SHOPATOA.COM\",\"isPartOf\":{\"@id\":\"https:\\\/\\\/shopatoa.com\\\/ro\\\/#website\"},\"primaryImageOfPage\":{\"@id\":\"https:\\\/\\\/shopatoa.com\\\/ro\\\/matrix-vopsea-permanenta-pentru-par-socolor-pre-bonded-permanent-extra-coverage-hair-color-90-ml-506nv-dark-blond-nature-violet\\\/#primaryimage\"},\"image\":{\"@id\":\"https:\\\/\\\/shopatoa.com\\\/ro\\\/matrix-vopsea-permanenta-pentru-par-socolor-pre-bonded-permanent-extra-coverage-hair-color-90-ml-506nv-dark-blond-nature-violet\\\/#primaryimage\"},\"thumbnailUrl\":\"https:\\\/\\\/storage.googleapis.com\\\/cz-shopatoa-img\\\/ro\\\/ca94889f-unnamed-file.webp\",\"datePublished\":\"2025-04-30T04:56:02+00:00\",\"dateModified\":\"2025-12-07T21:45:52+00:00\",\"breadcrumb\":{\"@id\":\"https:\\\/\\\/shopatoa.com\\\/ro\\\/matrix-vopsea-permanenta-pentru-par-socolor-pre-bonded-permanent-extra-coverage-hair-color-90-ml-506nv-dark-blond-nature-violet\\\/#breadcrumb\"},\"inLanguage\":\"ro-RO\",\"potentialAction\":[{\"@type\":\"ReadAction\",\"target\":[\"https:\\\/\\\/shopatoa.com\\\/ro\\\/matrix-vopsea-permanenta-pentru-par-socolor-pre-bonded-permanent-extra-coverage-hair-color-90-ml-506nv-dark-blond-nature-violet\\\/\"]}]},{\"@type\":\"ImageObject\",\"inLanguage\":\"ro-RO\",\"@id\":\"https:\\\/\\\/shopatoa.com\\\/ro\\\/matrix-vopsea-permanenta-pentru-par-socolor-pre-bonded-permanent-extra-coverage-hair-color-90-ml-506nv-dark-blond-nature-violet\\\/#primaryimage\",\"url\":\"https:\\\/\\\/storage.googleapis.com\\\/cz-shopatoa-img\\\/ro\\\/ca94889f-unnamed-file.webp\",\"contentUrl\":\"https:\\\/\\\/storage.googleapis.com\\\/cz-shopatoa-img\\\/ro\\\/ca94889f-unnamed-file.webp\",\"width\":800,\"height\":800},{\"@type\":\"BreadcrumbList\",\"@id\":\"https:\\\/\\\/shopatoa.com\\\/ro\\\/matrix-vopsea-permanenta-pentru-par-socolor-pre-bonded-permanent-extra-coverage-hair-color-90-ml-506nv-dark-blond-nature-violet\\\/#breadcrumb\",\"itemListElement\":[{\"@type\":\"ListItem\",\"position\":1,\"name\":\"Dom\u016f\",\"item\":\"https:\\\/\\\/shopatoa.com\\\/ro\\\/\"},{\"@type\":\"ListItem\",\"position\":2,\"name\":\"Shop\",\"item\":\"https:\\\/\\\/shopatoa.com\\\/ro\\\/shop\\\/\"},{\"@type\":\"ListItem\",\"position\":3,\"name\":\"Cosmetice\",\"item\":\"https:\\\/\\\/shopatoa.com\\\/ro\\\/cosmetice\\\/\"},{\"@type\":\"ListItem\",\"position\":4,\"name\":\"Produse cosmetice pentru p\u0103r\",\"item\":\"https:\\\/\\\/shopatoa.com\\\/ro\\\/produse-cosmetice-pentru-par\\\/\"},{\"@type\":\"ListItem\",\"position\":5,\"name\":\"Cosmetica pentru colorarea parului\",\"item\":\"https:\\\/\\\/shopatoa.com\\\/ro\\\/cosmetica-pentru-colorarea-parului\\\/\"},{\"@type\":\"ListItem\",\"position\":6,\"name\":\"Matrix Vopsea permanent\u0103 pentru p\u0103r SoColor (Pre-Bonded Permanent Extra Coverage Hair Color) 90 ml 506NV &#8211; Dark Blond Nature Violet\"}]},{\"@type\":\"WebSite\",\"@id\":\"https:\\\/\\\/shopatoa.com\\\/ro\\\/#website\",\"url\":\"https:\\\/\\\/shopatoa.com\\\/ro\\\/\",\"name\":\"SHOPATOA\",\"description\":\"\",\"publisher\":{\"@id\":\"https:\\\/\\\/shopatoa.com\\\/ro\\\/#organization\"},\"potentialAction\":[{\"@type\":\"SearchAction\",\"target\":{\"@type\":\"EntryPoint\",\"urlTemplate\":\"https:\\\/\\\/shopatoa.com\\\/ro\\\/?s={search_term_string}\"},\"query-input\":{\"@type\":\"PropertyValueSpecification\",\"valueRequired\":true,\"valueName\":\"search_term_string\"}}],\"inLanguage\":\"ro-RO\"},{\"@type\":\"Organization\",\"@id\":\"https:\\\/\\\/shopatoa.com\\\/ro\\\/#organization\",\"name\":\"SHOPATOA\",\"url\":\"https:\\\/\\\/shopatoa.com\\\/ro\\\/\",\"logo\":{\"@type\":\"ImageObject\",\"inLanguage\":\"ro-RO\",\"@id\":\"https:\\\/\\\/shopatoa.com\\\/ro\\\/#\\\/schema\\\/logo\\\/image\\\/\",\"url\":\"https:\\\/\\\/storage.googleapis.com\\\/cz-shopatoa-img\\\/ro\\\/b4dac915-shopatoa_logo.png\",\"contentUrl\":\"https:\\\/\\\/storage.googleapis.com\\\/cz-shopatoa-img\\\/ro\\\/b4dac915-shopatoa_logo.png\",\"width\":416,\"height\":63,\"caption\":\"SHOPATOA\"},\"image\":{\"@id\":\"https:\\\/\\\/shopatoa.com\\\/ro\\\/#\\\/schema\\\/logo\\\/image\\\/\"}}]}<\/script>\n<!-- \/ Yoast SEO plugin. -->","yoast_head_json":{"title":"Matrix Vopsea permanent\u0103 pentru p\u0103r SoColor (Pre-Bonded Permanent Extra Coverage Hair Color) 90 ml 506NV - Dark Blond Nature Violet - SHOPATOA.COM","robots":{"index":"index","follow":"follow","max-snippet":"max-snippet:-1","max-image-preview":"max-image-preview:large","max-video-preview":"max-video-preview:-1"},"canonical":"https:\/\/shopatoa.com\/ro\/matrix-vopsea-permanenta-pentru-par-socolor-pre-bonded-permanent-extra-coverage-hair-color-90-ml-506nv-dark-blond-nature-violet\/","og_locale":"ro_RO","og_type":"article","og_title":"Matrix Vopsea permanent\u0103 pentru p\u0103r SoColor (Pre-Bonded Permanent Extra Coverage Hair Color) 90 ml 506NV - Dark Blond Nature Violet - SHOPATOA.COM","og_description":"Culoarea crem\u0103 permanent\u0103 asigur\u0103 \u00eengrijirea continu\u0103 a p\u0103rului datorit\u0103 unui complex special de \u00eengrijire care protejeaz\u0103 \u0219i hr\u0103ne\u0219te fibra capilar\u0103 din interior. Culoarea rezist\u0103 p\u00e2n\u0103 la 20 de \u0219ampon\u0103ri, \u00een timp ce echilibreaz\u0103 porozitatea p\u0103rului \u0219i \u00eei las\u0103 suprafa\u021ba neted\u0103 \u0219i str\u0103lucitoare. Cu fiecare utilizare, vopseaua \u00eent\u0103re\u0219te \u0219i hr\u0103ne\u0219te p\u0103rul, asigur\u00e2nd un aspect s\u0103n\u0103tos \u0219i...","og_url":"https:\/\/shopatoa.com\/ro\/matrix-vopsea-permanenta-pentru-par-socolor-pre-bonded-permanent-extra-coverage-hair-color-90-ml-506nv-dark-blond-nature-violet\/","og_site_name":"SHOPATOA","article_modified_time":"2025-12-07T21:45:52+00:00","og_image":[{"width":800,"height":800,"url":"https:\/\/storage.googleapis.com\/cz-shopatoa-img\/ro\/ca94889f-unnamed-file.webp","type":"image\/webp"}],"twitter_card":"summary_large_image","schema":{"@context":"https:\/\/schema.org","@graph":[{"@type":"WebPage","@id":"https:\/\/shopatoa.com\/ro\/matrix-vopsea-permanenta-pentru-par-socolor-pre-bonded-permanent-extra-coverage-hair-color-90-ml-506nv-dark-blond-nature-violet\/","url":"https:\/\/shopatoa.com\/ro\/matrix-vopsea-permanenta-pentru-par-socolor-pre-bonded-permanent-extra-coverage-hair-color-90-ml-506nv-dark-blond-nature-violet\/","name":"Matrix Vopsea permanent\u0103 pentru p\u0103r SoColor (Pre-Bonded Permanent Extra Coverage Hair Color) 90 ml 506NV - Dark Blond Nature Violet - SHOPATOA.COM","isPartOf":{"@id":"https:\/\/shopatoa.com\/ro\/#website"},"primaryImageOfPage":{"@id":"https:\/\/shopatoa.com\/ro\/matrix-vopsea-permanenta-pentru-par-socolor-pre-bonded-permanent-extra-coverage-hair-color-90-ml-506nv-dark-blond-nature-violet\/#primaryimage"},"image":{"@id":"https:\/\/shopatoa.com\/ro\/matrix-vopsea-permanenta-pentru-par-socolor-pre-bonded-permanent-extra-coverage-hair-color-90-ml-506nv-dark-blond-nature-violet\/#primaryimage"},"thumbnailUrl":"https:\/\/storage.googleapis.com\/cz-shopatoa-img\/ro\/ca94889f-unnamed-file.webp","datePublished":"2025-04-30T04:56:02+00:00","dateModified":"2025-12-07T21:45:52+00:00","breadcrumb":{"@id":"https:\/\/shopatoa.com\/ro\/matrix-vopsea-permanenta-pentru-par-socolor-pre-bonded-permanent-extra-coverage-hair-color-90-ml-506nv-dark-blond-nature-violet\/#breadcrumb"},"inLanguage":"ro-RO","potentialAction":[{"@type":"ReadAction","target":["https:\/\/shopatoa.com\/ro\/matrix-vopsea-permanenta-pentru-par-socolor-pre-bonded-permanent-extra-coverage-hair-color-90-ml-506nv-dark-blond-nature-violet\/"]}]},{"@type":"ImageObject","inLanguage":"ro-RO","@id":"https:\/\/shopatoa.com\/ro\/matrix-vopsea-permanenta-pentru-par-socolor-pre-bonded-permanent-extra-coverage-hair-color-90-ml-506nv-dark-blond-nature-violet\/#primaryimage","url":"https:\/\/storage.googleapis.com\/cz-shopatoa-img\/ro\/ca94889f-unnamed-file.webp","contentUrl":"https:\/\/storage.googleapis.com\/cz-shopatoa-img\/ro\/ca94889f-unnamed-file.webp","width":800,"height":800},{"@type":"BreadcrumbList","@id":"https:\/\/shopatoa.com\/ro\/matrix-vopsea-permanenta-pentru-par-socolor-pre-bonded-permanent-extra-coverage-hair-color-90-ml-506nv-dark-blond-nature-violet\/#breadcrumb","itemListElement":[{"@type":"ListItem","position":1,"name":"Dom\u016f","item":"https:\/\/shopatoa.com\/ro\/"},{"@type":"ListItem","position":2,"name":"Shop","item":"https:\/\/shopatoa.com\/ro\/shop\/"},{"@type":"ListItem","position":3,"name":"Cosmetice","item":"https:\/\/shopatoa.com\/ro\/cosmetice\/"},{"@type":"ListItem","position":4,"name":"Produse cosmetice pentru p\u0103r","item":"https:\/\/shopatoa.com\/ro\/produse-cosmetice-pentru-par\/"},{"@type":"ListItem","position":5,"name":"Cosmetica pentru colorarea parului","item":"https:\/\/shopatoa.com\/ro\/cosmetica-pentru-colorarea-parului\/"},{"@type":"ListItem","position":6,"name":"Matrix Vopsea permanent\u0103 pentru p\u0103r SoColor (Pre-Bonded Permanent Extra Coverage Hair Color) 90 ml 506NV &#8211; Dark Blond Nature Violet"}]},{"@type":"WebSite","@id":"https:\/\/shopatoa.com\/ro\/#website","url":"https:\/\/shopatoa.com\/ro\/","name":"SHOPATOA","description":"","publisher":{"@id":"https:\/\/shopatoa.com\/ro\/#organization"},"potentialAction":[{"@type":"SearchAction","target":{"@type":"EntryPoint","urlTemplate":"https:\/\/shopatoa.com\/ro\/?s={search_term_string}"},"query-input":{"@type":"PropertyValueSpecification","valueRequired":true,"valueName":"search_term_string"}}],"inLanguage":"ro-RO"},{"@type":"Organization","@id":"https:\/\/shopatoa.com\/ro\/#organization","name":"SHOPATOA","url":"https:\/\/shopatoa.com\/ro\/","logo":{"@type":"ImageObject","inLanguage":"ro-RO","@id":"https:\/\/shopatoa.com\/ro\/#\/schema\/logo\/image\/","url":"https:\/\/storage.googleapis.com\/cz-shopatoa-img\/ro\/b4dac915-shopatoa_logo.png","contentUrl":"https:\/\/storage.googleapis.com\/cz-shopatoa-img\/ro\/b4dac915-shopatoa_logo.png","width":416,"height":63,"caption":"SHOPATOA"},"image":{"@id":"https:\/\/shopatoa.com\/ro\/#\/schema\/logo\/image\/"}}]}},"_links":{"self":[{"href":"https:\/\/shopatoa.com\/ro\/wp-json\/wp\/v2\/product\/277065","targetHints":{"allow":["GET"]}}],"collection":[{"href":"https:\/\/shopatoa.com\/ro\/wp-json\/wp\/v2\/product"}],"about":[{"href":"https:\/\/shopatoa.com\/ro\/wp-json\/wp\/v2\/types\/product"}],"replies":[{"embeddable":true,"href":"https:\/\/shopatoa.com\/ro\/wp-json\/wp\/v2\/comments?post=277065"}],"wp:featuredmedia":[{"embeddable":true,"href":"https:\/\/shopatoa.com\/ro\/wp-json\/wp\/v2\/media\/277066"}],"wp:attachment":[{"href":"https:\/\/shopatoa.com\/ro\/wp-json\/wp\/v2\/media?parent=277065"}],"wp:term":[{"taxonomy":"product_brand","embeddable":true,"href":"https:\/\/shopatoa.com\/ro\/wp-json\/wp\/v2\/product_brand?post=277065"},{"taxonomy":"product_cat","embeddable":true,"href":"https:\/\/shopatoa.com\/ro\/wp-json\/wp\/v2\/product_cat?post=277065"},{"taxonomy":"product_tag","embeddable":true,"href":"https:\/\/shopatoa.com\/ro\/wp-json\/wp\/v2\/product_tag?post=277065"}],"curies":[{"name":"wp","href":"https:\/\/api.w.org\/{rel}","templated":true}]}}