{"id":277067,"date":"2025-04-30T06:56:13","date_gmt":"2025-04-30T04:56:13","guid":{"rendered":"https:\/\/shopatoa.com\/ro\/clarins-ser-dublu-anti-imbatranire-double-serum-complete-age-defying-concentrate-100-ml\/"},"modified":"2025-12-14T22:55:27","modified_gmt":"2025-12-14T21:55:27","slug":"clarins-ser-dublu-anti-imbatranire-double-serum-complete-age-defying-concentrate-100-ml","status":"publish","type":"product","link":"https:\/\/shopatoa.com\/ro\/clarins-ser-dublu-anti-imbatranire-double-serum-complete-age-defying-concentrate-100-ml\/","title":{"rendered":"Clarins Ser dublu anti-\u00eemb\u0103tr\u00e2nire (Double Serum Complete Age Defying Concentrate) 100 ml"},"content":{"rendered":"<p>Double Serum vizeaz\u0103 semnele de \u00eemb\u0103tr\u00e2nire a pielii care sunt asociate cu procesul natural de \u00eemb\u0103tr\u00e2nire, dar \u0219i cele cauzate de stilul de via\u021b\u0103 \u0219i influen\u021bele mediului. Formula unic\u0103 dual\u0103 combin\u0103 22 de extracte de plante puternice, inclusiv extractul emblematic de turmeric, cu 5 noi molecule active pure care stimuleaz\u0103 5 func\u021bii vitale ale pielii: regenerare, nutri\u021bie, oxigenare, hidratare \u0219i protec\u021bie. Compozi\u021bia const\u0103 din 95% ingrediente naturale.<\/p>\n","protected":false},"excerpt":{"rendered":"<p>Double Serum vizeaz\u0103 semnele de \u00eemb\u0103tr\u00e2nire a pielii care sunt asociate cu procesul natural de \u00eemb\u0103tr\u00e2nire, dar \u0219i cele cauzate de stilul de via\u021b\u0103 \u0219i influen\u021bele mediului. Formula unic\u0103 dual\u0103 combin\u0103 22 de extracte de plante puternice, inclusiv extractul emblematic de turmeric, cu 5 noi molecule active pure care stimuleaz\u0103 5 func\u021bii vitale ale pielii:&#8230;<\/p>\n","protected":false},"featured_media":277068,"comment_status":"closed","ping_status":"open","template":"","meta":{"_acf_changed":false,"_kadence_starter_templates_imported_post":false,"_kad_post_transparent":"","_kad_post_title":"","_kad_post_layout":"","_kad_post_sidebar_id":"","_kad_post_content_style":"","_kad_post_vertical_padding":"","_kad_post_feature":"","_kad_post_feature_position":"","_kad_post_header":false,"_kad_post_footer":false,"_kad_post_classname":""},"product_brand":[120],"product_cat":[246,634,633,665],"product_tag":[],"class_list":{"0":"post-277067","1":"product","2":"type-product","3":"status-publish","4":"has-post-thumbnail","6":"product_brand-clarins","7":"product_cat-cosmetice","8":"product_cat-produse-cosmetice-de-ingrijire-a-pielii","9":"product_cat-produse-cosmetice-pentru-piele","10":"product_cat-produse-cosmetice-pentru-riduri-si-anti-imbatranire","12":"first","13":"instock","14":"sale","15":"product-type-external","16":"entry","17":"content-bg","18":"loop-entry"},"acf":[],"yoast_head":"<!-- This site is optimized with the Yoast SEO plugin v27.3 - https:\/\/yoast.com\/product\/yoast-seo-wordpress\/ -->\n<title>Clarins Ser dublu anti-\u00eemb\u0103tr\u00e2nire (Double Serum Complete Age Defying Concentrate) 100 ml - SHOPATOA.COM<\/title>\n<meta name=\"robots\" content=\"index, follow, max-snippet:-1, max-image-preview:large, max-video-preview:-1\" \/>\n<link rel=\"canonical\" href=\"https:\/\/shopatoa.com\/ro\/clarins-ser-dublu-anti-imbatranire-double-serum-complete-age-defying-concentrate-100-ml\/\" \/>\n<meta property=\"og:locale\" content=\"ro_RO\" \/>\n<meta property=\"og:type\" content=\"article\" \/>\n<meta property=\"og:title\" content=\"Clarins Ser dublu anti-\u00eemb\u0103tr\u00e2nire (Double Serum Complete Age Defying Concentrate) 100 ml - SHOPATOA.COM\" \/>\n<meta property=\"og:description\" content=\"Double Serum vizeaz\u0103 semnele de \u00eemb\u0103tr\u00e2nire a pielii care sunt asociate cu procesul natural de \u00eemb\u0103tr\u00e2nire, dar \u0219i cele cauzate de stilul de via\u021b\u0103 \u0219i influen\u021bele mediului. Formula unic\u0103 dual\u0103 combin\u0103 22 de extracte de plante puternice, inclusiv extractul emblematic de turmeric, cu 5 noi molecule active pure care stimuleaz\u0103 5 func\u021bii vitale ale pielii:...\" \/>\n<meta property=\"og:url\" content=\"https:\/\/shopatoa.com\/ro\/clarins-ser-dublu-anti-imbatranire-double-serum-complete-age-defying-concentrate-100-ml\/\" \/>\n<meta property=\"og:site_name\" content=\"SHOPATOA\" \/>\n<meta property=\"article:modified_time\" content=\"2025-12-14T21:55:27+00:00\" \/>\n<meta property=\"og:image\" content=\"https:\/\/storage.googleapis.com\/cz-shopatoa-img\/ro\/f82e03da-unnamed-file.webp\" \/>\n\t<meta property=\"og:image:width\" content=\"800\" \/>\n\t<meta property=\"og:image:height\" content=\"800\" \/>\n\t<meta property=\"og:image:type\" content=\"image\/webp\" \/>\n<meta name=\"twitter:card\" content=\"summary_large_image\" \/>\n<script type=\"application\/ld+json\" class=\"yoast-schema-graph\">{\"@context\":\"https:\\\/\\\/schema.org\",\"@graph\":[{\"@type\":\"WebPage\",\"@id\":\"https:\\\/\\\/shopatoa.com\\\/ro\\\/clarins-ser-dublu-anti-imbatranire-double-serum-complete-age-defying-concentrate-100-ml\\\/\",\"url\":\"https:\\\/\\\/shopatoa.com\\\/ro\\\/clarins-ser-dublu-anti-imbatranire-double-serum-complete-age-defying-concentrate-100-ml\\\/\",\"name\":\"Clarins Ser dublu anti-\u00eemb\u0103tr\u00e2nire (Double Serum Complete Age Defying Concentrate) 100 ml - SHOPATOA.COM\",\"isPartOf\":{\"@id\":\"https:\\\/\\\/shopatoa.com\\\/ro\\\/#website\"},\"primaryImageOfPage\":{\"@id\":\"https:\\\/\\\/shopatoa.com\\\/ro\\\/clarins-ser-dublu-anti-imbatranire-double-serum-complete-age-defying-concentrate-100-ml\\\/#primaryimage\"},\"image\":{\"@id\":\"https:\\\/\\\/shopatoa.com\\\/ro\\\/clarins-ser-dublu-anti-imbatranire-double-serum-complete-age-defying-concentrate-100-ml\\\/#primaryimage\"},\"thumbnailUrl\":\"https:\\\/\\\/storage.googleapis.com\\\/cz-shopatoa-img\\\/ro\\\/f82e03da-unnamed-file.webp\",\"datePublished\":\"2025-04-30T04:56:13+00:00\",\"dateModified\":\"2025-12-14T21:55:27+00:00\",\"breadcrumb\":{\"@id\":\"https:\\\/\\\/shopatoa.com\\\/ro\\\/clarins-ser-dublu-anti-imbatranire-double-serum-complete-age-defying-concentrate-100-ml\\\/#breadcrumb\"},\"inLanguage\":\"ro-RO\",\"potentialAction\":[{\"@type\":\"ReadAction\",\"target\":[\"https:\\\/\\\/shopatoa.com\\\/ro\\\/clarins-ser-dublu-anti-imbatranire-double-serum-complete-age-defying-concentrate-100-ml\\\/\"]}]},{\"@type\":\"ImageObject\",\"inLanguage\":\"ro-RO\",\"@id\":\"https:\\\/\\\/shopatoa.com\\\/ro\\\/clarins-ser-dublu-anti-imbatranire-double-serum-complete-age-defying-concentrate-100-ml\\\/#primaryimage\",\"url\":\"https:\\\/\\\/storage.googleapis.com\\\/cz-shopatoa-img\\\/ro\\\/f82e03da-unnamed-file.webp\",\"contentUrl\":\"https:\\\/\\\/storage.googleapis.com\\\/cz-shopatoa-img\\\/ro\\\/f82e03da-unnamed-file.webp\",\"width\":800,\"height\":800},{\"@type\":\"BreadcrumbList\",\"@id\":\"https:\\\/\\\/shopatoa.com\\\/ro\\\/clarins-ser-dublu-anti-imbatranire-double-serum-complete-age-defying-concentrate-100-ml\\\/#breadcrumb\",\"itemListElement\":[{\"@type\":\"ListItem\",\"position\":1,\"name\":\"Dom\u016f\",\"item\":\"https:\\\/\\\/shopatoa.com\\\/ro\\\/\"},{\"@type\":\"ListItem\",\"position\":2,\"name\":\"Shop\",\"item\":\"https:\\\/\\\/shopatoa.com\\\/ro\\\/shop\\\/\"},{\"@type\":\"ListItem\",\"position\":3,\"name\":\"Cosmetice\",\"item\":\"https:\\\/\\\/shopatoa.com\\\/ro\\\/cosmetice\\\/\"},{\"@type\":\"ListItem\",\"position\":4,\"name\":\"Produse cosmetice pentru piele\",\"item\":\"https:\\\/\\\/shopatoa.com\\\/ro\\\/produse-cosmetice-pentru-piele\\\/\"},{\"@type\":\"ListItem\",\"position\":5,\"name\":\"Produse cosmetice de \u00eengrijire a pielii\",\"item\":\"https:\\\/\\\/shopatoa.com\\\/ro\\\/produse-cosmetice-de-ingrijire-a-pielii\\\/\"},{\"@type\":\"ListItem\",\"position\":6,\"name\":\"Produse cosmetice pentru riduri \u0219i anti-\u00eemb\u0103tr\u00e2nire\",\"item\":\"https:\\\/\\\/shopatoa.com\\\/ro\\\/produse-cosmetice-pentru-riduri-si-anti-imbatranire\\\/\"},{\"@type\":\"ListItem\",\"position\":7,\"name\":\"Clarins Ser dublu anti-\u00eemb\u0103tr\u00e2nire (Double Serum Complete Age Defying Concentrate) 100 ml\"}]},{\"@type\":\"WebSite\",\"@id\":\"https:\\\/\\\/shopatoa.com\\\/ro\\\/#website\",\"url\":\"https:\\\/\\\/shopatoa.com\\\/ro\\\/\",\"name\":\"SHOPATOA\",\"description\":\"\",\"publisher\":{\"@id\":\"https:\\\/\\\/shopatoa.com\\\/ro\\\/#organization\"},\"potentialAction\":[{\"@type\":\"SearchAction\",\"target\":{\"@type\":\"EntryPoint\",\"urlTemplate\":\"https:\\\/\\\/shopatoa.com\\\/ro\\\/?s={search_term_string}\"},\"query-input\":{\"@type\":\"PropertyValueSpecification\",\"valueRequired\":true,\"valueName\":\"search_term_string\"}}],\"inLanguage\":\"ro-RO\"},{\"@type\":\"Organization\",\"@id\":\"https:\\\/\\\/shopatoa.com\\\/ro\\\/#organization\",\"name\":\"SHOPATOA\",\"url\":\"https:\\\/\\\/shopatoa.com\\\/ro\\\/\",\"logo\":{\"@type\":\"ImageObject\",\"inLanguage\":\"ro-RO\",\"@id\":\"https:\\\/\\\/shopatoa.com\\\/ro\\\/#\\\/schema\\\/logo\\\/image\\\/\",\"url\":\"https:\\\/\\\/storage.googleapis.com\\\/cz-shopatoa-img\\\/ro\\\/b4dac915-shopatoa_logo.png\",\"contentUrl\":\"https:\\\/\\\/storage.googleapis.com\\\/cz-shopatoa-img\\\/ro\\\/b4dac915-shopatoa_logo.png\",\"width\":416,\"height\":63,\"caption\":\"SHOPATOA\"},\"image\":{\"@id\":\"https:\\\/\\\/shopatoa.com\\\/ro\\\/#\\\/schema\\\/logo\\\/image\\\/\"}}]}<\/script>\n<!-- \/ Yoast SEO plugin. -->","yoast_head_json":{"title":"Clarins Ser dublu anti-\u00eemb\u0103tr\u00e2nire (Double Serum Complete Age Defying Concentrate) 100 ml - SHOPATOA.COM","robots":{"index":"index","follow":"follow","max-snippet":"max-snippet:-1","max-image-preview":"max-image-preview:large","max-video-preview":"max-video-preview:-1"},"canonical":"https:\/\/shopatoa.com\/ro\/clarins-ser-dublu-anti-imbatranire-double-serum-complete-age-defying-concentrate-100-ml\/","og_locale":"ro_RO","og_type":"article","og_title":"Clarins Ser dublu anti-\u00eemb\u0103tr\u00e2nire (Double Serum Complete Age Defying Concentrate) 100 ml - SHOPATOA.COM","og_description":"Double Serum vizeaz\u0103 semnele de \u00eemb\u0103tr\u00e2nire a pielii care sunt asociate cu procesul natural de \u00eemb\u0103tr\u00e2nire, dar \u0219i cele cauzate de stilul de via\u021b\u0103 \u0219i influen\u021bele mediului. Formula unic\u0103 dual\u0103 combin\u0103 22 de extracte de plante puternice, inclusiv extractul emblematic de turmeric, cu 5 noi molecule active pure care stimuleaz\u0103 5 func\u021bii vitale ale pielii:...","og_url":"https:\/\/shopatoa.com\/ro\/clarins-ser-dublu-anti-imbatranire-double-serum-complete-age-defying-concentrate-100-ml\/","og_site_name":"SHOPATOA","article_modified_time":"2025-12-14T21:55:27+00:00","og_image":[{"width":800,"height":800,"url":"https:\/\/storage.googleapis.com\/cz-shopatoa-img\/ro\/f82e03da-unnamed-file.webp","type":"image\/webp"}],"twitter_card":"summary_large_image","schema":{"@context":"https:\/\/schema.org","@graph":[{"@type":"WebPage","@id":"https:\/\/shopatoa.com\/ro\/clarins-ser-dublu-anti-imbatranire-double-serum-complete-age-defying-concentrate-100-ml\/","url":"https:\/\/shopatoa.com\/ro\/clarins-ser-dublu-anti-imbatranire-double-serum-complete-age-defying-concentrate-100-ml\/","name":"Clarins Ser dublu anti-\u00eemb\u0103tr\u00e2nire (Double Serum Complete Age Defying Concentrate) 100 ml - SHOPATOA.COM","isPartOf":{"@id":"https:\/\/shopatoa.com\/ro\/#website"},"primaryImageOfPage":{"@id":"https:\/\/shopatoa.com\/ro\/clarins-ser-dublu-anti-imbatranire-double-serum-complete-age-defying-concentrate-100-ml\/#primaryimage"},"image":{"@id":"https:\/\/shopatoa.com\/ro\/clarins-ser-dublu-anti-imbatranire-double-serum-complete-age-defying-concentrate-100-ml\/#primaryimage"},"thumbnailUrl":"https:\/\/storage.googleapis.com\/cz-shopatoa-img\/ro\/f82e03da-unnamed-file.webp","datePublished":"2025-04-30T04:56:13+00:00","dateModified":"2025-12-14T21:55:27+00:00","breadcrumb":{"@id":"https:\/\/shopatoa.com\/ro\/clarins-ser-dublu-anti-imbatranire-double-serum-complete-age-defying-concentrate-100-ml\/#breadcrumb"},"inLanguage":"ro-RO","potentialAction":[{"@type":"ReadAction","target":["https:\/\/shopatoa.com\/ro\/clarins-ser-dublu-anti-imbatranire-double-serum-complete-age-defying-concentrate-100-ml\/"]}]},{"@type":"ImageObject","inLanguage":"ro-RO","@id":"https:\/\/shopatoa.com\/ro\/clarins-ser-dublu-anti-imbatranire-double-serum-complete-age-defying-concentrate-100-ml\/#primaryimage","url":"https:\/\/storage.googleapis.com\/cz-shopatoa-img\/ro\/f82e03da-unnamed-file.webp","contentUrl":"https:\/\/storage.googleapis.com\/cz-shopatoa-img\/ro\/f82e03da-unnamed-file.webp","width":800,"height":800},{"@type":"BreadcrumbList","@id":"https:\/\/shopatoa.com\/ro\/clarins-ser-dublu-anti-imbatranire-double-serum-complete-age-defying-concentrate-100-ml\/#breadcrumb","itemListElement":[{"@type":"ListItem","position":1,"name":"Dom\u016f","item":"https:\/\/shopatoa.com\/ro\/"},{"@type":"ListItem","position":2,"name":"Shop","item":"https:\/\/shopatoa.com\/ro\/shop\/"},{"@type":"ListItem","position":3,"name":"Cosmetice","item":"https:\/\/shopatoa.com\/ro\/cosmetice\/"},{"@type":"ListItem","position":4,"name":"Produse cosmetice pentru piele","item":"https:\/\/shopatoa.com\/ro\/produse-cosmetice-pentru-piele\/"},{"@type":"ListItem","position":5,"name":"Produse cosmetice de \u00eengrijire a pielii","item":"https:\/\/shopatoa.com\/ro\/produse-cosmetice-de-ingrijire-a-pielii\/"},{"@type":"ListItem","position":6,"name":"Produse cosmetice pentru riduri \u0219i anti-\u00eemb\u0103tr\u00e2nire","item":"https:\/\/shopatoa.com\/ro\/produse-cosmetice-pentru-riduri-si-anti-imbatranire\/"},{"@type":"ListItem","position":7,"name":"Clarins Ser dublu anti-\u00eemb\u0103tr\u00e2nire (Double Serum Complete Age Defying Concentrate) 100 ml"}]},{"@type":"WebSite","@id":"https:\/\/shopatoa.com\/ro\/#website","url":"https:\/\/shopatoa.com\/ro\/","name":"SHOPATOA","description":"","publisher":{"@id":"https:\/\/shopatoa.com\/ro\/#organization"},"potentialAction":[{"@type":"SearchAction","target":{"@type":"EntryPoint","urlTemplate":"https:\/\/shopatoa.com\/ro\/?s={search_term_string}"},"query-input":{"@type":"PropertyValueSpecification","valueRequired":true,"valueName":"search_term_string"}}],"inLanguage":"ro-RO"},{"@type":"Organization","@id":"https:\/\/shopatoa.com\/ro\/#organization","name":"SHOPATOA","url":"https:\/\/shopatoa.com\/ro\/","logo":{"@type":"ImageObject","inLanguage":"ro-RO","@id":"https:\/\/shopatoa.com\/ro\/#\/schema\/logo\/image\/","url":"https:\/\/storage.googleapis.com\/cz-shopatoa-img\/ro\/b4dac915-shopatoa_logo.png","contentUrl":"https:\/\/storage.googleapis.com\/cz-shopatoa-img\/ro\/b4dac915-shopatoa_logo.png","width":416,"height":63,"caption":"SHOPATOA"},"image":{"@id":"https:\/\/shopatoa.com\/ro\/#\/schema\/logo\/image\/"}}]}},"_links":{"self":[{"href":"https:\/\/shopatoa.com\/ro\/wp-json\/wp\/v2\/product\/277067","targetHints":{"allow":["GET"]}}],"collection":[{"href":"https:\/\/shopatoa.com\/ro\/wp-json\/wp\/v2\/product"}],"about":[{"href":"https:\/\/shopatoa.com\/ro\/wp-json\/wp\/v2\/types\/product"}],"replies":[{"embeddable":true,"href":"https:\/\/shopatoa.com\/ro\/wp-json\/wp\/v2\/comments?post=277067"}],"wp:featuredmedia":[{"embeddable":true,"href":"https:\/\/shopatoa.com\/ro\/wp-json\/wp\/v2\/media\/277068"}],"wp:attachment":[{"href":"https:\/\/shopatoa.com\/ro\/wp-json\/wp\/v2\/media?parent=277067"}],"wp:term":[{"taxonomy":"product_brand","embeddable":true,"href":"https:\/\/shopatoa.com\/ro\/wp-json\/wp\/v2\/product_brand?post=277067"},{"taxonomy":"product_cat","embeddable":true,"href":"https:\/\/shopatoa.com\/ro\/wp-json\/wp\/v2\/product_cat?post=277067"},{"taxonomy":"product_tag","embeddable":true,"href":"https:\/\/shopatoa.com\/ro\/wp-json\/wp\/v2\/product_tag?post=277067"}],"curies":[{"name":"wp","href":"https:\/\/api.w.org\/{rel}","templated":true}]}}