{"id":277368,"date":"2025-04-30T07:56:46","date_gmt":"2025-04-30T05:56:46","guid":{"rendered":"https:\/\/shopatoa.com\/ro\/di-angelo-cosmetics-crema-anti-imbatranire-revolutionara-intense-retinal-cream-30-ml\/"},"modified":"2025-12-14T19:52:29","modified_gmt":"2025-12-14T18:52:29","slug":"di-angelo-cosmetics-crema-anti-imbatranire-revolutionara-intense-retinal-cream-30-ml","status":"publish","type":"product","link":"https:\/\/shopatoa.com\/ro\/di-angelo-cosmetics-crema-anti-imbatranire-revolutionara-intense-retinal-cream-30-ml\/","title":{"rendered":"di ANGELO cosmetics Crem\u0103 anti-\u00eemb\u0103tr\u00e2nire revolu\u021bionar\u0103 Intense (Retinal Cream) 30 ml"},"content":{"rendered":"<p>Crem\u0103 anti-\u00eemb\u0103tr\u00e2nire revolu\u021bionar\u0103, care aduce o adev\u0103rat\u0103 \u00eentinerire pielii. Aceast\u0103 crem\u0103 unic\u0103 \u00eempotriva ridurilor con\u021bine retinal, o form\u0103 activ\u0103 de vitamina A care este de p\u00e2n\u0103 la 11 ori mai eficient\u0103 dec\u00e2t retinolul obi\u0219nuit. Combin\u0103 toate ingredientele cheie anti-\u00eemb\u0103tr\u00e2nire \u00eentr-un singur produs \u0219i ofer\u0103 un efect maxim \u00een reducerea ridurilor, \u00eent\u0103rirea pielii \u0219i \u00eembun\u0103t\u0103\u021birea texturii acesteia. Crema confer\u0103 pielii un aspect tineresc, elasticitate \u0219i str\u0103lucire s\u0103n\u0103toas\u0103.<\/p>\n","protected":false},"excerpt":{"rendered":"<p>Crem\u0103 anti-\u00eemb\u0103tr\u00e2nire revolu\u021bionar\u0103, care aduce o adev\u0103rat\u0103 \u00eentinerire pielii. Aceast\u0103 crem\u0103 unic\u0103 \u00eempotriva ridurilor con\u021bine retinal, o form\u0103 activ\u0103 de vitamina A care este de p\u00e2n\u0103 la 11 ori mai eficient\u0103 dec\u00e2t retinolul obi\u0219nuit. Combin\u0103 toate ingredientele cheie anti-\u00eemb\u0103tr\u00e2nire \u00eentr-un singur produs \u0219i ofer\u0103 un efect maxim \u00een reducerea ridurilor, \u00eent\u0103rirea pielii \u0219i \u00eembun\u0103t\u0103\u021birea texturii&#8230;<\/p>\n","protected":false},"featured_media":277369,"comment_status":"closed","ping_status":"open","template":"","meta":{"_acf_changed":false,"_kadence_starter_templates_imported_post":false,"_kad_post_transparent":"","_kad_post_title":"","_kad_post_layout":"","_kad_post_sidebar_id":"","_kad_post_content_style":"","_kad_post_vertical_padding":"","_kad_post_feature":"","_kad_post_feature_position":"","_kad_post_header":false,"_kad_post_footer":false,"_kad_post_classname":""},"product_brand":[383],"product_cat":[246,634,633,665],"product_tag":[],"class_list":{"0":"post-277368","1":"product","2":"type-product","3":"status-publish","4":"has-post-thumbnail","6":"product_brand-di-angelo-cosmetics","7":"product_cat-cosmetice","8":"product_cat-produse-cosmetice-de-ingrijire-a-pielii","9":"product_cat-produse-cosmetice-pentru-piele","10":"product_cat-produse-cosmetice-pentru-riduri-si-anti-imbatranire","12":"first","13":"instock","14":"product-type-external","15":"entry","16":"content-bg","17":"loop-entry"},"acf":[],"yoast_head":"<!-- This site is optimized with the Yoast SEO plugin v27.3 - https:\/\/yoast.com\/product\/yoast-seo-wordpress\/ -->\n<title>di ANGELO cosmetics Crem\u0103 anti-\u00eemb\u0103tr\u00e2nire revolu\u021bionar\u0103 Intense (Retinal Cream) 30 ml - SHOPATOA.COM<\/title>\n<meta name=\"robots\" content=\"index, follow, max-snippet:-1, max-image-preview:large, max-video-preview:-1\" \/>\n<link rel=\"canonical\" href=\"https:\/\/shopatoa.com\/ro\/di-angelo-cosmetics-crema-anti-imbatranire-revolutionara-intense-retinal-cream-30-ml\/\" \/>\n<meta property=\"og:locale\" content=\"ro_RO\" \/>\n<meta property=\"og:type\" content=\"article\" \/>\n<meta property=\"og:title\" content=\"di ANGELO cosmetics Crem\u0103 anti-\u00eemb\u0103tr\u00e2nire revolu\u021bionar\u0103 Intense (Retinal Cream) 30 ml - SHOPATOA.COM\" \/>\n<meta property=\"og:description\" content=\"Crem\u0103 anti-\u00eemb\u0103tr\u00e2nire revolu\u021bionar\u0103, care aduce o adev\u0103rat\u0103 \u00eentinerire pielii. Aceast\u0103 crem\u0103 unic\u0103 \u00eempotriva ridurilor con\u021bine retinal, o form\u0103 activ\u0103 de vitamina A care este de p\u00e2n\u0103 la 11 ori mai eficient\u0103 dec\u00e2t retinolul obi\u0219nuit. Combin\u0103 toate ingredientele cheie anti-\u00eemb\u0103tr\u00e2nire \u00eentr-un singur produs \u0219i ofer\u0103 un efect maxim \u00een reducerea ridurilor, \u00eent\u0103rirea pielii \u0219i \u00eembun\u0103t\u0103\u021birea texturii...\" \/>\n<meta property=\"og:url\" content=\"https:\/\/shopatoa.com\/ro\/di-angelo-cosmetics-crema-anti-imbatranire-revolutionara-intense-retinal-cream-30-ml\/\" \/>\n<meta property=\"og:site_name\" content=\"SHOPATOA\" \/>\n<meta property=\"article:modified_time\" content=\"2025-12-14T18:52:29+00:00\" \/>\n<meta property=\"og:image\" content=\"https:\/\/storage.googleapis.com\/cz-shopatoa-img\/ro\/43259627-unnamed-file.webp\" \/>\n\t<meta property=\"og:image:width\" content=\"800\" \/>\n\t<meta property=\"og:image:height\" content=\"800\" \/>\n\t<meta property=\"og:image:type\" content=\"image\/webp\" \/>\n<meta name=\"twitter:card\" content=\"summary_large_image\" \/>\n<script type=\"application\/ld+json\" class=\"yoast-schema-graph\">{\"@context\":\"https:\\\/\\\/schema.org\",\"@graph\":[{\"@type\":\"WebPage\",\"@id\":\"https:\\\/\\\/shopatoa.com\\\/ro\\\/di-angelo-cosmetics-crema-anti-imbatranire-revolutionara-intense-retinal-cream-30-ml\\\/\",\"url\":\"https:\\\/\\\/shopatoa.com\\\/ro\\\/di-angelo-cosmetics-crema-anti-imbatranire-revolutionara-intense-retinal-cream-30-ml\\\/\",\"name\":\"di ANGELO cosmetics Crem\u0103 anti-\u00eemb\u0103tr\u00e2nire revolu\u021bionar\u0103 Intense (Retinal Cream) 30 ml - SHOPATOA.COM\",\"isPartOf\":{\"@id\":\"https:\\\/\\\/shopatoa.com\\\/ro\\\/#website\"},\"primaryImageOfPage\":{\"@id\":\"https:\\\/\\\/shopatoa.com\\\/ro\\\/di-angelo-cosmetics-crema-anti-imbatranire-revolutionara-intense-retinal-cream-30-ml\\\/#primaryimage\"},\"image\":{\"@id\":\"https:\\\/\\\/shopatoa.com\\\/ro\\\/di-angelo-cosmetics-crema-anti-imbatranire-revolutionara-intense-retinal-cream-30-ml\\\/#primaryimage\"},\"thumbnailUrl\":\"https:\\\/\\\/storage.googleapis.com\\\/cz-shopatoa-img\\\/ro\\\/43259627-unnamed-file.webp\",\"datePublished\":\"2025-04-30T05:56:46+00:00\",\"dateModified\":\"2025-12-14T18:52:29+00:00\",\"breadcrumb\":{\"@id\":\"https:\\\/\\\/shopatoa.com\\\/ro\\\/di-angelo-cosmetics-crema-anti-imbatranire-revolutionara-intense-retinal-cream-30-ml\\\/#breadcrumb\"},\"inLanguage\":\"ro-RO\",\"potentialAction\":[{\"@type\":\"ReadAction\",\"target\":[\"https:\\\/\\\/shopatoa.com\\\/ro\\\/di-angelo-cosmetics-crema-anti-imbatranire-revolutionara-intense-retinal-cream-30-ml\\\/\"]}]},{\"@type\":\"ImageObject\",\"inLanguage\":\"ro-RO\",\"@id\":\"https:\\\/\\\/shopatoa.com\\\/ro\\\/di-angelo-cosmetics-crema-anti-imbatranire-revolutionara-intense-retinal-cream-30-ml\\\/#primaryimage\",\"url\":\"https:\\\/\\\/storage.googleapis.com\\\/cz-shopatoa-img\\\/ro\\\/43259627-unnamed-file.webp\",\"contentUrl\":\"https:\\\/\\\/storage.googleapis.com\\\/cz-shopatoa-img\\\/ro\\\/43259627-unnamed-file.webp\",\"width\":800,\"height\":800},{\"@type\":\"BreadcrumbList\",\"@id\":\"https:\\\/\\\/shopatoa.com\\\/ro\\\/di-angelo-cosmetics-crema-anti-imbatranire-revolutionara-intense-retinal-cream-30-ml\\\/#breadcrumb\",\"itemListElement\":[{\"@type\":\"ListItem\",\"position\":1,\"name\":\"Dom\u016f\",\"item\":\"https:\\\/\\\/shopatoa.com\\\/ro\\\/\"},{\"@type\":\"ListItem\",\"position\":2,\"name\":\"Shop\",\"item\":\"https:\\\/\\\/shopatoa.com\\\/ro\\\/shop\\\/\"},{\"@type\":\"ListItem\",\"position\":3,\"name\":\"Cosmetice\",\"item\":\"https:\\\/\\\/shopatoa.com\\\/ro\\\/cosmetice\\\/\"},{\"@type\":\"ListItem\",\"position\":4,\"name\":\"Produse cosmetice pentru piele\",\"item\":\"https:\\\/\\\/shopatoa.com\\\/ro\\\/produse-cosmetice-pentru-piele\\\/\"},{\"@type\":\"ListItem\",\"position\":5,\"name\":\"Produse cosmetice de \u00eengrijire a pielii\",\"item\":\"https:\\\/\\\/shopatoa.com\\\/ro\\\/produse-cosmetice-de-ingrijire-a-pielii\\\/\"},{\"@type\":\"ListItem\",\"position\":6,\"name\":\"Produse cosmetice pentru riduri \u0219i anti-\u00eemb\u0103tr\u00e2nire\",\"item\":\"https:\\\/\\\/shopatoa.com\\\/ro\\\/produse-cosmetice-pentru-riduri-si-anti-imbatranire\\\/\"},{\"@type\":\"ListItem\",\"position\":7,\"name\":\"di ANGELO cosmetics Crem\u0103 anti-\u00eemb\u0103tr\u00e2nire revolu\u021bionar\u0103 Intense (Retinal Cream) 30 ml\"}]},{\"@type\":\"WebSite\",\"@id\":\"https:\\\/\\\/shopatoa.com\\\/ro\\\/#website\",\"url\":\"https:\\\/\\\/shopatoa.com\\\/ro\\\/\",\"name\":\"SHOPATOA\",\"description\":\"\",\"publisher\":{\"@id\":\"https:\\\/\\\/shopatoa.com\\\/ro\\\/#organization\"},\"potentialAction\":[{\"@type\":\"SearchAction\",\"target\":{\"@type\":\"EntryPoint\",\"urlTemplate\":\"https:\\\/\\\/shopatoa.com\\\/ro\\\/?s={search_term_string}\"},\"query-input\":{\"@type\":\"PropertyValueSpecification\",\"valueRequired\":true,\"valueName\":\"search_term_string\"}}],\"inLanguage\":\"ro-RO\"},{\"@type\":\"Organization\",\"@id\":\"https:\\\/\\\/shopatoa.com\\\/ro\\\/#organization\",\"name\":\"SHOPATOA\",\"url\":\"https:\\\/\\\/shopatoa.com\\\/ro\\\/\",\"logo\":{\"@type\":\"ImageObject\",\"inLanguage\":\"ro-RO\",\"@id\":\"https:\\\/\\\/shopatoa.com\\\/ro\\\/#\\\/schema\\\/logo\\\/image\\\/\",\"url\":\"https:\\\/\\\/storage.googleapis.com\\\/cz-shopatoa-img\\\/ro\\\/b4dac915-shopatoa_logo.png\",\"contentUrl\":\"https:\\\/\\\/storage.googleapis.com\\\/cz-shopatoa-img\\\/ro\\\/b4dac915-shopatoa_logo.png\",\"width\":416,\"height\":63,\"caption\":\"SHOPATOA\"},\"image\":{\"@id\":\"https:\\\/\\\/shopatoa.com\\\/ro\\\/#\\\/schema\\\/logo\\\/image\\\/\"}}]}<\/script>\n<!-- \/ Yoast SEO plugin. -->","yoast_head_json":{"title":"di ANGELO cosmetics Crem\u0103 anti-\u00eemb\u0103tr\u00e2nire revolu\u021bionar\u0103 Intense (Retinal Cream) 30 ml - SHOPATOA.COM","robots":{"index":"index","follow":"follow","max-snippet":"max-snippet:-1","max-image-preview":"max-image-preview:large","max-video-preview":"max-video-preview:-1"},"canonical":"https:\/\/shopatoa.com\/ro\/di-angelo-cosmetics-crema-anti-imbatranire-revolutionara-intense-retinal-cream-30-ml\/","og_locale":"ro_RO","og_type":"article","og_title":"di ANGELO cosmetics Crem\u0103 anti-\u00eemb\u0103tr\u00e2nire revolu\u021bionar\u0103 Intense (Retinal Cream) 30 ml - SHOPATOA.COM","og_description":"Crem\u0103 anti-\u00eemb\u0103tr\u00e2nire revolu\u021bionar\u0103, care aduce o adev\u0103rat\u0103 \u00eentinerire pielii. Aceast\u0103 crem\u0103 unic\u0103 \u00eempotriva ridurilor con\u021bine retinal, o form\u0103 activ\u0103 de vitamina A care este de p\u00e2n\u0103 la 11 ori mai eficient\u0103 dec\u00e2t retinolul obi\u0219nuit. Combin\u0103 toate ingredientele cheie anti-\u00eemb\u0103tr\u00e2nire \u00eentr-un singur produs \u0219i ofer\u0103 un efect maxim \u00een reducerea ridurilor, \u00eent\u0103rirea pielii \u0219i \u00eembun\u0103t\u0103\u021birea texturii...","og_url":"https:\/\/shopatoa.com\/ro\/di-angelo-cosmetics-crema-anti-imbatranire-revolutionara-intense-retinal-cream-30-ml\/","og_site_name":"SHOPATOA","article_modified_time":"2025-12-14T18:52:29+00:00","og_image":[{"width":800,"height":800,"url":"https:\/\/storage.googleapis.com\/cz-shopatoa-img\/ro\/43259627-unnamed-file.webp","type":"image\/webp"}],"twitter_card":"summary_large_image","schema":{"@context":"https:\/\/schema.org","@graph":[{"@type":"WebPage","@id":"https:\/\/shopatoa.com\/ro\/di-angelo-cosmetics-crema-anti-imbatranire-revolutionara-intense-retinal-cream-30-ml\/","url":"https:\/\/shopatoa.com\/ro\/di-angelo-cosmetics-crema-anti-imbatranire-revolutionara-intense-retinal-cream-30-ml\/","name":"di ANGELO cosmetics Crem\u0103 anti-\u00eemb\u0103tr\u00e2nire revolu\u021bionar\u0103 Intense (Retinal Cream) 30 ml - SHOPATOA.COM","isPartOf":{"@id":"https:\/\/shopatoa.com\/ro\/#website"},"primaryImageOfPage":{"@id":"https:\/\/shopatoa.com\/ro\/di-angelo-cosmetics-crema-anti-imbatranire-revolutionara-intense-retinal-cream-30-ml\/#primaryimage"},"image":{"@id":"https:\/\/shopatoa.com\/ro\/di-angelo-cosmetics-crema-anti-imbatranire-revolutionara-intense-retinal-cream-30-ml\/#primaryimage"},"thumbnailUrl":"https:\/\/storage.googleapis.com\/cz-shopatoa-img\/ro\/43259627-unnamed-file.webp","datePublished":"2025-04-30T05:56:46+00:00","dateModified":"2025-12-14T18:52:29+00:00","breadcrumb":{"@id":"https:\/\/shopatoa.com\/ro\/di-angelo-cosmetics-crema-anti-imbatranire-revolutionara-intense-retinal-cream-30-ml\/#breadcrumb"},"inLanguage":"ro-RO","potentialAction":[{"@type":"ReadAction","target":["https:\/\/shopatoa.com\/ro\/di-angelo-cosmetics-crema-anti-imbatranire-revolutionara-intense-retinal-cream-30-ml\/"]}]},{"@type":"ImageObject","inLanguage":"ro-RO","@id":"https:\/\/shopatoa.com\/ro\/di-angelo-cosmetics-crema-anti-imbatranire-revolutionara-intense-retinal-cream-30-ml\/#primaryimage","url":"https:\/\/storage.googleapis.com\/cz-shopatoa-img\/ro\/43259627-unnamed-file.webp","contentUrl":"https:\/\/storage.googleapis.com\/cz-shopatoa-img\/ro\/43259627-unnamed-file.webp","width":800,"height":800},{"@type":"BreadcrumbList","@id":"https:\/\/shopatoa.com\/ro\/di-angelo-cosmetics-crema-anti-imbatranire-revolutionara-intense-retinal-cream-30-ml\/#breadcrumb","itemListElement":[{"@type":"ListItem","position":1,"name":"Dom\u016f","item":"https:\/\/shopatoa.com\/ro\/"},{"@type":"ListItem","position":2,"name":"Shop","item":"https:\/\/shopatoa.com\/ro\/shop\/"},{"@type":"ListItem","position":3,"name":"Cosmetice","item":"https:\/\/shopatoa.com\/ro\/cosmetice\/"},{"@type":"ListItem","position":4,"name":"Produse cosmetice pentru piele","item":"https:\/\/shopatoa.com\/ro\/produse-cosmetice-pentru-piele\/"},{"@type":"ListItem","position":5,"name":"Produse cosmetice de \u00eengrijire a pielii","item":"https:\/\/shopatoa.com\/ro\/produse-cosmetice-de-ingrijire-a-pielii\/"},{"@type":"ListItem","position":6,"name":"Produse cosmetice pentru riduri \u0219i anti-\u00eemb\u0103tr\u00e2nire","item":"https:\/\/shopatoa.com\/ro\/produse-cosmetice-pentru-riduri-si-anti-imbatranire\/"},{"@type":"ListItem","position":7,"name":"di ANGELO cosmetics Crem\u0103 anti-\u00eemb\u0103tr\u00e2nire revolu\u021bionar\u0103 Intense (Retinal Cream) 30 ml"}]},{"@type":"WebSite","@id":"https:\/\/shopatoa.com\/ro\/#website","url":"https:\/\/shopatoa.com\/ro\/","name":"SHOPATOA","description":"","publisher":{"@id":"https:\/\/shopatoa.com\/ro\/#organization"},"potentialAction":[{"@type":"SearchAction","target":{"@type":"EntryPoint","urlTemplate":"https:\/\/shopatoa.com\/ro\/?s={search_term_string}"},"query-input":{"@type":"PropertyValueSpecification","valueRequired":true,"valueName":"search_term_string"}}],"inLanguage":"ro-RO"},{"@type":"Organization","@id":"https:\/\/shopatoa.com\/ro\/#organization","name":"SHOPATOA","url":"https:\/\/shopatoa.com\/ro\/","logo":{"@type":"ImageObject","inLanguage":"ro-RO","@id":"https:\/\/shopatoa.com\/ro\/#\/schema\/logo\/image\/","url":"https:\/\/storage.googleapis.com\/cz-shopatoa-img\/ro\/b4dac915-shopatoa_logo.png","contentUrl":"https:\/\/storage.googleapis.com\/cz-shopatoa-img\/ro\/b4dac915-shopatoa_logo.png","width":416,"height":63,"caption":"SHOPATOA"},"image":{"@id":"https:\/\/shopatoa.com\/ro\/#\/schema\/logo\/image\/"}}]}},"_links":{"self":[{"href":"https:\/\/shopatoa.com\/ro\/wp-json\/wp\/v2\/product\/277368","targetHints":{"allow":["GET"]}}],"collection":[{"href":"https:\/\/shopatoa.com\/ro\/wp-json\/wp\/v2\/product"}],"about":[{"href":"https:\/\/shopatoa.com\/ro\/wp-json\/wp\/v2\/types\/product"}],"replies":[{"embeddable":true,"href":"https:\/\/shopatoa.com\/ro\/wp-json\/wp\/v2\/comments?post=277368"}],"wp:featuredmedia":[{"embeddable":true,"href":"https:\/\/shopatoa.com\/ro\/wp-json\/wp\/v2\/media\/277369"}],"wp:attachment":[{"href":"https:\/\/shopatoa.com\/ro\/wp-json\/wp\/v2\/media?parent=277368"}],"wp:term":[{"taxonomy":"product_brand","embeddable":true,"href":"https:\/\/shopatoa.com\/ro\/wp-json\/wp\/v2\/product_brand?post=277368"},{"taxonomy":"product_cat","embeddable":true,"href":"https:\/\/shopatoa.com\/ro\/wp-json\/wp\/v2\/product_cat?post=277368"},{"taxonomy":"product_tag","embeddable":true,"href":"https:\/\/shopatoa.com\/ro\/wp-json\/wp\/v2\/product_tag?post=277368"}],"curies":[{"name":"wp","href":"https:\/\/api.w.org\/{rel}","templated":true}]}}