{"id":277397,"date":"2025-04-30T08:05:05","date_gmt":"2025-04-30T06:05:05","guid":{"rendered":"https:\/\/shopatoa.com\/ro\/shiseido-crema-de-piele-pentru-barbati-cu-efect-anti-age-men-skin-empowering-cream-50-ml\/"},"modified":"2025-12-14T19:43:11","modified_gmt":"2025-12-14T18:43:11","slug":"shiseido-crema-de-piele-pentru-barbati-cu-efect-anti-age-men-skin-empowering-cream-50-ml","status":"publish","type":"product","link":"https:\/\/shopatoa.com\/ro\/shiseido-crema-de-piele-pentru-barbati-cu-efect-anti-age-men-skin-empowering-cream-50-ml\/","title":{"rendered":"Shiseido Crem\u0103 de piele pentru b\u0103rba\u021bi cu efect anti-age Men (Skin Empowering Cream) 50 ml"},"content":{"rendered":"<p>Crem\u0103 anti-age foarte eficient\u0103 pentru b\u0103rba\u021bi, \u00eembog\u0103\u021bit\u0103 cu retinol \u0219i extracte botanice japoneze care reduc \u00een mod specific ridurile ad\u00e2nci, \u00eembun\u0103t\u0103\u021besc fermitatea \u0219i elasticitatea pielii \u0219i \u00eei confer\u0103 un aspect tineresc. Cu o textur\u0103 bogat\u0103, dar negras\u0103, asigur\u0103 o hidratare de 48 de ore, \u00een timp ce parfumul s\u0103u r\u0103coritor, cu note de citrice, bambus, chiparos japonez, lemn de santal \u0219i ambergris, ofer\u0103 o experien\u021b\u0103 senzorial\u0103.<\/p>\n","protected":false},"excerpt":{"rendered":"<p>Crem\u0103 anti-age foarte eficient\u0103 pentru b\u0103rba\u021bi, \u00eembog\u0103\u021bit\u0103 cu retinol \u0219i extracte botanice japoneze care reduc \u00een mod specific ridurile ad\u00e2nci, \u00eembun\u0103t\u0103\u021besc fermitatea \u0219i elasticitatea pielii \u0219i \u00eei confer\u0103 un aspect tineresc. Cu o textur\u0103 bogat\u0103, dar negras\u0103, asigur\u0103 o hidratare de 48 de ore, \u00een timp ce parfumul s\u0103u r\u0103coritor, cu note de citrice, bambus,&#8230;<\/p>\n","protected":false},"featured_media":277398,"comment_status":"closed","ping_status":"open","template":"","meta":{"_acf_changed":false,"_kadence_starter_templates_imported_post":false,"_kad_post_transparent":"","_kad_post_title":"","_kad_post_layout":"","_kad_post_sidebar_id":"","_kad_post_content_style":"","_kad_post_vertical_padding":"","_kad_post_feature":"","_kad_post_feature_position":"","_kad_post_header":false,"_kad_post_footer":false,"_kad_post_classname":""},"product_brand":[134],"product_cat":[246,634,633,665],"product_tag":[],"class_list":{"0":"post-277397","1":"product","2":"type-product","3":"status-publish","4":"has-post-thumbnail","6":"product_brand-shiseido","7":"product_cat-cosmetice","8":"product_cat-produse-cosmetice-de-ingrijire-a-pielii","9":"product_cat-produse-cosmetice-pentru-piele","10":"product_cat-produse-cosmetice-pentru-riduri-si-anti-imbatranire","12":"first","13":"instock","14":"sale","15":"product-type-external","16":"entry","17":"content-bg","18":"loop-entry"},"acf":[],"yoast_head":"<!-- This site is optimized with the Yoast SEO plugin v27.3 - https:\/\/yoast.com\/product\/yoast-seo-wordpress\/ -->\n<title>Shiseido Crem\u0103 de piele pentru b\u0103rba\u021bi cu efect anti-age Men (Skin Empowering Cream) 50 ml - SHOPATOA.COM<\/title>\n<meta name=\"robots\" content=\"index, follow, max-snippet:-1, max-image-preview:large, max-video-preview:-1\" \/>\n<link rel=\"canonical\" href=\"https:\/\/shopatoa.com\/ro\/shiseido-crema-de-piele-pentru-barbati-cu-efect-anti-age-men-skin-empowering-cream-50-ml\/\" \/>\n<meta property=\"og:locale\" content=\"ro_RO\" \/>\n<meta property=\"og:type\" content=\"article\" \/>\n<meta property=\"og:title\" content=\"Shiseido Crem\u0103 de piele pentru b\u0103rba\u021bi cu efect anti-age Men (Skin Empowering Cream) 50 ml - SHOPATOA.COM\" \/>\n<meta property=\"og:description\" content=\"Crem\u0103 anti-age foarte eficient\u0103 pentru b\u0103rba\u021bi, \u00eembog\u0103\u021bit\u0103 cu retinol \u0219i extracte botanice japoneze care reduc \u00een mod specific ridurile ad\u00e2nci, \u00eembun\u0103t\u0103\u021besc fermitatea \u0219i elasticitatea pielii \u0219i \u00eei confer\u0103 un aspect tineresc. Cu o textur\u0103 bogat\u0103, dar negras\u0103, asigur\u0103 o hidratare de 48 de ore, \u00een timp ce parfumul s\u0103u r\u0103coritor, cu note de citrice, bambus,...\" \/>\n<meta property=\"og:url\" content=\"https:\/\/shopatoa.com\/ro\/shiseido-crema-de-piele-pentru-barbati-cu-efect-anti-age-men-skin-empowering-cream-50-ml\/\" \/>\n<meta property=\"og:site_name\" content=\"SHOPATOA\" \/>\n<meta property=\"article:modified_time\" content=\"2025-12-14T18:43:11+00:00\" \/>\n<meta property=\"og:image\" content=\"https:\/\/storage.googleapis.com\/cz-shopatoa-img\/ro\/7288d8d7-unnamed-file.webp\" \/>\n\t<meta property=\"og:image:width\" content=\"800\" \/>\n\t<meta property=\"og:image:height\" content=\"800\" \/>\n\t<meta property=\"og:image:type\" content=\"image\/webp\" \/>\n<meta name=\"twitter:card\" content=\"summary_large_image\" \/>\n<script type=\"application\/ld+json\" class=\"yoast-schema-graph\">{\"@context\":\"https:\\\/\\\/schema.org\",\"@graph\":[{\"@type\":\"WebPage\",\"@id\":\"https:\\\/\\\/shopatoa.com\\\/ro\\\/shiseido-crema-de-piele-pentru-barbati-cu-efect-anti-age-men-skin-empowering-cream-50-ml\\\/\",\"url\":\"https:\\\/\\\/shopatoa.com\\\/ro\\\/shiseido-crema-de-piele-pentru-barbati-cu-efect-anti-age-men-skin-empowering-cream-50-ml\\\/\",\"name\":\"Shiseido Crem\u0103 de piele pentru b\u0103rba\u021bi cu efect anti-age Men (Skin Empowering Cream) 50 ml - SHOPATOA.COM\",\"isPartOf\":{\"@id\":\"https:\\\/\\\/shopatoa.com\\\/ro\\\/#website\"},\"primaryImageOfPage\":{\"@id\":\"https:\\\/\\\/shopatoa.com\\\/ro\\\/shiseido-crema-de-piele-pentru-barbati-cu-efect-anti-age-men-skin-empowering-cream-50-ml\\\/#primaryimage\"},\"image\":{\"@id\":\"https:\\\/\\\/shopatoa.com\\\/ro\\\/shiseido-crema-de-piele-pentru-barbati-cu-efect-anti-age-men-skin-empowering-cream-50-ml\\\/#primaryimage\"},\"thumbnailUrl\":\"https:\\\/\\\/storage.googleapis.com\\\/cz-shopatoa-img\\\/ro\\\/7288d8d7-unnamed-file.webp\",\"datePublished\":\"2025-04-30T06:05:05+00:00\",\"dateModified\":\"2025-12-14T18:43:11+00:00\",\"breadcrumb\":{\"@id\":\"https:\\\/\\\/shopatoa.com\\\/ro\\\/shiseido-crema-de-piele-pentru-barbati-cu-efect-anti-age-men-skin-empowering-cream-50-ml\\\/#breadcrumb\"},\"inLanguage\":\"ro-RO\",\"potentialAction\":[{\"@type\":\"ReadAction\",\"target\":[\"https:\\\/\\\/shopatoa.com\\\/ro\\\/shiseido-crema-de-piele-pentru-barbati-cu-efect-anti-age-men-skin-empowering-cream-50-ml\\\/\"]}]},{\"@type\":\"ImageObject\",\"inLanguage\":\"ro-RO\",\"@id\":\"https:\\\/\\\/shopatoa.com\\\/ro\\\/shiseido-crema-de-piele-pentru-barbati-cu-efect-anti-age-men-skin-empowering-cream-50-ml\\\/#primaryimage\",\"url\":\"https:\\\/\\\/storage.googleapis.com\\\/cz-shopatoa-img\\\/ro\\\/7288d8d7-unnamed-file.webp\",\"contentUrl\":\"https:\\\/\\\/storage.googleapis.com\\\/cz-shopatoa-img\\\/ro\\\/7288d8d7-unnamed-file.webp\",\"width\":800,\"height\":800},{\"@type\":\"BreadcrumbList\",\"@id\":\"https:\\\/\\\/shopatoa.com\\\/ro\\\/shiseido-crema-de-piele-pentru-barbati-cu-efect-anti-age-men-skin-empowering-cream-50-ml\\\/#breadcrumb\",\"itemListElement\":[{\"@type\":\"ListItem\",\"position\":1,\"name\":\"Dom\u016f\",\"item\":\"https:\\\/\\\/shopatoa.com\\\/ro\\\/\"},{\"@type\":\"ListItem\",\"position\":2,\"name\":\"Shop\",\"item\":\"https:\\\/\\\/shopatoa.com\\\/ro\\\/shop\\\/\"},{\"@type\":\"ListItem\",\"position\":3,\"name\":\"Cosmetice\",\"item\":\"https:\\\/\\\/shopatoa.com\\\/ro\\\/cosmetice\\\/\"},{\"@type\":\"ListItem\",\"position\":4,\"name\":\"Produse cosmetice pentru piele\",\"item\":\"https:\\\/\\\/shopatoa.com\\\/ro\\\/produse-cosmetice-pentru-piele\\\/\"},{\"@type\":\"ListItem\",\"position\":5,\"name\":\"Produse cosmetice de \u00eengrijire a pielii\",\"item\":\"https:\\\/\\\/shopatoa.com\\\/ro\\\/produse-cosmetice-de-ingrijire-a-pielii\\\/\"},{\"@type\":\"ListItem\",\"position\":6,\"name\":\"Produse cosmetice pentru riduri \u0219i anti-\u00eemb\u0103tr\u00e2nire\",\"item\":\"https:\\\/\\\/shopatoa.com\\\/ro\\\/produse-cosmetice-pentru-riduri-si-anti-imbatranire\\\/\"},{\"@type\":\"ListItem\",\"position\":7,\"name\":\"Shiseido Crem\u0103 de piele pentru b\u0103rba\u021bi cu efect anti-age Men (Skin Empowering Cream) 50 ml\"}]},{\"@type\":\"WebSite\",\"@id\":\"https:\\\/\\\/shopatoa.com\\\/ro\\\/#website\",\"url\":\"https:\\\/\\\/shopatoa.com\\\/ro\\\/\",\"name\":\"SHOPATOA\",\"description\":\"\",\"publisher\":{\"@id\":\"https:\\\/\\\/shopatoa.com\\\/ro\\\/#organization\"},\"potentialAction\":[{\"@type\":\"SearchAction\",\"target\":{\"@type\":\"EntryPoint\",\"urlTemplate\":\"https:\\\/\\\/shopatoa.com\\\/ro\\\/?s={search_term_string}\"},\"query-input\":{\"@type\":\"PropertyValueSpecification\",\"valueRequired\":true,\"valueName\":\"search_term_string\"}}],\"inLanguage\":\"ro-RO\"},{\"@type\":\"Organization\",\"@id\":\"https:\\\/\\\/shopatoa.com\\\/ro\\\/#organization\",\"name\":\"SHOPATOA\",\"url\":\"https:\\\/\\\/shopatoa.com\\\/ro\\\/\",\"logo\":{\"@type\":\"ImageObject\",\"inLanguage\":\"ro-RO\",\"@id\":\"https:\\\/\\\/shopatoa.com\\\/ro\\\/#\\\/schema\\\/logo\\\/image\\\/\",\"url\":\"https:\\\/\\\/storage.googleapis.com\\\/cz-shopatoa-img\\\/ro\\\/b4dac915-shopatoa_logo.png\",\"contentUrl\":\"https:\\\/\\\/storage.googleapis.com\\\/cz-shopatoa-img\\\/ro\\\/b4dac915-shopatoa_logo.png\",\"width\":416,\"height\":63,\"caption\":\"SHOPATOA\"},\"image\":{\"@id\":\"https:\\\/\\\/shopatoa.com\\\/ro\\\/#\\\/schema\\\/logo\\\/image\\\/\"}}]}<\/script>\n<!-- \/ Yoast SEO plugin. -->","yoast_head_json":{"title":"Shiseido Crem\u0103 de piele pentru b\u0103rba\u021bi cu efect anti-age Men (Skin Empowering Cream) 50 ml - SHOPATOA.COM","robots":{"index":"index","follow":"follow","max-snippet":"max-snippet:-1","max-image-preview":"max-image-preview:large","max-video-preview":"max-video-preview:-1"},"canonical":"https:\/\/shopatoa.com\/ro\/shiseido-crema-de-piele-pentru-barbati-cu-efect-anti-age-men-skin-empowering-cream-50-ml\/","og_locale":"ro_RO","og_type":"article","og_title":"Shiseido Crem\u0103 de piele pentru b\u0103rba\u021bi cu efect anti-age Men (Skin Empowering Cream) 50 ml - SHOPATOA.COM","og_description":"Crem\u0103 anti-age foarte eficient\u0103 pentru b\u0103rba\u021bi, \u00eembog\u0103\u021bit\u0103 cu retinol \u0219i extracte botanice japoneze care reduc \u00een mod specific ridurile ad\u00e2nci, \u00eembun\u0103t\u0103\u021besc fermitatea \u0219i elasticitatea pielii \u0219i \u00eei confer\u0103 un aspect tineresc. Cu o textur\u0103 bogat\u0103, dar negras\u0103, asigur\u0103 o hidratare de 48 de ore, \u00een timp ce parfumul s\u0103u r\u0103coritor, cu note de citrice, bambus,...","og_url":"https:\/\/shopatoa.com\/ro\/shiseido-crema-de-piele-pentru-barbati-cu-efect-anti-age-men-skin-empowering-cream-50-ml\/","og_site_name":"SHOPATOA","article_modified_time":"2025-12-14T18:43:11+00:00","og_image":[{"width":800,"height":800,"url":"https:\/\/storage.googleapis.com\/cz-shopatoa-img\/ro\/7288d8d7-unnamed-file.webp","type":"image\/webp"}],"twitter_card":"summary_large_image","schema":{"@context":"https:\/\/schema.org","@graph":[{"@type":"WebPage","@id":"https:\/\/shopatoa.com\/ro\/shiseido-crema-de-piele-pentru-barbati-cu-efect-anti-age-men-skin-empowering-cream-50-ml\/","url":"https:\/\/shopatoa.com\/ro\/shiseido-crema-de-piele-pentru-barbati-cu-efect-anti-age-men-skin-empowering-cream-50-ml\/","name":"Shiseido Crem\u0103 de piele pentru b\u0103rba\u021bi cu efect anti-age Men (Skin Empowering Cream) 50 ml - SHOPATOA.COM","isPartOf":{"@id":"https:\/\/shopatoa.com\/ro\/#website"},"primaryImageOfPage":{"@id":"https:\/\/shopatoa.com\/ro\/shiseido-crema-de-piele-pentru-barbati-cu-efect-anti-age-men-skin-empowering-cream-50-ml\/#primaryimage"},"image":{"@id":"https:\/\/shopatoa.com\/ro\/shiseido-crema-de-piele-pentru-barbati-cu-efect-anti-age-men-skin-empowering-cream-50-ml\/#primaryimage"},"thumbnailUrl":"https:\/\/storage.googleapis.com\/cz-shopatoa-img\/ro\/7288d8d7-unnamed-file.webp","datePublished":"2025-04-30T06:05:05+00:00","dateModified":"2025-12-14T18:43:11+00:00","breadcrumb":{"@id":"https:\/\/shopatoa.com\/ro\/shiseido-crema-de-piele-pentru-barbati-cu-efect-anti-age-men-skin-empowering-cream-50-ml\/#breadcrumb"},"inLanguage":"ro-RO","potentialAction":[{"@type":"ReadAction","target":["https:\/\/shopatoa.com\/ro\/shiseido-crema-de-piele-pentru-barbati-cu-efect-anti-age-men-skin-empowering-cream-50-ml\/"]}]},{"@type":"ImageObject","inLanguage":"ro-RO","@id":"https:\/\/shopatoa.com\/ro\/shiseido-crema-de-piele-pentru-barbati-cu-efect-anti-age-men-skin-empowering-cream-50-ml\/#primaryimage","url":"https:\/\/storage.googleapis.com\/cz-shopatoa-img\/ro\/7288d8d7-unnamed-file.webp","contentUrl":"https:\/\/storage.googleapis.com\/cz-shopatoa-img\/ro\/7288d8d7-unnamed-file.webp","width":800,"height":800},{"@type":"BreadcrumbList","@id":"https:\/\/shopatoa.com\/ro\/shiseido-crema-de-piele-pentru-barbati-cu-efect-anti-age-men-skin-empowering-cream-50-ml\/#breadcrumb","itemListElement":[{"@type":"ListItem","position":1,"name":"Dom\u016f","item":"https:\/\/shopatoa.com\/ro\/"},{"@type":"ListItem","position":2,"name":"Shop","item":"https:\/\/shopatoa.com\/ro\/shop\/"},{"@type":"ListItem","position":3,"name":"Cosmetice","item":"https:\/\/shopatoa.com\/ro\/cosmetice\/"},{"@type":"ListItem","position":4,"name":"Produse cosmetice pentru piele","item":"https:\/\/shopatoa.com\/ro\/produse-cosmetice-pentru-piele\/"},{"@type":"ListItem","position":5,"name":"Produse cosmetice de \u00eengrijire a pielii","item":"https:\/\/shopatoa.com\/ro\/produse-cosmetice-de-ingrijire-a-pielii\/"},{"@type":"ListItem","position":6,"name":"Produse cosmetice pentru riduri \u0219i anti-\u00eemb\u0103tr\u00e2nire","item":"https:\/\/shopatoa.com\/ro\/produse-cosmetice-pentru-riduri-si-anti-imbatranire\/"},{"@type":"ListItem","position":7,"name":"Shiseido Crem\u0103 de piele pentru b\u0103rba\u021bi cu efect anti-age Men (Skin Empowering Cream) 50 ml"}]},{"@type":"WebSite","@id":"https:\/\/shopatoa.com\/ro\/#website","url":"https:\/\/shopatoa.com\/ro\/","name":"SHOPATOA","description":"","publisher":{"@id":"https:\/\/shopatoa.com\/ro\/#organization"},"potentialAction":[{"@type":"SearchAction","target":{"@type":"EntryPoint","urlTemplate":"https:\/\/shopatoa.com\/ro\/?s={search_term_string}"},"query-input":{"@type":"PropertyValueSpecification","valueRequired":true,"valueName":"search_term_string"}}],"inLanguage":"ro-RO"},{"@type":"Organization","@id":"https:\/\/shopatoa.com\/ro\/#organization","name":"SHOPATOA","url":"https:\/\/shopatoa.com\/ro\/","logo":{"@type":"ImageObject","inLanguage":"ro-RO","@id":"https:\/\/shopatoa.com\/ro\/#\/schema\/logo\/image\/","url":"https:\/\/storage.googleapis.com\/cz-shopatoa-img\/ro\/b4dac915-shopatoa_logo.png","contentUrl":"https:\/\/storage.googleapis.com\/cz-shopatoa-img\/ro\/b4dac915-shopatoa_logo.png","width":416,"height":63,"caption":"SHOPATOA"},"image":{"@id":"https:\/\/shopatoa.com\/ro\/#\/schema\/logo\/image\/"}}]}},"_links":{"self":[{"href":"https:\/\/shopatoa.com\/ro\/wp-json\/wp\/v2\/product\/277397","targetHints":{"allow":["GET"]}}],"collection":[{"href":"https:\/\/shopatoa.com\/ro\/wp-json\/wp\/v2\/product"}],"about":[{"href":"https:\/\/shopatoa.com\/ro\/wp-json\/wp\/v2\/types\/product"}],"replies":[{"embeddable":true,"href":"https:\/\/shopatoa.com\/ro\/wp-json\/wp\/v2\/comments?post=277397"}],"wp:featuredmedia":[{"embeddable":true,"href":"https:\/\/shopatoa.com\/ro\/wp-json\/wp\/v2\/media\/277398"}],"wp:attachment":[{"href":"https:\/\/shopatoa.com\/ro\/wp-json\/wp\/v2\/media?parent=277397"}],"wp:term":[{"taxonomy":"product_brand","embeddable":true,"href":"https:\/\/shopatoa.com\/ro\/wp-json\/wp\/v2\/product_brand?post=277397"},{"taxonomy":"product_cat","embeddable":true,"href":"https:\/\/shopatoa.com\/ro\/wp-json\/wp\/v2\/product_cat?post=277397"},{"taxonomy":"product_tag","embeddable":true,"href":"https:\/\/shopatoa.com\/ro\/wp-json\/wp\/v2\/product_tag?post=277397"}],"curies":[{"name":"wp","href":"https:\/\/api.w.org\/{rel}","templated":true}]}}