{"id":277491,"date":"2025-04-30T08:30:17","date_gmt":"2025-04-30T06:30:17","guid":{"rendered":"https:\/\/shopatoa.com\/ro\/loreal-paris-machiaj-in-pudrainfaillible-24h-fresh-wear-foundation-in-a-powder-9-g-180-rose-sand\/"},"modified":"2025-12-14T19:04:59","modified_gmt":"2025-12-14T18:04:59","slug":"loreal-paris-machiaj-in-pudrainfaillible-24h-fresh-wear-foundation-in-a-powder-9-g-180-rose-sand","status":"publish","type":"product","link":"https:\/\/shopatoa.com\/ro\/loreal-paris-machiaj-in-pudrainfaillible-24h-fresh-wear-foundation-in-a-powder-9-g-180-rose-sand\/","title":{"rendered":"L&#8217;Or\u00e9al Paris Machiaj in pudr\u0103Infaillible 24H Fresh Wear (Foundation in a Powder) 9 g 180 Rose Sand"},"content":{"rendered":"<p>Machiajul \u00een pulbere Infaillible 24H Fresh Wear combin\u0103 acoperirea pe termen lung \u0219i durabilitatea machiajului lichid, \u00eempreun\u0103 cu un efect mat \u0219i aplicarea u\u0219oar\u0103 a pulberii. Pigmen\u021bii ultra-fini, de lung\u0103 durat\u0103 asigur\u0103 o acoperire complet\u0103 \u0219i ofer\u0103 \u00een mod fiabil pielii un finisaj mat, f\u0103r\u0103 a \u00eempov\u0103ra sau a crea un efect de masc\u0103. Structura pudrei asigur\u0103 o purtare confortabil\u0103 f\u0103r\u0103 senza\u021bia de piele uscat\u0103 \u0219i, datorit\u0103 formulei respirabile, un efect natural \u0219i proasp\u0103t care dureaz\u0103 p\u00e2n\u0103 la 24 de ore. Este rezistent la ap\u0103, transpira\u021bie \u0219i poate rezista la umiditate ridicat\u0103. Nimic nu st\u0103 \u00een calea unui aspect mat pe termen lung \u0219i nimic nu v\u0103 poate opri. \u00cen plus fa\u021b\u0103 de machiaj, primerul \u0219i corectorul Infaillible , machiajul infailibil \u00een pulbere completeaz\u0103 linia absolut fiabil\u0103, de la L\u2019Or\u00e9al Paris.<\/p>\n","protected":false},"excerpt":{"rendered":"<p>Machiajul \u00een pulbere Infaillible 24H Fresh Wear combin\u0103 acoperirea pe termen lung \u0219i durabilitatea machiajului lichid, \u00eempreun\u0103 cu un efect mat \u0219i aplicarea u\u0219oar\u0103 a pulberii. Pigmen\u021bii ultra-fini, de lung\u0103 durat\u0103 asigur\u0103 o acoperire complet\u0103 \u0219i ofer\u0103 \u00een mod fiabil pielii un finisaj mat, f\u0103r\u0103 a \u00eempov\u0103ra sau a crea un efect de masc\u0103. Structura&#8230;<\/p>\n","protected":false},"featured_media":277492,"comment_status":"closed","ping_status":"open","template":"","meta":{"_acf_changed":false,"_kadence_starter_templates_imported_post":false,"_kad_post_transparent":"","_kad_post_title":"","_kad_post_layout":"","_kad_post_sidebar_id":"","_kad_post_content_style":"","_kad_post_vertical_padding":"","_kad_post_feature":"","_kad_post_feature_position":"","_kad_post_header":false,"_kad_post_footer":false,"_kad_post_classname":""},"product_brand":[384],"product_cat":[246,609,616,705],"product_tag":[],"class_list":{"0":"post-277491","1":"product","2":"type-product","3":"status-publish","4":"has-post-thumbnail","6":"product_brand-loreal-paris","7":"product_cat-cosmetice","8":"product_cat-cosmetice-decorative","9":"product_cat-machiaj-pentru-fata","10":"product_cat-make-ups","12":"first","13":"instock","14":"sale","15":"product-type-external","16":"entry","17":"content-bg","18":"loop-entry"},"acf":[],"yoast_head":"<!-- This site is optimized with the Yoast SEO plugin v27.3 - https:\/\/yoast.com\/product\/yoast-seo-wordpress\/ -->\n<title>L&#039;Or\u00e9al Paris Machiaj in pudr\u0103Infaillible 24H Fresh Wear (Foundation in a Powder) 9 g 180 Rose Sand - SHOPATOA.COM<\/title>\n<meta name=\"robots\" content=\"index, follow, max-snippet:-1, max-image-preview:large, max-video-preview:-1\" \/>\n<link rel=\"canonical\" href=\"https:\/\/shopatoa.com\/ro\/loreal-paris-machiaj-in-pudrainfaillible-24h-fresh-wear-foundation-in-a-powder-9-g-180-rose-sand\/\" \/>\n<meta property=\"og:locale\" content=\"ro_RO\" \/>\n<meta property=\"og:type\" content=\"article\" \/>\n<meta property=\"og:title\" content=\"L&#039;Or\u00e9al Paris Machiaj in pudr\u0103Infaillible 24H Fresh Wear (Foundation in a Powder) 9 g 180 Rose Sand - SHOPATOA.COM\" \/>\n<meta property=\"og:description\" content=\"Machiajul \u00een pulbere Infaillible 24H Fresh Wear combin\u0103 acoperirea pe termen lung \u0219i durabilitatea machiajului lichid, \u00eempreun\u0103 cu un efect mat \u0219i aplicarea u\u0219oar\u0103 a pulberii. Pigmen\u021bii ultra-fini, de lung\u0103 durat\u0103 asigur\u0103 o acoperire complet\u0103 \u0219i ofer\u0103 \u00een mod fiabil pielii un finisaj mat, f\u0103r\u0103 a \u00eempov\u0103ra sau a crea un efect de masc\u0103. Structura...\" \/>\n<meta property=\"og:url\" content=\"https:\/\/shopatoa.com\/ro\/loreal-paris-machiaj-in-pudrainfaillible-24h-fresh-wear-foundation-in-a-powder-9-g-180-rose-sand\/\" \/>\n<meta property=\"og:site_name\" content=\"SHOPATOA\" \/>\n<meta property=\"article:modified_time\" content=\"2025-12-14T18:04:59+00:00\" \/>\n<meta property=\"og:image\" content=\"https:\/\/storage.googleapis.com\/cz-shopatoa-img\/ro\/98c6e49b-unnamed-file.webp\" \/>\n\t<meta property=\"og:image:width\" content=\"800\" \/>\n\t<meta property=\"og:image:height\" content=\"800\" \/>\n\t<meta property=\"og:image:type\" content=\"image\/webp\" \/>\n<meta name=\"twitter:card\" content=\"summary_large_image\" \/>\n<meta name=\"twitter:label1\" content=\"Timp estimat pentru citire\" \/>\n\t<meta name=\"twitter:data1\" content=\"1 minut\" \/>\n<script type=\"application\/ld+json\" class=\"yoast-schema-graph\">{\"@context\":\"https:\\\/\\\/schema.org\",\"@graph\":[{\"@type\":\"WebPage\",\"@id\":\"https:\\\/\\\/shopatoa.com\\\/ro\\\/loreal-paris-machiaj-in-pudrainfaillible-24h-fresh-wear-foundation-in-a-powder-9-g-180-rose-sand\\\/\",\"url\":\"https:\\\/\\\/shopatoa.com\\\/ro\\\/loreal-paris-machiaj-in-pudrainfaillible-24h-fresh-wear-foundation-in-a-powder-9-g-180-rose-sand\\\/\",\"name\":\"L'Or\u00e9al Paris Machiaj in pudr\u0103Infaillible 24H Fresh Wear (Foundation in a Powder) 9 g 180 Rose Sand - SHOPATOA.COM\",\"isPartOf\":{\"@id\":\"https:\\\/\\\/shopatoa.com\\\/ro\\\/#website\"},\"primaryImageOfPage\":{\"@id\":\"https:\\\/\\\/shopatoa.com\\\/ro\\\/loreal-paris-machiaj-in-pudrainfaillible-24h-fresh-wear-foundation-in-a-powder-9-g-180-rose-sand\\\/#primaryimage\"},\"image\":{\"@id\":\"https:\\\/\\\/shopatoa.com\\\/ro\\\/loreal-paris-machiaj-in-pudrainfaillible-24h-fresh-wear-foundation-in-a-powder-9-g-180-rose-sand\\\/#primaryimage\"},\"thumbnailUrl\":\"https:\\\/\\\/storage.googleapis.com\\\/cz-shopatoa-img\\\/ro\\\/98c6e49b-unnamed-file.webp\",\"datePublished\":\"2025-04-30T06:30:17+00:00\",\"dateModified\":\"2025-12-14T18:04:59+00:00\",\"breadcrumb\":{\"@id\":\"https:\\\/\\\/shopatoa.com\\\/ro\\\/loreal-paris-machiaj-in-pudrainfaillible-24h-fresh-wear-foundation-in-a-powder-9-g-180-rose-sand\\\/#breadcrumb\"},\"inLanguage\":\"ro-RO\",\"potentialAction\":[{\"@type\":\"ReadAction\",\"target\":[\"https:\\\/\\\/shopatoa.com\\\/ro\\\/loreal-paris-machiaj-in-pudrainfaillible-24h-fresh-wear-foundation-in-a-powder-9-g-180-rose-sand\\\/\"]}]},{\"@type\":\"ImageObject\",\"inLanguage\":\"ro-RO\",\"@id\":\"https:\\\/\\\/shopatoa.com\\\/ro\\\/loreal-paris-machiaj-in-pudrainfaillible-24h-fresh-wear-foundation-in-a-powder-9-g-180-rose-sand\\\/#primaryimage\",\"url\":\"https:\\\/\\\/storage.googleapis.com\\\/cz-shopatoa-img\\\/ro\\\/98c6e49b-unnamed-file.webp\",\"contentUrl\":\"https:\\\/\\\/storage.googleapis.com\\\/cz-shopatoa-img\\\/ro\\\/98c6e49b-unnamed-file.webp\",\"width\":800,\"height\":800},{\"@type\":\"BreadcrumbList\",\"@id\":\"https:\\\/\\\/shopatoa.com\\\/ro\\\/loreal-paris-machiaj-in-pudrainfaillible-24h-fresh-wear-foundation-in-a-powder-9-g-180-rose-sand\\\/#breadcrumb\",\"itemListElement\":[{\"@type\":\"ListItem\",\"position\":1,\"name\":\"Dom\u016f\",\"item\":\"https:\\\/\\\/shopatoa.com\\\/ro\\\/\"},{\"@type\":\"ListItem\",\"position\":2,\"name\":\"Shop\",\"item\":\"https:\\\/\\\/shopatoa.com\\\/ro\\\/shop\\\/\"},{\"@type\":\"ListItem\",\"position\":3,\"name\":\"Cosmetice\",\"item\":\"https:\\\/\\\/shopatoa.com\\\/ro\\\/cosmetice\\\/\"},{\"@type\":\"ListItem\",\"position\":4,\"name\":\"Cosmetice decorative\",\"item\":\"https:\\\/\\\/shopatoa.com\\\/ro\\\/cosmetice-decorative\\\/\"},{\"@type\":\"ListItem\",\"position\":5,\"name\":\"Machiaj pentru fa\u021ba\",\"item\":\"https:\\\/\\\/shopatoa.com\\\/ro\\\/machiaj-pentru-fata\\\/\"},{\"@type\":\"ListItem\",\"position\":6,\"name\":\"Make-ups\",\"item\":\"https:\\\/\\\/shopatoa.com\\\/ro\\\/make-ups\\\/\"},{\"@type\":\"ListItem\",\"position\":7,\"name\":\"L&#8217;Or\u00e9al Paris Machiaj in pudr\u0103Infaillible 24H Fresh Wear (Foundation in a Powder) 9 g 180 Rose Sand\"}]},{\"@type\":\"WebSite\",\"@id\":\"https:\\\/\\\/shopatoa.com\\\/ro\\\/#website\",\"url\":\"https:\\\/\\\/shopatoa.com\\\/ro\\\/\",\"name\":\"SHOPATOA\",\"description\":\"\",\"publisher\":{\"@id\":\"https:\\\/\\\/shopatoa.com\\\/ro\\\/#organization\"},\"potentialAction\":[{\"@type\":\"SearchAction\",\"target\":{\"@type\":\"EntryPoint\",\"urlTemplate\":\"https:\\\/\\\/shopatoa.com\\\/ro\\\/?s={search_term_string}\"},\"query-input\":{\"@type\":\"PropertyValueSpecification\",\"valueRequired\":true,\"valueName\":\"search_term_string\"}}],\"inLanguage\":\"ro-RO\"},{\"@type\":\"Organization\",\"@id\":\"https:\\\/\\\/shopatoa.com\\\/ro\\\/#organization\",\"name\":\"SHOPATOA\",\"url\":\"https:\\\/\\\/shopatoa.com\\\/ro\\\/\",\"logo\":{\"@type\":\"ImageObject\",\"inLanguage\":\"ro-RO\",\"@id\":\"https:\\\/\\\/shopatoa.com\\\/ro\\\/#\\\/schema\\\/logo\\\/image\\\/\",\"url\":\"https:\\\/\\\/storage.googleapis.com\\\/cz-shopatoa-img\\\/ro\\\/b4dac915-shopatoa_logo.png\",\"contentUrl\":\"https:\\\/\\\/storage.googleapis.com\\\/cz-shopatoa-img\\\/ro\\\/b4dac915-shopatoa_logo.png\",\"width\":416,\"height\":63,\"caption\":\"SHOPATOA\"},\"image\":{\"@id\":\"https:\\\/\\\/shopatoa.com\\\/ro\\\/#\\\/schema\\\/logo\\\/image\\\/\"}}]}<\/script>\n<!-- \/ Yoast SEO plugin. -->","yoast_head_json":{"title":"L'Or\u00e9al Paris Machiaj in pudr\u0103Infaillible 24H Fresh Wear (Foundation in a Powder) 9 g 180 Rose Sand - SHOPATOA.COM","robots":{"index":"index","follow":"follow","max-snippet":"max-snippet:-1","max-image-preview":"max-image-preview:large","max-video-preview":"max-video-preview:-1"},"canonical":"https:\/\/shopatoa.com\/ro\/loreal-paris-machiaj-in-pudrainfaillible-24h-fresh-wear-foundation-in-a-powder-9-g-180-rose-sand\/","og_locale":"ro_RO","og_type":"article","og_title":"L'Or\u00e9al Paris Machiaj in pudr\u0103Infaillible 24H Fresh Wear (Foundation in a Powder) 9 g 180 Rose Sand - SHOPATOA.COM","og_description":"Machiajul \u00een pulbere Infaillible 24H Fresh Wear combin\u0103 acoperirea pe termen lung \u0219i durabilitatea machiajului lichid, \u00eempreun\u0103 cu un efect mat \u0219i aplicarea u\u0219oar\u0103 a pulberii. Pigmen\u021bii ultra-fini, de lung\u0103 durat\u0103 asigur\u0103 o acoperire complet\u0103 \u0219i ofer\u0103 \u00een mod fiabil pielii un finisaj mat, f\u0103r\u0103 a \u00eempov\u0103ra sau a crea un efect de masc\u0103. Structura...","og_url":"https:\/\/shopatoa.com\/ro\/loreal-paris-machiaj-in-pudrainfaillible-24h-fresh-wear-foundation-in-a-powder-9-g-180-rose-sand\/","og_site_name":"SHOPATOA","article_modified_time":"2025-12-14T18:04:59+00:00","og_image":[{"width":800,"height":800,"url":"https:\/\/storage.googleapis.com\/cz-shopatoa-img\/ro\/98c6e49b-unnamed-file.webp","type":"image\/webp"}],"twitter_card":"summary_large_image","twitter_misc":{"Timp estimat pentru citire":"1 minut"},"schema":{"@context":"https:\/\/schema.org","@graph":[{"@type":"WebPage","@id":"https:\/\/shopatoa.com\/ro\/loreal-paris-machiaj-in-pudrainfaillible-24h-fresh-wear-foundation-in-a-powder-9-g-180-rose-sand\/","url":"https:\/\/shopatoa.com\/ro\/loreal-paris-machiaj-in-pudrainfaillible-24h-fresh-wear-foundation-in-a-powder-9-g-180-rose-sand\/","name":"L'Or\u00e9al Paris Machiaj in pudr\u0103Infaillible 24H Fresh Wear (Foundation in a Powder) 9 g 180 Rose Sand - SHOPATOA.COM","isPartOf":{"@id":"https:\/\/shopatoa.com\/ro\/#website"},"primaryImageOfPage":{"@id":"https:\/\/shopatoa.com\/ro\/loreal-paris-machiaj-in-pudrainfaillible-24h-fresh-wear-foundation-in-a-powder-9-g-180-rose-sand\/#primaryimage"},"image":{"@id":"https:\/\/shopatoa.com\/ro\/loreal-paris-machiaj-in-pudrainfaillible-24h-fresh-wear-foundation-in-a-powder-9-g-180-rose-sand\/#primaryimage"},"thumbnailUrl":"https:\/\/storage.googleapis.com\/cz-shopatoa-img\/ro\/98c6e49b-unnamed-file.webp","datePublished":"2025-04-30T06:30:17+00:00","dateModified":"2025-12-14T18:04:59+00:00","breadcrumb":{"@id":"https:\/\/shopatoa.com\/ro\/loreal-paris-machiaj-in-pudrainfaillible-24h-fresh-wear-foundation-in-a-powder-9-g-180-rose-sand\/#breadcrumb"},"inLanguage":"ro-RO","potentialAction":[{"@type":"ReadAction","target":["https:\/\/shopatoa.com\/ro\/loreal-paris-machiaj-in-pudrainfaillible-24h-fresh-wear-foundation-in-a-powder-9-g-180-rose-sand\/"]}]},{"@type":"ImageObject","inLanguage":"ro-RO","@id":"https:\/\/shopatoa.com\/ro\/loreal-paris-machiaj-in-pudrainfaillible-24h-fresh-wear-foundation-in-a-powder-9-g-180-rose-sand\/#primaryimage","url":"https:\/\/storage.googleapis.com\/cz-shopatoa-img\/ro\/98c6e49b-unnamed-file.webp","contentUrl":"https:\/\/storage.googleapis.com\/cz-shopatoa-img\/ro\/98c6e49b-unnamed-file.webp","width":800,"height":800},{"@type":"BreadcrumbList","@id":"https:\/\/shopatoa.com\/ro\/loreal-paris-machiaj-in-pudrainfaillible-24h-fresh-wear-foundation-in-a-powder-9-g-180-rose-sand\/#breadcrumb","itemListElement":[{"@type":"ListItem","position":1,"name":"Dom\u016f","item":"https:\/\/shopatoa.com\/ro\/"},{"@type":"ListItem","position":2,"name":"Shop","item":"https:\/\/shopatoa.com\/ro\/shop\/"},{"@type":"ListItem","position":3,"name":"Cosmetice","item":"https:\/\/shopatoa.com\/ro\/cosmetice\/"},{"@type":"ListItem","position":4,"name":"Cosmetice decorative","item":"https:\/\/shopatoa.com\/ro\/cosmetice-decorative\/"},{"@type":"ListItem","position":5,"name":"Machiaj pentru fa\u021ba","item":"https:\/\/shopatoa.com\/ro\/machiaj-pentru-fata\/"},{"@type":"ListItem","position":6,"name":"Make-ups","item":"https:\/\/shopatoa.com\/ro\/make-ups\/"},{"@type":"ListItem","position":7,"name":"L&#8217;Or\u00e9al Paris Machiaj in pudr\u0103Infaillible 24H Fresh Wear (Foundation in a Powder) 9 g 180 Rose Sand"}]},{"@type":"WebSite","@id":"https:\/\/shopatoa.com\/ro\/#website","url":"https:\/\/shopatoa.com\/ro\/","name":"SHOPATOA","description":"","publisher":{"@id":"https:\/\/shopatoa.com\/ro\/#organization"},"potentialAction":[{"@type":"SearchAction","target":{"@type":"EntryPoint","urlTemplate":"https:\/\/shopatoa.com\/ro\/?s={search_term_string}"},"query-input":{"@type":"PropertyValueSpecification","valueRequired":true,"valueName":"search_term_string"}}],"inLanguage":"ro-RO"},{"@type":"Organization","@id":"https:\/\/shopatoa.com\/ro\/#organization","name":"SHOPATOA","url":"https:\/\/shopatoa.com\/ro\/","logo":{"@type":"ImageObject","inLanguage":"ro-RO","@id":"https:\/\/shopatoa.com\/ro\/#\/schema\/logo\/image\/","url":"https:\/\/storage.googleapis.com\/cz-shopatoa-img\/ro\/b4dac915-shopatoa_logo.png","contentUrl":"https:\/\/storage.googleapis.com\/cz-shopatoa-img\/ro\/b4dac915-shopatoa_logo.png","width":416,"height":63,"caption":"SHOPATOA"},"image":{"@id":"https:\/\/shopatoa.com\/ro\/#\/schema\/logo\/image\/"}}]}},"_links":{"self":[{"href":"https:\/\/shopatoa.com\/ro\/wp-json\/wp\/v2\/product\/277491","targetHints":{"allow":["GET"]}}],"collection":[{"href":"https:\/\/shopatoa.com\/ro\/wp-json\/wp\/v2\/product"}],"about":[{"href":"https:\/\/shopatoa.com\/ro\/wp-json\/wp\/v2\/types\/product"}],"replies":[{"embeddable":true,"href":"https:\/\/shopatoa.com\/ro\/wp-json\/wp\/v2\/comments?post=277491"}],"wp:featuredmedia":[{"embeddable":true,"href":"https:\/\/shopatoa.com\/ro\/wp-json\/wp\/v2\/media\/277492"}],"wp:attachment":[{"href":"https:\/\/shopatoa.com\/ro\/wp-json\/wp\/v2\/media?parent=277491"}],"wp:term":[{"taxonomy":"product_brand","embeddable":true,"href":"https:\/\/shopatoa.com\/ro\/wp-json\/wp\/v2\/product_brand?post=277491"},{"taxonomy":"product_cat","embeddable":true,"href":"https:\/\/shopatoa.com\/ro\/wp-json\/wp\/v2\/product_cat?post=277491"},{"taxonomy":"product_tag","embeddable":true,"href":"https:\/\/shopatoa.com\/ro\/wp-json\/wp\/v2\/product_tag?post=277491"}],"curies":[{"name":"wp","href":"https:\/\/api.w.org\/{rel}","templated":true}]}}