{"id":277750,"date":"2025-04-30T09:21:42","date_gmt":"2025-04-30T07:21:42","guid":{"rendered":"https:\/\/shopatoa.com\/ro\/color-wow-spray-texturizant-pentru-par-vopsit-style-on-steroids-performance-enhancing-texture-spray-262-ml\/"},"modified":"2025-09-25T21:00:53","modified_gmt":"2025-09-25T19:00:53","slug":"color-wow-spray-texturizant-pentru-par-vopsit-style-on-steroids-performance-enhancing-texture-spray-262-ml","status":"publish","type":"product","link":"https:\/\/shopatoa.com\/ro\/color-wow-spray-texturizant-pentru-par-vopsit-style-on-steroids-performance-enhancing-texture-spray-262-ml\/","title":{"rendered":"Color Wow Spray texturizant pentru par vopsit Style on Steroids (Performance Enhancing Texture Spray) 262 ml"},"content":{"rendered":"<p>Compozi\u021bia transparent\u0103 a spray-ului Style on Steroids nu las\u0103 pete albe \u00een p\u0103r \u0219i nu matifiaz\u0103 intensitatea culorii. Amestecul perfect echilibrat de microzeoli\u021bi (pentru rezisten\u021b\u0103 \u0219i prindere) \u0219i elastomeri hidratan\u021bi (confer\u0103 p\u0103rului elasticitate, p\u0103streaz\u0103 memoria coafurii \u0219i \u00eempiedic\u0103 lipirea firelor \u00eentre ele) a fost creat special pentru p\u0103rul tratat cu culoare. ofer\u0103 protec\u021bie termic\u0103,<\/p>\n","protected":false},"excerpt":{"rendered":"<p>Compozi\u021bia transparent\u0103 a spray-ului Style on Steroids nu las\u0103 pete albe \u00een p\u0103r \u0219i nu matifiaz\u0103 intensitatea culorii. Amestecul perfect echilibrat de microzeoli\u021bi (pentru rezisten\u021b\u0103 \u0219i prindere) \u0219i elastomeri hidratan\u021bi (confer\u0103 p\u0103rului elasticitate, p\u0103streaz\u0103 memoria coafurii \u0219i \u00eempiedic\u0103 lipirea firelor \u00eentre ele) a fost creat special pentru p\u0103rul tratat cu culoare. ofer\u0103 protec\u021bie termic\u0103,<\/p>\n","protected":false},"featured_media":277751,"comment_status":"closed","ping_status":"open","template":"","meta":{"_acf_changed":false,"_kadence_starter_templates_imported_post":false,"_kad_post_transparent":"","_kad_post_title":"","_kad_post_layout":"","_kad_post_sidebar_id":"","_kad_post_content_style":"","_kad_post_vertical_padding":"","_kad_post_feature":"","_kad_post_feature_position":"","_kad_post_header":false,"_kad_post_footer":false,"_kad_post_classname":""},"product_brand":[881],"product_cat":[246,623,779],"product_tag":[],"class_list":{"0":"post-277750","1":"product","2":"type-product","3":"status-publish","4":"has-post-thumbnail","6":"product_brand-color-wow","7":"product_cat-cosmetice","8":"product_cat-produse-cosmetice-pentru-par","9":"product_cat-protectie-termica-a-parului","11":"first","12":"instock","13":"product-type-external","14":"entry","15":"content-bg","16":"loop-entry"},"acf":[],"yoast_head":"<!-- This site is optimized with the Yoast SEO plugin v27.4 - https:\/\/yoast.com\/product\/yoast-seo-wordpress\/ -->\n<title>Color Wow Spray texturizant pentru par vopsit Style on Steroids (Performance Enhancing Texture Spray) 262 ml - SHOPATOA.COM<\/title>\n<meta name=\"robots\" content=\"index, follow, max-snippet:-1, max-image-preview:large, max-video-preview:-1\" \/>\n<link rel=\"canonical\" href=\"https:\/\/shopatoa.com\/ro\/color-wow-spray-texturizant-pentru-par-vopsit-style-on-steroids-performance-enhancing-texture-spray-262-ml\/\" \/>\n<meta property=\"og:locale\" content=\"ro_RO\" \/>\n<meta property=\"og:type\" content=\"article\" \/>\n<meta property=\"og:title\" content=\"Color Wow Spray texturizant pentru par vopsit Style on Steroids (Performance Enhancing Texture Spray) 262 ml - SHOPATOA.COM\" \/>\n<meta property=\"og:description\" content=\"Compozi\u021bia transparent\u0103 a spray-ului Style on Steroids nu las\u0103 pete albe \u00een p\u0103r \u0219i nu matifiaz\u0103 intensitatea culorii. Amestecul perfect echilibrat de microzeoli\u021bi (pentru rezisten\u021b\u0103 \u0219i prindere) \u0219i elastomeri hidratan\u021bi (confer\u0103 p\u0103rului elasticitate, p\u0103streaz\u0103 memoria coafurii \u0219i \u00eempiedic\u0103 lipirea firelor \u00eentre ele) a fost creat special pentru p\u0103rul tratat cu culoare. ofer\u0103 protec\u021bie termic\u0103,\" \/>\n<meta property=\"og:url\" content=\"https:\/\/shopatoa.com\/ro\/color-wow-spray-texturizant-pentru-par-vopsit-style-on-steroids-performance-enhancing-texture-spray-262-ml\/\" \/>\n<meta property=\"og:site_name\" content=\"SHOPATOA\" \/>\n<meta property=\"article:modified_time\" content=\"2025-09-25T19:00:53+00:00\" \/>\n<meta property=\"og:image\" content=\"https:\/\/storage.googleapis.com\/cz-shopatoa-img\/ro\/ee2ff642-unnamed-file.webp\" \/>\n\t<meta property=\"og:image:width\" content=\"800\" \/>\n\t<meta property=\"og:image:height\" content=\"800\" \/>\n\t<meta property=\"og:image:type\" content=\"image\/webp\" \/>\n<meta name=\"twitter:card\" content=\"summary_large_image\" \/>\n<script type=\"application\/ld+json\" class=\"yoast-schema-graph\">{\"@context\":\"https:\\\/\\\/schema.org\",\"@graph\":[{\"@type\":\"WebPage\",\"@id\":\"https:\\\/\\\/shopatoa.com\\\/ro\\\/color-wow-spray-texturizant-pentru-par-vopsit-style-on-steroids-performance-enhancing-texture-spray-262-ml\\\/\",\"url\":\"https:\\\/\\\/shopatoa.com\\\/ro\\\/color-wow-spray-texturizant-pentru-par-vopsit-style-on-steroids-performance-enhancing-texture-spray-262-ml\\\/\",\"name\":\"Color Wow Spray texturizant pentru par vopsit Style on Steroids (Performance Enhancing Texture Spray) 262 ml - SHOPATOA.COM\",\"isPartOf\":{\"@id\":\"https:\\\/\\\/shopatoa.com\\\/ro\\\/#website\"},\"primaryImageOfPage\":{\"@id\":\"https:\\\/\\\/shopatoa.com\\\/ro\\\/color-wow-spray-texturizant-pentru-par-vopsit-style-on-steroids-performance-enhancing-texture-spray-262-ml\\\/#primaryimage\"},\"image\":{\"@id\":\"https:\\\/\\\/shopatoa.com\\\/ro\\\/color-wow-spray-texturizant-pentru-par-vopsit-style-on-steroids-performance-enhancing-texture-spray-262-ml\\\/#primaryimage\"},\"thumbnailUrl\":\"https:\\\/\\\/storage.googleapis.com\\\/cz-shopatoa-img\\\/ro\\\/ee2ff642-unnamed-file.webp\",\"datePublished\":\"2025-04-30T07:21:42+00:00\",\"dateModified\":\"2025-09-25T19:00:53+00:00\",\"breadcrumb\":{\"@id\":\"https:\\\/\\\/shopatoa.com\\\/ro\\\/color-wow-spray-texturizant-pentru-par-vopsit-style-on-steroids-performance-enhancing-texture-spray-262-ml\\\/#breadcrumb\"},\"inLanguage\":\"ro-RO\",\"potentialAction\":[{\"@type\":\"ReadAction\",\"target\":[\"https:\\\/\\\/shopatoa.com\\\/ro\\\/color-wow-spray-texturizant-pentru-par-vopsit-style-on-steroids-performance-enhancing-texture-spray-262-ml\\\/\"]}]},{\"@type\":\"ImageObject\",\"inLanguage\":\"ro-RO\",\"@id\":\"https:\\\/\\\/shopatoa.com\\\/ro\\\/color-wow-spray-texturizant-pentru-par-vopsit-style-on-steroids-performance-enhancing-texture-spray-262-ml\\\/#primaryimage\",\"url\":\"https:\\\/\\\/storage.googleapis.com\\\/cz-shopatoa-img\\\/ro\\\/ee2ff642-unnamed-file.webp\",\"contentUrl\":\"https:\\\/\\\/storage.googleapis.com\\\/cz-shopatoa-img\\\/ro\\\/ee2ff642-unnamed-file.webp\",\"width\":800,\"height\":800},{\"@type\":\"BreadcrumbList\",\"@id\":\"https:\\\/\\\/shopatoa.com\\\/ro\\\/color-wow-spray-texturizant-pentru-par-vopsit-style-on-steroids-performance-enhancing-texture-spray-262-ml\\\/#breadcrumb\",\"itemListElement\":[{\"@type\":\"ListItem\",\"position\":1,\"name\":\"Dom\u016f\",\"item\":\"https:\\\/\\\/shopatoa.com\\\/ro\\\/\"},{\"@type\":\"ListItem\",\"position\":2,\"name\":\"Shop\",\"item\":\"https:\\\/\\\/shopatoa.com\\\/ro\\\/shop\\\/\"},{\"@type\":\"ListItem\",\"position\":3,\"name\":\"Cosmetice\",\"item\":\"https:\\\/\\\/shopatoa.com\\\/ro\\\/cosmetice\\\/\"},{\"@type\":\"ListItem\",\"position\":4,\"name\":\"Produse cosmetice pentru p\u0103r\",\"item\":\"https:\\\/\\\/shopatoa.com\\\/ro\\\/produse-cosmetice-pentru-par\\\/\"},{\"@type\":\"ListItem\",\"position\":5,\"name\":\"Protec\u021bie termic\u0103 a p\u0103rului\",\"item\":\"https:\\\/\\\/shopatoa.com\\\/ro\\\/protectie-termica-a-parului\\\/\"},{\"@type\":\"ListItem\",\"position\":6,\"name\":\"Color Wow Spray texturizant pentru par vopsit Style on Steroids (Performance Enhancing Texture Spray) 262 ml\"}]},{\"@type\":\"WebSite\",\"@id\":\"https:\\\/\\\/shopatoa.com\\\/ro\\\/#website\",\"url\":\"https:\\\/\\\/shopatoa.com\\\/ro\\\/\",\"name\":\"SHOPATOA\",\"description\":\"\",\"publisher\":{\"@id\":\"https:\\\/\\\/shopatoa.com\\\/ro\\\/#organization\"},\"potentialAction\":[{\"@type\":\"SearchAction\",\"target\":{\"@type\":\"EntryPoint\",\"urlTemplate\":\"https:\\\/\\\/shopatoa.com\\\/ro\\\/?s={search_term_string}\"},\"query-input\":{\"@type\":\"PropertyValueSpecification\",\"valueRequired\":true,\"valueName\":\"search_term_string\"}}],\"inLanguage\":\"ro-RO\"},{\"@type\":\"Organization\",\"@id\":\"https:\\\/\\\/shopatoa.com\\\/ro\\\/#organization\",\"name\":\"SHOPATOA\",\"url\":\"https:\\\/\\\/shopatoa.com\\\/ro\\\/\",\"logo\":{\"@type\":\"ImageObject\",\"inLanguage\":\"ro-RO\",\"@id\":\"https:\\\/\\\/shopatoa.com\\\/ro\\\/#\\\/schema\\\/logo\\\/image\\\/\",\"url\":\"https:\\\/\\\/storage.googleapis.com\\\/cz-shopatoa-img\\\/ro\\\/b4dac915-shopatoa_logo.png\",\"contentUrl\":\"https:\\\/\\\/storage.googleapis.com\\\/cz-shopatoa-img\\\/ro\\\/b4dac915-shopatoa_logo.png\",\"width\":416,\"height\":63,\"caption\":\"SHOPATOA\"},\"image\":{\"@id\":\"https:\\\/\\\/shopatoa.com\\\/ro\\\/#\\\/schema\\\/logo\\\/image\\\/\"}}]}<\/script>\n<!-- \/ Yoast SEO plugin. -->","yoast_head_json":{"title":"Color Wow Spray texturizant pentru par vopsit Style on Steroids (Performance Enhancing Texture Spray) 262 ml - SHOPATOA.COM","robots":{"index":"index","follow":"follow","max-snippet":"max-snippet:-1","max-image-preview":"max-image-preview:large","max-video-preview":"max-video-preview:-1"},"canonical":"https:\/\/shopatoa.com\/ro\/color-wow-spray-texturizant-pentru-par-vopsit-style-on-steroids-performance-enhancing-texture-spray-262-ml\/","og_locale":"ro_RO","og_type":"article","og_title":"Color Wow Spray texturizant pentru par vopsit Style on Steroids (Performance Enhancing Texture Spray) 262 ml - SHOPATOA.COM","og_description":"Compozi\u021bia transparent\u0103 a spray-ului Style on Steroids nu las\u0103 pete albe \u00een p\u0103r \u0219i nu matifiaz\u0103 intensitatea culorii. Amestecul perfect echilibrat de microzeoli\u021bi (pentru rezisten\u021b\u0103 \u0219i prindere) \u0219i elastomeri hidratan\u021bi (confer\u0103 p\u0103rului elasticitate, p\u0103streaz\u0103 memoria coafurii \u0219i \u00eempiedic\u0103 lipirea firelor \u00eentre ele) a fost creat special pentru p\u0103rul tratat cu culoare. ofer\u0103 protec\u021bie termic\u0103,","og_url":"https:\/\/shopatoa.com\/ro\/color-wow-spray-texturizant-pentru-par-vopsit-style-on-steroids-performance-enhancing-texture-spray-262-ml\/","og_site_name":"SHOPATOA","article_modified_time":"2025-09-25T19:00:53+00:00","og_image":[{"width":800,"height":800,"url":"https:\/\/storage.googleapis.com\/cz-shopatoa-img\/ro\/ee2ff642-unnamed-file.webp","type":"image\/webp"}],"twitter_card":"summary_large_image","schema":{"@context":"https:\/\/schema.org","@graph":[{"@type":"WebPage","@id":"https:\/\/shopatoa.com\/ro\/color-wow-spray-texturizant-pentru-par-vopsit-style-on-steroids-performance-enhancing-texture-spray-262-ml\/","url":"https:\/\/shopatoa.com\/ro\/color-wow-spray-texturizant-pentru-par-vopsit-style-on-steroids-performance-enhancing-texture-spray-262-ml\/","name":"Color Wow Spray texturizant pentru par vopsit Style on Steroids (Performance Enhancing Texture Spray) 262 ml - SHOPATOA.COM","isPartOf":{"@id":"https:\/\/shopatoa.com\/ro\/#website"},"primaryImageOfPage":{"@id":"https:\/\/shopatoa.com\/ro\/color-wow-spray-texturizant-pentru-par-vopsit-style-on-steroids-performance-enhancing-texture-spray-262-ml\/#primaryimage"},"image":{"@id":"https:\/\/shopatoa.com\/ro\/color-wow-spray-texturizant-pentru-par-vopsit-style-on-steroids-performance-enhancing-texture-spray-262-ml\/#primaryimage"},"thumbnailUrl":"https:\/\/storage.googleapis.com\/cz-shopatoa-img\/ro\/ee2ff642-unnamed-file.webp","datePublished":"2025-04-30T07:21:42+00:00","dateModified":"2025-09-25T19:00:53+00:00","breadcrumb":{"@id":"https:\/\/shopatoa.com\/ro\/color-wow-spray-texturizant-pentru-par-vopsit-style-on-steroids-performance-enhancing-texture-spray-262-ml\/#breadcrumb"},"inLanguage":"ro-RO","potentialAction":[{"@type":"ReadAction","target":["https:\/\/shopatoa.com\/ro\/color-wow-spray-texturizant-pentru-par-vopsit-style-on-steroids-performance-enhancing-texture-spray-262-ml\/"]}]},{"@type":"ImageObject","inLanguage":"ro-RO","@id":"https:\/\/shopatoa.com\/ro\/color-wow-spray-texturizant-pentru-par-vopsit-style-on-steroids-performance-enhancing-texture-spray-262-ml\/#primaryimage","url":"https:\/\/storage.googleapis.com\/cz-shopatoa-img\/ro\/ee2ff642-unnamed-file.webp","contentUrl":"https:\/\/storage.googleapis.com\/cz-shopatoa-img\/ro\/ee2ff642-unnamed-file.webp","width":800,"height":800},{"@type":"BreadcrumbList","@id":"https:\/\/shopatoa.com\/ro\/color-wow-spray-texturizant-pentru-par-vopsit-style-on-steroids-performance-enhancing-texture-spray-262-ml\/#breadcrumb","itemListElement":[{"@type":"ListItem","position":1,"name":"Dom\u016f","item":"https:\/\/shopatoa.com\/ro\/"},{"@type":"ListItem","position":2,"name":"Shop","item":"https:\/\/shopatoa.com\/ro\/shop\/"},{"@type":"ListItem","position":3,"name":"Cosmetice","item":"https:\/\/shopatoa.com\/ro\/cosmetice\/"},{"@type":"ListItem","position":4,"name":"Produse cosmetice pentru p\u0103r","item":"https:\/\/shopatoa.com\/ro\/produse-cosmetice-pentru-par\/"},{"@type":"ListItem","position":5,"name":"Protec\u021bie termic\u0103 a p\u0103rului","item":"https:\/\/shopatoa.com\/ro\/protectie-termica-a-parului\/"},{"@type":"ListItem","position":6,"name":"Color Wow Spray texturizant pentru par vopsit Style on Steroids (Performance Enhancing Texture Spray) 262 ml"}]},{"@type":"WebSite","@id":"https:\/\/shopatoa.com\/ro\/#website","url":"https:\/\/shopatoa.com\/ro\/","name":"SHOPATOA","description":"","publisher":{"@id":"https:\/\/shopatoa.com\/ro\/#organization"},"potentialAction":[{"@type":"SearchAction","target":{"@type":"EntryPoint","urlTemplate":"https:\/\/shopatoa.com\/ro\/?s={search_term_string}"},"query-input":{"@type":"PropertyValueSpecification","valueRequired":true,"valueName":"search_term_string"}}],"inLanguage":"ro-RO"},{"@type":"Organization","@id":"https:\/\/shopatoa.com\/ro\/#organization","name":"SHOPATOA","url":"https:\/\/shopatoa.com\/ro\/","logo":{"@type":"ImageObject","inLanguage":"ro-RO","@id":"https:\/\/shopatoa.com\/ro\/#\/schema\/logo\/image\/","url":"https:\/\/storage.googleapis.com\/cz-shopatoa-img\/ro\/b4dac915-shopatoa_logo.png","contentUrl":"https:\/\/storage.googleapis.com\/cz-shopatoa-img\/ro\/b4dac915-shopatoa_logo.png","width":416,"height":63,"caption":"SHOPATOA"},"image":{"@id":"https:\/\/shopatoa.com\/ro\/#\/schema\/logo\/image\/"}}]}},"_links":{"self":[{"href":"https:\/\/shopatoa.com\/ro\/wp-json\/wp\/v2\/product\/277750","targetHints":{"allow":["GET"]}}],"collection":[{"href":"https:\/\/shopatoa.com\/ro\/wp-json\/wp\/v2\/product"}],"about":[{"href":"https:\/\/shopatoa.com\/ro\/wp-json\/wp\/v2\/types\/product"}],"replies":[{"embeddable":true,"href":"https:\/\/shopatoa.com\/ro\/wp-json\/wp\/v2\/comments?post=277750"}],"wp:featuredmedia":[{"embeddable":true,"href":"https:\/\/shopatoa.com\/ro\/wp-json\/wp\/v2\/media\/277751"}],"wp:attachment":[{"href":"https:\/\/shopatoa.com\/ro\/wp-json\/wp\/v2\/media?parent=277750"}],"wp:term":[{"taxonomy":"product_brand","embeddable":true,"href":"https:\/\/shopatoa.com\/ro\/wp-json\/wp\/v2\/product_brand?post=277750"},{"taxonomy":"product_cat","embeddable":true,"href":"https:\/\/shopatoa.com\/ro\/wp-json\/wp\/v2\/product_cat?post=277750"},{"taxonomy":"product_tag","embeddable":true,"href":"https:\/\/shopatoa.com\/ro\/wp-json\/wp\/v2\/product_tag?post=277750"}],"curies":[{"name":"wp","href":"https:\/\/api.w.org\/{rel}","templated":true}]}}