{"id":277974,"date":"2025-04-30T10:10:53","date_gmt":"2025-04-30T08:10:53","guid":{"rendered":"https:\/\/shopatoa.com\/ro\/styx-gel-de-fermitate-forte-cu-efect-intens-aroma-derm-150-ml\/"},"modified":"2025-12-11T20:56:46","modified_gmt":"2025-12-11T19:56:46","slug":"styx-gel-de-fermitate-forte-cu-efect-intens-aroma-derm-150-ml","status":"publish","type":"product","link":"https:\/\/shopatoa.com\/ro\/styx-gel-de-fermitate-forte-cu-efect-intens-aroma-derm-150-ml\/","title":{"rendered":"Styx Gel de fermitate Forte cu efect intens Aroma Derm 150 ml"},"content":{"rendered":"<p>Gelul intensiv anticelulitic neteze\u0219te, \u00eent\u0103re\u0219te \u0219i regenereaz\u0103 pielea \u00een profunzime. Datorit\u0103 efectului intens, este recomandat pentru tipurile de ten mai rezistent \u0219i mai pu\u021bin sensibil. \u00cen timpul tratamentului, metabolismul este activat, ceea ce duce la un rezultat optim. \u00cen timpul tratamentului, cre\u0219te\u021bi aportul de lichide, de preferin\u021b\u0103 ap\u0103 curat\u0103. Utiliza\u021bi \u00eenainte de exerci\u021bii. Masa\u021bi produsul \u00een zonele cu probleme, purta\u021bi pantaloni elastici sau de compresie \u0219i efectua\u021bi exerci\u021biul preferat.<\/p>\n","protected":false},"excerpt":{"rendered":"<p>Gelul intensiv anticelulitic neteze\u0219te, \u00eent\u0103re\u0219te \u0219i regenereaz\u0103 pielea \u00een profunzime. Datorit\u0103 efectului intens, este recomandat pentru tipurile de ten mai rezistent \u0219i mai pu\u021bin sensibil. \u00cen timpul tratamentului, metabolismul este activat, ceea ce duce la un rezultat optim. \u00cen timpul tratamentului, cre\u0219te\u021bi aportul de lichide, de preferin\u021b\u0103 ap\u0103 curat\u0103. Utiliza\u021bi \u00eenainte de exerci\u021bii. Masa\u021bi produsul&#8230;<\/p>\n","protected":false},"featured_media":277975,"comment_status":"closed","ping_status":"open","template":"","meta":{"_acf_changed":false,"_kadence_starter_templates_imported_post":false,"_kad_post_transparent":"","_kad_post_title":"","_kad_post_layout":"","_kad_post_sidebar_id":"","_kad_post_content_style":"","_kad_post_vertical_padding":"","_kad_post_feature":"","_kad_post_feature_position":"","_kad_post_header":false,"_kad_post_footer":false,"_kad_post_classname":""},"product_brand":[562],"product_cat":[612,246,691,611],"product_tag":[],"class_list":{"0":"post-277974","1":"product","2":"type-product","3":"status-publish","4":"has-post-thumbnail","6":"product_brand-styx","7":"product_cat-cosmetica-pentru-ingrijirea-corpului","8":"product_cat-cosmetice","9":"product_cat-cosmetice-impotriva-celulitei-si-vergeturilor","10":"product_cat-produse-cosmetice-pentru-corp","12":"first","13":"instock","14":"product-type-external","15":"entry","16":"content-bg","17":"loop-entry"},"acf":[],"yoast_head":"<!-- This site is optimized with the Yoast SEO plugin v27.4 - https:\/\/yoast.com\/product\/yoast-seo-wordpress\/ -->\n<title>Styx Gel de fermitate Forte cu efect intens Aroma Derm 150 ml - SHOPATOA.COM<\/title>\n<meta name=\"robots\" content=\"index, follow, max-snippet:-1, max-image-preview:large, max-video-preview:-1\" \/>\n<link rel=\"canonical\" href=\"https:\/\/shopatoa.com\/ro\/styx-gel-de-fermitate-forte-cu-efect-intens-aroma-derm-150-ml\/\" \/>\n<meta property=\"og:locale\" content=\"ro_RO\" \/>\n<meta property=\"og:type\" content=\"article\" \/>\n<meta property=\"og:title\" content=\"Styx Gel de fermitate Forte cu efect intens Aroma Derm 150 ml - SHOPATOA.COM\" \/>\n<meta property=\"og:description\" content=\"Gelul intensiv anticelulitic neteze\u0219te, \u00eent\u0103re\u0219te \u0219i regenereaz\u0103 pielea \u00een profunzime. Datorit\u0103 efectului intens, este recomandat pentru tipurile de ten mai rezistent \u0219i mai pu\u021bin sensibil. \u00cen timpul tratamentului, metabolismul este activat, ceea ce duce la un rezultat optim. \u00cen timpul tratamentului, cre\u0219te\u021bi aportul de lichide, de preferin\u021b\u0103 ap\u0103 curat\u0103. Utiliza\u021bi \u00eenainte de exerci\u021bii. Masa\u021bi produsul...\" \/>\n<meta property=\"og:url\" content=\"https:\/\/shopatoa.com\/ro\/styx-gel-de-fermitate-forte-cu-efect-intens-aroma-derm-150-ml\/\" \/>\n<meta property=\"og:site_name\" content=\"SHOPATOA\" \/>\n<meta property=\"article:modified_time\" content=\"2025-12-11T19:56:46+00:00\" \/>\n<meta property=\"og:image\" content=\"https:\/\/storage.googleapis.com\/cz-shopatoa-img\/ro\/9d303dde-unnamed-file.webp\" \/>\n\t<meta property=\"og:image:width\" content=\"800\" \/>\n\t<meta property=\"og:image:height\" content=\"800\" \/>\n\t<meta property=\"og:image:type\" content=\"image\/webp\" \/>\n<meta name=\"twitter:card\" content=\"summary_large_image\" \/>\n<script type=\"application\/ld+json\" class=\"yoast-schema-graph\">{\"@context\":\"https:\\\/\\\/schema.org\",\"@graph\":[{\"@type\":\"WebPage\",\"@id\":\"https:\\\/\\\/shopatoa.com\\\/ro\\\/styx-gel-de-fermitate-forte-cu-efect-intens-aroma-derm-150-ml\\\/\",\"url\":\"https:\\\/\\\/shopatoa.com\\\/ro\\\/styx-gel-de-fermitate-forte-cu-efect-intens-aroma-derm-150-ml\\\/\",\"name\":\"Styx Gel de fermitate Forte cu efect intens Aroma Derm 150 ml - SHOPATOA.COM\",\"isPartOf\":{\"@id\":\"https:\\\/\\\/shopatoa.com\\\/ro\\\/#website\"},\"primaryImageOfPage\":{\"@id\":\"https:\\\/\\\/shopatoa.com\\\/ro\\\/styx-gel-de-fermitate-forte-cu-efect-intens-aroma-derm-150-ml\\\/#primaryimage\"},\"image\":{\"@id\":\"https:\\\/\\\/shopatoa.com\\\/ro\\\/styx-gel-de-fermitate-forte-cu-efect-intens-aroma-derm-150-ml\\\/#primaryimage\"},\"thumbnailUrl\":\"https:\\\/\\\/storage.googleapis.com\\\/cz-shopatoa-img\\\/ro\\\/9d303dde-unnamed-file.webp\",\"datePublished\":\"2025-04-30T08:10:53+00:00\",\"dateModified\":\"2025-12-11T19:56:46+00:00\",\"breadcrumb\":{\"@id\":\"https:\\\/\\\/shopatoa.com\\\/ro\\\/styx-gel-de-fermitate-forte-cu-efect-intens-aroma-derm-150-ml\\\/#breadcrumb\"},\"inLanguage\":\"ro-RO\",\"potentialAction\":[{\"@type\":\"ReadAction\",\"target\":[\"https:\\\/\\\/shopatoa.com\\\/ro\\\/styx-gel-de-fermitate-forte-cu-efect-intens-aroma-derm-150-ml\\\/\"]}]},{\"@type\":\"ImageObject\",\"inLanguage\":\"ro-RO\",\"@id\":\"https:\\\/\\\/shopatoa.com\\\/ro\\\/styx-gel-de-fermitate-forte-cu-efect-intens-aroma-derm-150-ml\\\/#primaryimage\",\"url\":\"https:\\\/\\\/storage.googleapis.com\\\/cz-shopatoa-img\\\/ro\\\/9d303dde-unnamed-file.webp\",\"contentUrl\":\"https:\\\/\\\/storage.googleapis.com\\\/cz-shopatoa-img\\\/ro\\\/9d303dde-unnamed-file.webp\",\"width\":800,\"height\":800},{\"@type\":\"BreadcrumbList\",\"@id\":\"https:\\\/\\\/shopatoa.com\\\/ro\\\/styx-gel-de-fermitate-forte-cu-efect-intens-aroma-derm-150-ml\\\/#breadcrumb\",\"itemListElement\":[{\"@type\":\"ListItem\",\"position\":1,\"name\":\"Dom\u016f\",\"item\":\"https:\\\/\\\/shopatoa.com\\\/ro\\\/\"},{\"@type\":\"ListItem\",\"position\":2,\"name\":\"Shop\",\"item\":\"https:\\\/\\\/shopatoa.com\\\/ro\\\/shop\\\/\"},{\"@type\":\"ListItem\",\"position\":3,\"name\":\"Cosmetice\",\"item\":\"https:\\\/\\\/shopatoa.com\\\/ro\\\/cosmetice\\\/\"},{\"@type\":\"ListItem\",\"position\":4,\"name\":\"Produse cosmetice pentru corp\",\"item\":\"https:\\\/\\\/shopatoa.com\\\/ro\\\/produse-cosmetice-pentru-corp\\\/\"},{\"@type\":\"ListItem\",\"position\":5,\"name\":\"Cosmetica pentru \u00eengrijirea corpului\",\"item\":\"https:\\\/\\\/shopatoa.com\\\/ro\\\/cosmetica-pentru-ingrijirea-corpului\\\/\"},{\"@type\":\"ListItem\",\"position\":6,\"name\":\"Cosmetice \u00eempotriva celulitei \u0219i vergeturilor\",\"item\":\"https:\\\/\\\/shopatoa.com\\\/ro\\\/cosmetice-impotriva-celulitei-si-vergeturilor\\\/\"},{\"@type\":\"ListItem\",\"position\":7,\"name\":\"Styx Gel de fermitate Forte cu efect intens Aroma Derm 150 ml\"}]},{\"@type\":\"WebSite\",\"@id\":\"https:\\\/\\\/shopatoa.com\\\/ro\\\/#website\",\"url\":\"https:\\\/\\\/shopatoa.com\\\/ro\\\/\",\"name\":\"SHOPATOA\",\"description\":\"\",\"publisher\":{\"@id\":\"https:\\\/\\\/shopatoa.com\\\/ro\\\/#organization\"},\"potentialAction\":[{\"@type\":\"SearchAction\",\"target\":{\"@type\":\"EntryPoint\",\"urlTemplate\":\"https:\\\/\\\/shopatoa.com\\\/ro\\\/?s={search_term_string}\"},\"query-input\":{\"@type\":\"PropertyValueSpecification\",\"valueRequired\":true,\"valueName\":\"search_term_string\"}}],\"inLanguage\":\"ro-RO\"},{\"@type\":\"Organization\",\"@id\":\"https:\\\/\\\/shopatoa.com\\\/ro\\\/#organization\",\"name\":\"SHOPATOA\",\"url\":\"https:\\\/\\\/shopatoa.com\\\/ro\\\/\",\"logo\":{\"@type\":\"ImageObject\",\"inLanguage\":\"ro-RO\",\"@id\":\"https:\\\/\\\/shopatoa.com\\\/ro\\\/#\\\/schema\\\/logo\\\/image\\\/\",\"url\":\"https:\\\/\\\/storage.googleapis.com\\\/cz-shopatoa-img\\\/ro\\\/b4dac915-shopatoa_logo.png\",\"contentUrl\":\"https:\\\/\\\/storage.googleapis.com\\\/cz-shopatoa-img\\\/ro\\\/b4dac915-shopatoa_logo.png\",\"width\":416,\"height\":63,\"caption\":\"SHOPATOA\"},\"image\":{\"@id\":\"https:\\\/\\\/shopatoa.com\\\/ro\\\/#\\\/schema\\\/logo\\\/image\\\/\"}}]}<\/script>\n<!-- \/ Yoast SEO plugin. -->","yoast_head_json":{"title":"Styx Gel de fermitate Forte cu efect intens Aroma Derm 150 ml - SHOPATOA.COM","robots":{"index":"index","follow":"follow","max-snippet":"max-snippet:-1","max-image-preview":"max-image-preview:large","max-video-preview":"max-video-preview:-1"},"canonical":"https:\/\/shopatoa.com\/ro\/styx-gel-de-fermitate-forte-cu-efect-intens-aroma-derm-150-ml\/","og_locale":"ro_RO","og_type":"article","og_title":"Styx Gel de fermitate Forte cu efect intens Aroma Derm 150 ml - SHOPATOA.COM","og_description":"Gelul intensiv anticelulitic neteze\u0219te, \u00eent\u0103re\u0219te \u0219i regenereaz\u0103 pielea \u00een profunzime. Datorit\u0103 efectului intens, este recomandat pentru tipurile de ten mai rezistent \u0219i mai pu\u021bin sensibil. \u00cen timpul tratamentului, metabolismul este activat, ceea ce duce la un rezultat optim. \u00cen timpul tratamentului, cre\u0219te\u021bi aportul de lichide, de preferin\u021b\u0103 ap\u0103 curat\u0103. Utiliza\u021bi \u00eenainte de exerci\u021bii. Masa\u021bi produsul...","og_url":"https:\/\/shopatoa.com\/ro\/styx-gel-de-fermitate-forte-cu-efect-intens-aroma-derm-150-ml\/","og_site_name":"SHOPATOA","article_modified_time":"2025-12-11T19:56:46+00:00","og_image":[{"width":800,"height":800,"url":"https:\/\/storage.googleapis.com\/cz-shopatoa-img\/ro\/9d303dde-unnamed-file.webp","type":"image\/webp"}],"twitter_card":"summary_large_image","schema":{"@context":"https:\/\/schema.org","@graph":[{"@type":"WebPage","@id":"https:\/\/shopatoa.com\/ro\/styx-gel-de-fermitate-forte-cu-efect-intens-aroma-derm-150-ml\/","url":"https:\/\/shopatoa.com\/ro\/styx-gel-de-fermitate-forte-cu-efect-intens-aroma-derm-150-ml\/","name":"Styx Gel de fermitate Forte cu efect intens Aroma Derm 150 ml - SHOPATOA.COM","isPartOf":{"@id":"https:\/\/shopatoa.com\/ro\/#website"},"primaryImageOfPage":{"@id":"https:\/\/shopatoa.com\/ro\/styx-gel-de-fermitate-forte-cu-efect-intens-aroma-derm-150-ml\/#primaryimage"},"image":{"@id":"https:\/\/shopatoa.com\/ro\/styx-gel-de-fermitate-forte-cu-efect-intens-aroma-derm-150-ml\/#primaryimage"},"thumbnailUrl":"https:\/\/storage.googleapis.com\/cz-shopatoa-img\/ro\/9d303dde-unnamed-file.webp","datePublished":"2025-04-30T08:10:53+00:00","dateModified":"2025-12-11T19:56:46+00:00","breadcrumb":{"@id":"https:\/\/shopatoa.com\/ro\/styx-gel-de-fermitate-forte-cu-efect-intens-aroma-derm-150-ml\/#breadcrumb"},"inLanguage":"ro-RO","potentialAction":[{"@type":"ReadAction","target":["https:\/\/shopatoa.com\/ro\/styx-gel-de-fermitate-forte-cu-efect-intens-aroma-derm-150-ml\/"]}]},{"@type":"ImageObject","inLanguage":"ro-RO","@id":"https:\/\/shopatoa.com\/ro\/styx-gel-de-fermitate-forte-cu-efect-intens-aroma-derm-150-ml\/#primaryimage","url":"https:\/\/storage.googleapis.com\/cz-shopatoa-img\/ro\/9d303dde-unnamed-file.webp","contentUrl":"https:\/\/storage.googleapis.com\/cz-shopatoa-img\/ro\/9d303dde-unnamed-file.webp","width":800,"height":800},{"@type":"BreadcrumbList","@id":"https:\/\/shopatoa.com\/ro\/styx-gel-de-fermitate-forte-cu-efect-intens-aroma-derm-150-ml\/#breadcrumb","itemListElement":[{"@type":"ListItem","position":1,"name":"Dom\u016f","item":"https:\/\/shopatoa.com\/ro\/"},{"@type":"ListItem","position":2,"name":"Shop","item":"https:\/\/shopatoa.com\/ro\/shop\/"},{"@type":"ListItem","position":3,"name":"Cosmetice","item":"https:\/\/shopatoa.com\/ro\/cosmetice\/"},{"@type":"ListItem","position":4,"name":"Produse cosmetice pentru corp","item":"https:\/\/shopatoa.com\/ro\/produse-cosmetice-pentru-corp\/"},{"@type":"ListItem","position":5,"name":"Cosmetica pentru \u00eengrijirea corpului","item":"https:\/\/shopatoa.com\/ro\/cosmetica-pentru-ingrijirea-corpului\/"},{"@type":"ListItem","position":6,"name":"Cosmetice \u00eempotriva celulitei \u0219i vergeturilor","item":"https:\/\/shopatoa.com\/ro\/cosmetice-impotriva-celulitei-si-vergeturilor\/"},{"@type":"ListItem","position":7,"name":"Styx Gel de fermitate Forte cu efect intens Aroma Derm 150 ml"}]},{"@type":"WebSite","@id":"https:\/\/shopatoa.com\/ro\/#website","url":"https:\/\/shopatoa.com\/ro\/","name":"SHOPATOA","description":"","publisher":{"@id":"https:\/\/shopatoa.com\/ro\/#organization"},"potentialAction":[{"@type":"SearchAction","target":{"@type":"EntryPoint","urlTemplate":"https:\/\/shopatoa.com\/ro\/?s={search_term_string}"},"query-input":{"@type":"PropertyValueSpecification","valueRequired":true,"valueName":"search_term_string"}}],"inLanguage":"ro-RO"},{"@type":"Organization","@id":"https:\/\/shopatoa.com\/ro\/#organization","name":"SHOPATOA","url":"https:\/\/shopatoa.com\/ro\/","logo":{"@type":"ImageObject","inLanguage":"ro-RO","@id":"https:\/\/shopatoa.com\/ro\/#\/schema\/logo\/image\/","url":"https:\/\/storage.googleapis.com\/cz-shopatoa-img\/ro\/b4dac915-shopatoa_logo.png","contentUrl":"https:\/\/storage.googleapis.com\/cz-shopatoa-img\/ro\/b4dac915-shopatoa_logo.png","width":416,"height":63,"caption":"SHOPATOA"},"image":{"@id":"https:\/\/shopatoa.com\/ro\/#\/schema\/logo\/image\/"}}]}},"_links":{"self":[{"href":"https:\/\/shopatoa.com\/ro\/wp-json\/wp\/v2\/product\/277974","targetHints":{"allow":["GET"]}}],"collection":[{"href":"https:\/\/shopatoa.com\/ro\/wp-json\/wp\/v2\/product"}],"about":[{"href":"https:\/\/shopatoa.com\/ro\/wp-json\/wp\/v2\/types\/product"}],"replies":[{"embeddable":true,"href":"https:\/\/shopatoa.com\/ro\/wp-json\/wp\/v2\/comments?post=277974"}],"wp:featuredmedia":[{"embeddable":true,"href":"https:\/\/shopatoa.com\/ro\/wp-json\/wp\/v2\/media\/277975"}],"wp:attachment":[{"href":"https:\/\/shopatoa.com\/ro\/wp-json\/wp\/v2\/media?parent=277974"}],"wp:term":[{"taxonomy":"product_brand","embeddable":true,"href":"https:\/\/shopatoa.com\/ro\/wp-json\/wp\/v2\/product_brand?post=277974"},{"taxonomy":"product_cat","embeddable":true,"href":"https:\/\/shopatoa.com\/ro\/wp-json\/wp\/v2\/product_cat?post=277974"},{"taxonomy":"product_tag","embeddable":true,"href":"https:\/\/shopatoa.com\/ro\/wp-json\/wp\/v2\/product_tag?post=277974"}],"curies":[{"name":"wp","href":"https:\/\/api.w.org\/{rel}","templated":true}]}}