{"id":277976,"date":"2025-04-30T10:11:05","date_gmt":"2025-04-30T08:11:05","guid":{"rendered":"https:\/\/shopatoa.com\/ro\/styx-gel-activator-scortisoara-aroma-derm-zell-aktiv-150-ml\/"},"modified":"2025-12-11T20:56:43","modified_gmt":"2025-12-11T19:56:43","slug":"styx-gel-activator-scortisoara-aroma-derm-zell-aktiv-150-ml","status":"publish","type":"product","link":"https:\/\/shopatoa.com\/ro\/styx-gel-activator-scortisoara-aroma-derm-zell-aktiv-150-ml\/","title":{"rendered":"Styx Gel activator scor\u021bi\u0219oar\u0103 Aroma Derm (Zell Aktiv) 150 ml"},"content":{"rendered":"<p>Gelul pl\u0103cut r\u0103coritor cu ulei de scor\u021bi\u0219oar\u0103 este potrivit pentru ingrijirea zilnic\u0103 a pielii problematice afectate de celulit\u0103. Este bine absorbit \u0219i activeaz\u0103 rapid regenerarea celular\u0103. Recomand\u0103m cre\u0219terea aportului de lichide in timpul tratamentului, de preferat ap\u0103 curat\u0103 plat\u0103. Utiliza\u021bi \u00eenainte de exerci\u021bii. Masa\u021bi produsul \u00een zonele cu probleme, purta\u021bi pantaloni elastici sau de compresie \u0219i efectua\u021bi exerci\u021biul preferat.<\/p>\n","protected":false},"excerpt":{"rendered":"<p>Gelul pl\u0103cut r\u0103coritor cu ulei de scor\u021bi\u0219oar\u0103 este potrivit pentru ingrijirea zilnic\u0103 a pielii problematice afectate de celulit\u0103. Este bine absorbit \u0219i activeaz\u0103 rapid regenerarea celular\u0103. Recomand\u0103m cre\u0219terea aportului de lichide in timpul tratamentului, de preferat ap\u0103 curat\u0103 plat\u0103. Utiliza\u021bi \u00eenainte de exerci\u021bii. Masa\u021bi produsul \u00een zonele cu probleme, purta\u021bi pantaloni elastici sau de compresie&#8230;<\/p>\n","protected":false},"featured_media":277977,"comment_status":"closed","ping_status":"open","template":"","meta":{"_acf_changed":false,"_kadence_starter_templates_imported_post":false,"_kad_post_transparent":"","_kad_post_title":"","_kad_post_layout":"","_kad_post_sidebar_id":"","_kad_post_content_style":"","_kad_post_vertical_padding":"","_kad_post_feature":"","_kad_post_feature_position":"","_kad_post_header":false,"_kad_post_footer":false,"_kad_post_classname":""},"product_brand":[562],"product_cat":[612,246,691,611],"product_tag":[],"class_list":{"0":"post-277976","1":"product","2":"type-product","3":"status-publish","4":"has-post-thumbnail","6":"product_brand-styx","7":"product_cat-cosmetica-pentru-ingrijirea-corpului","8":"product_cat-cosmetice","9":"product_cat-cosmetice-impotriva-celulitei-si-vergeturilor","10":"product_cat-produse-cosmetice-pentru-corp","12":"first","13":"instock","14":"sale","15":"product-type-external","16":"entry","17":"content-bg","18":"loop-entry"},"acf":[],"yoast_head":"<!-- This site is optimized with the Yoast SEO plugin v27.4 - https:\/\/yoast.com\/product\/yoast-seo-wordpress\/ -->\n<title>Styx Gel activator scor\u021bi\u0219oar\u0103 Aroma Derm (Zell Aktiv) 150 ml - SHOPATOA.COM<\/title>\n<meta name=\"robots\" content=\"index, follow, max-snippet:-1, max-image-preview:large, max-video-preview:-1\" \/>\n<link rel=\"canonical\" href=\"https:\/\/shopatoa.com\/ro\/styx-gel-activator-scortisoara-aroma-derm-zell-aktiv-150-ml\/\" \/>\n<meta property=\"og:locale\" content=\"ro_RO\" \/>\n<meta property=\"og:type\" content=\"article\" \/>\n<meta property=\"og:title\" content=\"Styx Gel activator scor\u021bi\u0219oar\u0103 Aroma Derm (Zell Aktiv) 150 ml - SHOPATOA.COM\" \/>\n<meta property=\"og:description\" content=\"Gelul pl\u0103cut r\u0103coritor cu ulei de scor\u021bi\u0219oar\u0103 este potrivit pentru ingrijirea zilnic\u0103 a pielii problematice afectate de celulit\u0103. Este bine absorbit \u0219i activeaz\u0103 rapid regenerarea celular\u0103. Recomand\u0103m cre\u0219terea aportului de lichide in timpul tratamentului, de preferat ap\u0103 curat\u0103 plat\u0103. Utiliza\u021bi \u00eenainte de exerci\u021bii. Masa\u021bi produsul \u00een zonele cu probleme, purta\u021bi pantaloni elastici sau de compresie...\" \/>\n<meta property=\"og:url\" content=\"https:\/\/shopatoa.com\/ro\/styx-gel-activator-scortisoara-aroma-derm-zell-aktiv-150-ml\/\" \/>\n<meta property=\"og:site_name\" content=\"SHOPATOA\" \/>\n<meta property=\"article:modified_time\" content=\"2025-12-11T19:56:43+00:00\" \/>\n<meta property=\"og:image\" content=\"https:\/\/storage.googleapis.com\/cz-shopatoa-img\/ro\/67627445-unnamed-file.webp\" \/>\n\t<meta property=\"og:image:width\" content=\"800\" \/>\n\t<meta property=\"og:image:height\" content=\"800\" \/>\n\t<meta property=\"og:image:type\" content=\"image\/webp\" \/>\n<meta name=\"twitter:card\" content=\"summary_large_image\" \/>\n<script type=\"application\/ld+json\" class=\"yoast-schema-graph\">{\"@context\":\"https:\\\/\\\/schema.org\",\"@graph\":[{\"@type\":\"WebPage\",\"@id\":\"https:\\\/\\\/shopatoa.com\\\/ro\\\/styx-gel-activator-scortisoara-aroma-derm-zell-aktiv-150-ml\\\/\",\"url\":\"https:\\\/\\\/shopatoa.com\\\/ro\\\/styx-gel-activator-scortisoara-aroma-derm-zell-aktiv-150-ml\\\/\",\"name\":\"Styx Gel activator scor\u021bi\u0219oar\u0103 Aroma Derm (Zell Aktiv) 150 ml - SHOPATOA.COM\",\"isPartOf\":{\"@id\":\"https:\\\/\\\/shopatoa.com\\\/ro\\\/#website\"},\"primaryImageOfPage\":{\"@id\":\"https:\\\/\\\/shopatoa.com\\\/ro\\\/styx-gel-activator-scortisoara-aroma-derm-zell-aktiv-150-ml\\\/#primaryimage\"},\"image\":{\"@id\":\"https:\\\/\\\/shopatoa.com\\\/ro\\\/styx-gel-activator-scortisoara-aroma-derm-zell-aktiv-150-ml\\\/#primaryimage\"},\"thumbnailUrl\":\"https:\\\/\\\/storage.googleapis.com\\\/cz-shopatoa-img\\\/ro\\\/67627445-unnamed-file.webp\",\"datePublished\":\"2025-04-30T08:11:05+00:00\",\"dateModified\":\"2025-12-11T19:56:43+00:00\",\"breadcrumb\":{\"@id\":\"https:\\\/\\\/shopatoa.com\\\/ro\\\/styx-gel-activator-scortisoara-aroma-derm-zell-aktiv-150-ml\\\/#breadcrumb\"},\"inLanguage\":\"ro-RO\",\"potentialAction\":[{\"@type\":\"ReadAction\",\"target\":[\"https:\\\/\\\/shopatoa.com\\\/ro\\\/styx-gel-activator-scortisoara-aroma-derm-zell-aktiv-150-ml\\\/\"]}]},{\"@type\":\"ImageObject\",\"inLanguage\":\"ro-RO\",\"@id\":\"https:\\\/\\\/shopatoa.com\\\/ro\\\/styx-gel-activator-scortisoara-aroma-derm-zell-aktiv-150-ml\\\/#primaryimage\",\"url\":\"https:\\\/\\\/storage.googleapis.com\\\/cz-shopatoa-img\\\/ro\\\/67627445-unnamed-file.webp\",\"contentUrl\":\"https:\\\/\\\/storage.googleapis.com\\\/cz-shopatoa-img\\\/ro\\\/67627445-unnamed-file.webp\",\"width\":800,\"height\":800},{\"@type\":\"BreadcrumbList\",\"@id\":\"https:\\\/\\\/shopatoa.com\\\/ro\\\/styx-gel-activator-scortisoara-aroma-derm-zell-aktiv-150-ml\\\/#breadcrumb\",\"itemListElement\":[{\"@type\":\"ListItem\",\"position\":1,\"name\":\"Dom\u016f\",\"item\":\"https:\\\/\\\/shopatoa.com\\\/ro\\\/\"},{\"@type\":\"ListItem\",\"position\":2,\"name\":\"Shop\",\"item\":\"https:\\\/\\\/shopatoa.com\\\/ro\\\/shop\\\/\"},{\"@type\":\"ListItem\",\"position\":3,\"name\":\"Cosmetice\",\"item\":\"https:\\\/\\\/shopatoa.com\\\/ro\\\/cosmetice\\\/\"},{\"@type\":\"ListItem\",\"position\":4,\"name\":\"Produse cosmetice pentru corp\",\"item\":\"https:\\\/\\\/shopatoa.com\\\/ro\\\/produse-cosmetice-pentru-corp\\\/\"},{\"@type\":\"ListItem\",\"position\":5,\"name\":\"Cosmetica pentru \u00eengrijirea corpului\",\"item\":\"https:\\\/\\\/shopatoa.com\\\/ro\\\/cosmetica-pentru-ingrijirea-corpului\\\/\"},{\"@type\":\"ListItem\",\"position\":6,\"name\":\"Cosmetice \u00eempotriva celulitei \u0219i vergeturilor\",\"item\":\"https:\\\/\\\/shopatoa.com\\\/ro\\\/cosmetice-impotriva-celulitei-si-vergeturilor\\\/\"},{\"@type\":\"ListItem\",\"position\":7,\"name\":\"Styx Gel activator scor\u021bi\u0219oar\u0103 Aroma Derm (Zell Aktiv) 150 ml\"}]},{\"@type\":\"WebSite\",\"@id\":\"https:\\\/\\\/shopatoa.com\\\/ro\\\/#website\",\"url\":\"https:\\\/\\\/shopatoa.com\\\/ro\\\/\",\"name\":\"SHOPATOA\",\"description\":\"\",\"publisher\":{\"@id\":\"https:\\\/\\\/shopatoa.com\\\/ro\\\/#organization\"},\"potentialAction\":[{\"@type\":\"SearchAction\",\"target\":{\"@type\":\"EntryPoint\",\"urlTemplate\":\"https:\\\/\\\/shopatoa.com\\\/ro\\\/?s={search_term_string}\"},\"query-input\":{\"@type\":\"PropertyValueSpecification\",\"valueRequired\":true,\"valueName\":\"search_term_string\"}}],\"inLanguage\":\"ro-RO\"},{\"@type\":\"Organization\",\"@id\":\"https:\\\/\\\/shopatoa.com\\\/ro\\\/#organization\",\"name\":\"SHOPATOA\",\"url\":\"https:\\\/\\\/shopatoa.com\\\/ro\\\/\",\"logo\":{\"@type\":\"ImageObject\",\"inLanguage\":\"ro-RO\",\"@id\":\"https:\\\/\\\/shopatoa.com\\\/ro\\\/#\\\/schema\\\/logo\\\/image\\\/\",\"url\":\"https:\\\/\\\/storage.googleapis.com\\\/cz-shopatoa-img\\\/ro\\\/b4dac915-shopatoa_logo.png\",\"contentUrl\":\"https:\\\/\\\/storage.googleapis.com\\\/cz-shopatoa-img\\\/ro\\\/b4dac915-shopatoa_logo.png\",\"width\":416,\"height\":63,\"caption\":\"SHOPATOA\"},\"image\":{\"@id\":\"https:\\\/\\\/shopatoa.com\\\/ro\\\/#\\\/schema\\\/logo\\\/image\\\/\"}}]}<\/script>\n<!-- \/ Yoast SEO plugin. -->","yoast_head_json":{"title":"Styx Gel activator scor\u021bi\u0219oar\u0103 Aroma Derm (Zell Aktiv) 150 ml - SHOPATOA.COM","robots":{"index":"index","follow":"follow","max-snippet":"max-snippet:-1","max-image-preview":"max-image-preview:large","max-video-preview":"max-video-preview:-1"},"canonical":"https:\/\/shopatoa.com\/ro\/styx-gel-activator-scortisoara-aroma-derm-zell-aktiv-150-ml\/","og_locale":"ro_RO","og_type":"article","og_title":"Styx Gel activator scor\u021bi\u0219oar\u0103 Aroma Derm (Zell Aktiv) 150 ml - SHOPATOA.COM","og_description":"Gelul pl\u0103cut r\u0103coritor cu ulei de scor\u021bi\u0219oar\u0103 este potrivit pentru ingrijirea zilnic\u0103 a pielii problematice afectate de celulit\u0103. Este bine absorbit \u0219i activeaz\u0103 rapid regenerarea celular\u0103. Recomand\u0103m cre\u0219terea aportului de lichide in timpul tratamentului, de preferat ap\u0103 curat\u0103 plat\u0103. Utiliza\u021bi \u00eenainte de exerci\u021bii. Masa\u021bi produsul \u00een zonele cu probleme, purta\u021bi pantaloni elastici sau de compresie...","og_url":"https:\/\/shopatoa.com\/ro\/styx-gel-activator-scortisoara-aroma-derm-zell-aktiv-150-ml\/","og_site_name":"SHOPATOA","article_modified_time":"2025-12-11T19:56:43+00:00","og_image":[{"width":800,"height":800,"url":"https:\/\/storage.googleapis.com\/cz-shopatoa-img\/ro\/67627445-unnamed-file.webp","type":"image\/webp"}],"twitter_card":"summary_large_image","schema":{"@context":"https:\/\/schema.org","@graph":[{"@type":"WebPage","@id":"https:\/\/shopatoa.com\/ro\/styx-gel-activator-scortisoara-aroma-derm-zell-aktiv-150-ml\/","url":"https:\/\/shopatoa.com\/ro\/styx-gel-activator-scortisoara-aroma-derm-zell-aktiv-150-ml\/","name":"Styx Gel activator scor\u021bi\u0219oar\u0103 Aroma Derm (Zell Aktiv) 150 ml - SHOPATOA.COM","isPartOf":{"@id":"https:\/\/shopatoa.com\/ro\/#website"},"primaryImageOfPage":{"@id":"https:\/\/shopatoa.com\/ro\/styx-gel-activator-scortisoara-aroma-derm-zell-aktiv-150-ml\/#primaryimage"},"image":{"@id":"https:\/\/shopatoa.com\/ro\/styx-gel-activator-scortisoara-aroma-derm-zell-aktiv-150-ml\/#primaryimage"},"thumbnailUrl":"https:\/\/storage.googleapis.com\/cz-shopatoa-img\/ro\/67627445-unnamed-file.webp","datePublished":"2025-04-30T08:11:05+00:00","dateModified":"2025-12-11T19:56:43+00:00","breadcrumb":{"@id":"https:\/\/shopatoa.com\/ro\/styx-gel-activator-scortisoara-aroma-derm-zell-aktiv-150-ml\/#breadcrumb"},"inLanguage":"ro-RO","potentialAction":[{"@type":"ReadAction","target":["https:\/\/shopatoa.com\/ro\/styx-gel-activator-scortisoara-aroma-derm-zell-aktiv-150-ml\/"]}]},{"@type":"ImageObject","inLanguage":"ro-RO","@id":"https:\/\/shopatoa.com\/ro\/styx-gel-activator-scortisoara-aroma-derm-zell-aktiv-150-ml\/#primaryimage","url":"https:\/\/storage.googleapis.com\/cz-shopatoa-img\/ro\/67627445-unnamed-file.webp","contentUrl":"https:\/\/storage.googleapis.com\/cz-shopatoa-img\/ro\/67627445-unnamed-file.webp","width":800,"height":800},{"@type":"BreadcrumbList","@id":"https:\/\/shopatoa.com\/ro\/styx-gel-activator-scortisoara-aroma-derm-zell-aktiv-150-ml\/#breadcrumb","itemListElement":[{"@type":"ListItem","position":1,"name":"Dom\u016f","item":"https:\/\/shopatoa.com\/ro\/"},{"@type":"ListItem","position":2,"name":"Shop","item":"https:\/\/shopatoa.com\/ro\/shop\/"},{"@type":"ListItem","position":3,"name":"Cosmetice","item":"https:\/\/shopatoa.com\/ro\/cosmetice\/"},{"@type":"ListItem","position":4,"name":"Produse cosmetice pentru corp","item":"https:\/\/shopatoa.com\/ro\/produse-cosmetice-pentru-corp\/"},{"@type":"ListItem","position":5,"name":"Cosmetica pentru \u00eengrijirea corpului","item":"https:\/\/shopatoa.com\/ro\/cosmetica-pentru-ingrijirea-corpului\/"},{"@type":"ListItem","position":6,"name":"Cosmetice \u00eempotriva celulitei \u0219i vergeturilor","item":"https:\/\/shopatoa.com\/ro\/cosmetice-impotriva-celulitei-si-vergeturilor\/"},{"@type":"ListItem","position":7,"name":"Styx Gel activator scor\u021bi\u0219oar\u0103 Aroma Derm (Zell Aktiv) 150 ml"}]},{"@type":"WebSite","@id":"https:\/\/shopatoa.com\/ro\/#website","url":"https:\/\/shopatoa.com\/ro\/","name":"SHOPATOA","description":"","publisher":{"@id":"https:\/\/shopatoa.com\/ro\/#organization"},"potentialAction":[{"@type":"SearchAction","target":{"@type":"EntryPoint","urlTemplate":"https:\/\/shopatoa.com\/ro\/?s={search_term_string}"},"query-input":{"@type":"PropertyValueSpecification","valueRequired":true,"valueName":"search_term_string"}}],"inLanguage":"ro-RO"},{"@type":"Organization","@id":"https:\/\/shopatoa.com\/ro\/#organization","name":"SHOPATOA","url":"https:\/\/shopatoa.com\/ro\/","logo":{"@type":"ImageObject","inLanguage":"ro-RO","@id":"https:\/\/shopatoa.com\/ro\/#\/schema\/logo\/image\/","url":"https:\/\/storage.googleapis.com\/cz-shopatoa-img\/ro\/b4dac915-shopatoa_logo.png","contentUrl":"https:\/\/storage.googleapis.com\/cz-shopatoa-img\/ro\/b4dac915-shopatoa_logo.png","width":416,"height":63,"caption":"SHOPATOA"},"image":{"@id":"https:\/\/shopatoa.com\/ro\/#\/schema\/logo\/image\/"}}]}},"_links":{"self":[{"href":"https:\/\/shopatoa.com\/ro\/wp-json\/wp\/v2\/product\/277976","targetHints":{"allow":["GET"]}}],"collection":[{"href":"https:\/\/shopatoa.com\/ro\/wp-json\/wp\/v2\/product"}],"about":[{"href":"https:\/\/shopatoa.com\/ro\/wp-json\/wp\/v2\/types\/product"}],"replies":[{"embeddable":true,"href":"https:\/\/shopatoa.com\/ro\/wp-json\/wp\/v2\/comments?post=277976"}],"wp:featuredmedia":[{"embeddable":true,"href":"https:\/\/shopatoa.com\/ro\/wp-json\/wp\/v2\/media\/277977"}],"wp:attachment":[{"href":"https:\/\/shopatoa.com\/ro\/wp-json\/wp\/v2\/media?parent=277976"}],"wp:term":[{"taxonomy":"product_brand","embeddable":true,"href":"https:\/\/shopatoa.com\/ro\/wp-json\/wp\/v2\/product_brand?post=277976"},{"taxonomy":"product_cat","embeddable":true,"href":"https:\/\/shopatoa.com\/ro\/wp-json\/wp\/v2\/product_cat?post=277976"},{"taxonomy":"product_tag","embeddable":true,"href":"https:\/\/shopatoa.com\/ro\/wp-json\/wp\/v2\/product_tag?post=277976"}],"curies":[{"name":"wp","href":"https:\/\/api.w.org\/{rel}","templated":true}]}}