{"id":278105,"date":"2025-04-30T10:36:47","date_gmt":"2025-04-30T08:36:47","guid":{"rendered":"https:\/\/shopatoa.com\/ro\/dolce-gabbana-the-one-edp-50-ml\/"},"modified":"2025-12-11T20:43:39","modified_gmt":"2025-12-11T19:43:39","slug":"dolce-gabbana-the-one-edp-50-ml","status":"publish","type":"product","link":"https:\/\/shopatoa.com\/ro\/dolce-gabbana-the-one-edp-50-ml\/","title":{"rendered":"Dolce &amp; Gabbana The One &#8211; EDP 50 ml"},"content":{"rendered":"<p>Compozi\u021bia oriental\u0103-floral\u0103 The One este la fel de unic\u0103 ca femeia c\u0103reia \u00eei este destinat. Capul fermec\u0103tor al aromei, conceput ca o coard\u0103 de fructe proaspete, combin\u0103 sucul \u00eemb\u0103t\u0103tor al piersicilor proaspete, delicate\u021bea litchiului chinezesc \u0219i a mandarinei \u00eenrourate cu dulcea\u021ba subtil\u0103 a vaniliei evoc\u00e2nd atingerea razelor solare. Urmeaz\u0103 apoi buchetul bogat de crini albi \u00eemb\u0103t\u0103tor de parfuma\u021bi, muguri de iasomie tocmai dezvolta\u021bi \u0219i tandre\u021bea l\u0103cr\u0103mioarei. Urm\u0103toarele sunt baza care conecteaz\u0103 armonios contrariile aparente &#8211; vetiverul p\u0103m\u00e2ntos, tonul chihlimbar uscat \u0219i intensitatea mu\u0219chiului \u0219i moscului.<\/p>\n","protected":false},"excerpt":{"rendered":"<p>Compozi\u021bia oriental\u0103-floral\u0103 The One este la fel de unic\u0103 ca femeia c\u0103reia \u00eei este destinat. Capul fermec\u0103tor al aromei, conceput ca o coard\u0103 de fructe proaspete, combin\u0103 sucul \u00eemb\u0103t\u0103tor al piersicilor proaspete, delicate\u021bea litchiului chinezesc \u0219i a mandarinei \u00eenrourate cu dulcea\u021ba subtil\u0103 a vaniliei evoc\u00e2nd atingerea razelor solare. Urmeaz\u0103 apoi buchetul bogat de crini albi&#8230;<\/p>\n","protected":false},"featured_media":278106,"comment_status":"closed","ping_status":"open","template":"","meta":{"_acf_changed":false,"_kadence_starter_templates_imported_post":false,"_kad_post_transparent":"","_kad_post_title":"","_kad_post_layout":"","_kad_post_sidebar_id":"","_kad_post_content_style":"","_kad_post_vertical_padding":"","_kad_post_feature":"","_kad_post_feature_position":"","_kad_post_header":false,"_kad_post_footer":false,"_kad_post_classname":""},"product_brand":[84],"product_cat":[619,614],"product_tag":[],"class_list":{"0":"post-278105","1":"product","2":"type-product","3":"status-publish","4":"has-post-thumbnail","6":"product_brand-dolce-gabbana","7":"product_cat-ape-de-parfum-edp","8":"product_cat-parfumuri","10":"first","11":"instock","12":"product-type-external","13":"entry","14":"content-bg","15":"loop-entry"},"acf":[],"yoast_head":"<!-- This site is optimized with the Yoast SEO plugin v27.3 - https:\/\/yoast.com\/product\/yoast-seo-wordpress\/ -->\n<title>Dolce &amp; Gabbana The One - EDP 50 ml - SHOPATOA.COM<\/title>\n<meta name=\"robots\" content=\"index, follow, max-snippet:-1, max-image-preview:large, max-video-preview:-1\" \/>\n<link rel=\"canonical\" href=\"https:\/\/shopatoa.com\/ro\/dolce-gabbana-the-one-edp-50-ml\/\" \/>\n<meta property=\"og:locale\" content=\"ro_RO\" \/>\n<meta property=\"og:type\" content=\"article\" \/>\n<meta property=\"og:title\" content=\"Dolce &amp; Gabbana The One - EDP 50 ml - SHOPATOA.COM\" \/>\n<meta property=\"og:description\" content=\"Compozi\u021bia oriental\u0103-floral\u0103 The One este la fel de unic\u0103 ca femeia c\u0103reia \u00eei este destinat. Capul fermec\u0103tor al aromei, conceput ca o coard\u0103 de fructe proaspete, combin\u0103 sucul \u00eemb\u0103t\u0103tor al piersicilor proaspete, delicate\u021bea litchiului chinezesc \u0219i a mandarinei \u00eenrourate cu dulcea\u021ba subtil\u0103 a vaniliei evoc\u00e2nd atingerea razelor solare. Urmeaz\u0103 apoi buchetul bogat de crini albi...\" \/>\n<meta property=\"og:url\" content=\"https:\/\/shopatoa.com\/ro\/dolce-gabbana-the-one-edp-50-ml\/\" \/>\n<meta property=\"og:site_name\" content=\"SHOPATOA\" \/>\n<meta property=\"article:modified_time\" content=\"2025-12-11T19:43:39+00:00\" \/>\n<meta property=\"og:image\" content=\"https:\/\/storage.googleapis.com\/cz-shopatoa-img\/ro\/ce1d2395-unnamed-file.webp\" \/>\n\t<meta property=\"og:image:width\" content=\"800\" \/>\n\t<meta property=\"og:image:height\" content=\"800\" \/>\n\t<meta property=\"og:image:type\" content=\"image\/webp\" \/>\n<meta name=\"twitter:card\" content=\"summary_large_image\" \/>\n<meta name=\"twitter:label1\" content=\"Timp estimat pentru citire\" \/>\n\t<meta name=\"twitter:data1\" content=\"1 minut\" \/>\n<script type=\"application\/ld+json\" class=\"yoast-schema-graph\">{\"@context\":\"https:\\\/\\\/schema.org\",\"@graph\":[{\"@type\":\"WebPage\",\"@id\":\"https:\\\/\\\/shopatoa.com\\\/ro\\\/dolce-gabbana-the-one-edp-50-ml\\\/\",\"url\":\"https:\\\/\\\/shopatoa.com\\\/ro\\\/dolce-gabbana-the-one-edp-50-ml\\\/\",\"name\":\"Dolce & Gabbana The One - EDP 50 ml - SHOPATOA.COM\",\"isPartOf\":{\"@id\":\"https:\\\/\\\/shopatoa.com\\\/ro\\\/#website\"},\"primaryImageOfPage\":{\"@id\":\"https:\\\/\\\/shopatoa.com\\\/ro\\\/dolce-gabbana-the-one-edp-50-ml\\\/#primaryimage\"},\"image\":{\"@id\":\"https:\\\/\\\/shopatoa.com\\\/ro\\\/dolce-gabbana-the-one-edp-50-ml\\\/#primaryimage\"},\"thumbnailUrl\":\"https:\\\/\\\/storage.googleapis.com\\\/cz-shopatoa-img\\\/ro\\\/ce1d2395-unnamed-file.webp\",\"datePublished\":\"2025-04-30T08:36:47+00:00\",\"dateModified\":\"2025-12-11T19:43:39+00:00\",\"breadcrumb\":{\"@id\":\"https:\\\/\\\/shopatoa.com\\\/ro\\\/dolce-gabbana-the-one-edp-50-ml\\\/#breadcrumb\"},\"inLanguage\":\"ro-RO\",\"potentialAction\":[{\"@type\":\"ReadAction\",\"target\":[\"https:\\\/\\\/shopatoa.com\\\/ro\\\/dolce-gabbana-the-one-edp-50-ml\\\/\"]}]},{\"@type\":\"ImageObject\",\"inLanguage\":\"ro-RO\",\"@id\":\"https:\\\/\\\/shopatoa.com\\\/ro\\\/dolce-gabbana-the-one-edp-50-ml\\\/#primaryimage\",\"url\":\"https:\\\/\\\/storage.googleapis.com\\\/cz-shopatoa-img\\\/ro\\\/ce1d2395-unnamed-file.webp\",\"contentUrl\":\"https:\\\/\\\/storage.googleapis.com\\\/cz-shopatoa-img\\\/ro\\\/ce1d2395-unnamed-file.webp\",\"width\":800,\"height\":800},{\"@type\":\"BreadcrumbList\",\"@id\":\"https:\\\/\\\/shopatoa.com\\\/ro\\\/dolce-gabbana-the-one-edp-50-ml\\\/#breadcrumb\",\"itemListElement\":[{\"@type\":\"ListItem\",\"position\":1,\"name\":\"Dom\u016f\",\"item\":\"https:\\\/\\\/shopatoa.com\\\/ro\\\/\"},{\"@type\":\"ListItem\",\"position\":2,\"name\":\"Shop\",\"item\":\"https:\\\/\\\/shopatoa.com\\\/ro\\\/shop\\\/\"},{\"@type\":\"ListItem\",\"position\":3,\"name\":\"Parfumuri\",\"item\":\"https:\\\/\\\/shopatoa.com\\\/ro\\\/parfumuri\\\/\"},{\"@type\":\"ListItem\",\"position\":4,\"name\":\"Ape de parfum (EDP)\",\"item\":\"https:\\\/\\\/shopatoa.com\\\/ro\\\/ape-de-parfum-edp\\\/\"},{\"@type\":\"ListItem\",\"position\":5,\"name\":\"Dolce &amp; Gabbana The One &#8211; EDP 50 ml\"}]},{\"@type\":\"WebSite\",\"@id\":\"https:\\\/\\\/shopatoa.com\\\/ro\\\/#website\",\"url\":\"https:\\\/\\\/shopatoa.com\\\/ro\\\/\",\"name\":\"SHOPATOA\",\"description\":\"\",\"publisher\":{\"@id\":\"https:\\\/\\\/shopatoa.com\\\/ro\\\/#organization\"},\"potentialAction\":[{\"@type\":\"SearchAction\",\"target\":{\"@type\":\"EntryPoint\",\"urlTemplate\":\"https:\\\/\\\/shopatoa.com\\\/ro\\\/?s={search_term_string}\"},\"query-input\":{\"@type\":\"PropertyValueSpecification\",\"valueRequired\":true,\"valueName\":\"search_term_string\"}}],\"inLanguage\":\"ro-RO\"},{\"@type\":\"Organization\",\"@id\":\"https:\\\/\\\/shopatoa.com\\\/ro\\\/#organization\",\"name\":\"SHOPATOA\",\"url\":\"https:\\\/\\\/shopatoa.com\\\/ro\\\/\",\"logo\":{\"@type\":\"ImageObject\",\"inLanguage\":\"ro-RO\",\"@id\":\"https:\\\/\\\/shopatoa.com\\\/ro\\\/#\\\/schema\\\/logo\\\/image\\\/\",\"url\":\"https:\\\/\\\/storage.googleapis.com\\\/cz-shopatoa-img\\\/ro\\\/b4dac915-shopatoa_logo.png\",\"contentUrl\":\"https:\\\/\\\/storage.googleapis.com\\\/cz-shopatoa-img\\\/ro\\\/b4dac915-shopatoa_logo.png\",\"width\":416,\"height\":63,\"caption\":\"SHOPATOA\"},\"image\":{\"@id\":\"https:\\\/\\\/shopatoa.com\\\/ro\\\/#\\\/schema\\\/logo\\\/image\\\/\"}}]}<\/script>\n<!-- \/ Yoast SEO plugin. -->","yoast_head_json":{"title":"Dolce & Gabbana The One - EDP 50 ml - SHOPATOA.COM","robots":{"index":"index","follow":"follow","max-snippet":"max-snippet:-1","max-image-preview":"max-image-preview:large","max-video-preview":"max-video-preview:-1"},"canonical":"https:\/\/shopatoa.com\/ro\/dolce-gabbana-the-one-edp-50-ml\/","og_locale":"ro_RO","og_type":"article","og_title":"Dolce & Gabbana The One - EDP 50 ml - SHOPATOA.COM","og_description":"Compozi\u021bia oriental\u0103-floral\u0103 The One este la fel de unic\u0103 ca femeia c\u0103reia \u00eei este destinat. Capul fermec\u0103tor al aromei, conceput ca o coard\u0103 de fructe proaspete, combin\u0103 sucul \u00eemb\u0103t\u0103tor al piersicilor proaspete, delicate\u021bea litchiului chinezesc \u0219i a mandarinei \u00eenrourate cu dulcea\u021ba subtil\u0103 a vaniliei evoc\u00e2nd atingerea razelor solare. Urmeaz\u0103 apoi buchetul bogat de crini albi...","og_url":"https:\/\/shopatoa.com\/ro\/dolce-gabbana-the-one-edp-50-ml\/","og_site_name":"SHOPATOA","article_modified_time":"2025-12-11T19:43:39+00:00","og_image":[{"width":800,"height":800,"url":"https:\/\/storage.googleapis.com\/cz-shopatoa-img\/ro\/ce1d2395-unnamed-file.webp","type":"image\/webp"}],"twitter_card":"summary_large_image","twitter_misc":{"Timp estimat pentru citire":"1 minut"},"schema":{"@context":"https:\/\/schema.org","@graph":[{"@type":"WebPage","@id":"https:\/\/shopatoa.com\/ro\/dolce-gabbana-the-one-edp-50-ml\/","url":"https:\/\/shopatoa.com\/ro\/dolce-gabbana-the-one-edp-50-ml\/","name":"Dolce & Gabbana The One - EDP 50 ml - SHOPATOA.COM","isPartOf":{"@id":"https:\/\/shopatoa.com\/ro\/#website"},"primaryImageOfPage":{"@id":"https:\/\/shopatoa.com\/ro\/dolce-gabbana-the-one-edp-50-ml\/#primaryimage"},"image":{"@id":"https:\/\/shopatoa.com\/ro\/dolce-gabbana-the-one-edp-50-ml\/#primaryimage"},"thumbnailUrl":"https:\/\/storage.googleapis.com\/cz-shopatoa-img\/ro\/ce1d2395-unnamed-file.webp","datePublished":"2025-04-30T08:36:47+00:00","dateModified":"2025-12-11T19:43:39+00:00","breadcrumb":{"@id":"https:\/\/shopatoa.com\/ro\/dolce-gabbana-the-one-edp-50-ml\/#breadcrumb"},"inLanguage":"ro-RO","potentialAction":[{"@type":"ReadAction","target":["https:\/\/shopatoa.com\/ro\/dolce-gabbana-the-one-edp-50-ml\/"]}]},{"@type":"ImageObject","inLanguage":"ro-RO","@id":"https:\/\/shopatoa.com\/ro\/dolce-gabbana-the-one-edp-50-ml\/#primaryimage","url":"https:\/\/storage.googleapis.com\/cz-shopatoa-img\/ro\/ce1d2395-unnamed-file.webp","contentUrl":"https:\/\/storage.googleapis.com\/cz-shopatoa-img\/ro\/ce1d2395-unnamed-file.webp","width":800,"height":800},{"@type":"BreadcrumbList","@id":"https:\/\/shopatoa.com\/ro\/dolce-gabbana-the-one-edp-50-ml\/#breadcrumb","itemListElement":[{"@type":"ListItem","position":1,"name":"Dom\u016f","item":"https:\/\/shopatoa.com\/ro\/"},{"@type":"ListItem","position":2,"name":"Shop","item":"https:\/\/shopatoa.com\/ro\/shop\/"},{"@type":"ListItem","position":3,"name":"Parfumuri","item":"https:\/\/shopatoa.com\/ro\/parfumuri\/"},{"@type":"ListItem","position":4,"name":"Ape de parfum (EDP)","item":"https:\/\/shopatoa.com\/ro\/ape-de-parfum-edp\/"},{"@type":"ListItem","position":5,"name":"Dolce &amp; Gabbana The One &#8211; EDP 50 ml"}]},{"@type":"WebSite","@id":"https:\/\/shopatoa.com\/ro\/#website","url":"https:\/\/shopatoa.com\/ro\/","name":"SHOPATOA","description":"","publisher":{"@id":"https:\/\/shopatoa.com\/ro\/#organization"},"potentialAction":[{"@type":"SearchAction","target":{"@type":"EntryPoint","urlTemplate":"https:\/\/shopatoa.com\/ro\/?s={search_term_string}"},"query-input":{"@type":"PropertyValueSpecification","valueRequired":true,"valueName":"search_term_string"}}],"inLanguage":"ro-RO"},{"@type":"Organization","@id":"https:\/\/shopatoa.com\/ro\/#organization","name":"SHOPATOA","url":"https:\/\/shopatoa.com\/ro\/","logo":{"@type":"ImageObject","inLanguage":"ro-RO","@id":"https:\/\/shopatoa.com\/ro\/#\/schema\/logo\/image\/","url":"https:\/\/storage.googleapis.com\/cz-shopatoa-img\/ro\/b4dac915-shopatoa_logo.png","contentUrl":"https:\/\/storage.googleapis.com\/cz-shopatoa-img\/ro\/b4dac915-shopatoa_logo.png","width":416,"height":63,"caption":"SHOPATOA"},"image":{"@id":"https:\/\/shopatoa.com\/ro\/#\/schema\/logo\/image\/"}}]}},"_links":{"self":[{"href":"https:\/\/shopatoa.com\/ro\/wp-json\/wp\/v2\/product\/278105","targetHints":{"allow":["GET"]}}],"collection":[{"href":"https:\/\/shopatoa.com\/ro\/wp-json\/wp\/v2\/product"}],"about":[{"href":"https:\/\/shopatoa.com\/ro\/wp-json\/wp\/v2\/types\/product"}],"replies":[{"embeddable":true,"href":"https:\/\/shopatoa.com\/ro\/wp-json\/wp\/v2\/comments?post=278105"}],"wp:featuredmedia":[{"embeddable":true,"href":"https:\/\/shopatoa.com\/ro\/wp-json\/wp\/v2\/media\/278106"}],"wp:attachment":[{"href":"https:\/\/shopatoa.com\/ro\/wp-json\/wp\/v2\/media?parent=278105"}],"wp:term":[{"taxonomy":"product_brand","embeddable":true,"href":"https:\/\/shopatoa.com\/ro\/wp-json\/wp\/v2\/product_brand?post=278105"},{"taxonomy":"product_cat","embeddable":true,"href":"https:\/\/shopatoa.com\/ro\/wp-json\/wp\/v2\/product_cat?post=278105"},{"taxonomy":"product_tag","embeddable":true,"href":"https:\/\/shopatoa.com\/ro\/wp-json\/wp\/v2\/product_tag?post=278105"}],"curies":[{"name":"wp","href":"https:\/\/api.w.org\/{rel}","templated":true}]}}