{"id":278139,"date":"2025-04-30T10:45:24","date_gmt":"2025-04-30T08:45:24","guid":{"rendered":"https:\/\/shopatoa.com\/ro\/alcina-corector-cover-coat-concealer-5-ml-010-light\/"},"modified":"2025-12-11T20:36:41","modified_gmt":"2025-12-11T19:36:41","slug":"alcina-corector-cover-coat-concealer-5-ml-010-light","status":"publish","type":"product","link":"https:\/\/shopatoa.com\/ro\/alcina-corector-cover-coat-concealer-5-ml-010-light\/","title":{"rendered":"Alcina Corector (Cover Coat Concealer) 5 ml 010 Light"},"content":{"rendered":"<p>Un corector mai luminos pentru oricine dore\u0219te s\u0103 repare defecte de piele mici \u0219i s\u0103 dea carisma mai obosit\u0103. Corectorul acoper\u0103 cercurile vizibile sub ochi, defecte minore. Structura pl\u0103cut\u0103 reduce vizibilitatea v\u00e2n\u0103t\u0103ilor mici ale pielii, a porilor \u0219i a liniilor. Ochii t\u0103i arata imediat mai clar, cu o carism\u0103 mai mare. Pentru un aspect uniform al pielii.<\/p>\n","protected":false},"excerpt":{"rendered":"<p>Un corector mai luminos pentru oricine dore\u0219te s\u0103 repare defecte de piele mici \u0219i s\u0103 dea carisma mai obosit\u0103. Corectorul acoper\u0103 cercurile vizibile sub ochi, defecte minore. Structura pl\u0103cut\u0103 reduce vizibilitatea v\u00e2n\u0103t\u0103ilor mici ale pielii, a porilor \u0219i a liniilor. Ochii t\u0103i arata imediat mai clar, cu o carism\u0103 mai mare. Pentru un aspect uniform&#8230;<\/p>\n","protected":false},"featured_media":278140,"comment_status":"closed","ping_status":"open","template":"","meta":{"_acf_changed":false,"_kadence_starter_templates_imported_post":false,"_kad_post_transparent":"","_kad_post_title":"","_kad_post_layout":"","_kad_post_sidebar_id":"","_kad_post_content_style":"","_kad_post_vertical_padding":"","_kad_post_feature":"","_kad_post_feature_position":"","_kad_post_header":false,"_kad_post_footer":false,"_kad_post_classname":""},"product_brand":[485],"product_cat":[704,246,609,616],"product_tag":[],"class_list":{"0":"post-278139","1":"product","2":"type-product","3":"status-publish","4":"has-post-thumbnail","6":"product_brand-alcina","7":"product_cat-corector-pentru-zona-fetei-si-a-ochilor","8":"product_cat-cosmetice","9":"product_cat-cosmetice-decorative","10":"product_cat-machiaj-pentru-fata","12":"first","13":"instock","14":"product-type-external","15":"entry","16":"content-bg","17":"loop-entry"},"acf":[],"yoast_head":"<!-- This site is optimized with the Yoast SEO plugin v27.3 - https:\/\/yoast.com\/product\/yoast-seo-wordpress\/ -->\n<title>Alcina Corector (Cover Coat Concealer) 5 ml 010 Light - SHOPATOA.COM<\/title>\n<meta name=\"robots\" content=\"index, follow, max-snippet:-1, max-image-preview:large, max-video-preview:-1\" \/>\n<link rel=\"canonical\" href=\"https:\/\/shopatoa.com\/ro\/alcina-corector-cover-coat-concealer-5-ml-010-light\/\" \/>\n<meta property=\"og:locale\" content=\"ro_RO\" \/>\n<meta property=\"og:type\" content=\"article\" \/>\n<meta property=\"og:title\" content=\"Alcina Corector (Cover Coat Concealer) 5 ml 010 Light - SHOPATOA.COM\" \/>\n<meta property=\"og:description\" content=\"Un corector mai luminos pentru oricine dore\u0219te s\u0103 repare defecte de piele mici \u0219i s\u0103 dea carisma mai obosit\u0103. Corectorul acoper\u0103 cercurile vizibile sub ochi, defecte minore. Structura pl\u0103cut\u0103 reduce vizibilitatea v\u00e2n\u0103t\u0103ilor mici ale pielii, a porilor \u0219i a liniilor. Ochii t\u0103i arata imediat mai clar, cu o carism\u0103 mai mare. Pentru un aspect uniform...\" \/>\n<meta property=\"og:url\" content=\"https:\/\/shopatoa.com\/ro\/alcina-corector-cover-coat-concealer-5-ml-010-light\/\" \/>\n<meta property=\"og:site_name\" content=\"SHOPATOA\" \/>\n<meta property=\"article:modified_time\" content=\"2025-12-11T19:36:41+00:00\" \/>\n<meta property=\"og:image\" content=\"https:\/\/storage.googleapis.com\/cz-shopatoa-img\/ro\/9a81c0cf-unnamed-file.webp\" \/>\n\t<meta property=\"og:image:width\" content=\"800\" \/>\n\t<meta property=\"og:image:height\" content=\"800\" \/>\n\t<meta property=\"og:image:type\" content=\"image\/webp\" \/>\n<meta name=\"twitter:card\" content=\"summary_large_image\" \/>\n<script type=\"application\/ld+json\" class=\"yoast-schema-graph\">{\"@context\":\"https:\\\/\\\/schema.org\",\"@graph\":[{\"@type\":\"WebPage\",\"@id\":\"https:\\\/\\\/shopatoa.com\\\/ro\\\/alcina-corector-cover-coat-concealer-5-ml-010-light\\\/\",\"url\":\"https:\\\/\\\/shopatoa.com\\\/ro\\\/alcina-corector-cover-coat-concealer-5-ml-010-light\\\/\",\"name\":\"Alcina Corector (Cover Coat Concealer) 5 ml 010 Light - SHOPATOA.COM\",\"isPartOf\":{\"@id\":\"https:\\\/\\\/shopatoa.com\\\/ro\\\/#website\"},\"primaryImageOfPage\":{\"@id\":\"https:\\\/\\\/shopatoa.com\\\/ro\\\/alcina-corector-cover-coat-concealer-5-ml-010-light\\\/#primaryimage\"},\"image\":{\"@id\":\"https:\\\/\\\/shopatoa.com\\\/ro\\\/alcina-corector-cover-coat-concealer-5-ml-010-light\\\/#primaryimage\"},\"thumbnailUrl\":\"https:\\\/\\\/storage.googleapis.com\\\/cz-shopatoa-img\\\/ro\\\/9a81c0cf-unnamed-file.webp\",\"datePublished\":\"2025-04-30T08:45:24+00:00\",\"dateModified\":\"2025-12-11T19:36:41+00:00\",\"breadcrumb\":{\"@id\":\"https:\\\/\\\/shopatoa.com\\\/ro\\\/alcina-corector-cover-coat-concealer-5-ml-010-light\\\/#breadcrumb\"},\"inLanguage\":\"ro-RO\",\"potentialAction\":[{\"@type\":\"ReadAction\",\"target\":[\"https:\\\/\\\/shopatoa.com\\\/ro\\\/alcina-corector-cover-coat-concealer-5-ml-010-light\\\/\"]}]},{\"@type\":\"ImageObject\",\"inLanguage\":\"ro-RO\",\"@id\":\"https:\\\/\\\/shopatoa.com\\\/ro\\\/alcina-corector-cover-coat-concealer-5-ml-010-light\\\/#primaryimage\",\"url\":\"https:\\\/\\\/storage.googleapis.com\\\/cz-shopatoa-img\\\/ro\\\/9a81c0cf-unnamed-file.webp\",\"contentUrl\":\"https:\\\/\\\/storage.googleapis.com\\\/cz-shopatoa-img\\\/ro\\\/9a81c0cf-unnamed-file.webp\",\"width\":800,\"height\":800},{\"@type\":\"BreadcrumbList\",\"@id\":\"https:\\\/\\\/shopatoa.com\\\/ro\\\/alcina-corector-cover-coat-concealer-5-ml-010-light\\\/#breadcrumb\",\"itemListElement\":[{\"@type\":\"ListItem\",\"position\":1,\"name\":\"Dom\u016f\",\"item\":\"https:\\\/\\\/shopatoa.com\\\/ro\\\/\"},{\"@type\":\"ListItem\",\"position\":2,\"name\":\"Shop\",\"item\":\"https:\\\/\\\/shopatoa.com\\\/ro\\\/shop\\\/\"},{\"@type\":\"ListItem\",\"position\":3,\"name\":\"Cosmetice\",\"item\":\"https:\\\/\\\/shopatoa.com\\\/ro\\\/cosmetice\\\/\"},{\"@type\":\"ListItem\",\"position\":4,\"name\":\"Cosmetice decorative\",\"item\":\"https:\\\/\\\/shopatoa.com\\\/ro\\\/cosmetice-decorative\\\/\"},{\"@type\":\"ListItem\",\"position\":5,\"name\":\"Machiaj pentru fa\u021ba\",\"item\":\"https:\\\/\\\/shopatoa.com\\\/ro\\\/machiaj-pentru-fata\\\/\"},{\"@type\":\"ListItem\",\"position\":6,\"name\":\"Corector pentru zona fe\u021bei \u0219i a ochilor\",\"item\":\"https:\\\/\\\/shopatoa.com\\\/ro\\\/corector-pentru-zona-fetei-si-a-ochilor\\\/\"},{\"@type\":\"ListItem\",\"position\":7,\"name\":\"Alcina Corector (Cover Coat Concealer) 5 ml 010 Light\"}]},{\"@type\":\"WebSite\",\"@id\":\"https:\\\/\\\/shopatoa.com\\\/ro\\\/#website\",\"url\":\"https:\\\/\\\/shopatoa.com\\\/ro\\\/\",\"name\":\"SHOPATOA\",\"description\":\"\",\"publisher\":{\"@id\":\"https:\\\/\\\/shopatoa.com\\\/ro\\\/#organization\"},\"potentialAction\":[{\"@type\":\"SearchAction\",\"target\":{\"@type\":\"EntryPoint\",\"urlTemplate\":\"https:\\\/\\\/shopatoa.com\\\/ro\\\/?s={search_term_string}\"},\"query-input\":{\"@type\":\"PropertyValueSpecification\",\"valueRequired\":true,\"valueName\":\"search_term_string\"}}],\"inLanguage\":\"ro-RO\"},{\"@type\":\"Organization\",\"@id\":\"https:\\\/\\\/shopatoa.com\\\/ro\\\/#organization\",\"name\":\"SHOPATOA\",\"url\":\"https:\\\/\\\/shopatoa.com\\\/ro\\\/\",\"logo\":{\"@type\":\"ImageObject\",\"inLanguage\":\"ro-RO\",\"@id\":\"https:\\\/\\\/shopatoa.com\\\/ro\\\/#\\\/schema\\\/logo\\\/image\\\/\",\"url\":\"https:\\\/\\\/storage.googleapis.com\\\/cz-shopatoa-img\\\/ro\\\/b4dac915-shopatoa_logo.png\",\"contentUrl\":\"https:\\\/\\\/storage.googleapis.com\\\/cz-shopatoa-img\\\/ro\\\/b4dac915-shopatoa_logo.png\",\"width\":416,\"height\":63,\"caption\":\"SHOPATOA\"},\"image\":{\"@id\":\"https:\\\/\\\/shopatoa.com\\\/ro\\\/#\\\/schema\\\/logo\\\/image\\\/\"}}]}<\/script>\n<!-- \/ Yoast SEO plugin. -->","yoast_head_json":{"title":"Alcina Corector (Cover Coat Concealer) 5 ml 010 Light - SHOPATOA.COM","robots":{"index":"index","follow":"follow","max-snippet":"max-snippet:-1","max-image-preview":"max-image-preview:large","max-video-preview":"max-video-preview:-1"},"canonical":"https:\/\/shopatoa.com\/ro\/alcina-corector-cover-coat-concealer-5-ml-010-light\/","og_locale":"ro_RO","og_type":"article","og_title":"Alcina Corector (Cover Coat Concealer) 5 ml 010 Light - SHOPATOA.COM","og_description":"Un corector mai luminos pentru oricine dore\u0219te s\u0103 repare defecte de piele mici \u0219i s\u0103 dea carisma mai obosit\u0103. Corectorul acoper\u0103 cercurile vizibile sub ochi, defecte minore. Structura pl\u0103cut\u0103 reduce vizibilitatea v\u00e2n\u0103t\u0103ilor mici ale pielii, a porilor \u0219i a liniilor. Ochii t\u0103i arata imediat mai clar, cu o carism\u0103 mai mare. Pentru un aspect uniform...","og_url":"https:\/\/shopatoa.com\/ro\/alcina-corector-cover-coat-concealer-5-ml-010-light\/","og_site_name":"SHOPATOA","article_modified_time":"2025-12-11T19:36:41+00:00","og_image":[{"width":800,"height":800,"url":"https:\/\/storage.googleapis.com\/cz-shopatoa-img\/ro\/9a81c0cf-unnamed-file.webp","type":"image\/webp"}],"twitter_card":"summary_large_image","schema":{"@context":"https:\/\/schema.org","@graph":[{"@type":"WebPage","@id":"https:\/\/shopatoa.com\/ro\/alcina-corector-cover-coat-concealer-5-ml-010-light\/","url":"https:\/\/shopatoa.com\/ro\/alcina-corector-cover-coat-concealer-5-ml-010-light\/","name":"Alcina Corector (Cover Coat Concealer) 5 ml 010 Light - SHOPATOA.COM","isPartOf":{"@id":"https:\/\/shopatoa.com\/ro\/#website"},"primaryImageOfPage":{"@id":"https:\/\/shopatoa.com\/ro\/alcina-corector-cover-coat-concealer-5-ml-010-light\/#primaryimage"},"image":{"@id":"https:\/\/shopatoa.com\/ro\/alcina-corector-cover-coat-concealer-5-ml-010-light\/#primaryimage"},"thumbnailUrl":"https:\/\/storage.googleapis.com\/cz-shopatoa-img\/ro\/9a81c0cf-unnamed-file.webp","datePublished":"2025-04-30T08:45:24+00:00","dateModified":"2025-12-11T19:36:41+00:00","breadcrumb":{"@id":"https:\/\/shopatoa.com\/ro\/alcina-corector-cover-coat-concealer-5-ml-010-light\/#breadcrumb"},"inLanguage":"ro-RO","potentialAction":[{"@type":"ReadAction","target":["https:\/\/shopatoa.com\/ro\/alcina-corector-cover-coat-concealer-5-ml-010-light\/"]}]},{"@type":"ImageObject","inLanguage":"ro-RO","@id":"https:\/\/shopatoa.com\/ro\/alcina-corector-cover-coat-concealer-5-ml-010-light\/#primaryimage","url":"https:\/\/storage.googleapis.com\/cz-shopatoa-img\/ro\/9a81c0cf-unnamed-file.webp","contentUrl":"https:\/\/storage.googleapis.com\/cz-shopatoa-img\/ro\/9a81c0cf-unnamed-file.webp","width":800,"height":800},{"@type":"BreadcrumbList","@id":"https:\/\/shopatoa.com\/ro\/alcina-corector-cover-coat-concealer-5-ml-010-light\/#breadcrumb","itemListElement":[{"@type":"ListItem","position":1,"name":"Dom\u016f","item":"https:\/\/shopatoa.com\/ro\/"},{"@type":"ListItem","position":2,"name":"Shop","item":"https:\/\/shopatoa.com\/ro\/shop\/"},{"@type":"ListItem","position":3,"name":"Cosmetice","item":"https:\/\/shopatoa.com\/ro\/cosmetice\/"},{"@type":"ListItem","position":4,"name":"Cosmetice decorative","item":"https:\/\/shopatoa.com\/ro\/cosmetice-decorative\/"},{"@type":"ListItem","position":5,"name":"Machiaj pentru fa\u021ba","item":"https:\/\/shopatoa.com\/ro\/machiaj-pentru-fata\/"},{"@type":"ListItem","position":6,"name":"Corector pentru zona fe\u021bei \u0219i a ochilor","item":"https:\/\/shopatoa.com\/ro\/corector-pentru-zona-fetei-si-a-ochilor\/"},{"@type":"ListItem","position":7,"name":"Alcina Corector (Cover Coat Concealer) 5 ml 010 Light"}]},{"@type":"WebSite","@id":"https:\/\/shopatoa.com\/ro\/#website","url":"https:\/\/shopatoa.com\/ro\/","name":"SHOPATOA","description":"","publisher":{"@id":"https:\/\/shopatoa.com\/ro\/#organization"},"potentialAction":[{"@type":"SearchAction","target":{"@type":"EntryPoint","urlTemplate":"https:\/\/shopatoa.com\/ro\/?s={search_term_string}"},"query-input":{"@type":"PropertyValueSpecification","valueRequired":true,"valueName":"search_term_string"}}],"inLanguage":"ro-RO"},{"@type":"Organization","@id":"https:\/\/shopatoa.com\/ro\/#organization","name":"SHOPATOA","url":"https:\/\/shopatoa.com\/ro\/","logo":{"@type":"ImageObject","inLanguage":"ro-RO","@id":"https:\/\/shopatoa.com\/ro\/#\/schema\/logo\/image\/","url":"https:\/\/storage.googleapis.com\/cz-shopatoa-img\/ro\/b4dac915-shopatoa_logo.png","contentUrl":"https:\/\/storage.googleapis.com\/cz-shopatoa-img\/ro\/b4dac915-shopatoa_logo.png","width":416,"height":63,"caption":"SHOPATOA"},"image":{"@id":"https:\/\/shopatoa.com\/ro\/#\/schema\/logo\/image\/"}}]}},"_links":{"self":[{"href":"https:\/\/shopatoa.com\/ro\/wp-json\/wp\/v2\/product\/278139","targetHints":{"allow":["GET"]}}],"collection":[{"href":"https:\/\/shopatoa.com\/ro\/wp-json\/wp\/v2\/product"}],"about":[{"href":"https:\/\/shopatoa.com\/ro\/wp-json\/wp\/v2\/types\/product"}],"replies":[{"embeddable":true,"href":"https:\/\/shopatoa.com\/ro\/wp-json\/wp\/v2\/comments?post=278139"}],"wp:featuredmedia":[{"embeddable":true,"href":"https:\/\/shopatoa.com\/ro\/wp-json\/wp\/v2\/media\/278140"}],"wp:attachment":[{"href":"https:\/\/shopatoa.com\/ro\/wp-json\/wp\/v2\/media?parent=278139"}],"wp:term":[{"taxonomy":"product_brand","embeddable":true,"href":"https:\/\/shopatoa.com\/ro\/wp-json\/wp\/v2\/product_brand?post=278139"},{"taxonomy":"product_cat","embeddable":true,"href":"https:\/\/shopatoa.com\/ro\/wp-json\/wp\/v2\/product_cat?post=278139"},{"taxonomy":"product_tag","embeddable":true,"href":"https:\/\/shopatoa.com\/ro\/wp-json\/wp\/v2\/product_tag?post=278139"}],"curies":[{"name":"wp","href":"https:\/\/api.w.org\/{rel}","templated":true}]}}