{"id":278248,"date":"2025-04-30T11:06:03","date_gmt":"2025-04-30T09:06:03","guid":{"rendered":"https:\/\/shopatoa.com\/ro\/scholl-branturi-cu-gel-pentru-incaltaminte-gelactiv-everyday-femei-1-pereche\/"},"modified":"2025-12-11T20:25:14","modified_gmt":"2025-12-11T19:25:14","slug":"scholl-branturi-cu-gel-pentru-incaltaminte-gelactiv-everyday-femei-1-pereche","status":"publish","type":"product","link":"https:\/\/shopatoa.com\/ro\/scholl-branturi-cu-gel-pentru-incaltaminte-gelactiv-everyday-femei-1-pereche\/","title":{"rendered":"Scholl Bran\u021buri cu gel pentru \u00eenc\u0103l\u021b\u0103minte GelActiv Everyday femei 1 pereche"},"content":{"rendered":"<p>Bran\u021burile cu gel pentru \u00eenc\u0103l\u021b\u0103minte Everyday sunt potrivite pentru purtarea \u0219i activit\u0103\u021bile de zi cu zi. Tehnologia special\u0103 GelActive atenueaz\u0103 \u0219ocurile care apar la mers \u0219i reduce presiunea excesiv\u0103 asupra picioarelor. Bran\u021burile constau din dou\u0103 straturi de gel, umplutura cu gel mai dur\u0103 ofer\u0103 suport pentru arc \u0219i c\u0103lc\u00e2i, \u00een timp ce umplutura cu gel mai moale ofer\u0103 o amortizare excelent\u0103. M\u0103rimea bran\u021bului poate fi ajustat\u0103 dup\u0103 necesitate.<\/p>\n","protected":false},"excerpt":{"rendered":"<p>Bran\u021burile cu gel pentru \u00eenc\u0103l\u021b\u0103minte Everyday sunt potrivite pentru purtarea \u0219i activit\u0103\u021bile de zi cu zi. Tehnologia special\u0103 GelActive atenueaz\u0103 \u0219ocurile care apar la mers \u0219i reduce presiunea excesiv\u0103 asupra picioarelor. Bran\u021burile constau din dou\u0103 straturi de gel, umplutura cu gel mai dur\u0103 ofer\u0103 suport pentru arc \u0219i c\u0103lc\u00e2i, \u00een timp ce umplutura cu gel&#8230;<\/p>\n","protected":false},"featured_media":278249,"comment_status":"closed","ping_status":"open","template":"","meta":{"_acf_changed":false,"_kadence_starter_templates_imported_post":false,"_kad_post_transparent":"","_kad_post_title":"","_kad_post_layout":"","_kad_post_sidebar_id":"","_kad_post_content_style":"","_kad_post_vertical_padding":"","_kad_post_feature":"","_kad_post_feature_position":"","_kad_post_header":false,"_kad_post_footer":false,"_kad_post_classname":""},"product_brand":[800],"product_cat":[246,611,730],"product_tag":[],"class_list":{"0":"post-278248","1":"product","2":"type-product","3":"status-publish","4":"has-post-thumbnail","6":"product_brand-scholl","7":"product_cat-cosmetice","8":"product_cat-produse-cosmetice-pentru-corp","9":"product_cat-produse-cosmetice-pentru-ingrijirea-picioarelor","11":"first","12":"instock","13":"product-type-external","14":"entry","15":"content-bg","16":"loop-entry"},"acf":[],"yoast_head":"<!-- This site is optimized with the Yoast SEO plugin v27.4 - https:\/\/yoast.com\/product\/yoast-seo-wordpress\/ -->\n<title>Scholl Bran\u021buri cu gel pentru \u00eenc\u0103l\u021b\u0103minte GelActiv Everyday femei 1 pereche - SHOPATOA.COM<\/title>\n<meta name=\"robots\" content=\"index, follow, max-snippet:-1, max-image-preview:large, max-video-preview:-1\" \/>\n<link rel=\"canonical\" href=\"https:\/\/shopatoa.com\/ro\/scholl-branturi-cu-gel-pentru-incaltaminte-gelactiv-everyday-femei-1-pereche\/\" \/>\n<meta property=\"og:locale\" content=\"ro_RO\" \/>\n<meta property=\"og:type\" content=\"article\" \/>\n<meta property=\"og:title\" content=\"Scholl Bran\u021buri cu gel pentru \u00eenc\u0103l\u021b\u0103minte GelActiv Everyday femei 1 pereche - SHOPATOA.COM\" \/>\n<meta property=\"og:description\" content=\"Bran\u021burile cu gel pentru \u00eenc\u0103l\u021b\u0103minte Everyday sunt potrivite pentru purtarea \u0219i activit\u0103\u021bile de zi cu zi. Tehnologia special\u0103 GelActive atenueaz\u0103 \u0219ocurile care apar la mers \u0219i reduce presiunea excesiv\u0103 asupra picioarelor. Bran\u021burile constau din dou\u0103 straturi de gel, umplutura cu gel mai dur\u0103 ofer\u0103 suport pentru arc \u0219i c\u0103lc\u00e2i, \u00een timp ce umplutura cu gel...\" \/>\n<meta property=\"og:url\" content=\"https:\/\/shopatoa.com\/ro\/scholl-branturi-cu-gel-pentru-incaltaminte-gelactiv-everyday-femei-1-pereche\/\" \/>\n<meta property=\"og:site_name\" content=\"SHOPATOA\" \/>\n<meta property=\"article:modified_time\" content=\"2025-12-11T19:25:14+00:00\" \/>\n<meta property=\"og:image\" content=\"https:\/\/storage.googleapis.com\/cz-shopatoa-img\/ro\/3b616d26-unnamed-file.webp\" \/>\n\t<meta property=\"og:image:width\" content=\"800\" \/>\n\t<meta property=\"og:image:height\" content=\"800\" \/>\n\t<meta property=\"og:image:type\" content=\"image\/webp\" \/>\n<meta name=\"twitter:card\" content=\"summary_large_image\" \/>\n<script type=\"application\/ld+json\" class=\"yoast-schema-graph\">{\"@context\":\"https:\\\/\\\/schema.org\",\"@graph\":[{\"@type\":\"WebPage\",\"@id\":\"https:\\\/\\\/shopatoa.com\\\/ro\\\/scholl-branturi-cu-gel-pentru-incaltaminte-gelactiv-everyday-femei-1-pereche\\\/\",\"url\":\"https:\\\/\\\/shopatoa.com\\\/ro\\\/scholl-branturi-cu-gel-pentru-incaltaminte-gelactiv-everyday-femei-1-pereche\\\/\",\"name\":\"Scholl Bran\u021buri cu gel pentru \u00eenc\u0103l\u021b\u0103minte GelActiv Everyday femei 1 pereche - SHOPATOA.COM\",\"isPartOf\":{\"@id\":\"https:\\\/\\\/shopatoa.com\\\/ro\\\/#website\"},\"primaryImageOfPage\":{\"@id\":\"https:\\\/\\\/shopatoa.com\\\/ro\\\/scholl-branturi-cu-gel-pentru-incaltaminte-gelactiv-everyday-femei-1-pereche\\\/#primaryimage\"},\"image\":{\"@id\":\"https:\\\/\\\/shopatoa.com\\\/ro\\\/scholl-branturi-cu-gel-pentru-incaltaminte-gelactiv-everyday-femei-1-pereche\\\/#primaryimage\"},\"thumbnailUrl\":\"https:\\\/\\\/storage.googleapis.com\\\/cz-shopatoa-img\\\/ro\\\/3b616d26-unnamed-file.webp\",\"datePublished\":\"2025-04-30T09:06:03+00:00\",\"dateModified\":\"2025-12-11T19:25:14+00:00\",\"breadcrumb\":{\"@id\":\"https:\\\/\\\/shopatoa.com\\\/ro\\\/scholl-branturi-cu-gel-pentru-incaltaminte-gelactiv-everyday-femei-1-pereche\\\/#breadcrumb\"},\"inLanguage\":\"ro-RO\",\"potentialAction\":[{\"@type\":\"ReadAction\",\"target\":[\"https:\\\/\\\/shopatoa.com\\\/ro\\\/scholl-branturi-cu-gel-pentru-incaltaminte-gelactiv-everyday-femei-1-pereche\\\/\"]}]},{\"@type\":\"ImageObject\",\"inLanguage\":\"ro-RO\",\"@id\":\"https:\\\/\\\/shopatoa.com\\\/ro\\\/scholl-branturi-cu-gel-pentru-incaltaminte-gelactiv-everyday-femei-1-pereche\\\/#primaryimage\",\"url\":\"https:\\\/\\\/storage.googleapis.com\\\/cz-shopatoa-img\\\/ro\\\/3b616d26-unnamed-file.webp\",\"contentUrl\":\"https:\\\/\\\/storage.googleapis.com\\\/cz-shopatoa-img\\\/ro\\\/3b616d26-unnamed-file.webp\",\"width\":800,\"height\":800},{\"@type\":\"BreadcrumbList\",\"@id\":\"https:\\\/\\\/shopatoa.com\\\/ro\\\/scholl-branturi-cu-gel-pentru-incaltaminte-gelactiv-everyday-femei-1-pereche\\\/#breadcrumb\",\"itemListElement\":[{\"@type\":\"ListItem\",\"position\":1,\"name\":\"Dom\u016f\",\"item\":\"https:\\\/\\\/shopatoa.com\\\/ro\\\/\"},{\"@type\":\"ListItem\",\"position\":2,\"name\":\"Shop\",\"item\":\"https:\\\/\\\/shopatoa.com\\\/ro\\\/shop\\\/\"},{\"@type\":\"ListItem\",\"position\":3,\"name\":\"Cosmetice\",\"item\":\"https:\\\/\\\/shopatoa.com\\\/ro\\\/cosmetice\\\/\"},{\"@type\":\"ListItem\",\"position\":4,\"name\":\"Produse cosmetice pentru corp\",\"item\":\"https:\\\/\\\/shopatoa.com\\\/ro\\\/produse-cosmetice-pentru-corp\\\/\"},{\"@type\":\"ListItem\",\"position\":5,\"name\":\"Produse cosmetice pentru \u00eengrijirea picioarelor\",\"item\":\"https:\\\/\\\/shopatoa.com\\\/ro\\\/produse-cosmetice-pentru-ingrijirea-picioarelor\\\/\"},{\"@type\":\"ListItem\",\"position\":6,\"name\":\"Scholl Bran\u021buri cu gel pentru \u00eenc\u0103l\u021b\u0103minte GelActiv Everyday femei 1 pereche\"}]},{\"@type\":\"WebSite\",\"@id\":\"https:\\\/\\\/shopatoa.com\\\/ro\\\/#website\",\"url\":\"https:\\\/\\\/shopatoa.com\\\/ro\\\/\",\"name\":\"SHOPATOA\",\"description\":\"\",\"publisher\":{\"@id\":\"https:\\\/\\\/shopatoa.com\\\/ro\\\/#organization\"},\"potentialAction\":[{\"@type\":\"SearchAction\",\"target\":{\"@type\":\"EntryPoint\",\"urlTemplate\":\"https:\\\/\\\/shopatoa.com\\\/ro\\\/?s={search_term_string}\"},\"query-input\":{\"@type\":\"PropertyValueSpecification\",\"valueRequired\":true,\"valueName\":\"search_term_string\"}}],\"inLanguage\":\"ro-RO\"},{\"@type\":\"Organization\",\"@id\":\"https:\\\/\\\/shopatoa.com\\\/ro\\\/#organization\",\"name\":\"SHOPATOA\",\"url\":\"https:\\\/\\\/shopatoa.com\\\/ro\\\/\",\"logo\":{\"@type\":\"ImageObject\",\"inLanguage\":\"ro-RO\",\"@id\":\"https:\\\/\\\/shopatoa.com\\\/ro\\\/#\\\/schema\\\/logo\\\/image\\\/\",\"url\":\"https:\\\/\\\/storage.googleapis.com\\\/cz-shopatoa-img\\\/ro\\\/b4dac915-shopatoa_logo.png\",\"contentUrl\":\"https:\\\/\\\/storage.googleapis.com\\\/cz-shopatoa-img\\\/ro\\\/b4dac915-shopatoa_logo.png\",\"width\":416,\"height\":63,\"caption\":\"SHOPATOA\"},\"image\":{\"@id\":\"https:\\\/\\\/shopatoa.com\\\/ro\\\/#\\\/schema\\\/logo\\\/image\\\/\"}}]}<\/script>\n<!-- \/ Yoast SEO plugin. -->","yoast_head_json":{"title":"Scholl Bran\u021buri cu gel pentru \u00eenc\u0103l\u021b\u0103minte GelActiv Everyday femei 1 pereche - SHOPATOA.COM","robots":{"index":"index","follow":"follow","max-snippet":"max-snippet:-1","max-image-preview":"max-image-preview:large","max-video-preview":"max-video-preview:-1"},"canonical":"https:\/\/shopatoa.com\/ro\/scholl-branturi-cu-gel-pentru-incaltaminte-gelactiv-everyday-femei-1-pereche\/","og_locale":"ro_RO","og_type":"article","og_title":"Scholl Bran\u021buri cu gel pentru \u00eenc\u0103l\u021b\u0103minte GelActiv Everyday femei 1 pereche - SHOPATOA.COM","og_description":"Bran\u021burile cu gel pentru \u00eenc\u0103l\u021b\u0103minte Everyday sunt potrivite pentru purtarea \u0219i activit\u0103\u021bile de zi cu zi. Tehnologia special\u0103 GelActive atenueaz\u0103 \u0219ocurile care apar la mers \u0219i reduce presiunea excesiv\u0103 asupra picioarelor. Bran\u021burile constau din dou\u0103 straturi de gel, umplutura cu gel mai dur\u0103 ofer\u0103 suport pentru arc \u0219i c\u0103lc\u00e2i, \u00een timp ce umplutura cu gel...","og_url":"https:\/\/shopatoa.com\/ro\/scholl-branturi-cu-gel-pentru-incaltaminte-gelactiv-everyday-femei-1-pereche\/","og_site_name":"SHOPATOA","article_modified_time":"2025-12-11T19:25:14+00:00","og_image":[{"width":800,"height":800,"url":"https:\/\/storage.googleapis.com\/cz-shopatoa-img\/ro\/3b616d26-unnamed-file.webp","type":"image\/webp"}],"twitter_card":"summary_large_image","schema":{"@context":"https:\/\/schema.org","@graph":[{"@type":"WebPage","@id":"https:\/\/shopatoa.com\/ro\/scholl-branturi-cu-gel-pentru-incaltaminte-gelactiv-everyday-femei-1-pereche\/","url":"https:\/\/shopatoa.com\/ro\/scholl-branturi-cu-gel-pentru-incaltaminte-gelactiv-everyday-femei-1-pereche\/","name":"Scholl Bran\u021buri cu gel pentru \u00eenc\u0103l\u021b\u0103minte GelActiv Everyday femei 1 pereche - SHOPATOA.COM","isPartOf":{"@id":"https:\/\/shopatoa.com\/ro\/#website"},"primaryImageOfPage":{"@id":"https:\/\/shopatoa.com\/ro\/scholl-branturi-cu-gel-pentru-incaltaminte-gelactiv-everyday-femei-1-pereche\/#primaryimage"},"image":{"@id":"https:\/\/shopatoa.com\/ro\/scholl-branturi-cu-gel-pentru-incaltaminte-gelactiv-everyday-femei-1-pereche\/#primaryimage"},"thumbnailUrl":"https:\/\/storage.googleapis.com\/cz-shopatoa-img\/ro\/3b616d26-unnamed-file.webp","datePublished":"2025-04-30T09:06:03+00:00","dateModified":"2025-12-11T19:25:14+00:00","breadcrumb":{"@id":"https:\/\/shopatoa.com\/ro\/scholl-branturi-cu-gel-pentru-incaltaminte-gelactiv-everyday-femei-1-pereche\/#breadcrumb"},"inLanguage":"ro-RO","potentialAction":[{"@type":"ReadAction","target":["https:\/\/shopatoa.com\/ro\/scholl-branturi-cu-gel-pentru-incaltaminte-gelactiv-everyday-femei-1-pereche\/"]}]},{"@type":"ImageObject","inLanguage":"ro-RO","@id":"https:\/\/shopatoa.com\/ro\/scholl-branturi-cu-gel-pentru-incaltaminte-gelactiv-everyday-femei-1-pereche\/#primaryimage","url":"https:\/\/storage.googleapis.com\/cz-shopatoa-img\/ro\/3b616d26-unnamed-file.webp","contentUrl":"https:\/\/storage.googleapis.com\/cz-shopatoa-img\/ro\/3b616d26-unnamed-file.webp","width":800,"height":800},{"@type":"BreadcrumbList","@id":"https:\/\/shopatoa.com\/ro\/scholl-branturi-cu-gel-pentru-incaltaminte-gelactiv-everyday-femei-1-pereche\/#breadcrumb","itemListElement":[{"@type":"ListItem","position":1,"name":"Dom\u016f","item":"https:\/\/shopatoa.com\/ro\/"},{"@type":"ListItem","position":2,"name":"Shop","item":"https:\/\/shopatoa.com\/ro\/shop\/"},{"@type":"ListItem","position":3,"name":"Cosmetice","item":"https:\/\/shopatoa.com\/ro\/cosmetice\/"},{"@type":"ListItem","position":4,"name":"Produse cosmetice pentru corp","item":"https:\/\/shopatoa.com\/ro\/produse-cosmetice-pentru-corp\/"},{"@type":"ListItem","position":5,"name":"Produse cosmetice pentru \u00eengrijirea picioarelor","item":"https:\/\/shopatoa.com\/ro\/produse-cosmetice-pentru-ingrijirea-picioarelor\/"},{"@type":"ListItem","position":6,"name":"Scholl Bran\u021buri cu gel pentru \u00eenc\u0103l\u021b\u0103minte GelActiv Everyday femei 1 pereche"}]},{"@type":"WebSite","@id":"https:\/\/shopatoa.com\/ro\/#website","url":"https:\/\/shopatoa.com\/ro\/","name":"SHOPATOA","description":"","publisher":{"@id":"https:\/\/shopatoa.com\/ro\/#organization"},"potentialAction":[{"@type":"SearchAction","target":{"@type":"EntryPoint","urlTemplate":"https:\/\/shopatoa.com\/ro\/?s={search_term_string}"},"query-input":{"@type":"PropertyValueSpecification","valueRequired":true,"valueName":"search_term_string"}}],"inLanguage":"ro-RO"},{"@type":"Organization","@id":"https:\/\/shopatoa.com\/ro\/#organization","name":"SHOPATOA","url":"https:\/\/shopatoa.com\/ro\/","logo":{"@type":"ImageObject","inLanguage":"ro-RO","@id":"https:\/\/shopatoa.com\/ro\/#\/schema\/logo\/image\/","url":"https:\/\/storage.googleapis.com\/cz-shopatoa-img\/ro\/b4dac915-shopatoa_logo.png","contentUrl":"https:\/\/storage.googleapis.com\/cz-shopatoa-img\/ro\/b4dac915-shopatoa_logo.png","width":416,"height":63,"caption":"SHOPATOA"},"image":{"@id":"https:\/\/shopatoa.com\/ro\/#\/schema\/logo\/image\/"}}]}},"_links":{"self":[{"href":"https:\/\/shopatoa.com\/ro\/wp-json\/wp\/v2\/product\/278248","targetHints":{"allow":["GET"]}}],"collection":[{"href":"https:\/\/shopatoa.com\/ro\/wp-json\/wp\/v2\/product"}],"about":[{"href":"https:\/\/shopatoa.com\/ro\/wp-json\/wp\/v2\/types\/product"}],"replies":[{"embeddable":true,"href":"https:\/\/shopatoa.com\/ro\/wp-json\/wp\/v2\/comments?post=278248"}],"wp:featuredmedia":[{"embeddable":true,"href":"https:\/\/shopatoa.com\/ro\/wp-json\/wp\/v2\/media\/278249"}],"wp:attachment":[{"href":"https:\/\/shopatoa.com\/ro\/wp-json\/wp\/v2\/media?parent=278248"}],"wp:term":[{"taxonomy":"product_brand","embeddable":true,"href":"https:\/\/shopatoa.com\/ro\/wp-json\/wp\/v2\/product_brand?post=278248"},{"taxonomy":"product_cat","embeddable":true,"href":"https:\/\/shopatoa.com\/ro\/wp-json\/wp\/v2\/product_cat?post=278248"},{"taxonomy":"product_tag","embeddable":true,"href":"https:\/\/shopatoa.com\/ro\/wp-json\/wp\/v2\/product_tag?post=278248"}],"curies":[{"name":"wp","href":"https:\/\/api.w.org\/{rel}","templated":true}]}}