{"id":278284,"date":"2025-04-30T11:11:52","date_gmt":"2025-04-30T09:11:52","guid":{"rendered":"https:\/\/shopatoa.com\/ro\/joop-homme-wild-edt-125-ml\/"},"modified":"2025-12-11T20:23:54","modified_gmt":"2025-12-11T19:23:54","slug":"joop-homme-wild-edt-125-ml","status":"publish","type":"product","link":"https:\/\/shopatoa.com\/ro\/joop-homme-wild-edt-125-ml\/","title":{"rendered":"Joop! Homme Wild &#8211; EDT 125 ml"},"content":{"rendered":"<p>Homme Wild dup\u0103 marc\u0103 JOOP! este o alt\u0103 versiune a parfum clasic JOOP! Homme, care are loc pe piata din 1989. Homme Wild este un mai \u00eendr\u0103zne\u021b, mai sexy \u0219i mai provocatoare dec\u00e2t versiunea original\u0103. Acesta este conceput pentru barbatii care stiu sa se distreze pentru o rebeli s\u0103lbatice, gratuit \u0219i provocatoare care plimbare biciclete \u00een spalate din blugi \u0219i jachete din piele. Sau doar pentru cei care doresc pentru un moment s\u0103 se simt\u0103 ca \u0219i cum ar. Acest parfum oriental creat fougerovou parfumier Alienor Massenet. Parfumul este construit pe o contraste puternice. Se deschide cu acorduri spumante de piper roz, ceea ce duce la intense, rom bogat \u00eentuneric \u00een inima parfumului. Cald sentiment parfum realizat printr-un amestec de note de culoare alba si lemnoase de tutun, care se afl\u0103 \u00een baza de. A fost lansat \u00een 2012.<\/p>\n","protected":false},"excerpt":{"rendered":"<p>Homme Wild dup\u0103 marc\u0103 JOOP! este o alt\u0103 versiune a parfum clasic JOOP! Homme, care are loc pe piata din 1989. Homme Wild este un mai \u00eendr\u0103zne\u021b, mai sexy \u0219i mai provocatoare dec\u00e2t versiunea original\u0103. Acesta este conceput pentru barbatii care stiu sa se distreze pentru o rebeli s\u0103lbatice, gratuit \u0219i provocatoare care plimbare biciclete&#8230;<\/p>\n","protected":false},"featured_media":278285,"comment_status":"closed","ping_status":"open","template":"","meta":{"_acf_changed":false,"_kadence_starter_templates_imported_post":false,"_kad_post_transparent":"","_kad_post_title":"","_kad_post_layout":"","_kad_post_sidebar_id":"","_kad_post_content_style":"","_kad_post_vertical_padding":"","_kad_post_feature":"","_kad_post_feature_position":"","_kad_post_header":false,"_kad_post_footer":false,"_kad_post_classname":""},"product_brand":[1019],"product_cat":[615,614],"product_tag":[],"class_list":{"0":"post-278284","1":"product","2":"type-product","3":"status-publish","4":"has-post-thumbnail","6":"product_brand-joop","7":"product_cat-ape-de-toaleta-edt","8":"product_cat-parfumuri","10":"first","11":"instock","12":"product-type-external","13":"entry","14":"content-bg","15":"loop-entry"},"acf":[],"yoast_head":"<!-- This site is optimized with the Yoast SEO plugin v27.4 - https:\/\/yoast.com\/product\/yoast-seo-wordpress\/ -->\n<title>Joop! Homme Wild - EDT 125 ml - SHOPATOA.COM<\/title>\n<meta name=\"robots\" content=\"index, follow, max-snippet:-1, max-image-preview:large, max-video-preview:-1\" \/>\n<link rel=\"canonical\" href=\"https:\/\/shopatoa.com\/ro\/joop-homme-wild-edt-125-ml\/\" \/>\n<meta property=\"og:locale\" content=\"ro_RO\" \/>\n<meta property=\"og:type\" content=\"article\" \/>\n<meta property=\"og:title\" content=\"Joop! Homme Wild - EDT 125 ml - SHOPATOA.COM\" \/>\n<meta property=\"og:description\" content=\"Homme Wild dup\u0103 marc\u0103 JOOP! este o alt\u0103 versiune a parfum clasic JOOP! Homme, care are loc pe piata din 1989. Homme Wild este un mai \u00eendr\u0103zne\u021b, mai sexy \u0219i mai provocatoare dec\u00e2t versiunea original\u0103. Acesta este conceput pentru barbatii care stiu sa se distreze pentru o rebeli s\u0103lbatice, gratuit \u0219i provocatoare care plimbare biciclete...\" \/>\n<meta property=\"og:url\" content=\"https:\/\/shopatoa.com\/ro\/joop-homme-wild-edt-125-ml\/\" \/>\n<meta property=\"og:site_name\" content=\"SHOPATOA\" \/>\n<meta property=\"article:modified_time\" content=\"2025-12-11T19:23:54+00:00\" \/>\n<meta property=\"og:image\" content=\"https:\/\/storage.googleapis.com\/cz-shopatoa-img\/ro\/5d78a63e-unnamed-file.webp\" \/>\n\t<meta property=\"og:image:width\" content=\"800\" \/>\n\t<meta property=\"og:image:height\" content=\"800\" \/>\n\t<meta property=\"og:image:type\" content=\"image\/webp\" \/>\n<meta name=\"twitter:card\" content=\"summary_large_image\" \/>\n<meta name=\"twitter:label1\" content=\"Timp estimat pentru citire\" \/>\n\t<meta name=\"twitter:data1\" content=\"1 minut\" \/>\n<script type=\"application\/ld+json\" class=\"yoast-schema-graph\">{\"@context\":\"https:\\\/\\\/schema.org\",\"@graph\":[{\"@type\":\"WebPage\",\"@id\":\"https:\\\/\\\/shopatoa.com\\\/ro\\\/joop-homme-wild-edt-125-ml\\\/\",\"url\":\"https:\\\/\\\/shopatoa.com\\\/ro\\\/joop-homme-wild-edt-125-ml\\\/\",\"name\":\"Joop! Homme Wild - EDT 125 ml - SHOPATOA.COM\",\"isPartOf\":{\"@id\":\"https:\\\/\\\/shopatoa.com\\\/ro\\\/#website\"},\"primaryImageOfPage\":{\"@id\":\"https:\\\/\\\/shopatoa.com\\\/ro\\\/joop-homme-wild-edt-125-ml\\\/#primaryimage\"},\"image\":{\"@id\":\"https:\\\/\\\/shopatoa.com\\\/ro\\\/joop-homme-wild-edt-125-ml\\\/#primaryimage\"},\"thumbnailUrl\":\"https:\\\/\\\/storage.googleapis.com\\\/cz-shopatoa-img\\\/ro\\\/5d78a63e-unnamed-file.webp\",\"datePublished\":\"2025-04-30T09:11:52+00:00\",\"dateModified\":\"2025-12-11T19:23:54+00:00\",\"breadcrumb\":{\"@id\":\"https:\\\/\\\/shopatoa.com\\\/ro\\\/joop-homme-wild-edt-125-ml\\\/#breadcrumb\"},\"inLanguage\":\"ro-RO\",\"potentialAction\":[{\"@type\":\"ReadAction\",\"target\":[\"https:\\\/\\\/shopatoa.com\\\/ro\\\/joop-homme-wild-edt-125-ml\\\/\"]}]},{\"@type\":\"ImageObject\",\"inLanguage\":\"ro-RO\",\"@id\":\"https:\\\/\\\/shopatoa.com\\\/ro\\\/joop-homme-wild-edt-125-ml\\\/#primaryimage\",\"url\":\"https:\\\/\\\/storage.googleapis.com\\\/cz-shopatoa-img\\\/ro\\\/5d78a63e-unnamed-file.webp\",\"contentUrl\":\"https:\\\/\\\/storage.googleapis.com\\\/cz-shopatoa-img\\\/ro\\\/5d78a63e-unnamed-file.webp\",\"width\":800,\"height\":800},{\"@type\":\"BreadcrumbList\",\"@id\":\"https:\\\/\\\/shopatoa.com\\\/ro\\\/joop-homme-wild-edt-125-ml\\\/#breadcrumb\",\"itemListElement\":[{\"@type\":\"ListItem\",\"position\":1,\"name\":\"Dom\u016f\",\"item\":\"https:\\\/\\\/shopatoa.com\\\/ro\\\/\"},{\"@type\":\"ListItem\",\"position\":2,\"name\":\"Shop\",\"item\":\"https:\\\/\\\/shopatoa.com\\\/ro\\\/shop\\\/\"},{\"@type\":\"ListItem\",\"position\":3,\"name\":\"Parfumuri\",\"item\":\"https:\\\/\\\/shopatoa.com\\\/ro\\\/parfumuri\\\/\"},{\"@type\":\"ListItem\",\"position\":4,\"name\":\"Ape de toalet\u0103 (EDT)\",\"item\":\"https:\\\/\\\/shopatoa.com\\\/ro\\\/ape-de-toaleta-edt\\\/\"},{\"@type\":\"ListItem\",\"position\":5,\"name\":\"Joop! Homme Wild &#8211; EDT 125 ml\"}]},{\"@type\":\"WebSite\",\"@id\":\"https:\\\/\\\/shopatoa.com\\\/ro\\\/#website\",\"url\":\"https:\\\/\\\/shopatoa.com\\\/ro\\\/\",\"name\":\"SHOPATOA\",\"description\":\"\",\"publisher\":{\"@id\":\"https:\\\/\\\/shopatoa.com\\\/ro\\\/#organization\"},\"potentialAction\":[{\"@type\":\"SearchAction\",\"target\":{\"@type\":\"EntryPoint\",\"urlTemplate\":\"https:\\\/\\\/shopatoa.com\\\/ro\\\/?s={search_term_string}\"},\"query-input\":{\"@type\":\"PropertyValueSpecification\",\"valueRequired\":true,\"valueName\":\"search_term_string\"}}],\"inLanguage\":\"ro-RO\"},{\"@type\":\"Organization\",\"@id\":\"https:\\\/\\\/shopatoa.com\\\/ro\\\/#organization\",\"name\":\"SHOPATOA\",\"url\":\"https:\\\/\\\/shopatoa.com\\\/ro\\\/\",\"logo\":{\"@type\":\"ImageObject\",\"inLanguage\":\"ro-RO\",\"@id\":\"https:\\\/\\\/shopatoa.com\\\/ro\\\/#\\\/schema\\\/logo\\\/image\\\/\",\"url\":\"https:\\\/\\\/storage.googleapis.com\\\/cz-shopatoa-img\\\/ro\\\/b4dac915-shopatoa_logo.png\",\"contentUrl\":\"https:\\\/\\\/storage.googleapis.com\\\/cz-shopatoa-img\\\/ro\\\/b4dac915-shopatoa_logo.png\",\"width\":416,\"height\":63,\"caption\":\"SHOPATOA\"},\"image\":{\"@id\":\"https:\\\/\\\/shopatoa.com\\\/ro\\\/#\\\/schema\\\/logo\\\/image\\\/\"}}]}<\/script>\n<!-- \/ Yoast SEO plugin. -->","yoast_head_json":{"title":"Joop! Homme Wild - EDT 125 ml - SHOPATOA.COM","robots":{"index":"index","follow":"follow","max-snippet":"max-snippet:-1","max-image-preview":"max-image-preview:large","max-video-preview":"max-video-preview:-1"},"canonical":"https:\/\/shopatoa.com\/ro\/joop-homme-wild-edt-125-ml\/","og_locale":"ro_RO","og_type":"article","og_title":"Joop! Homme Wild - EDT 125 ml - SHOPATOA.COM","og_description":"Homme Wild dup\u0103 marc\u0103 JOOP! este o alt\u0103 versiune a parfum clasic JOOP! Homme, care are loc pe piata din 1989. Homme Wild este un mai \u00eendr\u0103zne\u021b, mai sexy \u0219i mai provocatoare dec\u00e2t versiunea original\u0103. Acesta este conceput pentru barbatii care stiu sa se distreze pentru o rebeli s\u0103lbatice, gratuit \u0219i provocatoare care plimbare biciclete...","og_url":"https:\/\/shopatoa.com\/ro\/joop-homme-wild-edt-125-ml\/","og_site_name":"SHOPATOA","article_modified_time":"2025-12-11T19:23:54+00:00","og_image":[{"width":800,"height":800,"url":"https:\/\/storage.googleapis.com\/cz-shopatoa-img\/ro\/5d78a63e-unnamed-file.webp","type":"image\/webp"}],"twitter_card":"summary_large_image","twitter_misc":{"Timp estimat pentru citire":"1 minut"},"schema":{"@context":"https:\/\/schema.org","@graph":[{"@type":"WebPage","@id":"https:\/\/shopatoa.com\/ro\/joop-homme-wild-edt-125-ml\/","url":"https:\/\/shopatoa.com\/ro\/joop-homme-wild-edt-125-ml\/","name":"Joop! Homme Wild - EDT 125 ml - SHOPATOA.COM","isPartOf":{"@id":"https:\/\/shopatoa.com\/ro\/#website"},"primaryImageOfPage":{"@id":"https:\/\/shopatoa.com\/ro\/joop-homme-wild-edt-125-ml\/#primaryimage"},"image":{"@id":"https:\/\/shopatoa.com\/ro\/joop-homme-wild-edt-125-ml\/#primaryimage"},"thumbnailUrl":"https:\/\/storage.googleapis.com\/cz-shopatoa-img\/ro\/5d78a63e-unnamed-file.webp","datePublished":"2025-04-30T09:11:52+00:00","dateModified":"2025-12-11T19:23:54+00:00","breadcrumb":{"@id":"https:\/\/shopatoa.com\/ro\/joop-homme-wild-edt-125-ml\/#breadcrumb"},"inLanguage":"ro-RO","potentialAction":[{"@type":"ReadAction","target":["https:\/\/shopatoa.com\/ro\/joop-homme-wild-edt-125-ml\/"]}]},{"@type":"ImageObject","inLanguage":"ro-RO","@id":"https:\/\/shopatoa.com\/ro\/joop-homme-wild-edt-125-ml\/#primaryimage","url":"https:\/\/storage.googleapis.com\/cz-shopatoa-img\/ro\/5d78a63e-unnamed-file.webp","contentUrl":"https:\/\/storage.googleapis.com\/cz-shopatoa-img\/ro\/5d78a63e-unnamed-file.webp","width":800,"height":800},{"@type":"BreadcrumbList","@id":"https:\/\/shopatoa.com\/ro\/joop-homme-wild-edt-125-ml\/#breadcrumb","itemListElement":[{"@type":"ListItem","position":1,"name":"Dom\u016f","item":"https:\/\/shopatoa.com\/ro\/"},{"@type":"ListItem","position":2,"name":"Shop","item":"https:\/\/shopatoa.com\/ro\/shop\/"},{"@type":"ListItem","position":3,"name":"Parfumuri","item":"https:\/\/shopatoa.com\/ro\/parfumuri\/"},{"@type":"ListItem","position":4,"name":"Ape de toalet\u0103 (EDT)","item":"https:\/\/shopatoa.com\/ro\/ape-de-toaleta-edt\/"},{"@type":"ListItem","position":5,"name":"Joop! Homme Wild &#8211; EDT 125 ml"}]},{"@type":"WebSite","@id":"https:\/\/shopatoa.com\/ro\/#website","url":"https:\/\/shopatoa.com\/ro\/","name":"SHOPATOA","description":"","publisher":{"@id":"https:\/\/shopatoa.com\/ro\/#organization"},"potentialAction":[{"@type":"SearchAction","target":{"@type":"EntryPoint","urlTemplate":"https:\/\/shopatoa.com\/ro\/?s={search_term_string}"},"query-input":{"@type":"PropertyValueSpecification","valueRequired":true,"valueName":"search_term_string"}}],"inLanguage":"ro-RO"},{"@type":"Organization","@id":"https:\/\/shopatoa.com\/ro\/#organization","name":"SHOPATOA","url":"https:\/\/shopatoa.com\/ro\/","logo":{"@type":"ImageObject","inLanguage":"ro-RO","@id":"https:\/\/shopatoa.com\/ro\/#\/schema\/logo\/image\/","url":"https:\/\/storage.googleapis.com\/cz-shopatoa-img\/ro\/b4dac915-shopatoa_logo.png","contentUrl":"https:\/\/storage.googleapis.com\/cz-shopatoa-img\/ro\/b4dac915-shopatoa_logo.png","width":416,"height":63,"caption":"SHOPATOA"},"image":{"@id":"https:\/\/shopatoa.com\/ro\/#\/schema\/logo\/image\/"}}]}},"_links":{"self":[{"href":"https:\/\/shopatoa.com\/ro\/wp-json\/wp\/v2\/product\/278284","targetHints":{"allow":["GET"]}}],"collection":[{"href":"https:\/\/shopatoa.com\/ro\/wp-json\/wp\/v2\/product"}],"about":[{"href":"https:\/\/shopatoa.com\/ro\/wp-json\/wp\/v2\/types\/product"}],"replies":[{"embeddable":true,"href":"https:\/\/shopatoa.com\/ro\/wp-json\/wp\/v2\/comments?post=278284"}],"wp:featuredmedia":[{"embeddable":true,"href":"https:\/\/shopatoa.com\/ro\/wp-json\/wp\/v2\/media\/278285"}],"wp:attachment":[{"href":"https:\/\/shopatoa.com\/ro\/wp-json\/wp\/v2\/media?parent=278284"}],"wp:term":[{"taxonomy":"product_brand","embeddable":true,"href":"https:\/\/shopatoa.com\/ro\/wp-json\/wp\/v2\/product_brand?post=278284"},{"taxonomy":"product_cat","embeddable":true,"href":"https:\/\/shopatoa.com\/ro\/wp-json\/wp\/v2\/product_cat?post=278284"},{"taxonomy":"product_tag","embeddable":true,"href":"https:\/\/shopatoa.com\/ro\/wp-json\/wp\/v2\/product_tag?post=278284"}],"curies":[{"name":"wp","href":"https:\/\/api.w.org\/{rel}","templated":true}]}}