{"id":278355,"date":"2025-04-30T11:26:45","date_gmt":"2025-04-30T09:26:45","guid":{"rendered":"https:\/\/shopatoa.com\/ro\/guess-guess-gold-edp-75-ml\/"},"modified":"2025-12-11T20:15:08","modified_gmt":"2025-12-11T19:15:08","slug":"guess-guess-gold-edp-75-ml","status":"publish","type":"product","link":"https:\/\/shopatoa.com\/ro\/guess-guess-gold-edp-75-ml\/","title":{"rendered":"Guess Guess Gold &#8211; EDP 75 ml"},"content":{"rendered":"<p>Guess Gold este o ap\u0103 de parfum sofisticat\u0103, floral\u0103 \u0219i lemnoas\u0103, care evoc\u0103 luxul, farmecul \u0219i elegan\u021ba . Acest parfum este conceput pentru femeile \u00eencrez\u0103toare , care au un stil aparte \u0219i nu se tem s\u0103 \u00eel exprime \u0219i s\u0103 \u00ee\u0219i exprime personalitatea unic\u0103 . Bucura\u021bi-v\u0103 de senza\u021bia de lux \u0219i str\u0103lucire cu acest parfum fermec\u0103tor de la Guess. Guess Gold se deschide cu note ame\u021bitoare de l\u0103m\u00e2ie, m\u0103r dulce \u0219i ananas tropical care adaug\u0103 prospe\u021bime \u0219i energie. \u00cen inim\u0103 se afl\u0103 un acord floral de trandafir, iasomie delicat\u0103, aroma intens\u0103 de hiacint \u0219i note fermec\u0103toare de nuf\u0103r, care \u00eei confer\u0103 senzualitate \u0219i elegan\u021b\u0103. Notele de baz\u0103 constau \u00een chihlimbar cald, care este completat de acorduri lemnoase de lemn de santal \u0219i vetiver, care confer\u0103 \u00eentregii compozi\u021bii profunzime \u0219i intensitate. Guess Gold este un parfum de lung\u0103 durat\u0103 \u0219i subtil, care v\u0103 va \u00eenso\u021bi pe tot parcursul zilei. Este potrivit pentru purtarea zilnic\u0103, dar \u0219i pentru evenimente de sear\u0103 sau ocazii speciale. Sticlu\u021ba elegant\u0103 \u00een tonuri aurii, care reprezint\u0103 \u00eembinarea perfect\u0103 \u00eentre mod\u0103 \u0219i lux , este un accesoriu excelent pentru m\u0103su\u021ba dvs. de toalet\u0103. Parfumul a fost lansat pe pia\u021b\u0103 \u00een anul 2007.<\/p>\n","protected":false},"excerpt":{"rendered":"<p>Guess Gold este o ap\u0103 de parfum sofisticat\u0103, floral\u0103 \u0219i lemnoas\u0103, care evoc\u0103 luxul, farmecul \u0219i elegan\u021ba . Acest parfum este conceput pentru femeile \u00eencrez\u0103toare , care au un stil aparte \u0219i nu se tem s\u0103 \u00eel exprime \u0219i s\u0103 \u00ee\u0219i exprime personalitatea unic\u0103 . Bucura\u021bi-v\u0103 de senza\u021bia de lux \u0219i str\u0103lucire cu acest parfum&#8230;<\/p>\n","protected":false},"featured_media":278356,"comment_status":"closed","ping_status":"open","template":"","meta":{"_acf_changed":false,"_kadence_starter_templates_imported_post":false,"_kad_post_transparent":"","_kad_post_title":"","_kad_post_layout":"","_kad_post_sidebar_id":"","_kad_post_content_style":"","_kad_post_vertical_padding":"","_kad_post_feature":"","_kad_post_feature_position":"","_kad_post_header":false,"_kad_post_footer":false,"_kad_post_classname":""},"product_brand":[277],"product_cat":[619,614],"product_tag":[],"class_list":{"0":"post-278355","1":"product","2":"type-product","3":"status-publish","4":"has-post-thumbnail","6":"product_brand-guess","7":"product_cat-ape-de-parfum-edp","8":"product_cat-parfumuri","10":"first","11":"instock","12":"sale","13":"product-type-external","14":"entry","15":"content-bg","16":"loop-entry"},"acf":[],"yoast_head":"<!-- This site is optimized with the Yoast SEO plugin v27.4 - https:\/\/yoast.com\/product\/yoast-seo-wordpress\/ -->\n<title>Guess Guess Gold - EDP 75 ml - SHOPATOA.COM<\/title>\n<meta name=\"robots\" content=\"index, follow, max-snippet:-1, max-image-preview:large, max-video-preview:-1\" \/>\n<link rel=\"canonical\" href=\"https:\/\/shopatoa.com\/ro\/guess-guess-gold-edp-75-ml\/\" \/>\n<meta property=\"og:locale\" content=\"ro_RO\" \/>\n<meta property=\"og:type\" content=\"article\" \/>\n<meta property=\"og:title\" content=\"Guess Guess Gold - EDP 75 ml - SHOPATOA.COM\" \/>\n<meta property=\"og:description\" content=\"Guess Gold este o ap\u0103 de parfum sofisticat\u0103, floral\u0103 \u0219i lemnoas\u0103, care evoc\u0103 luxul, farmecul \u0219i elegan\u021ba . Acest parfum este conceput pentru femeile \u00eencrez\u0103toare , care au un stil aparte \u0219i nu se tem s\u0103 \u00eel exprime \u0219i s\u0103 \u00ee\u0219i exprime personalitatea unic\u0103 . Bucura\u021bi-v\u0103 de senza\u021bia de lux \u0219i str\u0103lucire cu acest parfum...\" \/>\n<meta property=\"og:url\" content=\"https:\/\/shopatoa.com\/ro\/guess-guess-gold-edp-75-ml\/\" \/>\n<meta property=\"og:site_name\" content=\"SHOPATOA\" \/>\n<meta property=\"article:modified_time\" content=\"2025-12-11T19:15:08+00:00\" \/>\n<meta property=\"og:image\" content=\"https:\/\/storage.googleapis.com\/cz-shopatoa-img\/ro\/a229a9e3-unnamed-file.webp\" \/>\n\t<meta property=\"og:image:width\" content=\"800\" \/>\n\t<meta property=\"og:image:height\" content=\"800\" \/>\n\t<meta property=\"og:image:type\" content=\"image\/webp\" \/>\n<meta name=\"twitter:card\" content=\"summary_large_image\" \/>\n<meta name=\"twitter:label1\" content=\"Timp estimat pentru citire\" \/>\n\t<meta name=\"twitter:data1\" content=\"1 minut\" \/>\n<script type=\"application\/ld+json\" class=\"yoast-schema-graph\">{\"@context\":\"https:\\\/\\\/schema.org\",\"@graph\":[{\"@type\":\"WebPage\",\"@id\":\"https:\\\/\\\/shopatoa.com\\\/ro\\\/guess-guess-gold-edp-75-ml\\\/\",\"url\":\"https:\\\/\\\/shopatoa.com\\\/ro\\\/guess-guess-gold-edp-75-ml\\\/\",\"name\":\"Guess Guess Gold - EDP 75 ml - SHOPATOA.COM\",\"isPartOf\":{\"@id\":\"https:\\\/\\\/shopatoa.com\\\/ro\\\/#website\"},\"primaryImageOfPage\":{\"@id\":\"https:\\\/\\\/shopatoa.com\\\/ro\\\/guess-guess-gold-edp-75-ml\\\/#primaryimage\"},\"image\":{\"@id\":\"https:\\\/\\\/shopatoa.com\\\/ro\\\/guess-guess-gold-edp-75-ml\\\/#primaryimage\"},\"thumbnailUrl\":\"https:\\\/\\\/storage.googleapis.com\\\/cz-shopatoa-img\\\/ro\\\/a229a9e3-unnamed-file.webp\",\"datePublished\":\"2025-04-30T09:26:45+00:00\",\"dateModified\":\"2025-12-11T19:15:08+00:00\",\"breadcrumb\":{\"@id\":\"https:\\\/\\\/shopatoa.com\\\/ro\\\/guess-guess-gold-edp-75-ml\\\/#breadcrumb\"},\"inLanguage\":\"ro-RO\",\"potentialAction\":[{\"@type\":\"ReadAction\",\"target\":[\"https:\\\/\\\/shopatoa.com\\\/ro\\\/guess-guess-gold-edp-75-ml\\\/\"]}]},{\"@type\":\"ImageObject\",\"inLanguage\":\"ro-RO\",\"@id\":\"https:\\\/\\\/shopatoa.com\\\/ro\\\/guess-guess-gold-edp-75-ml\\\/#primaryimage\",\"url\":\"https:\\\/\\\/storage.googleapis.com\\\/cz-shopatoa-img\\\/ro\\\/a229a9e3-unnamed-file.webp\",\"contentUrl\":\"https:\\\/\\\/storage.googleapis.com\\\/cz-shopatoa-img\\\/ro\\\/a229a9e3-unnamed-file.webp\",\"width\":800,\"height\":800},{\"@type\":\"BreadcrumbList\",\"@id\":\"https:\\\/\\\/shopatoa.com\\\/ro\\\/guess-guess-gold-edp-75-ml\\\/#breadcrumb\",\"itemListElement\":[{\"@type\":\"ListItem\",\"position\":1,\"name\":\"Dom\u016f\",\"item\":\"https:\\\/\\\/shopatoa.com\\\/ro\\\/\"},{\"@type\":\"ListItem\",\"position\":2,\"name\":\"Shop\",\"item\":\"https:\\\/\\\/shopatoa.com\\\/ro\\\/shop\\\/\"},{\"@type\":\"ListItem\",\"position\":3,\"name\":\"Parfumuri\",\"item\":\"https:\\\/\\\/shopatoa.com\\\/ro\\\/parfumuri\\\/\"},{\"@type\":\"ListItem\",\"position\":4,\"name\":\"Ape de parfum (EDP)\",\"item\":\"https:\\\/\\\/shopatoa.com\\\/ro\\\/ape-de-parfum-edp\\\/\"},{\"@type\":\"ListItem\",\"position\":5,\"name\":\"Guess Guess Gold &#8211; EDP 75 ml\"}]},{\"@type\":\"WebSite\",\"@id\":\"https:\\\/\\\/shopatoa.com\\\/ro\\\/#website\",\"url\":\"https:\\\/\\\/shopatoa.com\\\/ro\\\/\",\"name\":\"SHOPATOA\",\"description\":\"\",\"publisher\":{\"@id\":\"https:\\\/\\\/shopatoa.com\\\/ro\\\/#organization\"},\"potentialAction\":[{\"@type\":\"SearchAction\",\"target\":{\"@type\":\"EntryPoint\",\"urlTemplate\":\"https:\\\/\\\/shopatoa.com\\\/ro\\\/?s={search_term_string}\"},\"query-input\":{\"@type\":\"PropertyValueSpecification\",\"valueRequired\":true,\"valueName\":\"search_term_string\"}}],\"inLanguage\":\"ro-RO\"},{\"@type\":\"Organization\",\"@id\":\"https:\\\/\\\/shopatoa.com\\\/ro\\\/#organization\",\"name\":\"SHOPATOA\",\"url\":\"https:\\\/\\\/shopatoa.com\\\/ro\\\/\",\"logo\":{\"@type\":\"ImageObject\",\"inLanguage\":\"ro-RO\",\"@id\":\"https:\\\/\\\/shopatoa.com\\\/ro\\\/#\\\/schema\\\/logo\\\/image\\\/\",\"url\":\"https:\\\/\\\/storage.googleapis.com\\\/cz-shopatoa-img\\\/ro\\\/b4dac915-shopatoa_logo.png\",\"contentUrl\":\"https:\\\/\\\/storage.googleapis.com\\\/cz-shopatoa-img\\\/ro\\\/b4dac915-shopatoa_logo.png\",\"width\":416,\"height\":63,\"caption\":\"SHOPATOA\"},\"image\":{\"@id\":\"https:\\\/\\\/shopatoa.com\\\/ro\\\/#\\\/schema\\\/logo\\\/image\\\/\"}}]}<\/script>\n<!-- \/ Yoast SEO plugin. -->","yoast_head_json":{"title":"Guess Guess Gold - EDP 75 ml - SHOPATOA.COM","robots":{"index":"index","follow":"follow","max-snippet":"max-snippet:-1","max-image-preview":"max-image-preview:large","max-video-preview":"max-video-preview:-1"},"canonical":"https:\/\/shopatoa.com\/ro\/guess-guess-gold-edp-75-ml\/","og_locale":"ro_RO","og_type":"article","og_title":"Guess Guess Gold - EDP 75 ml - SHOPATOA.COM","og_description":"Guess Gold este o ap\u0103 de parfum sofisticat\u0103, floral\u0103 \u0219i lemnoas\u0103, care evoc\u0103 luxul, farmecul \u0219i elegan\u021ba . Acest parfum este conceput pentru femeile \u00eencrez\u0103toare , care au un stil aparte \u0219i nu se tem s\u0103 \u00eel exprime \u0219i s\u0103 \u00ee\u0219i exprime personalitatea unic\u0103 . Bucura\u021bi-v\u0103 de senza\u021bia de lux \u0219i str\u0103lucire cu acest parfum...","og_url":"https:\/\/shopatoa.com\/ro\/guess-guess-gold-edp-75-ml\/","og_site_name":"SHOPATOA","article_modified_time":"2025-12-11T19:15:08+00:00","og_image":[{"width":800,"height":800,"url":"https:\/\/storage.googleapis.com\/cz-shopatoa-img\/ro\/a229a9e3-unnamed-file.webp","type":"image\/webp"}],"twitter_card":"summary_large_image","twitter_misc":{"Timp estimat pentru citire":"1 minut"},"schema":{"@context":"https:\/\/schema.org","@graph":[{"@type":"WebPage","@id":"https:\/\/shopatoa.com\/ro\/guess-guess-gold-edp-75-ml\/","url":"https:\/\/shopatoa.com\/ro\/guess-guess-gold-edp-75-ml\/","name":"Guess Guess Gold - EDP 75 ml - SHOPATOA.COM","isPartOf":{"@id":"https:\/\/shopatoa.com\/ro\/#website"},"primaryImageOfPage":{"@id":"https:\/\/shopatoa.com\/ro\/guess-guess-gold-edp-75-ml\/#primaryimage"},"image":{"@id":"https:\/\/shopatoa.com\/ro\/guess-guess-gold-edp-75-ml\/#primaryimage"},"thumbnailUrl":"https:\/\/storage.googleapis.com\/cz-shopatoa-img\/ro\/a229a9e3-unnamed-file.webp","datePublished":"2025-04-30T09:26:45+00:00","dateModified":"2025-12-11T19:15:08+00:00","breadcrumb":{"@id":"https:\/\/shopatoa.com\/ro\/guess-guess-gold-edp-75-ml\/#breadcrumb"},"inLanguage":"ro-RO","potentialAction":[{"@type":"ReadAction","target":["https:\/\/shopatoa.com\/ro\/guess-guess-gold-edp-75-ml\/"]}]},{"@type":"ImageObject","inLanguage":"ro-RO","@id":"https:\/\/shopatoa.com\/ro\/guess-guess-gold-edp-75-ml\/#primaryimage","url":"https:\/\/storage.googleapis.com\/cz-shopatoa-img\/ro\/a229a9e3-unnamed-file.webp","contentUrl":"https:\/\/storage.googleapis.com\/cz-shopatoa-img\/ro\/a229a9e3-unnamed-file.webp","width":800,"height":800},{"@type":"BreadcrumbList","@id":"https:\/\/shopatoa.com\/ro\/guess-guess-gold-edp-75-ml\/#breadcrumb","itemListElement":[{"@type":"ListItem","position":1,"name":"Dom\u016f","item":"https:\/\/shopatoa.com\/ro\/"},{"@type":"ListItem","position":2,"name":"Shop","item":"https:\/\/shopatoa.com\/ro\/shop\/"},{"@type":"ListItem","position":3,"name":"Parfumuri","item":"https:\/\/shopatoa.com\/ro\/parfumuri\/"},{"@type":"ListItem","position":4,"name":"Ape de parfum (EDP)","item":"https:\/\/shopatoa.com\/ro\/ape-de-parfum-edp\/"},{"@type":"ListItem","position":5,"name":"Guess Guess Gold &#8211; EDP 75 ml"}]},{"@type":"WebSite","@id":"https:\/\/shopatoa.com\/ro\/#website","url":"https:\/\/shopatoa.com\/ro\/","name":"SHOPATOA","description":"","publisher":{"@id":"https:\/\/shopatoa.com\/ro\/#organization"},"potentialAction":[{"@type":"SearchAction","target":{"@type":"EntryPoint","urlTemplate":"https:\/\/shopatoa.com\/ro\/?s={search_term_string}"},"query-input":{"@type":"PropertyValueSpecification","valueRequired":true,"valueName":"search_term_string"}}],"inLanguage":"ro-RO"},{"@type":"Organization","@id":"https:\/\/shopatoa.com\/ro\/#organization","name":"SHOPATOA","url":"https:\/\/shopatoa.com\/ro\/","logo":{"@type":"ImageObject","inLanguage":"ro-RO","@id":"https:\/\/shopatoa.com\/ro\/#\/schema\/logo\/image\/","url":"https:\/\/storage.googleapis.com\/cz-shopatoa-img\/ro\/b4dac915-shopatoa_logo.png","contentUrl":"https:\/\/storage.googleapis.com\/cz-shopatoa-img\/ro\/b4dac915-shopatoa_logo.png","width":416,"height":63,"caption":"SHOPATOA"},"image":{"@id":"https:\/\/shopatoa.com\/ro\/#\/schema\/logo\/image\/"}}]}},"_links":{"self":[{"href":"https:\/\/shopatoa.com\/ro\/wp-json\/wp\/v2\/product\/278355","targetHints":{"allow":["GET"]}}],"collection":[{"href":"https:\/\/shopatoa.com\/ro\/wp-json\/wp\/v2\/product"}],"about":[{"href":"https:\/\/shopatoa.com\/ro\/wp-json\/wp\/v2\/types\/product"}],"replies":[{"embeddable":true,"href":"https:\/\/shopatoa.com\/ro\/wp-json\/wp\/v2\/comments?post=278355"}],"wp:featuredmedia":[{"embeddable":true,"href":"https:\/\/shopatoa.com\/ro\/wp-json\/wp\/v2\/media\/278356"}],"wp:attachment":[{"href":"https:\/\/shopatoa.com\/ro\/wp-json\/wp\/v2\/media?parent=278355"}],"wp:term":[{"taxonomy":"product_brand","embeddable":true,"href":"https:\/\/shopatoa.com\/ro\/wp-json\/wp\/v2\/product_brand?post=278355"},{"taxonomy":"product_cat","embeddable":true,"href":"https:\/\/shopatoa.com\/ro\/wp-json\/wp\/v2\/product_cat?post=278355"},{"taxonomy":"product_tag","embeddable":true,"href":"https:\/\/shopatoa.com\/ro\/wp-json\/wp\/v2\/product_tag?post=278355"}],"curies":[{"name":"wp","href":"https:\/\/api.w.org\/{rel}","templated":true}]}}