{"id":278440,"date":"2025-04-30T11:46:03","date_gmt":"2025-04-30T09:46:03","guid":{"rendered":"https:\/\/shopatoa.com\/ro\/tenga-masturbator-barbatesc-ou-tenga-egg-surfer\/"},"modified":"2025-11-26T06:35:39","modified_gmt":"2025-11-26T05:35:39","slug":"tenga-masturbator-barbatesc-ou-tenga-egg-surfer","status":"publish","type":"product","link":"https:\/\/shopatoa.com\/ro\/tenga-masturbator-barbatesc-ou-tenga-egg-surfer\/","title":{"rendered":"Tenga Masturbator b\u0103rb\u0103tesc ou Tenga Egg Surfer"},"content":{"rendered":"<p>Gam\u0103 nou\u0103 de popularele Tenga Egg din elastomer moale. Bucura\u021bi-v\u0103 de senza\u021biile fenomenale ale ou\u0103lor profilate ini\u021bial &#8222;tari&#8221; datorit\u0103 gelului lubrifiant mai gros. Aceste mici minuni sunt perfect elastice \u0219i se adapteaz\u0103 la orice dimensiune. Datorit\u0103 inelului dublu de la intrare, se potrive\u0219te perfect. Pur \u0219i simplu despacheta\u021bi, aplica\u021bi gelul lubrifiant inclus \u0219i bucura\u021bi-v\u0103 de senza\u021bii incredibile de pl\u0103cere. Juc\u0103ria de c\u0103l\u0103torie perfect\u0103 &#8211; purta\u021bi-o cu dvs. tot timpul \u0219i bucura\u021bi-v\u0103 de un orgasm oric\u00e2nd \u0219i oriunde dori\u021bi.<\/p>\n","protected":false},"excerpt":{"rendered":"<p>Gam\u0103 nou\u0103 de popularele Tenga Egg din elastomer moale. Bucura\u021bi-v\u0103 de senza\u021biile fenomenale ale ou\u0103lor profilate ini\u021bial &#8222;tari&#8221; datorit\u0103 gelului lubrifiant mai gros. Aceste mici minuni sunt perfect elastice \u0219i se adapteaz\u0103 la orice dimensiune. Datorit\u0103 inelului dublu de la intrare, se potrive\u0219te perfect. Pur \u0219i simplu despacheta\u021bi, aplica\u021bi gelul lubrifiant inclus \u0219i bucura\u021bi-v\u0103 de&#8230;<\/p>\n","protected":false},"featured_media":278441,"comment_status":"closed","ping_status":"open","template":"","meta":{"_acf_changed":false,"_kadence_starter_templates_imported_post":false,"_kad_post_transparent":"","_kad_post_title":"","_kad_post_layout":"","_kad_post_sidebar_id":"","_kad_post_content_style":"","_kad_post_vertical_padding":"","_kad_post_feature":"","_kad_post_feature_position":"","_kad_post_header":false,"_kad_post_footer":false,"_kad_post_classname":""},"product_brand":[793],"product_cat":[246,668,669,611],"product_tag":[],"class_list":{"0":"post-278440","1":"product","2":"type-product","3":"status-publish","4":"has-post-thumbnail","6":"product_brand-tenga","7":"product_cat-cosmetice","8":"product_cat-jucarii-sexy","9":"product_cat-jucarii-si-produse-erotice","10":"product_cat-produse-cosmetice-pentru-corp","12":"first","13":"instock","14":"product-type-external","15":"entry","16":"content-bg","17":"loop-entry"},"acf":[],"yoast_head":"<!-- This site is optimized with the Yoast SEO plugin v27.4 - https:\/\/yoast.com\/product\/yoast-seo-wordpress\/ -->\n<title>Tenga Masturbator b\u0103rb\u0103tesc ou Tenga Egg Surfer - SHOPATOA.COM<\/title>\n<meta name=\"robots\" content=\"index, follow, max-snippet:-1, max-image-preview:large, max-video-preview:-1\" \/>\n<link rel=\"canonical\" href=\"https:\/\/shopatoa.com\/ro\/tenga-masturbator-barbatesc-ou-tenga-egg-surfer\/\" \/>\n<meta property=\"og:locale\" content=\"ro_RO\" \/>\n<meta property=\"og:type\" content=\"article\" \/>\n<meta property=\"og:title\" content=\"Tenga Masturbator b\u0103rb\u0103tesc ou Tenga Egg Surfer - SHOPATOA.COM\" \/>\n<meta property=\"og:description\" content=\"Gam\u0103 nou\u0103 de popularele Tenga Egg din elastomer moale. Bucura\u021bi-v\u0103 de senza\u021biile fenomenale ale ou\u0103lor profilate ini\u021bial &#8222;tari&#8221; datorit\u0103 gelului lubrifiant mai gros. Aceste mici minuni sunt perfect elastice \u0219i se adapteaz\u0103 la orice dimensiune. Datorit\u0103 inelului dublu de la intrare, se potrive\u0219te perfect. Pur \u0219i simplu despacheta\u021bi, aplica\u021bi gelul lubrifiant inclus \u0219i bucura\u021bi-v\u0103 de...\" \/>\n<meta property=\"og:url\" content=\"https:\/\/shopatoa.com\/ro\/tenga-masturbator-barbatesc-ou-tenga-egg-surfer\/\" \/>\n<meta property=\"og:site_name\" content=\"SHOPATOA\" \/>\n<meta property=\"article:modified_time\" content=\"2025-11-26T05:35:39+00:00\" \/>\n<meta property=\"og:image\" content=\"https:\/\/storage.googleapis.com\/cz-shopatoa-img\/ro\/d3bda392-unnamed-file.webp\" \/>\n\t<meta property=\"og:image:width\" content=\"800\" \/>\n\t<meta property=\"og:image:height\" content=\"800\" \/>\n\t<meta property=\"og:image:type\" content=\"image\/webp\" \/>\n<meta name=\"twitter:card\" content=\"summary_large_image\" \/>\n<script type=\"application\/ld+json\" class=\"yoast-schema-graph\">{\"@context\":\"https:\\\/\\\/schema.org\",\"@graph\":[{\"@type\":\"WebPage\",\"@id\":\"https:\\\/\\\/shopatoa.com\\\/ro\\\/tenga-masturbator-barbatesc-ou-tenga-egg-surfer\\\/\",\"url\":\"https:\\\/\\\/shopatoa.com\\\/ro\\\/tenga-masturbator-barbatesc-ou-tenga-egg-surfer\\\/\",\"name\":\"Tenga Masturbator b\u0103rb\u0103tesc ou Tenga Egg Surfer - SHOPATOA.COM\",\"isPartOf\":{\"@id\":\"https:\\\/\\\/shopatoa.com\\\/ro\\\/#website\"},\"primaryImageOfPage\":{\"@id\":\"https:\\\/\\\/shopatoa.com\\\/ro\\\/tenga-masturbator-barbatesc-ou-tenga-egg-surfer\\\/#primaryimage\"},\"image\":{\"@id\":\"https:\\\/\\\/shopatoa.com\\\/ro\\\/tenga-masturbator-barbatesc-ou-tenga-egg-surfer\\\/#primaryimage\"},\"thumbnailUrl\":\"https:\\\/\\\/storage.googleapis.com\\\/cz-shopatoa-img\\\/ro\\\/d3bda392-unnamed-file.webp\",\"datePublished\":\"2025-04-30T09:46:03+00:00\",\"dateModified\":\"2025-11-26T05:35:39+00:00\",\"breadcrumb\":{\"@id\":\"https:\\\/\\\/shopatoa.com\\\/ro\\\/tenga-masturbator-barbatesc-ou-tenga-egg-surfer\\\/#breadcrumb\"},\"inLanguage\":\"ro-RO\",\"potentialAction\":[{\"@type\":\"ReadAction\",\"target\":[\"https:\\\/\\\/shopatoa.com\\\/ro\\\/tenga-masturbator-barbatesc-ou-tenga-egg-surfer\\\/\"]}]},{\"@type\":\"ImageObject\",\"inLanguage\":\"ro-RO\",\"@id\":\"https:\\\/\\\/shopatoa.com\\\/ro\\\/tenga-masturbator-barbatesc-ou-tenga-egg-surfer\\\/#primaryimage\",\"url\":\"https:\\\/\\\/storage.googleapis.com\\\/cz-shopatoa-img\\\/ro\\\/d3bda392-unnamed-file.webp\",\"contentUrl\":\"https:\\\/\\\/storage.googleapis.com\\\/cz-shopatoa-img\\\/ro\\\/d3bda392-unnamed-file.webp\",\"width\":800,\"height\":800},{\"@type\":\"BreadcrumbList\",\"@id\":\"https:\\\/\\\/shopatoa.com\\\/ro\\\/tenga-masturbator-barbatesc-ou-tenga-egg-surfer\\\/#breadcrumb\",\"itemListElement\":[{\"@type\":\"ListItem\",\"position\":1,\"name\":\"Dom\u016f\",\"item\":\"https:\\\/\\\/shopatoa.com\\\/ro\\\/\"},{\"@type\":\"ListItem\",\"position\":2,\"name\":\"Shop\",\"item\":\"https:\\\/\\\/shopatoa.com\\\/ro\\\/shop\\\/\"},{\"@type\":\"ListItem\",\"position\":3,\"name\":\"Cosmetice\",\"item\":\"https:\\\/\\\/shopatoa.com\\\/ro\\\/cosmetice\\\/\"},{\"@type\":\"ListItem\",\"position\":4,\"name\":\"Produse cosmetice pentru corp\",\"item\":\"https:\\\/\\\/shopatoa.com\\\/ro\\\/produse-cosmetice-pentru-corp\\\/\"},{\"@type\":\"ListItem\",\"position\":5,\"name\":\"Juc\u0103rii sexy\",\"item\":\"https:\\\/\\\/shopatoa.com\\\/ro\\\/jucarii-sexy\\\/\"},{\"@type\":\"ListItem\",\"position\":6,\"name\":\"Juc\u0103rii si produse erotice\",\"item\":\"https:\\\/\\\/shopatoa.com\\\/ro\\\/jucarii-si-produse-erotice\\\/\"},{\"@type\":\"ListItem\",\"position\":7,\"name\":\"Tenga Masturbator b\u0103rb\u0103tesc ou Tenga Egg Surfer\"}]},{\"@type\":\"WebSite\",\"@id\":\"https:\\\/\\\/shopatoa.com\\\/ro\\\/#website\",\"url\":\"https:\\\/\\\/shopatoa.com\\\/ro\\\/\",\"name\":\"SHOPATOA\",\"description\":\"\",\"publisher\":{\"@id\":\"https:\\\/\\\/shopatoa.com\\\/ro\\\/#organization\"},\"potentialAction\":[{\"@type\":\"SearchAction\",\"target\":{\"@type\":\"EntryPoint\",\"urlTemplate\":\"https:\\\/\\\/shopatoa.com\\\/ro\\\/?s={search_term_string}\"},\"query-input\":{\"@type\":\"PropertyValueSpecification\",\"valueRequired\":true,\"valueName\":\"search_term_string\"}}],\"inLanguage\":\"ro-RO\"},{\"@type\":\"Organization\",\"@id\":\"https:\\\/\\\/shopatoa.com\\\/ro\\\/#organization\",\"name\":\"SHOPATOA\",\"url\":\"https:\\\/\\\/shopatoa.com\\\/ro\\\/\",\"logo\":{\"@type\":\"ImageObject\",\"inLanguage\":\"ro-RO\",\"@id\":\"https:\\\/\\\/shopatoa.com\\\/ro\\\/#\\\/schema\\\/logo\\\/image\\\/\",\"url\":\"https:\\\/\\\/storage.googleapis.com\\\/cz-shopatoa-img\\\/ro\\\/b4dac915-shopatoa_logo.png\",\"contentUrl\":\"https:\\\/\\\/storage.googleapis.com\\\/cz-shopatoa-img\\\/ro\\\/b4dac915-shopatoa_logo.png\",\"width\":416,\"height\":63,\"caption\":\"SHOPATOA\"},\"image\":{\"@id\":\"https:\\\/\\\/shopatoa.com\\\/ro\\\/#\\\/schema\\\/logo\\\/image\\\/\"}}]}<\/script>\n<!-- \/ Yoast SEO plugin. -->","yoast_head_json":{"title":"Tenga Masturbator b\u0103rb\u0103tesc ou Tenga Egg Surfer - SHOPATOA.COM","robots":{"index":"index","follow":"follow","max-snippet":"max-snippet:-1","max-image-preview":"max-image-preview:large","max-video-preview":"max-video-preview:-1"},"canonical":"https:\/\/shopatoa.com\/ro\/tenga-masturbator-barbatesc-ou-tenga-egg-surfer\/","og_locale":"ro_RO","og_type":"article","og_title":"Tenga Masturbator b\u0103rb\u0103tesc ou Tenga Egg Surfer - SHOPATOA.COM","og_description":"Gam\u0103 nou\u0103 de popularele Tenga Egg din elastomer moale. Bucura\u021bi-v\u0103 de senza\u021biile fenomenale ale ou\u0103lor profilate ini\u021bial &#8222;tari&#8221; datorit\u0103 gelului lubrifiant mai gros. Aceste mici minuni sunt perfect elastice \u0219i se adapteaz\u0103 la orice dimensiune. Datorit\u0103 inelului dublu de la intrare, se potrive\u0219te perfect. Pur \u0219i simplu despacheta\u021bi, aplica\u021bi gelul lubrifiant inclus \u0219i bucura\u021bi-v\u0103 de...","og_url":"https:\/\/shopatoa.com\/ro\/tenga-masturbator-barbatesc-ou-tenga-egg-surfer\/","og_site_name":"SHOPATOA","article_modified_time":"2025-11-26T05:35:39+00:00","og_image":[{"width":800,"height":800,"url":"https:\/\/storage.googleapis.com\/cz-shopatoa-img\/ro\/d3bda392-unnamed-file.webp","type":"image\/webp"}],"twitter_card":"summary_large_image","schema":{"@context":"https:\/\/schema.org","@graph":[{"@type":"WebPage","@id":"https:\/\/shopatoa.com\/ro\/tenga-masturbator-barbatesc-ou-tenga-egg-surfer\/","url":"https:\/\/shopatoa.com\/ro\/tenga-masturbator-barbatesc-ou-tenga-egg-surfer\/","name":"Tenga Masturbator b\u0103rb\u0103tesc ou Tenga Egg Surfer - SHOPATOA.COM","isPartOf":{"@id":"https:\/\/shopatoa.com\/ro\/#website"},"primaryImageOfPage":{"@id":"https:\/\/shopatoa.com\/ro\/tenga-masturbator-barbatesc-ou-tenga-egg-surfer\/#primaryimage"},"image":{"@id":"https:\/\/shopatoa.com\/ro\/tenga-masturbator-barbatesc-ou-tenga-egg-surfer\/#primaryimage"},"thumbnailUrl":"https:\/\/storage.googleapis.com\/cz-shopatoa-img\/ro\/d3bda392-unnamed-file.webp","datePublished":"2025-04-30T09:46:03+00:00","dateModified":"2025-11-26T05:35:39+00:00","breadcrumb":{"@id":"https:\/\/shopatoa.com\/ro\/tenga-masturbator-barbatesc-ou-tenga-egg-surfer\/#breadcrumb"},"inLanguage":"ro-RO","potentialAction":[{"@type":"ReadAction","target":["https:\/\/shopatoa.com\/ro\/tenga-masturbator-barbatesc-ou-tenga-egg-surfer\/"]}]},{"@type":"ImageObject","inLanguage":"ro-RO","@id":"https:\/\/shopatoa.com\/ro\/tenga-masturbator-barbatesc-ou-tenga-egg-surfer\/#primaryimage","url":"https:\/\/storage.googleapis.com\/cz-shopatoa-img\/ro\/d3bda392-unnamed-file.webp","contentUrl":"https:\/\/storage.googleapis.com\/cz-shopatoa-img\/ro\/d3bda392-unnamed-file.webp","width":800,"height":800},{"@type":"BreadcrumbList","@id":"https:\/\/shopatoa.com\/ro\/tenga-masturbator-barbatesc-ou-tenga-egg-surfer\/#breadcrumb","itemListElement":[{"@type":"ListItem","position":1,"name":"Dom\u016f","item":"https:\/\/shopatoa.com\/ro\/"},{"@type":"ListItem","position":2,"name":"Shop","item":"https:\/\/shopatoa.com\/ro\/shop\/"},{"@type":"ListItem","position":3,"name":"Cosmetice","item":"https:\/\/shopatoa.com\/ro\/cosmetice\/"},{"@type":"ListItem","position":4,"name":"Produse cosmetice pentru corp","item":"https:\/\/shopatoa.com\/ro\/produse-cosmetice-pentru-corp\/"},{"@type":"ListItem","position":5,"name":"Juc\u0103rii sexy","item":"https:\/\/shopatoa.com\/ro\/jucarii-sexy\/"},{"@type":"ListItem","position":6,"name":"Juc\u0103rii si produse erotice","item":"https:\/\/shopatoa.com\/ro\/jucarii-si-produse-erotice\/"},{"@type":"ListItem","position":7,"name":"Tenga Masturbator b\u0103rb\u0103tesc ou Tenga Egg Surfer"}]},{"@type":"WebSite","@id":"https:\/\/shopatoa.com\/ro\/#website","url":"https:\/\/shopatoa.com\/ro\/","name":"SHOPATOA","description":"","publisher":{"@id":"https:\/\/shopatoa.com\/ro\/#organization"},"potentialAction":[{"@type":"SearchAction","target":{"@type":"EntryPoint","urlTemplate":"https:\/\/shopatoa.com\/ro\/?s={search_term_string}"},"query-input":{"@type":"PropertyValueSpecification","valueRequired":true,"valueName":"search_term_string"}}],"inLanguage":"ro-RO"},{"@type":"Organization","@id":"https:\/\/shopatoa.com\/ro\/#organization","name":"SHOPATOA","url":"https:\/\/shopatoa.com\/ro\/","logo":{"@type":"ImageObject","inLanguage":"ro-RO","@id":"https:\/\/shopatoa.com\/ro\/#\/schema\/logo\/image\/","url":"https:\/\/storage.googleapis.com\/cz-shopatoa-img\/ro\/b4dac915-shopatoa_logo.png","contentUrl":"https:\/\/storage.googleapis.com\/cz-shopatoa-img\/ro\/b4dac915-shopatoa_logo.png","width":416,"height":63,"caption":"SHOPATOA"},"image":{"@id":"https:\/\/shopatoa.com\/ro\/#\/schema\/logo\/image\/"}}]}},"_links":{"self":[{"href":"https:\/\/shopatoa.com\/ro\/wp-json\/wp\/v2\/product\/278440","targetHints":{"allow":["GET"]}}],"collection":[{"href":"https:\/\/shopatoa.com\/ro\/wp-json\/wp\/v2\/product"}],"about":[{"href":"https:\/\/shopatoa.com\/ro\/wp-json\/wp\/v2\/types\/product"}],"replies":[{"embeddable":true,"href":"https:\/\/shopatoa.com\/ro\/wp-json\/wp\/v2\/comments?post=278440"}],"wp:featuredmedia":[{"embeddable":true,"href":"https:\/\/shopatoa.com\/ro\/wp-json\/wp\/v2\/media\/278441"}],"wp:attachment":[{"href":"https:\/\/shopatoa.com\/ro\/wp-json\/wp\/v2\/media?parent=278440"}],"wp:term":[{"taxonomy":"product_brand","embeddable":true,"href":"https:\/\/shopatoa.com\/ro\/wp-json\/wp\/v2\/product_brand?post=278440"},{"taxonomy":"product_cat","embeddable":true,"href":"https:\/\/shopatoa.com\/ro\/wp-json\/wp\/v2\/product_cat?post=278440"},{"taxonomy":"product_tag","embeddable":true,"href":"https:\/\/shopatoa.com\/ro\/wp-json\/wp\/v2\/product_tag?post=278440"}],"curies":[{"name":"wp","href":"https:\/\/api.w.org\/{rel}","templated":true}]}}