{"id":278446,"date":"2025-04-30T11:46:36","date_gmt":"2025-04-30T09:46:36","guid":{"rendered":"https:\/\/shopatoa.com\/ro\/jejoue-bullet-vibrant-amour-roz\/"},"modified":"2025-11-08T18:56:28","modified_gmt":"2025-11-08T17:56:28","slug":"jejoue-bullet-vibrant-amour-roz","status":"publish","type":"product","link":"https:\/\/shopatoa.com\/ro\/jejoue-bullet-vibrant-amour-roz\/","title":{"rendered":"JeJoue Bullet vibrant Amour roz"},"content":{"rendered":"<p>V\u00e2rful vibratorului Jejoue Amour ofer\u0103 o g\u00e2dil\u0103 senzual\u0103 care este ideal\u0103 pentru a explora toate zonele erogene. Folosi\u021bi Jejoue Amour pentru a tachina toate punctele de pl\u0103cere, cum ar fi clitorisul, sf\u00e2rcurile, testiculele \u0219i vulva. Cu silicon de calitate medical\u0103, moale \u0219i m\u0103t\u0103sos, sigur pentru corp, Jejoue Amour este pl\u0103cut la atingere. Bullet ofer\u0103 o gam\u0103 larg\u0103 de vibra\u021bii datorit\u0103 celor 5 viteze \u0219i 7 moduri de vibra\u021bie. Motorul bullet-ului este proiectat astfel \u00eenc\u00e2t vibra\u021biile s\u0103 creasc\u0103 \u0219i la o frecven\u021b\u0103 joas\u0103. Bullet-ul vibrator se \u00eencarc\u0103 cu ajutorul cablului USB. Pentru o \u00eenc\u0103rcare complet\u0103, trebuie doar s\u0103 \u00eenc\u0103rca\u021bi timp de 1 or\u0103 \u0219i juc\u0103ria dvs. va fi gata pentru 1,5 ore de pl\u0103cere.<\/p>\n","protected":false},"excerpt":{"rendered":"<p>V\u00e2rful vibratorului Jejoue Amour ofer\u0103 o g\u00e2dil\u0103 senzual\u0103 care este ideal\u0103 pentru a explora toate zonele erogene. Folosi\u021bi Jejoue Amour pentru a tachina toate punctele de pl\u0103cere, cum ar fi clitorisul, sf\u00e2rcurile, testiculele \u0219i vulva. Cu silicon de calitate medical\u0103, moale \u0219i m\u0103t\u0103sos, sigur pentru corp, Jejoue Amour este pl\u0103cut la atingere. Bullet ofer\u0103 o&#8230;<\/p>\n","protected":false},"featured_media":278447,"comment_status":"closed","ping_status":"open","template":"","meta":{"_acf_changed":false,"_kadence_starter_templates_imported_post":false,"_kad_post_transparent":"","_kad_post_title":"","_kad_post_layout":"","_kad_post_sidebar_id":"","_kad_post_content_style":"","_kad_post_vertical_padding":"","_kad_post_feature":"","_kad_post_feature_position":"","_kad_post_header":false,"_kad_post_footer":false,"_kad_post_classname":""},"product_brand":[414],"product_cat":[246,668,669,611],"product_tag":[],"class_list":{"0":"post-278446","1":"product","2":"type-product","3":"status-publish","4":"has-post-thumbnail","6":"product_brand-jejoue","7":"product_cat-cosmetice","8":"product_cat-jucarii-sexy","9":"product_cat-jucarii-si-produse-erotice","10":"product_cat-produse-cosmetice-pentru-corp","12":"first","13":"instock","14":"product-type-external","15":"entry","16":"content-bg","17":"loop-entry"},"acf":[],"yoast_head":"<!-- This site is optimized with the Yoast SEO plugin v27.4 - https:\/\/yoast.com\/product\/yoast-seo-wordpress\/ -->\n<title>JeJoue Bullet vibrant Amour roz - SHOPATOA.COM<\/title>\n<meta name=\"robots\" content=\"index, follow, max-snippet:-1, max-image-preview:large, max-video-preview:-1\" \/>\n<link rel=\"canonical\" href=\"https:\/\/shopatoa.com\/ro\/jejoue-bullet-vibrant-amour-roz\/\" \/>\n<meta property=\"og:locale\" content=\"ro_RO\" \/>\n<meta property=\"og:type\" content=\"article\" \/>\n<meta property=\"og:title\" content=\"JeJoue Bullet vibrant Amour roz - SHOPATOA.COM\" \/>\n<meta property=\"og:description\" content=\"V\u00e2rful vibratorului Jejoue Amour ofer\u0103 o g\u00e2dil\u0103 senzual\u0103 care este ideal\u0103 pentru a explora toate zonele erogene. Folosi\u021bi Jejoue Amour pentru a tachina toate punctele de pl\u0103cere, cum ar fi clitorisul, sf\u00e2rcurile, testiculele \u0219i vulva. Cu silicon de calitate medical\u0103, moale \u0219i m\u0103t\u0103sos, sigur pentru corp, Jejoue Amour este pl\u0103cut la atingere. Bullet ofer\u0103 o...\" \/>\n<meta property=\"og:url\" content=\"https:\/\/shopatoa.com\/ro\/jejoue-bullet-vibrant-amour-roz\/\" \/>\n<meta property=\"og:site_name\" content=\"SHOPATOA\" \/>\n<meta property=\"article:modified_time\" content=\"2025-11-08T17:56:28+00:00\" \/>\n<meta property=\"og:image\" content=\"https:\/\/storage.googleapis.com\/cz-shopatoa-img\/ro\/adbdbbca-unnamed-file.webp\" \/>\n\t<meta property=\"og:image:width\" content=\"800\" \/>\n\t<meta property=\"og:image:height\" content=\"800\" \/>\n\t<meta property=\"og:image:type\" content=\"image\/webp\" \/>\n<meta name=\"twitter:card\" content=\"summary_large_image\" \/>\n<meta name=\"twitter:label1\" content=\"Timp estimat pentru citire\" \/>\n\t<meta name=\"twitter:data1\" content=\"1 minut\" \/>\n<script type=\"application\/ld+json\" class=\"yoast-schema-graph\">{\"@context\":\"https:\\\/\\\/schema.org\",\"@graph\":[{\"@type\":\"WebPage\",\"@id\":\"https:\\\/\\\/shopatoa.com\\\/ro\\\/jejoue-bullet-vibrant-amour-roz\\\/\",\"url\":\"https:\\\/\\\/shopatoa.com\\\/ro\\\/jejoue-bullet-vibrant-amour-roz\\\/\",\"name\":\"JeJoue Bullet vibrant Amour roz - SHOPATOA.COM\",\"isPartOf\":{\"@id\":\"https:\\\/\\\/shopatoa.com\\\/ro\\\/#website\"},\"primaryImageOfPage\":{\"@id\":\"https:\\\/\\\/shopatoa.com\\\/ro\\\/jejoue-bullet-vibrant-amour-roz\\\/#primaryimage\"},\"image\":{\"@id\":\"https:\\\/\\\/shopatoa.com\\\/ro\\\/jejoue-bullet-vibrant-amour-roz\\\/#primaryimage\"},\"thumbnailUrl\":\"https:\\\/\\\/storage.googleapis.com\\\/cz-shopatoa-img\\\/ro\\\/adbdbbca-unnamed-file.webp\",\"datePublished\":\"2025-04-30T09:46:36+00:00\",\"dateModified\":\"2025-11-08T17:56:28+00:00\",\"breadcrumb\":{\"@id\":\"https:\\\/\\\/shopatoa.com\\\/ro\\\/jejoue-bullet-vibrant-amour-roz\\\/#breadcrumb\"},\"inLanguage\":\"ro-RO\",\"potentialAction\":[{\"@type\":\"ReadAction\",\"target\":[\"https:\\\/\\\/shopatoa.com\\\/ro\\\/jejoue-bullet-vibrant-amour-roz\\\/\"]}]},{\"@type\":\"ImageObject\",\"inLanguage\":\"ro-RO\",\"@id\":\"https:\\\/\\\/shopatoa.com\\\/ro\\\/jejoue-bullet-vibrant-amour-roz\\\/#primaryimage\",\"url\":\"https:\\\/\\\/storage.googleapis.com\\\/cz-shopatoa-img\\\/ro\\\/adbdbbca-unnamed-file.webp\",\"contentUrl\":\"https:\\\/\\\/storage.googleapis.com\\\/cz-shopatoa-img\\\/ro\\\/adbdbbca-unnamed-file.webp\",\"width\":800,\"height\":800},{\"@type\":\"BreadcrumbList\",\"@id\":\"https:\\\/\\\/shopatoa.com\\\/ro\\\/jejoue-bullet-vibrant-amour-roz\\\/#breadcrumb\",\"itemListElement\":[{\"@type\":\"ListItem\",\"position\":1,\"name\":\"Dom\u016f\",\"item\":\"https:\\\/\\\/shopatoa.com\\\/ro\\\/\"},{\"@type\":\"ListItem\",\"position\":2,\"name\":\"Shop\",\"item\":\"https:\\\/\\\/shopatoa.com\\\/ro\\\/shop\\\/\"},{\"@type\":\"ListItem\",\"position\":3,\"name\":\"Cosmetice\",\"item\":\"https:\\\/\\\/shopatoa.com\\\/ro\\\/cosmetice\\\/\"},{\"@type\":\"ListItem\",\"position\":4,\"name\":\"Produse cosmetice pentru corp\",\"item\":\"https:\\\/\\\/shopatoa.com\\\/ro\\\/produse-cosmetice-pentru-corp\\\/\"},{\"@type\":\"ListItem\",\"position\":5,\"name\":\"Juc\u0103rii sexy\",\"item\":\"https:\\\/\\\/shopatoa.com\\\/ro\\\/jucarii-sexy\\\/\"},{\"@type\":\"ListItem\",\"position\":6,\"name\":\"Juc\u0103rii si produse erotice\",\"item\":\"https:\\\/\\\/shopatoa.com\\\/ro\\\/jucarii-si-produse-erotice\\\/\"},{\"@type\":\"ListItem\",\"position\":7,\"name\":\"JeJoue Bullet vibrant Amour roz\"}]},{\"@type\":\"WebSite\",\"@id\":\"https:\\\/\\\/shopatoa.com\\\/ro\\\/#website\",\"url\":\"https:\\\/\\\/shopatoa.com\\\/ro\\\/\",\"name\":\"SHOPATOA\",\"description\":\"\",\"publisher\":{\"@id\":\"https:\\\/\\\/shopatoa.com\\\/ro\\\/#organization\"},\"potentialAction\":[{\"@type\":\"SearchAction\",\"target\":{\"@type\":\"EntryPoint\",\"urlTemplate\":\"https:\\\/\\\/shopatoa.com\\\/ro\\\/?s={search_term_string}\"},\"query-input\":{\"@type\":\"PropertyValueSpecification\",\"valueRequired\":true,\"valueName\":\"search_term_string\"}}],\"inLanguage\":\"ro-RO\"},{\"@type\":\"Organization\",\"@id\":\"https:\\\/\\\/shopatoa.com\\\/ro\\\/#organization\",\"name\":\"SHOPATOA\",\"url\":\"https:\\\/\\\/shopatoa.com\\\/ro\\\/\",\"logo\":{\"@type\":\"ImageObject\",\"inLanguage\":\"ro-RO\",\"@id\":\"https:\\\/\\\/shopatoa.com\\\/ro\\\/#\\\/schema\\\/logo\\\/image\\\/\",\"url\":\"https:\\\/\\\/storage.googleapis.com\\\/cz-shopatoa-img\\\/ro\\\/b4dac915-shopatoa_logo.png\",\"contentUrl\":\"https:\\\/\\\/storage.googleapis.com\\\/cz-shopatoa-img\\\/ro\\\/b4dac915-shopatoa_logo.png\",\"width\":416,\"height\":63,\"caption\":\"SHOPATOA\"},\"image\":{\"@id\":\"https:\\\/\\\/shopatoa.com\\\/ro\\\/#\\\/schema\\\/logo\\\/image\\\/\"}}]}<\/script>\n<!-- \/ Yoast SEO plugin. -->","yoast_head_json":{"title":"JeJoue Bullet vibrant Amour roz - SHOPATOA.COM","robots":{"index":"index","follow":"follow","max-snippet":"max-snippet:-1","max-image-preview":"max-image-preview:large","max-video-preview":"max-video-preview:-1"},"canonical":"https:\/\/shopatoa.com\/ro\/jejoue-bullet-vibrant-amour-roz\/","og_locale":"ro_RO","og_type":"article","og_title":"JeJoue Bullet vibrant Amour roz - SHOPATOA.COM","og_description":"V\u00e2rful vibratorului Jejoue Amour ofer\u0103 o g\u00e2dil\u0103 senzual\u0103 care este ideal\u0103 pentru a explora toate zonele erogene. Folosi\u021bi Jejoue Amour pentru a tachina toate punctele de pl\u0103cere, cum ar fi clitorisul, sf\u00e2rcurile, testiculele \u0219i vulva. Cu silicon de calitate medical\u0103, moale \u0219i m\u0103t\u0103sos, sigur pentru corp, Jejoue Amour este pl\u0103cut la atingere. Bullet ofer\u0103 o...","og_url":"https:\/\/shopatoa.com\/ro\/jejoue-bullet-vibrant-amour-roz\/","og_site_name":"SHOPATOA","article_modified_time":"2025-11-08T17:56:28+00:00","og_image":[{"width":800,"height":800,"url":"https:\/\/storage.googleapis.com\/cz-shopatoa-img\/ro\/adbdbbca-unnamed-file.webp","type":"image\/webp"}],"twitter_card":"summary_large_image","twitter_misc":{"Timp estimat pentru citire":"1 minut"},"schema":{"@context":"https:\/\/schema.org","@graph":[{"@type":"WebPage","@id":"https:\/\/shopatoa.com\/ro\/jejoue-bullet-vibrant-amour-roz\/","url":"https:\/\/shopatoa.com\/ro\/jejoue-bullet-vibrant-amour-roz\/","name":"JeJoue Bullet vibrant Amour roz - SHOPATOA.COM","isPartOf":{"@id":"https:\/\/shopatoa.com\/ro\/#website"},"primaryImageOfPage":{"@id":"https:\/\/shopatoa.com\/ro\/jejoue-bullet-vibrant-amour-roz\/#primaryimage"},"image":{"@id":"https:\/\/shopatoa.com\/ro\/jejoue-bullet-vibrant-amour-roz\/#primaryimage"},"thumbnailUrl":"https:\/\/storage.googleapis.com\/cz-shopatoa-img\/ro\/adbdbbca-unnamed-file.webp","datePublished":"2025-04-30T09:46:36+00:00","dateModified":"2025-11-08T17:56:28+00:00","breadcrumb":{"@id":"https:\/\/shopatoa.com\/ro\/jejoue-bullet-vibrant-amour-roz\/#breadcrumb"},"inLanguage":"ro-RO","potentialAction":[{"@type":"ReadAction","target":["https:\/\/shopatoa.com\/ro\/jejoue-bullet-vibrant-amour-roz\/"]}]},{"@type":"ImageObject","inLanguage":"ro-RO","@id":"https:\/\/shopatoa.com\/ro\/jejoue-bullet-vibrant-amour-roz\/#primaryimage","url":"https:\/\/storage.googleapis.com\/cz-shopatoa-img\/ro\/adbdbbca-unnamed-file.webp","contentUrl":"https:\/\/storage.googleapis.com\/cz-shopatoa-img\/ro\/adbdbbca-unnamed-file.webp","width":800,"height":800},{"@type":"BreadcrumbList","@id":"https:\/\/shopatoa.com\/ro\/jejoue-bullet-vibrant-amour-roz\/#breadcrumb","itemListElement":[{"@type":"ListItem","position":1,"name":"Dom\u016f","item":"https:\/\/shopatoa.com\/ro\/"},{"@type":"ListItem","position":2,"name":"Shop","item":"https:\/\/shopatoa.com\/ro\/shop\/"},{"@type":"ListItem","position":3,"name":"Cosmetice","item":"https:\/\/shopatoa.com\/ro\/cosmetice\/"},{"@type":"ListItem","position":4,"name":"Produse cosmetice pentru corp","item":"https:\/\/shopatoa.com\/ro\/produse-cosmetice-pentru-corp\/"},{"@type":"ListItem","position":5,"name":"Juc\u0103rii sexy","item":"https:\/\/shopatoa.com\/ro\/jucarii-sexy\/"},{"@type":"ListItem","position":6,"name":"Juc\u0103rii si produse erotice","item":"https:\/\/shopatoa.com\/ro\/jucarii-si-produse-erotice\/"},{"@type":"ListItem","position":7,"name":"JeJoue Bullet vibrant Amour roz"}]},{"@type":"WebSite","@id":"https:\/\/shopatoa.com\/ro\/#website","url":"https:\/\/shopatoa.com\/ro\/","name":"SHOPATOA","description":"","publisher":{"@id":"https:\/\/shopatoa.com\/ro\/#organization"},"potentialAction":[{"@type":"SearchAction","target":{"@type":"EntryPoint","urlTemplate":"https:\/\/shopatoa.com\/ro\/?s={search_term_string}"},"query-input":{"@type":"PropertyValueSpecification","valueRequired":true,"valueName":"search_term_string"}}],"inLanguage":"ro-RO"},{"@type":"Organization","@id":"https:\/\/shopatoa.com\/ro\/#organization","name":"SHOPATOA","url":"https:\/\/shopatoa.com\/ro\/","logo":{"@type":"ImageObject","inLanguage":"ro-RO","@id":"https:\/\/shopatoa.com\/ro\/#\/schema\/logo\/image\/","url":"https:\/\/storage.googleapis.com\/cz-shopatoa-img\/ro\/b4dac915-shopatoa_logo.png","contentUrl":"https:\/\/storage.googleapis.com\/cz-shopatoa-img\/ro\/b4dac915-shopatoa_logo.png","width":416,"height":63,"caption":"SHOPATOA"},"image":{"@id":"https:\/\/shopatoa.com\/ro\/#\/schema\/logo\/image\/"}}]}},"_links":{"self":[{"href":"https:\/\/shopatoa.com\/ro\/wp-json\/wp\/v2\/product\/278446","targetHints":{"allow":["GET"]}}],"collection":[{"href":"https:\/\/shopatoa.com\/ro\/wp-json\/wp\/v2\/product"}],"about":[{"href":"https:\/\/shopatoa.com\/ro\/wp-json\/wp\/v2\/types\/product"}],"replies":[{"embeddable":true,"href":"https:\/\/shopatoa.com\/ro\/wp-json\/wp\/v2\/comments?post=278446"}],"wp:featuredmedia":[{"embeddable":true,"href":"https:\/\/shopatoa.com\/ro\/wp-json\/wp\/v2\/media\/278447"}],"wp:attachment":[{"href":"https:\/\/shopatoa.com\/ro\/wp-json\/wp\/v2\/media?parent=278446"}],"wp:term":[{"taxonomy":"product_brand","embeddable":true,"href":"https:\/\/shopatoa.com\/ro\/wp-json\/wp\/v2\/product_brand?post=278446"},{"taxonomy":"product_cat","embeddable":true,"href":"https:\/\/shopatoa.com\/ro\/wp-json\/wp\/v2\/product_cat?post=278446"},{"taxonomy":"product_tag","embeddable":true,"href":"https:\/\/shopatoa.com\/ro\/wp-json\/wp\/v2\/product_tag?post=278446"}],"curies":[{"name":"wp","href":"https:\/\/api.w.org\/{rel}","templated":true}]}}