{"id":278472,"date":"2025-04-30T11:51:48","date_gmt":"2025-04-30T09:51:48","guid":{"rendered":"https:\/\/shopatoa.com\/ro\/babyliss-pro-aparat-de-tuns-x3-clipper-black-fxx3cbe\/"},"modified":"2025-12-11T20:03:00","modified_gmt":"2025-12-11T19:03:00","slug":"babyliss-pro-aparat-de-tuns-x3-clipper-black-fxx3cbe","status":"publish","type":"product","link":"https:\/\/shopatoa.com\/ro\/babyliss-pro-aparat-de-tuns-x3-clipper-black-fxx3cbe\/","title":{"rendered":"BaByliss PRO Aparat de tuns X3 Clipper Black FXX3CBE"},"content":{"rendered":"<p>Ergonomie perfect\u0103, performan\u021b\u0103 excelent\u0103, acuitate indispensabil\u0103 \u0219i u\u0219urin\u021b\u0103, toate acestea se reg\u0103sesc \u00een BaBylissPRO\u00ae4Artists FXX3CBE. Este o alegere excelent\u0103 pentru profesioni\u0219tii care \u0219tiu ce \u00ee\u0219i doresc. Motorul de \u00eenalt\u0103 performan\u021b\u0103 de vitez\u0103 mare ofer\u0103 2 niveluri de t\u0103iere 6000 rpm sunt potrivite pentru editarea treptat\u0103 mai lent\u0103 7000 rpm taie rapid orice tip de par. Bateria cu litiu cu \u00eenc\u0103rcare rapid\u0103 asigur\u0103 p\u00e2n\u0103 la 5 ore de utilizare f\u0103r\u0103 cablu! 5 ore pentru \u00eenc\u0103rcare complet\u0103. Indicator LED baterie desc\u0103rcat\u0103 &#8211; 75%-50%-25%-0% Bar\u0103 Fade din titan zim\u021bat\u0103 de 45 mm cu reglarea \u00een\u0103l\u021bimii de t\u0103iere zero pentru o t\u0103iere perfect\u0103, de la cea mai mare lungime de t\u0103iere la cea mai mic\u0103. La fel de bun pe p\u0103rul uscat sau umed. Vibra\u021biile mai mici ale aparatului nu solicit\u0103 at\u00e2t de mult mu\u0219chii bra\u021belor, lucru pe care \u00eel ve\u021bi aprecia la sf\u00e2r\u0219itul zilei. Form\u0103 ergonomic\u0103 pentru o manipulare u\u0219oar\u0103 \u0219i confortabil\u0103 8 accesorii 1,5-3-4,8-6-10-13-16-19mm Tensiune dubl\u0103<\/p>\n","protected":false},"excerpt":{"rendered":"<p>Ergonomie perfect\u0103, performan\u021b\u0103 excelent\u0103, acuitate indispensabil\u0103 \u0219i u\u0219urin\u021b\u0103, toate acestea se reg\u0103sesc \u00een BaBylissPRO\u00ae4Artists FXX3CBE. Este o alegere excelent\u0103 pentru profesioni\u0219tii care \u0219tiu ce \u00ee\u0219i doresc. Motorul de \u00eenalt\u0103 performan\u021b\u0103 de vitez\u0103 mare ofer\u0103 2 niveluri de t\u0103iere 6000 rpm sunt potrivite pentru editarea treptat\u0103 mai lent\u0103 7000 rpm taie rapid orice tip de par&#8230;.<\/p>\n","protected":false},"featured_media":278473,"comment_status":"closed","ping_status":"open","template":"","meta":{"_acf_changed":false,"_kadence_starter_templates_imported_post":false,"_kad_post_transparent":"","_kad_post_title":"","_kad_post_layout":"","_kad_post_sidebar_id":"","_kad_post_content_style":"","_kad_post_vertical_padding":"","_kad_post_feature":"","_kad_post_feature_position":"","_kad_post_header":false,"_kad_post_footer":false,"_kad_post_classname":""},"product_brand":[412],"product_cat":[763,246,623,624],"product_tag":[],"class_list":{"0":"post-278472","1":"product","2":"type-product","3":"status-publish","4":"has-post-thumbnail","6":"product_brand-babyliss-pro","7":"product_cat-aparate-de-tuns","8":"product_cat-cosmetice","9":"product_cat-produse-cosmetice-pentru-par","10":"product_cat-produse-aparate-si-accesorii-pentru-par","12":"first","13":"instock","14":"sale","15":"product-type-external","16":"entry","17":"content-bg","18":"loop-entry"},"acf":[],"yoast_head":"<!-- This site is optimized with the Yoast SEO plugin v27.4 - https:\/\/yoast.com\/product\/yoast-seo-wordpress\/ -->\n<title>BaByliss PRO Aparat de tuns X3 Clipper Black FXX3CBE - SHOPATOA.COM<\/title>\n<meta name=\"robots\" content=\"index, follow, max-snippet:-1, max-image-preview:large, max-video-preview:-1\" \/>\n<link rel=\"canonical\" href=\"https:\/\/shopatoa.com\/ro\/babyliss-pro-aparat-de-tuns-x3-clipper-black-fxx3cbe\/\" \/>\n<meta property=\"og:locale\" content=\"ro_RO\" \/>\n<meta property=\"og:type\" content=\"article\" \/>\n<meta property=\"og:title\" content=\"BaByliss PRO Aparat de tuns X3 Clipper Black FXX3CBE - SHOPATOA.COM\" \/>\n<meta property=\"og:description\" content=\"Ergonomie perfect\u0103, performan\u021b\u0103 excelent\u0103, acuitate indispensabil\u0103 \u0219i u\u0219urin\u021b\u0103, toate acestea se reg\u0103sesc \u00een BaBylissPRO\u00ae4Artists FXX3CBE. Este o alegere excelent\u0103 pentru profesioni\u0219tii care \u0219tiu ce \u00ee\u0219i doresc. Motorul de \u00eenalt\u0103 performan\u021b\u0103 de vitez\u0103 mare ofer\u0103 2 niveluri de t\u0103iere 6000 rpm sunt potrivite pentru editarea treptat\u0103 mai lent\u0103 7000 rpm taie rapid orice tip de par....\" \/>\n<meta property=\"og:url\" content=\"https:\/\/shopatoa.com\/ro\/babyliss-pro-aparat-de-tuns-x3-clipper-black-fxx3cbe\/\" \/>\n<meta property=\"og:site_name\" content=\"SHOPATOA\" \/>\n<meta property=\"article:modified_time\" content=\"2025-12-11T19:03:00+00:00\" \/>\n<meta property=\"og:image\" content=\"https:\/\/storage.googleapis.com\/cz-shopatoa-img\/ro\/95503269-unnamed-file.webp\" \/>\n\t<meta property=\"og:image:width\" content=\"800\" \/>\n\t<meta property=\"og:image:height\" content=\"800\" \/>\n\t<meta property=\"og:image:type\" content=\"image\/webp\" \/>\n<meta name=\"twitter:card\" content=\"summary_large_image\" \/>\n<meta name=\"twitter:label1\" content=\"Timp estimat pentru citire\" \/>\n\t<meta name=\"twitter:data1\" content=\"1 minut\" \/>\n<script type=\"application\/ld+json\" class=\"yoast-schema-graph\">{\"@context\":\"https:\\\/\\\/schema.org\",\"@graph\":[{\"@type\":\"WebPage\",\"@id\":\"https:\\\/\\\/shopatoa.com\\\/ro\\\/babyliss-pro-aparat-de-tuns-x3-clipper-black-fxx3cbe\\\/\",\"url\":\"https:\\\/\\\/shopatoa.com\\\/ro\\\/babyliss-pro-aparat-de-tuns-x3-clipper-black-fxx3cbe\\\/\",\"name\":\"BaByliss PRO Aparat de tuns X3 Clipper Black FXX3CBE - SHOPATOA.COM\",\"isPartOf\":{\"@id\":\"https:\\\/\\\/shopatoa.com\\\/ro\\\/#website\"},\"primaryImageOfPage\":{\"@id\":\"https:\\\/\\\/shopatoa.com\\\/ro\\\/babyliss-pro-aparat-de-tuns-x3-clipper-black-fxx3cbe\\\/#primaryimage\"},\"image\":{\"@id\":\"https:\\\/\\\/shopatoa.com\\\/ro\\\/babyliss-pro-aparat-de-tuns-x3-clipper-black-fxx3cbe\\\/#primaryimage\"},\"thumbnailUrl\":\"https:\\\/\\\/storage.googleapis.com\\\/cz-shopatoa-img\\\/ro\\\/95503269-unnamed-file.webp\",\"datePublished\":\"2025-04-30T09:51:48+00:00\",\"dateModified\":\"2025-12-11T19:03:00+00:00\",\"breadcrumb\":{\"@id\":\"https:\\\/\\\/shopatoa.com\\\/ro\\\/babyliss-pro-aparat-de-tuns-x3-clipper-black-fxx3cbe\\\/#breadcrumb\"},\"inLanguage\":\"ro-RO\",\"potentialAction\":[{\"@type\":\"ReadAction\",\"target\":[\"https:\\\/\\\/shopatoa.com\\\/ro\\\/babyliss-pro-aparat-de-tuns-x3-clipper-black-fxx3cbe\\\/\"]}]},{\"@type\":\"ImageObject\",\"inLanguage\":\"ro-RO\",\"@id\":\"https:\\\/\\\/shopatoa.com\\\/ro\\\/babyliss-pro-aparat-de-tuns-x3-clipper-black-fxx3cbe\\\/#primaryimage\",\"url\":\"https:\\\/\\\/storage.googleapis.com\\\/cz-shopatoa-img\\\/ro\\\/95503269-unnamed-file.webp\",\"contentUrl\":\"https:\\\/\\\/storage.googleapis.com\\\/cz-shopatoa-img\\\/ro\\\/95503269-unnamed-file.webp\",\"width\":800,\"height\":800},{\"@type\":\"BreadcrumbList\",\"@id\":\"https:\\\/\\\/shopatoa.com\\\/ro\\\/babyliss-pro-aparat-de-tuns-x3-clipper-black-fxx3cbe\\\/#breadcrumb\",\"itemListElement\":[{\"@type\":\"ListItem\",\"position\":1,\"name\":\"Dom\u016f\",\"item\":\"https:\\\/\\\/shopatoa.com\\\/ro\\\/\"},{\"@type\":\"ListItem\",\"position\":2,\"name\":\"Shop\",\"item\":\"https:\\\/\\\/shopatoa.com\\\/ro\\\/shop\\\/\"},{\"@type\":\"ListItem\",\"position\":3,\"name\":\"Cosmetice\",\"item\":\"https:\\\/\\\/shopatoa.com\\\/ro\\\/cosmetice\\\/\"},{\"@type\":\"ListItem\",\"position\":4,\"name\":\"Produse cosmetice pentru p\u0103r\",\"item\":\"https:\\\/\\\/shopatoa.com\\\/ro\\\/produse-cosmetice-pentru-par\\\/\"},{\"@type\":\"ListItem\",\"position\":5,\"name\":\"Produse, aparate \u0219i accesorii pentru p\u0103r\",\"item\":\"https:\\\/\\\/shopatoa.com\\\/ro\\\/produse-aparate-si-accesorii-pentru-par\\\/\"},{\"@type\":\"ListItem\",\"position\":6,\"name\":\"Aparate de tuns\",\"item\":\"https:\\\/\\\/shopatoa.com\\\/ro\\\/aparate-de-tuns\\\/\"},{\"@type\":\"ListItem\",\"position\":7,\"name\":\"BaByliss PRO Aparat de tuns X3 Clipper Black FXX3CBE\"}]},{\"@type\":\"WebSite\",\"@id\":\"https:\\\/\\\/shopatoa.com\\\/ro\\\/#website\",\"url\":\"https:\\\/\\\/shopatoa.com\\\/ro\\\/\",\"name\":\"SHOPATOA\",\"description\":\"\",\"publisher\":{\"@id\":\"https:\\\/\\\/shopatoa.com\\\/ro\\\/#organization\"},\"potentialAction\":[{\"@type\":\"SearchAction\",\"target\":{\"@type\":\"EntryPoint\",\"urlTemplate\":\"https:\\\/\\\/shopatoa.com\\\/ro\\\/?s={search_term_string}\"},\"query-input\":{\"@type\":\"PropertyValueSpecification\",\"valueRequired\":true,\"valueName\":\"search_term_string\"}}],\"inLanguage\":\"ro-RO\"},{\"@type\":\"Organization\",\"@id\":\"https:\\\/\\\/shopatoa.com\\\/ro\\\/#organization\",\"name\":\"SHOPATOA\",\"url\":\"https:\\\/\\\/shopatoa.com\\\/ro\\\/\",\"logo\":{\"@type\":\"ImageObject\",\"inLanguage\":\"ro-RO\",\"@id\":\"https:\\\/\\\/shopatoa.com\\\/ro\\\/#\\\/schema\\\/logo\\\/image\\\/\",\"url\":\"https:\\\/\\\/storage.googleapis.com\\\/cz-shopatoa-img\\\/ro\\\/b4dac915-shopatoa_logo.png\",\"contentUrl\":\"https:\\\/\\\/storage.googleapis.com\\\/cz-shopatoa-img\\\/ro\\\/b4dac915-shopatoa_logo.png\",\"width\":416,\"height\":63,\"caption\":\"SHOPATOA\"},\"image\":{\"@id\":\"https:\\\/\\\/shopatoa.com\\\/ro\\\/#\\\/schema\\\/logo\\\/image\\\/\"}}]}<\/script>\n<!-- \/ Yoast SEO plugin. -->","yoast_head_json":{"title":"BaByliss PRO Aparat de tuns X3 Clipper Black FXX3CBE - SHOPATOA.COM","robots":{"index":"index","follow":"follow","max-snippet":"max-snippet:-1","max-image-preview":"max-image-preview:large","max-video-preview":"max-video-preview:-1"},"canonical":"https:\/\/shopatoa.com\/ro\/babyliss-pro-aparat-de-tuns-x3-clipper-black-fxx3cbe\/","og_locale":"ro_RO","og_type":"article","og_title":"BaByliss PRO Aparat de tuns X3 Clipper Black FXX3CBE - SHOPATOA.COM","og_description":"Ergonomie perfect\u0103, performan\u021b\u0103 excelent\u0103, acuitate indispensabil\u0103 \u0219i u\u0219urin\u021b\u0103, toate acestea se reg\u0103sesc \u00een BaBylissPRO\u00ae4Artists FXX3CBE. Este o alegere excelent\u0103 pentru profesioni\u0219tii care \u0219tiu ce \u00ee\u0219i doresc. Motorul de \u00eenalt\u0103 performan\u021b\u0103 de vitez\u0103 mare ofer\u0103 2 niveluri de t\u0103iere 6000 rpm sunt potrivite pentru editarea treptat\u0103 mai lent\u0103 7000 rpm taie rapid orice tip de par....","og_url":"https:\/\/shopatoa.com\/ro\/babyliss-pro-aparat-de-tuns-x3-clipper-black-fxx3cbe\/","og_site_name":"SHOPATOA","article_modified_time":"2025-12-11T19:03:00+00:00","og_image":[{"width":800,"height":800,"url":"https:\/\/storage.googleapis.com\/cz-shopatoa-img\/ro\/95503269-unnamed-file.webp","type":"image\/webp"}],"twitter_card":"summary_large_image","twitter_misc":{"Timp estimat pentru citire":"1 minut"},"schema":{"@context":"https:\/\/schema.org","@graph":[{"@type":"WebPage","@id":"https:\/\/shopatoa.com\/ro\/babyliss-pro-aparat-de-tuns-x3-clipper-black-fxx3cbe\/","url":"https:\/\/shopatoa.com\/ro\/babyliss-pro-aparat-de-tuns-x3-clipper-black-fxx3cbe\/","name":"BaByliss PRO Aparat de tuns X3 Clipper Black FXX3CBE - SHOPATOA.COM","isPartOf":{"@id":"https:\/\/shopatoa.com\/ro\/#website"},"primaryImageOfPage":{"@id":"https:\/\/shopatoa.com\/ro\/babyliss-pro-aparat-de-tuns-x3-clipper-black-fxx3cbe\/#primaryimage"},"image":{"@id":"https:\/\/shopatoa.com\/ro\/babyliss-pro-aparat-de-tuns-x3-clipper-black-fxx3cbe\/#primaryimage"},"thumbnailUrl":"https:\/\/storage.googleapis.com\/cz-shopatoa-img\/ro\/95503269-unnamed-file.webp","datePublished":"2025-04-30T09:51:48+00:00","dateModified":"2025-12-11T19:03:00+00:00","breadcrumb":{"@id":"https:\/\/shopatoa.com\/ro\/babyliss-pro-aparat-de-tuns-x3-clipper-black-fxx3cbe\/#breadcrumb"},"inLanguage":"ro-RO","potentialAction":[{"@type":"ReadAction","target":["https:\/\/shopatoa.com\/ro\/babyliss-pro-aparat-de-tuns-x3-clipper-black-fxx3cbe\/"]}]},{"@type":"ImageObject","inLanguage":"ro-RO","@id":"https:\/\/shopatoa.com\/ro\/babyliss-pro-aparat-de-tuns-x3-clipper-black-fxx3cbe\/#primaryimage","url":"https:\/\/storage.googleapis.com\/cz-shopatoa-img\/ro\/95503269-unnamed-file.webp","contentUrl":"https:\/\/storage.googleapis.com\/cz-shopatoa-img\/ro\/95503269-unnamed-file.webp","width":800,"height":800},{"@type":"BreadcrumbList","@id":"https:\/\/shopatoa.com\/ro\/babyliss-pro-aparat-de-tuns-x3-clipper-black-fxx3cbe\/#breadcrumb","itemListElement":[{"@type":"ListItem","position":1,"name":"Dom\u016f","item":"https:\/\/shopatoa.com\/ro\/"},{"@type":"ListItem","position":2,"name":"Shop","item":"https:\/\/shopatoa.com\/ro\/shop\/"},{"@type":"ListItem","position":3,"name":"Cosmetice","item":"https:\/\/shopatoa.com\/ro\/cosmetice\/"},{"@type":"ListItem","position":4,"name":"Produse cosmetice pentru p\u0103r","item":"https:\/\/shopatoa.com\/ro\/produse-cosmetice-pentru-par\/"},{"@type":"ListItem","position":5,"name":"Produse, aparate \u0219i accesorii pentru p\u0103r","item":"https:\/\/shopatoa.com\/ro\/produse-aparate-si-accesorii-pentru-par\/"},{"@type":"ListItem","position":6,"name":"Aparate de tuns","item":"https:\/\/shopatoa.com\/ro\/aparate-de-tuns\/"},{"@type":"ListItem","position":7,"name":"BaByliss PRO Aparat de tuns X3 Clipper Black FXX3CBE"}]},{"@type":"WebSite","@id":"https:\/\/shopatoa.com\/ro\/#website","url":"https:\/\/shopatoa.com\/ro\/","name":"SHOPATOA","description":"","publisher":{"@id":"https:\/\/shopatoa.com\/ro\/#organization"},"potentialAction":[{"@type":"SearchAction","target":{"@type":"EntryPoint","urlTemplate":"https:\/\/shopatoa.com\/ro\/?s={search_term_string}"},"query-input":{"@type":"PropertyValueSpecification","valueRequired":true,"valueName":"search_term_string"}}],"inLanguage":"ro-RO"},{"@type":"Organization","@id":"https:\/\/shopatoa.com\/ro\/#organization","name":"SHOPATOA","url":"https:\/\/shopatoa.com\/ro\/","logo":{"@type":"ImageObject","inLanguage":"ro-RO","@id":"https:\/\/shopatoa.com\/ro\/#\/schema\/logo\/image\/","url":"https:\/\/storage.googleapis.com\/cz-shopatoa-img\/ro\/b4dac915-shopatoa_logo.png","contentUrl":"https:\/\/storage.googleapis.com\/cz-shopatoa-img\/ro\/b4dac915-shopatoa_logo.png","width":416,"height":63,"caption":"SHOPATOA"},"image":{"@id":"https:\/\/shopatoa.com\/ro\/#\/schema\/logo\/image\/"}}]}},"_links":{"self":[{"href":"https:\/\/shopatoa.com\/ro\/wp-json\/wp\/v2\/product\/278472","targetHints":{"allow":["GET"]}}],"collection":[{"href":"https:\/\/shopatoa.com\/ro\/wp-json\/wp\/v2\/product"}],"about":[{"href":"https:\/\/shopatoa.com\/ro\/wp-json\/wp\/v2\/types\/product"}],"replies":[{"embeddable":true,"href":"https:\/\/shopatoa.com\/ro\/wp-json\/wp\/v2\/comments?post=278472"}],"wp:featuredmedia":[{"embeddable":true,"href":"https:\/\/shopatoa.com\/ro\/wp-json\/wp\/v2\/media\/278473"}],"wp:attachment":[{"href":"https:\/\/shopatoa.com\/ro\/wp-json\/wp\/v2\/media?parent=278472"}],"wp:term":[{"taxonomy":"product_brand","embeddable":true,"href":"https:\/\/shopatoa.com\/ro\/wp-json\/wp\/v2\/product_brand?post=278472"},{"taxonomy":"product_cat","embeddable":true,"href":"https:\/\/shopatoa.com\/ro\/wp-json\/wp\/v2\/product_cat?post=278472"},{"taxonomy":"product_tag","embeddable":true,"href":"https:\/\/shopatoa.com\/ro\/wp-json\/wp\/v2\/product_tag?post=278472"}],"curies":[{"name":"wp","href":"https:\/\/api.w.org\/{rel}","templated":true}]}}