{"id":278486,"date":"2025-04-30T11:55:53","date_gmt":"2025-04-30T09:55:53","guid":{"rendered":"https:\/\/shopatoa.com\/ro\/valera-uscator-de-par-profesional-swiss-secure-jet-7600\/"},"modified":"2025-12-11T20:02:26","modified_gmt":"2025-12-11T19:02:26","slug":"valera-uscator-de-par-profesional-swiss-secure-jet-7600","status":"publish","type":"product","link":"https:\/\/shopatoa.com\/ro\/valera-uscator-de-par-profesional-swiss-secure-jet-7600\/","title":{"rendered":"Valera Usc\u0103tor de p\u0103r profesional Swiss Secure Jet 7600"},"content":{"rendered":"<p>Usc\u0103torul de p\u0103r profesional Swiss Secure Jet 7600 este echipat cu un protector de supratensiune integrat \u00een priz\u0103 \u0219i este alegerea perfect\u0103 pentru cei care doresc protec\u021bie maxim\u0103 f\u0103r\u0103 a sacrifica performan\u021ba profesional\u0103. \u00cen cazul unui scurtcircuit, protectorul de curent opre\u0219te automat usc\u0103torul de p\u0103r. Usc\u0103toarele de p\u0103r cu func\u021bie de ionizare au un generator care produce milioane de ioni negativi purificatori, ceea ce face ca p\u0103rul s\u0103 r\u0103m\u00e2n\u0103 hidratat. Hidratarea previne \u00eencre\u021birea, are efecte regeneratoare, las\u0103 p\u0103rul moale, str\u0103lucitor, u\u0219or de piept\u0103nat \u0219i \u00eei m\u0103re\u0219te volumul.<\/p>\n","protected":false},"excerpt":{"rendered":"<p>Usc\u0103torul de p\u0103r profesional Swiss Secure Jet 7600 este echipat cu un protector de supratensiune integrat \u00een priz\u0103 \u0219i este alegerea perfect\u0103 pentru cei care doresc protec\u021bie maxim\u0103 f\u0103r\u0103 a sacrifica performan\u021ba profesional\u0103. \u00cen cazul unui scurtcircuit, protectorul de curent opre\u0219te automat usc\u0103torul de p\u0103r. Usc\u0103toarele de p\u0103r cu func\u021bie de ionizare au un generator&#8230;<\/p>\n","protected":false},"featured_media":278487,"comment_status":"closed","ping_status":"open","template":"","meta":{"_acf_changed":false,"_kadence_starter_templates_imported_post":false,"_kad_post_transparent":"","_kad_post_title":"","_kad_post_layout":"","_kad_post_sidebar_id":"","_kad_post_content_style":"","_kad_post_vertical_padding":"","_kad_post_feature":"","_kad_post_feature_position":"","_kad_post_header":false,"_kad_post_footer":false,"_kad_post_classname":""},"product_brand":[355],"product_cat":[246,623,624,762],"product_tag":[],"class_list":{"0":"post-278486","1":"product","2":"type-product","3":"status-publish","4":"has-post-thumbnail","6":"product_brand-valera","7":"product_cat-cosmetice","8":"product_cat-produse-cosmetice-pentru-par","9":"product_cat-produse-aparate-si-accesorii-pentru-par","10":"product_cat-uscatoare-de-par-fenuri","12":"first","13":"instock","14":"sale","15":"product-type-external","16":"entry","17":"content-bg","18":"loop-entry"},"acf":[],"yoast_head":"<!-- This site is optimized with the Yoast SEO plugin v27.4 - https:\/\/yoast.com\/product\/yoast-seo-wordpress\/ -->\n<title>Valera Usc\u0103tor de p\u0103r profesional Swiss Secure Jet 7600 - SHOPATOA.COM<\/title>\n<meta name=\"robots\" content=\"index, follow, max-snippet:-1, max-image-preview:large, max-video-preview:-1\" \/>\n<link rel=\"canonical\" href=\"https:\/\/shopatoa.com\/ro\/valera-uscator-de-par-profesional-swiss-secure-jet-7600\/\" \/>\n<meta property=\"og:locale\" content=\"ro_RO\" \/>\n<meta property=\"og:type\" content=\"article\" \/>\n<meta property=\"og:title\" content=\"Valera Usc\u0103tor de p\u0103r profesional Swiss Secure Jet 7600 - SHOPATOA.COM\" \/>\n<meta property=\"og:description\" content=\"Usc\u0103torul de p\u0103r profesional Swiss Secure Jet 7600 este echipat cu un protector de supratensiune integrat \u00een priz\u0103 \u0219i este alegerea perfect\u0103 pentru cei care doresc protec\u021bie maxim\u0103 f\u0103r\u0103 a sacrifica performan\u021ba profesional\u0103. \u00cen cazul unui scurtcircuit, protectorul de curent opre\u0219te automat usc\u0103torul de p\u0103r. Usc\u0103toarele de p\u0103r cu func\u021bie de ionizare au un generator...\" \/>\n<meta property=\"og:url\" content=\"https:\/\/shopatoa.com\/ro\/valera-uscator-de-par-profesional-swiss-secure-jet-7600\/\" \/>\n<meta property=\"og:site_name\" content=\"SHOPATOA\" \/>\n<meta property=\"article:modified_time\" content=\"2025-12-11T19:02:26+00:00\" \/>\n<meta property=\"og:image\" content=\"https:\/\/storage.googleapis.com\/cz-shopatoa-img\/ro\/a3b4b665-unnamed-file.webp\" \/>\n\t<meta property=\"og:image:width\" content=\"800\" \/>\n\t<meta property=\"og:image:height\" content=\"800\" \/>\n\t<meta property=\"og:image:type\" content=\"image\/webp\" \/>\n<meta name=\"twitter:card\" content=\"summary_large_image\" \/>\n<meta name=\"twitter:label1\" content=\"Timp estimat pentru citire\" \/>\n\t<meta name=\"twitter:data1\" content=\"1 minut\" \/>\n<script type=\"application\/ld+json\" class=\"yoast-schema-graph\">{\"@context\":\"https:\\\/\\\/schema.org\",\"@graph\":[{\"@type\":\"WebPage\",\"@id\":\"https:\\\/\\\/shopatoa.com\\\/ro\\\/valera-uscator-de-par-profesional-swiss-secure-jet-7600\\\/\",\"url\":\"https:\\\/\\\/shopatoa.com\\\/ro\\\/valera-uscator-de-par-profesional-swiss-secure-jet-7600\\\/\",\"name\":\"Valera Usc\u0103tor de p\u0103r profesional Swiss Secure Jet 7600 - SHOPATOA.COM\",\"isPartOf\":{\"@id\":\"https:\\\/\\\/shopatoa.com\\\/ro\\\/#website\"},\"primaryImageOfPage\":{\"@id\":\"https:\\\/\\\/shopatoa.com\\\/ro\\\/valera-uscator-de-par-profesional-swiss-secure-jet-7600\\\/#primaryimage\"},\"image\":{\"@id\":\"https:\\\/\\\/shopatoa.com\\\/ro\\\/valera-uscator-de-par-profesional-swiss-secure-jet-7600\\\/#primaryimage\"},\"thumbnailUrl\":\"https:\\\/\\\/storage.googleapis.com\\\/cz-shopatoa-img\\\/ro\\\/a3b4b665-unnamed-file.webp\",\"datePublished\":\"2025-04-30T09:55:53+00:00\",\"dateModified\":\"2025-12-11T19:02:26+00:00\",\"breadcrumb\":{\"@id\":\"https:\\\/\\\/shopatoa.com\\\/ro\\\/valera-uscator-de-par-profesional-swiss-secure-jet-7600\\\/#breadcrumb\"},\"inLanguage\":\"ro-RO\",\"potentialAction\":[{\"@type\":\"ReadAction\",\"target\":[\"https:\\\/\\\/shopatoa.com\\\/ro\\\/valera-uscator-de-par-profesional-swiss-secure-jet-7600\\\/\"]}]},{\"@type\":\"ImageObject\",\"inLanguage\":\"ro-RO\",\"@id\":\"https:\\\/\\\/shopatoa.com\\\/ro\\\/valera-uscator-de-par-profesional-swiss-secure-jet-7600\\\/#primaryimage\",\"url\":\"https:\\\/\\\/storage.googleapis.com\\\/cz-shopatoa-img\\\/ro\\\/a3b4b665-unnamed-file.webp\",\"contentUrl\":\"https:\\\/\\\/storage.googleapis.com\\\/cz-shopatoa-img\\\/ro\\\/a3b4b665-unnamed-file.webp\",\"width\":800,\"height\":800},{\"@type\":\"BreadcrumbList\",\"@id\":\"https:\\\/\\\/shopatoa.com\\\/ro\\\/valera-uscator-de-par-profesional-swiss-secure-jet-7600\\\/#breadcrumb\",\"itemListElement\":[{\"@type\":\"ListItem\",\"position\":1,\"name\":\"Dom\u016f\",\"item\":\"https:\\\/\\\/shopatoa.com\\\/ro\\\/\"},{\"@type\":\"ListItem\",\"position\":2,\"name\":\"Shop\",\"item\":\"https:\\\/\\\/shopatoa.com\\\/ro\\\/shop\\\/\"},{\"@type\":\"ListItem\",\"position\":3,\"name\":\"Cosmetice\",\"item\":\"https:\\\/\\\/shopatoa.com\\\/ro\\\/cosmetice\\\/\"},{\"@type\":\"ListItem\",\"position\":4,\"name\":\"Produse cosmetice pentru p\u0103r\",\"item\":\"https:\\\/\\\/shopatoa.com\\\/ro\\\/produse-cosmetice-pentru-par\\\/\"},{\"@type\":\"ListItem\",\"position\":5,\"name\":\"Produse, aparate \u0219i accesorii pentru p\u0103r\",\"item\":\"https:\\\/\\\/shopatoa.com\\\/ro\\\/produse-aparate-si-accesorii-pentru-par\\\/\"},{\"@type\":\"ListItem\",\"position\":6,\"name\":\"Usc\u0103toare de p\u0103r, fenuri\",\"item\":\"https:\\\/\\\/shopatoa.com\\\/ro\\\/uscatoare-de-par-fenuri\\\/\"},{\"@type\":\"ListItem\",\"position\":7,\"name\":\"Valera Usc\u0103tor de p\u0103r profesional Swiss Secure Jet 7600\"}]},{\"@type\":\"WebSite\",\"@id\":\"https:\\\/\\\/shopatoa.com\\\/ro\\\/#website\",\"url\":\"https:\\\/\\\/shopatoa.com\\\/ro\\\/\",\"name\":\"SHOPATOA\",\"description\":\"\",\"publisher\":{\"@id\":\"https:\\\/\\\/shopatoa.com\\\/ro\\\/#organization\"},\"potentialAction\":[{\"@type\":\"SearchAction\",\"target\":{\"@type\":\"EntryPoint\",\"urlTemplate\":\"https:\\\/\\\/shopatoa.com\\\/ro\\\/?s={search_term_string}\"},\"query-input\":{\"@type\":\"PropertyValueSpecification\",\"valueRequired\":true,\"valueName\":\"search_term_string\"}}],\"inLanguage\":\"ro-RO\"},{\"@type\":\"Organization\",\"@id\":\"https:\\\/\\\/shopatoa.com\\\/ro\\\/#organization\",\"name\":\"SHOPATOA\",\"url\":\"https:\\\/\\\/shopatoa.com\\\/ro\\\/\",\"logo\":{\"@type\":\"ImageObject\",\"inLanguage\":\"ro-RO\",\"@id\":\"https:\\\/\\\/shopatoa.com\\\/ro\\\/#\\\/schema\\\/logo\\\/image\\\/\",\"url\":\"https:\\\/\\\/storage.googleapis.com\\\/cz-shopatoa-img\\\/ro\\\/b4dac915-shopatoa_logo.png\",\"contentUrl\":\"https:\\\/\\\/storage.googleapis.com\\\/cz-shopatoa-img\\\/ro\\\/b4dac915-shopatoa_logo.png\",\"width\":416,\"height\":63,\"caption\":\"SHOPATOA\"},\"image\":{\"@id\":\"https:\\\/\\\/shopatoa.com\\\/ro\\\/#\\\/schema\\\/logo\\\/image\\\/\"}}]}<\/script>\n<!-- \/ Yoast SEO plugin. -->","yoast_head_json":{"title":"Valera Usc\u0103tor de p\u0103r profesional Swiss Secure Jet 7600 - SHOPATOA.COM","robots":{"index":"index","follow":"follow","max-snippet":"max-snippet:-1","max-image-preview":"max-image-preview:large","max-video-preview":"max-video-preview:-1"},"canonical":"https:\/\/shopatoa.com\/ro\/valera-uscator-de-par-profesional-swiss-secure-jet-7600\/","og_locale":"ro_RO","og_type":"article","og_title":"Valera Usc\u0103tor de p\u0103r profesional Swiss Secure Jet 7600 - SHOPATOA.COM","og_description":"Usc\u0103torul de p\u0103r profesional Swiss Secure Jet 7600 este echipat cu un protector de supratensiune integrat \u00een priz\u0103 \u0219i este alegerea perfect\u0103 pentru cei care doresc protec\u021bie maxim\u0103 f\u0103r\u0103 a sacrifica performan\u021ba profesional\u0103. \u00cen cazul unui scurtcircuit, protectorul de curent opre\u0219te automat usc\u0103torul de p\u0103r. Usc\u0103toarele de p\u0103r cu func\u021bie de ionizare au un generator...","og_url":"https:\/\/shopatoa.com\/ro\/valera-uscator-de-par-profesional-swiss-secure-jet-7600\/","og_site_name":"SHOPATOA","article_modified_time":"2025-12-11T19:02:26+00:00","og_image":[{"width":800,"height":800,"url":"https:\/\/storage.googleapis.com\/cz-shopatoa-img\/ro\/a3b4b665-unnamed-file.webp","type":"image\/webp"}],"twitter_card":"summary_large_image","twitter_misc":{"Timp estimat pentru citire":"1 minut"},"schema":{"@context":"https:\/\/schema.org","@graph":[{"@type":"WebPage","@id":"https:\/\/shopatoa.com\/ro\/valera-uscator-de-par-profesional-swiss-secure-jet-7600\/","url":"https:\/\/shopatoa.com\/ro\/valera-uscator-de-par-profesional-swiss-secure-jet-7600\/","name":"Valera Usc\u0103tor de p\u0103r profesional Swiss Secure Jet 7600 - SHOPATOA.COM","isPartOf":{"@id":"https:\/\/shopatoa.com\/ro\/#website"},"primaryImageOfPage":{"@id":"https:\/\/shopatoa.com\/ro\/valera-uscator-de-par-profesional-swiss-secure-jet-7600\/#primaryimage"},"image":{"@id":"https:\/\/shopatoa.com\/ro\/valera-uscator-de-par-profesional-swiss-secure-jet-7600\/#primaryimage"},"thumbnailUrl":"https:\/\/storage.googleapis.com\/cz-shopatoa-img\/ro\/a3b4b665-unnamed-file.webp","datePublished":"2025-04-30T09:55:53+00:00","dateModified":"2025-12-11T19:02:26+00:00","breadcrumb":{"@id":"https:\/\/shopatoa.com\/ro\/valera-uscator-de-par-profesional-swiss-secure-jet-7600\/#breadcrumb"},"inLanguage":"ro-RO","potentialAction":[{"@type":"ReadAction","target":["https:\/\/shopatoa.com\/ro\/valera-uscator-de-par-profesional-swiss-secure-jet-7600\/"]}]},{"@type":"ImageObject","inLanguage":"ro-RO","@id":"https:\/\/shopatoa.com\/ro\/valera-uscator-de-par-profesional-swiss-secure-jet-7600\/#primaryimage","url":"https:\/\/storage.googleapis.com\/cz-shopatoa-img\/ro\/a3b4b665-unnamed-file.webp","contentUrl":"https:\/\/storage.googleapis.com\/cz-shopatoa-img\/ro\/a3b4b665-unnamed-file.webp","width":800,"height":800},{"@type":"BreadcrumbList","@id":"https:\/\/shopatoa.com\/ro\/valera-uscator-de-par-profesional-swiss-secure-jet-7600\/#breadcrumb","itemListElement":[{"@type":"ListItem","position":1,"name":"Dom\u016f","item":"https:\/\/shopatoa.com\/ro\/"},{"@type":"ListItem","position":2,"name":"Shop","item":"https:\/\/shopatoa.com\/ro\/shop\/"},{"@type":"ListItem","position":3,"name":"Cosmetice","item":"https:\/\/shopatoa.com\/ro\/cosmetice\/"},{"@type":"ListItem","position":4,"name":"Produse cosmetice pentru p\u0103r","item":"https:\/\/shopatoa.com\/ro\/produse-cosmetice-pentru-par\/"},{"@type":"ListItem","position":5,"name":"Produse, aparate \u0219i accesorii pentru p\u0103r","item":"https:\/\/shopatoa.com\/ro\/produse-aparate-si-accesorii-pentru-par\/"},{"@type":"ListItem","position":6,"name":"Usc\u0103toare de p\u0103r, fenuri","item":"https:\/\/shopatoa.com\/ro\/uscatoare-de-par-fenuri\/"},{"@type":"ListItem","position":7,"name":"Valera Usc\u0103tor de p\u0103r profesional Swiss Secure Jet 7600"}]},{"@type":"WebSite","@id":"https:\/\/shopatoa.com\/ro\/#website","url":"https:\/\/shopatoa.com\/ro\/","name":"SHOPATOA","description":"","publisher":{"@id":"https:\/\/shopatoa.com\/ro\/#organization"},"potentialAction":[{"@type":"SearchAction","target":{"@type":"EntryPoint","urlTemplate":"https:\/\/shopatoa.com\/ro\/?s={search_term_string}"},"query-input":{"@type":"PropertyValueSpecification","valueRequired":true,"valueName":"search_term_string"}}],"inLanguage":"ro-RO"},{"@type":"Organization","@id":"https:\/\/shopatoa.com\/ro\/#organization","name":"SHOPATOA","url":"https:\/\/shopatoa.com\/ro\/","logo":{"@type":"ImageObject","inLanguage":"ro-RO","@id":"https:\/\/shopatoa.com\/ro\/#\/schema\/logo\/image\/","url":"https:\/\/storage.googleapis.com\/cz-shopatoa-img\/ro\/b4dac915-shopatoa_logo.png","contentUrl":"https:\/\/storage.googleapis.com\/cz-shopatoa-img\/ro\/b4dac915-shopatoa_logo.png","width":416,"height":63,"caption":"SHOPATOA"},"image":{"@id":"https:\/\/shopatoa.com\/ro\/#\/schema\/logo\/image\/"}}]}},"_links":{"self":[{"href":"https:\/\/shopatoa.com\/ro\/wp-json\/wp\/v2\/product\/278486","targetHints":{"allow":["GET"]}}],"collection":[{"href":"https:\/\/shopatoa.com\/ro\/wp-json\/wp\/v2\/product"}],"about":[{"href":"https:\/\/shopatoa.com\/ro\/wp-json\/wp\/v2\/types\/product"}],"replies":[{"embeddable":true,"href":"https:\/\/shopatoa.com\/ro\/wp-json\/wp\/v2\/comments?post=278486"}],"wp:featuredmedia":[{"embeddable":true,"href":"https:\/\/shopatoa.com\/ro\/wp-json\/wp\/v2\/media\/278487"}],"wp:attachment":[{"href":"https:\/\/shopatoa.com\/ro\/wp-json\/wp\/v2\/media?parent=278486"}],"wp:term":[{"taxonomy":"product_brand","embeddable":true,"href":"https:\/\/shopatoa.com\/ro\/wp-json\/wp\/v2\/product_brand?post=278486"},{"taxonomy":"product_cat","embeddable":true,"href":"https:\/\/shopatoa.com\/ro\/wp-json\/wp\/v2\/product_cat?post=278486"},{"taxonomy":"product_tag","embeddable":true,"href":"https:\/\/shopatoa.com\/ro\/wp-json\/wp\/v2\/product_tag?post=278486"}],"curies":[{"name":"wp","href":"https:\/\/api.w.org\/{rel}","templated":true}]}}