{"id":278492,"date":"2025-04-30T11:56:23","date_gmt":"2025-04-30T09:56:23","guid":{"rendered":"https:\/\/shopatoa.com\/ro\/valera-masina-de-tuns-profesionala-absolut-zero-658-01\/"},"modified":"2025-12-11T20:02:15","modified_gmt":"2025-12-11T19:02:15","slug":"valera-masina-de-tuns-profesionala-absolut-zero-658-01","status":"publish","type":"product","link":"https:\/\/shopatoa.com\/ro\/valera-masina-de-tuns-profesionala-absolut-zero-658-01\/","title":{"rendered":"Valera Ma\u0219in\u0103 de tuns profesional\u0103 Absolut Zero 658.01"},"content":{"rendered":"<p>Ma\u0219ina de conturat profesional\u0103 Valera Absolut Zero este ideal\u0103 pentru lucr\u0103ri de finisare \u0219i conturare, datorit\u0103 capului s\u0103u lat de 42 mm \u0219i \u00een\u0103l\u021bimii de t\u0103iere de 0,1 mm. Lama sa, realizat\u0103 din o\u021bel japonez cu v\u00e2rfuri rotunjite, asigur\u0103 o t\u0103iere precis\u0103, f\u0103r\u0103 a irita scalpul. Timpul de func\u021bionare al acestei ma\u0219ini alimentate cu baterie este de 120 de minute cu o \u00eenc\u0103rcare complet\u0103 de 90 de minute. Trimmerul poate fi utilizat \u0219i atunci c\u00e2nd este conectat la re\u021beaua electric\u0103. De asemenea, sunt incluse accesorii de 1,5 mm, 3 mm, 4,5 mm.<\/p>\n","protected":false},"excerpt":{"rendered":"<p>Ma\u0219ina de conturat profesional\u0103 Valera Absolut Zero este ideal\u0103 pentru lucr\u0103ri de finisare \u0219i conturare, datorit\u0103 capului s\u0103u lat de 42 mm \u0219i \u00een\u0103l\u021bimii de t\u0103iere de 0,1 mm. Lama sa, realizat\u0103 din o\u021bel japonez cu v\u00e2rfuri rotunjite, asigur\u0103 o t\u0103iere precis\u0103, f\u0103r\u0103 a irita scalpul. Timpul de func\u021bionare al acestei ma\u0219ini alimentate cu baterie&#8230;<\/p>\n","protected":false},"featured_media":278493,"comment_status":"closed","ping_status":"open","template":"","meta":{"_acf_changed":false,"_kadence_starter_templates_imported_post":false,"_kad_post_transparent":"","_kad_post_title":"","_kad_post_layout":"","_kad_post_sidebar_id":"","_kad_post_content_style":"","_kad_post_vertical_padding":"","_kad_post_feature":"","_kad_post_feature_position":"","_kad_post_header":false,"_kad_post_footer":false,"_kad_post_classname":""},"product_brand":[355],"product_cat":[763,246,623,624],"product_tag":[],"class_list":{"0":"post-278492","1":"product","2":"type-product","3":"status-publish","4":"has-post-thumbnail","6":"product_brand-valera","7":"product_cat-aparate-de-tuns","8":"product_cat-cosmetice","9":"product_cat-produse-cosmetice-pentru-par","10":"product_cat-produse-aparate-si-accesorii-pentru-par","12":"first","13":"instock","14":"sale","15":"product-type-external","16":"entry","17":"content-bg","18":"loop-entry"},"acf":[],"yoast_head":"<!-- This site is optimized with the Yoast SEO plugin v27.4 - https:\/\/yoast.com\/product\/yoast-seo-wordpress\/ -->\n<title>Valera Ma\u0219in\u0103 de tuns profesional\u0103 Absolut Zero 658.01 - SHOPATOA.COM<\/title>\n<meta name=\"robots\" content=\"index, follow, max-snippet:-1, max-image-preview:large, max-video-preview:-1\" \/>\n<link rel=\"canonical\" href=\"https:\/\/shopatoa.com\/ro\/valera-masina-de-tuns-profesionala-absolut-zero-658-01\/\" \/>\n<meta property=\"og:locale\" content=\"ro_RO\" \/>\n<meta property=\"og:type\" content=\"article\" \/>\n<meta property=\"og:title\" content=\"Valera Ma\u0219in\u0103 de tuns profesional\u0103 Absolut Zero 658.01 - SHOPATOA.COM\" \/>\n<meta property=\"og:description\" content=\"Ma\u0219ina de conturat profesional\u0103 Valera Absolut Zero este ideal\u0103 pentru lucr\u0103ri de finisare \u0219i conturare, datorit\u0103 capului s\u0103u lat de 42 mm \u0219i \u00een\u0103l\u021bimii de t\u0103iere de 0,1 mm. Lama sa, realizat\u0103 din o\u021bel japonez cu v\u00e2rfuri rotunjite, asigur\u0103 o t\u0103iere precis\u0103, f\u0103r\u0103 a irita scalpul. Timpul de func\u021bionare al acestei ma\u0219ini alimentate cu baterie...\" \/>\n<meta property=\"og:url\" content=\"https:\/\/shopatoa.com\/ro\/valera-masina-de-tuns-profesionala-absolut-zero-658-01\/\" \/>\n<meta property=\"og:site_name\" content=\"SHOPATOA\" \/>\n<meta property=\"article:modified_time\" content=\"2025-12-11T19:02:15+00:00\" \/>\n<meta property=\"og:image\" content=\"https:\/\/storage.googleapis.com\/cz-shopatoa-img\/ro\/a6cdd187-unnamed-file.webp\" \/>\n\t<meta property=\"og:image:width\" content=\"800\" \/>\n\t<meta property=\"og:image:height\" content=\"800\" \/>\n\t<meta property=\"og:image:type\" content=\"image\/webp\" \/>\n<meta name=\"twitter:card\" content=\"summary_large_image\" \/>\n<meta name=\"twitter:label1\" content=\"Timp estimat pentru citire\" \/>\n\t<meta name=\"twitter:data1\" content=\"1 minut\" \/>\n<script type=\"application\/ld+json\" class=\"yoast-schema-graph\">{\"@context\":\"https:\\\/\\\/schema.org\",\"@graph\":[{\"@type\":\"WebPage\",\"@id\":\"https:\\\/\\\/shopatoa.com\\\/ro\\\/valera-masina-de-tuns-profesionala-absolut-zero-658-01\\\/\",\"url\":\"https:\\\/\\\/shopatoa.com\\\/ro\\\/valera-masina-de-tuns-profesionala-absolut-zero-658-01\\\/\",\"name\":\"Valera Ma\u0219in\u0103 de tuns profesional\u0103 Absolut Zero 658.01 - SHOPATOA.COM\",\"isPartOf\":{\"@id\":\"https:\\\/\\\/shopatoa.com\\\/ro\\\/#website\"},\"primaryImageOfPage\":{\"@id\":\"https:\\\/\\\/shopatoa.com\\\/ro\\\/valera-masina-de-tuns-profesionala-absolut-zero-658-01\\\/#primaryimage\"},\"image\":{\"@id\":\"https:\\\/\\\/shopatoa.com\\\/ro\\\/valera-masina-de-tuns-profesionala-absolut-zero-658-01\\\/#primaryimage\"},\"thumbnailUrl\":\"https:\\\/\\\/storage.googleapis.com\\\/cz-shopatoa-img\\\/ro\\\/a6cdd187-unnamed-file.webp\",\"datePublished\":\"2025-04-30T09:56:23+00:00\",\"dateModified\":\"2025-12-11T19:02:15+00:00\",\"breadcrumb\":{\"@id\":\"https:\\\/\\\/shopatoa.com\\\/ro\\\/valera-masina-de-tuns-profesionala-absolut-zero-658-01\\\/#breadcrumb\"},\"inLanguage\":\"ro-RO\",\"potentialAction\":[{\"@type\":\"ReadAction\",\"target\":[\"https:\\\/\\\/shopatoa.com\\\/ro\\\/valera-masina-de-tuns-profesionala-absolut-zero-658-01\\\/\"]}]},{\"@type\":\"ImageObject\",\"inLanguage\":\"ro-RO\",\"@id\":\"https:\\\/\\\/shopatoa.com\\\/ro\\\/valera-masina-de-tuns-profesionala-absolut-zero-658-01\\\/#primaryimage\",\"url\":\"https:\\\/\\\/storage.googleapis.com\\\/cz-shopatoa-img\\\/ro\\\/a6cdd187-unnamed-file.webp\",\"contentUrl\":\"https:\\\/\\\/storage.googleapis.com\\\/cz-shopatoa-img\\\/ro\\\/a6cdd187-unnamed-file.webp\",\"width\":800,\"height\":800},{\"@type\":\"BreadcrumbList\",\"@id\":\"https:\\\/\\\/shopatoa.com\\\/ro\\\/valera-masina-de-tuns-profesionala-absolut-zero-658-01\\\/#breadcrumb\",\"itemListElement\":[{\"@type\":\"ListItem\",\"position\":1,\"name\":\"Dom\u016f\",\"item\":\"https:\\\/\\\/shopatoa.com\\\/ro\\\/\"},{\"@type\":\"ListItem\",\"position\":2,\"name\":\"Shop\",\"item\":\"https:\\\/\\\/shopatoa.com\\\/ro\\\/shop\\\/\"},{\"@type\":\"ListItem\",\"position\":3,\"name\":\"Cosmetice\",\"item\":\"https:\\\/\\\/shopatoa.com\\\/ro\\\/cosmetice\\\/\"},{\"@type\":\"ListItem\",\"position\":4,\"name\":\"Produse cosmetice pentru p\u0103r\",\"item\":\"https:\\\/\\\/shopatoa.com\\\/ro\\\/produse-cosmetice-pentru-par\\\/\"},{\"@type\":\"ListItem\",\"position\":5,\"name\":\"Produse, aparate \u0219i accesorii pentru p\u0103r\",\"item\":\"https:\\\/\\\/shopatoa.com\\\/ro\\\/produse-aparate-si-accesorii-pentru-par\\\/\"},{\"@type\":\"ListItem\",\"position\":6,\"name\":\"Aparate de tuns\",\"item\":\"https:\\\/\\\/shopatoa.com\\\/ro\\\/aparate-de-tuns\\\/\"},{\"@type\":\"ListItem\",\"position\":7,\"name\":\"Valera Ma\u0219in\u0103 de tuns profesional\u0103 Absolut Zero 658.01\"}]},{\"@type\":\"WebSite\",\"@id\":\"https:\\\/\\\/shopatoa.com\\\/ro\\\/#website\",\"url\":\"https:\\\/\\\/shopatoa.com\\\/ro\\\/\",\"name\":\"SHOPATOA\",\"description\":\"\",\"publisher\":{\"@id\":\"https:\\\/\\\/shopatoa.com\\\/ro\\\/#organization\"},\"potentialAction\":[{\"@type\":\"SearchAction\",\"target\":{\"@type\":\"EntryPoint\",\"urlTemplate\":\"https:\\\/\\\/shopatoa.com\\\/ro\\\/?s={search_term_string}\"},\"query-input\":{\"@type\":\"PropertyValueSpecification\",\"valueRequired\":true,\"valueName\":\"search_term_string\"}}],\"inLanguage\":\"ro-RO\"},{\"@type\":\"Organization\",\"@id\":\"https:\\\/\\\/shopatoa.com\\\/ro\\\/#organization\",\"name\":\"SHOPATOA\",\"url\":\"https:\\\/\\\/shopatoa.com\\\/ro\\\/\",\"logo\":{\"@type\":\"ImageObject\",\"inLanguage\":\"ro-RO\",\"@id\":\"https:\\\/\\\/shopatoa.com\\\/ro\\\/#\\\/schema\\\/logo\\\/image\\\/\",\"url\":\"https:\\\/\\\/storage.googleapis.com\\\/cz-shopatoa-img\\\/ro\\\/b4dac915-shopatoa_logo.png\",\"contentUrl\":\"https:\\\/\\\/storage.googleapis.com\\\/cz-shopatoa-img\\\/ro\\\/b4dac915-shopatoa_logo.png\",\"width\":416,\"height\":63,\"caption\":\"SHOPATOA\"},\"image\":{\"@id\":\"https:\\\/\\\/shopatoa.com\\\/ro\\\/#\\\/schema\\\/logo\\\/image\\\/\"}}]}<\/script>\n<!-- \/ Yoast SEO plugin. -->","yoast_head_json":{"title":"Valera Ma\u0219in\u0103 de tuns profesional\u0103 Absolut Zero 658.01 - SHOPATOA.COM","robots":{"index":"index","follow":"follow","max-snippet":"max-snippet:-1","max-image-preview":"max-image-preview:large","max-video-preview":"max-video-preview:-1"},"canonical":"https:\/\/shopatoa.com\/ro\/valera-masina-de-tuns-profesionala-absolut-zero-658-01\/","og_locale":"ro_RO","og_type":"article","og_title":"Valera Ma\u0219in\u0103 de tuns profesional\u0103 Absolut Zero 658.01 - SHOPATOA.COM","og_description":"Ma\u0219ina de conturat profesional\u0103 Valera Absolut Zero este ideal\u0103 pentru lucr\u0103ri de finisare \u0219i conturare, datorit\u0103 capului s\u0103u lat de 42 mm \u0219i \u00een\u0103l\u021bimii de t\u0103iere de 0,1 mm. Lama sa, realizat\u0103 din o\u021bel japonez cu v\u00e2rfuri rotunjite, asigur\u0103 o t\u0103iere precis\u0103, f\u0103r\u0103 a irita scalpul. Timpul de func\u021bionare al acestei ma\u0219ini alimentate cu baterie...","og_url":"https:\/\/shopatoa.com\/ro\/valera-masina-de-tuns-profesionala-absolut-zero-658-01\/","og_site_name":"SHOPATOA","article_modified_time":"2025-12-11T19:02:15+00:00","og_image":[{"width":800,"height":800,"url":"https:\/\/storage.googleapis.com\/cz-shopatoa-img\/ro\/a6cdd187-unnamed-file.webp","type":"image\/webp"}],"twitter_card":"summary_large_image","twitter_misc":{"Timp estimat pentru citire":"1 minut"},"schema":{"@context":"https:\/\/schema.org","@graph":[{"@type":"WebPage","@id":"https:\/\/shopatoa.com\/ro\/valera-masina-de-tuns-profesionala-absolut-zero-658-01\/","url":"https:\/\/shopatoa.com\/ro\/valera-masina-de-tuns-profesionala-absolut-zero-658-01\/","name":"Valera Ma\u0219in\u0103 de tuns profesional\u0103 Absolut Zero 658.01 - SHOPATOA.COM","isPartOf":{"@id":"https:\/\/shopatoa.com\/ro\/#website"},"primaryImageOfPage":{"@id":"https:\/\/shopatoa.com\/ro\/valera-masina-de-tuns-profesionala-absolut-zero-658-01\/#primaryimage"},"image":{"@id":"https:\/\/shopatoa.com\/ro\/valera-masina-de-tuns-profesionala-absolut-zero-658-01\/#primaryimage"},"thumbnailUrl":"https:\/\/storage.googleapis.com\/cz-shopatoa-img\/ro\/a6cdd187-unnamed-file.webp","datePublished":"2025-04-30T09:56:23+00:00","dateModified":"2025-12-11T19:02:15+00:00","breadcrumb":{"@id":"https:\/\/shopatoa.com\/ro\/valera-masina-de-tuns-profesionala-absolut-zero-658-01\/#breadcrumb"},"inLanguage":"ro-RO","potentialAction":[{"@type":"ReadAction","target":["https:\/\/shopatoa.com\/ro\/valera-masina-de-tuns-profesionala-absolut-zero-658-01\/"]}]},{"@type":"ImageObject","inLanguage":"ro-RO","@id":"https:\/\/shopatoa.com\/ro\/valera-masina-de-tuns-profesionala-absolut-zero-658-01\/#primaryimage","url":"https:\/\/storage.googleapis.com\/cz-shopatoa-img\/ro\/a6cdd187-unnamed-file.webp","contentUrl":"https:\/\/storage.googleapis.com\/cz-shopatoa-img\/ro\/a6cdd187-unnamed-file.webp","width":800,"height":800},{"@type":"BreadcrumbList","@id":"https:\/\/shopatoa.com\/ro\/valera-masina-de-tuns-profesionala-absolut-zero-658-01\/#breadcrumb","itemListElement":[{"@type":"ListItem","position":1,"name":"Dom\u016f","item":"https:\/\/shopatoa.com\/ro\/"},{"@type":"ListItem","position":2,"name":"Shop","item":"https:\/\/shopatoa.com\/ro\/shop\/"},{"@type":"ListItem","position":3,"name":"Cosmetice","item":"https:\/\/shopatoa.com\/ro\/cosmetice\/"},{"@type":"ListItem","position":4,"name":"Produse cosmetice pentru p\u0103r","item":"https:\/\/shopatoa.com\/ro\/produse-cosmetice-pentru-par\/"},{"@type":"ListItem","position":5,"name":"Produse, aparate \u0219i accesorii pentru p\u0103r","item":"https:\/\/shopatoa.com\/ro\/produse-aparate-si-accesorii-pentru-par\/"},{"@type":"ListItem","position":6,"name":"Aparate de tuns","item":"https:\/\/shopatoa.com\/ro\/aparate-de-tuns\/"},{"@type":"ListItem","position":7,"name":"Valera Ma\u0219in\u0103 de tuns profesional\u0103 Absolut Zero 658.01"}]},{"@type":"WebSite","@id":"https:\/\/shopatoa.com\/ro\/#website","url":"https:\/\/shopatoa.com\/ro\/","name":"SHOPATOA","description":"","publisher":{"@id":"https:\/\/shopatoa.com\/ro\/#organization"},"potentialAction":[{"@type":"SearchAction","target":{"@type":"EntryPoint","urlTemplate":"https:\/\/shopatoa.com\/ro\/?s={search_term_string}"},"query-input":{"@type":"PropertyValueSpecification","valueRequired":true,"valueName":"search_term_string"}}],"inLanguage":"ro-RO"},{"@type":"Organization","@id":"https:\/\/shopatoa.com\/ro\/#organization","name":"SHOPATOA","url":"https:\/\/shopatoa.com\/ro\/","logo":{"@type":"ImageObject","inLanguage":"ro-RO","@id":"https:\/\/shopatoa.com\/ro\/#\/schema\/logo\/image\/","url":"https:\/\/storage.googleapis.com\/cz-shopatoa-img\/ro\/b4dac915-shopatoa_logo.png","contentUrl":"https:\/\/storage.googleapis.com\/cz-shopatoa-img\/ro\/b4dac915-shopatoa_logo.png","width":416,"height":63,"caption":"SHOPATOA"},"image":{"@id":"https:\/\/shopatoa.com\/ro\/#\/schema\/logo\/image\/"}}]}},"_links":{"self":[{"href":"https:\/\/shopatoa.com\/ro\/wp-json\/wp\/v2\/product\/278492","targetHints":{"allow":["GET"]}}],"collection":[{"href":"https:\/\/shopatoa.com\/ro\/wp-json\/wp\/v2\/product"}],"about":[{"href":"https:\/\/shopatoa.com\/ro\/wp-json\/wp\/v2\/types\/product"}],"replies":[{"embeddable":true,"href":"https:\/\/shopatoa.com\/ro\/wp-json\/wp\/v2\/comments?post=278492"}],"wp:featuredmedia":[{"embeddable":true,"href":"https:\/\/shopatoa.com\/ro\/wp-json\/wp\/v2\/media\/278493"}],"wp:attachment":[{"href":"https:\/\/shopatoa.com\/ro\/wp-json\/wp\/v2\/media?parent=278492"}],"wp:term":[{"taxonomy":"product_brand","embeddable":true,"href":"https:\/\/shopatoa.com\/ro\/wp-json\/wp\/v2\/product_brand?post=278492"},{"taxonomy":"product_cat","embeddable":true,"href":"https:\/\/shopatoa.com\/ro\/wp-json\/wp\/v2\/product_cat?post=278492"},{"taxonomy":"product_tag","embeddable":true,"href":"https:\/\/shopatoa.com\/ro\/wp-json\/wp\/v2\/product_tag?post=278492"}],"curies":[{"name":"wp","href":"https:\/\/api.w.org\/{rel}","templated":true}]}}