{"id":278736,"date":"2025-04-30T12:50:23","date_gmt":"2025-04-30T10:50:23","guid":{"rendered":"https:\/\/shopatoa.com\/ro\/concept-periuta-de-dinti-sonica-cu-husa-de-voiaj-zk4010\/"},"modified":"2025-12-10T10:06:19","modified_gmt":"2025-12-10T09:06:19","slug":"concept-periuta-de-dinti-sonica-cu-husa-de-voiaj-zk4010","status":"publish","type":"product","link":"https:\/\/shopatoa.com\/ro\/concept-periuta-de-dinti-sonica-cu-husa-de-voiaj-zk4010\/","title":{"rendered":"Concept Periu\u021b\u0103 de din\u021bi sonic\u0103 cu hus\u0103 de voiaj ZK4010"},"content":{"rendered":"<p>Periu\u021ba de din\u021bi sonic\u0103 ofer\u0103 o \u00eengrijire extrem de eficient\u0103 pentru din\u021bi \u0219i gingii. Modelul ZK4012 este adaptat pentru din\u021bii adul\u021bi \u0219i ofer\u0103 o eficien\u021b\u0103 de c\u00e2teva ori mai mare dec\u00e2t cur\u0103\u021barea manual\u0103. Cur\u0103\u021barea sonic\u0103 a din\u021bilor este potrivit\u0103 pentru aproape toat\u0103 lumea, inclusiv pentru persoanele cu aparat dentar, coroane, fa\u021bete \u0219i proteze dentare. Este mai eficient \u00een cur\u0103\u021barea spa\u021biilor interdentare \u0219i poate fi folosit de persoanele cu din\u021bi \u0219i gingii sensibile. Utilizarea regulat\u0103 previne formarea parodontitei \u0219i reduce ro\u0219ea\u021ba \u0219i s\u00e2ngerarea gingiilor. Rezultat perfect Periu\u021ba de din\u021bi sonic\u0103 ZK4012 func\u021bioneaz\u0103 pe principiul vibra\u021biilor ultrasunete bl\u00e2nde. Capul periei vibreaz\u0103 cu o vitez\u0103 de 38 000 de vibra\u021bii pe minut, care este viteza optim\u0103 pentru \u00eendep\u0103rtarea perfect\u0103 a pl\u0103cii dentare \u0219i tratarea bl\u00e2nd\u0103 a gingiilor \u00een acela\u0219i timp. Perii mobili ai periu\u021bei ajung mai bine \u00een spa\u021biile interdentare \u0219i fac o treab\u0103 grozav\u0103 \u00een \u00eendep\u0103rtarea petelor de pe smal\u021b. Moduri de cur\u0103\u021bare Peria este echipat\u0103 cu 5 moduri de cur\u0103\u021bare: CLEAN pentru cur\u0103\u021barea zilnic\u0103 \u0219i \u00eendep\u0103rtarea eficient\u0103 a pl\u0103cii dentare; SENSITIVE pentru cur\u0103\u021barea delicat\u0103 a din\u021bilor \u0219i gingiilor sensibile, ALB pentru \u00eendep\u0103rtarea petelor de suprafa\u021b\u0103 de pe smal\u021bul din\u021bilor pentru a ob\u021bine un z\u00e2mbet alb str\u0103lucitor, GUM CARE pentru cur\u0103\u021barea eficient\u0103 a gingiilor \u0219i MASSAGE pentru masaj bl\u00e2nd folosind vibra\u021bii pulsatorii. Peria este echipat\u0103 cu o func\u021bie de memorie, datorit\u0103 c\u0103reia ve\u021bi seta automat modul pe care la\u021bi folosit ultima dat\u0103 la fiecare cur\u0103\u021bare nou\u0103. Peria va avea grij\u0103 de timpul dvs. Periu\u021ba de din\u021bi ZK4012 este echipat\u0103 cu un temporizator inteligent care monitorizeaz\u0103 durata periajului dumneavoastr\u0103. Este setat la 2 minute recomandat de stomatologi. Cronometrul este \u00eemp\u0103r\u021bit \u00een 4 intervale de timp a c\u00e2te 30 de secunde fiecare, astfel \u00eenc\u00e2t s\u0103 ave\u021bi un control precis asupra duratei cur\u0103\u021b\u0103rii \u00een p\u0103r\u021bile individuale ale gurii. Capete interschimbabile Pachetul de baz\u0103 include dou\u0103 capete de perie \u00eenlocuibile: Daily Clean pentru cur\u0103\u021barea zilnic\u0103 \u0219i Sensitive pentru din\u021bi \u0219i gingii sensibile. Datorit\u0103 sistemului de implementare Click-in pute\u021bi \u00eenlocui u\u0219or \u0219i rapid capul cu un clic u\u0219or. Pentru a men\u021bine un nivel ridicat de eficien\u021b\u0103 de cur\u0103\u021bare, recomand\u0103m schimbarea capetelor la fiecare 3 luni. Acas\u0103 \u0219i \u00een deplasare Datorit\u0103 husei practice de c\u0103l\u0103torie, ve\u021bi avea \u00eentotdeauna periu\u021ba de din\u021bi depozitat\u0103 igienic \u0219i mereu la \u00eendem\u00e2n\u0103. A\u0219a c\u0103 o pute\u021bi lua oriunde ave\u021bi nevoie. Manopera de calitate Periu\u021ba de din\u021bi sonic\u0103 ZK4012 se remarc\u0103 prin designul modern \u0219i forma compact\u0103, datorit\u0103 c\u0103rora se potrive\u0219te perfect \u00een m\u00e2n\u0103. Ofer\u0103 un grad de protec\u021bie IPX7, astfel \u00eenc\u00e2t s\u0103 o pute\u021bi cl\u0103ti sub jet de ap\u0103. Peria este echipat\u0103 cu o baterie Li-Ion de \u00eenalt\u0103 calitate care poate fi re\u00eenc\u0103rcat\u0103 folosind un \u00eenc\u0103rc\u0103tor cu induc\u021bie.<\/p>\n","protected":false},"excerpt":{"rendered":"<p>Periu\u021ba de din\u021bi sonic\u0103 ofer\u0103 o \u00eengrijire extrem de eficient\u0103 pentru din\u021bi \u0219i gingii. Modelul ZK4012 este adaptat pentru din\u021bii adul\u021bi \u0219i ofer\u0103 o eficien\u021b\u0103 de c\u00e2teva ori mai mare dec\u00e2t cur\u0103\u021barea manual\u0103. Cur\u0103\u021barea sonic\u0103 a din\u021bilor este potrivit\u0103 pentru aproape toat\u0103 lumea, inclusiv pentru persoanele cu aparat dentar, coroane, fa\u021bete \u0219i proteze dentare. Este&#8230;<\/p>\n","protected":false},"featured_media":341822,"comment_status":"closed","ping_status":"open","template":"","meta":{"_acf_changed":false,"_kadence_starter_templates_imported_post":false,"_kad_post_transparent":"","_kad_post_title":"","_kad_post_layout":"","_kad_post_sidebar_id":"","_kad_post_content_style":"","_kad_post_vertical_padding":"","_kad_post_feature":"","_kad_post_feature_position":"","_kad_post_header":false,"_kad_post_footer":false,"_kad_post_classname":""},"product_brand":[427],"product_cat":[246,709,761],"product_tag":[],"class_list":{"0":"post-278736","1":"product","2":"type-product","3":"status-publish","4":"has-post-thumbnail","6":"product_brand-concept","7":"product_cat-cosmetice","8":"product_cat-ingrijirea-dentara","9":"product_cat-periute-de-dinti-sonice","11":"first","12":"instock","13":"sale","14":"product-type-external","15":"entry","16":"content-bg","17":"loop-entry"},"acf":[],"yoast_head":"<!-- This site is optimized with the Yoast SEO plugin v27.4 - https:\/\/yoast.com\/product\/yoast-seo-wordpress\/ -->\n<title>Concept Periu\u021b\u0103 de din\u021bi sonic\u0103 cu hus\u0103 de voiaj ZK4010 - SHOPATOA.COM<\/title>\n<meta name=\"robots\" content=\"index, follow, max-snippet:-1, max-image-preview:large, max-video-preview:-1\" \/>\n<link rel=\"canonical\" href=\"https:\/\/shopatoa.com\/ro\/concept-periuta-de-dinti-sonica-cu-husa-de-voiaj-zk4010\/\" \/>\n<meta property=\"og:locale\" content=\"ro_RO\" \/>\n<meta property=\"og:type\" content=\"article\" \/>\n<meta property=\"og:title\" content=\"Concept Periu\u021b\u0103 de din\u021bi sonic\u0103 cu hus\u0103 de voiaj ZK4010 - SHOPATOA.COM\" \/>\n<meta property=\"og:description\" content=\"Periu\u021ba de din\u021bi sonic\u0103 ofer\u0103 o \u00eengrijire extrem de eficient\u0103 pentru din\u021bi \u0219i gingii. Modelul ZK4012 este adaptat pentru din\u021bii adul\u021bi \u0219i ofer\u0103 o eficien\u021b\u0103 de c\u00e2teva ori mai mare dec\u00e2t cur\u0103\u021barea manual\u0103. Cur\u0103\u021barea sonic\u0103 a din\u021bilor este potrivit\u0103 pentru aproape toat\u0103 lumea, inclusiv pentru persoanele cu aparat dentar, coroane, fa\u021bete \u0219i proteze dentare. Este...\" \/>\n<meta property=\"og:url\" content=\"https:\/\/shopatoa.com\/ro\/concept-periuta-de-dinti-sonica-cu-husa-de-voiaj-zk4010\/\" \/>\n<meta property=\"og:site_name\" content=\"SHOPATOA\" \/>\n<meta property=\"article:modified_time\" content=\"2025-12-10T09:06:19+00:00\" \/>\n<meta property=\"og:image\" content=\"https:\/\/storage.googleapis.com\/cz-shopatoa-img\/ro\/e17aa2ab-unnamed-file.webp\" \/>\n\t<meta property=\"og:image:width\" content=\"800\" \/>\n\t<meta property=\"og:image:height\" content=\"800\" \/>\n\t<meta property=\"og:image:type\" content=\"image\/webp\" \/>\n<meta name=\"twitter:card\" content=\"summary_large_image\" \/>\n<meta name=\"twitter:label1\" content=\"Timp estimat pentru citire\" \/>\n\t<meta name=\"twitter:data1\" content=\"3 minute\" \/>\n<script type=\"application\/ld+json\" class=\"yoast-schema-graph\">{\"@context\":\"https:\\\/\\\/schema.org\",\"@graph\":[{\"@type\":\"WebPage\",\"@id\":\"https:\\\/\\\/shopatoa.com\\\/ro\\\/concept-periuta-de-dinti-sonica-cu-husa-de-voiaj-zk4010\\\/\",\"url\":\"https:\\\/\\\/shopatoa.com\\\/ro\\\/concept-periuta-de-dinti-sonica-cu-husa-de-voiaj-zk4010\\\/\",\"name\":\"Concept Periu\u021b\u0103 de din\u021bi sonic\u0103 cu hus\u0103 de voiaj ZK4010 - SHOPATOA.COM\",\"isPartOf\":{\"@id\":\"https:\\\/\\\/shopatoa.com\\\/ro\\\/#website\"},\"primaryImageOfPage\":{\"@id\":\"https:\\\/\\\/shopatoa.com\\\/ro\\\/concept-periuta-de-dinti-sonica-cu-husa-de-voiaj-zk4010\\\/#primaryimage\"},\"image\":{\"@id\":\"https:\\\/\\\/shopatoa.com\\\/ro\\\/concept-periuta-de-dinti-sonica-cu-husa-de-voiaj-zk4010\\\/#primaryimage\"},\"thumbnailUrl\":\"https:\\\/\\\/storage.googleapis.com\\\/cz-shopatoa-img\\\/ro\\\/e17aa2ab-unnamed-file.webp\",\"datePublished\":\"2025-04-30T10:50:23+00:00\",\"dateModified\":\"2025-12-10T09:06:19+00:00\",\"breadcrumb\":{\"@id\":\"https:\\\/\\\/shopatoa.com\\\/ro\\\/concept-periuta-de-dinti-sonica-cu-husa-de-voiaj-zk4010\\\/#breadcrumb\"},\"inLanguage\":\"ro-RO\",\"potentialAction\":[{\"@type\":\"ReadAction\",\"target\":[\"https:\\\/\\\/shopatoa.com\\\/ro\\\/concept-periuta-de-dinti-sonica-cu-husa-de-voiaj-zk4010\\\/\"]}]},{\"@type\":\"ImageObject\",\"inLanguage\":\"ro-RO\",\"@id\":\"https:\\\/\\\/shopatoa.com\\\/ro\\\/concept-periuta-de-dinti-sonica-cu-husa-de-voiaj-zk4010\\\/#primaryimage\",\"url\":\"https:\\\/\\\/storage.googleapis.com\\\/cz-shopatoa-img\\\/ro\\\/e17aa2ab-unnamed-file.webp\",\"contentUrl\":\"https:\\\/\\\/storage.googleapis.com\\\/cz-shopatoa-img\\\/ro\\\/e17aa2ab-unnamed-file.webp\",\"width\":800,\"height\":800},{\"@type\":\"BreadcrumbList\",\"@id\":\"https:\\\/\\\/shopatoa.com\\\/ro\\\/concept-periuta-de-dinti-sonica-cu-husa-de-voiaj-zk4010\\\/#breadcrumb\",\"itemListElement\":[{\"@type\":\"ListItem\",\"position\":1,\"name\":\"Dom\u016f\",\"item\":\"https:\\\/\\\/shopatoa.com\\\/ro\\\/\"},{\"@type\":\"ListItem\",\"position\":2,\"name\":\"Shop\",\"item\":\"https:\\\/\\\/shopatoa.com\\\/ro\\\/shop\\\/\"},{\"@type\":\"ListItem\",\"position\":3,\"name\":\"Cosmetice\",\"item\":\"https:\\\/\\\/shopatoa.com\\\/ro\\\/cosmetice\\\/\"},{\"@type\":\"ListItem\",\"position\":4,\"name\":\"\u00cengrijirea dentar\u0103\",\"item\":\"https:\\\/\\\/shopatoa.com\\\/ro\\\/ingrijirea-dentara\\\/\"},{\"@type\":\"ListItem\",\"position\":5,\"name\":\"Periu\u021be de din\u021bi sonice\",\"item\":\"https:\\\/\\\/shopatoa.com\\\/ro\\\/periute-de-dinti-sonice\\\/\"},{\"@type\":\"ListItem\",\"position\":6,\"name\":\"Concept Periu\u021b\u0103 de din\u021bi sonic\u0103 cu hus\u0103 de voiaj ZK4010\"}]},{\"@type\":\"WebSite\",\"@id\":\"https:\\\/\\\/shopatoa.com\\\/ro\\\/#website\",\"url\":\"https:\\\/\\\/shopatoa.com\\\/ro\\\/\",\"name\":\"SHOPATOA\",\"description\":\"\",\"publisher\":{\"@id\":\"https:\\\/\\\/shopatoa.com\\\/ro\\\/#organization\"},\"potentialAction\":[{\"@type\":\"SearchAction\",\"target\":{\"@type\":\"EntryPoint\",\"urlTemplate\":\"https:\\\/\\\/shopatoa.com\\\/ro\\\/?s={search_term_string}\"},\"query-input\":{\"@type\":\"PropertyValueSpecification\",\"valueRequired\":true,\"valueName\":\"search_term_string\"}}],\"inLanguage\":\"ro-RO\"},{\"@type\":\"Organization\",\"@id\":\"https:\\\/\\\/shopatoa.com\\\/ro\\\/#organization\",\"name\":\"SHOPATOA\",\"url\":\"https:\\\/\\\/shopatoa.com\\\/ro\\\/\",\"logo\":{\"@type\":\"ImageObject\",\"inLanguage\":\"ro-RO\",\"@id\":\"https:\\\/\\\/shopatoa.com\\\/ro\\\/#\\\/schema\\\/logo\\\/image\\\/\",\"url\":\"https:\\\/\\\/storage.googleapis.com\\\/cz-shopatoa-img\\\/ro\\\/b4dac915-shopatoa_logo.png\",\"contentUrl\":\"https:\\\/\\\/storage.googleapis.com\\\/cz-shopatoa-img\\\/ro\\\/b4dac915-shopatoa_logo.png\",\"width\":416,\"height\":63,\"caption\":\"SHOPATOA\"},\"image\":{\"@id\":\"https:\\\/\\\/shopatoa.com\\\/ro\\\/#\\\/schema\\\/logo\\\/image\\\/\"}}]}<\/script>\n<!-- \/ Yoast SEO plugin. -->","yoast_head_json":{"title":"Concept Periu\u021b\u0103 de din\u021bi sonic\u0103 cu hus\u0103 de voiaj ZK4010 - SHOPATOA.COM","robots":{"index":"index","follow":"follow","max-snippet":"max-snippet:-1","max-image-preview":"max-image-preview:large","max-video-preview":"max-video-preview:-1"},"canonical":"https:\/\/shopatoa.com\/ro\/concept-periuta-de-dinti-sonica-cu-husa-de-voiaj-zk4010\/","og_locale":"ro_RO","og_type":"article","og_title":"Concept Periu\u021b\u0103 de din\u021bi sonic\u0103 cu hus\u0103 de voiaj ZK4010 - SHOPATOA.COM","og_description":"Periu\u021ba de din\u021bi sonic\u0103 ofer\u0103 o \u00eengrijire extrem de eficient\u0103 pentru din\u021bi \u0219i gingii. Modelul ZK4012 este adaptat pentru din\u021bii adul\u021bi \u0219i ofer\u0103 o eficien\u021b\u0103 de c\u00e2teva ori mai mare dec\u00e2t cur\u0103\u021barea manual\u0103. Cur\u0103\u021barea sonic\u0103 a din\u021bilor este potrivit\u0103 pentru aproape toat\u0103 lumea, inclusiv pentru persoanele cu aparat dentar, coroane, fa\u021bete \u0219i proteze dentare. Este...","og_url":"https:\/\/shopatoa.com\/ro\/concept-periuta-de-dinti-sonica-cu-husa-de-voiaj-zk4010\/","og_site_name":"SHOPATOA","article_modified_time":"2025-12-10T09:06:19+00:00","og_image":[{"width":800,"height":800,"url":"https:\/\/storage.googleapis.com\/cz-shopatoa-img\/ro\/e17aa2ab-unnamed-file.webp","type":"image\/webp"}],"twitter_card":"summary_large_image","twitter_misc":{"Timp estimat pentru citire":"3 minute"},"schema":{"@context":"https:\/\/schema.org","@graph":[{"@type":"WebPage","@id":"https:\/\/shopatoa.com\/ro\/concept-periuta-de-dinti-sonica-cu-husa-de-voiaj-zk4010\/","url":"https:\/\/shopatoa.com\/ro\/concept-periuta-de-dinti-sonica-cu-husa-de-voiaj-zk4010\/","name":"Concept Periu\u021b\u0103 de din\u021bi sonic\u0103 cu hus\u0103 de voiaj ZK4010 - SHOPATOA.COM","isPartOf":{"@id":"https:\/\/shopatoa.com\/ro\/#website"},"primaryImageOfPage":{"@id":"https:\/\/shopatoa.com\/ro\/concept-periuta-de-dinti-sonica-cu-husa-de-voiaj-zk4010\/#primaryimage"},"image":{"@id":"https:\/\/shopatoa.com\/ro\/concept-periuta-de-dinti-sonica-cu-husa-de-voiaj-zk4010\/#primaryimage"},"thumbnailUrl":"https:\/\/storage.googleapis.com\/cz-shopatoa-img\/ro\/e17aa2ab-unnamed-file.webp","datePublished":"2025-04-30T10:50:23+00:00","dateModified":"2025-12-10T09:06:19+00:00","breadcrumb":{"@id":"https:\/\/shopatoa.com\/ro\/concept-periuta-de-dinti-sonica-cu-husa-de-voiaj-zk4010\/#breadcrumb"},"inLanguage":"ro-RO","potentialAction":[{"@type":"ReadAction","target":["https:\/\/shopatoa.com\/ro\/concept-periuta-de-dinti-sonica-cu-husa-de-voiaj-zk4010\/"]}]},{"@type":"ImageObject","inLanguage":"ro-RO","@id":"https:\/\/shopatoa.com\/ro\/concept-periuta-de-dinti-sonica-cu-husa-de-voiaj-zk4010\/#primaryimage","url":"https:\/\/storage.googleapis.com\/cz-shopatoa-img\/ro\/e17aa2ab-unnamed-file.webp","contentUrl":"https:\/\/storage.googleapis.com\/cz-shopatoa-img\/ro\/e17aa2ab-unnamed-file.webp","width":800,"height":800},{"@type":"BreadcrumbList","@id":"https:\/\/shopatoa.com\/ro\/concept-periuta-de-dinti-sonica-cu-husa-de-voiaj-zk4010\/#breadcrumb","itemListElement":[{"@type":"ListItem","position":1,"name":"Dom\u016f","item":"https:\/\/shopatoa.com\/ro\/"},{"@type":"ListItem","position":2,"name":"Shop","item":"https:\/\/shopatoa.com\/ro\/shop\/"},{"@type":"ListItem","position":3,"name":"Cosmetice","item":"https:\/\/shopatoa.com\/ro\/cosmetice\/"},{"@type":"ListItem","position":4,"name":"\u00cengrijirea dentar\u0103","item":"https:\/\/shopatoa.com\/ro\/ingrijirea-dentara\/"},{"@type":"ListItem","position":5,"name":"Periu\u021be de din\u021bi sonice","item":"https:\/\/shopatoa.com\/ro\/periute-de-dinti-sonice\/"},{"@type":"ListItem","position":6,"name":"Concept Periu\u021b\u0103 de din\u021bi sonic\u0103 cu hus\u0103 de voiaj ZK4010"}]},{"@type":"WebSite","@id":"https:\/\/shopatoa.com\/ro\/#website","url":"https:\/\/shopatoa.com\/ro\/","name":"SHOPATOA","description":"","publisher":{"@id":"https:\/\/shopatoa.com\/ro\/#organization"},"potentialAction":[{"@type":"SearchAction","target":{"@type":"EntryPoint","urlTemplate":"https:\/\/shopatoa.com\/ro\/?s={search_term_string}"},"query-input":{"@type":"PropertyValueSpecification","valueRequired":true,"valueName":"search_term_string"}}],"inLanguage":"ro-RO"},{"@type":"Organization","@id":"https:\/\/shopatoa.com\/ro\/#organization","name":"SHOPATOA","url":"https:\/\/shopatoa.com\/ro\/","logo":{"@type":"ImageObject","inLanguage":"ro-RO","@id":"https:\/\/shopatoa.com\/ro\/#\/schema\/logo\/image\/","url":"https:\/\/storage.googleapis.com\/cz-shopatoa-img\/ro\/b4dac915-shopatoa_logo.png","contentUrl":"https:\/\/storage.googleapis.com\/cz-shopatoa-img\/ro\/b4dac915-shopatoa_logo.png","width":416,"height":63,"caption":"SHOPATOA"},"image":{"@id":"https:\/\/shopatoa.com\/ro\/#\/schema\/logo\/image\/"}}]}},"_links":{"self":[{"href":"https:\/\/shopatoa.com\/ro\/wp-json\/wp\/v2\/product\/278736","targetHints":{"allow":["GET"]}}],"collection":[{"href":"https:\/\/shopatoa.com\/ro\/wp-json\/wp\/v2\/product"}],"about":[{"href":"https:\/\/shopatoa.com\/ro\/wp-json\/wp\/v2\/types\/product"}],"replies":[{"embeddable":true,"href":"https:\/\/shopatoa.com\/ro\/wp-json\/wp\/v2\/comments?post=278736"}],"wp:featuredmedia":[{"embeddable":true,"href":"https:\/\/shopatoa.com\/ro\/wp-json\/wp\/v2\/media\/341822"}],"wp:attachment":[{"href":"https:\/\/shopatoa.com\/ro\/wp-json\/wp\/v2\/media?parent=278736"}],"wp:term":[{"taxonomy":"product_brand","embeddable":true,"href":"https:\/\/shopatoa.com\/ro\/wp-json\/wp\/v2\/product_brand?post=278736"},{"taxonomy":"product_cat","embeddable":true,"href":"https:\/\/shopatoa.com\/ro\/wp-json\/wp\/v2\/product_cat?post=278736"},{"taxonomy":"product_tag","embeddable":true,"href":"https:\/\/shopatoa.com\/ro\/wp-json\/wp\/v2\/product_tag?post=278736"}],"curies":[{"name":"wp","href":"https:\/\/api.w.org\/{rel}","templated":true}]}}