{"id":278739,"date":"2025-04-30T12:50:51","date_gmt":"2025-04-30T10:50:51","guid":{"rendered":"https:\/\/shopatoa.com\/ro\/concept-periuta-de-dinti-sonica-cu-sterilizator-uv-zk4040\/"},"modified":"2025-12-10T10:06:10","modified_gmt":"2025-12-10T09:06:10","slug":"concept-periuta-de-dinti-sonica-cu-sterilizator-uv-zk4040","status":"publish","type":"product","link":"https:\/\/shopatoa.com\/ro\/concept-periuta-de-dinti-sonica-cu-sterilizator-uv-zk4040\/","title":{"rendered":"Concept Periu\u021b\u0103 de din\u021bi sonic\u0103 cu sterilizator UV ZK4040"},"content":{"rendered":"<p>Periu\u021ba de din\u021bi sonic\u0103 ofer\u0103 o \u00eengrijire extrem de eficient\u0103 pentru din\u021bi \u0219i gingii. Modelul ZK4040 este adaptat pentru din\u021bii adul\u021bi \u0219i ofer\u0103 o eficien\u021b\u0103 de c\u00e2teva ori mai mare dec\u00e2t cur\u0103\u021barea manual\u0103. Cur\u0103\u021barea sonic\u0103 a din\u021bilor este potrivit\u0103 pentru aproape toat\u0103 lumea, inclusiv pentru persoanele cu aparat dentar, coroane, fa\u021bete \u0219i proteze dentare. Este mai eficient \u00een cur\u0103\u021barea spa\u021biilor interdentare \u0219i poate fi folosit de persoanele cu din\u021bi \u0219i gingii sensibile. Utilizarea regulat\u0103 previne formarea parodontitei \u0219i reduce ro\u0219ea\u021ba \u0219i s\u00e2ngerarea gingiilor. Rezultat perfect Periu\u021ba de din\u021bi sonic\u0103 ZK4040 func\u021bioneaz\u0103 pe principiul vibra\u021biilor ultrasunete bl\u00e2nde. Capul periei vibreaz\u0103 cu o vitez\u0103 de 38 000 de vibra\u021bii pe minut, care este viteza optim\u0103 pentru \u00eendep\u0103rtarea perfect\u0103 a pl\u0103cii dentare \u0219i tratarea bl\u00e2nd\u0103 a gingiilor \u00een acela\u0219i timp. Perii mobili ai periu\u021bei ajung mai bine \u00een spa\u021biile interdentare \u0219i fac o treab\u0103 grozav\u0103 \u00een \u00eendep\u0103rtarea petelor de pe smal\u021b. Moduri de cur\u0103\u021bare Peria este echipat\u0103 cu 10 moduri de cur\u0103\u021bare, care includ \u00eengrijirea limbii, albirea, cur\u0103\u021barea clasic\u0103, cur\u0103\u021barea bl\u00e2nd\u0103 \u0219i masajul. Peria este echipat\u0103 cu o func\u021bie de memorie, datorit\u0103 c\u0103reia ve\u021bi seta automat modul pe care la\u021bi folosit ultima dat\u0103 la fiecare cur\u0103\u021bare nou\u0103. UV sterilizator O parte a modelului ZK4040 este un sterilizator UV, care, datorit\u0103 luminii ultraviolete, elimin\u0103 p\u00e2n\u0103 la 99,9% din bacteriile de pe capul periei \u0219i \u00eempiedic\u0103 reproducerea lor ulterioar\u0103. \u00cen c\u00e2teva minute ve\u021bi avea periu\u021ba de din\u021bi perfect curat\u0103 \u0219i gata pentru urm\u0103toarea utilizare. Peria va avea grij\u0103 de timpul dvs. Periu\u021ba de din\u021bi ZK4040 este echipat\u0103 cu un temporizator inteligent care monitorizeaz\u0103 durata periajului dumneavoastr\u0103. Este setat la 2 minute recomandat de stomatologi. Cronometrul este \u00eemp\u0103r\u021bit \u00een 4 intervale de timp a c\u00e2te 30 de secunde fiecare, astfel \u00eenc\u00e2t s\u0103 ave\u021bi un control precis asupra duratei cur\u0103\u021b\u0103rii \u00een p\u0103r\u021bile individuale ale gurii. Capete interschimbabile Pachetul de baz\u0103 include dou\u0103 capete de perie \u00eenlocuibile: Daily Clean pentru cur\u0103\u021barea zilnic\u0103 \u0219i Sensitive pentru din\u021bi \u0219i gingii sensibile. Datorit\u0103 sistemului de implementare Click-in pute\u021bi \u00eenlocui u\u0219or \u0219i rapid capul cu un clic u\u0219or. Pentru a men\u021bine un nivel ridicat de eficien\u021b\u0103 de cur\u0103\u021bare a din\u021bilor, v\u0103 recomand\u0103m schimbarea capetelor la fiecare 3 luni. Manopera de calitate Periu\u021ba de din\u021bi sonic\u0103 ZK4040 se remarc\u0103 prin designul modern \u0219i forma compact\u0103, datorit\u0103 c\u0103rora se potrive\u0219te perfect \u00een m\u00e2n\u0103. Ofer\u0103 un grad de protec\u021bie IPX7, astfel \u00eenc\u00e2t s\u0103 o pute\u021bi cl\u0103ti sub jet de ap\u0103. Peria este echipat\u0103 cu o baterie Li-Ion de \u00eenalt\u0103 calitate care poate fi re\u00eenc\u0103rcat\u0103 folosind un cablu USB.<\/p>\n","protected":false},"excerpt":{"rendered":"<p>Periu\u021ba de din\u021bi sonic\u0103 ofer\u0103 o \u00eengrijire extrem de eficient\u0103 pentru din\u021bi \u0219i gingii. Modelul ZK4040 este adaptat pentru din\u021bii adul\u021bi \u0219i ofer\u0103 o eficien\u021b\u0103 de c\u00e2teva ori mai mare dec\u00e2t cur\u0103\u021barea manual\u0103. Cur\u0103\u021barea sonic\u0103 a din\u021bilor este potrivit\u0103 pentru aproape toat\u0103 lumea, inclusiv pentru persoanele cu aparat dentar, coroane, fa\u021bete \u0219i proteze dentare. Este&#8230;<\/p>\n","protected":false},"featured_media":341825,"comment_status":"closed","ping_status":"open","template":"","meta":{"_acf_changed":false,"_kadence_starter_templates_imported_post":false,"_kad_post_transparent":"","_kad_post_title":"","_kad_post_layout":"","_kad_post_sidebar_id":"","_kad_post_content_style":"","_kad_post_vertical_padding":"","_kad_post_feature":"","_kad_post_feature_position":"","_kad_post_header":false,"_kad_post_footer":false,"_kad_post_classname":""},"product_brand":[427],"product_cat":[246,709,761],"product_tag":[],"class_list":{"0":"post-278739","1":"product","2":"type-product","3":"status-publish","4":"has-post-thumbnail","6":"product_brand-concept","7":"product_cat-cosmetice","8":"product_cat-ingrijirea-dentara","9":"product_cat-periute-de-dinti-sonice","11":"first","12":"instock","13":"sale","14":"product-type-external","15":"entry","16":"content-bg","17":"loop-entry"},"acf":[],"yoast_head":"<!-- This site is optimized with the Yoast SEO plugin v27.4 - https:\/\/yoast.com\/product\/yoast-seo-wordpress\/ -->\n<title>Concept Periu\u021b\u0103 de din\u021bi sonic\u0103 cu sterilizator UV ZK4040 - SHOPATOA.COM<\/title>\n<meta name=\"robots\" content=\"index, follow, max-snippet:-1, max-image-preview:large, max-video-preview:-1\" \/>\n<link rel=\"canonical\" href=\"https:\/\/shopatoa.com\/ro\/concept-periuta-de-dinti-sonica-cu-sterilizator-uv-zk4040\/\" \/>\n<meta property=\"og:locale\" content=\"ro_RO\" \/>\n<meta property=\"og:type\" content=\"article\" \/>\n<meta property=\"og:title\" content=\"Concept Periu\u021b\u0103 de din\u021bi sonic\u0103 cu sterilizator UV ZK4040 - SHOPATOA.COM\" \/>\n<meta property=\"og:description\" content=\"Periu\u021ba de din\u021bi sonic\u0103 ofer\u0103 o \u00eengrijire extrem de eficient\u0103 pentru din\u021bi \u0219i gingii. Modelul ZK4040 este adaptat pentru din\u021bii adul\u021bi \u0219i ofer\u0103 o eficien\u021b\u0103 de c\u00e2teva ori mai mare dec\u00e2t cur\u0103\u021barea manual\u0103. Cur\u0103\u021barea sonic\u0103 a din\u021bilor este potrivit\u0103 pentru aproape toat\u0103 lumea, inclusiv pentru persoanele cu aparat dentar, coroane, fa\u021bete \u0219i proteze dentare. Este...\" \/>\n<meta property=\"og:url\" content=\"https:\/\/shopatoa.com\/ro\/concept-periuta-de-dinti-sonica-cu-sterilizator-uv-zk4040\/\" \/>\n<meta property=\"og:site_name\" content=\"SHOPATOA\" \/>\n<meta property=\"article:modified_time\" content=\"2025-12-10T09:06:10+00:00\" \/>\n<meta property=\"og:image\" content=\"https:\/\/storage.googleapis.com\/cz-shopatoa-img\/ro\/d724cefe-unnamed-file.webp\" \/>\n\t<meta property=\"og:image:width\" content=\"800\" \/>\n\t<meta property=\"og:image:height\" content=\"800\" \/>\n\t<meta property=\"og:image:type\" content=\"image\/webp\" \/>\n<meta name=\"twitter:card\" content=\"summary_large_image\" \/>\n<meta name=\"twitter:label1\" content=\"Timp estimat pentru citire\" \/>\n\t<meta name=\"twitter:data1\" content=\"2 minute\" \/>\n<script type=\"application\/ld+json\" class=\"yoast-schema-graph\">{\"@context\":\"https:\\\/\\\/schema.org\",\"@graph\":[{\"@type\":\"WebPage\",\"@id\":\"https:\\\/\\\/shopatoa.com\\\/ro\\\/concept-periuta-de-dinti-sonica-cu-sterilizator-uv-zk4040\\\/\",\"url\":\"https:\\\/\\\/shopatoa.com\\\/ro\\\/concept-periuta-de-dinti-sonica-cu-sterilizator-uv-zk4040\\\/\",\"name\":\"Concept Periu\u021b\u0103 de din\u021bi sonic\u0103 cu sterilizator UV ZK4040 - SHOPATOA.COM\",\"isPartOf\":{\"@id\":\"https:\\\/\\\/shopatoa.com\\\/ro\\\/#website\"},\"primaryImageOfPage\":{\"@id\":\"https:\\\/\\\/shopatoa.com\\\/ro\\\/concept-periuta-de-dinti-sonica-cu-sterilizator-uv-zk4040\\\/#primaryimage\"},\"image\":{\"@id\":\"https:\\\/\\\/shopatoa.com\\\/ro\\\/concept-periuta-de-dinti-sonica-cu-sterilizator-uv-zk4040\\\/#primaryimage\"},\"thumbnailUrl\":\"https:\\\/\\\/storage.googleapis.com\\\/cz-shopatoa-img\\\/ro\\\/d724cefe-unnamed-file.webp\",\"datePublished\":\"2025-04-30T10:50:51+00:00\",\"dateModified\":\"2025-12-10T09:06:10+00:00\",\"breadcrumb\":{\"@id\":\"https:\\\/\\\/shopatoa.com\\\/ro\\\/concept-periuta-de-dinti-sonica-cu-sterilizator-uv-zk4040\\\/#breadcrumb\"},\"inLanguage\":\"ro-RO\",\"potentialAction\":[{\"@type\":\"ReadAction\",\"target\":[\"https:\\\/\\\/shopatoa.com\\\/ro\\\/concept-periuta-de-dinti-sonica-cu-sterilizator-uv-zk4040\\\/\"]}]},{\"@type\":\"ImageObject\",\"inLanguage\":\"ro-RO\",\"@id\":\"https:\\\/\\\/shopatoa.com\\\/ro\\\/concept-periuta-de-dinti-sonica-cu-sterilizator-uv-zk4040\\\/#primaryimage\",\"url\":\"https:\\\/\\\/storage.googleapis.com\\\/cz-shopatoa-img\\\/ro\\\/d724cefe-unnamed-file.webp\",\"contentUrl\":\"https:\\\/\\\/storage.googleapis.com\\\/cz-shopatoa-img\\\/ro\\\/d724cefe-unnamed-file.webp\",\"width\":800,\"height\":800},{\"@type\":\"BreadcrumbList\",\"@id\":\"https:\\\/\\\/shopatoa.com\\\/ro\\\/concept-periuta-de-dinti-sonica-cu-sterilizator-uv-zk4040\\\/#breadcrumb\",\"itemListElement\":[{\"@type\":\"ListItem\",\"position\":1,\"name\":\"Dom\u016f\",\"item\":\"https:\\\/\\\/shopatoa.com\\\/ro\\\/\"},{\"@type\":\"ListItem\",\"position\":2,\"name\":\"Shop\",\"item\":\"https:\\\/\\\/shopatoa.com\\\/ro\\\/shop\\\/\"},{\"@type\":\"ListItem\",\"position\":3,\"name\":\"Cosmetice\",\"item\":\"https:\\\/\\\/shopatoa.com\\\/ro\\\/cosmetice\\\/\"},{\"@type\":\"ListItem\",\"position\":4,\"name\":\"\u00cengrijirea dentar\u0103\",\"item\":\"https:\\\/\\\/shopatoa.com\\\/ro\\\/ingrijirea-dentara\\\/\"},{\"@type\":\"ListItem\",\"position\":5,\"name\":\"Periu\u021be de din\u021bi sonice\",\"item\":\"https:\\\/\\\/shopatoa.com\\\/ro\\\/periute-de-dinti-sonice\\\/\"},{\"@type\":\"ListItem\",\"position\":6,\"name\":\"Concept Periu\u021b\u0103 de din\u021bi sonic\u0103 cu sterilizator UV ZK4040\"}]},{\"@type\":\"WebSite\",\"@id\":\"https:\\\/\\\/shopatoa.com\\\/ro\\\/#website\",\"url\":\"https:\\\/\\\/shopatoa.com\\\/ro\\\/\",\"name\":\"SHOPATOA\",\"description\":\"\",\"publisher\":{\"@id\":\"https:\\\/\\\/shopatoa.com\\\/ro\\\/#organization\"},\"potentialAction\":[{\"@type\":\"SearchAction\",\"target\":{\"@type\":\"EntryPoint\",\"urlTemplate\":\"https:\\\/\\\/shopatoa.com\\\/ro\\\/?s={search_term_string}\"},\"query-input\":{\"@type\":\"PropertyValueSpecification\",\"valueRequired\":true,\"valueName\":\"search_term_string\"}}],\"inLanguage\":\"ro-RO\"},{\"@type\":\"Organization\",\"@id\":\"https:\\\/\\\/shopatoa.com\\\/ro\\\/#organization\",\"name\":\"SHOPATOA\",\"url\":\"https:\\\/\\\/shopatoa.com\\\/ro\\\/\",\"logo\":{\"@type\":\"ImageObject\",\"inLanguage\":\"ro-RO\",\"@id\":\"https:\\\/\\\/shopatoa.com\\\/ro\\\/#\\\/schema\\\/logo\\\/image\\\/\",\"url\":\"https:\\\/\\\/storage.googleapis.com\\\/cz-shopatoa-img\\\/ro\\\/b4dac915-shopatoa_logo.png\",\"contentUrl\":\"https:\\\/\\\/storage.googleapis.com\\\/cz-shopatoa-img\\\/ro\\\/b4dac915-shopatoa_logo.png\",\"width\":416,\"height\":63,\"caption\":\"SHOPATOA\"},\"image\":{\"@id\":\"https:\\\/\\\/shopatoa.com\\\/ro\\\/#\\\/schema\\\/logo\\\/image\\\/\"}}]}<\/script>\n<!-- \/ Yoast SEO plugin. -->","yoast_head_json":{"title":"Concept Periu\u021b\u0103 de din\u021bi sonic\u0103 cu sterilizator UV ZK4040 - SHOPATOA.COM","robots":{"index":"index","follow":"follow","max-snippet":"max-snippet:-1","max-image-preview":"max-image-preview:large","max-video-preview":"max-video-preview:-1"},"canonical":"https:\/\/shopatoa.com\/ro\/concept-periuta-de-dinti-sonica-cu-sterilizator-uv-zk4040\/","og_locale":"ro_RO","og_type":"article","og_title":"Concept Periu\u021b\u0103 de din\u021bi sonic\u0103 cu sterilizator UV ZK4040 - SHOPATOA.COM","og_description":"Periu\u021ba de din\u021bi sonic\u0103 ofer\u0103 o \u00eengrijire extrem de eficient\u0103 pentru din\u021bi \u0219i gingii. Modelul ZK4040 este adaptat pentru din\u021bii adul\u021bi \u0219i ofer\u0103 o eficien\u021b\u0103 de c\u00e2teva ori mai mare dec\u00e2t cur\u0103\u021barea manual\u0103. Cur\u0103\u021barea sonic\u0103 a din\u021bilor este potrivit\u0103 pentru aproape toat\u0103 lumea, inclusiv pentru persoanele cu aparat dentar, coroane, fa\u021bete \u0219i proteze dentare. Este...","og_url":"https:\/\/shopatoa.com\/ro\/concept-periuta-de-dinti-sonica-cu-sterilizator-uv-zk4040\/","og_site_name":"SHOPATOA","article_modified_time":"2025-12-10T09:06:10+00:00","og_image":[{"width":800,"height":800,"url":"https:\/\/storage.googleapis.com\/cz-shopatoa-img\/ro\/d724cefe-unnamed-file.webp","type":"image\/webp"}],"twitter_card":"summary_large_image","twitter_misc":{"Timp estimat pentru citire":"2 minute"},"schema":{"@context":"https:\/\/schema.org","@graph":[{"@type":"WebPage","@id":"https:\/\/shopatoa.com\/ro\/concept-periuta-de-dinti-sonica-cu-sterilizator-uv-zk4040\/","url":"https:\/\/shopatoa.com\/ro\/concept-periuta-de-dinti-sonica-cu-sterilizator-uv-zk4040\/","name":"Concept Periu\u021b\u0103 de din\u021bi sonic\u0103 cu sterilizator UV ZK4040 - SHOPATOA.COM","isPartOf":{"@id":"https:\/\/shopatoa.com\/ro\/#website"},"primaryImageOfPage":{"@id":"https:\/\/shopatoa.com\/ro\/concept-periuta-de-dinti-sonica-cu-sterilizator-uv-zk4040\/#primaryimage"},"image":{"@id":"https:\/\/shopatoa.com\/ro\/concept-periuta-de-dinti-sonica-cu-sterilizator-uv-zk4040\/#primaryimage"},"thumbnailUrl":"https:\/\/storage.googleapis.com\/cz-shopatoa-img\/ro\/d724cefe-unnamed-file.webp","datePublished":"2025-04-30T10:50:51+00:00","dateModified":"2025-12-10T09:06:10+00:00","breadcrumb":{"@id":"https:\/\/shopatoa.com\/ro\/concept-periuta-de-dinti-sonica-cu-sterilizator-uv-zk4040\/#breadcrumb"},"inLanguage":"ro-RO","potentialAction":[{"@type":"ReadAction","target":["https:\/\/shopatoa.com\/ro\/concept-periuta-de-dinti-sonica-cu-sterilizator-uv-zk4040\/"]}]},{"@type":"ImageObject","inLanguage":"ro-RO","@id":"https:\/\/shopatoa.com\/ro\/concept-periuta-de-dinti-sonica-cu-sterilizator-uv-zk4040\/#primaryimage","url":"https:\/\/storage.googleapis.com\/cz-shopatoa-img\/ro\/d724cefe-unnamed-file.webp","contentUrl":"https:\/\/storage.googleapis.com\/cz-shopatoa-img\/ro\/d724cefe-unnamed-file.webp","width":800,"height":800},{"@type":"BreadcrumbList","@id":"https:\/\/shopatoa.com\/ro\/concept-periuta-de-dinti-sonica-cu-sterilizator-uv-zk4040\/#breadcrumb","itemListElement":[{"@type":"ListItem","position":1,"name":"Dom\u016f","item":"https:\/\/shopatoa.com\/ro\/"},{"@type":"ListItem","position":2,"name":"Shop","item":"https:\/\/shopatoa.com\/ro\/shop\/"},{"@type":"ListItem","position":3,"name":"Cosmetice","item":"https:\/\/shopatoa.com\/ro\/cosmetice\/"},{"@type":"ListItem","position":4,"name":"\u00cengrijirea dentar\u0103","item":"https:\/\/shopatoa.com\/ro\/ingrijirea-dentara\/"},{"@type":"ListItem","position":5,"name":"Periu\u021be de din\u021bi sonice","item":"https:\/\/shopatoa.com\/ro\/periute-de-dinti-sonice\/"},{"@type":"ListItem","position":6,"name":"Concept Periu\u021b\u0103 de din\u021bi sonic\u0103 cu sterilizator UV ZK4040"}]},{"@type":"WebSite","@id":"https:\/\/shopatoa.com\/ro\/#website","url":"https:\/\/shopatoa.com\/ro\/","name":"SHOPATOA","description":"","publisher":{"@id":"https:\/\/shopatoa.com\/ro\/#organization"},"potentialAction":[{"@type":"SearchAction","target":{"@type":"EntryPoint","urlTemplate":"https:\/\/shopatoa.com\/ro\/?s={search_term_string}"},"query-input":{"@type":"PropertyValueSpecification","valueRequired":true,"valueName":"search_term_string"}}],"inLanguage":"ro-RO"},{"@type":"Organization","@id":"https:\/\/shopatoa.com\/ro\/#organization","name":"SHOPATOA","url":"https:\/\/shopatoa.com\/ro\/","logo":{"@type":"ImageObject","inLanguage":"ro-RO","@id":"https:\/\/shopatoa.com\/ro\/#\/schema\/logo\/image\/","url":"https:\/\/storage.googleapis.com\/cz-shopatoa-img\/ro\/b4dac915-shopatoa_logo.png","contentUrl":"https:\/\/storage.googleapis.com\/cz-shopatoa-img\/ro\/b4dac915-shopatoa_logo.png","width":416,"height":63,"caption":"SHOPATOA"},"image":{"@id":"https:\/\/shopatoa.com\/ro\/#\/schema\/logo\/image\/"}}]}},"_links":{"self":[{"href":"https:\/\/shopatoa.com\/ro\/wp-json\/wp\/v2\/product\/278739","targetHints":{"allow":["GET"]}}],"collection":[{"href":"https:\/\/shopatoa.com\/ro\/wp-json\/wp\/v2\/product"}],"about":[{"href":"https:\/\/shopatoa.com\/ro\/wp-json\/wp\/v2\/types\/product"}],"replies":[{"embeddable":true,"href":"https:\/\/shopatoa.com\/ro\/wp-json\/wp\/v2\/comments?post=278739"}],"wp:featuredmedia":[{"embeddable":true,"href":"https:\/\/shopatoa.com\/ro\/wp-json\/wp\/v2\/media\/341825"}],"wp:attachment":[{"href":"https:\/\/shopatoa.com\/ro\/wp-json\/wp\/v2\/media?parent=278739"}],"wp:term":[{"taxonomy":"product_brand","embeddable":true,"href":"https:\/\/shopatoa.com\/ro\/wp-json\/wp\/v2\/product_brand?post=278739"},{"taxonomy":"product_cat","embeddable":true,"href":"https:\/\/shopatoa.com\/ro\/wp-json\/wp\/v2\/product_cat?post=278739"},{"taxonomy":"product_tag","embeddable":true,"href":"https:\/\/shopatoa.com\/ro\/wp-json\/wp\/v2\/product_tag?post=278739"}],"curies":[{"name":"wp","href":"https:\/\/api.w.org\/{rel}","templated":true}]}}