{"id":278787,"date":"2025-04-30T13:06:32","date_gmt":"2025-04-30T11:06:32","guid":{"rendered":"https:\/\/shopatoa.com\/ro\/laifen-uscator-de-par-swift-se-special-white\/"},"modified":"2025-12-10T09:45:37","modified_gmt":"2025-12-10T08:45:37","slug":"laifen-uscator-de-par-swift-se-special-white","status":"publish","type":"product","link":"https:\/\/shopatoa.com\/ro\/laifen-uscator-de-par-swift-se-special-white\/","title":{"rendered":"Laifen Usc\u0103tor de p\u0103r Swift SE Special White"},"content":{"rendered":"<p>De \u00eenalt\u0103 performan\u021b\u0103, dar u\u0219or \u0219i elegant, usc\u0103torul de p\u0103r Swift SE Special este conceput pentru a satisface chiar \u0219i cele mai exigente cerin\u021be de \u00eengrijire a p\u0103rului. Fie c\u0103 merge\u021bi la o \u00eent\u00e2lnire important\u0103 sau doar o zi obi\u0219nuit\u0103. Cu tehnologia sa unic\u0103 de ionizare, care genereaz\u0103 p\u00e2n\u0103 la 200 de milioane de ioni negativi\/m3, ve\u021bi spune la revedere p\u0103rului \u00eencre\u021bit \u0219i uscat. P\u0103rul va fi neted, str\u0103lucitor \u0219i plin de via\u021b\u0103. Datorit\u0103 dimensiunilor sale compacte \u0219i greut\u0103\u021bii reduse, acest usc\u0103tor de p\u0103r va deveni partenerul inseparabil \u00een deplasare, \u00een timp ce puterea sa mare de 1500 W \u0219i motorul de \u00eenalt\u0103 performan\u021b\u0103 vor asigura c\u0103 p\u0103rul s\u0103 fie \u00eentotdeauna perfect coafat \u00een timp record. Laifen Swift SE Specia este, de asemenea, echipat cu dou\u0103 viteze \u0219i trei set\u0103ri de temperatur\u0103, ceea ce v\u0103 permite s\u0103 adapta\u021bi uscarea p\u0103rului la nevoile dumneavoastr\u0103 individuale. Datorit\u0103 unui senzor inteligent care monitorizeaz\u0103 temperatura de p\u00e2n\u0103 la 100 de ori pe secund\u0103, coafura este protejat\u0103 de daune provocate de c\u0103ldur\u0103, \u00een timp ce ata\u0219amentul magnetic al accesoriilor permite schimb\u0103ri de stil u\u0219oare \u0219i rapide. Tehnologia de ionizare \u2013 gata de \u00eencre\u021bire sau usc\u0103ciune, p\u0103rul va fi neted \u0219i str\u0103lucitor. Design compact \u0219i u\u0219or &#8211; partenerul perfect de c\u0103l\u0103torie care se potrive\u0219te oriunde. Performan\u021b\u0103 \u0219i eficien\u021b\u0103 ridicate &#8211; cu o putere de 1500 W \u0219i un motor cu max. 105.000 rpm. ve\u021bi ob\u021bine un rezultat rapid \u0219i eficient. Uscare personalizabil\u0103 &#8211; doua viteze \u0219i trei set\u0103ri de temperatur\u0103 pentru control maxim \u0219i protec\u021bie a p\u0103rului. Senzor inteligent de temperatur\u0103 &#8211; v\u0103 protejeaz\u0103 p\u0103rul de daunele provocate de c\u0103ldur\u0103 \u0219i v\u0103 asigur\u0103 c\u0103 r\u0103m\u00e2ne s\u0103n\u0103tos \u0219i frumos.<\/p>\n","protected":false},"excerpt":{"rendered":"<p>De \u00eenalt\u0103 performan\u021b\u0103, dar u\u0219or \u0219i elegant, usc\u0103torul de p\u0103r Swift SE Special este conceput pentru a satisface chiar \u0219i cele mai exigente cerin\u021be de \u00eengrijire a p\u0103rului. Fie c\u0103 merge\u021bi la o \u00eent\u00e2lnire important\u0103 sau doar o zi obi\u0219nuit\u0103. Cu tehnologia sa unic\u0103 de ionizare, care genereaz\u0103 p\u00e2n\u0103 la 200 de milioane de ioni&#8230;<\/p>\n","protected":false},"featured_media":341868,"comment_status":"closed","ping_status":"open","template":"","meta":{"_acf_changed":false,"_kadence_starter_templates_imported_post":false,"_kad_post_transparent":"","_kad_post_title":"","_kad_post_layout":"","_kad_post_sidebar_id":"","_kad_post_content_style":"","_kad_post_vertical_padding":"","_kad_post_feature":"","_kad_post_feature_position":"","_kad_post_header":false,"_kad_post_footer":false,"_kad_post_classname":""},"product_brand":[931],"product_cat":[246,623,624,762],"product_tag":[],"class_list":{"0":"post-278787","1":"product","2":"type-product","3":"status-publish","4":"has-post-thumbnail","6":"product_brand-laifen","7":"product_cat-cosmetice","8":"product_cat-produse-cosmetice-pentru-par","9":"product_cat-produse-aparate-si-accesorii-pentru-par","10":"product_cat-uscatoare-de-par-fenuri","12":"first","13":"instock","14":"sale","15":"product-type-external","16":"entry","17":"content-bg","18":"loop-entry"},"acf":[],"yoast_head":"<!-- This site is optimized with the Yoast SEO plugin v27.4 - https:\/\/yoast.com\/product\/yoast-seo-wordpress\/ -->\n<title>Laifen Usc\u0103tor de p\u0103r Swift SE Special White - SHOPATOA.COM<\/title>\n<meta name=\"robots\" content=\"index, follow, max-snippet:-1, max-image-preview:large, max-video-preview:-1\" \/>\n<link rel=\"canonical\" href=\"https:\/\/shopatoa.com\/ro\/laifen-uscator-de-par-swift-se-special-white\/\" \/>\n<meta property=\"og:locale\" content=\"ro_RO\" \/>\n<meta property=\"og:type\" content=\"article\" \/>\n<meta property=\"og:title\" content=\"Laifen Usc\u0103tor de p\u0103r Swift SE Special White - SHOPATOA.COM\" \/>\n<meta property=\"og:description\" content=\"De \u00eenalt\u0103 performan\u021b\u0103, dar u\u0219or \u0219i elegant, usc\u0103torul de p\u0103r Swift SE Special este conceput pentru a satisface chiar \u0219i cele mai exigente cerin\u021be de \u00eengrijire a p\u0103rului. Fie c\u0103 merge\u021bi la o \u00eent\u00e2lnire important\u0103 sau doar o zi obi\u0219nuit\u0103. Cu tehnologia sa unic\u0103 de ionizare, care genereaz\u0103 p\u00e2n\u0103 la 200 de milioane de ioni...\" \/>\n<meta property=\"og:url\" content=\"https:\/\/shopatoa.com\/ro\/laifen-uscator-de-par-swift-se-special-white\/\" \/>\n<meta property=\"og:site_name\" content=\"SHOPATOA\" \/>\n<meta property=\"article:modified_time\" content=\"2025-12-10T08:45:37+00:00\" \/>\n<meta property=\"og:image\" content=\"https:\/\/storage.googleapis.com\/cz-shopatoa-img\/ro\/6321d37e-unnamed-file.webp\" \/>\n\t<meta property=\"og:image:width\" content=\"800\" \/>\n\t<meta property=\"og:image:height\" content=\"800\" \/>\n\t<meta property=\"og:image:type\" content=\"image\/webp\" \/>\n<meta name=\"twitter:card\" content=\"summary_large_image\" \/>\n<meta name=\"twitter:label1\" content=\"Timp estimat pentru citire\" \/>\n\t<meta name=\"twitter:data1\" content=\"2 minute\" \/>\n<script type=\"application\/ld+json\" class=\"yoast-schema-graph\">{\"@context\":\"https:\\\/\\\/schema.org\",\"@graph\":[{\"@type\":\"WebPage\",\"@id\":\"https:\\\/\\\/shopatoa.com\\\/ro\\\/laifen-uscator-de-par-swift-se-special-white\\\/\",\"url\":\"https:\\\/\\\/shopatoa.com\\\/ro\\\/laifen-uscator-de-par-swift-se-special-white\\\/\",\"name\":\"Laifen Usc\u0103tor de p\u0103r Swift SE Special White - SHOPATOA.COM\",\"isPartOf\":{\"@id\":\"https:\\\/\\\/shopatoa.com\\\/ro\\\/#website\"},\"primaryImageOfPage\":{\"@id\":\"https:\\\/\\\/shopatoa.com\\\/ro\\\/laifen-uscator-de-par-swift-se-special-white\\\/#primaryimage\"},\"image\":{\"@id\":\"https:\\\/\\\/shopatoa.com\\\/ro\\\/laifen-uscator-de-par-swift-se-special-white\\\/#primaryimage\"},\"thumbnailUrl\":\"https:\\\/\\\/storage.googleapis.com\\\/cz-shopatoa-img\\\/ro\\\/6321d37e-unnamed-file.webp\",\"datePublished\":\"2025-04-30T11:06:32+00:00\",\"dateModified\":\"2025-12-10T08:45:37+00:00\",\"breadcrumb\":{\"@id\":\"https:\\\/\\\/shopatoa.com\\\/ro\\\/laifen-uscator-de-par-swift-se-special-white\\\/#breadcrumb\"},\"inLanguage\":\"ro-RO\",\"potentialAction\":[{\"@type\":\"ReadAction\",\"target\":[\"https:\\\/\\\/shopatoa.com\\\/ro\\\/laifen-uscator-de-par-swift-se-special-white\\\/\"]}]},{\"@type\":\"ImageObject\",\"inLanguage\":\"ro-RO\",\"@id\":\"https:\\\/\\\/shopatoa.com\\\/ro\\\/laifen-uscator-de-par-swift-se-special-white\\\/#primaryimage\",\"url\":\"https:\\\/\\\/storage.googleapis.com\\\/cz-shopatoa-img\\\/ro\\\/6321d37e-unnamed-file.webp\",\"contentUrl\":\"https:\\\/\\\/storage.googleapis.com\\\/cz-shopatoa-img\\\/ro\\\/6321d37e-unnamed-file.webp\",\"width\":800,\"height\":800},{\"@type\":\"BreadcrumbList\",\"@id\":\"https:\\\/\\\/shopatoa.com\\\/ro\\\/laifen-uscator-de-par-swift-se-special-white\\\/#breadcrumb\",\"itemListElement\":[{\"@type\":\"ListItem\",\"position\":1,\"name\":\"Dom\u016f\",\"item\":\"https:\\\/\\\/shopatoa.com\\\/ro\\\/\"},{\"@type\":\"ListItem\",\"position\":2,\"name\":\"Shop\",\"item\":\"https:\\\/\\\/shopatoa.com\\\/ro\\\/shop\\\/\"},{\"@type\":\"ListItem\",\"position\":3,\"name\":\"Cosmetice\",\"item\":\"https:\\\/\\\/shopatoa.com\\\/ro\\\/cosmetice\\\/\"},{\"@type\":\"ListItem\",\"position\":4,\"name\":\"Produse cosmetice pentru p\u0103r\",\"item\":\"https:\\\/\\\/shopatoa.com\\\/ro\\\/produse-cosmetice-pentru-par\\\/\"},{\"@type\":\"ListItem\",\"position\":5,\"name\":\"Produse, aparate \u0219i accesorii pentru p\u0103r\",\"item\":\"https:\\\/\\\/shopatoa.com\\\/ro\\\/produse-aparate-si-accesorii-pentru-par\\\/\"},{\"@type\":\"ListItem\",\"position\":6,\"name\":\"Usc\u0103toare de p\u0103r, fenuri\",\"item\":\"https:\\\/\\\/shopatoa.com\\\/ro\\\/uscatoare-de-par-fenuri\\\/\"},{\"@type\":\"ListItem\",\"position\":7,\"name\":\"Laifen Usc\u0103tor de p\u0103r Swift SE Special White\"}]},{\"@type\":\"WebSite\",\"@id\":\"https:\\\/\\\/shopatoa.com\\\/ro\\\/#website\",\"url\":\"https:\\\/\\\/shopatoa.com\\\/ro\\\/\",\"name\":\"SHOPATOA\",\"description\":\"\",\"publisher\":{\"@id\":\"https:\\\/\\\/shopatoa.com\\\/ro\\\/#organization\"},\"potentialAction\":[{\"@type\":\"SearchAction\",\"target\":{\"@type\":\"EntryPoint\",\"urlTemplate\":\"https:\\\/\\\/shopatoa.com\\\/ro\\\/?s={search_term_string}\"},\"query-input\":{\"@type\":\"PropertyValueSpecification\",\"valueRequired\":true,\"valueName\":\"search_term_string\"}}],\"inLanguage\":\"ro-RO\"},{\"@type\":\"Organization\",\"@id\":\"https:\\\/\\\/shopatoa.com\\\/ro\\\/#organization\",\"name\":\"SHOPATOA\",\"url\":\"https:\\\/\\\/shopatoa.com\\\/ro\\\/\",\"logo\":{\"@type\":\"ImageObject\",\"inLanguage\":\"ro-RO\",\"@id\":\"https:\\\/\\\/shopatoa.com\\\/ro\\\/#\\\/schema\\\/logo\\\/image\\\/\",\"url\":\"https:\\\/\\\/storage.googleapis.com\\\/cz-shopatoa-img\\\/ro\\\/b4dac915-shopatoa_logo.png\",\"contentUrl\":\"https:\\\/\\\/storage.googleapis.com\\\/cz-shopatoa-img\\\/ro\\\/b4dac915-shopatoa_logo.png\",\"width\":416,\"height\":63,\"caption\":\"SHOPATOA\"},\"image\":{\"@id\":\"https:\\\/\\\/shopatoa.com\\\/ro\\\/#\\\/schema\\\/logo\\\/image\\\/\"}}]}<\/script>\n<!-- \/ Yoast SEO plugin. -->","yoast_head_json":{"title":"Laifen Usc\u0103tor de p\u0103r Swift SE Special White - SHOPATOA.COM","robots":{"index":"index","follow":"follow","max-snippet":"max-snippet:-1","max-image-preview":"max-image-preview:large","max-video-preview":"max-video-preview:-1"},"canonical":"https:\/\/shopatoa.com\/ro\/laifen-uscator-de-par-swift-se-special-white\/","og_locale":"ro_RO","og_type":"article","og_title":"Laifen Usc\u0103tor de p\u0103r Swift SE Special White - SHOPATOA.COM","og_description":"De \u00eenalt\u0103 performan\u021b\u0103, dar u\u0219or \u0219i elegant, usc\u0103torul de p\u0103r Swift SE Special este conceput pentru a satisface chiar \u0219i cele mai exigente cerin\u021be de \u00eengrijire a p\u0103rului. Fie c\u0103 merge\u021bi la o \u00eent\u00e2lnire important\u0103 sau doar o zi obi\u0219nuit\u0103. Cu tehnologia sa unic\u0103 de ionizare, care genereaz\u0103 p\u00e2n\u0103 la 200 de milioane de ioni...","og_url":"https:\/\/shopatoa.com\/ro\/laifen-uscator-de-par-swift-se-special-white\/","og_site_name":"SHOPATOA","article_modified_time":"2025-12-10T08:45:37+00:00","og_image":[{"width":800,"height":800,"url":"https:\/\/storage.googleapis.com\/cz-shopatoa-img\/ro\/6321d37e-unnamed-file.webp","type":"image\/webp"}],"twitter_card":"summary_large_image","twitter_misc":{"Timp estimat pentru citire":"2 minute"},"schema":{"@context":"https:\/\/schema.org","@graph":[{"@type":"WebPage","@id":"https:\/\/shopatoa.com\/ro\/laifen-uscator-de-par-swift-se-special-white\/","url":"https:\/\/shopatoa.com\/ro\/laifen-uscator-de-par-swift-se-special-white\/","name":"Laifen Usc\u0103tor de p\u0103r Swift SE Special White - SHOPATOA.COM","isPartOf":{"@id":"https:\/\/shopatoa.com\/ro\/#website"},"primaryImageOfPage":{"@id":"https:\/\/shopatoa.com\/ro\/laifen-uscator-de-par-swift-se-special-white\/#primaryimage"},"image":{"@id":"https:\/\/shopatoa.com\/ro\/laifen-uscator-de-par-swift-se-special-white\/#primaryimage"},"thumbnailUrl":"https:\/\/storage.googleapis.com\/cz-shopatoa-img\/ro\/6321d37e-unnamed-file.webp","datePublished":"2025-04-30T11:06:32+00:00","dateModified":"2025-12-10T08:45:37+00:00","breadcrumb":{"@id":"https:\/\/shopatoa.com\/ro\/laifen-uscator-de-par-swift-se-special-white\/#breadcrumb"},"inLanguage":"ro-RO","potentialAction":[{"@type":"ReadAction","target":["https:\/\/shopatoa.com\/ro\/laifen-uscator-de-par-swift-se-special-white\/"]}]},{"@type":"ImageObject","inLanguage":"ro-RO","@id":"https:\/\/shopatoa.com\/ro\/laifen-uscator-de-par-swift-se-special-white\/#primaryimage","url":"https:\/\/storage.googleapis.com\/cz-shopatoa-img\/ro\/6321d37e-unnamed-file.webp","contentUrl":"https:\/\/storage.googleapis.com\/cz-shopatoa-img\/ro\/6321d37e-unnamed-file.webp","width":800,"height":800},{"@type":"BreadcrumbList","@id":"https:\/\/shopatoa.com\/ro\/laifen-uscator-de-par-swift-se-special-white\/#breadcrumb","itemListElement":[{"@type":"ListItem","position":1,"name":"Dom\u016f","item":"https:\/\/shopatoa.com\/ro\/"},{"@type":"ListItem","position":2,"name":"Shop","item":"https:\/\/shopatoa.com\/ro\/shop\/"},{"@type":"ListItem","position":3,"name":"Cosmetice","item":"https:\/\/shopatoa.com\/ro\/cosmetice\/"},{"@type":"ListItem","position":4,"name":"Produse cosmetice pentru p\u0103r","item":"https:\/\/shopatoa.com\/ro\/produse-cosmetice-pentru-par\/"},{"@type":"ListItem","position":5,"name":"Produse, aparate \u0219i accesorii pentru p\u0103r","item":"https:\/\/shopatoa.com\/ro\/produse-aparate-si-accesorii-pentru-par\/"},{"@type":"ListItem","position":6,"name":"Usc\u0103toare de p\u0103r, fenuri","item":"https:\/\/shopatoa.com\/ro\/uscatoare-de-par-fenuri\/"},{"@type":"ListItem","position":7,"name":"Laifen Usc\u0103tor de p\u0103r Swift SE Special White"}]},{"@type":"WebSite","@id":"https:\/\/shopatoa.com\/ro\/#website","url":"https:\/\/shopatoa.com\/ro\/","name":"SHOPATOA","description":"","publisher":{"@id":"https:\/\/shopatoa.com\/ro\/#organization"},"potentialAction":[{"@type":"SearchAction","target":{"@type":"EntryPoint","urlTemplate":"https:\/\/shopatoa.com\/ro\/?s={search_term_string}"},"query-input":{"@type":"PropertyValueSpecification","valueRequired":true,"valueName":"search_term_string"}}],"inLanguage":"ro-RO"},{"@type":"Organization","@id":"https:\/\/shopatoa.com\/ro\/#organization","name":"SHOPATOA","url":"https:\/\/shopatoa.com\/ro\/","logo":{"@type":"ImageObject","inLanguage":"ro-RO","@id":"https:\/\/shopatoa.com\/ro\/#\/schema\/logo\/image\/","url":"https:\/\/storage.googleapis.com\/cz-shopatoa-img\/ro\/b4dac915-shopatoa_logo.png","contentUrl":"https:\/\/storage.googleapis.com\/cz-shopatoa-img\/ro\/b4dac915-shopatoa_logo.png","width":416,"height":63,"caption":"SHOPATOA"},"image":{"@id":"https:\/\/shopatoa.com\/ro\/#\/schema\/logo\/image\/"}}]}},"_links":{"self":[{"href":"https:\/\/shopatoa.com\/ro\/wp-json\/wp\/v2\/product\/278787","targetHints":{"allow":["GET"]}}],"collection":[{"href":"https:\/\/shopatoa.com\/ro\/wp-json\/wp\/v2\/product"}],"about":[{"href":"https:\/\/shopatoa.com\/ro\/wp-json\/wp\/v2\/types\/product"}],"replies":[{"embeddable":true,"href":"https:\/\/shopatoa.com\/ro\/wp-json\/wp\/v2\/comments?post=278787"}],"wp:featuredmedia":[{"embeddable":true,"href":"https:\/\/shopatoa.com\/ro\/wp-json\/wp\/v2\/media\/341868"}],"wp:attachment":[{"href":"https:\/\/shopatoa.com\/ro\/wp-json\/wp\/v2\/media?parent=278787"}],"wp:term":[{"taxonomy":"product_brand","embeddable":true,"href":"https:\/\/shopatoa.com\/ro\/wp-json\/wp\/v2\/product_brand?post=278787"},{"taxonomy":"product_cat","embeddable":true,"href":"https:\/\/shopatoa.com\/ro\/wp-json\/wp\/v2\/product_cat?post=278787"},{"taxonomy":"product_tag","embeddable":true,"href":"https:\/\/shopatoa.com\/ro\/wp-json\/wp\/v2\/product_tag?post=278787"}],"curies":[{"name":"wp","href":"https:\/\/api.w.org\/{rel}","templated":true}]}}