{"id":278807,"date":"2025-04-30T13:15:12","date_gmt":"2025-04-30T11:15:12","guid":{"rendered":"https:\/\/shopatoa.com\/ro\/the-body-shop-perie-de-corp-pentru-masaj-pentru-piele-uscata-cactus-long-handle-brush\/"},"modified":"2025-09-25T17:41:29","modified_gmt":"2025-09-25T15:41:29","slug":"the-body-shop-perie-de-corp-pentru-masaj-pentru-piele-uscata-cactus-long-handle-brush","status":"publish","type":"product","link":"https:\/\/shopatoa.com\/ro\/the-body-shop-perie-de-corp-pentru-masaj-pentru-piele-uscata-cactus-long-handle-brush\/","title":{"rendered":"The Body Shop Perie de corp pentru masaj pentru piele uscat\u0103 Cactus (Long Handle Brush)"},"content":{"rendered":"<p>Aceast\u0103 perie cu m\u00e2ner lung v\u0103 ajut\u0103 s\u0103 ajunge\u021bi chiar \u0219i la zonele greu accesibile, ceea ce o face ideal\u0103 pentru utilizare pe corpul uscat \u0219i utilizarea la du\u0219. Asigur\u0103 pielii exfoliere profund\u0103 \u0219i stimulare.<\/p>\n","protected":false},"excerpt":{"rendered":"<p>Aceast\u0103 perie cu m\u00e2ner lung v\u0103 ajut\u0103 s\u0103 ajunge\u021bi chiar \u0219i la zonele greu accesibile, ceea ce o face ideal\u0103 pentru utilizare pe corpul uscat \u0219i utilizarea la du\u0219. Asigur\u0103 pielii exfoliere profund\u0103 \u0219i stimulare.<\/p>\n","protected":false},"featured_media":341890,"comment_status":"closed","ping_status":"open","template":"","meta":{"_acf_changed":false,"_kadence_starter_templates_imported_post":false,"_kad_post_transparent":"","_kad_post_title":"","_kad_post_layout":"","_kad_post_sidebar_id":"","_kad_post_content_style":"","_kad_post_vertical_padding":"","_kad_post_feature":"","_kad_post_feature_position":"","_kad_post_header":false,"_kad_post_footer":false,"_kad_post_classname":""},"product_brand":[522],"product_cat":[246,676,726,611],"product_tag":[],"class_list":{"0":"post-278807","1":"product","2":"type-product","3":"status-publish","4":"has-post-thumbnail","6":"product_brand-the-body-shop","7":"product_cat-cosmetice","8":"product_cat-dispozitive-si-preparate-pentru-masaj","9":"product_cat-echipament-pentru-masaj","10":"product_cat-produse-cosmetice-pentru-corp","12":"first","13":"instock","14":"product-type-external","15":"entry","16":"content-bg","17":"loop-entry"},"acf":[],"yoast_head":"<!-- This site is optimized with the Yoast SEO plugin v27.4 - https:\/\/yoast.com\/product\/yoast-seo-wordpress\/ -->\n<title>The Body Shop Perie de corp pentru masaj pentru piele uscat\u0103 Cactus (Long Handle Brush) - SHOPATOA.COM<\/title>\n<meta name=\"robots\" content=\"index, follow, max-snippet:-1, max-image-preview:large, max-video-preview:-1\" \/>\n<link rel=\"canonical\" href=\"https:\/\/shopatoa.com\/ro\/the-body-shop-perie-de-corp-pentru-masaj-pentru-piele-uscata-cactus-long-handle-brush\/\" \/>\n<meta property=\"og:locale\" content=\"ro_RO\" \/>\n<meta property=\"og:type\" content=\"article\" \/>\n<meta property=\"og:title\" content=\"The Body Shop Perie de corp pentru masaj pentru piele uscat\u0103 Cactus (Long Handle Brush) - SHOPATOA.COM\" \/>\n<meta property=\"og:description\" content=\"Aceast\u0103 perie cu m\u00e2ner lung v\u0103 ajut\u0103 s\u0103 ajunge\u021bi chiar \u0219i la zonele greu accesibile, ceea ce o face ideal\u0103 pentru utilizare pe corpul uscat \u0219i utilizarea la du\u0219. Asigur\u0103 pielii exfoliere profund\u0103 \u0219i stimulare.\" \/>\n<meta property=\"og:url\" content=\"https:\/\/shopatoa.com\/ro\/the-body-shop-perie-de-corp-pentru-masaj-pentru-piele-uscata-cactus-long-handle-brush\/\" \/>\n<meta property=\"og:site_name\" content=\"SHOPATOA\" \/>\n<meta property=\"article:modified_time\" content=\"2025-09-25T15:41:29+00:00\" \/>\n<meta property=\"og:image\" content=\"https:\/\/storage.googleapis.com\/cz-shopatoa-img\/ro\/2f65be8d-unnamed-file.webp\" \/>\n\t<meta property=\"og:image:width\" content=\"800\" \/>\n\t<meta property=\"og:image:height\" content=\"800\" \/>\n\t<meta property=\"og:image:type\" content=\"image\/webp\" \/>\n<meta name=\"twitter:card\" content=\"summary_large_image\" \/>\n<script type=\"application\/ld+json\" class=\"yoast-schema-graph\">{\"@context\":\"https:\\\/\\\/schema.org\",\"@graph\":[{\"@type\":\"WebPage\",\"@id\":\"https:\\\/\\\/shopatoa.com\\\/ro\\\/the-body-shop-perie-de-corp-pentru-masaj-pentru-piele-uscata-cactus-long-handle-brush\\\/\",\"url\":\"https:\\\/\\\/shopatoa.com\\\/ro\\\/the-body-shop-perie-de-corp-pentru-masaj-pentru-piele-uscata-cactus-long-handle-brush\\\/\",\"name\":\"The Body Shop Perie de corp pentru masaj pentru piele uscat\u0103 Cactus (Long Handle Brush) - SHOPATOA.COM\",\"isPartOf\":{\"@id\":\"https:\\\/\\\/shopatoa.com\\\/ro\\\/#website\"},\"primaryImageOfPage\":{\"@id\":\"https:\\\/\\\/shopatoa.com\\\/ro\\\/the-body-shop-perie-de-corp-pentru-masaj-pentru-piele-uscata-cactus-long-handle-brush\\\/#primaryimage\"},\"image\":{\"@id\":\"https:\\\/\\\/shopatoa.com\\\/ro\\\/the-body-shop-perie-de-corp-pentru-masaj-pentru-piele-uscata-cactus-long-handle-brush\\\/#primaryimage\"},\"thumbnailUrl\":\"https:\\\/\\\/storage.googleapis.com\\\/cz-shopatoa-img\\\/ro\\\/2f65be8d-unnamed-file.webp\",\"datePublished\":\"2025-04-30T11:15:12+00:00\",\"dateModified\":\"2025-09-25T15:41:29+00:00\",\"breadcrumb\":{\"@id\":\"https:\\\/\\\/shopatoa.com\\\/ro\\\/the-body-shop-perie-de-corp-pentru-masaj-pentru-piele-uscata-cactus-long-handle-brush\\\/#breadcrumb\"},\"inLanguage\":\"ro-RO\",\"potentialAction\":[{\"@type\":\"ReadAction\",\"target\":[\"https:\\\/\\\/shopatoa.com\\\/ro\\\/the-body-shop-perie-de-corp-pentru-masaj-pentru-piele-uscata-cactus-long-handle-brush\\\/\"]}]},{\"@type\":\"ImageObject\",\"inLanguage\":\"ro-RO\",\"@id\":\"https:\\\/\\\/shopatoa.com\\\/ro\\\/the-body-shop-perie-de-corp-pentru-masaj-pentru-piele-uscata-cactus-long-handle-brush\\\/#primaryimage\",\"url\":\"https:\\\/\\\/storage.googleapis.com\\\/cz-shopatoa-img\\\/ro\\\/2f65be8d-unnamed-file.webp\",\"contentUrl\":\"https:\\\/\\\/storage.googleapis.com\\\/cz-shopatoa-img\\\/ro\\\/2f65be8d-unnamed-file.webp\",\"width\":800,\"height\":800},{\"@type\":\"BreadcrumbList\",\"@id\":\"https:\\\/\\\/shopatoa.com\\\/ro\\\/the-body-shop-perie-de-corp-pentru-masaj-pentru-piele-uscata-cactus-long-handle-brush\\\/#breadcrumb\",\"itemListElement\":[{\"@type\":\"ListItem\",\"position\":1,\"name\":\"Dom\u016f\",\"item\":\"https:\\\/\\\/shopatoa.com\\\/ro\\\/\"},{\"@type\":\"ListItem\",\"position\":2,\"name\":\"Shop\",\"item\":\"https:\\\/\\\/shopatoa.com\\\/ro\\\/shop\\\/\"},{\"@type\":\"ListItem\",\"position\":3,\"name\":\"Cosmetice\",\"item\":\"https:\\\/\\\/shopatoa.com\\\/ro\\\/cosmetice\\\/\"},{\"@type\":\"ListItem\",\"position\":4,\"name\":\"Produse cosmetice pentru corp\",\"item\":\"https:\\\/\\\/shopatoa.com\\\/ro\\\/produse-cosmetice-pentru-corp\\\/\"},{\"@type\":\"ListItem\",\"position\":5,\"name\":\"Dispozitive \u0219i preparate pentru masaj\",\"item\":\"https:\\\/\\\/shopatoa.com\\\/ro\\\/dispozitive-si-preparate-pentru-masaj\\\/\"},{\"@type\":\"ListItem\",\"position\":6,\"name\":\"Echipament pentru masaj\",\"item\":\"https:\\\/\\\/shopatoa.com\\\/ro\\\/echipament-pentru-masaj\\\/\"},{\"@type\":\"ListItem\",\"position\":7,\"name\":\"The Body Shop Perie de corp pentru masaj pentru piele uscat\u0103 Cactus (Long Handle Brush)\"}]},{\"@type\":\"WebSite\",\"@id\":\"https:\\\/\\\/shopatoa.com\\\/ro\\\/#website\",\"url\":\"https:\\\/\\\/shopatoa.com\\\/ro\\\/\",\"name\":\"SHOPATOA\",\"description\":\"\",\"publisher\":{\"@id\":\"https:\\\/\\\/shopatoa.com\\\/ro\\\/#organization\"},\"potentialAction\":[{\"@type\":\"SearchAction\",\"target\":{\"@type\":\"EntryPoint\",\"urlTemplate\":\"https:\\\/\\\/shopatoa.com\\\/ro\\\/?s={search_term_string}\"},\"query-input\":{\"@type\":\"PropertyValueSpecification\",\"valueRequired\":true,\"valueName\":\"search_term_string\"}}],\"inLanguage\":\"ro-RO\"},{\"@type\":\"Organization\",\"@id\":\"https:\\\/\\\/shopatoa.com\\\/ro\\\/#organization\",\"name\":\"SHOPATOA\",\"url\":\"https:\\\/\\\/shopatoa.com\\\/ro\\\/\",\"logo\":{\"@type\":\"ImageObject\",\"inLanguage\":\"ro-RO\",\"@id\":\"https:\\\/\\\/shopatoa.com\\\/ro\\\/#\\\/schema\\\/logo\\\/image\\\/\",\"url\":\"https:\\\/\\\/storage.googleapis.com\\\/cz-shopatoa-img\\\/ro\\\/b4dac915-shopatoa_logo.png\",\"contentUrl\":\"https:\\\/\\\/storage.googleapis.com\\\/cz-shopatoa-img\\\/ro\\\/b4dac915-shopatoa_logo.png\",\"width\":416,\"height\":63,\"caption\":\"SHOPATOA\"},\"image\":{\"@id\":\"https:\\\/\\\/shopatoa.com\\\/ro\\\/#\\\/schema\\\/logo\\\/image\\\/\"}}]}<\/script>\n<!-- \/ Yoast SEO plugin. -->","yoast_head_json":{"title":"The Body Shop Perie de corp pentru masaj pentru piele uscat\u0103 Cactus (Long Handle Brush) - SHOPATOA.COM","robots":{"index":"index","follow":"follow","max-snippet":"max-snippet:-1","max-image-preview":"max-image-preview:large","max-video-preview":"max-video-preview:-1"},"canonical":"https:\/\/shopatoa.com\/ro\/the-body-shop-perie-de-corp-pentru-masaj-pentru-piele-uscata-cactus-long-handle-brush\/","og_locale":"ro_RO","og_type":"article","og_title":"The Body Shop Perie de corp pentru masaj pentru piele uscat\u0103 Cactus (Long Handle Brush) - SHOPATOA.COM","og_description":"Aceast\u0103 perie cu m\u00e2ner lung v\u0103 ajut\u0103 s\u0103 ajunge\u021bi chiar \u0219i la zonele greu accesibile, ceea ce o face ideal\u0103 pentru utilizare pe corpul uscat \u0219i utilizarea la du\u0219. Asigur\u0103 pielii exfoliere profund\u0103 \u0219i stimulare.","og_url":"https:\/\/shopatoa.com\/ro\/the-body-shop-perie-de-corp-pentru-masaj-pentru-piele-uscata-cactus-long-handle-brush\/","og_site_name":"SHOPATOA","article_modified_time":"2025-09-25T15:41:29+00:00","og_image":[{"width":800,"height":800,"url":"https:\/\/storage.googleapis.com\/cz-shopatoa-img\/ro\/2f65be8d-unnamed-file.webp","type":"image\/webp"}],"twitter_card":"summary_large_image","schema":{"@context":"https:\/\/schema.org","@graph":[{"@type":"WebPage","@id":"https:\/\/shopatoa.com\/ro\/the-body-shop-perie-de-corp-pentru-masaj-pentru-piele-uscata-cactus-long-handle-brush\/","url":"https:\/\/shopatoa.com\/ro\/the-body-shop-perie-de-corp-pentru-masaj-pentru-piele-uscata-cactus-long-handle-brush\/","name":"The Body Shop Perie de corp pentru masaj pentru piele uscat\u0103 Cactus (Long Handle Brush) - SHOPATOA.COM","isPartOf":{"@id":"https:\/\/shopatoa.com\/ro\/#website"},"primaryImageOfPage":{"@id":"https:\/\/shopatoa.com\/ro\/the-body-shop-perie-de-corp-pentru-masaj-pentru-piele-uscata-cactus-long-handle-brush\/#primaryimage"},"image":{"@id":"https:\/\/shopatoa.com\/ro\/the-body-shop-perie-de-corp-pentru-masaj-pentru-piele-uscata-cactus-long-handle-brush\/#primaryimage"},"thumbnailUrl":"https:\/\/storage.googleapis.com\/cz-shopatoa-img\/ro\/2f65be8d-unnamed-file.webp","datePublished":"2025-04-30T11:15:12+00:00","dateModified":"2025-09-25T15:41:29+00:00","breadcrumb":{"@id":"https:\/\/shopatoa.com\/ro\/the-body-shop-perie-de-corp-pentru-masaj-pentru-piele-uscata-cactus-long-handle-brush\/#breadcrumb"},"inLanguage":"ro-RO","potentialAction":[{"@type":"ReadAction","target":["https:\/\/shopatoa.com\/ro\/the-body-shop-perie-de-corp-pentru-masaj-pentru-piele-uscata-cactus-long-handle-brush\/"]}]},{"@type":"ImageObject","inLanguage":"ro-RO","@id":"https:\/\/shopatoa.com\/ro\/the-body-shop-perie-de-corp-pentru-masaj-pentru-piele-uscata-cactus-long-handle-brush\/#primaryimage","url":"https:\/\/storage.googleapis.com\/cz-shopatoa-img\/ro\/2f65be8d-unnamed-file.webp","contentUrl":"https:\/\/storage.googleapis.com\/cz-shopatoa-img\/ro\/2f65be8d-unnamed-file.webp","width":800,"height":800},{"@type":"BreadcrumbList","@id":"https:\/\/shopatoa.com\/ro\/the-body-shop-perie-de-corp-pentru-masaj-pentru-piele-uscata-cactus-long-handle-brush\/#breadcrumb","itemListElement":[{"@type":"ListItem","position":1,"name":"Dom\u016f","item":"https:\/\/shopatoa.com\/ro\/"},{"@type":"ListItem","position":2,"name":"Shop","item":"https:\/\/shopatoa.com\/ro\/shop\/"},{"@type":"ListItem","position":3,"name":"Cosmetice","item":"https:\/\/shopatoa.com\/ro\/cosmetice\/"},{"@type":"ListItem","position":4,"name":"Produse cosmetice pentru corp","item":"https:\/\/shopatoa.com\/ro\/produse-cosmetice-pentru-corp\/"},{"@type":"ListItem","position":5,"name":"Dispozitive \u0219i preparate pentru masaj","item":"https:\/\/shopatoa.com\/ro\/dispozitive-si-preparate-pentru-masaj\/"},{"@type":"ListItem","position":6,"name":"Echipament pentru masaj","item":"https:\/\/shopatoa.com\/ro\/echipament-pentru-masaj\/"},{"@type":"ListItem","position":7,"name":"The Body Shop Perie de corp pentru masaj pentru piele uscat\u0103 Cactus (Long Handle Brush)"}]},{"@type":"WebSite","@id":"https:\/\/shopatoa.com\/ro\/#website","url":"https:\/\/shopatoa.com\/ro\/","name":"SHOPATOA","description":"","publisher":{"@id":"https:\/\/shopatoa.com\/ro\/#organization"},"potentialAction":[{"@type":"SearchAction","target":{"@type":"EntryPoint","urlTemplate":"https:\/\/shopatoa.com\/ro\/?s={search_term_string}"},"query-input":{"@type":"PropertyValueSpecification","valueRequired":true,"valueName":"search_term_string"}}],"inLanguage":"ro-RO"},{"@type":"Organization","@id":"https:\/\/shopatoa.com\/ro\/#organization","name":"SHOPATOA","url":"https:\/\/shopatoa.com\/ro\/","logo":{"@type":"ImageObject","inLanguage":"ro-RO","@id":"https:\/\/shopatoa.com\/ro\/#\/schema\/logo\/image\/","url":"https:\/\/storage.googleapis.com\/cz-shopatoa-img\/ro\/b4dac915-shopatoa_logo.png","contentUrl":"https:\/\/storage.googleapis.com\/cz-shopatoa-img\/ro\/b4dac915-shopatoa_logo.png","width":416,"height":63,"caption":"SHOPATOA"},"image":{"@id":"https:\/\/shopatoa.com\/ro\/#\/schema\/logo\/image\/"}}]}},"_links":{"self":[{"href":"https:\/\/shopatoa.com\/ro\/wp-json\/wp\/v2\/product\/278807","targetHints":{"allow":["GET"]}}],"collection":[{"href":"https:\/\/shopatoa.com\/ro\/wp-json\/wp\/v2\/product"}],"about":[{"href":"https:\/\/shopatoa.com\/ro\/wp-json\/wp\/v2\/types\/product"}],"replies":[{"embeddable":true,"href":"https:\/\/shopatoa.com\/ro\/wp-json\/wp\/v2\/comments?post=278807"}],"wp:featuredmedia":[{"embeddable":true,"href":"https:\/\/shopatoa.com\/ro\/wp-json\/wp\/v2\/media\/341890"}],"wp:attachment":[{"href":"https:\/\/shopatoa.com\/ro\/wp-json\/wp\/v2\/media?parent=278807"}],"wp:term":[{"taxonomy":"product_brand","embeddable":true,"href":"https:\/\/shopatoa.com\/ro\/wp-json\/wp\/v2\/product_brand?post=278807"},{"taxonomy":"product_cat","embeddable":true,"href":"https:\/\/shopatoa.com\/ro\/wp-json\/wp\/v2\/product_cat?post=278807"},{"taxonomy":"product_tag","embeddable":true,"href":"https:\/\/shopatoa.com\/ro\/wp-json\/wp\/v2\/product_tag?post=278807"}],"curies":[{"name":"wp","href":"https:\/\/api.w.org\/{rel}","templated":true}]}}