{"id":278809,"date":"2025-04-30T13:15:27","date_gmt":"2025-04-30T11:15:27","guid":{"rendered":"https:\/\/shopatoa.com\/ro\/shu-uemura-ser-de-noapte-pentru-par-ultimate-reset-overnight-serum-90-ml\/"},"modified":"2025-12-10T09:32:06","modified_gmt":"2025-12-10T08:32:06","slug":"shu-uemura-ser-de-noapte-pentru-par-ultimate-reset-overnight-serum-90-ml","status":"publish","type":"product","link":"https:\/\/shopatoa.com\/ro\/shu-uemura-ser-de-noapte-pentru-par-ultimate-reset-overnight-serum-90-ml\/","title":{"rendered":"Shu Uemura Ser de noapte pentru p\u0103r Ultimate Reset (Overnight Serum) 90 ml"},"content":{"rendered":"<p>Ser de p\u0103r de lux, care repar\u0103 profund deterior\u0103rile, red\u0103 for\u021ba, netezimea \u0219i str\u0103lucirea p\u0103rului \u00een timpul somnului. Datorit\u0103 extractului de orez japonez \u0219i peptidelor, ajut\u0103 la repararea daunelor cauzate de decolorare, vopsire, tratamente chimice \u0219i styling termic. Diminea\u021ba, p\u0103rul este mai puternic, mai flexibil, mai moale \u0219i vizibil mai s\u0103n\u0103tos, efectele dur\u00e2nd toat\u0103 ziua.<\/p>\n","protected":false},"excerpt":{"rendered":"<p>Ser de p\u0103r de lux, care repar\u0103 profund deterior\u0103rile, red\u0103 for\u021ba, netezimea \u0219i str\u0103lucirea p\u0103rului \u00een timpul somnului. Datorit\u0103 extractului de orez japonez \u0219i peptidelor, ajut\u0103 la repararea daunelor cauzate de decolorare, vopsire, tratamente chimice \u0219i styling termic. Diminea\u021ba, p\u0103rul este mai puternic, mai flexibil, mai moale \u0219i vizibil mai s\u0103n\u0103tos, efectele dur\u00e2nd toat\u0103 ziua.<\/p>\n","protected":false},"featured_media":341892,"comment_status":"closed","ping_status":"open","template":"","meta":{"_acf_changed":false,"_kadence_starter_templates_imported_post":false,"_kad_post_transparent":"","_kad_post_title":"","_kad_post_layout":"","_kad_post_sidebar_id":"","_kad_post_content_style":"","_kad_post_vertical_padding":"","_kad_post_feature":"","_kad_post_feature_position":"","_kad_post_header":false,"_kad_post_footer":false,"_kad_post_classname":""},"product_brand":[452],"product_cat":[680,246,623],"product_tag":[],"class_list":{"0":"post-278809","1":"product","2":"type-product","3":"status-publish","4":"has-post-thumbnail","6":"product_brand-shu-uemura","7":"product_cat-cosmetica-pentru-regenerarea-parului","8":"product_cat-cosmetice","9":"product_cat-produse-cosmetice-pentru-par","11":"first","12":"instock","13":"sale","14":"product-type-external","15":"entry","16":"content-bg","17":"loop-entry"},"acf":[],"yoast_head":"<!-- This site is optimized with the Yoast SEO plugin v27.4 - https:\/\/yoast.com\/product\/yoast-seo-wordpress\/ -->\n<title>Shu Uemura Ser de noapte pentru p\u0103r Ultimate Reset (Overnight Serum) 90 ml - SHOPATOA.COM<\/title>\n<meta name=\"robots\" content=\"index, follow, max-snippet:-1, max-image-preview:large, max-video-preview:-1\" \/>\n<link rel=\"canonical\" href=\"https:\/\/shopatoa.com\/ro\/shu-uemura-ser-de-noapte-pentru-par-ultimate-reset-overnight-serum-90-ml\/\" \/>\n<meta property=\"og:locale\" content=\"ro_RO\" \/>\n<meta property=\"og:type\" content=\"article\" \/>\n<meta property=\"og:title\" content=\"Shu Uemura Ser de noapte pentru p\u0103r Ultimate Reset (Overnight Serum) 90 ml - SHOPATOA.COM\" \/>\n<meta property=\"og:description\" content=\"Ser de p\u0103r de lux, care repar\u0103 profund deterior\u0103rile, red\u0103 for\u021ba, netezimea \u0219i str\u0103lucirea p\u0103rului \u00een timpul somnului. Datorit\u0103 extractului de orez japonez \u0219i peptidelor, ajut\u0103 la repararea daunelor cauzate de decolorare, vopsire, tratamente chimice \u0219i styling termic. Diminea\u021ba, p\u0103rul este mai puternic, mai flexibil, mai moale \u0219i vizibil mai s\u0103n\u0103tos, efectele dur\u00e2nd toat\u0103 ziua.\" \/>\n<meta property=\"og:url\" content=\"https:\/\/shopatoa.com\/ro\/shu-uemura-ser-de-noapte-pentru-par-ultimate-reset-overnight-serum-90-ml\/\" \/>\n<meta property=\"og:site_name\" content=\"SHOPATOA\" \/>\n<meta property=\"article:modified_time\" content=\"2025-12-10T08:32:06+00:00\" \/>\n<meta property=\"og:image\" content=\"https:\/\/storage.googleapis.com\/cz-shopatoa-img\/ro\/36e698f4-unnamed-file.webp\" \/>\n\t<meta property=\"og:image:width\" content=\"800\" \/>\n\t<meta property=\"og:image:height\" content=\"800\" \/>\n\t<meta property=\"og:image:type\" content=\"image\/webp\" \/>\n<meta name=\"twitter:card\" content=\"summary_large_image\" \/>\n<script type=\"application\/ld+json\" class=\"yoast-schema-graph\">{\"@context\":\"https:\\\/\\\/schema.org\",\"@graph\":[{\"@type\":\"WebPage\",\"@id\":\"https:\\\/\\\/shopatoa.com\\\/ro\\\/shu-uemura-ser-de-noapte-pentru-par-ultimate-reset-overnight-serum-90-ml\\\/\",\"url\":\"https:\\\/\\\/shopatoa.com\\\/ro\\\/shu-uemura-ser-de-noapte-pentru-par-ultimate-reset-overnight-serum-90-ml\\\/\",\"name\":\"Shu Uemura Ser de noapte pentru p\u0103r Ultimate Reset (Overnight Serum) 90 ml - SHOPATOA.COM\",\"isPartOf\":{\"@id\":\"https:\\\/\\\/shopatoa.com\\\/ro\\\/#website\"},\"primaryImageOfPage\":{\"@id\":\"https:\\\/\\\/shopatoa.com\\\/ro\\\/shu-uemura-ser-de-noapte-pentru-par-ultimate-reset-overnight-serum-90-ml\\\/#primaryimage\"},\"image\":{\"@id\":\"https:\\\/\\\/shopatoa.com\\\/ro\\\/shu-uemura-ser-de-noapte-pentru-par-ultimate-reset-overnight-serum-90-ml\\\/#primaryimage\"},\"thumbnailUrl\":\"https:\\\/\\\/storage.googleapis.com\\\/cz-shopatoa-img\\\/ro\\\/36e698f4-unnamed-file.webp\",\"datePublished\":\"2025-04-30T11:15:27+00:00\",\"dateModified\":\"2025-12-10T08:32:06+00:00\",\"breadcrumb\":{\"@id\":\"https:\\\/\\\/shopatoa.com\\\/ro\\\/shu-uemura-ser-de-noapte-pentru-par-ultimate-reset-overnight-serum-90-ml\\\/#breadcrumb\"},\"inLanguage\":\"ro-RO\",\"potentialAction\":[{\"@type\":\"ReadAction\",\"target\":[\"https:\\\/\\\/shopatoa.com\\\/ro\\\/shu-uemura-ser-de-noapte-pentru-par-ultimate-reset-overnight-serum-90-ml\\\/\"]}]},{\"@type\":\"ImageObject\",\"inLanguage\":\"ro-RO\",\"@id\":\"https:\\\/\\\/shopatoa.com\\\/ro\\\/shu-uemura-ser-de-noapte-pentru-par-ultimate-reset-overnight-serum-90-ml\\\/#primaryimage\",\"url\":\"https:\\\/\\\/storage.googleapis.com\\\/cz-shopatoa-img\\\/ro\\\/36e698f4-unnamed-file.webp\",\"contentUrl\":\"https:\\\/\\\/storage.googleapis.com\\\/cz-shopatoa-img\\\/ro\\\/36e698f4-unnamed-file.webp\",\"width\":800,\"height\":800},{\"@type\":\"BreadcrumbList\",\"@id\":\"https:\\\/\\\/shopatoa.com\\\/ro\\\/shu-uemura-ser-de-noapte-pentru-par-ultimate-reset-overnight-serum-90-ml\\\/#breadcrumb\",\"itemListElement\":[{\"@type\":\"ListItem\",\"position\":1,\"name\":\"Dom\u016f\",\"item\":\"https:\\\/\\\/shopatoa.com\\\/ro\\\/\"},{\"@type\":\"ListItem\",\"position\":2,\"name\":\"Shop\",\"item\":\"https:\\\/\\\/shopatoa.com\\\/ro\\\/shop\\\/\"},{\"@type\":\"ListItem\",\"position\":3,\"name\":\"Cosmetice\",\"item\":\"https:\\\/\\\/shopatoa.com\\\/ro\\\/cosmetice\\\/\"},{\"@type\":\"ListItem\",\"position\":4,\"name\":\"Produse cosmetice pentru p\u0103r\",\"item\":\"https:\\\/\\\/shopatoa.com\\\/ro\\\/produse-cosmetice-pentru-par\\\/\"},{\"@type\":\"ListItem\",\"position\":5,\"name\":\"Cosmetica pentru regenerarea parului\",\"item\":\"https:\\\/\\\/shopatoa.com\\\/ro\\\/cosmetica-pentru-regenerarea-parului\\\/\"},{\"@type\":\"ListItem\",\"position\":6,\"name\":\"Shu Uemura Ser de noapte pentru p\u0103r Ultimate Reset (Overnight Serum) 90 ml\"}]},{\"@type\":\"WebSite\",\"@id\":\"https:\\\/\\\/shopatoa.com\\\/ro\\\/#website\",\"url\":\"https:\\\/\\\/shopatoa.com\\\/ro\\\/\",\"name\":\"SHOPATOA\",\"description\":\"\",\"publisher\":{\"@id\":\"https:\\\/\\\/shopatoa.com\\\/ro\\\/#organization\"},\"potentialAction\":[{\"@type\":\"SearchAction\",\"target\":{\"@type\":\"EntryPoint\",\"urlTemplate\":\"https:\\\/\\\/shopatoa.com\\\/ro\\\/?s={search_term_string}\"},\"query-input\":{\"@type\":\"PropertyValueSpecification\",\"valueRequired\":true,\"valueName\":\"search_term_string\"}}],\"inLanguage\":\"ro-RO\"},{\"@type\":\"Organization\",\"@id\":\"https:\\\/\\\/shopatoa.com\\\/ro\\\/#organization\",\"name\":\"SHOPATOA\",\"url\":\"https:\\\/\\\/shopatoa.com\\\/ro\\\/\",\"logo\":{\"@type\":\"ImageObject\",\"inLanguage\":\"ro-RO\",\"@id\":\"https:\\\/\\\/shopatoa.com\\\/ro\\\/#\\\/schema\\\/logo\\\/image\\\/\",\"url\":\"https:\\\/\\\/storage.googleapis.com\\\/cz-shopatoa-img\\\/ro\\\/b4dac915-shopatoa_logo.png\",\"contentUrl\":\"https:\\\/\\\/storage.googleapis.com\\\/cz-shopatoa-img\\\/ro\\\/b4dac915-shopatoa_logo.png\",\"width\":416,\"height\":63,\"caption\":\"SHOPATOA\"},\"image\":{\"@id\":\"https:\\\/\\\/shopatoa.com\\\/ro\\\/#\\\/schema\\\/logo\\\/image\\\/\"}}]}<\/script>\n<!-- \/ Yoast SEO plugin. -->","yoast_head_json":{"title":"Shu Uemura Ser de noapte pentru p\u0103r Ultimate Reset (Overnight Serum) 90 ml - SHOPATOA.COM","robots":{"index":"index","follow":"follow","max-snippet":"max-snippet:-1","max-image-preview":"max-image-preview:large","max-video-preview":"max-video-preview:-1"},"canonical":"https:\/\/shopatoa.com\/ro\/shu-uemura-ser-de-noapte-pentru-par-ultimate-reset-overnight-serum-90-ml\/","og_locale":"ro_RO","og_type":"article","og_title":"Shu Uemura Ser de noapte pentru p\u0103r Ultimate Reset (Overnight Serum) 90 ml - SHOPATOA.COM","og_description":"Ser de p\u0103r de lux, care repar\u0103 profund deterior\u0103rile, red\u0103 for\u021ba, netezimea \u0219i str\u0103lucirea p\u0103rului \u00een timpul somnului. Datorit\u0103 extractului de orez japonez \u0219i peptidelor, ajut\u0103 la repararea daunelor cauzate de decolorare, vopsire, tratamente chimice \u0219i styling termic. Diminea\u021ba, p\u0103rul este mai puternic, mai flexibil, mai moale \u0219i vizibil mai s\u0103n\u0103tos, efectele dur\u00e2nd toat\u0103 ziua.","og_url":"https:\/\/shopatoa.com\/ro\/shu-uemura-ser-de-noapte-pentru-par-ultimate-reset-overnight-serum-90-ml\/","og_site_name":"SHOPATOA","article_modified_time":"2025-12-10T08:32:06+00:00","og_image":[{"width":800,"height":800,"url":"https:\/\/storage.googleapis.com\/cz-shopatoa-img\/ro\/36e698f4-unnamed-file.webp","type":"image\/webp"}],"twitter_card":"summary_large_image","schema":{"@context":"https:\/\/schema.org","@graph":[{"@type":"WebPage","@id":"https:\/\/shopatoa.com\/ro\/shu-uemura-ser-de-noapte-pentru-par-ultimate-reset-overnight-serum-90-ml\/","url":"https:\/\/shopatoa.com\/ro\/shu-uemura-ser-de-noapte-pentru-par-ultimate-reset-overnight-serum-90-ml\/","name":"Shu Uemura Ser de noapte pentru p\u0103r Ultimate Reset (Overnight Serum) 90 ml - SHOPATOA.COM","isPartOf":{"@id":"https:\/\/shopatoa.com\/ro\/#website"},"primaryImageOfPage":{"@id":"https:\/\/shopatoa.com\/ro\/shu-uemura-ser-de-noapte-pentru-par-ultimate-reset-overnight-serum-90-ml\/#primaryimage"},"image":{"@id":"https:\/\/shopatoa.com\/ro\/shu-uemura-ser-de-noapte-pentru-par-ultimate-reset-overnight-serum-90-ml\/#primaryimage"},"thumbnailUrl":"https:\/\/storage.googleapis.com\/cz-shopatoa-img\/ro\/36e698f4-unnamed-file.webp","datePublished":"2025-04-30T11:15:27+00:00","dateModified":"2025-12-10T08:32:06+00:00","breadcrumb":{"@id":"https:\/\/shopatoa.com\/ro\/shu-uemura-ser-de-noapte-pentru-par-ultimate-reset-overnight-serum-90-ml\/#breadcrumb"},"inLanguage":"ro-RO","potentialAction":[{"@type":"ReadAction","target":["https:\/\/shopatoa.com\/ro\/shu-uemura-ser-de-noapte-pentru-par-ultimate-reset-overnight-serum-90-ml\/"]}]},{"@type":"ImageObject","inLanguage":"ro-RO","@id":"https:\/\/shopatoa.com\/ro\/shu-uemura-ser-de-noapte-pentru-par-ultimate-reset-overnight-serum-90-ml\/#primaryimage","url":"https:\/\/storage.googleapis.com\/cz-shopatoa-img\/ro\/36e698f4-unnamed-file.webp","contentUrl":"https:\/\/storage.googleapis.com\/cz-shopatoa-img\/ro\/36e698f4-unnamed-file.webp","width":800,"height":800},{"@type":"BreadcrumbList","@id":"https:\/\/shopatoa.com\/ro\/shu-uemura-ser-de-noapte-pentru-par-ultimate-reset-overnight-serum-90-ml\/#breadcrumb","itemListElement":[{"@type":"ListItem","position":1,"name":"Dom\u016f","item":"https:\/\/shopatoa.com\/ro\/"},{"@type":"ListItem","position":2,"name":"Shop","item":"https:\/\/shopatoa.com\/ro\/shop\/"},{"@type":"ListItem","position":3,"name":"Cosmetice","item":"https:\/\/shopatoa.com\/ro\/cosmetice\/"},{"@type":"ListItem","position":4,"name":"Produse cosmetice pentru p\u0103r","item":"https:\/\/shopatoa.com\/ro\/produse-cosmetice-pentru-par\/"},{"@type":"ListItem","position":5,"name":"Cosmetica pentru regenerarea parului","item":"https:\/\/shopatoa.com\/ro\/cosmetica-pentru-regenerarea-parului\/"},{"@type":"ListItem","position":6,"name":"Shu Uemura Ser de noapte pentru p\u0103r Ultimate Reset (Overnight Serum) 90 ml"}]},{"@type":"WebSite","@id":"https:\/\/shopatoa.com\/ro\/#website","url":"https:\/\/shopatoa.com\/ro\/","name":"SHOPATOA","description":"","publisher":{"@id":"https:\/\/shopatoa.com\/ro\/#organization"},"potentialAction":[{"@type":"SearchAction","target":{"@type":"EntryPoint","urlTemplate":"https:\/\/shopatoa.com\/ro\/?s={search_term_string}"},"query-input":{"@type":"PropertyValueSpecification","valueRequired":true,"valueName":"search_term_string"}}],"inLanguage":"ro-RO"},{"@type":"Organization","@id":"https:\/\/shopatoa.com\/ro\/#organization","name":"SHOPATOA","url":"https:\/\/shopatoa.com\/ro\/","logo":{"@type":"ImageObject","inLanguage":"ro-RO","@id":"https:\/\/shopatoa.com\/ro\/#\/schema\/logo\/image\/","url":"https:\/\/storage.googleapis.com\/cz-shopatoa-img\/ro\/b4dac915-shopatoa_logo.png","contentUrl":"https:\/\/storage.googleapis.com\/cz-shopatoa-img\/ro\/b4dac915-shopatoa_logo.png","width":416,"height":63,"caption":"SHOPATOA"},"image":{"@id":"https:\/\/shopatoa.com\/ro\/#\/schema\/logo\/image\/"}}]}},"_links":{"self":[{"href":"https:\/\/shopatoa.com\/ro\/wp-json\/wp\/v2\/product\/278809","targetHints":{"allow":["GET"]}}],"collection":[{"href":"https:\/\/shopatoa.com\/ro\/wp-json\/wp\/v2\/product"}],"about":[{"href":"https:\/\/shopatoa.com\/ro\/wp-json\/wp\/v2\/types\/product"}],"replies":[{"embeddable":true,"href":"https:\/\/shopatoa.com\/ro\/wp-json\/wp\/v2\/comments?post=278809"}],"wp:featuredmedia":[{"embeddable":true,"href":"https:\/\/shopatoa.com\/ro\/wp-json\/wp\/v2\/media\/341892"}],"wp:attachment":[{"href":"https:\/\/shopatoa.com\/ro\/wp-json\/wp\/v2\/media?parent=278809"}],"wp:term":[{"taxonomy":"product_brand","embeddable":true,"href":"https:\/\/shopatoa.com\/ro\/wp-json\/wp\/v2\/product_brand?post=278809"},{"taxonomy":"product_cat","embeddable":true,"href":"https:\/\/shopatoa.com\/ro\/wp-json\/wp\/v2\/product_cat?post=278809"},{"taxonomy":"product_tag","embeddable":true,"href":"https:\/\/shopatoa.com\/ro\/wp-json\/wp\/v2\/product_tag?post=278809"}],"curies":[{"name":"wp","href":"https:\/\/api.w.org\/{rel}","templated":true}]}}