{"id":279288,"date":"2025-04-30T15:56:18","date_gmt":"2025-04-30T13:56:18","guid":{"rendered":"https:\/\/shopatoa.com\/ro\/tigi-bed-head-par-foxy-curls-contour-cream-200-ml\/"},"modified":"2025-12-11T19:26:19","modified_gmt":"2025-12-11T18:26:19","slug":"tigi-bed-head-par-foxy-curls-contour-cream-200-ml","status":"publish","type":"product","link":"https:\/\/shopatoa.com\/ro\/tigi-bed-head-par-foxy-curls-contour-cream-200-ml\/","title":{"rendered":"Tigi Bed Head p\u0103r Foxy Curls (Contour Cream) 200 ml"},"content":{"rendered":"<p>Crema de par pentru definirea Bed Head Foxy Curl s define\u0219te perfect valurile \u0219i buclele individuale. Aceast\u0103 crem\u0103 de \u00eengrijire \u0219i de \u00eengrijire protejeaz\u0103 p\u0103rul curul \u0219i curulat de umiditate, electrificare \u0219i incinerare timp de p\u00e2n\u0103 la 72 de ore. \u00ce\u021bi va da p\u0103rului un volum nea\u0219teptat! Substan\u021be active: ulei de silicon &#8211; \u00eembun\u0103t\u0103\u021be\u0219te aspectul p\u0103rului deteriorat, adaug\u0103 str\u0103lucire, polimeri de styling &#8211; coafura c\u00e2nt\u00e2nd \u0219i protej\u00e2nd \u00eempotriva umezelii.<\/p>\n","protected":false},"excerpt":{"rendered":"<p>Crema de par pentru definirea Bed Head Foxy Curl s define\u0219te perfect valurile \u0219i buclele individuale. Aceast\u0103 crem\u0103 de \u00eengrijire \u0219i de \u00eengrijire protejeaz\u0103 p\u0103rul curul \u0219i curulat de umiditate, electrificare \u0219i incinerare timp de p\u00e2n\u0103 la 72 de ore. \u00ce\u021bi va da p\u0103rului un volum nea\u0219teptat! Substan\u021be active: ulei de silicon &#8211; \u00eembun\u0103t\u0103\u021be\u0219te aspectul&#8230;<\/p>\n","protected":false},"featured_media":279289,"comment_status":"closed","ping_status":"open","template":"","meta":{"_acf_changed":false,"_kadence_starter_templates_imported_post":false,"_kad_post_transparent":"","_kad_post_title":"","_kad_post_layout":"","_kad_post_sidebar_id":"","_kad_post_content_style":"","_kad_post_vertical_padding":"","_kad_post_feature":"","_kad_post_feature_position":"","_kad_post_header":false,"_kad_post_footer":false,"_kad_post_classname":""},"product_brand":[593],"product_cat":[246,667,623],"product_tag":[],"class_list":{"0":"post-279288","1":"product","2":"type-product","3":"status-publish","4":"has-post-thumbnail","6":"product_brand-tigi","7":"product_cat-cosmetice","8":"product_cat-produse-cosmetice-de-styling","9":"product_cat-produse-cosmetice-pentru-par","11":"first","12":"instock","13":"sale","14":"product-type-external","15":"entry","16":"content-bg","17":"loop-entry"},"acf":[],"yoast_head":"<!-- This site is optimized with the Yoast SEO plugin v27.4 - https:\/\/yoast.com\/product\/yoast-seo-wordpress\/ -->\n<title>Tigi Bed Head p\u0103r Foxy Curls (Contour Cream) 200 ml - SHOPATOA.COM<\/title>\n<meta name=\"robots\" content=\"index, follow, max-snippet:-1, max-image-preview:large, max-video-preview:-1\" \/>\n<link rel=\"canonical\" href=\"https:\/\/shopatoa.com\/ro\/tigi-bed-head-par-foxy-curls-contour-cream-200-ml\/\" \/>\n<meta property=\"og:locale\" content=\"ro_RO\" \/>\n<meta property=\"og:type\" content=\"article\" \/>\n<meta property=\"og:title\" content=\"Tigi Bed Head p\u0103r Foxy Curls (Contour Cream) 200 ml - SHOPATOA.COM\" \/>\n<meta property=\"og:description\" content=\"Crema de par pentru definirea Bed Head Foxy Curl s define\u0219te perfect valurile \u0219i buclele individuale. Aceast\u0103 crem\u0103 de \u00eengrijire \u0219i de \u00eengrijire protejeaz\u0103 p\u0103rul curul \u0219i curulat de umiditate, electrificare \u0219i incinerare timp de p\u00e2n\u0103 la 72 de ore. \u00ce\u021bi va da p\u0103rului un volum nea\u0219teptat! Substan\u021be active: ulei de silicon &#8211; \u00eembun\u0103t\u0103\u021be\u0219te aspectul...\" \/>\n<meta property=\"og:url\" content=\"https:\/\/shopatoa.com\/ro\/tigi-bed-head-par-foxy-curls-contour-cream-200-ml\/\" \/>\n<meta property=\"og:site_name\" content=\"SHOPATOA\" \/>\n<meta property=\"article:modified_time\" content=\"2025-12-11T18:26:19+00:00\" \/>\n<meta property=\"og:image\" content=\"https:\/\/storage.googleapis.com\/cz-shopatoa-img\/ro\/46dc3263-unnamed-file.webp\" \/>\n\t<meta property=\"og:image:width\" content=\"800\" \/>\n\t<meta property=\"og:image:height\" content=\"800\" \/>\n\t<meta property=\"og:image:type\" content=\"image\/webp\" \/>\n<meta name=\"twitter:card\" content=\"summary_large_image\" \/>\n<script type=\"application\/ld+json\" class=\"yoast-schema-graph\">{\"@context\":\"https:\\\/\\\/schema.org\",\"@graph\":[{\"@type\":\"WebPage\",\"@id\":\"https:\\\/\\\/shopatoa.com\\\/ro\\\/tigi-bed-head-par-foxy-curls-contour-cream-200-ml\\\/\",\"url\":\"https:\\\/\\\/shopatoa.com\\\/ro\\\/tigi-bed-head-par-foxy-curls-contour-cream-200-ml\\\/\",\"name\":\"Tigi Bed Head p\u0103r Foxy Curls (Contour Cream) 200 ml - SHOPATOA.COM\",\"isPartOf\":{\"@id\":\"https:\\\/\\\/shopatoa.com\\\/ro\\\/#website\"},\"primaryImageOfPage\":{\"@id\":\"https:\\\/\\\/shopatoa.com\\\/ro\\\/tigi-bed-head-par-foxy-curls-contour-cream-200-ml\\\/#primaryimage\"},\"image\":{\"@id\":\"https:\\\/\\\/shopatoa.com\\\/ro\\\/tigi-bed-head-par-foxy-curls-contour-cream-200-ml\\\/#primaryimage\"},\"thumbnailUrl\":\"https:\\\/\\\/storage.googleapis.com\\\/cz-shopatoa-img\\\/ro\\\/46dc3263-unnamed-file.webp\",\"datePublished\":\"2025-04-30T13:56:18+00:00\",\"dateModified\":\"2025-12-11T18:26:19+00:00\",\"breadcrumb\":{\"@id\":\"https:\\\/\\\/shopatoa.com\\\/ro\\\/tigi-bed-head-par-foxy-curls-contour-cream-200-ml\\\/#breadcrumb\"},\"inLanguage\":\"ro-RO\",\"potentialAction\":[{\"@type\":\"ReadAction\",\"target\":[\"https:\\\/\\\/shopatoa.com\\\/ro\\\/tigi-bed-head-par-foxy-curls-contour-cream-200-ml\\\/\"]}]},{\"@type\":\"ImageObject\",\"inLanguage\":\"ro-RO\",\"@id\":\"https:\\\/\\\/shopatoa.com\\\/ro\\\/tigi-bed-head-par-foxy-curls-contour-cream-200-ml\\\/#primaryimage\",\"url\":\"https:\\\/\\\/storage.googleapis.com\\\/cz-shopatoa-img\\\/ro\\\/46dc3263-unnamed-file.webp\",\"contentUrl\":\"https:\\\/\\\/storage.googleapis.com\\\/cz-shopatoa-img\\\/ro\\\/46dc3263-unnamed-file.webp\",\"width\":800,\"height\":800},{\"@type\":\"BreadcrumbList\",\"@id\":\"https:\\\/\\\/shopatoa.com\\\/ro\\\/tigi-bed-head-par-foxy-curls-contour-cream-200-ml\\\/#breadcrumb\",\"itemListElement\":[{\"@type\":\"ListItem\",\"position\":1,\"name\":\"Dom\u016f\",\"item\":\"https:\\\/\\\/shopatoa.com\\\/ro\\\/\"},{\"@type\":\"ListItem\",\"position\":2,\"name\":\"Shop\",\"item\":\"https:\\\/\\\/shopatoa.com\\\/ro\\\/shop\\\/\"},{\"@type\":\"ListItem\",\"position\":3,\"name\":\"Cosmetice\",\"item\":\"https:\\\/\\\/shopatoa.com\\\/ro\\\/cosmetice\\\/\"},{\"@type\":\"ListItem\",\"position\":4,\"name\":\"Produse cosmetice pentru p\u0103r\",\"item\":\"https:\\\/\\\/shopatoa.com\\\/ro\\\/produse-cosmetice-pentru-par\\\/\"},{\"@type\":\"ListItem\",\"position\":5,\"name\":\"Produse cosmetice de styling\",\"item\":\"https:\\\/\\\/shopatoa.com\\\/ro\\\/produse-cosmetice-de-styling\\\/\"},{\"@type\":\"ListItem\",\"position\":6,\"name\":\"Tigi Bed Head p\u0103r Foxy Curls (Contour Cream) 200 ml\"}]},{\"@type\":\"WebSite\",\"@id\":\"https:\\\/\\\/shopatoa.com\\\/ro\\\/#website\",\"url\":\"https:\\\/\\\/shopatoa.com\\\/ro\\\/\",\"name\":\"SHOPATOA\",\"description\":\"\",\"publisher\":{\"@id\":\"https:\\\/\\\/shopatoa.com\\\/ro\\\/#organization\"},\"potentialAction\":[{\"@type\":\"SearchAction\",\"target\":{\"@type\":\"EntryPoint\",\"urlTemplate\":\"https:\\\/\\\/shopatoa.com\\\/ro\\\/?s={search_term_string}\"},\"query-input\":{\"@type\":\"PropertyValueSpecification\",\"valueRequired\":true,\"valueName\":\"search_term_string\"}}],\"inLanguage\":\"ro-RO\"},{\"@type\":\"Organization\",\"@id\":\"https:\\\/\\\/shopatoa.com\\\/ro\\\/#organization\",\"name\":\"SHOPATOA\",\"url\":\"https:\\\/\\\/shopatoa.com\\\/ro\\\/\",\"logo\":{\"@type\":\"ImageObject\",\"inLanguage\":\"ro-RO\",\"@id\":\"https:\\\/\\\/shopatoa.com\\\/ro\\\/#\\\/schema\\\/logo\\\/image\\\/\",\"url\":\"https:\\\/\\\/storage.googleapis.com\\\/cz-shopatoa-img\\\/ro\\\/b4dac915-shopatoa_logo.png\",\"contentUrl\":\"https:\\\/\\\/storage.googleapis.com\\\/cz-shopatoa-img\\\/ro\\\/b4dac915-shopatoa_logo.png\",\"width\":416,\"height\":63,\"caption\":\"SHOPATOA\"},\"image\":{\"@id\":\"https:\\\/\\\/shopatoa.com\\\/ro\\\/#\\\/schema\\\/logo\\\/image\\\/\"}}]}<\/script>\n<!-- \/ Yoast SEO plugin. -->","yoast_head_json":{"title":"Tigi Bed Head p\u0103r Foxy Curls (Contour Cream) 200 ml - SHOPATOA.COM","robots":{"index":"index","follow":"follow","max-snippet":"max-snippet:-1","max-image-preview":"max-image-preview:large","max-video-preview":"max-video-preview:-1"},"canonical":"https:\/\/shopatoa.com\/ro\/tigi-bed-head-par-foxy-curls-contour-cream-200-ml\/","og_locale":"ro_RO","og_type":"article","og_title":"Tigi Bed Head p\u0103r Foxy Curls (Contour Cream) 200 ml - SHOPATOA.COM","og_description":"Crema de par pentru definirea Bed Head Foxy Curl s define\u0219te perfect valurile \u0219i buclele individuale. Aceast\u0103 crem\u0103 de \u00eengrijire \u0219i de \u00eengrijire protejeaz\u0103 p\u0103rul curul \u0219i curulat de umiditate, electrificare \u0219i incinerare timp de p\u00e2n\u0103 la 72 de ore. \u00ce\u021bi va da p\u0103rului un volum nea\u0219teptat! Substan\u021be active: ulei de silicon &#8211; \u00eembun\u0103t\u0103\u021be\u0219te aspectul...","og_url":"https:\/\/shopatoa.com\/ro\/tigi-bed-head-par-foxy-curls-contour-cream-200-ml\/","og_site_name":"SHOPATOA","article_modified_time":"2025-12-11T18:26:19+00:00","og_image":[{"width":800,"height":800,"url":"https:\/\/storage.googleapis.com\/cz-shopatoa-img\/ro\/46dc3263-unnamed-file.webp","type":"image\/webp"}],"twitter_card":"summary_large_image","schema":{"@context":"https:\/\/schema.org","@graph":[{"@type":"WebPage","@id":"https:\/\/shopatoa.com\/ro\/tigi-bed-head-par-foxy-curls-contour-cream-200-ml\/","url":"https:\/\/shopatoa.com\/ro\/tigi-bed-head-par-foxy-curls-contour-cream-200-ml\/","name":"Tigi Bed Head p\u0103r Foxy Curls (Contour Cream) 200 ml - SHOPATOA.COM","isPartOf":{"@id":"https:\/\/shopatoa.com\/ro\/#website"},"primaryImageOfPage":{"@id":"https:\/\/shopatoa.com\/ro\/tigi-bed-head-par-foxy-curls-contour-cream-200-ml\/#primaryimage"},"image":{"@id":"https:\/\/shopatoa.com\/ro\/tigi-bed-head-par-foxy-curls-contour-cream-200-ml\/#primaryimage"},"thumbnailUrl":"https:\/\/storage.googleapis.com\/cz-shopatoa-img\/ro\/46dc3263-unnamed-file.webp","datePublished":"2025-04-30T13:56:18+00:00","dateModified":"2025-12-11T18:26:19+00:00","breadcrumb":{"@id":"https:\/\/shopatoa.com\/ro\/tigi-bed-head-par-foxy-curls-contour-cream-200-ml\/#breadcrumb"},"inLanguage":"ro-RO","potentialAction":[{"@type":"ReadAction","target":["https:\/\/shopatoa.com\/ro\/tigi-bed-head-par-foxy-curls-contour-cream-200-ml\/"]}]},{"@type":"ImageObject","inLanguage":"ro-RO","@id":"https:\/\/shopatoa.com\/ro\/tigi-bed-head-par-foxy-curls-contour-cream-200-ml\/#primaryimage","url":"https:\/\/storage.googleapis.com\/cz-shopatoa-img\/ro\/46dc3263-unnamed-file.webp","contentUrl":"https:\/\/storage.googleapis.com\/cz-shopatoa-img\/ro\/46dc3263-unnamed-file.webp","width":800,"height":800},{"@type":"BreadcrumbList","@id":"https:\/\/shopatoa.com\/ro\/tigi-bed-head-par-foxy-curls-contour-cream-200-ml\/#breadcrumb","itemListElement":[{"@type":"ListItem","position":1,"name":"Dom\u016f","item":"https:\/\/shopatoa.com\/ro\/"},{"@type":"ListItem","position":2,"name":"Shop","item":"https:\/\/shopatoa.com\/ro\/shop\/"},{"@type":"ListItem","position":3,"name":"Cosmetice","item":"https:\/\/shopatoa.com\/ro\/cosmetice\/"},{"@type":"ListItem","position":4,"name":"Produse cosmetice pentru p\u0103r","item":"https:\/\/shopatoa.com\/ro\/produse-cosmetice-pentru-par\/"},{"@type":"ListItem","position":5,"name":"Produse cosmetice de styling","item":"https:\/\/shopatoa.com\/ro\/produse-cosmetice-de-styling\/"},{"@type":"ListItem","position":6,"name":"Tigi Bed Head p\u0103r Foxy Curls (Contour Cream) 200 ml"}]},{"@type":"WebSite","@id":"https:\/\/shopatoa.com\/ro\/#website","url":"https:\/\/shopatoa.com\/ro\/","name":"SHOPATOA","description":"","publisher":{"@id":"https:\/\/shopatoa.com\/ro\/#organization"},"potentialAction":[{"@type":"SearchAction","target":{"@type":"EntryPoint","urlTemplate":"https:\/\/shopatoa.com\/ro\/?s={search_term_string}"},"query-input":{"@type":"PropertyValueSpecification","valueRequired":true,"valueName":"search_term_string"}}],"inLanguage":"ro-RO"},{"@type":"Organization","@id":"https:\/\/shopatoa.com\/ro\/#organization","name":"SHOPATOA","url":"https:\/\/shopatoa.com\/ro\/","logo":{"@type":"ImageObject","inLanguage":"ro-RO","@id":"https:\/\/shopatoa.com\/ro\/#\/schema\/logo\/image\/","url":"https:\/\/storage.googleapis.com\/cz-shopatoa-img\/ro\/b4dac915-shopatoa_logo.png","contentUrl":"https:\/\/storage.googleapis.com\/cz-shopatoa-img\/ro\/b4dac915-shopatoa_logo.png","width":416,"height":63,"caption":"SHOPATOA"},"image":{"@id":"https:\/\/shopatoa.com\/ro\/#\/schema\/logo\/image\/"}}]}},"_links":{"self":[{"href":"https:\/\/shopatoa.com\/ro\/wp-json\/wp\/v2\/product\/279288","targetHints":{"allow":["GET"]}}],"collection":[{"href":"https:\/\/shopatoa.com\/ro\/wp-json\/wp\/v2\/product"}],"about":[{"href":"https:\/\/shopatoa.com\/ro\/wp-json\/wp\/v2\/types\/product"}],"replies":[{"embeddable":true,"href":"https:\/\/shopatoa.com\/ro\/wp-json\/wp\/v2\/comments?post=279288"}],"wp:featuredmedia":[{"embeddable":true,"href":"https:\/\/shopatoa.com\/ro\/wp-json\/wp\/v2\/media\/279289"}],"wp:attachment":[{"href":"https:\/\/shopatoa.com\/ro\/wp-json\/wp\/v2\/media?parent=279288"}],"wp:term":[{"taxonomy":"product_brand","embeddable":true,"href":"https:\/\/shopatoa.com\/ro\/wp-json\/wp\/v2\/product_brand?post=279288"},{"taxonomy":"product_cat","embeddable":true,"href":"https:\/\/shopatoa.com\/ro\/wp-json\/wp\/v2\/product_cat?post=279288"},{"taxonomy":"product_tag","embeddable":true,"href":"https:\/\/shopatoa.com\/ro\/wp-json\/wp\/v2\/product_tag?post=279288"}],"curies":[{"name":"wp","href":"https:\/\/api.w.org\/{rel}","templated":true}]}}