{"id":279481,"date":"2025-04-30T16:41:15","date_gmt":"2025-04-30T14:41:15","guid":{"rendered":"https:\/\/shopatoa.com\/ro\/percy-nobleman-gel-de-curatare-pentru-fata-si-barba-face-stubble-wash-75-ml\/"},"modified":"2025-09-27T13:01:54","modified_gmt":"2025-09-27T11:01:54","slug":"percy-nobleman-gel-de-curatare-pentru-fata-si-barba-face-stubble-wash-75-ml","status":"publish","type":"product","link":"https:\/\/shopatoa.com\/ro\/percy-nobleman-gel-de-curatare-pentru-fata-si-barba-face-stubble-wash-75-ml\/","title":{"rendered":"Percy Nobleman Gel de cur\u0103\u021bare pentru fa\u021b\u0103 \u0219i barb\u0103 (Face &amp; Stubble Wash) 75 ml"},"content":{"rendered":"<p>Cur\u0103\u021b\u0103 u\u0219or, \u00eenmoaie barba \u0219i calmeaz\u0103 pielea. Con\u021bine agen\u021bi de cur\u0103\u021bare naturali ob\u021binu\u021bi din nuci de cocos \u0219i glicerin\u0103, care asigur\u0103 hidratarea necesar\u0103. Cu un parfum r\u0103coritor de ment\u0103 \u0219i castravete, pentru o senza\u021bie unic\u0103 de prospe\u021bime pe tot parcursul zilei. Volum: 75ml<\/p>\n","protected":false},"excerpt":{"rendered":"<p>Cur\u0103\u021b\u0103 u\u0219or, \u00eenmoaie barba \u0219i calmeaz\u0103 pielea. Con\u021bine agen\u021bi de cur\u0103\u021bare naturali ob\u021binu\u021bi din nuci de cocos \u0219i glicerin\u0103, care asigur\u0103 hidratarea necesar\u0103. Cu un parfum r\u0103coritor de ment\u0103 \u0219i castravete, pentru o senza\u021bie unic\u0103 de prospe\u021bime pe tot parcursul zilei. Volum: 75ml<\/p>\n","protected":false},"featured_media":279483,"comment_status":"closed","ping_status":"open","template":"","meta":{"_acf_changed":false,"_kadence_starter_templates_imported_post":false,"_kad_post_transparent":"","_kad_post_title":"","_kad_post_layout":"","_kad_post_sidebar_id":"","_kad_post_content_style":"","_kad_post_vertical_padding":"","_kad_post_feature":"","_kad_post_feature_position":"","_kad_post_header":false,"_kad_post_footer":false,"_kad_post_classname":""},"product_brand":[1054],"product_cat":[670,721,246],"product_tag":[],"class_list":{"0":"post-279481","1":"product","2":"type-product","3":"status-publish","4":"has-post-thumbnail","6":"product_brand-percy-nobleman","7":"product_cat-barber-shop","8":"product_cat-barber-shop-ingrijirea-barbilor","9":"product_cat-cosmetice","11":"first","12":"instock","13":"product-type-external","14":"entry","15":"content-bg","16":"loop-entry"},"acf":[],"yoast_head":"<!-- This site is optimized with the Yoast SEO plugin v27.4 - https:\/\/yoast.com\/product\/yoast-seo-wordpress\/ -->\n<title>Percy Nobleman Gel de cur\u0103\u021bare pentru fa\u021b\u0103 \u0219i barb\u0103 (Face &amp; Stubble Wash) 75 ml - SHOPATOA.COM<\/title>\n<meta name=\"robots\" content=\"index, follow, max-snippet:-1, max-image-preview:large, max-video-preview:-1\" \/>\n<link rel=\"canonical\" href=\"https:\/\/shopatoa.com\/ro\/percy-nobleman-gel-de-curatare-pentru-fata-si-barba-face-stubble-wash-75-ml\/\" \/>\n<meta property=\"og:locale\" content=\"ro_RO\" \/>\n<meta property=\"og:type\" content=\"article\" \/>\n<meta property=\"og:title\" content=\"Percy Nobleman Gel de cur\u0103\u021bare pentru fa\u021b\u0103 \u0219i barb\u0103 (Face &amp; Stubble Wash) 75 ml - SHOPATOA.COM\" \/>\n<meta property=\"og:description\" content=\"Cur\u0103\u021b\u0103 u\u0219or, \u00eenmoaie barba \u0219i calmeaz\u0103 pielea. Con\u021bine agen\u021bi de cur\u0103\u021bare naturali ob\u021binu\u021bi din nuci de cocos \u0219i glicerin\u0103, care asigur\u0103 hidratarea necesar\u0103. Cu un parfum r\u0103coritor de ment\u0103 \u0219i castravete, pentru o senza\u021bie unic\u0103 de prospe\u021bime pe tot parcursul zilei. Volum: 75ml\" \/>\n<meta property=\"og:url\" content=\"https:\/\/shopatoa.com\/ro\/percy-nobleman-gel-de-curatare-pentru-fata-si-barba-face-stubble-wash-75-ml\/\" \/>\n<meta property=\"og:site_name\" content=\"SHOPATOA\" \/>\n<meta property=\"article:modified_time\" content=\"2025-09-27T11:01:54+00:00\" \/>\n<meta property=\"og:image\" content=\"https:\/\/storage.googleapis.com\/cz-shopatoa-img\/ro\/f074ee29-unnamed-file.webp\" \/>\n\t<meta property=\"og:image:width\" content=\"800\" \/>\n\t<meta property=\"og:image:height\" content=\"800\" \/>\n\t<meta property=\"og:image:type\" content=\"image\/webp\" \/>\n<meta name=\"twitter:card\" content=\"summary_large_image\" \/>\n<script type=\"application\/ld+json\" class=\"yoast-schema-graph\">{\"@context\":\"https:\\\/\\\/schema.org\",\"@graph\":[{\"@type\":\"WebPage\",\"@id\":\"https:\\\/\\\/shopatoa.com\\\/ro\\\/percy-nobleman-gel-de-curatare-pentru-fata-si-barba-face-stubble-wash-75-ml\\\/\",\"url\":\"https:\\\/\\\/shopatoa.com\\\/ro\\\/percy-nobleman-gel-de-curatare-pentru-fata-si-barba-face-stubble-wash-75-ml\\\/\",\"name\":\"Percy Nobleman Gel de cur\u0103\u021bare pentru fa\u021b\u0103 \u0219i barb\u0103 (Face & Stubble Wash) 75 ml - SHOPATOA.COM\",\"isPartOf\":{\"@id\":\"https:\\\/\\\/shopatoa.com\\\/ro\\\/#website\"},\"primaryImageOfPage\":{\"@id\":\"https:\\\/\\\/shopatoa.com\\\/ro\\\/percy-nobleman-gel-de-curatare-pentru-fata-si-barba-face-stubble-wash-75-ml\\\/#primaryimage\"},\"image\":{\"@id\":\"https:\\\/\\\/shopatoa.com\\\/ro\\\/percy-nobleman-gel-de-curatare-pentru-fata-si-barba-face-stubble-wash-75-ml\\\/#primaryimage\"},\"thumbnailUrl\":\"https:\\\/\\\/storage.googleapis.com\\\/cz-shopatoa-img\\\/ro\\\/f074ee29-unnamed-file.webp\",\"datePublished\":\"2025-04-30T14:41:15+00:00\",\"dateModified\":\"2025-09-27T11:01:54+00:00\",\"breadcrumb\":{\"@id\":\"https:\\\/\\\/shopatoa.com\\\/ro\\\/percy-nobleman-gel-de-curatare-pentru-fata-si-barba-face-stubble-wash-75-ml\\\/#breadcrumb\"},\"inLanguage\":\"ro-RO\",\"potentialAction\":[{\"@type\":\"ReadAction\",\"target\":[\"https:\\\/\\\/shopatoa.com\\\/ro\\\/percy-nobleman-gel-de-curatare-pentru-fata-si-barba-face-stubble-wash-75-ml\\\/\"]}]},{\"@type\":\"ImageObject\",\"inLanguage\":\"ro-RO\",\"@id\":\"https:\\\/\\\/shopatoa.com\\\/ro\\\/percy-nobleman-gel-de-curatare-pentru-fata-si-barba-face-stubble-wash-75-ml\\\/#primaryimage\",\"url\":\"https:\\\/\\\/storage.googleapis.com\\\/cz-shopatoa-img\\\/ro\\\/f074ee29-unnamed-file.webp\",\"contentUrl\":\"https:\\\/\\\/storage.googleapis.com\\\/cz-shopatoa-img\\\/ro\\\/f074ee29-unnamed-file.webp\",\"width\":800,\"height\":800},{\"@type\":\"BreadcrumbList\",\"@id\":\"https:\\\/\\\/shopatoa.com\\\/ro\\\/percy-nobleman-gel-de-curatare-pentru-fata-si-barba-face-stubble-wash-75-ml\\\/#breadcrumb\",\"itemListElement\":[{\"@type\":\"ListItem\",\"position\":1,\"name\":\"Dom\u016f\",\"item\":\"https:\\\/\\\/shopatoa.com\\\/ro\\\/\"},{\"@type\":\"ListItem\",\"position\":2,\"name\":\"Shop\",\"item\":\"https:\\\/\\\/shopatoa.com\\\/ro\\\/shop\\\/\"},{\"@type\":\"ListItem\",\"position\":3,\"name\":\"Cosmetice\",\"item\":\"https:\\\/\\\/shopatoa.com\\\/ro\\\/cosmetice\\\/\"},{\"@type\":\"ListItem\",\"position\":4,\"name\":\"Barber Shop\",\"item\":\"https:\\\/\\\/shopatoa.com\\\/ro\\\/barber-shop\\\/\"},{\"@type\":\"ListItem\",\"position\":5,\"name\":\"Barber Shop \u2013 ingrijirea barbilor\",\"item\":\"https:\\\/\\\/shopatoa.com\\\/ro\\\/barber-shop-ingrijirea-barbilor\\\/\"},{\"@type\":\"ListItem\",\"position\":6,\"name\":\"Percy Nobleman Gel de cur\u0103\u021bare pentru fa\u021b\u0103 \u0219i barb\u0103 (Face &amp; Stubble Wash) 75 ml\"}]},{\"@type\":\"WebSite\",\"@id\":\"https:\\\/\\\/shopatoa.com\\\/ro\\\/#website\",\"url\":\"https:\\\/\\\/shopatoa.com\\\/ro\\\/\",\"name\":\"SHOPATOA\",\"description\":\"\",\"publisher\":{\"@id\":\"https:\\\/\\\/shopatoa.com\\\/ro\\\/#organization\"},\"potentialAction\":[{\"@type\":\"SearchAction\",\"target\":{\"@type\":\"EntryPoint\",\"urlTemplate\":\"https:\\\/\\\/shopatoa.com\\\/ro\\\/?s={search_term_string}\"},\"query-input\":{\"@type\":\"PropertyValueSpecification\",\"valueRequired\":true,\"valueName\":\"search_term_string\"}}],\"inLanguage\":\"ro-RO\"},{\"@type\":\"Organization\",\"@id\":\"https:\\\/\\\/shopatoa.com\\\/ro\\\/#organization\",\"name\":\"SHOPATOA\",\"url\":\"https:\\\/\\\/shopatoa.com\\\/ro\\\/\",\"logo\":{\"@type\":\"ImageObject\",\"inLanguage\":\"ro-RO\",\"@id\":\"https:\\\/\\\/shopatoa.com\\\/ro\\\/#\\\/schema\\\/logo\\\/image\\\/\",\"url\":\"https:\\\/\\\/storage.googleapis.com\\\/cz-shopatoa-img\\\/ro\\\/b4dac915-shopatoa_logo.png\",\"contentUrl\":\"https:\\\/\\\/storage.googleapis.com\\\/cz-shopatoa-img\\\/ro\\\/b4dac915-shopatoa_logo.png\",\"width\":416,\"height\":63,\"caption\":\"SHOPATOA\"},\"image\":{\"@id\":\"https:\\\/\\\/shopatoa.com\\\/ro\\\/#\\\/schema\\\/logo\\\/image\\\/\"}}]}<\/script>\n<!-- \/ Yoast SEO plugin. -->","yoast_head_json":{"title":"Percy Nobleman Gel de cur\u0103\u021bare pentru fa\u021b\u0103 \u0219i barb\u0103 (Face & Stubble Wash) 75 ml - SHOPATOA.COM","robots":{"index":"index","follow":"follow","max-snippet":"max-snippet:-1","max-image-preview":"max-image-preview:large","max-video-preview":"max-video-preview:-1"},"canonical":"https:\/\/shopatoa.com\/ro\/percy-nobleman-gel-de-curatare-pentru-fata-si-barba-face-stubble-wash-75-ml\/","og_locale":"ro_RO","og_type":"article","og_title":"Percy Nobleman Gel de cur\u0103\u021bare pentru fa\u021b\u0103 \u0219i barb\u0103 (Face & Stubble Wash) 75 ml - SHOPATOA.COM","og_description":"Cur\u0103\u021b\u0103 u\u0219or, \u00eenmoaie barba \u0219i calmeaz\u0103 pielea. Con\u021bine agen\u021bi de cur\u0103\u021bare naturali ob\u021binu\u021bi din nuci de cocos \u0219i glicerin\u0103, care asigur\u0103 hidratarea necesar\u0103. Cu un parfum r\u0103coritor de ment\u0103 \u0219i castravete, pentru o senza\u021bie unic\u0103 de prospe\u021bime pe tot parcursul zilei. Volum: 75ml","og_url":"https:\/\/shopatoa.com\/ro\/percy-nobleman-gel-de-curatare-pentru-fata-si-barba-face-stubble-wash-75-ml\/","og_site_name":"SHOPATOA","article_modified_time":"2025-09-27T11:01:54+00:00","og_image":[{"width":800,"height":800,"url":"https:\/\/storage.googleapis.com\/cz-shopatoa-img\/ro\/f074ee29-unnamed-file.webp","type":"image\/webp"}],"twitter_card":"summary_large_image","schema":{"@context":"https:\/\/schema.org","@graph":[{"@type":"WebPage","@id":"https:\/\/shopatoa.com\/ro\/percy-nobleman-gel-de-curatare-pentru-fata-si-barba-face-stubble-wash-75-ml\/","url":"https:\/\/shopatoa.com\/ro\/percy-nobleman-gel-de-curatare-pentru-fata-si-barba-face-stubble-wash-75-ml\/","name":"Percy Nobleman Gel de cur\u0103\u021bare pentru fa\u021b\u0103 \u0219i barb\u0103 (Face & Stubble Wash) 75 ml - SHOPATOA.COM","isPartOf":{"@id":"https:\/\/shopatoa.com\/ro\/#website"},"primaryImageOfPage":{"@id":"https:\/\/shopatoa.com\/ro\/percy-nobleman-gel-de-curatare-pentru-fata-si-barba-face-stubble-wash-75-ml\/#primaryimage"},"image":{"@id":"https:\/\/shopatoa.com\/ro\/percy-nobleman-gel-de-curatare-pentru-fata-si-barba-face-stubble-wash-75-ml\/#primaryimage"},"thumbnailUrl":"https:\/\/storage.googleapis.com\/cz-shopatoa-img\/ro\/f074ee29-unnamed-file.webp","datePublished":"2025-04-30T14:41:15+00:00","dateModified":"2025-09-27T11:01:54+00:00","breadcrumb":{"@id":"https:\/\/shopatoa.com\/ro\/percy-nobleman-gel-de-curatare-pentru-fata-si-barba-face-stubble-wash-75-ml\/#breadcrumb"},"inLanguage":"ro-RO","potentialAction":[{"@type":"ReadAction","target":["https:\/\/shopatoa.com\/ro\/percy-nobleman-gel-de-curatare-pentru-fata-si-barba-face-stubble-wash-75-ml\/"]}]},{"@type":"ImageObject","inLanguage":"ro-RO","@id":"https:\/\/shopatoa.com\/ro\/percy-nobleman-gel-de-curatare-pentru-fata-si-barba-face-stubble-wash-75-ml\/#primaryimage","url":"https:\/\/storage.googleapis.com\/cz-shopatoa-img\/ro\/f074ee29-unnamed-file.webp","contentUrl":"https:\/\/storage.googleapis.com\/cz-shopatoa-img\/ro\/f074ee29-unnamed-file.webp","width":800,"height":800},{"@type":"BreadcrumbList","@id":"https:\/\/shopatoa.com\/ro\/percy-nobleman-gel-de-curatare-pentru-fata-si-barba-face-stubble-wash-75-ml\/#breadcrumb","itemListElement":[{"@type":"ListItem","position":1,"name":"Dom\u016f","item":"https:\/\/shopatoa.com\/ro\/"},{"@type":"ListItem","position":2,"name":"Shop","item":"https:\/\/shopatoa.com\/ro\/shop\/"},{"@type":"ListItem","position":3,"name":"Cosmetice","item":"https:\/\/shopatoa.com\/ro\/cosmetice\/"},{"@type":"ListItem","position":4,"name":"Barber Shop","item":"https:\/\/shopatoa.com\/ro\/barber-shop\/"},{"@type":"ListItem","position":5,"name":"Barber Shop \u2013 ingrijirea barbilor","item":"https:\/\/shopatoa.com\/ro\/barber-shop-ingrijirea-barbilor\/"},{"@type":"ListItem","position":6,"name":"Percy Nobleman Gel de cur\u0103\u021bare pentru fa\u021b\u0103 \u0219i barb\u0103 (Face &amp; Stubble Wash) 75 ml"}]},{"@type":"WebSite","@id":"https:\/\/shopatoa.com\/ro\/#website","url":"https:\/\/shopatoa.com\/ro\/","name":"SHOPATOA","description":"","publisher":{"@id":"https:\/\/shopatoa.com\/ro\/#organization"},"potentialAction":[{"@type":"SearchAction","target":{"@type":"EntryPoint","urlTemplate":"https:\/\/shopatoa.com\/ro\/?s={search_term_string}"},"query-input":{"@type":"PropertyValueSpecification","valueRequired":true,"valueName":"search_term_string"}}],"inLanguage":"ro-RO"},{"@type":"Organization","@id":"https:\/\/shopatoa.com\/ro\/#organization","name":"SHOPATOA","url":"https:\/\/shopatoa.com\/ro\/","logo":{"@type":"ImageObject","inLanguage":"ro-RO","@id":"https:\/\/shopatoa.com\/ro\/#\/schema\/logo\/image\/","url":"https:\/\/storage.googleapis.com\/cz-shopatoa-img\/ro\/b4dac915-shopatoa_logo.png","contentUrl":"https:\/\/storage.googleapis.com\/cz-shopatoa-img\/ro\/b4dac915-shopatoa_logo.png","width":416,"height":63,"caption":"SHOPATOA"},"image":{"@id":"https:\/\/shopatoa.com\/ro\/#\/schema\/logo\/image\/"}}]}},"_links":{"self":[{"href":"https:\/\/shopatoa.com\/ro\/wp-json\/wp\/v2\/product\/279481","targetHints":{"allow":["GET"]}}],"collection":[{"href":"https:\/\/shopatoa.com\/ro\/wp-json\/wp\/v2\/product"}],"about":[{"href":"https:\/\/shopatoa.com\/ro\/wp-json\/wp\/v2\/types\/product"}],"replies":[{"embeddable":true,"href":"https:\/\/shopatoa.com\/ro\/wp-json\/wp\/v2\/comments?post=279481"}],"wp:featuredmedia":[{"embeddable":true,"href":"https:\/\/shopatoa.com\/ro\/wp-json\/wp\/v2\/media\/279483"}],"wp:attachment":[{"href":"https:\/\/shopatoa.com\/ro\/wp-json\/wp\/v2\/media?parent=279481"}],"wp:term":[{"taxonomy":"product_brand","embeddable":true,"href":"https:\/\/shopatoa.com\/ro\/wp-json\/wp\/v2\/product_brand?post=279481"},{"taxonomy":"product_cat","embeddable":true,"href":"https:\/\/shopatoa.com\/ro\/wp-json\/wp\/v2\/product_cat?post=279481"},{"taxonomy":"product_tag","embeddable":true,"href":"https:\/\/shopatoa.com\/ro\/wp-json\/wp\/v2\/product_tag?post=279481"}],"curies":[{"name":"wp","href":"https:\/\/api.w.org\/{rel}","templated":true}]}}