{"id":279545,"date":"2025-04-30T16:50:05","date_gmt":"2025-04-30T14:50:05","guid":{"rendered":"https:\/\/shopatoa.com\/ro\/beautyrelax-dispozitiv-galvanic-pentru-ingrijirea-tenului-dotat-cu-terapie-fotonica-br-1150\/"},"modified":"2025-09-22T23:07:51","modified_gmt":"2025-09-22T21:07:51","slug":"beautyrelax-dispozitiv-galvanic-pentru-ingrijirea-tenului-dotat-cu-terapie-fotonica-br-1150","status":"publish","type":"product","link":"https:\/\/shopatoa.com\/ro\/beautyrelax-dispozitiv-galvanic-pentru-ingrijirea-tenului-dotat-cu-terapie-fotonica-br-1150\/","title":{"rendered":"BeautyRelax Dispozitiv galvanic pentru \u00eengrijirea tenului, dotat cu terapie fotonic\u0103 BR-1150"},"content":{"rendered":"<p>BeautyRelax combin\u0103 dou\u0103 tehnologii avansate pentru \u00eengrijirea tenului: curent galvanic \u0219i terapie fotonic\u0103. Fiecare tehnologie are propriet\u0103\u021bi \u0219i efecte specifice. Curentul galvanic, generat printr-un aplicator din o\u021bel inoxidabil premium, stimuleaz\u0103 metabolismul la nivelul tuturor straturilor pielii \u0219i sus\u021bine detoxifierea \u021besutului subcutanat. Lumina fotonic\u0103 ro\u0219ie favorizeaz\u0103 \u00een mod natural produc\u021bia de colagen. Lumina fotonic\u0103 verde, printre altele, are efecte antiinflamatorii. Lumina fotonic\u0103 albastr\u0103 are propriet\u0103\u021bi antibacteriene \u0219i un efect pozitiv asupra elimin\u0103rii bacteriilor care contribuie la apari\u021bia tenului acneic. Dispozitivul este sigur de utilizare \u0219i nu provoac\u0103 durere. Datorit\u0103 controlului intuitiv, poate fi utilizat cu u\u0219urin\u021b\u0103 \u00een confortul casei. Pachetul include 4 aplicatoare (unul este pentru curent galvanic \u0219i trei pentru terapia fotonic\u0103). Dispozitivul ofer\u0103 op\u021biunea de a selecta modurile de curent galvanic \u2013 cur\u0103\u021bare, regenerare \u0219i lifting. Sunt disponibile trei nivele de intensitate \u2013 sc\u0103zut, mediu \u0219i ridicat. Tratamentul este potrivit pentru toate tipurile de ten. Curentul galvanic Tratamentul pielii cu curent galvanic este extrem de eficient \u0219i este utilizat \u00een saloanele profesionale de \u00eenfrumuse\u021bare. C\u00e2nd curentul ac\u021bioneaz\u0103 asupra pielii, ionii sunt elibera\u021bi din celule. Metabolismul este accelerat \u00een toate straturile pielii \u0219i \u00een alte \u021besuturi. Substan\u021bele toxice sunt eliminate \u00een mod natural din corp. Toate aceste atribute sunt esen\u021biale pentru o piele frumoas\u0103, s\u0103n\u0103toas\u0103 \u0219i t\u00e2n\u0103r\u0103. Porii pielii se deschid, ceea ce spore\u0219te semnificativ eficien\u021ba absorb\u021biei substan\u021belor active din creme \u0219i produsele cosmetice. Trei moduri de curent galvanic \u2013 cur\u0103\u021bare, re\u00eennoire, lifting: CLEANSE &#8211; Cur\u0103\u021barea pielii Capul de aplicare ac\u021bioneaz\u0103 asupra pielii printr-un flux de ioni pozitivi. Produsul de cur\u0103\u021bare, ionizat negativ, ajutor la extragerea gr\u0103simii \u0219i impurit\u0103\u021bilor din piele. \u00cen acest mod, dispozitivul galvanic contribuie semnificativ la eliminarea substan\u021belor d\u0103un\u0103toare din piele. NOURISH &#8211; Regenerarea pielii Capul de aplicare ac\u021bioneaz\u0103 asupra pielii printr-un flux de ioni pozitivi. Serul facial, ionizat negativ, p\u0103trunde mult mai u\u0219or \u00een piele. Astfel, transportul nutrien\u021bilor c\u0103tre straturile subcutanate este semnificativ crescut. Iar aplicarea serului facial devine mult mai eficient\u0103. LIFT &#8211; Lifting Curentul emis de capul de aplicare alterneaz\u0103 \u00eentre ioni pozitivi \u0219i negativi, influen\u021b\u00e2nd pielea. Polarizarea variabil\u0103 a curentului activeaz\u0103 procesul de regenerare a fibrelor de colagen \u0219i elastina. Concentrarea optim\u0103 a energiei, chiar \u0219i \u00een zonele cu un strat de gr\u0103sime mai accentuat, stimuleaz\u0103 procesele metabolice, contribuind semnificativ la netezirea eficient\u0103 a contururilor inestetice \u0219i deformate. Principalele beneficii ale utiliz\u0103rii curentului galvanic: eliminarea ionilor acumula\u021bi \u00een celule, stimularea metabolismului \u00een toate straturile pielii, substan\u021bele toxice sunt eliminate \u00een mod natural din corp, cre\u0219terea permeabilit\u0103\u021bii porilor pe piele, \u0441re\u0219terea semnificativ\u0103 a absorb\u021biei substan\u021belor active din produsele cosmetice. Terapia cu fotoni Terapia cu fotoni este un tratament eficient, cu rezultate dovedite, care face parte integrant\u0103 din \u00eengrijirea estetic\u0103 modern\u0103. Energia luminoas\u0103 p\u0103trunde \u00een corp, sub form\u0103 de flux de fotoni, fiind absorbi\u021bi de fotoreceptori prezen\u021bi \u00een celule. Terapia cu fotoni este folosit\u0103 pentru a trata \u021besuturile moi \u0219i pentru a aborda problemele specifice ale pielii. Energia luminoas\u0103, la anumite lungimi de und\u0103, sprijin\u0103 regenerarea natural\u0103 a corpului dumneavoastr\u0103, evit\u00e2nd interven\u021biile agresive care pot afecta structura \u021besutului. Stimuleaz\u0103 produc\u021bia de colagen \u2013 un factor esen\u021bial pentru fermitatea pielii \u0219i reducerea ridurilor. Efectele terapiei cu fotoni variaz\u0103 \u00een func\u021bie de lungime de und\u0103 a luminii generate de diodele LED.<\/p>\n","protected":false},"excerpt":{"rendered":"<p>BeautyRelax combin\u0103 dou\u0103 tehnologii avansate pentru \u00eengrijirea tenului: curent galvanic \u0219i terapie fotonic\u0103. Fiecare tehnologie are propriet\u0103\u021bi \u0219i efecte specifice. Curentul galvanic, generat printr-un aplicator din o\u021bel inoxidabil premium, stimuleaz\u0103 metabolismul la nivelul tuturor straturilor pielii \u0219i sus\u021bine detoxifierea \u021besutului subcutanat. Lumina fotonic\u0103 ro\u0219ie favorizeaz\u0103 \u00een mod natural produc\u021bia de colagen. Lumina fotonic\u0103 verde, printre&#8230;<\/p>\n","protected":false},"featured_media":279547,"comment_status":"closed","ping_status":"open","template":"","meta":{"_acf_changed":false,"_kadence_starter_templates_imported_post":false,"_kad_post_transparent":"","_kad_post_title":"","_kad_post_layout":"","_kad_post_sidebar_id":"","_kad_post_content_style":"","_kad_post_vertical_padding":"","_kad_post_feature":"","_kad_post_feature_position":"","_kad_post_header":false,"_kad_post_footer":false,"_kad_post_classname":""},"product_brand":[235],"product_cat":[246,757,611],"product_tag":[],"class_list":{"0":"post-279545","1":"product","2":"type-product","3":"status-publish","4":"has-post-thumbnail","6":"product_brand-beautyrelax","7":"product_cat-cosmetice","8":"product_cat-dispozitive-cosmetice-corpul","9":"product_cat-produse-cosmetice-pentru-corp","11":"first","12":"instock","13":"product-type-external","14":"entry","15":"content-bg","16":"loop-entry"},"acf":[],"yoast_head":"<!-- This site is optimized with the Yoast SEO plugin v27.4 - https:\/\/yoast.com\/product\/yoast-seo-wordpress\/ -->\n<title>BeautyRelax Dispozitiv galvanic pentru \u00eengrijirea tenului, dotat cu terapie fotonic\u0103 BR-1150 - SHOPATOA.COM<\/title>\n<meta name=\"robots\" content=\"index, follow, max-snippet:-1, max-image-preview:large, max-video-preview:-1\" \/>\n<link rel=\"canonical\" href=\"https:\/\/shopatoa.com\/ro\/beautyrelax-dispozitiv-galvanic-pentru-ingrijirea-tenului-dotat-cu-terapie-fotonica-br-1150\/\" \/>\n<meta property=\"og:locale\" content=\"ro_RO\" \/>\n<meta property=\"og:type\" content=\"article\" \/>\n<meta property=\"og:title\" content=\"BeautyRelax Dispozitiv galvanic pentru \u00eengrijirea tenului, dotat cu terapie fotonic\u0103 BR-1150 - SHOPATOA.COM\" \/>\n<meta property=\"og:description\" content=\"BeautyRelax combin\u0103 dou\u0103 tehnologii avansate pentru \u00eengrijirea tenului: curent galvanic \u0219i terapie fotonic\u0103. Fiecare tehnologie are propriet\u0103\u021bi \u0219i efecte specifice. Curentul galvanic, generat printr-un aplicator din o\u021bel inoxidabil premium, stimuleaz\u0103 metabolismul la nivelul tuturor straturilor pielii \u0219i sus\u021bine detoxifierea \u021besutului subcutanat. Lumina fotonic\u0103 ro\u0219ie favorizeaz\u0103 \u00een mod natural produc\u021bia de colagen. Lumina fotonic\u0103 verde, printre...\" \/>\n<meta property=\"og:url\" content=\"https:\/\/shopatoa.com\/ro\/beautyrelax-dispozitiv-galvanic-pentru-ingrijirea-tenului-dotat-cu-terapie-fotonica-br-1150\/\" \/>\n<meta property=\"og:site_name\" content=\"SHOPATOA\" \/>\n<meta property=\"article:modified_time\" content=\"2025-09-22T21:07:51+00:00\" \/>\n<meta property=\"og:image\" content=\"https:\/\/storage.googleapis.com\/cz-shopatoa-img\/ro\/e2fe8773-unnamed-file.webp\" \/>\n\t<meta property=\"og:image:width\" content=\"800\" \/>\n\t<meta property=\"og:image:height\" content=\"800\" \/>\n\t<meta property=\"og:image:type\" content=\"image\/webp\" \/>\n<meta name=\"twitter:card\" content=\"summary_large_image\" \/>\n<meta name=\"twitter:label1\" content=\"Timp estimat pentru citire\" \/>\n\t<meta name=\"twitter:data1\" content=\"3 minute\" \/>\n<script type=\"application\/ld+json\" class=\"yoast-schema-graph\">{\"@context\":\"https:\\\/\\\/schema.org\",\"@graph\":[{\"@type\":\"WebPage\",\"@id\":\"https:\\\/\\\/shopatoa.com\\\/ro\\\/beautyrelax-dispozitiv-galvanic-pentru-ingrijirea-tenului-dotat-cu-terapie-fotonica-br-1150\\\/\",\"url\":\"https:\\\/\\\/shopatoa.com\\\/ro\\\/beautyrelax-dispozitiv-galvanic-pentru-ingrijirea-tenului-dotat-cu-terapie-fotonica-br-1150\\\/\",\"name\":\"BeautyRelax Dispozitiv galvanic pentru \u00eengrijirea tenului, dotat cu terapie fotonic\u0103 BR-1150 - SHOPATOA.COM\",\"isPartOf\":{\"@id\":\"https:\\\/\\\/shopatoa.com\\\/ro\\\/#website\"},\"primaryImageOfPage\":{\"@id\":\"https:\\\/\\\/shopatoa.com\\\/ro\\\/beautyrelax-dispozitiv-galvanic-pentru-ingrijirea-tenului-dotat-cu-terapie-fotonica-br-1150\\\/#primaryimage\"},\"image\":{\"@id\":\"https:\\\/\\\/shopatoa.com\\\/ro\\\/beautyrelax-dispozitiv-galvanic-pentru-ingrijirea-tenului-dotat-cu-terapie-fotonica-br-1150\\\/#primaryimage\"},\"thumbnailUrl\":\"https:\\\/\\\/storage.googleapis.com\\\/cz-shopatoa-img\\\/ro\\\/e2fe8773-unnamed-file.webp\",\"datePublished\":\"2025-04-30T14:50:05+00:00\",\"dateModified\":\"2025-09-22T21:07:51+00:00\",\"breadcrumb\":{\"@id\":\"https:\\\/\\\/shopatoa.com\\\/ro\\\/beautyrelax-dispozitiv-galvanic-pentru-ingrijirea-tenului-dotat-cu-terapie-fotonica-br-1150\\\/#breadcrumb\"},\"inLanguage\":\"ro-RO\",\"potentialAction\":[{\"@type\":\"ReadAction\",\"target\":[\"https:\\\/\\\/shopatoa.com\\\/ro\\\/beautyrelax-dispozitiv-galvanic-pentru-ingrijirea-tenului-dotat-cu-terapie-fotonica-br-1150\\\/\"]}]},{\"@type\":\"ImageObject\",\"inLanguage\":\"ro-RO\",\"@id\":\"https:\\\/\\\/shopatoa.com\\\/ro\\\/beautyrelax-dispozitiv-galvanic-pentru-ingrijirea-tenului-dotat-cu-terapie-fotonica-br-1150\\\/#primaryimage\",\"url\":\"https:\\\/\\\/storage.googleapis.com\\\/cz-shopatoa-img\\\/ro\\\/e2fe8773-unnamed-file.webp\",\"contentUrl\":\"https:\\\/\\\/storage.googleapis.com\\\/cz-shopatoa-img\\\/ro\\\/e2fe8773-unnamed-file.webp\",\"width\":800,\"height\":800},{\"@type\":\"BreadcrumbList\",\"@id\":\"https:\\\/\\\/shopatoa.com\\\/ro\\\/beautyrelax-dispozitiv-galvanic-pentru-ingrijirea-tenului-dotat-cu-terapie-fotonica-br-1150\\\/#breadcrumb\",\"itemListElement\":[{\"@type\":\"ListItem\",\"position\":1,\"name\":\"Dom\u016f\",\"item\":\"https:\\\/\\\/shopatoa.com\\\/ro\\\/\"},{\"@type\":\"ListItem\",\"position\":2,\"name\":\"Shop\",\"item\":\"https:\\\/\\\/shopatoa.com\\\/ro\\\/shop\\\/\"},{\"@type\":\"ListItem\",\"position\":3,\"name\":\"Cosmetice\",\"item\":\"https:\\\/\\\/shopatoa.com\\\/ro\\\/cosmetice\\\/\"},{\"@type\":\"ListItem\",\"position\":4,\"name\":\"Produse cosmetice pentru corp\",\"item\":\"https:\\\/\\\/shopatoa.com\\\/ro\\\/produse-cosmetice-pentru-corp\\\/\"},{\"@type\":\"ListItem\",\"position\":5,\"name\":\"Dispozitive cosmetice corpul\",\"item\":\"https:\\\/\\\/shopatoa.com\\\/ro\\\/dispozitive-cosmetice-corpul\\\/\"},{\"@type\":\"ListItem\",\"position\":6,\"name\":\"BeautyRelax Dispozitiv galvanic pentru \u00eengrijirea tenului, dotat cu terapie fotonic\u0103 BR-1150\"}]},{\"@type\":\"WebSite\",\"@id\":\"https:\\\/\\\/shopatoa.com\\\/ro\\\/#website\",\"url\":\"https:\\\/\\\/shopatoa.com\\\/ro\\\/\",\"name\":\"SHOPATOA\",\"description\":\"\",\"publisher\":{\"@id\":\"https:\\\/\\\/shopatoa.com\\\/ro\\\/#organization\"},\"potentialAction\":[{\"@type\":\"SearchAction\",\"target\":{\"@type\":\"EntryPoint\",\"urlTemplate\":\"https:\\\/\\\/shopatoa.com\\\/ro\\\/?s={search_term_string}\"},\"query-input\":{\"@type\":\"PropertyValueSpecification\",\"valueRequired\":true,\"valueName\":\"search_term_string\"}}],\"inLanguage\":\"ro-RO\"},{\"@type\":\"Organization\",\"@id\":\"https:\\\/\\\/shopatoa.com\\\/ro\\\/#organization\",\"name\":\"SHOPATOA\",\"url\":\"https:\\\/\\\/shopatoa.com\\\/ro\\\/\",\"logo\":{\"@type\":\"ImageObject\",\"inLanguage\":\"ro-RO\",\"@id\":\"https:\\\/\\\/shopatoa.com\\\/ro\\\/#\\\/schema\\\/logo\\\/image\\\/\",\"url\":\"https:\\\/\\\/storage.googleapis.com\\\/cz-shopatoa-img\\\/ro\\\/b4dac915-shopatoa_logo.png\",\"contentUrl\":\"https:\\\/\\\/storage.googleapis.com\\\/cz-shopatoa-img\\\/ro\\\/b4dac915-shopatoa_logo.png\",\"width\":416,\"height\":63,\"caption\":\"SHOPATOA\"},\"image\":{\"@id\":\"https:\\\/\\\/shopatoa.com\\\/ro\\\/#\\\/schema\\\/logo\\\/image\\\/\"}}]}<\/script>\n<!-- \/ Yoast SEO plugin. -->","yoast_head_json":{"title":"BeautyRelax Dispozitiv galvanic pentru \u00eengrijirea tenului, dotat cu terapie fotonic\u0103 BR-1150 - SHOPATOA.COM","robots":{"index":"index","follow":"follow","max-snippet":"max-snippet:-1","max-image-preview":"max-image-preview:large","max-video-preview":"max-video-preview:-1"},"canonical":"https:\/\/shopatoa.com\/ro\/beautyrelax-dispozitiv-galvanic-pentru-ingrijirea-tenului-dotat-cu-terapie-fotonica-br-1150\/","og_locale":"ro_RO","og_type":"article","og_title":"BeautyRelax Dispozitiv galvanic pentru \u00eengrijirea tenului, dotat cu terapie fotonic\u0103 BR-1150 - SHOPATOA.COM","og_description":"BeautyRelax combin\u0103 dou\u0103 tehnologii avansate pentru \u00eengrijirea tenului: curent galvanic \u0219i terapie fotonic\u0103. Fiecare tehnologie are propriet\u0103\u021bi \u0219i efecte specifice. Curentul galvanic, generat printr-un aplicator din o\u021bel inoxidabil premium, stimuleaz\u0103 metabolismul la nivelul tuturor straturilor pielii \u0219i sus\u021bine detoxifierea \u021besutului subcutanat. Lumina fotonic\u0103 ro\u0219ie favorizeaz\u0103 \u00een mod natural produc\u021bia de colagen. Lumina fotonic\u0103 verde, printre...","og_url":"https:\/\/shopatoa.com\/ro\/beautyrelax-dispozitiv-galvanic-pentru-ingrijirea-tenului-dotat-cu-terapie-fotonica-br-1150\/","og_site_name":"SHOPATOA","article_modified_time":"2025-09-22T21:07:51+00:00","og_image":[{"width":800,"height":800,"url":"https:\/\/storage.googleapis.com\/cz-shopatoa-img\/ro\/e2fe8773-unnamed-file.webp","type":"image\/webp"}],"twitter_card":"summary_large_image","twitter_misc":{"Timp estimat pentru citire":"3 minute"},"schema":{"@context":"https:\/\/schema.org","@graph":[{"@type":"WebPage","@id":"https:\/\/shopatoa.com\/ro\/beautyrelax-dispozitiv-galvanic-pentru-ingrijirea-tenului-dotat-cu-terapie-fotonica-br-1150\/","url":"https:\/\/shopatoa.com\/ro\/beautyrelax-dispozitiv-galvanic-pentru-ingrijirea-tenului-dotat-cu-terapie-fotonica-br-1150\/","name":"BeautyRelax Dispozitiv galvanic pentru \u00eengrijirea tenului, dotat cu terapie fotonic\u0103 BR-1150 - SHOPATOA.COM","isPartOf":{"@id":"https:\/\/shopatoa.com\/ro\/#website"},"primaryImageOfPage":{"@id":"https:\/\/shopatoa.com\/ro\/beautyrelax-dispozitiv-galvanic-pentru-ingrijirea-tenului-dotat-cu-terapie-fotonica-br-1150\/#primaryimage"},"image":{"@id":"https:\/\/shopatoa.com\/ro\/beautyrelax-dispozitiv-galvanic-pentru-ingrijirea-tenului-dotat-cu-terapie-fotonica-br-1150\/#primaryimage"},"thumbnailUrl":"https:\/\/storage.googleapis.com\/cz-shopatoa-img\/ro\/e2fe8773-unnamed-file.webp","datePublished":"2025-04-30T14:50:05+00:00","dateModified":"2025-09-22T21:07:51+00:00","breadcrumb":{"@id":"https:\/\/shopatoa.com\/ro\/beautyrelax-dispozitiv-galvanic-pentru-ingrijirea-tenului-dotat-cu-terapie-fotonica-br-1150\/#breadcrumb"},"inLanguage":"ro-RO","potentialAction":[{"@type":"ReadAction","target":["https:\/\/shopatoa.com\/ro\/beautyrelax-dispozitiv-galvanic-pentru-ingrijirea-tenului-dotat-cu-terapie-fotonica-br-1150\/"]}]},{"@type":"ImageObject","inLanguage":"ro-RO","@id":"https:\/\/shopatoa.com\/ro\/beautyrelax-dispozitiv-galvanic-pentru-ingrijirea-tenului-dotat-cu-terapie-fotonica-br-1150\/#primaryimage","url":"https:\/\/storage.googleapis.com\/cz-shopatoa-img\/ro\/e2fe8773-unnamed-file.webp","contentUrl":"https:\/\/storage.googleapis.com\/cz-shopatoa-img\/ro\/e2fe8773-unnamed-file.webp","width":800,"height":800},{"@type":"BreadcrumbList","@id":"https:\/\/shopatoa.com\/ro\/beautyrelax-dispozitiv-galvanic-pentru-ingrijirea-tenului-dotat-cu-terapie-fotonica-br-1150\/#breadcrumb","itemListElement":[{"@type":"ListItem","position":1,"name":"Dom\u016f","item":"https:\/\/shopatoa.com\/ro\/"},{"@type":"ListItem","position":2,"name":"Shop","item":"https:\/\/shopatoa.com\/ro\/shop\/"},{"@type":"ListItem","position":3,"name":"Cosmetice","item":"https:\/\/shopatoa.com\/ro\/cosmetice\/"},{"@type":"ListItem","position":4,"name":"Produse cosmetice pentru corp","item":"https:\/\/shopatoa.com\/ro\/produse-cosmetice-pentru-corp\/"},{"@type":"ListItem","position":5,"name":"Dispozitive cosmetice corpul","item":"https:\/\/shopatoa.com\/ro\/dispozitive-cosmetice-corpul\/"},{"@type":"ListItem","position":6,"name":"BeautyRelax Dispozitiv galvanic pentru \u00eengrijirea tenului, dotat cu terapie fotonic\u0103 BR-1150"}]},{"@type":"WebSite","@id":"https:\/\/shopatoa.com\/ro\/#website","url":"https:\/\/shopatoa.com\/ro\/","name":"SHOPATOA","description":"","publisher":{"@id":"https:\/\/shopatoa.com\/ro\/#organization"},"potentialAction":[{"@type":"SearchAction","target":{"@type":"EntryPoint","urlTemplate":"https:\/\/shopatoa.com\/ro\/?s={search_term_string}"},"query-input":{"@type":"PropertyValueSpecification","valueRequired":true,"valueName":"search_term_string"}}],"inLanguage":"ro-RO"},{"@type":"Organization","@id":"https:\/\/shopatoa.com\/ro\/#organization","name":"SHOPATOA","url":"https:\/\/shopatoa.com\/ro\/","logo":{"@type":"ImageObject","inLanguage":"ro-RO","@id":"https:\/\/shopatoa.com\/ro\/#\/schema\/logo\/image\/","url":"https:\/\/storage.googleapis.com\/cz-shopatoa-img\/ro\/b4dac915-shopatoa_logo.png","contentUrl":"https:\/\/storage.googleapis.com\/cz-shopatoa-img\/ro\/b4dac915-shopatoa_logo.png","width":416,"height":63,"caption":"SHOPATOA"},"image":{"@id":"https:\/\/shopatoa.com\/ro\/#\/schema\/logo\/image\/"}}]}},"_links":{"self":[{"href":"https:\/\/shopatoa.com\/ro\/wp-json\/wp\/v2\/product\/279545","targetHints":{"allow":["GET"]}}],"collection":[{"href":"https:\/\/shopatoa.com\/ro\/wp-json\/wp\/v2\/product"}],"about":[{"href":"https:\/\/shopatoa.com\/ro\/wp-json\/wp\/v2\/types\/product"}],"replies":[{"embeddable":true,"href":"https:\/\/shopatoa.com\/ro\/wp-json\/wp\/v2\/comments?post=279545"}],"wp:featuredmedia":[{"embeddable":true,"href":"https:\/\/shopatoa.com\/ro\/wp-json\/wp\/v2\/media\/279547"}],"wp:attachment":[{"href":"https:\/\/shopatoa.com\/ro\/wp-json\/wp\/v2\/media?parent=279545"}],"wp:term":[{"taxonomy":"product_brand","embeddable":true,"href":"https:\/\/shopatoa.com\/ro\/wp-json\/wp\/v2\/product_brand?post=279545"},{"taxonomy":"product_cat","embeddable":true,"href":"https:\/\/shopatoa.com\/ro\/wp-json\/wp\/v2\/product_cat?post=279545"},{"taxonomy":"product_tag","embeddable":true,"href":"https:\/\/shopatoa.com\/ro\/wp-json\/wp\/v2\/product_tag?post=279545"}],"curies":[{"name":"wp","href":"https:\/\/api.w.org\/{rel}","templated":true}]}}