{"id":279649,"date":"2025-04-30T17:00:36","date_gmt":"2025-04-30T15:00:36","guid":{"rendered":"https:\/\/shopatoa.com\/ro\/beurer-set-profesionist-pentru-manichiura-si-pedichiura-mp-100\/"},"modified":"2025-12-11T18:53:49","modified_gmt":"2025-12-11T17:53:49","slug":"beurer-set-profesionist-pentru-manichiura-si-pedichiura-mp-100","status":"publish","type":"product","link":"https:\/\/shopatoa.com\/ro\/beurer-set-profesionist-pentru-manichiura-si-pedichiura-mp-100\/","title":{"rendered":"Beurer Set profesionist pentru manichiura si pedichiura MP 100"},"content":{"rendered":"<p>Dispozitivul de manichiur\u0103 \u0219i pedichiur\u0103 MPE 100 include 10 accesorii profesionale de \u00eenalt\u0103 calitate o via\u021b\u0103 lung\u0103. Echipamentele profesionale au o suprafa\u021b\u0103 safir rezistent\u0103, \u00een cele din urm\u0103. lustruire, sim\u021bire cerin\u021bele cele mai ridicate \u0219i, prin urmare, sunt ideale pentru tratamentul individual. \u00cengrijirea profesional\u0103 este asigurat\u0103 odat\u0103 cu controlul rapid al vitezei \u0219i func\u021bionarea din dreapta \/ st\u00e2nga picioare \u0219i unghii, ca altfel doar o vizit\u0103 de pedichiur\u0103. MPE 100 atinge valoarea maxim\u0103 performan\u021b\u0103 de p\u00e2n\u0103 la 22.000 rpm \u0219i este astfel potrivit\u0103 \u0219i pentru tratarea unghiilor artificiale.<\/p>\n","protected":false},"excerpt":{"rendered":"<p>Dispozitivul de manichiur\u0103 \u0219i pedichiur\u0103 MPE 100 include 10 accesorii profesionale de \u00eenalt\u0103 calitate o via\u021b\u0103 lung\u0103. Echipamentele profesionale au o suprafa\u021b\u0103 safir rezistent\u0103, \u00een cele din urm\u0103. lustruire, sim\u021bire cerin\u021bele cele mai ridicate \u0219i, prin urmare, sunt ideale pentru tratamentul individual. \u00cengrijirea profesional\u0103 este asigurat\u0103 odat\u0103 cu controlul rapid al vitezei \u0219i func\u021bionarea din&#8230;<\/p>\n","protected":false},"featured_media":279650,"comment_status":"closed","ping_status":"open","template":"","meta":{"_acf_changed":false,"_kadence_starter_templates_imported_post":false,"_kad_post_transparent":"","_kad_post_title":"","_kad_post_layout":"","_kad_post_sidebar_id":"","_kad_post_content_style":"","_kad_post_vertical_padding":"","_kad_post_feature":"","_kad_post_feature_position":"","_kad_post_header":false,"_kad_post_footer":false,"_kad_post_classname":""},"product_brand":[352],"product_cat":[246,697,698,611],"product_tag":[],"class_list":{"0":"post-279649","1":"product","2":"type-product","3":"status-publish","4":"has-post-thumbnail","6":"product_brand-beurer","7":"product_cat-cosmetice","8":"product_cat-manichiura-si-pedichiura","9":"product_cat-manichiuri","10":"product_cat-produse-cosmetice-pentru-corp","12":"first","13":"instock","14":"sale","15":"product-type-external","16":"entry","17":"content-bg","18":"loop-entry"},"acf":[],"yoast_head":"<!-- This site is optimized with the Yoast SEO plugin v27.4 - https:\/\/yoast.com\/product\/yoast-seo-wordpress\/ -->\n<title>Beurer Set profesionist pentru manichiura si pedichiura MP 100 - SHOPATOA.COM<\/title>\n<meta name=\"robots\" content=\"index, follow, max-snippet:-1, max-image-preview:large, max-video-preview:-1\" \/>\n<link rel=\"canonical\" href=\"https:\/\/shopatoa.com\/ro\/beurer-set-profesionist-pentru-manichiura-si-pedichiura-mp-100\/\" \/>\n<meta property=\"og:locale\" content=\"ro_RO\" \/>\n<meta property=\"og:type\" content=\"article\" \/>\n<meta property=\"og:title\" content=\"Beurer Set profesionist pentru manichiura si pedichiura MP 100 - SHOPATOA.COM\" \/>\n<meta property=\"og:description\" content=\"Dispozitivul de manichiur\u0103 \u0219i pedichiur\u0103 MPE 100 include 10 accesorii profesionale de \u00eenalt\u0103 calitate o via\u021b\u0103 lung\u0103. Echipamentele profesionale au o suprafa\u021b\u0103 safir rezistent\u0103, \u00een cele din urm\u0103. lustruire, sim\u021bire cerin\u021bele cele mai ridicate \u0219i, prin urmare, sunt ideale pentru tratamentul individual. \u00cengrijirea profesional\u0103 este asigurat\u0103 odat\u0103 cu controlul rapid al vitezei \u0219i func\u021bionarea din...\" \/>\n<meta property=\"og:url\" content=\"https:\/\/shopatoa.com\/ro\/beurer-set-profesionist-pentru-manichiura-si-pedichiura-mp-100\/\" \/>\n<meta property=\"og:site_name\" content=\"SHOPATOA\" \/>\n<meta property=\"article:modified_time\" content=\"2025-12-11T17:53:49+00:00\" \/>\n<meta property=\"og:image\" content=\"https:\/\/storage.googleapis.com\/cz-shopatoa-img\/ro\/cf9d8b0c-unnamed-file.webp\" \/>\n\t<meta property=\"og:image:width\" content=\"800\" \/>\n\t<meta property=\"og:image:height\" content=\"800\" \/>\n\t<meta property=\"og:image:type\" content=\"image\/webp\" \/>\n<meta name=\"twitter:card\" content=\"summary_large_image\" \/>\n<script type=\"application\/ld+json\" class=\"yoast-schema-graph\">{\"@context\":\"https:\\\/\\\/schema.org\",\"@graph\":[{\"@type\":\"WebPage\",\"@id\":\"https:\\\/\\\/shopatoa.com\\\/ro\\\/beurer-set-profesionist-pentru-manichiura-si-pedichiura-mp-100\\\/\",\"url\":\"https:\\\/\\\/shopatoa.com\\\/ro\\\/beurer-set-profesionist-pentru-manichiura-si-pedichiura-mp-100\\\/\",\"name\":\"Beurer Set profesionist pentru manichiura si pedichiura MP 100 - SHOPATOA.COM\",\"isPartOf\":{\"@id\":\"https:\\\/\\\/shopatoa.com\\\/ro\\\/#website\"},\"primaryImageOfPage\":{\"@id\":\"https:\\\/\\\/shopatoa.com\\\/ro\\\/beurer-set-profesionist-pentru-manichiura-si-pedichiura-mp-100\\\/#primaryimage\"},\"image\":{\"@id\":\"https:\\\/\\\/shopatoa.com\\\/ro\\\/beurer-set-profesionist-pentru-manichiura-si-pedichiura-mp-100\\\/#primaryimage\"},\"thumbnailUrl\":\"https:\\\/\\\/storage.googleapis.com\\\/cz-shopatoa-img\\\/ro\\\/cf9d8b0c-unnamed-file.webp\",\"datePublished\":\"2025-04-30T15:00:36+00:00\",\"dateModified\":\"2025-12-11T17:53:49+00:00\",\"breadcrumb\":{\"@id\":\"https:\\\/\\\/shopatoa.com\\\/ro\\\/beurer-set-profesionist-pentru-manichiura-si-pedichiura-mp-100\\\/#breadcrumb\"},\"inLanguage\":\"ro-RO\",\"potentialAction\":[{\"@type\":\"ReadAction\",\"target\":[\"https:\\\/\\\/shopatoa.com\\\/ro\\\/beurer-set-profesionist-pentru-manichiura-si-pedichiura-mp-100\\\/\"]}]},{\"@type\":\"ImageObject\",\"inLanguage\":\"ro-RO\",\"@id\":\"https:\\\/\\\/shopatoa.com\\\/ro\\\/beurer-set-profesionist-pentru-manichiura-si-pedichiura-mp-100\\\/#primaryimage\",\"url\":\"https:\\\/\\\/storage.googleapis.com\\\/cz-shopatoa-img\\\/ro\\\/cf9d8b0c-unnamed-file.webp\",\"contentUrl\":\"https:\\\/\\\/storage.googleapis.com\\\/cz-shopatoa-img\\\/ro\\\/cf9d8b0c-unnamed-file.webp\",\"width\":800,\"height\":800},{\"@type\":\"BreadcrumbList\",\"@id\":\"https:\\\/\\\/shopatoa.com\\\/ro\\\/beurer-set-profesionist-pentru-manichiura-si-pedichiura-mp-100\\\/#breadcrumb\",\"itemListElement\":[{\"@type\":\"ListItem\",\"position\":1,\"name\":\"Dom\u016f\",\"item\":\"https:\\\/\\\/shopatoa.com\\\/ro\\\/\"},{\"@type\":\"ListItem\",\"position\":2,\"name\":\"Shop\",\"item\":\"https:\\\/\\\/shopatoa.com\\\/ro\\\/shop\\\/\"},{\"@type\":\"ListItem\",\"position\":3,\"name\":\"Cosmetice\",\"item\":\"https:\\\/\\\/shopatoa.com\\\/ro\\\/cosmetice\\\/\"},{\"@type\":\"ListItem\",\"position\":4,\"name\":\"Produse cosmetice pentru corp\",\"item\":\"https:\\\/\\\/shopatoa.com\\\/ro\\\/produse-cosmetice-pentru-corp\\\/\"},{\"@type\":\"ListItem\",\"position\":5,\"name\":\"Manichiura si pedichiura\",\"item\":\"https:\\\/\\\/shopatoa.com\\\/ro\\\/manichiura-si-pedichiura\\\/\"},{\"@type\":\"ListItem\",\"position\":6,\"name\":\"Manichiuri\",\"item\":\"https:\\\/\\\/shopatoa.com\\\/ro\\\/manichiuri\\\/\"},{\"@type\":\"ListItem\",\"position\":7,\"name\":\"Beurer Set profesionist pentru manichiura si pedichiura MP 100\"}]},{\"@type\":\"WebSite\",\"@id\":\"https:\\\/\\\/shopatoa.com\\\/ro\\\/#website\",\"url\":\"https:\\\/\\\/shopatoa.com\\\/ro\\\/\",\"name\":\"SHOPATOA\",\"description\":\"\",\"publisher\":{\"@id\":\"https:\\\/\\\/shopatoa.com\\\/ro\\\/#organization\"},\"potentialAction\":[{\"@type\":\"SearchAction\",\"target\":{\"@type\":\"EntryPoint\",\"urlTemplate\":\"https:\\\/\\\/shopatoa.com\\\/ro\\\/?s={search_term_string}\"},\"query-input\":{\"@type\":\"PropertyValueSpecification\",\"valueRequired\":true,\"valueName\":\"search_term_string\"}}],\"inLanguage\":\"ro-RO\"},{\"@type\":\"Organization\",\"@id\":\"https:\\\/\\\/shopatoa.com\\\/ro\\\/#organization\",\"name\":\"SHOPATOA\",\"url\":\"https:\\\/\\\/shopatoa.com\\\/ro\\\/\",\"logo\":{\"@type\":\"ImageObject\",\"inLanguage\":\"ro-RO\",\"@id\":\"https:\\\/\\\/shopatoa.com\\\/ro\\\/#\\\/schema\\\/logo\\\/image\\\/\",\"url\":\"https:\\\/\\\/storage.googleapis.com\\\/cz-shopatoa-img\\\/ro\\\/b4dac915-shopatoa_logo.png\",\"contentUrl\":\"https:\\\/\\\/storage.googleapis.com\\\/cz-shopatoa-img\\\/ro\\\/b4dac915-shopatoa_logo.png\",\"width\":416,\"height\":63,\"caption\":\"SHOPATOA\"},\"image\":{\"@id\":\"https:\\\/\\\/shopatoa.com\\\/ro\\\/#\\\/schema\\\/logo\\\/image\\\/\"}}]}<\/script>\n<!-- \/ Yoast SEO plugin. -->","yoast_head_json":{"title":"Beurer Set profesionist pentru manichiura si pedichiura MP 100 - SHOPATOA.COM","robots":{"index":"index","follow":"follow","max-snippet":"max-snippet:-1","max-image-preview":"max-image-preview:large","max-video-preview":"max-video-preview:-1"},"canonical":"https:\/\/shopatoa.com\/ro\/beurer-set-profesionist-pentru-manichiura-si-pedichiura-mp-100\/","og_locale":"ro_RO","og_type":"article","og_title":"Beurer Set profesionist pentru manichiura si pedichiura MP 100 - SHOPATOA.COM","og_description":"Dispozitivul de manichiur\u0103 \u0219i pedichiur\u0103 MPE 100 include 10 accesorii profesionale de \u00eenalt\u0103 calitate o via\u021b\u0103 lung\u0103. Echipamentele profesionale au o suprafa\u021b\u0103 safir rezistent\u0103, \u00een cele din urm\u0103. lustruire, sim\u021bire cerin\u021bele cele mai ridicate \u0219i, prin urmare, sunt ideale pentru tratamentul individual. \u00cengrijirea profesional\u0103 este asigurat\u0103 odat\u0103 cu controlul rapid al vitezei \u0219i func\u021bionarea din...","og_url":"https:\/\/shopatoa.com\/ro\/beurer-set-profesionist-pentru-manichiura-si-pedichiura-mp-100\/","og_site_name":"SHOPATOA","article_modified_time":"2025-12-11T17:53:49+00:00","og_image":[{"width":800,"height":800,"url":"https:\/\/storage.googleapis.com\/cz-shopatoa-img\/ro\/cf9d8b0c-unnamed-file.webp","type":"image\/webp"}],"twitter_card":"summary_large_image","schema":{"@context":"https:\/\/schema.org","@graph":[{"@type":"WebPage","@id":"https:\/\/shopatoa.com\/ro\/beurer-set-profesionist-pentru-manichiura-si-pedichiura-mp-100\/","url":"https:\/\/shopatoa.com\/ro\/beurer-set-profesionist-pentru-manichiura-si-pedichiura-mp-100\/","name":"Beurer Set profesionist pentru manichiura si pedichiura MP 100 - SHOPATOA.COM","isPartOf":{"@id":"https:\/\/shopatoa.com\/ro\/#website"},"primaryImageOfPage":{"@id":"https:\/\/shopatoa.com\/ro\/beurer-set-profesionist-pentru-manichiura-si-pedichiura-mp-100\/#primaryimage"},"image":{"@id":"https:\/\/shopatoa.com\/ro\/beurer-set-profesionist-pentru-manichiura-si-pedichiura-mp-100\/#primaryimage"},"thumbnailUrl":"https:\/\/storage.googleapis.com\/cz-shopatoa-img\/ro\/cf9d8b0c-unnamed-file.webp","datePublished":"2025-04-30T15:00:36+00:00","dateModified":"2025-12-11T17:53:49+00:00","breadcrumb":{"@id":"https:\/\/shopatoa.com\/ro\/beurer-set-profesionist-pentru-manichiura-si-pedichiura-mp-100\/#breadcrumb"},"inLanguage":"ro-RO","potentialAction":[{"@type":"ReadAction","target":["https:\/\/shopatoa.com\/ro\/beurer-set-profesionist-pentru-manichiura-si-pedichiura-mp-100\/"]}]},{"@type":"ImageObject","inLanguage":"ro-RO","@id":"https:\/\/shopatoa.com\/ro\/beurer-set-profesionist-pentru-manichiura-si-pedichiura-mp-100\/#primaryimage","url":"https:\/\/storage.googleapis.com\/cz-shopatoa-img\/ro\/cf9d8b0c-unnamed-file.webp","contentUrl":"https:\/\/storage.googleapis.com\/cz-shopatoa-img\/ro\/cf9d8b0c-unnamed-file.webp","width":800,"height":800},{"@type":"BreadcrumbList","@id":"https:\/\/shopatoa.com\/ro\/beurer-set-profesionist-pentru-manichiura-si-pedichiura-mp-100\/#breadcrumb","itemListElement":[{"@type":"ListItem","position":1,"name":"Dom\u016f","item":"https:\/\/shopatoa.com\/ro\/"},{"@type":"ListItem","position":2,"name":"Shop","item":"https:\/\/shopatoa.com\/ro\/shop\/"},{"@type":"ListItem","position":3,"name":"Cosmetice","item":"https:\/\/shopatoa.com\/ro\/cosmetice\/"},{"@type":"ListItem","position":4,"name":"Produse cosmetice pentru corp","item":"https:\/\/shopatoa.com\/ro\/produse-cosmetice-pentru-corp\/"},{"@type":"ListItem","position":5,"name":"Manichiura si pedichiura","item":"https:\/\/shopatoa.com\/ro\/manichiura-si-pedichiura\/"},{"@type":"ListItem","position":6,"name":"Manichiuri","item":"https:\/\/shopatoa.com\/ro\/manichiuri\/"},{"@type":"ListItem","position":7,"name":"Beurer Set profesionist pentru manichiura si pedichiura MP 100"}]},{"@type":"WebSite","@id":"https:\/\/shopatoa.com\/ro\/#website","url":"https:\/\/shopatoa.com\/ro\/","name":"SHOPATOA","description":"","publisher":{"@id":"https:\/\/shopatoa.com\/ro\/#organization"},"potentialAction":[{"@type":"SearchAction","target":{"@type":"EntryPoint","urlTemplate":"https:\/\/shopatoa.com\/ro\/?s={search_term_string}"},"query-input":{"@type":"PropertyValueSpecification","valueRequired":true,"valueName":"search_term_string"}}],"inLanguage":"ro-RO"},{"@type":"Organization","@id":"https:\/\/shopatoa.com\/ro\/#organization","name":"SHOPATOA","url":"https:\/\/shopatoa.com\/ro\/","logo":{"@type":"ImageObject","inLanguage":"ro-RO","@id":"https:\/\/shopatoa.com\/ro\/#\/schema\/logo\/image\/","url":"https:\/\/storage.googleapis.com\/cz-shopatoa-img\/ro\/b4dac915-shopatoa_logo.png","contentUrl":"https:\/\/storage.googleapis.com\/cz-shopatoa-img\/ro\/b4dac915-shopatoa_logo.png","width":416,"height":63,"caption":"SHOPATOA"},"image":{"@id":"https:\/\/shopatoa.com\/ro\/#\/schema\/logo\/image\/"}}]}},"_links":{"self":[{"href":"https:\/\/shopatoa.com\/ro\/wp-json\/wp\/v2\/product\/279649","targetHints":{"allow":["GET"]}}],"collection":[{"href":"https:\/\/shopatoa.com\/ro\/wp-json\/wp\/v2\/product"}],"about":[{"href":"https:\/\/shopatoa.com\/ro\/wp-json\/wp\/v2\/types\/product"}],"replies":[{"embeddable":true,"href":"https:\/\/shopatoa.com\/ro\/wp-json\/wp\/v2\/comments?post=279649"}],"wp:featuredmedia":[{"embeddable":true,"href":"https:\/\/shopatoa.com\/ro\/wp-json\/wp\/v2\/media\/279650"}],"wp:attachment":[{"href":"https:\/\/shopatoa.com\/ro\/wp-json\/wp\/v2\/media?parent=279649"}],"wp:term":[{"taxonomy":"product_brand","embeddable":true,"href":"https:\/\/shopatoa.com\/ro\/wp-json\/wp\/v2\/product_brand?post=279649"},{"taxonomy":"product_cat","embeddable":true,"href":"https:\/\/shopatoa.com\/ro\/wp-json\/wp\/v2\/product_cat?post=279649"},{"taxonomy":"product_tag","embeddable":true,"href":"https:\/\/shopatoa.com\/ro\/wp-json\/wp\/v2\/product_tag?post=279649"}],"curies":[{"name":"wp","href":"https:\/\/api.w.org\/{rel}","templated":true}]}}