{"id":280288,"date":"2025-04-30T18:11:10","date_gmt":"2025-04-30T16:11:10","guid":{"rendered":"https:\/\/shopatoa.com\/ro\/sisley-instant-perfect-wrinkle-corrector-20-ml\/"},"modified":"2025-11-26T04:25:13","modified_gmt":"2025-11-26T03:25:13","slug":"sisley-instant-perfect-wrinkle-corrector-20-ml","status":"publish","type":"product","link":"https:\/\/shopatoa.com\/ro\/sisley-instant-perfect-wrinkle-corrector-20-ml\/","title":{"rendered":"Sisley Instant Perfect (Wrinkle Corrector) 20 ml"},"content":{"rendered":"<p>Corectorul de lupt\u0103 antirid luxos corecteaz\u0103 instantaneu imperfec\u021biunile pielii \u0219i \u00eembun\u0103t\u0103\u021be\u0219te zona ochilor. De asemenea, pute\u021bi folosi concealerul \u00een orice moment al zilei ca un ajutor ideal \u0219i imediat \u00een periajul zonelor str\u0103lucitoare ale fe\u021bei. Cu un antiderapant unic de riduri ve\u021bi avea o piele frumos \u00eentre\u021binut\u0103 \u0219i radiant\u0103!<\/p>\n","protected":false},"excerpt":{"rendered":"<p>Corectorul de lupt\u0103 antirid luxos corecteaz\u0103 instantaneu imperfec\u021biunile pielii \u0219i \u00eembun\u0103t\u0103\u021be\u0219te zona ochilor. De asemenea, pute\u021bi folosi concealerul \u00een orice moment al zilei ca un ajutor ideal \u0219i imediat \u00een periajul zonelor str\u0103lucitoare ale fe\u021bei. Cu un antiderapant unic de riduri ve\u021bi avea o piele frumos \u00eentre\u021binut\u0103 \u0219i radiant\u0103!<\/p>\n","protected":false},"featured_media":280289,"comment_status":"closed","ping_status":"open","template":"","meta":{"_acf_changed":false,"_kadence_starter_templates_imported_post":false,"_kad_post_transparent":"","_kad_post_title":"","_kad_post_layout":"","_kad_post_sidebar_id":"","_kad_post_content_style":"","_kad_post_vertical_padding":"","_kad_post_feature":"","_kad_post_feature_position":"","_kad_post_header":false,"_kad_post_footer":false,"_kad_post_classname":""},"product_brand":[337],"product_cat":[246,609,631],"product_tag":[],"class_list":{"0":"post-280288","1":"product","2":"type-product","3":"status-publish","4":"has-post-thumbnail","6":"product_brand-sisley","7":"product_cat-cosmetice","8":"product_cat-cosmetice-decorative","9":"product_cat-machiaj-pentru-ochi","11":"first","12":"instock","13":"sale","14":"product-type-external","15":"entry","16":"content-bg","17":"loop-entry"},"acf":[],"yoast_head":"<!-- This site is optimized with the Yoast SEO plugin v27.3 - https:\/\/yoast.com\/product\/yoast-seo-wordpress\/ -->\n<title>Sisley Instant Perfect (Wrinkle Corrector) 20 ml - SHOPATOA.COM<\/title>\n<meta name=\"robots\" content=\"index, follow, max-snippet:-1, max-image-preview:large, max-video-preview:-1\" \/>\n<link rel=\"canonical\" href=\"https:\/\/shopatoa.com\/ro\/sisley-instant-perfect-wrinkle-corrector-20-ml\/\" \/>\n<meta property=\"og:locale\" content=\"ro_RO\" \/>\n<meta property=\"og:type\" content=\"article\" \/>\n<meta property=\"og:title\" content=\"Sisley Instant Perfect (Wrinkle Corrector) 20 ml - SHOPATOA.COM\" \/>\n<meta property=\"og:description\" content=\"Corectorul de lupt\u0103 antirid luxos corecteaz\u0103 instantaneu imperfec\u021biunile pielii \u0219i \u00eembun\u0103t\u0103\u021be\u0219te zona ochilor. De asemenea, pute\u021bi folosi concealerul \u00een orice moment al zilei ca un ajutor ideal \u0219i imediat \u00een periajul zonelor str\u0103lucitoare ale fe\u021bei. Cu un antiderapant unic de riduri ve\u021bi avea o piele frumos \u00eentre\u021binut\u0103 \u0219i radiant\u0103!\" \/>\n<meta property=\"og:url\" content=\"https:\/\/shopatoa.com\/ro\/sisley-instant-perfect-wrinkle-corrector-20-ml\/\" \/>\n<meta property=\"og:site_name\" content=\"SHOPATOA\" \/>\n<meta property=\"article:modified_time\" content=\"2025-11-26T03:25:13+00:00\" \/>\n<meta property=\"og:image\" content=\"https:\/\/storage.googleapis.com\/cz-shopatoa-img\/ro\/512d7f3d-unnamed-file.webp\" \/>\n\t<meta property=\"og:image:width\" content=\"800\" \/>\n\t<meta property=\"og:image:height\" content=\"800\" \/>\n\t<meta property=\"og:image:type\" content=\"image\/webp\" \/>\n<meta name=\"twitter:card\" content=\"summary_large_image\" \/>\n<script type=\"application\/ld+json\" class=\"yoast-schema-graph\">{\"@context\":\"https:\\\/\\\/schema.org\",\"@graph\":[{\"@type\":\"WebPage\",\"@id\":\"https:\\\/\\\/shopatoa.com\\\/ro\\\/sisley-instant-perfect-wrinkle-corrector-20-ml\\\/\",\"url\":\"https:\\\/\\\/shopatoa.com\\\/ro\\\/sisley-instant-perfect-wrinkle-corrector-20-ml\\\/\",\"name\":\"Sisley Instant Perfect (Wrinkle Corrector) 20 ml - SHOPATOA.COM\",\"isPartOf\":{\"@id\":\"https:\\\/\\\/shopatoa.com\\\/ro\\\/#website\"},\"primaryImageOfPage\":{\"@id\":\"https:\\\/\\\/shopatoa.com\\\/ro\\\/sisley-instant-perfect-wrinkle-corrector-20-ml\\\/#primaryimage\"},\"image\":{\"@id\":\"https:\\\/\\\/shopatoa.com\\\/ro\\\/sisley-instant-perfect-wrinkle-corrector-20-ml\\\/#primaryimage\"},\"thumbnailUrl\":\"https:\\\/\\\/storage.googleapis.com\\\/cz-shopatoa-img\\\/ro\\\/512d7f3d-unnamed-file.webp\",\"datePublished\":\"2025-04-30T16:11:10+00:00\",\"dateModified\":\"2025-11-26T03:25:13+00:00\",\"breadcrumb\":{\"@id\":\"https:\\\/\\\/shopatoa.com\\\/ro\\\/sisley-instant-perfect-wrinkle-corrector-20-ml\\\/#breadcrumb\"},\"inLanguage\":\"ro-RO\",\"potentialAction\":[{\"@type\":\"ReadAction\",\"target\":[\"https:\\\/\\\/shopatoa.com\\\/ro\\\/sisley-instant-perfect-wrinkle-corrector-20-ml\\\/\"]}]},{\"@type\":\"ImageObject\",\"inLanguage\":\"ro-RO\",\"@id\":\"https:\\\/\\\/shopatoa.com\\\/ro\\\/sisley-instant-perfect-wrinkle-corrector-20-ml\\\/#primaryimage\",\"url\":\"https:\\\/\\\/storage.googleapis.com\\\/cz-shopatoa-img\\\/ro\\\/512d7f3d-unnamed-file.webp\",\"contentUrl\":\"https:\\\/\\\/storage.googleapis.com\\\/cz-shopatoa-img\\\/ro\\\/512d7f3d-unnamed-file.webp\",\"width\":800,\"height\":800},{\"@type\":\"BreadcrumbList\",\"@id\":\"https:\\\/\\\/shopatoa.com\\\/ro\\\/sisley-instant-perfect-wrinkle-corrector-20-ml\\\/#breadcrumb\",\"itemListElement\":[{\"@type\":\"ListItem\",\"position\":1,\"name\":\"Dom\u016f\",\"item\":\"https:\\\/\\\/shopatoa.com\\\/ro\\\/\"},{\"@type\":\"ListItem\",\"position\":2,\"name\":\"Shop\",\"item\":\"https:\\\/\\\/shopatoa.com\\\/ro\\\/shop\\\/\"},{\"@type\":\"ListItem\",\"position\":3,\"name\":\"Cosmetice\",\"item\":\"https:\\\/\\\/shopatoa.com\\\/ro\\\/cosmetice\\\/\"},{\"@type\":\"ListItem\",\"position\":4,\"name\":\"Cosmetice decorative\",\"item\":\"https:\\\/\\\/shopatoa.com\\\/ro\\\/cosmetice-decorative\\\/\"},{\"@type\":\"ListItem\",\"position\":5,\"name\":\"Machiaj pentru ochi\",\"item\":\"https:\\\/\\\/shopatoa.com\\\/ro\\\/machiaj-pentru-ochi\\\/\"},{\"@type\":\"ListItem\",\"position\":6,\"name\":\"Sisley Instant Perfect (Wrinkle Corrector) 20 ml\"}]},{\"@type\":\"WebSite\",\"@id\":\"https:\\\/\\\/shopatoa.com\\\/ro\\\/#website\",\"url\":\"https:\\\/\\\/shopatoa.com\\\/ro\\\/\",\"name\":\"SHOPATOA\",\"description\":\"\",\"publisher\":{\"@id\":\"https:\\\/\\\/shopatoa.com\\\/ro\\\/#organization\"},\"potentialAction\":[{\"@type\":\"SearchAction\",\"target\":{\"@type\":\"EntryPoint\",\"urlTemplate\":\"https:\\\/\\\/shopatoa.com\\\/ro\\\/?s={search_term_string}\"},\"query-input\":{\"@type\":\"PropertyValueSpecification\",\"valueRequired\":true,\"valueName\":\"search_term_string\"}}],\"inLanguage\":\"ro-RO\"},{\"@type\":\"Organization\",\"@id\":\"https:\\\/\\\/shopatoa.com\\\/ro\\\/#organization\",\"name\":\"SHOPATOA\",\"url\":\"https:\\\/\\\/shopatoa.com\\\/ro\\\/\",\"logo\":{\"@type\":\"ImageObject\",\"inLanguage\":\"ro-RO\",\"@id\":\"https:\\\/\\\/shopatoa.com\\\/ro\\\/#\\\/schema\\\/logo\\\/image\\\/\",\"url\":\"https:\\\/\\\/storage.googleapis.com\\\/cz-shopatoa-img\\\/ro\\\/b4dac915-shopatoa_logo.png\",\"contentUrl\":\"https:\\\/\\\/storage.googleapis.com\\\/cz-shopatoa-img\\\/ro\\\/b4dac915-shopatoa_logo.png\",\"width\":416,\"height\":63,\"caption\":\"SHOPATOA\"},\"image\":{\"@id\":\"https:\\\/\\\/shopatoa.com\\\/ro\\\/#\\\/schema\\\/logo\\\/image\\\/\"}}]}<\/script>\n<!-- \/ Yoast SEO plugin. -->","yoast_head_json":{"title":"Sisley Instant Perfect (Wrinkle Corrector) 20 ml - SHOPATOA.COM","robots":{"index":"index","follow":"follow","max-snippet":"max-snippet:-1","max-image-preview":"max-image-preview:large","max-video-preview":"max-video-preview:-1"},"canonical":"https:\/\/shopatoa.com\/ro\/sisley-instant-perfect-wrinkle-corrector-20-ml\/","og_locale":"ro_RO","og_type":"article","og_title":"Sisley Instant Perfect (Wrinkle Corrector) 20 ml - SHOPATOA.COM","og_description":"Corectorul de lupt\u0103 antirid luxos corecteaz\u0103 instantaneu imperfec\u021biunile pielii \u0219i \u00eembun\u0103t\u0103\u021be\u0219te zona ochilor. De asemenea, pute\u021bi folosi concealerul \u00een orice moment al zilei ca un ajutor ideal \u0219i imediat \u00een periajul zonelor str\u0103lucitoare ale fe\u021bei. Cu un antiderapant unic de riduri ve\u021bi avea o piele frumos \u00eentre\u021binut\u0103 \u0219i radiant\u0103!","og_url":"https:\/\/shopatoa.com\/ro\/sisley-instant-perfect-wrinkle-corrector-20-ml\/","og_site_name":"SHOPATOA","article_modified_time":"2025-11-26T03:25:13+00:00","og_image":[{"width":800,"height":800,"url":"https:\/\/storage.googleapis.com\/cz-shopatoa-img\/ro\/512d7f3d-unnamed-file.webp","type":"image\/webp"}],"twitter_card":"summary_large_image","schema":{"@context":"https:\/\/schema.org","@graph":[{"@type":"WebPage","@id":"https:\/\/shopatoa.com\/ro\/sisley-instant-perfect-wrinkle-corrector-20-ml\/","url":"https:\/\/shopatoa.com\/ro\/sisley-instant-perfect-wrinkle-corrector-20-ml\/","name":"Sisley Instant Perfect (Wrinkle Corrector) 20 ml - SHOPATOA.COM","isPartOf":{"@id":"https:\/\/shopatoa.com\/ro\/#website"},"primaryImageOfPage":{"@id":"https:\/\/shopatoa.com\/ro\/sisley-instant-perfect-wrinkle-corrector-20-ml\/#primaryimage"},"image":{"@id":"https:\/\/shopatoa.com\/ro\/sisley-instant-perfect-wrinkle-corrector-20-ml\/#primaryimage"},"thumbnailUrl":"https:\/\/storage.googleapis.com\/cz-shopatoa-img\/ro\/512d7f3d-unnamed-file.webp","datePublished":"2025-04-30T16:11:10+00:00","dateModified":"2025-11-26T03:25:13+00:00","breadcrumb":{"@id":"https:\/\/shopatoa.com\/ro\/sisley-instant-perfect-wrinkle-corrector-20-ml\/#breadcrumb"},"inLanguage":"ro-RO","potentialAction":[{"@type":"ReadAction","target":["https:\/\/shopatoa.com\/ro\/sisley-instant-perfect-wrinkle-corrector-20-ml\/"]}]},{"@type":"ImageObject","inLanguage":"ro-RO","@id":"https:\/\/shopatoa.com\/ro\/sisley-instant-perfect-wrinkle-corrector-20-ml\/#primaryimage","url":"https:\/\/storage.googleapis.com\/cz-shopatoa-img\/ro\/512d7f3d-unnamed-file.webp","contentUrl":"https:\/\/storage.googleapis.com\/cz-shopatoa-img\/ro\/512d7f3d-unnamed-file.webp","width":800,"height":800},{"@type":"BreadcrumbList","@id":"https:\/\/shopatoa.com\/ro\/sisley-instant-perfect-wrinkle-corrector-20-ml\/#breadcrumb","itemListElement":[{"@type":"ListItem","position":1,"name":"Dom\u016f","item":"https:\/\/shopatoa.com\/ro\/"},{"@type":"ListItem","position":2,"name":"Shop","item":"https:\/\/shopatoa.com\/ro\/shop\/"},{"@type":"ListItem","position":3,"name":"Cosmetice","item":"https:\/\/shopatoa.com\/ro\/cosmetice\/"},{"@type":"ListItem","position":4,"name":"Cosmetice decorative","item":"https:\/\/shopatoa.com\/ro\/cosmetice-decorative\/"},{"@type":"ListItem","position":5,"name":"Machiaj pentru ochi","item":"https:\/\/shopatoa.com\/ro\/machiaj-pentru-ochi\/"},{"@type":"ListItem","position":6,"name":"Sisley Instant Perfect (Wrinkle Corrector) 20 ml"}]},{"@type":"WebSite","@id":"https:\/\/shopatoa.com\/ro\/#website","url":"https:\/\/shopatoa.com\/ro\/","name":"SHOPATOA","description":"","publisher":{"@id":"https:\/\/shopatoa.com\/ro\/#organization"},"potentialAction":[{"@type":"SearchAction","target":{"@type":"EntryPoint","urlTemplate":"https:\/\/shopatoa.com\/ro\/?s={search_term_string}"},"query-input":{"@type":"PropertyValueSpecification","valueRequired":true,"valueName":"search_term_string"}}],"inLanguage":"ro-RO"},{"@type":"Organization","@id":"https:\/\/shopatoa.com\/ro\/#organization","name":"SHOPATOA","url":"https:\/\/shopatoa.com\/ro\/","logo":{"@type":"ImageObject","inLanguage":"ro-RO","@id":"https:\/\/shopatoa.com\/ro\/#\/schema\/logo\/image\/","url":"https:\/\/storage.googleapis.com\/cz-shopatoa-img\/ro\/b4dac915-shopatoa_logo.png","contentUrl":"https:\/\/storage.googleapis.com\/cz-shopatoa-img\/ro\/b4dac915-shopatoa_logo.png","width":416,"height":63,"caption":"SHOPATOA"},"image":{"@id":"https:\/\/shopatoa.com\/ro\/#\/schema\/logo\/image\/"}}]}},"_links":{"self":[{"href":"https:\/\/shopatoa.com\/ro\/wp-json\/wp\/v2\/product\/280288","targetHints":{"allow":["GET"]}}],"collection":[{"href":"https:\/\/shopatoa.com\/ro\/wp-json\/wp\/v2\/product"}],"about":[{"href":"https:\/\/shopatoa.com\/ro\/wp-json\/wp\/v2\/types\/product"}],"replies":[{"embeddable":true,"href":"https:\/\/shopatoa.com\/ro\/wp-json\/wp\/v2\/comments?post=280288"}],"wp:featuredmedia":[{"embeddable":true,"href":"https:\/\/shopatoa.com\/ro\/wp-json\/wp\/v2\/media\/280289"}],"wp:attachment":[{"href":"https:\/\/shopatoa.com\/ro\/wp-json\/wp\/v2\/media?parent=280288"}],"wp:term":[{"taxonomy":"product_brand","embeddable":true,"href":"https:\/\/shopatoa.com\/ro\/wp-json\/wp\/v2\/product_brand?post=280288"},{"taxonomy":"product_cat","embeddable":true,"href":"https:\/\/shopatoa.com\/ro\/wp-json\/wp\/v2\/product_cat?post=280288"},{"taxonomy":"product_tag","embeddable":true,"href":"https:\/\/shopatoa.com\/ro\/wp-json\/wp\/v2\/product_tag?post=280288"}],"curies":[{"name":"wp","href":"https:\/\/api.w.org\/{rel}","templated":true}]}}