{"id":280452,"date":"2025-04-30T18:30:39","date_gmt":"2025-04-30T16:30:39","guid":{"rendered":"https:\/\/shopatoa.com\/ro\/sesderma-hidraderm-facial-cream-crema-hidratanta-50-ml\/"},"modified":"2025-12-11T18:05:43","modified_gmt":"2025-12-11T17:05:43","slug":"sesderma-hidraderm-facial-cream-crema-hidratanta-50-ml","status":"publish","type":"product","link":"https:\/\/shopatoa.com\/ro\/sesderma-hidraderm-facial-cream-crema-hidratanta-50-ml\/","title":{"rendered":"Sesderma Hidraderm (Facial Cream) crem\u0103 hidratant\u0103 50 ml"},"content":{"rendered":"<p>Crema hidratant\u0103 este recomandat\u0103 \u00een special pentru pielea uscat\u0103 \u0219i sensibil\u0103. Compozi\u021bia cremei se bazeaz\u0103 pe acidul hialuronic, datorit\u0103 c\u0103ruia afecteaz\u0103 fa\u021ba \u00een toate straturile pielii, asigur\u0103 umiditatea sa lung\u0103 \u0219i optim\u0103 \u0219i previne uscarea. Protejeaz\u0103 perfect \u00eempotriva influen\u021belor externe cum ar fi aer uscat, \u00eenghe\u021b sau detergen\u021bi \u0219i influen\u021be interne cum ar fi \u00eemb\u0103tr\u00e2nirea \u0219i atopia.<\/p>\n","protected":false},"excerpt":{"rendered":"<p>Crema hidratant\u0103 este recomandat\u0103 \u00een special pentru pielea uscat\u0103 \u0219i sensibil\u0103. Compozi\u021bia cremei se bazeaz\u0103 pe acidul hialuronic, datorit\u0103 c\u0103ruia afecteaz\u0103 fa\u021ba \u00een toate straturile pielii, asigur\u0103 umiditatea sa lung\u0103 \u0219i optim\u0103 \u0219i previne uscarea. Protejeaz\u0103 perfect \u00eempotriva influen\u021belor externe cum ar fi aer uscat, \u00eenghe\u021b sau detergen\u021bi \u0219i influen\u021be interne cum ar fi \u00eemb\u0103tr\u00e2nirea&#8230;<\/p>\n","protected":false},"featured_media":280453,"comment_status":"closed","ping_status":"open","template":"","meta":{"_acf_changed":false,"_kadence_starter_templates_imported_post":false,"_kad_post_transparent":"","_kad_post_title":"","_kad_post_layout":"","_kad_post_sidebar_id":"","_kad_post_content_style":"","_kad_post_vertical_padding":"","_kad_post_feature":"","_kad_post_feature_position":"","_kad_post_header":false,"_kad_post_footer":false,"_kad_post_classname":""},"product_brand":[440],"product_cat":[246,634,633,708],"product_tag":[],"class_list":{"0":"post-280452","1":"product","2":"type-product","3":"status-publish","4":"has-post-thumbnail","6":"product_brand-sesderma","7":"product_cat-cosmetice","8":"product_cat-produse-cosmetice-de-ingrijire-a-pielii","9":"product_cat-produse-cosmetice-pentru-piele","10":"product_cat-produse-cosmetice-pentru-roseata-si-sensibilitate","12":"first","13":"instock","14":"sale","15":"product-type-external","16":"entry","17":"content-bg","18":"loop-entry"},"acf":[],"yoast_head":"<!-- This site is optimized with the Yoast SEO plugin v27.3 - https:\/\/yoast.com\/product\/yoast-seo-wordpress\/ -->\n<title>Sesderma Hidraderm (Facial Cream) crem\u0103 hidratant\u0103 50 ml - SHOPATOA.COM<\/title>\n<meta name=\"robots\" content=\"index, follow, max-snippet:-1, max-image-preview:large, max-video-preview:-1\" \/>\n<link rel=\"canonical\" href=\"https:\/\/shopatoa.com\/ro\/sesderma-hidraderm-facial-cream-crema-hidratanta-50-ml\/\" \/>\n<meta property=\"og:locale\" content=\"ro_RO\" \/>\n<meta property=\"og:type\" content=\"article\" \/>\n<meta property=\"og:title\" content=\"Sesderma Hidraderm (Facial Cream) crem\u0103 hidratant\u0103 50 ml - SHOPATOA.COM\" \/>\n<meta property=\"og:description\" content=\"Crema hidratant\u0103 este recomandat\u0103 \u00een special pentru pielea uscat\u0103 \u0219i sensibil\u0103. Compozi\u021bia cremei se bazeaz\u0103 pe acidul hialuronic, datorit\u0103 c\u0103ruia afecteaz\u0103 fa\u021ba \u00een toate straturile pielii, asigur\u0103 umiditatea sa lung\u0103 \u0219i optim\u0103 \u0219i previne uscarea. Protejeaz\u0103 perfect \u00eempotriva influen\u021belor externe cum ar fi aer uscat, \u00eenghe\u021b sau detergen\u021bi \u0219i influen\u021be interne cum ar fi \u00eemb\u0103tr\u00e2nirea...\" \/>\n<meta property=\"og:url\" content=\"https:\/\/shopatoa.com\/ro\/sesderma-hidraderm-facial-cream-crema-hidratanta-50-ml\/\" \/>\n<meta property=\"og:site_name\" content=\"SHOPATOA\" \/>\n<meta property=\"article:modified_time\" content=\"2025-12-11T17:05:43+00:00\" \/>\n<meta property=\"og:image\" content=\"https:\/\/storage.googleapis.com\/cz-shopatoa-img\/ro\/cbc0d481-unnamed-file.webp\" \/>\n\t<meta property=\"og:image:width\" content=\"800\" \/>\n\t<meta property=\"og:image:height\" content=\"800\" \/>\n\t<meta property=\"og:image:type\" content=\"image\/webp\" \/>\n<meta name=\"twitter:card\" content=\"summary_large_image\" \/>\n<script type=\"application\/ld+json\" class=\"yoast-schema-graph\">{\"@context\":\"https:\\\/\\\/schema.org\",\"@graph\":[{\"@type\":\"WebPage\",\"@id\":\"https:\\\/\\\/shopatoa.com\\\/ro\\\/sesderma-hidraderm-facial-cream-crema-hidratanta-50-ml\\\/\",\"url\":\"https:\\\/\\\/shopatoa.com\\\/ro\\\/sesderma-hidraderm-facial-cream-crema-hidratanta-50-ml\\\/\",\"name\":\"Sesderma Hidraderm (Facial Cream) crem\u0103 hidratant\u0103 50 ml - SHOPATOA.COM\",\"isPartOf\":{\"@id\":\"https:\\\/\\\/shopatoa.com\\\/ro\\\/#website\"},\"primaryImageOfPage\":{\"@id\":\"https:\\\/\\\/shopatoa.com\\\/ro\\\/sesderma-hidraderm-facial-cream-crema-hidratanta-50-ml\\\/#primaryimage\"},\"image\":{\"@id\":\"https:\\\/\\\/shopatoa.com\\\/ro\\\/sesderma-hidraderm-facial-cream-crema-hidratanta-50-ml\\\/#primaryimage\"},\"thumbnailUrl\":\"https:\\\/\\\/storage.googleapis.com\\\/cz-shopatoa-img\\\/ro\\\/cbc0d481-unnamed-file.webp\",\"datePublished\":\"2025-04-30T16:30:39+00:00\",\"dateModified\":\"2025-12-11T17:05:43+00:00\",\"breadcrumb\":{\"@id\":\"https:\\\/\\\/shopatoa.com\\\/ro\\\/sesderma-hidraderm-facial-cream-crema-hidratanta-50-ml\\\/#breadcrumb\"},\"inLanguage\":\"ro-RO\",\"potentialAction\":[{\"@type\":\"ReadAction\",\"target\":[\"https:\\\/\\\/shopatoa.com\\\/ro\\\/sesderma-hidraderm-facial-cream-crema-hidratanta-50-ml\\\/\"]}]},{\"@type\":\"ImageObject\",\"inLanguage\":\"ro-RO\",\"@id\":\"https:\\\/\\\/shopatoa.com\\\/ro\\\/sesderma-hidraderm-facial-cream-crema-hidratanta-50-ml\\\/#primaryimage\",\"url\":\"https:\\\/\\\/storage.googleapis.com\\\/cz-shopatoa-img\\\/ro\\\/cbc0d481-unnamed-file.webp\",\"contentUrl\":\"https:\\\/\\\/storage.googleapis.com\\\/cz-shopatoa-img\\\/ro\\\/cbc0d481-unnamed-file.webp\",\"width\":800,\"height\":800},{\"@type\":\"BreadcrumbList\",\"@id\":\"https:\\\/\\\/shopatoa.com\\\/ro\\\/sesderma-hidraderm-facial-cream-crema-hidratanta-50-ml\\\/#breadcrumb\",\"itemListElement\":[{\"@type\":\"ListItem\",\"position\":1,\"name\":\"Dom\u016f\",\"item\":\"https:\\\/\\\/shopatoa.com\\\/ro\\\/\"},{\"@type\":\"ListItem\",\"position\":2,\"name\":\"Shop\",\"item\":\"https:\\\/\\\/shopatoa.com\\\/ro\\\/shop\\\/\"},{\"@type\":\"ListItem\",\"position\":3,\"name\":\"Cosmetice\",\"item\":\"https:\\\/\\\/shopatoa.com\\\/ro\\\/cosmetice\\\/\"},{\"@type\":\"ListItem\",\"position\":4,\"name\":\"Produse cosmetice pentru piele\",\"item\":\"https:\\\/\\\/shopatoa.com\\\/ro\\\/produse-cosmetice-pentru-piele\\\/\"},{\"@type\":\"ListItem\",\"position\":5,\"name\":\"Produse cosmetice de \u00eengrijire a pielii\",\"item\":\"https:\\\/\\\/shopatoa.com\\\/ro\\\/produse-cosmetice-de-ingrijire-a-pielii\\\/\"},{\"@type\":\"ListItem\",\"position\":6,\"name\":\"Produse cosmetice pentru ro\u0219ea\u021b\u0103 \u0219i sensibilitate\",\"item\":\"https:\\\/\\\/shopatoa.com\\\/ro\\\/produse-cosmetice-pentru-roseata-si-sensibilitate\\\/\"},{\"@type\":\"ListItem\",\"position\":7,\"name\":\"Sesderma Hidraderm (Facial Cream) crem\u0103 hidratant\u0103 50 ml\"}]},{\"@type\":\"WebSite\",\"@id\":\"https:\\\/\\\/shopatoa.com\\\/ro\\\/#website\",\"url\":\"https:\\\/\\\/shopatoa.com\\\/ro\\\/\",\"name\":\"SHOPATOA\",\"description\":\"\",\"publisher\":{\"@id\":\"https:\\\/\\\/shopatoa.com\\\/ro\\\/#organization\"},\"potentialAction\":[{\"@type\":\"SearchAction\",\"target\":{\"@type\":\"EntryPoint\",\"urlTemplate\":\"https:\\\/\\\/shopatoa.com\\\/ro\\\/?s={search_term_string}\"},\"query-input\":{\"@type\":\"PropertyValueSpecification\",\"valueRequired\":true,\"valueName\":\"search_term_string\"}}],\"inLanguage\":\"ro-RO\"},{\"@type\":\"Organization\",\"@id\":\"https:\\\/\\\/shopatoa.com\\\/ro\\\/#organization\",\"name\":\"SHOPATOA\",\"url\":\"https:\\\/\\\/shopatoa.com\\\/ro\\\/\",\"logo\":{\"@type\":\"ImageObject\",\"inLanguage\":\"ro-RO\",\"@id\":\"https:\\\/\\\/shopatoa.com\\\/ro\\\/#\\\/schema\\\/logo\\\/image\\\/\",\"url\":\"https:\\\/\\\/storage.googleapis.com\\\/cz-shopatoa-img\\\/ro\\\/b4dac915-shopatoa_logo.png\",\"contentUrl\":\"https:\\\/\\\/storage.googleapis.com\\\/cz-shopatoa-img\\\/ro\\\/b4dac915-shopatoa_logo.png\",\"width\":416,\"height\":63,\"caption\":\"SHOPATOA\"},\"image\":{\"@id\":\"https:\\\/\\\/shopatoa.com\\\/ro\\\/#\\\/schema\\\/logo\\\/image\\\/\"}}]}<\/script>\n<!-- \/ Yoast SEO plugin. -->","yoast_head_json":{"title":"Sesderma Hidraderm (Facial Cream) crem\u0103 hidratant\u0103 50 ml - SHOPATOA.COM","robots":{"index":"index","follow":"follow","max-snippet":"max-snippet:-1","max-image-preview":"max-image-preview:large","max-video-preview":"max-video-preview:-1"},"canonical":"https:\/\/shopatoa.com\/ro\/sesderma-hidraderm-facial-cream-crema-hidratanta-50-ml\/","og_locale":"ro_RO","og_type":"article","og_title":"Sesderma Hidraderm (Facial Cream) crem\u0103 hidratant\u0103 50 ml - SHOPATOA.COM","og_description":"Crema hidratant\u0103 este recomandat\u0103 \u00een special pentru pielea uscat\u0103 \u0219i sensibil\u0103. Compozi\u021bia cremei se bazeaz\u0103 pe acidul hialuronic, datorit\u0103 c\u0103ruia afecteaz\u0103 fa\u021ba \u00een toate straturile pielii, asigur\u0103 umiditatea sa lung\u0103 \u0219i optim\u0103 \u0219i previne uscarea. Protejeaz\u0103 perfect \u00eempotriva influen\u021belor externe cum ar fi aer uscat, \u00eenghe\u021b sau detergen\u021bi \u0219i influen\u021be interne cum ar fi \u00eemb\u0103tr\u00e2nirea...","og_url":"https:\/\/shopatoa.com\/ro\/sesderma-hidraderm-facial-cream-crema-hidratanta-50-ml\/","og_site_name":"SHOPATOA","article_modified_time":"2025-12-11T17:05:43+00:00","og_image":[{"width":800,"height":800,"url":"https:\/\/storage.googleapis.com\/cz-shopatoa-img\/ro\/cbc0d481-unnamed-file.webp","type":"image\/webp"}],"twitter_card":"summary_large_image","schema":{"@context":"https:\/\/schema.org","@graph":[{"@type":"WebPage","@id":"https:\/\/shopatoa.com\/ro\/sesderma-hidraderm-facial-cream-crema-hidratanta-50-ml\/","url":"https:\/\/shopatoa.com\/ro\/sesderma-hidraderm-facial-cream-crema-hidratanta-50-ml\/","name":"Sesderma Hidraderm (Facial Cream) crem\u0103 hidratant\u0103 50 ml - SHOPATOA.COM","isPartOf":{"@id":"https:\/\/shopatoa.com\/ro\/#website"},"primaryImageOfPage":{"@id":"https:\/\/shopatoa.com\/ro\/sesderma-hidraderm-facial-cream-crema-hidratanta-50-ml\/#primaryimage"},"image":{"@id":"https:\/\/shopatoa.com\/ro\/sesderma-hidraderm-facial-cream-crema-hidratanta-50-ml\/#primaryimage"},"thumbnailUrl":"https:\/\/storage.googleapis.com\/cz-shopatoa-img\/ro\/cbc0d481-unnamed-file.webp","datePublished":"2025-04-30T16:30:39+00:00","dateModified":"2025-12-11T17:05:43+00:00","breadcrumb":{"@id":"https:\/\/shopatoa.com\/ro\/sesderma-hidraderm-facial-cream-crema-hidratanta-50-ml\/#breadcrumb"},"inLanguage":"ro-RO","potentialAction":[{"@type":"ReadAction","target":["https:\/\/shopatoa.com\/ro\/sesderma-hidraderm-facial-cream-crema-hidratanta-50-ml\/"]}]},{"@type":"ImageObject","inLanguage":"ro-RO","@id":"https:\/\/shopatoa.com\/ro\/sesderma-hidraderm-facial-cream-crema-hidratanta-50-ml\/#primaryimage","url":"https:\/\/storage.googleapis.com\/cz-shopatoa-img\/ro\/cbc0d481-unnamed-file.webp","contentUrl":"https:\/\/storage.googleapis.com\/cz-shopatoa-img\/ro\/cbc0d481-unnamed-file.webp","width":800,"height":800},{"@type":"BreadcrumbList","@id":"https:\/\/shopatoa.com\/ro\/sesderma-hidraderm-facial-cream-crema-hidratanta-50-ml\/#breadcrumb","itemListElement":[{"@type":"ListItem","position":1,"name":"Dom\u016f","item":"https:\/\/shopatoa.com\/ro\/"},{"@type":"ListItem","position":2,"name":"Shop","item":"https:\/\/shopatoa.com\/ro\/shop\/"},{"@type":"ListItem","position":3,"name":"Cosmetice","item":"https:\/\/shopatoa.com\/ro\/cosmetice\/"},{"@type":"ListItem","position":4,"name":"Produse cosmetice pentru piele","item":"https:\/\/shopatoa.com\/ro\/produse-cosmetice-pentru-piele\/"},{"@type":"ListItem","position":5,"name":"Produse cosmetice de \u00eengrijire a pielii","item":"https:\/\/shopatoa.com\/ro\/produse-cosmetice-de-ingrijire-a-pielii\/"},{"@type":"ListItem","position":6,"name":"Produse cosmetice pentru ro\u0219ea\u021b\u0103 \u0219i sensibilitate","item":"https:\/\/shopatoa.com\/ro\/produse-cosmetice-pentru-roseata-si-sensibilitate\/"},{"@type":"ListItem","position":7,"name":"Sesderma Hidraderm (Facial Cream) crem\u0103 hidratant\u0103 50 ml"}]},{"@type":"WebSite","@id":"https:\/\/shopatoa.com\/ro\/#website","url":"https:\/\/shopatoa.com\/ro\/","name":"SHOPATOA","description":"","publisher":{"@id":"https:\/\/shopatoa.com\/ro\/#organization"},"potentialAction":[{"@type":"SearchAction","target":{"@type":"EntryPoint","urlTemplate":"https:\/\/shopatoa.com\/ro\/?s={search_term_string}"},"query-input":{"@type":"PropertyValueSpecification","valueRequired":true,"valueName":"search_term_string"}}],"inLanguage":"ro-RO"},{"@type":"Organization","@id":"https:\/\/shopatoa.com\/ro\/#organization","name":"SHOPATOA","url":"https:\/\/shopatoa.com\/ro\/","logo":{"@type":"ImageObject","inLanguage":"ro-RO","@id":"https:\/\/shopatoa.com\/ro\/#\/schema\/logo\/image\/","url":"https:\/\/storage.googleapis.com\/cz-shopatoa-img\/ro\/b4dac915-shopatoa_logo.png","contentUrl":"https:\/\/storage.googleapis.com\/cz-shopatoa-img\/ro\/b4dac915-shopatoa_logo.png","width":416,"height":63,"caption":"SHOPATOA"},"image":{"@id":"https:\/\/shopatoa.com\/ro\/#\/schema\/logo\/image\/"}}]}},"_links":{"self":[{"href":"https:\/\/shopatoa.com\/ro\/wp-json\/wp\/v2\/product\/280452","targetHints":{"allow":["GET"]}}],"collection":[{"href":"https:\/\/shopatoa.com\/ro\/wp-json\/wp\/v2\/product"}],"about":[{"href":"https:\/\/shopatoa.com\/ro\/wp-json\/wp\/v2\/types\/product"}],"replies":[{"embeddable":true,"href":"https:\/\/shopatoa.com\/ro\/wp-json\/wp\/v2\/comments?post=280452"}],"wp:featuredmedia":[{"embeddable":true,"href":"https:\/\/shopatoa.com\/ro\/wp-json\/wp\/v2\/media\/280453"}],"wp:attachment":[{"href":"https:\/\/shopatoa.com\/ro\/wp-json\/wp\/v2\/media?parent=280452"}],"wp:term":[{"taxonomy":"product_brand","embeddable":true,"href":"https:\/\/shopatoa.com\/ro\/wp-json\/wp\/v2\/product_brand?post=280452"},{"taxonomy":"product_cat","embeddable":true,"href":"https:\/\/shopatoa.com\/ro\/wp-json\/wp\/v2\/product_cat?post=280452"},{"taxonomy":"product_tag","embeddable":true,"href":"https:\/\/shopatoa.com\/ro\/wp-json\/wp\/v2\/product_tag?post=280452"}],"curies":[{"name":"wp","href":"https:\/\/api.w.org\/{rel}","templated":true}]}}