{"id":280655,"date":"2025-04-30T18:51:57","date_gmt":"2025-04-30T16:51:57","guid":{"rendered":"https:\/\/shopatoa.com\/ro\/clarins-pudra-compacta-de-bronzare-ever-bronze-10-g-01\/"},"modified":"2025-12-11T17:55:16","modified_gmt":"2025-12-11T16:55:16","slug":"clarins-pudra-compacta-de-bronzare-ever-bronze-10-g-01","status":"publish","type":"product","link":"https:\/\/shopatoa.com\/ro\/clarins-pudra-compacta-de-bronzare-ever-bronze-10-g-01\/","title":{"rendered":"Clarins Pudr\u0103 compact\u0103 de bronzare Ever Bronze 10 g 01"},"content":{"rendered":"<p>Un duo iconic de pudre care \u00eenc\u0103lze\u0219te pielea \u0219i intensific\u0103 bronzul. Textura sa ultra-fin\u0103 permite pielii s\u0103 respire \u0219i s\u0103 str\u0103luceasc\u0103 cu o str\u0103lucire frumoas\u0103 de chihlimbar. Acoperirea u\u0219oar\u0103 \u0219i delicat\u0103 este inconfundabil\u0103. Rezultatul este foarte natural, iar pielea este uniform\u0103, bronzat\u0103, luminoas\u0103 \u0219i cald\u0103. Datorit\u0103 uleiului de cocos organic, se unifica cu pielea f\u0103r\u0103 a o usca, asigur\u00e2nd o senza\u021bie pl\u0103cut\u0103 la aplicare. \u00cengrije\u0219te pielea \u0219i o protejeaz\u0103 de deshidratare datorit\u0103 microplasturilor vegetale care o \u00eenmoaie si o \u00eenv\u0103luie in confort.<\/p>\n","protected":false},"excerpt":{"rendered":"<p>Un duo iconic de pudre care \u00eenc\u0103lze\u0219te pielea \u0219i intensific\u0103 bronzul. Textura sa ultra-fin\u0103 permite pielii s\u0103 respire \u0219i s\u0103 str\u0103luceasc\u0103 cu o str\u0103lucire frumoas\u0103 de chihlimbar. Acoperirea u\u0219oar\u0103 \u0219i delicat\u0103 este inconfundabil\u0103. Rezultatul este foarte natural, iar pielea este uniform\u0103, bronzat\u0103, luminoas\u0103 \u0219i cald\u0103. Datorit\u0103 uleiului de cocos organic, se unifica cu pielea f\u0103r\u0103&#8230;<\/p>\n","protected":false},"featured_media":280657,"comment_status":"closed","ping_status":"open","template":"","meta":{"_acf_changed":false,"_kadence_starter_templates_imported_post":false,"_kad_post_transparent":"","_kad_post_title":"","_kad_post_layout":"","_kad_post_sidebar_id":"","_kad_post_content_style":"","_kad_post_vertical_padding":"","_kad_post_feature":"","_kad_post_feature_position":"","_kad_post_header":false,"_kad_post_footer":false,"_kad_post_classname":""},"product_brand":[120],"product_cat":[617,246,609,616],"product_tag":[],"class_list":{"0":"post-280655","1":"product","2":"type-product","3":"status-publish","4":"has-post-thumbnail","6":"product_brand-clarins","7":"product_cat-bronzers","8":"product_cat-cosmetice","9":"product_cat-cosmetice-decorative","10":"product_cat-machiaj-pentru-fata","12":"first","13":"instock","14":"product-type-external","15":"entry","16":"content-bg","17":"loop-entry"},"acf":[],"yoast_head":"<!-- This site is optimized with the Yoast SEO plugin v27.3 - https:\/\/yoast.com\/product\/yoast-seo-wordpress\/ -->\n<title>Clarins Pudr\u0103 compact\u0103 de bronzare Ever Bronze 10 g 01 - SHOPATOA.COM<\/title>\n<meta name=\"robots\" content=\"index, follow, max-snippet:-1, max-image-preview:large, max-video-preview:-1\" \/>\n<link rel=\"canonical\" href=\"https:\/\/shopatoa.com\/ro\/clarins-pudra-compacta-de-bronzare-ever-bronze-10-g-01\/\" \/>\n<meta property=\"og:locale\" content=\"ro_RO\" \/>\n<meta property=\"og:type\" content=\"article\" \/>\n<meta property=\"og:title\" content=\"Clarins Pudr\u0103 compact\u0103 de bronzare Ever Bronze 10 g 01 - SHOPATOA.COM\" \/>\n<meta property=\"og:description\" content=\"Un duo iconic de pudre care \u00eenc\u0103lze\u0219te pielea \u0219i intensific\u0103 bronzul. Textura sa ultra-fin\u0103 permite pielii s\u0103 respire \u0219i s\u0103 str\u0103luceasc\u0103 cu o str\u0103lucire frumoas\u0103 de chihlimbar. Acoperirea u\u0219oar\u0103 \u0219i delicat\u0103 este inconfundabil\u0103. Rezultatul este foarte natural, iar pielea este uniform\u0103, bronzat\u0103, luminoas\u0103 \u0219i cald\u0103. Datorit\u0103 uleiului de cocos organic, se unifica cu pielea f\u0103r\u0103...\" \/>\n<meta property=\"og:url\" content=\"https:\/\/shopatoa.com\/ro\/clarins-pudra-compacta-de-bronzare-ever-bronze-10-g-01\/\" \/>\n<meta property=\"og:site_name\" content=\"SHOPATOA\" \/>\n<meta property=\"article:modified_time\" content=\"2025-12-11T16:55:16+00:00\" \/>\n<meta property=\"og:image\" content=\"https:\/\/storage.googleapis.com\/cz-shopatoa-img\/ro\/5cf74726-unnamed-file.webp\" \/>\n\t<meta property=\"og:image:width\" content=\"800\" \/>\n\t<meta property=\"og:image:height\" content=\"800\" \/>\n\t<meta property=\"og:image:type\" content=\"image\/webp\" \/>\n<meta name=\"twitter:card\" content=\"summary_large_image\" \/>\n<script type=\"application\/ld+json\" class=\"yoast-schema-graph\">{\"@context\":\"https:\\\/\\\/schema.org\",\"@graph\":[{\"@type\":\"WebPage\",\"@id\":\"https:\\\/\\\/shopatoa.com\\\/ro\\\/clarins-pudra-compacta-de-bronzare-ever-bronze-10-g-01\\\/\",\"url\":\"https:\\\/\\\/shopatoa.com\\\/ro\\\/clarins-pudra-compacta-de-bronzare-ever-bronze-10-g-01\\\/\",\"name\":\"Clarins Pudr\u0103 compact\u0103 de bronzare Ever Bronze 10 g 01 - SHOPATOA.COM\",\"isPartOf\":{\"@id\":\"https:\\\/\\\/shopatoa.com\\\/ro\\\/#website\"},\"primaryImageOfPage\":{\"@id\":\"https:\\\/\\\/shopatoa.com\\\/ro\\\/clarins-pudra-compacta-de-bronzare-ever-bronze-10-g-01\\\/#primaryimage\"},\"image\":{\"@id\":\"https:\\\/\\\/shopatoa.com\\\/ro\\\/clarins-pudra-compacta-de-bronzare-ever-bronze-10-g-01\\\/#primaryimage\"},\"thumbnailUrl\":\"https:\\\/\\\/storage.googleapis.com\\\/cz-shopatoa-img\\\/ro\\\/5cf74726-unnamed-file.webp\",\"datePublished\":\"2025-04-30T16:51:57+00:00\",\"dateModified\":\"2025-12-11T16:55:16+00:00\",\"breadcrumb\":{\"@id\":\"https:\\\/\\\/shopatoa.com\\\/ro\\\/clarins-pudra-compacta-de-bronzare-ever-bronze-10-g-01\\\/#breadcrumb\"},\"inLanguage\":\"ro-RO\",\"potentialAction\":[{\"@type\":\"ReadAction\",\"target\":[\"https:\\\/\\\/shopatoa.com\\\/ro\\\/clarins-pudra-compacta-de-bronzare-ever-bronze-10-g-01\\\/\"]}]},{\"@type\":\"ImageObject\",\"inLanguage\":\"ro-RO\",\"@id\":\"https:\\\/\\\/shopatoa.com\\\/ro\\\/clarins-pudra-compacta-de-bronzare-ever-bronze-10-g-01\\\/#primaryimage\",\"url\":\"https:\\\/\\\/storage.googleapis.com\\\/cz-shopatoa-img\\\/ro\\\/5cf74726-unnamed-file.webp\",\"contentUrl\":\"https:\\\/\\\/storage.googleapis.com\\\/cz-shopatoa-img\\\/ro\\\/5cf74726-unnamed-file.webp\",\"width\":800,\"height\":800},{\"@type\":\"BreadcrumbList\",\"@id\":\"https:\\\/\\\/shopatoa.com\\\/ro\\\/clarins-pudra-compacta-de-bronzare-ever-bronze-10-g-01\\\/#breadcrumb\",\"itemListElement\":[{\"@type\":\"ListItem\",\"position\":1,\"name\":\"Dom\u016f\",\"item\":\"https:\\\/\\\/shopatoa.com\\\/ro\\\/\"},{\"@type\":\"ListItem\",\"position\":2,\"name\":\"Shop\",\"item\":\"https:\\\/\\\/shopatoa.com\\\/ro\\\/shop\\\/\"},{\"@type\":\"ListItem\",\"position\":3,\"name\":\"Cosmetice\",\"item\":\"https:\\\/\\\/shopatoa.com\\\/ro\\\/cosmetice\\\/\"},{\"@type\":\"ListItem\",\"position\":4,\"name\":\"Cosmetice decorative\",\"item\":\"https:\\\/\\\/shopatoa.com\\\/ro\\\/cosmetice-decorative\\\/\"},{\"@type\":\"ListItem\",\"position\":5,\"name\":\"Machiaj pentru fa\u021ba\",\"item\":\"https:\\\/\\\/shopatoa.com\\\/ro\\\/machiaj-pentru-fata\\\/\"},{\"@type\":\"ListItem\",\"position\":6,\"name\":\"Bronzers\",\"item\":\"https:\\\/\\\/shopatoa.com\\\/ro\\\/bronzers\\\/\"},{\"@type\":\"ListItem\",\"position\":7,\"name\":\"Clarins Pudr\u0103 compact\u0103 de bronzare Ever Bronze 10 g 01\"}]},{\"@type\":\"WebSite\",\"@id\":\"https:\\\/\\\/shopatoa.com\\\/ro\\\/#website\",\"url\":\"https:\\\/\\\/shopatoa.com\\\/ro\\\/\",\"name\":\"SHOPATOA\",\"description\":\"\",\"publisher\":{\"@id\":\"https:\\\/\\\/shopatoa.com\\\/ro\\\/#organization\"},\"potentialAction\":[{\"@type\":\"SearchAction\",\"target\":{\"@type\":\"EntryPoint\",\"urlTemplate\":\"https:\\\/\\\/shopatoa.com\\\/ro\\\/?s={search_term_string}\"},\"query-input\":{\"@type\":\"PropertyValueSpecification\",\"valueRequired\":true,\"valueName\":\"search_term_string\"}}],\"inLanguage\":\"ro-RO\"},{\"@type\":\"Organization\",\"@id\":\"https:\\\/\\\/shopatoa.com\\\/ro\\\/#organization\",\"name\":\"SHOPATOA\",\"url\":\"https:\\\/\\\/shopatoa.com\\\/ro\\\/\",\"logo\":{\"@type\":\"ImageObject\",\"inLanguage\":\"ro-RO\",\"@id\":\"https:\\\/\\\/shopatoa.com\\\/ro\\\/#\\\/schema\\\/logo\\\/image\\\/\",\"url\":\"https:\\\/\\\/storage.googleapis.com\\\/cz-shopatoa-img\\\/ro\\\/b4dac915-shopatoa_logo.png\",\"contentUrl\":\"https:\\\/\\\/storage.googleapis.com\\\/cz-shopatoa-img\\\/ro\\\/b4dac915-shopatoa_logo.png\",\"width\":416,\"height\":63,\"caption\":\"SHOPATOA\"},\"image\":{\"@id\":\"https:\\\/\\\/shopatoa.com\\\/ro\\\/#\\\/schema\\\/logo\\\/image\\\/\"}}]}<\/script>\n<!-- \/ Yoast SEO plugin. -->","yoast_head_json":{"title":"Clarins Pudr\u0103 compact\u0103 de bronzare Ever Bronze 10 g 01 - SHOPATOA.COM","robots":{"index":"index","follow":"follow","max-snippet":"max-snippet:-1","max-image-preview":"max-image-preview:large","max-video-preview":"max-video-preview:-1"},"canonical":"https:\/\/shopatoa.com\/ro\/clarins-pudra-compacta-de-bronzare-ever-bronze-10-g-01\/","og_locale":"ro_RO","og_type":"article","og_title":"Clarins Pudr\u0103 compact\u0103 de bronzare Ever Bronze 10 g 01 - SHOPATOA.COM","og_description":"Un duo iconic de pudre care \u00eenc\u0103lze\u0219te pielea \u0219i intensific\u0103 bronzul. Textura sa ultra-fin\u0103 permite pielii s\u0103 respire \u0219i s\u0103 str\u0103luceasc\u0103 cu o str\u0103lucire frumoas\u0103 de chihlimbar. Acoperirea u\u0219oar\u0103 \u0219i delicat\u0103 este inconfundabil\u0103. Rezultatul este foarte natural, iar pielea este uniform\u0103, bronzat\u0103, luminoas\u0103 \u0219i cald\u0103. Datorit\u0103 uleiului de cocos organic, se unifica cu pielea f\u0103r\u0103...","og_url":"https:\/\/shopatoa.com\/ro\/clarins-pudra-compacta-de-bronzare-ever-bronze-10-g-01\/","og_site_name":"SHOPATOA","article_modified_time":"2025-12-11T16:55:16+00:00","og_image":[{"width":800,"height":800,"url":"https:\/\/storage.googleapis.com\/cz-shopatoa-img\/ro\/5cf74726-unnamed-file.webp","type":"image\/webp"}],"twitter_card":"summary_large_image","schema":{"@context":"https:\/\/schema.org","@graph":[{"@type":"WebPage","@id":"https:\/\/shopatoa.com\/ro\/clarins-pudra-compacta-de-bronzare-ever-bronze-10-g-01\/","url":"https:\/\/shopatoa.com\/ro\/clarins-pudra-compacta-de-bronzare-ever-bronze-10-g-01\/","name":"Clarins Pudr\u0103 compact\u0103 de bronzare Ever Bronze 10 g 01 - SHOPATOA.COM","isPartOf":{"@id":"https:\/\/shopatoa.com\/ro\/#website"},"primaryImageOfPage":{"@id":"https:\/\/shopatoa.com\/ro\/clarins-pudra-compacta-de-bronzare-ever-bronze-10-g-01\/#primaryimage"},"image":{"@id":"https:\/\/shopatoa.com\/ro\/clarins-pudra-compacta-de-bronzare-ever-bronze-10-g-01\/#primaryimage"},"thumbnailUrl":"https:\/\/storage.googleapis.com\/cz-shopatoa-img\/ro\/5cf74726-unnamed-file.webp","datePublished":"2025-04-30T16:51:57+00:00","dateModified":"2025-12-11T16:55:16+00:00","breadcrumb":{"@id":"https:\/\/shopatoa.com\/ro\/clarins-pudra-compacta-de-bronzare-ever-bronze-10-g-01\/#breadcrumb"},"inLanguage":"ro-RO","potentialAction":[{"@type":"ReadAction","target":["https:\/\/shopatoa.com\/ro\/clarins-pudra-compacta-de-bronzare-ever-bronze-10-g-01\/"]}]},{"@type":"ImageObject","inLanguage":"ro-RO","@id":"https:\/\/shopatoa.com\/ro\/clarins-pudra-compacta-de-bronzare-ever-bronze-10-g-01\/#primaryimage","url":"https:\/\/storage.googleapis.com\/cz-shopatoa-img\/ro\/5cf74726-unnamed-file.webp","contentUrl":"https:\/\/storage.googleapis.com\/cz-shopatoa-img\/ro\/5cf74726-unnamed-file.webp","width":800,"height":800},{"@type":"BreadcrumbList","@id":"https:\/\/shopatoa.com\/ro\/clarins-pudra-compacta-de-bronzare-ever-bronze-10-g-01\/#breadcrumb","itemListElement":[{"@type":"ListItem","position":1,"name":"Dom\u016f","item":"https:\/\/shopatoa.com\/ro\/"},{"@type":"ListItem","position":2,"name":"Shop","item":"https:\/\/shopatoa.com\/ro\/shop\/"},{"@type":"ListItem","position":3,"name":"Cosmetice","item":"https:\/\/shopatoa.com\/ro\/cosmetice\/"},{"@type":"ListItem","position":4,"name":"Cosmetice decorative","item":"https:\/\/shopatoa.com\/ro\/cosmetice-decorative\/"},{"@type":"ListItem","position":5,"name":"Machiaj pentru fa\u021ba","item":"https:\/\/shopatoa.com\/ro\/machiaj-pentru-fata\/"},{"@type":"ListItem","position":6,"name":"Bronzers","item":"https:\/\/shopatoa.com\/ro\/bronzers\/"},{"@type":"ListItem","position":7,"name":"Clarins Pudr\u0103 compact\u0103 de bronzare Ever Bronze 10 g 01"}]},{"@type":"WebSite","@id":"https:\/\/shopatoa.com\/ro\/#website","url":"https:\/\/shopatoa.com\/ro\/","name":"SHOPATOA","description":"","publisher":{"@id":"https:\/\/shopatoa.com\/ro\/#organization"},"potentialAction":[{"@type":"SearchAction","target":{"@type":"EntryPoint","urlTemplate":"https:\/\/shopatoa.com\/ro\/?s={search_term_string}"},"query-input":{"@type":"PropertyValueSpecification","valueRequired":true,"valueName":"search_term_string"}}],"inLanguage":"ro-RO"},{"@type":"Organization","@id":"https:\/\/shopatoa.com\/ro\/#organization","name":"SHOPATOA","url":"https:\/\/shopatoa.com\/ro\/","logo":{"@type":"ImageObject","inLanguage":"ro-RO","@id":"https:\/\/shopatoa.com\/ro\/#\/schema\/logo\/image\/","url":"https:\/\/storage.googleapis.com\/cz-shopatoa-img\/ro\/b4dac915-shopatoa_logo.png","contentUrl":"https:\/\/storage.googleapis.com\/cz-shopatoa-img\/ro\/b4dac915-shopatoa_logo.png","width":416,"height":63,"caption":"SHOPATOA"},"image":{"@id":"https:\/\/shopatoa.com\/ro\/#\/schema\/logo\/image\/"}}]}},"_links":{"self":[{"href":"https:\/\/shopatoa.com\/ro\/wp-json\/wp\/v2\/product\/280655","targetHints":{"allow":["GET"]}}],"collection":[{"href":"https:\/\/shopatoa.com\/ro\/wp-json\/wp\/v2\/product"}],"about":[{"href":"https:\/\/shopatoa.com\/ro\/wp-json\/wp\/v2\/types\/product"}],"replies":[{"embeddable":true,"href":"https:\/\/shopatoa.com\/ro\/wp-json\/wp\/v2\/comments?post=280655"}],"wp:featuredmedia":[{"embeddable":true,"href":"https:\/\/shopatoa.com\/ro\/wp-json\/wp\/v2\/media\/280657"}],"wp:attachment":[{"href":"https:\/\/shopatoa.com\/ro\/wp-json\/wp\/v2\/media?parent=280655"}],"wp:term":[{"taxonomy":"product_brand","embeddable":true,"href":"https:\/\/shopatoa.com\/ro\/wp-json\/wp\/v2\/product_brand?post=280655"},{"taxonomy":"product_cat","embeddable":true,"href":"https:\/\/shopatoa.com\/ro\/wp-json\/wp\/v2\/product_cat?post=280655"},{"taxonomy":"product_tag","embeddable":true,"href":"https:\/\/shopatoa.com\/ro\/wp-json\/wp\/v2\/product_tag?post=280655"}],"curies":[{"name":"wp","href":"https:\/\/api.w.org\/{rel}","templated":true}]}}