{"id":281036,"date":"2025-04-30T19:40:39","date_gmt":"2025-04-30T17:40:39","guid":{"rendered":"https:\/\/shopatoa.com\/ro\/alterna-balsam-fara-clatire-pentru-parul-uscat-caviar-a-a-replenishing-moisture-priming-leave-in-conditioner-147-ml\/"},"modified":"2025-12-11T17:34:58","modified_gmt":"2025-12-11T16:34:58","slug":"alterna-balsam-fara-clatire-pentru-parul-uscat-caviar-a-a-replenishing-moisture-priming-leave-in-conditioner-147-ml","status":"publish","type":"product","link":"https:\/\/shopatoa.com\/ro\/alterna-balsam-fara-clatire-pentru-parul-uscat-caviar-a-a-replenishing-moisture-priming-leave-in-conditioner-147-ml\/","title":{"rendered":"Alterna Balsam f\u0103r\u0103 cl\u0103tire pentru p\u0103rul uscat Caviar A.A. Replenishing Moisture Priming (Leave-in Conditioner) 147 ml"},"content":{"rendered":"<p>Spray de balsam de cl\u0103tire u\u0219or cu Complex Moisture Restoring pentru un aspect mai s\u0103n\u0103tos \u0219i mai t\u00e2n\u0103r al p\u0103rului. U\u0219ureaz\u0103 piept\u0103narea \u0219i \u00eembun\u0103t\u0103\u021be\u0219te p\u0103rul uscat, care ofer\u0103 protec\u021bie \u00eempotriva c\u0103ldurii \u0219i previne \u00eencre\u021birea. P\u0103rul va fi hidratat, suplu \u0219i moale dup\u0103 utilizare.<\/p>\n","protected":false},"excerpt":{"rendered":"<p>Spray de balsam de cl\u0103tire u\u0219or cu Complex Moisture Restoring pentru un aspect mai s\u0103n\u0103tos \u0219i mai t\u00e2n\u0103r al p\u0103rului. U\u0219ureaz\u0103 piept\u0103narea \u0219i \u00eembun\u0103t\u0103\u021be\u0219te p\u0103rul uscat, care ofer\u0103 protec\u021bie \u00eempotriva c\u0103ldurii \u0219i previne \u00eencre\u021birea. P\u0103rul va fi hidratat, suplu \u0219i moale dup\u0103 utilizare.<\/p>\n","protected":false},"featured_media":281038,"comment_status":"closed","ping_status":"open","template":"","meta":{"_acf_changed":false,"_kadence_starter_templates_imported_post":false,"_kad_post_transparent":"","_kad_post_title":"","_kad_post_layout":"","_kad_post_sidebar_id":"","_kad_post_content_style":"","_kad_post_vertical_padding":"","_kad_post_feature":"","_kad_post_feature_position":"","_kad_post_header":false,"_kad_post_footer":false,"_kad_post_classname":""},"product_brand":[155],"product_cat":[246,696,623],"product_tag":[],"class_list":{"0":"post-281036","1":"product","2":"type-product","3":"status-publish","4":"has-post-thumbnail","6":"product_brand-alterna","7":"product_cat-cosmetice","8":"product_cat-ingrijirea-parului-fara-clatire","9":"product_cat-produse-cosmetice-pentru-par","11":"first","12":"instock","13":"product-type-external","14":"entry","15":"content-bg","16":"loop-entry"},"acf":[],"yoast_head":"<!-- This site is optimized with the Yoast SEO plugin v27.4 - https:\/\/yoast.com\/product\/yoast-seo-wordpress\/ -->\n<title>Alterna Balsam f\u0103r\u0103 cl\u0103tire pentru p\u0103rul uscat Caviar A.A. Replenishing Moisture Priming (Leave-in Conditioner) 147 ml - SHOPATOA.COM<\/title>\n<meta name=\"robots\" content=\"index, follow, max-snippet:-1, max-image-preview:large, max-video-preview:-1\" \/>\n<link rel=\"canonical\" href=\"https:\/\/shopatoa.com\/ro\/alterna-balsam-fara-clatire-pentru-parul-uscat-caviar-a-a-replenishing-moisture-priming-leave-in-conditioner-147-ml\/\" \/>\n<meta property=\"og:locale\" content=\"ro_RO\" \/>\n<meta property=\"og:type\" content=\"article\" \/>\n<meta property=\"og:title\" content=\"Alterna Balsam f\u0103r\u0103 cl\u0103tire pentru p\u0103rul uscat Caviar A.A. Replenishing Moisture Priming (Leave-in Conditioner) 147 ml - SHOPATOA.COM\" \/>\n<meta property=\"og:description\" content=\"Spray de balsam de cl\u0103tire u\u0219or cu Complex Moisture Restoring pentru un aspect mai s\u0103n\u0103tos \u0219i mai t\u00e2n\u0103r al p\u0103rului. U\u0219ureaz\u0103 piept\u0103narea \u0219i \u00eembun\u0103t\u0103\u021be\u0219te p\u0103rul uscat, care ofer\u0103 protec\u021bie \u00eempotriva c\u0103ldurii \u0219i previne \u00eencre\u021birea. P\u0103rul va fi hidratat, suplu \u0219i moale dup\u0103 utilizare.\" \/>\n<meta property=\"og:url\" content=\"https:\/\/shopatoa.com\/ro\/alterna-balsam-fara-clatire-pentru-parul-uscat-caviar-a-a-replenishing-moisture-priming-leave-in-conditioner-147-ml\/\" \/>\n<meta property=\"og:site_name\" content=\"SHOPATOA\" \/>\n<meta property=\"article:modified_time\" content=\"2025-12-11T16:34:58+00:00\" \/>\n<meta property=\"og:image\" content=\"https:\/\/storage.googleapis.com\/cz-shopatoa-img\/ro\/ac034747-unnamed-file.webp\" \/>\n\t<meta property=\"og:image:width\" content=\"800\" \/>\n\t<meta property=\"og:image:height\" content=\"800\" \/>\n\t<meta property=\"og:image:type\" content=\"image\/webp\" \/>\n<meta name=\"twitter:card\" content=\"summary_large_image\" \/>\n<script type=\"application\/ld+json\" class=\"yoast-schema-graph\">{\"@context\":\"https:\\\/\\\/schema.org\",\"@graph\":[{\"@type\":\"WebPage\",\"@id\":\"https:\\\/\\\/shopatoa.com\\\/ro\\\/alterna-balsam-fara-clatire-pentru-parul-uscat-caviar-a-a-replenishing-moisture-priming-leave-in-conditioner-147-ml\\\/\",\"url\":\"https:\\\/\\\/shopatoa.com\\\/ro\\\/alterna-balsam-fara-clatire-pentru-parul-uscat-caviar-a-a-replenishing-moisture-priming-leave-in-conditioner-147-ml\\\/\",\"name\":\"Alterna Balsam f\u0103r\u0103 cl\u0103tire pentru p\u0103rul uscat Caviar A.A. Replenishing Moisture Priming (Leave-in Conditioner) 147 ml - SHOPATOA.COM\",\"isPartOf\":{\"@id\":\"https:\\\/\\\/shopatoa.com\\\/ro\\\/#website\"},\"primaryImageOfPage\":{\"@id\":\"https:\\\/\\\/shopatoa.com\\\/ro\\\/alterna-balsam-fara-clatire-pentru-parul-uscat-caviar-a-a-replenishing-moisture-priming-leave-in-conditioner-147-ml\\\/#primaryimage\"},\"image\":{\"@id\":\"https:\\\/\\\/shopatoa.com\\\/ro\\\/alterna-balsam-fara-clatire-pentru-parul-uscat-caviar-a-a-replenishing-moisture-priming-leave-in-conditioner-147-ml\\\/#primaryimage\"},\"thumbnailUrl\":\"https:\\\/\\\/storage.googleapis.com\\\/cz-shopatoa-img\\\/ro\\\/ac034747-unnamed-file.webp\",\"datePublished\":\"2025-04-30T17:40:39+00:00\",\"dateModified\":\"2025-12-11T16:34:58+00:00\",\"breadcrumb\":{\"@id\":\"https:\\\/\\\/shopatoa.com\\\/ro\\\/alterna-balsam-fara-clatire-pentru-parul-uscat-caviar-a-a-replenishing-moisture-priming-leave-in-conditioner-147-ml\\\/#breadcrumb\"},\"inLanguage\":\"ro-RO\",\"potentialAction\":[{\"@type\":\"ReadAction\",\"target\":[\"https:\\\/\\\/shopatoa.com\\\/ro\\\/alterna-balsam-fara-clatire-pentru-parul-uscat-caviar-a-a-replenishing-moisture-priming-leave-in-conditioner-147-ml\\\/\"]}]},{\"@type\":\"ImageObject\",\"inLanguage\":\"ro-RO\",\"@id\":\"https:\\\/\\\/shopatoa.com\\\/ro\\\/alterna-balsam-fara-clatire-pentru-parul-uscat-caviar-a-a-replenishing-moisture-priming-leave-in-conditioner-147-ml\\\/#primaryimage\",\"url\":\"https:\\\/\\\/storage.googleapis.com\\\/cz-shopatoa-img\\\/ro\\\/ac034747-unnamed-file.webp\",\"contentUrl\":\"https:\\\/\\\/storage.googleapis.com\\\/cz-shopatoa-img\\\/ro\\\/ac034747-unnamed-file.webp\",\"width\":800,\"height\":800},{\"@type\":\"BreadcrumbList\",\"@id\":\"https:\\\/\\\/shopatoa.com\\\/ro\\\/alterna-balsam-fara-clatire-pentru-parul-uscat-caviar-a-a-replenishing-moisture-priming-leave-in-conditioner-147-ml\\\/#breadcrumb\",\"itemListElement\":[{\"@type\":\"ListItem\",\"position\":1,\"name\":\"Dom\u016f\",\"item\":\"https:\\\/\\\/shopatoa.com\\\/ro\\\/\"},{\"@type\":\"ListItem\",\"position\":2,\"name\":\"Shop\",\"item\":\"https:\\\/\\\/shopatoa.com\\\/ro\\\/shop\\\/\"},{\"@type\":\"ListItem\",\"position\":3,\"name\":\"Cosmetice\",\"item\":\"https:\\\/\\\/shopatoa.com\\\/ro\\\/cosmetice\\\/\"},{\"@type\":\"ListItem\",\"position\":4,\"name\":\"Produse cosmetice pentru p\u0103r\",\"item\":\"https:\\\/\\\/shopatoa.com\\\/ro\\\/produse-cosmetice-pentru-par\\\/\"},{\"@type\":\"ListItem\",\"position\":5,\"name\":\"\u00cengrijirea p\u0103rului f\u0103r\u0103 cl\u0103tire\",\"item\":\"https:\\\/\\\/shopatoa.com\\\/ro\\\/ingrijirea-parului-fara-clatire\\\/\"},{\"@type\":\"ListItem\",\"position\":6,\"name\":\"Alterna Balsam f\u0103r\u0103 cl\u0103tire pentru p\u0103rul uscat Caviar A.A. Replenishing Moisture Priming (Leave-in Conditioner) 147 ml\"}]},{\"@type\":\"WebSite\",\"@id\":\"https:\\\/\\\/shopatoa.com\\\/ro\\\/#website\",\"url\":\"https:\\\/\\\/shopatoa.com\\\/ro\\\/\",\"name\":\"SHOPATOA\",\"description\":\"\",\"publisher\":{\"@id\":\"https:\\\/\\\/shopatoa.com\\\/ro\\\/#organization\"},\"potentialAction\":[{\"@type\":\"SearchAction\",\"target\":{\"@type\":\"EntryPoint\",\"urlTemplate\":\"https:\\\/\\\/shopatoa.com\\\/ro\\\/?s={search_term_string}\"},\"query-input\":{\"@type\":\"PropertyValueSpecification\",\"valueRequired\":true,\"valueName\":\"search_term_string\"}}],\"inLanguage\":\"ro-RO\"},{\"@type\":\"Organization\",\"@id\":\"https:\\\/\\\/shopatoa.com\\\/ro\\\/#organization\",\"name\":\"SHOPATOA\",\"url\":\"https:\\\/\\\/shopatoa.com\\\/ro\\\/\",\"logo\":{\"@type\":\"ImageObject\",\"inLanguage\":\"ro-RO\",\"@id\":\"https:\\\/\\\/shopatoa.com\\\/ro\\\/#\\\/schema\\\/logo\\\/image\\\/\",\"url\":\"https:\\\/\\\/storage.googleapis.com\\\/cz-shopatoa-img\\\/ro\\\/b4dac915-shopatoa_logo.png\",\"contentUrl\":\"https:\\\/\\\/storage.googleapis.com\\\/cz-shopatoa-img\\\/ro\\\/b4dac915-shopatoa_logo.png\",\"width\":416,\"height\":63,\"caption\":\"SHOPATOA\"},\"image\":{\"@id\":\"https:\\\/\\\/shopatoa.com\\\/ro\\\/#\\\/schema\\\/logo\\\/image\\\/\"}}]}<\/script>\n<!-- \/ Yoast SEO plugin. -->","yoast_head_json":{"title":"Alterna Balsam f\u0103r\u0103 cl\u0103tire pentru p\u0103rul uscat Caviar A.A. Replenishing Moisture Priming (Leave-in Conditioner) 147 ml - SHOPATOA.COM","robots":{"index":"index","follow":"follow","max-snippet":"max-snippet:-1","max-image-preview":"max-image-preview:large","max-video-preview":"max-video-preview:-1"},"canonical":"https:\/\/shopatoa.com\/ro\/alterna-balsam-fara-clatire-pentru-parul-uscat-caviar-a-a-replenishing-moisture-priming-leave-in-conditioner-147-ml\/","og_locale":"ro_RO","og_type":"article","og_title":"Alterna Balsam f\u0103r\u0103 cl\u0103tire pentru p\u0103rul uscat Caviar A.A. Replenishing Moisture Priming (Leave-in Conditioner) 147 ml - SHOPATOA.COM","og_description":"Spray de balsam de cl\u0103tire u\u0219or cu Complex Moisture Restoring pentru un aspect mai s\u0103n\u0103tos \u0219i mai t\u00e2n\u0103r al p\u0103rului. U\u0219ureaz\u0103 piept\u0103narea \u0219i \u00eembun\u0103t\u0103\u021be\u0219te p\u0103rul uscat, care ofer\u0103 protec\u021bie \u00eempotriva c\u0103ldurii \u0219i previne \u00eencre\u021birea. P\u0103rul va fi hidratat, suplu \u0219i moale dup\u0103 utilizare.","og_url":"https:\/\/shopatoa.com\/ro\/alterna-balsam-fara-clatire-pentru-parul-uscat-caviar-a-a-replenishing-moisture-priming-leave-in-conditioner-147-ml\/","og_site_name":"SHOPATOA","article_modified_time":"2025-12-11T16:34:58+00:00","og_image":[{"width":800,"height":800,"url":"https:\/\/storage.googleapis.com\/cz-shopatoa-img\/ro\/ac034747-unnamed-file.webp","type":"image\/webp"}],"twitter_card":"summary_large_image","schema":{"@context":"https:\/\/schema.org","@graph":[{"@type":"WebPage","@id":"https:\/\/shopatoa.com\/ro\/alterna-balsam-fara-clatire-pentru-parul-uscat-caviar-a-a-replenishing-moisture-priming-leave-in-conditioner-147-ml\/","url":"https:\/\/shopatoa.com\/ro\/alterna-balsam-fara-clatire-pentru-parul-uscat-caviar-a-a-replenishing-moisture-priming-leave-in-conditioner-147-ml\/","name":"Alterna Balsam f\u0103r\u0103 cl\u0103tire pentru p\u0103rul uscat Caviar A.A. Replenishing Moisture Priming (Leave-in Conditioner) 147 ml - SHOPATOA.COM","isPartOf":{"@id":"https:\/\/shopatoa.com\/ro\/#website"},"primaryImageOfPage":{"@id":"https:\/\/shopatoa.com\/ro\/alterna-balsam-fara-clatire-pentru-parul-uscat-caviar-a-a-replenishing-moisture-priming-leave-in-conditioner-147-ml\/#primaryimage"},"image":{"@id":"https:\/\/shopatoa.com\/ro\/alterna-balsam-fara-clatire-pentru-parul-uscat-caviar-a-a-replenishing-moisture-priming-leave-in-conditioner-147-ml\/#primaryimage"},"thumbnailUrl":"https:\/\/storage.googleapis.com\/cz-shopatoa-img\/ro\/ac034747-unnamed-file.webp","datePublished":"2025-04-30T17:40:39+00:00","dateModified":"2025-12-11T16:34:58+00:00","breadcrumb":{"@id":"https:\/\/shopatoa.com\/ro\/alterna-balsam-fara-clatire-pentru-parul-uscat-caviar-a-a-replenishing-moisture-priming-leave-in-conditioner-147-ml\/#breadcrumb"},"inLanguage":"ro-RO","potentialAction":[{"@type":"ReadAction","target":["https:\/\/shopatoa.com\/ro\/alterna-balsam-fara-clatire-pentru-parul-uscat-caviar-a-a-replenishing-moisture-priming-leave-in-conditioner-147-ml\/"]}]},{"@type":"ImageObject","inLanguage":"ro-RO","@id":"https:\/\/shopatoa.com\/ro\/alterna-balsam-fara-clatire-pentru-parul-uscat-caviar-a-a-replenishing-moisture-priming-leave-in-conditioner-147-ml\/#primaryimage","url":"https:\/\/storage.googleapis.com\/cz-shopatoa-img\/ro\/ac034747-unnamed-file.webp","contentUrl":"https:\/\/storage.googleapis.com\/cz-shopatoa-img\/ro\/ac034747-unnamed-file.webp","width":800,"height":800},{"@type":"BreadcrumbList","@id":"https:\/\/shopatoa.com\/ro\/alterna-balsam-fara-clatire-pentru-parul-uscat-caviar-a-a-replenishing-moisture-priming-leave-in-conditioner-147-ml\/#breadcrumb","itemListElement":[{"@type":"ListItem","position":1,"name":"Dom\u016f","item":"https:\/\/shopatoa.com\/ro\/"},{"@type":"ListItem","position":2,"name":"Shop","item":"https:\/\/shopatoa.com\/ro\/shop\/"},{"@type":"ListItem","position":3,"name":"Cosmetice","item":"https:\/\/shopatoa.com\/ro\/cosmetice\/"},{"@type":"ListItem","position":4,"name":"Produse cosmetice pentru p\u0103r","item":"https:\/\/shopatoa.com\/ro\/produse-cosmetice-pentru-par\/"},{"@type":"ListItem","position":5,"name":"\u00cengrijirea p\u0103rului f\u0103r\u0103 cl\u0103tire","item":"https:\/\/shopatoa.com\/ro\/ingrijirea-parului-fara-clatire\/"},{"@type":"ListItem","position":6,"name":"Alterna Balsam f\u0103r\u0103 cl\u0103tire pentru p\u0103rul uscat Caviar A.A. Replenishing Moisture Priming (Leave-in Conditioner) 147 ml"}]},{"@type":"WebSite","@id":"https:\/\/shopatoa.com\/ro\/#website","url":"https:\/\/shopatoa.com\/ro\/","name":"SHOPATOA","description":"","publisher":{"@id":"https:\/\/shopatoa.com\/ro\/#organization"},"potentialAction":[{"@type":"SearchAction","target":{"@type":"EntryPoint","urlTemplate":"https:\/\/shopatoa.com\/ro\/?s={search_term_string}"},"query-input":{"@type":"PropertyValueSpecification","valueRequired":true,"valueName":"search_term_string"}}],"inLanguage":"ro-RO"},{"@type":"Organization","@id":"https:\/\/shopatoa.com\/ro\/#organization","name":"SHOPATOA","url":"https:\/\/shopatoa.com\/ro\/","logo":{"@type":"ImageObject","inLanguage":"ro-RO","@id":"https:\/\/shopatoa.com\/ro\/#\/schema\/logo\/image\/","url":"https:\/\/storage.googleapis.com\/cz-shopatoa-img\/ro\/b4dac915-shopatoa_logo.png","contentUrl":"https:\/\/storage.googleapis.com\/cz-shopatoa-img\/ro\/b4dac915-shopatoa_logo.png","width":416,"height":63,"caption":"SHOPATOA"},"image":{"@id":"https:\/\/shopatoa.com\/ro\/#\/schema\/logo\/image\/"}}]}},"_links":{"self":[{"href":"https:\/\/shopatoa.com\/ro\/wp-json\/wp\/v2\/product\/281036","targetHints":{"allow":["GET"]}}],"collection":[{"href":"https:\/\/shopatoa.com\/ro\/wp-json\/wp\/v2\/product"}],"about":[{"href":"https:\/\/shopatoa.com\/ro\/wp-json\/wp\/v2\/types\/product"}],"replies":[{"embeddable":true,"href":"https:\/\/shopatoa.com\/ro\/wp-json\/wp\/v2\/comments?post=281036"}],"wp:featuredmedia":[{"embeddable":true,"href":"https:\/\/shopatoa.com\/ro\/wp-json\/wp\/v2\/media\/281038"}],"wp:attachment":[{"href":"https:\/\/shopatoa.com\/ro\/wp-json\/wp\/v2\/media?parent=281036"}],"wp:term":[{"taxonomy":"product_brand","embeddable":true,"href":"https:\/\/shopatoa.com\/ro\/wp-json\/wp\/v2\/product_brand?post=281036"},{"taxonomy":"product_cat","embeddable":true,"href":"https:\/\/shopatoa.com\/ro\/wp-json\/wp\/v2\/product_cat?post=281036"},{"taxonomy":"product_tag","embeddable":true,"href":"https:\/\/shopatoa.com\/ro\/wp-json\/wp\/v2\/product_tag?post=281036"}],"curies":[{"name":"wp","href":"https:\/\/api.w.org\/{rel}","templated":true}]}}