{"id":281329,"date":"2025-04-30T20:11:54","date_gmt":"2025-04-30T18:11:54","guid":{"rendered":"https:\/\/shopatoa.com\/ro\/vitalcare-pasta-de-dinti-cu-argint-coloidal-nano-pearl-alb-care-100-ml\/"},"modified":"2025-12-11T17:16:09","modified_gmt":"2025-12-11T16:16:09","slug":"vitalcare-pasta-de-dinti-cu-argint-coloidal-nano-pearl-alb-care-100-ml","status":"publish","type":"product","link":"https:\/\/shopatoa.com\/ro\/vitalcare-pasta-de-dinti-cu-argint-coloidal-nano-pearl-alb-care-100-ml\/","title":{"rendered":"VitalCare Pasta de dinti cu argint coloidal Nano Pearl Alb Care 100 ml"},"content":{"rendered":"<p>Dinti de zi cu zi periaj pasta de dinti alb Pearl NanoCare este maxim benefic nu numai pentru dintii si gingiile, dar, de asemenea, \u00eentregul organism. Argintul coloidal este un antibiotic natural cu cel mai mare potential pentru viitor. Poate elimina fiabil bacteriile d\u0103un\u0103toare \u0219i, prin urmare, beneficii \u00eentregul corp.<\/p>\n","protected":false},"excerpt":{"rendered":"<p>Dinti de zi cu zi periaj pasta de dinti alb Pearl NanoCare este maxim benefic nu numai pentru dintii si gingiile, dar, de asemenea, \u00eentregul organism. Argintul coloidal este un antibiotic natural cu cel mai mare potential pentru viitor. Poate elimina fiabil bacteriile d\u0103un\u0103toare \u0219i, prin urmare, beneficii \u00eentregul corp.<\/p>\n","protected":false},"featured_media":281331,"comment_status":"closed","ping_status":"open","template":"","meta":{"_acf_changed":false,"_kadence_starter_templates_imported_post":false,"_kad_post_transparent":"","_kad_post_title":"","_kad_post_layout":"","_kad_post_sidebar_id":"","_kad_post_content_style":"","_kad_post_vertical_padding":"","_kad_post_feature":"","_kad_post_feature_position":"","_kad_post_header":false,"_kad_post_footer":false,"_kad_post_classname":""},"product_brand":[855],"product_cat":[246,853,828,709],"product_tag":[],"class_list":{"0":"post-281329","1":"product","2":"type-product","3":"status-publish","4":"has-post-thumbnail","6":"product_brand-vitalcare","7":"product_cat-cosmetice","8":"product_cat-imbunatatirea-smaltului-dentar","9":"product_cat-ingrijire-speciala-orala","10":"product_cat-ingrijirea-dentara","12":"first","13":"instock","14":"product-type-external","15":"entry","16":"content-bg","17":"loop-entry"},"acf":[],"yoast_head":"<!-- This site is optimized with the Yoast SEO plugin v27.4 - https:\/\/yoast.com\/product\/yoast-seo-wordpress\/ -->\n<title>VitalCare Pasta de dinti cu argint coloidal Nano Pearl Alb Care 100 ml - SHOPATOA.COM<\/title>\n<meta name=\"robots\" content=\"index, follow, max-snippet:-1, max-image-preview:large, max-video-preview:-1\" \/>\n<link rel=\"canonical\" href=\"https:\/\/shopatoa.com\/ro\/vitalcare-pasta-de-dinti-cu-argint-coloidal-nano-pearl-alb-care-100-ml\/\" \/>\n<meta property=\"og:locale\" content=\"ro_RO\" \/>\n<meta property=\"og:type\" content=\"article\" \/>\n<meta property=\"og:title\" content=\"VitalCare Pasta de dinti cu argint coloidal Nano Pearl Alb Care 100 ml - SHOPATOA.COM\" \/>\n<meta property=\"og:description\" content=\"Dinti de zi cu zi periaj pasta de dinti alb Pearl NanoCare este maxim benefic nu numai pentru dintii si gingiile, dar, de asemenea, \u00eentregul organism. Argintul coloidal este un antibiotic natural cu cel mai mare potential pentru viitor. Poate elimina fiabil bacteriile d\u0103un\u0103toare \u0219i, prin urmare, beneficii \u00eentregul corp.\" \/>\n<meta property=\"og:url\" content=\"https:\/\/shopatoa.com\/ro\/vitalcare-pasta-de-dinti-cu-argint-coloidal-nano-pearl-alb-care-100-ml\/\" \/>\n<meta property=\"og:site_name\" content=\"SHOPATOA\" \/>\n<meta property=\"article:modified_time\" content=\"2025-12-11T16:16:09+00:00\" \/>\n<meta property=\"og:image\" content=\"https:\/\/storage.googleapis.com\/cz-shopatoa-img\/ro\/72ab7f84-unnamed-file.webp\" \/>\n\t<meta property=\"og:image:width\" content=\"800\" \/>\n\t<meta property=\"og:image:height\" content=\"800\" \/>\n\t<meta property=\"og:image:type\" content=\"image\/webp\" \/>\n<meta name=\"twitter:card\" content=\"summary_large_image\" \/>\n<script type=\"application\/ld+json\" class=\"yoast-schema-graph\">{\"@context\":\"https:\\\/\\\/schema.org\",\"@graph\":[{\"@type\":\"WebPage\",\"@id\":\"https:\\\/\\\/shopatoa.com\\\/ro\\\/vitalcare-pasta-de-dinti-cu-argint-coloidal-nano-pearl-alb-care-100-ml\\\/\",\"url\":\"https:\\\/\\\/shopatoa.com\\\/ro\\\/vitalcare-pasta-de-dinti-cu-argint-coloidal-nano-pearl-alb-care-100-ml\\\/\",\"name\":\"VitalCare Pasta de dinti cu argint coloidal Nano Pearl Alb Care 100 ml - SHOPATOA.COM\",\"isPartOf\":{\"@id\":\"https:\\\/\\\/shopatoa.com\\\/ro\\\/#website\"},\"primaryImageOfPage\":{\"@id\":\"https:\\\/\\\/shopatoa.com\\\/ro\\\/vitalcare-pasta-de-dinti-cu-argint-coloidal-nano-pearl-alb-care-100-ml\\\/#primaryimage\"},\"image\":{\"@id\":\"https:\\\/\\\/shopatoa.com\\\/ro\\\/vitalcare-pasta-de-dinti-cu-argint-coloidal-nano-pearl-alb-care-100-ml\\\/#primaryimage\"},\"thumbnailUrl\":\"https:\\\/\\\/storage.googleapis.com\\\/cz-shopatoa-img\\\/ro\\\/72ab7f84-unnamed-file.webp\",\"datePublished\":\"2025-04-30T18:11:54+00:00\",\"dateModified\":\"2025-12-11T16:16:09+00:00\",\"breadcrumb\":{\"@id\":\"https:\\\/\\\/shopatoa.com\\\/ro\\\/vitalcare-pasta-de-dinti-cu-argint-coloidal-nano-pearl-alb-care-100-ml\\\/#breadcrumb\"},\"inLanguage\":\"ro-RO\",\"potentialAction\":[{\"@type\":\"ReadAction\",\"target\":[\"https:\\\/\\\/shopatoa.com\\\/ro\\\/vitalcare-pasta-de-dinti-cu-argint-coloidal-nano-pearl-alb-care-100-ml\\\/\"]}]},{\"@type\":\"ImageObject\",\"inLanguage\":\"ro-RO\",\"@id\":\"https:\\\/\\\/shopatoa.com\\\/ro\\\/vitalcare-pasta-de-dinti-cu-argint-coloidal-nano-pearl-alb-care-100-ml\\\/#primaryimage\",\"url\":\"https:\\\/\\\/storage.googleapis.com\\\/cz-shopatoa-img\\\/ro\\\/72ab7f84-unnamed-file.webp\",\"contentUrl\":\"https:\\\/\\\/storage.googleapis.com\\\/cz-shopatoa-img\\\/ro\\\/72ab7f84-unnamed-file.webp\",\"width\":800,\"height\":800},{\"@type\":\"BreadcrumbList\",\"@id\":\"https:\\\/\\\/shopatoa.com\\\/ro\\\/vitalcare-pasta-de-dinti-cu-argint-coloidal-nano-pearl-alb-care-100-ml\\\/#breadcrumb\",\"itemListElement\":[{\"@type\":\"ListItem\",\"position\":1,\"name\":\"Dom\u016f\",\"item\":\"https:\\\/\\\/shopatoa.com\\\/ro\\\/\"},{\"@type\":\"ListItem\",\"position\":2,\"name\":\"Shop\",\"item\":\"https:\\\/\\\/shopatoa.com\\\/ro\\\/shop\\\/\"},{\"@type\":\"ListItem\",\"position\":3,\"name\":\"Cosmetice\",\"item\":\"https:\\\/\\\/shopatoa.com\\\/ro\\\/cosmetice\\\/\"},{\"@type\":\"ListItem\",\"position\":4,\"name\":\"\u00cengrijirea dentar\u0103\",\"item\":\"https:\\\/\\\/shopatoa.com\\\/ro\\\/ingrijirea-dentara\\\/\"},{\"@type\":\"ListItem\",\"position\":5,\"name\":\"\u00cengrijire special\u0103 oral\u0103\",\"item\":\"https:\\\/\\\/shopatoa.com\\\/ro\\\/ingrijire-speciala-orala\\\/\"},{\"@type\":\"ListItem\",\"position\":6,\"name\":\"\u00cembun\u0103t\u0103\u021birea smal\u021bului dentar\",\"item\":\"https:\\\/\\\/shopatoa.com\\\/ro\\\/imbunatatirea-smaltului-dentar\\\/\"},{\"@type\":\"ListItem\",\"position\":7,\"name\":\"VitalCare Pasta de dinti cu argint coloidal Nano Pearl Alb Care 100 ml\"}]},{\"@type\":\"WebSite\",\"@id\":\"https:\\\/\\\/shopatoa.com\\\/ro\\\/#website\",\"url\":\"https:\\\/\\\/shopatoa.com\\\/ro\\\/\",\"name\":\"SHOPATOA\",\"description\":\"\",\"publisher\":{\"@id\":\"https:\\\/\\\/shopatoa.com\\\/ro\\\/#organization\"},\"potentialAction\":[{\"@type\":\"SearchAction\",\"target\":{\"@type\":\"EntryPoint\",\"urlTemplate\":\"https:\\\/\\\/shopatoa.com\\\/ro\\\/?s={search_term_string}\"},\"query-input\":{\"@type\":\"PropertyValueSpecification\",\"valueRequired\":true,\"valueName\":\"search_term_string\"}}],\"inLanguage\":\"ro-RO\"},{\"@type\":\"Organization\",\"@id\":\"https:\\\/\\\/shopatoa.com\\\/ro\\\/#organization\",\"name\":\"SHOPATOA\",\"url\":\"https:\\\/\\\/shopatoa.com\\\/ro\\\/\",\"logo\":{\"@type\":\"ImageObject\",\"inLanguage\":\"ro-RO\",\"@id\":\"https:\\\/\\\/shopatoa.com\\\/ro\\\/#\\\/schema\\\/logo\\\/image\\\/\",\"url\":\"https:\\\/\\\/storage.googleapis.com\\\/cz-shopatoa-img\\\/ro\\\/b4dac915-shopatoa_logo.png\",\"contentUrl\":\"https:\\\/\\\/storage.googleapis.com\\\/cz-shopatoa-img\\\/ro\\\/b4dac915-shopatoa_logo.png\",\"width\":416,\"height\":63,\"caption\":\"SHOPATOA\"},\"image\":{\"@id\":\"https:\\\/\\\/shopatoa.com\\\/ro\\\/#\\\/schema\\\/logo\\\/image\\\/\"}}]}<\/script>\n<!-- \/ Yoast SEO plugin. -->","yoast_head_json":{"title":"VitalCare Pasta de dinti cu argint coloidal Nano Pearl Alb Care 100 ml - SHOPATOA.COM","robots":{"index":"index","follow":"follow","max-snippet":"max-snippet:-1","max-image-preview":"max-image-preview:large","max-video-preview":"max-video-preview:-1"},"canonical":"https:\/\/shopatoa.com\/ro\/vitalcare-pasta-de-dinti-cu-argint-coloidal-nano-pearl-alb-care-100-ml\/","og_locale":"ro_RO","og_type":"article","og_title":"VitalCare Pasta de dinti cu argint coloidal Nano Pearl Alb Care 100 ml - SHOPATOA.COM","og_description":"Dinti de zi cu zi periaj pasta de dinti alb Pearl NanoCare este maxim benefic nu numai pentru dintii si gingiile, dar, de asemenea, \u00eentregul organism. Argintul coloidal este un antibiotic natural cu cel mai mare potential pentru viitor. Poate elimina fiabil bacteriile d\u0103un\u0103toare \u0219i, prin urmare, beneficii \u00eentregul corp.","og_url":"https:\/\/shopatoa.com\/ro\/vitalcare-pasta-de-dinti-cu-argint-coloidal-nano-pearl-alb-care-100-ml\/","og_site_name":"SHOPATOA","article_modified_time":"2025-12-11T16:16:09+00:00","og_image":[{"width":800,"height":800,"url":"https:\/\/storage.googleapis.com\/cz-shopatoa-img\/ro\/72ab7f84-unnamed-file.webp","type":"image\/webp"}],"twitter_card":"summary_large_image","schema":{"@context":"https:\/\/schema.org","@graph":[{"@type":"WebPage","@id":"https:\/\/shopatoa.com\/ro\/vitalcare-pasta-de-dinti-cu-argint-coloidal-nano-pearl-alb-care-100-ml\/","url":"https:\/\/shopatoa.com\/ro\/vitalcare-pasta-de-dinti-cu-argint-coloidal-nano-pearl-alb-care-100-ml\/","name":"VitalCare Pasta de dinti cu argint coloidal Nano Pearl Alb Care 100 ml - SHOPATOA.COM","isPartOf":{"@id":"https:\/\/shopatoa.com\/ro\/#website"},"primaryImageOfPage":{"@id":"https:\/\/shopatoa.com\/ro\/vitalcare-pasta-de-dinti-cu-argint-coloidal-nano-pearl-alb-care-100-ml\/#primaryimage"},"image":{"@id":"https:\/\/shopatoa.com\/ro\/vitalcare-pasta-de-dinti-cu-argint-coloidal-nano-pearl-alb-care-100-ml\/#primaryimage"},"thumbnailUrl":"https:\/\/storage.googleapis.com\/cz-shopatoa-img\/ro\/72ab7f84-unnamed-file.webp","datePublished":"2025-04-30T18:11:54+00:00","dateModified":"2025-12-11T16:16:09+00:00","breadcrumb":{"@id":"https:\/\/shopatoa.com\/ro\/vitalcare-pasta-de-dinti-cu-argint-coloidal-nano-pearl-alb-care-100-ml\/#breadcrumb"},"inLanguage":"ro-RO","potentialAction":[{"@type":"ReadAction","target":["https:\/\/shopatoa.com\/ro\/vitalcare-pasta-de-dinti-cu-argint-coloidal-nano-pearl-alb-care-100-ml\/"]}]},{"@type":"ImageObject","inLanguage":"ro-RO","@id":"https:\/\/shopatoa.com\/ro\/vitalcare-pasta-de-dinti-cu-argint-coloidal-nano-pearl-alb-care-100-ml\/#primaryimage","url":"https:\/\/storage.googleapis.com\/cz-shopatoa-img\/ro\/72ab7f84-unnamed-file.webp","contentUrl":"https:\/\/storage.googleapis.com\/cz-shopatoa-img\/ro\/72ab7f84-unnamed-file.webp","width":800,"height":800},{"@type":"BreadcrumbList","@id":"https:\/\/shopatoa.com\/ro\/vitalcare-pasta-de-dinti-cu-argint-coloidal-nano-pearl-alb-care-100-ml\/#breadcrumb","itemListElement":[{"@type":"ListItem","position":1,"name":"Dom\u016f","item":"https:\/\/shopatoa.com\/ro\/"},{"@type":"ListItem","position":2,"name":"Shop","item":"https:\/\/shopatoa.com\/ro\/shop\/"},{"@type":"ListItem","position":3,"name":"Cosmetice","item":"https:\/\/shopatoa.com\/ro\/cosmetice\/"},{"@type":"ListItem","position":4,"name":"\u00cengrijirea dentar\u0103","item":"https:\/\/shopatoa.com\/ro\/ingrijirea-dentara\/"},{"@type":"ListItem","position":5,"name":"\u00cengrijire special\u0103 oral\u0103","item":"https:\/\/shopatoa.com\/ro\/ingrijire-speciala-orala\/"},{"@type":"ListItem","position":6,"name":"\u00cembun\u0103t\u0103\u021birea smal\u021bului dentar","item":"https:\/\/shopatoa.com\/ro\/imbunatatirea-smaltului-dentar\/"},{"@type":"ListItem","position":7,"name":"VitalCare Pasta de dinti cu argint coloidal Nano Pearl Alb Care 100 ml"}]},{"@type":"WebSite","@id":"https:\/\/shopatoa.com\/ro\/#website","url":"https:\/\/shopatoa.com\/ro\/","name":"SHOPATOA","description":"","publisher":{"@id":"https:\/\/shopatoa.com\/ro\/#organization"},"potentialAction":[{"@type":"SearchAction","target":{"@type":"EntryPoint","urlTemplate":"https:\/\/shopatoa.com\/ro\/?s={search_term_string}"},"query-input":{"@type":"PropertyValueSpecification","valueRequired":true,"valueName":"search_term_string"}}],"inLanguage":"ro-RO"},{"@type":"Organization","@id":"https:\/\/shopatoa.com\/ro\/#organization","name":"SHOPATOA","url":"https:\/\/shopatoa.com\/ro\/","logo":{"@type":"ImageObject","inLanguage":"ro-RO","@id":"https:\/\/shopatoa.com\/ro\/#\/schema\/logo\/image\/","url":"https:\/\/storage.googleapis.com\/cz-shopatoa-img\/ro\/b4dac915-shopatoa_logo.png","contentUrl":"https:\/\/storage.googleapis.com\/cz-shopatoa-img\/ro\/b4dac915-shopatoa_logo.png","width":416,"height":63,"caption":"SHOPATOA"},"image":{"@id":"https:\/\/shopatoa.com\/ro\/#\/schema\/logo\/image\/"}}]}},"_links":{"self":[{"href":"https:\/\/shopatoa.com\/ro\/wp-json\/wp\/v2\/product\/281329","targetHints":{"allow":["GET"]}}],"collection":[{"href":"https:\/\/shopatoa.com\/ro\/wp-json\/wp\/v2\/product"}],"about":[{"href":"https:\/\/shopatoa.com\/ro\/wp-json\/wp\/v2\/types\/product"}],"replies":[{"embeddable":true,"href":"https:\/\/shopatoa.com\/ro\/wp-json\/wp\/v2\/comments?post=281329"}],"wp:featuredmedia":[{"embeddable":true,"href":"https:\/\/shopatoa.com\/ro\/wp-json\/wp\/v2\/media\/281331"}],"wp:attachment":[{"href":"https:\/\/shopatoa.com\/ro\/wp-json\/wp\/v2\/media?parent=281329"}],"wp:term":[{"taxonomy":"product_brand","embeddable":true,"href":"https:\/\/shopatoa.com\/ro\/wp-json\/wp\/v2\/product_brand?post=281329"},{"taxonomy":"product_cat","embeddable":true,"href":"https:\/\/shopatoa.com\/ro\/wp-json\/wp\/v2\/product_cat?post=281329"},{"taxonomy":"product_tag","embeddable":true,"href":"https:\/\/shopatoa.com\/ro\/wp-json\/wp\/v2\/product_tag?post=281329"}],"curies":[{"name":"wp","href":"https:\/\/api.w.org\/{rel}","templated":true}]}}