{"id":281342,"date":"2025-04-30T20:15:31","date_gmt":"2025-04-30T18:15:31","guid":{"rendered":"https:\/\/shopatoa.com\/ro\/babyliss-pro-placa-de-par-profesionala-cu-ultrasunete-ultrasonic-cool-mist-bab2191sepe\/"},"modified":"2025-12-11T17:15:54","modified_gmt":"2025-12-11T16:15:54","slug":"babyliss-pro-placa-de-par-profesionala-cu-ultrasunete-ultrasonic-cool-mist-bab2191sepe","status":"publish","type":"product","link":"https:\/\/shopatoa.com\/ro\/babyliss-pro-placa-de-par-profesionala-cu-ultrasunete-ultrasonic-cool-mist-bab2191sepe\/","title":{"rendered":"BaByliss PRO Plac\u0103 de p\u0103r profesionala cu ultrasunete Ultrasonic Cool Mist BAB2191SEPE"},"content":{"rendered":"<p>O plac\u0103 de p\u0103r cu adev\u0103rat bl\u00e2nd\u0103! O plac\u0103 de \u00eendreptat p\u0103rul unic\u0103 cu tehnologie unic\u0103 cu ultrasunete care reduce impactul temperaturilor ridicate asupra p\u0103rului dvs. Tehnologie cu ultrasunete Aceast\u0103 tehnologie transform\u0103 apa \u00een micro-abur rece care confer\u0103 p\u0103rului str\u0103lucire \u0219i hidratare. Micro-aburul rece este distribuit simetric de-a lungul canalului central dintre pl\u0103ci \u0219i atenueaz\u0103 impactul temperaturilor ridicate. Capacitatea de hidratare \u0219i hidratare reduce frecarea p\u0103rului la atingerea pl\u0103cilor \u0219i las\u0103 p\u0103rul perfect neted. EP Technology 5.0 Acesta este un strat de particule de metal care utilizeaz\u0103 galvanizarea electric\u0103, un proces tehnic similar cu metoda folosit\u0103 \u00een bijuterii. \u0218i mai pu\u021bin\u0103 frecare \u0219i, prin urmare, pl\u0103ci mai bl\u00e2nde. Nu au fost folosite substan\u021be chimice pentru cre\u0219terea rezisten\u021bei la temperaturi ridicate. C\u0103ldura este distribuit\u0103 uniform pe \u00eentreaga suprafa\u021b\u0103 a pl\u0103cilor. Pl\u0103cile sunt de 3 ori mai dure \u0219i mai durabile, de 3 ori mai fine. Asigura o utilizare perfect\u0103 \u0219i un efect de lung\u0103 durat\u0103. Advanced Heat Management System O unitate de \u00eenc\u0103lzire reglat\u0103 automat care permite controlul electronic precis \u0219i continuu al temperaturii. Aceast\u0103 tehnologie permite \u00eenc\u0103lzirea imediat\u0103 a dispozitivului, ating\u00e2nd o temperatur\u0103 foarte ridicat\u0103, asigur\u00e2nd stabilitatea temperaturii cu o precizie de 0,5\u00b0C \u0219i are o reactivitate \u0219i o capacitate de regenerare foarte mare.<\/p>\n","protected":false},"excerpt":{"rendered":"<p>O plac\u0103 de p\u0103r cu adev\u0103rat bl\u00e2nd\u0103! O plac\u0103 de \u00eendreptat p\u0103rul unic\u0103 cu tehnologie unic\u0103 cu ultrasunete care reduce impactul temperaturilor ridicate asupra p\u0103rului dvs. Tehnologie cu ultrasunete Aceast\u0103 tehnologie transform\u0103 apa \u00een micro-abur rece care confer\u0103 p\u0103rului str\u0103lucire \u0219i hidratare. Micro-aburul rece este distribuit simetric de-a lungul canalului central dintre pl\u0103ci \u0219i atenueaz\u0103&#8230;<\/p>\n","protected":false},"featured_media":281344,"comment_status":"closed","ping_status":"open","template":"","meta":{"_acf_changed":false,"_kadence_starter_templates_imported_post":false,"_kad_post_transparent":"","_kad_post_title":"","_kad_post_layout":"","_kad_post_sidebar_id":"","_kad_post_content_style":"","_kad_post_vertical_padding":"","_kad_post_feature":"","_kad_post_feature_position":"","_kad_post_header":false,"_kad_post_footer":false,"_kad_post_classname":""},"product_brand":[412],"product_cat":[246,727,623,624],"product_tag":[],"class_list":{"0":"post-281342","1":"product","2":"type-product","3":"status-publish","4":"has-post-thumbnail","6":"product_brand-babyliss-pro","7":"product_cat-cosmetice","8":"product_cat-placa-pentru-par","9":"product_cat-produse-cosmetice-pentru-par","10":"product_cat-produse-aparate-si-accesorii-pentru-par","12":"first","13":"instock","14":"product-type-external","15":"entry","16":"content-bg","17":"loop-entry"},"acf":[],"yoast_head":"<!-- This site is optimized with the Yoast SEO plugin v27.4 - https:\/\/yoast.com\/product\/yoast-seo-wordpress\/ -->\n<title>BaByliss PRO Plac\u0103 de p\u0103r profesionala cu ultrasunete Ultrasonic Cool Mist BAB2191SEPE - SHOPATOA.COM<\/title>\n<meta name=\"robots\" content=\"index, follow, max-snippet:-1, max-image-preview:large, max-video-preview:-1\" \/>\n<link rel=\"canonical\" href=\"https:\/\/shopatoa.com\/ro\/babyliss-pro-placa-de-par-profesionala-cu-ultrasunete-ultrasonic-cool-mist-bab2191sepe\/\" \/>\n<meta property=\"og:locale\" content=\"ro_RO\" \/>\n<meta property=\"og:type\" content=\"article\" \/>\n<meta property=\"og:title\" content=\"BaByliss PRO Plac\u0103 de p\u0103r profesionala cu ultrasunete Ultrasonic Cool Mist BAB2191SEPE - SHOPATOA.COM\" \/>\n<meta property=\"og:description\" content=\"O plac\u0103 de p\u0103r cu adev\u0103rat bl\u00e2nd\u0103! O plac\u0103 de \u00eendreptat p\u0103rul unic\u0103 cu tehnologie unic\u0103 cu ultrasunete care reduce impactul temperaturilor ridicate asupra p\u0103rului dvs. Tehnologie cu ultrasunete Aceast\u0103 tehnologie transform\u0103 apa \u00een micro-abur rece care confer\u0103 p\u0103rului str\u0103lucire \u0219i hidratare. Micro-aburul rece este distribuit simetric de-a lungul canalului central dintre pl\u0103ci \u0219i atenueaz\u0103...\" \/>\n<meta property=\"og:url\" content=\"https:\/\/shopatoa.com\/ro\/babyliss-pro-placa-de-par-profesionala-cu-ultrasunete-ultrasonic-cool-mist-bab2191sepe\/\" \/>\n<meta property=\"og:site_name\" content=\"SHOPATOA\" \/>\n<meta property=\"article:modified_time\" content=\"2025-12-11T16:15:54+00:00\" \/>\n<meta property=\"og:image\" content=\"https:\/\/storage.googleapis.com\/cz-shopatoa-img\/ro\/fae35964-unnamed-file.webp\" \/>\n\t<meta property=\"og:image:width\" content=\"800\" \/>\n\t<meta property=\"og:image:height\" content=\"800\" \/>\n\t<meta property=\"og:image:type\" content=\"image\/webp\" \/>\n<meta name=\"twitter:card\" content=\"summary_large_image\" \/>\n<meta name=\"twitter:label1\" content=\"Timp estimat pentru citire\" \/>\n\t<meta name=\"twitter:data1\" content=\"1 minut\" \/>\n<script type=\"application\/ld+json\" class=\"yoast-schema-graph\">{\"@context\":\"https:\\\/\\\/schema.org\",\"@graph\":[{\"@type\":\"WebPage\",\"@id\":\"https:\\\/\\\/shopatoa.com\\\/ro\\\/babyliss-pro-placa-de-par-profesionala-cu-ultrasunete-ultrasonic-cool-mist-bab2191sepe\\\/\",\"url\":\"https:\\\/\\\/shopatoa.com\\\/ro\\\/babyliss-pro-placa-de-par-profesionala-cu-ultrasunete-ultrasonic-cool-mist-bab2191sepe\\\/\",\"name\":\"BaByliss PRO Plac\u0103 de p\u0103r profesionala cu ultrasunete Ultrasonic Cool Mist BAB2191SEPE - SHOPATOA.COM\",\"isPartOf\":{\"@id\":\"https:\\\/\\\/shopatoa.com\\\/ro\\\/#website\"},\"primaryImageOfPage\":{\"@id\":\"https:\\\/\\\/shopatoa.com\\\/ro\\\/babyliss-pro-placa-de-par-profesionala-cu-ultrasunete-ultrasonic-cool-mist-bab2191sepe\\\/#primaryimage\"},\"image\":{\"@id\":\"https:\\\/\\\/shopatoa.com\\\/ro\\\/babyliss-pro-placa-de-par-profesionala-cu-ultrasunete-ultrasonic-cool-mist-bab2191sepe\\\/#primaryimage\"},\"thumbnailUrl\":\"https:\\\/\\\/storage.googleapis.com\\\/cz-shopatoa-img\\\/ro\\\/fae35964-unnamed-file.webp\",\"datePublished\":\"2025-04-30T18:15:31+00:00\",\"dateModified\":\"2025-12-11T16:15:54+00:00\",\"breadcrumb\":{\"@id\":\"https:\\\/\\\/shopatoa.com\\\/ro\\\/babyliss-pro-placa-de-par-profesionala-cu-ultrasunete-ultrasonic-cool-mist-bab2191sepe\\\/#breadcrumb\"},\"inLanguage\":\"ro-RO\",\"potentialAction\":[{\"@type\":\"ReadAction\",\"target\":[\"https:\\\/\\\/shopatoa.com\\\/ro\\\/babyliss-pro-placa-de-par-profesionala-cu-ultrasunete-ultrasonic-cool-mist-bab2191sepe\\\/\"]}]},{\"@type\":\"ImageObject\",\"inLanguage\":\"ro-RO\",\"@id\":\"https:\\\/\\\/shopatoa.com\\\/ro\\\/babyliss-pro-placa-de-par-profesionala-cu-ultrasunete-ultrasonic-cool-mist-bab2191sepe\\\/#primaryimage\",\"url\":\"https:\\\/\\\/storage.googleapis.com\\\/cz-shopatoa-img\\\/ro\\\/fae35964-unnamed-file.webp\",\"contentUrl\":\"https:\\\/\\\/storage.googleapis.com\\\/cz-shopatoa-img\\\/ro\\\/fae35964-unnamed-file.webp\",\"width\":800,\"height\":800},{\"@type\":\"BreadcrumbList\",\"@id\":\"https:\\\/\\\/shopatoa.com\\\/ro\\\/babyliss-pro-placa-de-par-profesionala-cu-ultrasunete-ultrasonic-cool-mist-bab2191sepe\\\/#breadcrumb\",\"itemListElement\":[{\"@type\":\"ListItem\",\"position\":1,\"name\":\"Dom\u016f\",\"item\":\"https:\\\/\\\/shopatoa.com\\\/ro\\\/\"},{\"@type\":\"ListItem\",\"position\":2,\"name\":\"Shop\",\"item\":\"https:\\\/\\\/shopatoa.com\\\/ro\\\/shop\\\/\"},{\"@type\":\"ListItem\",\"position\":3,\"name\":\"Cosmetice\",\"item\":\"https:\\\/\\\/shopatoa.com\\\/ro\\\/cosmetice\\\/\"},{\"@type\":\"ListItem\",\"position\":4,\"name\":\"Produse cosmetice pentru p\u0103r\",\"item\":\"https:\\\/\\\/shopatoa.com\\\/ro\\\/produse-cosmetice-pentru-par\\\/\"},{\"@type\":\"ListItem\",\"position\":5,\"name\":\"Produse, aparate \u0219i accesorii pentru p\u0103r\",\"item\":\"https:\\\/\\\/shopatoa.com\\\/ro\\\/produse-aparate-si-accesorii-pentru-par\\\/\"},{\"@type\":\"ListItem\",\"position\":6,\"name\":\"Plac\u0103 pentru p\u0103r\",\"item\":\"https:\\\/\\\/shopatoa.com\\\/ro\\\/placa-pentru-par\\\/\"},{\"@type\":\"ListItem\",\"position\":7,\"name\":\"BaByliss PRO Plac\u0103 de p\u0103r profesionala cu ultrasunete Ultrasonic Cool Mist BAB2191SEPE\"}]},{\"@type\":\"WebSite\",\"@id\":\"https:\\\/\\\/shopatoa.com\\\/ro\\\/#website\",\"url\":\"https:\\\/\\\/shopatoa.com\\\/ro\\\/\",\"name\":\"SHOPATOA\",\"description\":\"\",\"publisher\":{\"@id\":\"https:\\\/\\\/shopatoa.com\\\/ro\\\/#organization\"},\"potentialAction\":[{\"@type\":\"SearchAction\",\"target\":{\"@type\":\"EntryPoint\",\"urlTemplate\":\"https:\\\/\\\/shopatoa.com\\\/ro\\\/?s={search_term_string}\"},\"query-input\":{\"@type\":\"PropertyValueSpecification\",\"valueRequired\":true,\"valueName\":\"search_term_string\"}}],\"inLanguage\":\"ro-RO\"},{\"@type\":\"Organization\",\"@id\":\"https:\\\/\\\/shopatoa.com\\\/ro\\\/#organization\",\"name\":\"SHOPATOA\",\"url\":\"https:\\\/\\\/shopatoa.com\\\/ro\\\/\",\"logo\":{\"@type\":\"ImageObject\",\"inLanguage\":\"ro-RO\",\"@id\":\"https:\\\/\\\/shopatoa.com\\\/ro\\\/#\\\/schema\\\/logo\\\/image\\\/\",\"url\":\"https:\\\/\\\/storage.googleapis.com\\\/cz-shopatoa-img\\\/ro\\\/b4dac915-shopatoa_logo.png\",\"contentUrl\":\"https:\\\/\\\/storage.googleapis.com\\\/cz-shopatoa-img\\\/ro\\\/b4dac915-shopatoa_logo.png\",\"width\":416,\"height\":63,\"caption\":\"SHOPATOA\"},\"image\":{\"@id\":\"https:\\\/\\\/shopatoa.com\\\/ro\\\/#\\\/schema\\\/logo\\\/image\\\/\"}}]}<\/script>\n<!-- \/ Yoast SEO plugin. -->","yoast_head_json":{"title":"BaByliss PRO Plac\u0103 de p\u0103r profesionala cu ultrasunete Ultrasonic Cool Mist BAB2191SEPE - SHOPATOA.COM","robots":{"index":"index","follow":"follow","max-snippet":"max-snippet:-1","max-image-preview":"max-image-preview:large","max-video-preview":"max-video-preview:-1"},"canonical":"https:\/\/shopatoa.com\/ro\/babyliss-pro-placa-de-par-profesionala-cu-ultrasunete-ultrasonic-cool-mist-bab2191sepe\/","og_locale":"ro_RO","og_type":"article","og_title":"BaByliss PRO Plac\u0103 de p\u0103r profesionala cu ultrasunete Ultrasonic Cool Mist BAB2191SEPE - SHOPATOA.COM","og_description":"O plac\u0103 de p\u0103r cu adev\u0103rat bl\u00e2nd\u0103! O plac\u0103 de \u00eendreptat p\u0103rul unic\u0103 cu tehnologie unic\u0103 cu ultrasunete care reduce impactul temperaturilor ridicate asupra p\u0103rului dvs. Tehnologie cu ultrasunete Aceast\u0103 tehnologie transform\u0103 apa \u00een micro-abur rece care confer\u0103 p\u0103rului str\u0103lucire \u0219i hidratare. Micro-aburul rece este distribuit simetric de-a lungul canalului central dintre pl\u0103ci \u0219i atenueaz\u0103...","og_url":"https:\/\/shopatoa.com\/ro\/babyliss-pro-placa-de-par-profesionala-cu-ultrasunete-ultrasonic-cool-mist-bab2191sepe\/","og_site_name":"SHOPATOA","article_modified_time":"2025-12-11T16:15:54+00:00","og_image":[{"width":800,"height":800,"url":"https:\/\/storage.googleapis.com\/cz-shopatoa-img\/ro\/fae35964-unnamed-file.webp","type":"image\/webp"}],"twitter_card":"summary_large_image","twitter_misc":{"Timp estimat pentru citire":"1 minut"},"schema":{"@context":"https:\/\/schema.org","@graph":[{"@type":"WebPage","@id":"https:\/\/shopatoa.com\/ro\/babyliss-pro-placa-de-par-profesionala-cu-ultrasunete-ultrasonic-cool-mist-bab2191sepe\/","url":"https:\/\/shopatoa.com\/ro\/babyliss-pro-placa-de-par-profesionala-cu-ultrasunete-ultrasonic-cool-mist-bab2191sepe\/","name":"BaByliss PRO Plac\u0103 de p\u0103r profesionala cu ultrasunete Ultrasonic Cool Mist BAB2191SEPE - SHOPATOA.COM","isPartOf":{"@id":"https:\/\/shopatoa.com\/ro\/#website"},"primaryImageOfPage":{"@id":"https:\/\/shopatoa.com\/ro\/babyliss-pro-placa-de-par-profesionala-cu-ultrasunete-ultrasonic-cool-mist-bab2191sepe\/#primaryimage"},"image":{"@id":"https:\/\/shopatoa.com\/ro\/babyliss-pro-placa-de-par-profesionala-cu-ultrasunete-ultrasonic-cool-mist-bab2191sepe\/#primaryimage"},"thumbnailUrl":"https:\/\/storage.googleapis.com\/cz-shopatoa-img\/ro\/fae35964-unnamed-file.webp","datePublished":"2025-04-30T18:15:31+00:00","dateModified":"2025-12-11T16:15:54+00:00","breadcrumb":{"@id":"https:\/\/shopatoa.com\/ro\/babyliss-pro-placa-de-par-profesionala-cu-ultrasunete-ultrasonic-cool-mist-bab2191sepe\/#breadcrumb"},"inLanguage":"ro-RO","potentialAction":[{"@type":"ReadAction","target":["https:\/\/shopatoa.com\/ro\/babyliss-pro-placa-de-par-profesionala-cu-ultrasunete-ultrasonic-cool-mist-bab2191sepe\/"]}]},{"@type":"ImageObject","inLanguage":"ro-RO","@id":"https:\/\/shopatoa.com\/ro\/babyliss-pro-placa-de-par-profesionala-cu-ultrasunete-ultrasonic-cool-mist-bab2191sepe\/#primaryimage","url":"https:\/\/storage.googleapis.com\/cz-shopatoa-img\/ro\/fae35964-unnamed-file.webp","contentUrl":"https:\/\/storage.googleapis.com\/cz-shopatoa-img\/ro\/fae35964-unnamed-file.webp","width":800,"height":800},{"@type":"BreadcrumbList","@id":"https:\/\/shopatoa.com\/ro\/babyliss-pro-placa-de-par-profesionala-cu-ultrasunete-ultrasonic-cool-mist-bab2191sepe\/#breadcrumb","itemListElement":[{"@type":"ListItem","position":1,"name":"Dom\u016f","item":"https:\/\/shopatoa.com\/ro\/"},{"@type":"ListItem","position":2,"name":"Shop","item":"https:\/\/shopatoa.com\/ro\/shop\/"},{"@type":"ListItem","position":3,"name":"Cosmetice","item":"https:\/\/shopatoa.com\/ro\/cosmetice\/"},{"@type":"ListItem","position":4,"name":"Produse cosmetice pentru p\u0103r","item":"https:\/\/shopatoa.com\/ro\/produse-cosmetice-pentru-par\/"},{"@type":"ListItem","position":5,"name":"Produse, aparate \u0219i accesorii pentru p\u0103r","item":"https:\/\/shopatoa.com\/ro\/produse-aparate-si-accesorii-pentru-par\/"},{"@type":"ListItem","position":6,"name":"Plac\u0103 pentru p\u0103r","item":"https:\/\/shopatoa.com\/ro\/placa-pentru-par\/"},{"@type":"ListItem","position":7,"name":"BaByliss PRO Plac\u0103 de p\u0103r profesionala cu ultrasunete Ultrasonic Cool Mist BAB2191SEPE"}]},{"@type":"WebSite","@id":"https:\/\/shopatoa.com\/ro\/#website","url":"https:\/\/shopatoa.com\/ro\/","name":"SHOPATOA","description":"","publisher":{"@id":"https:\/\/shopatoa.com\/ro\/#organization"},"potentialAction":[{"@type":"SearchAction","target":{"@type":"EntryPoint","urlTemplate":"https:\/\/shopatoa.com\/ro\/?s={search_term_string}"},"query-input":{"@type":"PropertyValueSpecification","valueRequired":true,"valueName":"search_term_string"}}],"inLanguage":"ro-RO"},{"@type":"Organization","@id":"https:\/\/shopatoa.com\/ro\/#organization","name":"SHOPATOA","url":"https:\/\/shopatoa.com\/ro\/","logo":{"@type":"ImageObject","inLanguage":"ro-RO","@id":"https:\/\/shopatoa.com\/ro\/#\/schema\/logo\/image\/","url":"https:\/\/storage.googleapis.com\/cz-shopatoa-img\/ro\/b4dac915-shopatoa_logo.png","contentUrl":"https:\/\/storage.googleapis.com\/cz-shopatoa-img\/ro\/b4dac915-shopatoa_logo.png","width":416,"height":63,"caption":"SHOPATOA"},"image":{"@id":"https:\/\/shopatoa.com\/ro\/#\/schema\/logo\/image\/"}}]}},"_links":{"self":[{"href":"https:\/\/shopatoa.com\/ro\/wp-json\/wp\/v2\/product\/281342","targetHints":{"allow":["GET"]}}],"collection":[{"href":"https:\/\/shopatoa.com\/ro\/wp-json\/wp\/v2\/product"}],"about":[{"href":"https:\/\/shopatoa.com\/ro\/wp-json\/wp\/v2\/types\/product"}],"replies":[{"embeddable":true,"href":"https:\/\/shopatoa.com\/ro\/wp-json\/wp\/v2\/comments?post=281342"}],"wp:featuredmedia":[{"embeddable":true,"href":"https:\/\/shopatoa.com\/ro\/wp-json\/wp\/v2\/media\/281344"}],"wp:attachment":[{"href":"https:\/\/shopatoa.com\/ro\/wp-json\/wp\/v2\/media?parent=281342"}],"wp:term":[{"taxonomy":"product_brand","embeddable":true,"href":"https:\/\/shopatoa.com\/ro\/wp-json\/wp\/v2\/product_brand?post=281342"},{"taxonomy":"product_cat","embeddable":true,"href":"https:\/\/shopatoa.com\/ro\/wp-json\/wp\/v2\/product_cat?post=281342"},{"taxonomy":"product_tag","embeddable":true,"href":"https:\/\/shopatoa.com\/ro\/wp-json\/wp\/v2\/product_tag?post=281342"}],"curies":[{"name":"wp","href":"https:\/\/api.w.org\/{rel}","templated":true}]}}